{"id":13708,"date":"2023-03-10T09:16:03","date_gmt":"2023-03-10T09:16:03","guid":{"rendered":"https:\/\/www.vonin.com\/?post_type=product&#038;p=13708"},"modified":"2023-03-10T10:54:40","modified_gmt":"2023-03-10T10:54:40","slug":"snurrevad","status":"publish","type":"product","link":"https:\/\/www.vonin.com\/no\/product\/snurrevad\/","title":{"rendered":"Snurrevad"},"content":{"rendered":"\n<div class=\"wp-block-cover alignfull\" style=\"min-height:750px;aspect-ratio:unset;\"><span aria-hidden=\"true\" class=\"wp-block-cover__background has-background-dim-30 has-background-dim\"><\/span><img loading=\"lazy\" decoding=\"async\" width=\"2560\" height=\"1788\" class=\"wp-block-cover__image-background wp-image-13712\" alt=\"\" src=\"https:\/\/www.vonin.com\/wp-content\/uploads\/2023\/03\/Sulehav-367-ny.jpg\" style=\"object-position:53% 90%\" data-object-fit=\"cover\" data-object-position=\"53% 90%\" srcset=\"https:\/\/www.vonin.com\/wp-content\/uploads\/2023\/03\/Sulehav-367-ny.jpg 2560w, https:\/\/www.vonin.com\/wp-content\/uploads\/2023\/03\/Sulehav-367-ny-800x559.jpg 800w, https:\/\/www.vonin.com\/wp-content\/uploads\/2023\/03\/Sulehav-367-ny-1600x1118.jpg 1600w, https:\/\/www.vonin.com\/wp-content\/uploads\/2023\/03\/Sulehav-367-ny-768x536.jpg 768w, https:\/\/www.vonin.com\/wp-content\/uploads\/2023\/03\/Sulehav-367-ny-200x140.jpg 200w, https:\/\/www.vonin.com\/wp-content\/uploads\/2023\/03\/Sulehav-367-ny-1536x1073.jpg 1536w, https:\/\/www.vonin.com\/wp-content\/uploads\/2023\/03\/Sulehav-367-ny-2048x1430.jpg 2048w\" sizes=\"auto, (max-width: 2560px) 100vw, 2560px\" \/><div class=\"wp-block-cover__inner-container is-layout-flow wp-block-cover-is-layout-flow\">\n<h2 class=\"has-text-align-center has-large-font-size wp-block-heading\"><mark style=\"background-color:rgba(0, 0, 0, 0)\" class=\"has-inline-color has-white-color\">Snurrevad<\/mark><\/h2>\n\n\n\n<h3 class=\"has-text-align-center wp-block-heading\">Med fiske ferdigheter<\/h3>\n<\/div><\/div>\n\n\n\n<div style=\"height:60px\" aria-hidden=\"true\" class=\"wp-block-spacer\"><\/div>\n\n\n\n<h2 class=\"wp-block-heading\">Styrke, letthet og effektivitet i hver kast<\/h2>\n\n\n\n<p>V\u00e5re snurrevad er designet for \u00e5 &nbsp;v\u00e6re sterke &nbsp;og holdbare, men likevel lette og enkle \u00e5 kaste og h\u00e5ndtere. N\u00f8tene er laget av h\u00f8ykvalitets materiale og er designet og producert for \u00e5 vare.<\/p>\n\n\n\n<div style=\"height:30px\" aria-hidden=\"true\" class=\"wp-block-spacer\"><\/div>\n\n\n\n<div class=\"wp-block-media-text alignfull is-stacked-on-mobile has-white-background-color has-background\"><figure class=\"wp-block-media-text__media\"><img loading=\"lazy\" decoding=\"async\" width=\"1600\" height=\"1200\" src=\"https:\/\/www.vonin.com\/wp-content\/uploads\/2023\/03\/DJI_0092-1600x1200.jpg\" alt=\"\" class=\"wp-image-13739 size-full\" srcset=\"https:\/\/www.vonin.com\/wp-content\/uploads\/2023\/03\/DJI_0092-1600x1200.jpg 1600w, https:\/\/www.vonin.com\/wp-content\/uploads\/2023\/03\/DJI_0092-800x600.jpg 800w, https:\/\/www.vonin.com\/wp-content\/uploads\/2023\/03\/DJI_0092-768x576.jpg 768w, https:\/\/www.vonin.com\/wp-content\/uploads\/2023\/03\/DJI_0092-200x150.jpg 200w, https:\/\/www.vonin.com\/wp-content\/uploads\/2023\/03\/DJI_0092-1536x1152.jpg 1536w, https:\/\/www.vonin.com\/wp-content\/uploads\/2023\/03\/DJI_0092-2048x1536.jpg 2048w\" sizes=\"auto, (max-width: 1600px) 100vw, 1600px\" \/><\/figure><div class=\"wp-block-media-text__content\">\n<blockquote class=\"wp-block-quote is-layout-flow wp-block-quote-is-layout-flow\">\n<h3 class=\"has-text-align-left wp-block-heading\">Lette og taue med<\/h3>\n\n\n\n<h3 class=\"has-text-align-left wp-block-heading\">Lette og jobbe med<\/h3>\n\n\n\n<h3 class=\"has-text-align-left wp-block-heading\">Gode fiskeegenskaber<\/h3>\n<\/blockquote>\n<\/div><\/div>\n\n\n\n<div style=\"height:60px\" aria-hidden=\"true\" class=\"wp-block-spacer\"><\/div>\n\n\n\n<p>V\u00e5re snurrevader er en god investering for alle fiskere, som leter etter en effektiv og p\u00e5litelig not. Den avanserte konstruksjonen og materialene, som brukes i&nbsp; snurrevaden v\u00e5r gir et enest\u00e5ende&nbsp; ytelsesniv\u00e5, slik at du kan trekke opp store fangster.<\/p>\n\n\n\n<div style=\"height:30px\" aria-hidden=\"true\" class=\"wp-block-spacer\"><\/div>\n\n\n\n<h3 class=\"wp-block-heading\">St\u00f8rrelser<\/h3>\n\n\n\n<figure class=\"wp-block-table alignwide\"><table><thead><tr><th class=\"has-text-align-center\" data-align=\"center\"><strong>Modell<\/strong><\/th><th class=\"has-text-align-center\" data-align=\"center\"><strong>St\u00f8rrelse<\/strong><\/th><th class=\"has-text-align-center\" data-align=\"center\"><strong>M\u00e5lrettede arter<\/strong><\/th><\/tr><\/thead><tbody><tr><td class=\"has-text-align-center\" data-align=\"center\">Refa Finnsnes<\/td><td class=\"has-text-align-center\" data-align=\"center\">129 #<\/td><td class=\"has-text-align-center\" data-align=\"center\">Torsk<\/td><\/tr><tr><td class=\"has-text-align-center\" data-align=\"center\">Refa Finnsnes<\/td><td class=\"has-text-align-center\" data-align=\"center\">150 #<\/td><td class=\"has-text-align-center\" data-align=\"center\">Torsk<\/td><\/tr><tr><td class=\"has-text-align-center\" data-align=\"center\">Refa Finnsnes<\/td><td class=\"has-text-align-center\" data-align=\"center\">180 #<\/td><td class=\"has-text-align-center\" data-align=\"center\">Torsk<\/td><\/tr><tr><td class=\"has-text-align-center\" data-align=\"center\">Refa Finnsnes<\/td><td class=\"has-text-align-center\" data-align=\"center\">210 #<\/td><td class=\"has-text-align-center\" data-align=\"center\">Torsk<\/td><\/tr><tr><td class=\"has-text-align-center\" data-align=\"center\">Refa Finnsnes<\/td><td class=\"has-text-align-center\" data-align=\"center\">223 #<\/td><td class=\"has-text-align-center\" data-align=\"center\">Torsk<\/td><\/tr><tr><td class=\"has-text-align-center\" data-align=\"center\">Refa Finnsnes<\/td><td class=\"has-text-align-center\" data-align=\"center\">1070 #<\/td><td class=\"has-text-align-center\" data-align=\"center\">Sei og Hyse<\/td><\/tr><tr><td class=\"has-text-align-center\" data-align=\"center\">Refa Finnsnes<\/td><td class=\"has-text-align-center\" data-align=\"center\">1070# long wing<\/td><td class=\"has-text-align-center\" data-align=\"center\">Torsk og Hyse<\/td><\/tr><\/tbody><\/table><\/figure>\n\n\n\n<div style=\"height:30px\" aria-hidden=\"true\" class=\"wp-block-spacer\"><\/div>\n\n\n\n<div style=\"height:60px\" aria-hidden=\"true\" class=\"wp-block-spacer\"><\/div>\n\n\n\n<h2 class=\"wp-block-heading\">I samarbeid med Nords\u00f8 Trawl<\/h2>\n\n\n\n<p>V\u00f3nin Refa og danske Nords\u00f8 Trawl har inng\u00e5tt et samarbeid om levering av snurrevad i det norske markedet. &nbsp;Nords\u00f8 Trawl har lang erfaring og er spesialister p\u00e5 produksjon av snurrevad av h\u00f8y kvalitet<\/p>\n\n\n\n<div style=\"height:30px\" aria-hidden=\"true\" class=\"wp-block-spacer\"><\/div>\n\n\n\n<div class=\"wp-block-columns is-layout-flex wp-container-core-columns-is-layout-9d6595d7 wp-block-columns-is-layout-flex\">\n<div class=\"wp-block-column is-layout-flow wp-block-column-is-layout-flow\">\n<figure class=\"wp-block-image size-full\"><img loading=\"lazy\" decoding=\"async\" width=\"960\" height=\"600\" src=\"https:\/\/www.vonin.com\/wp-content\/uploads\/2023\/03\/330757280_1257626138122523_7294031217690694075_n-edited-1.jpg\" alt=\"\" class=\"wp-image-13751\" srcset=\"https:\/\/www.vonin.com\/wp-content\/uploads\/2023\/03\/330757280_1257626138122523_7294031217690694075_n-edited-1.jpg 960w, https:\/\/www.vonin.com\/wp-content\/uploads\/2023\/03\/330757280_1257626138122523_7294031217690694075_n-edited-1-800x500.jpg 800w, https:\/\/www.vonin.com\/wp-content\/uploads\/2023\/03\/330757280_1257626138122523_7294031217690694075_n-edited-1-768x480.jpg 768w, https:\/\/www.vonin.com\/wp-content\/uploads\/2023\/03\/330757280_1257626138122523_7294031217690694075_n-edited-1-200x125.jpg 200w\" sizes=\"auto, (max-width: 960px) 100vw, 960px\" \/><\/figure>\n<\/div>\n\n\n\n<div class=\"wp-block-column is-layout-flow wp-block-column-is-layout-flow\">\n<figure class=\"wp-block-image size-full\"><img loading=\"lazy\" decoding=\"async\" width=\"960\" height=\"600\" src=\"https:\/\/www.vonin.com\/wp-content\/uploads\/2023\/03\/330457362_761453718482527_7194155453969448667_n-edited-1.jpg\" alt=\"\" class=\"wp-image-13754\" srcset=\"https:\/\/www.vonin.com\/wp-content\/uploads\/2023\/03\/330457362_761453718482527_7194155453969448667_n-edited-1.jpg 960w, https:\/\/www.vonin.com\/wp-content\/uploads\/2023\/03\/330457362_761453718482527_7194155453969448667_n-edited-1-800x500.jpg 800w, https:\/\/www.vonin.com\/wp-content\/uploads\/2023\/03\/330457362_761453718482527_7194155453969448667_n-edited-1-768x480.jpg 768w, https:\/\/www.vonin.com\/wp-content\/uploads\/2023\/03\/330457362_761453718482527_7194155453969448667_n-edited-1-200x125.jpg 200w\" sizes=\"auto, (max-width: 960px) 100vw, 960px\" \/><\/figure>\n<\/div>\n<\/div>\n\n\n\n<div class=\"wp-block-columns is-layout-flex wp-container-core-columns-is-layout-9d6595d7 wp-block-columns-is-layout-flex\">\n<div class=\"wp-block-column is-layout-flow wp-block-column-is-layout-flow\">\n<figure class=\"wp-block-image size-full\"><img loading=\"lazy\" decoding=\"async\" width=\"720\" height=\"960\" src=\"https:\/\/www.vonin.com\/wp-content\/uploads\/2023\/03\/328543728_729388865261910_1320994860098671816_n.jpg\" alt=\"\" class=\"wp-image-13716\" srcset=\"https:\/\/www.vonin.com\/wp-content\/uploads\/2023\/03\/328543728_729388865261910_1320994860098671816_n.jpg 720w, https:\/\/www.vonin.com\/wp-content\/uploads\/2023\/03\/328543728_729388865261910_1320994860098671816_n-600x800.jpg 600w, https:\/\/www.vonin.com\/wp-content\/uploads\/2023\/03\/328543728_729388865261910_1320994860098671816_n-150x200.jpg 150w\" sizes=\"auto, (max-width: 720px) 100vw, 720px\" \/><\/figure>\n<\/div>\n\n\n\n<div class=\"wp-block-column is-layout-flow wp-block-column-is-layout-flow\">\n<figure class=\"wp-block-image size-large\"><img loading=\"lazy\" decoding=\"async\" width=\"1707\" height=\"2276\" src=\"https:\/\/www.vonin.com\/wp-content\/uploads\/2023\/03\/SON03224-edited.jpg\" alt=\"\" class=\"wp-image-13745\" srcset=\"https:\/\/www.vonin.com\/wp-content\/uploads\/2023\/03\/SON03224-edited.jpg 1707w, https:\/\/www.vonin.com\/wp-content\/uploads\/2023\/03\/SON03224-edited-600x800.jpg 600w, https:\/\/www.vonin.com\/wp-content\/uploads\/2023\/03\/SON03224-edited-1200x1600.jpg 1200w, https:\/\/www.vonin.com\/wp-content\/uploads\/2023\/03\/SON03224-edited-768x1024.jpg 768w, https:\/\/www.vonin.com\/wp-content\/uploads\/2023\/03\/SON03224-edited-150x200.jpg 150w, https:\/\/www.vonin.com\/wp-content\/uploads\/2023\/03\/SON03224-edited-1152x1536.jpg 1152w, https:\/\/www.vonin.com\/wp-content\/uploads\/2023\/03\/SON03224-edited-1536x2048.jpg 1536w\" sizes=\"auto, (max-width: 1707px) 100vw, 1707px\" \/><\/figure>\n<\/div>\n\n\n\n<div class=\"wp-block-column is-layout-flow wp-block-column-is-layout-flow\">\n<figure class=\"wp-block-image size-full\"><img loading=\"lazy\" decoding=\"async\" width=\"720\" height=\"960\" src=\"https:\/\/www.vonin.com\/wp-content\/uploads\/2023\/03\/334673414_9044492658955318_4246944601278683082_n.jpg\" alt=\"\" class=\"wp-image-13722\" srcset=\"https:\/\/www.vonin.com\/wp-content\/uploads\/2023\/03\/334673414_9044492658955318_4246944601278683082_n.jpg 720w, https:\/\/www.vonin.com\/wp-content\/uploads\/2023\/03\/334673414_9044492658955318_4246944601278683082_n-600x800.jpg 600w, https:\/\/www.vonin.com\/wp-content\/uploads\/2023\/03\/334673414_9044492658955318_4246944601278683082_n-150x200.jpg 150w\" sizes=\"auto, (max-width: 720px) 100vw, 720px\" \/><\/figure>\n<\/div>\n<\/div>\n\n\n\n<div style=\"height:60px\" aria-hidden=\"true\" class=\"wp-block-spacer\"><\/div>\n\n\n\n<hr class=\"wp-block-separator has-css-opacity is-style-wide\"\/>\n\n\n\n<h2 class=\"wp-block-heading\">Salgsteam<\/h2>\n\n\n\n<div style=\"height:30px\" aria-hidden=\"true\" class=\"wp-block-spacer\"><\/div>\n\n\n\n<script>\n    employeeBlockData['employees-block_631a9ed67be2dbd79218224b2125e4d1'] = '[{\"title\":\"Fritz-Erik Hallangen\",\"job_title\":\"Selger - Kyst \\\/ Snurrevad\",\"phone\":\"+47 95 45 49 90\",\"email\":\"frits.hallangen@refa.no\",\"permalink\":\"https:\\\/\\\/www.vonin.com\\\/no\\\/contacts\\\/fritz-erik-hallangen\\\/\",\"post_id\":12057,\"thumbnail_id\":13166,\"image\":\"https:\\\/\\\/www.vonin.com\\\/wp-content\\\/uploads\\\/2021\\\/03\\\/Fritz-Erik-Hallanger-1-800x533.jpg\",\"image_width\":800,\"image_height\":533,\"focal_points\":\"47.5070% 2.3109%\"}]';\n<\/script>\n\n\n<div id=\"employees-block_631a9ed67be2dbd79218224b2125e4d1\" class=\"beak-employees\">\n    \n            <div class=\"employee-message-modal--tint\" v-if=\"selectedEmployee\" :class=\"{ 'is-visible': selectedEmployee }\"><\/div>\n<div class=\"employee-message-modal\" v-if=\"selectedEmployee\" :class=\"{ 'is-visible': selectedEmployee }\">\n    <div class=\"employee-message--content\">\n        <a href=\"#\" @click.prevent=\"toggleModal(null)\" class=\"emp-modal-close\"><img decoding=\"async\" src=\"https:\/\/www.vonin.com\/wp-content\/themes\/beak-vonin\/images\/icon-plus.svg\" class=\"injectable\" \/><\/a>\n        <h3 v-if=\"selectedEmployee\">Send e-post til:<br \/> <b>{{selectedEmployee.title}}<\/b><\/h3>\n\n        <div class=\"form-errors\" v-if=\"formErrors &#038;&#038; formErrors.length &#62; 0\">\n            <ul>\n                <li v-for=\"error in formErrors\">{{error}}<\/li>\n            <\/ul>\n        <\/div>\n\n        <p v-if=\"formSent\"><b>Din melding har blitt sendt.<\/b><\/p>\n\n        <div v-if=\"!formSent\">\n            <div class=\"form-input\">\n                <label>Navn<span class=\"required\">*<\/span><\/label>\n                <input type=\"text\" v-model=\"sendEmailForm.name\" \/>\n            <\/div>\n\n            <div class=\"form-input\">\n                <label>Selskap<span class=\"required\">*<\/span><\/label>\n                <input type=\"text\" v-model=\"sendEmailForm.company\" \/>\n            <\/div>\n\n            <div class=\"form-input\">\n                <label>E-post<span class=\"required\">*<\/span><\/label>\n                <input type=\"email\" v-model=\"sendEmailForm.email\" \/>\n            <\/div>\n\n            <div class=\"form-input\">\n                <label>Telefon<span class=\"required\">*<\/span><\/label>\n                <input type=\"text\" v-model=\"sendEmailForm.phone\" \/>\n            <\/div>\n\n            <div class=\"form-input\">\n                <label>Beskjed<span class=\"required\">*<\/span><\/label>\n                <textarea type=\"text\" v-model=\"sendEmailForm.message\"><\/textarea>\n            <\/div>\n\n            <input type=\"hidden\" v-model=\"sendEmailForm.formLumpari\" \/>\n\n            <button @click=\"sendMessage()\" :class=\"{ disabled: formPosting || (formSubmitted &#038;&#038; !formIsValid) }\">Send<\/button>\n        <\/div>\n    <\/div>\n<\/div>    \n            <div class=\"employee-cards single\" v-if=\"people\">\n            <div v-for=\"(employee, index) in people\" class=\"employee-card swiper-slide\">\n    <div v-if=\"employee.image\" class=\"employee-card--content-image\">\n        <img v-if=\"employee.image\" :src=\"employee.image\" alt=\"\" :width=\"employee.image_width\" :height=\"employee.image_height\" :style=\"`object-position: ${employee.focal_points}`\" \/>\n    <\/div>\n\n    <div class=\"employee-card--content-text\">\n        <div v-if=\"employee.title\" class=\"employee-name\">{{ employee.title }}<\/div>\n\n        <div v-if=\"employee.people_locations?.length\" class=\"employee-location\">{{ getLocations(employee) }}<\/div>\n\n        <div v-if=\"employee.job_title\" class=\"employee-title\">{{ employee.job_title }}<\/div>\n\n        <div class=\"employee-contact\">\n            <div v-if=\"employee.phone\" class=\"employee-contact--item employee-contact--phone\">\n                <span>Telefon:<\/span>\n\n                <a :href=\"'tel:'+employee.phone\">{{ employee.phone }}<\/a>\n            <\/div>\n\n            <a href=\"#\" @click.prevent=\"toggleModal(employee)\" class=\"employee-send-email\">Send e-post<\/a>\n        <\/div>\n    <\/div>\n<\/div>        <\/div>\n    <\/div>\n\n\n<div style=\"height:60px\" aria-hidden=\"true\" class=\"wp-block-spacer\"><\/div>\n\n\n<div id=\"breadcrumbs-block_4a7f9aca469108abcc4c56a801efbdb4\" class=\"lunnar-breadcrumbs\">\n    \n    <p id=\"breadcrumbs\"><span><span><a href=\"https:\/\/www.vonin.com\/no\/\">V\u00f3nin<\/a><\/span><\/span><\/p>    \n<\/div>\n","protected":false},"excerpt":{"rendered":"<p>V\u00e5re snurrevad er designet for \u00e5 \u00a0v\u00e6re sterke \u00a0og holdbare, men likevel lette og enkle \u00e5 kaste og h\u00e5ndtere. <\/p>\n","protected":false},"featured_media":13712,"parent":0,"template":"","tags":[],"product_categories":[],"class_list":["post-13708","product","type-product","status-publish","has-post-thumbnail","hentry"],"acf":[],"yoast_head":"<!-- This site is optimized with the Yoast SEO plugin v27.4 - https:\/\/yoast.com\/product\/yoast-seo-wordpress\/ -->\n<title>Snurrevad - V\u00f3nin<\/title>\n<meta name=\"robots\" content=\"index, follow, max-snippet:-1, max-image-preview:large, max-video-preview:-1\" \/>\n<link rel=\"canonical\" href=\"https:\/\/www.vonin.com\/no\/product\/snurrevad\/\" \/>\n<meta property=\"og:locale\" content=\"nb_NO\" \/>\n<meta property=\"og:type\" content=\"article\" \/>\n<meta property=\"og:title\" content=\"Snurrevad - V\u00f3nin\" \/>\n<meta property=\"og:description\" content=\"V\u00e5re snurrevad er designet for \u00e5 \u00a0v\u00e6re sterke \u00a0og holdbare, men likevel lette og enkle \u00e5 kaste og h\u00e5ndtere.\" \/>\n<meta property=\"og:url\" content=\"https:\/\/www.vonin.com\/no\/product\/snurrevad\/\" \/>\n<meta property=\"og:site_name\" content=\"V\u00f3nin\" \/>\n<meta property=\"article:modified_time\" content=\"2023-03-10T10:54:40+00:00\" \/>\n<meta property=\"og:image\" content=\"https:\/\/www.vonin.com\/wp-content\/uploads\/2023\/03\/Sulehav-367-ny.jpg\" \/>\n\t<meta property=\"og:image:width\" content=\"2560\" \/>\n\t<meta property=\"og:image:height\" content=\"1788\" \/>\n\t<meta property=\"og:image:type\" content=\"image\/jpeg\" \/>\n<meta name=\"twitter:card\" content=\"summary_large_image\" \/>\n<meta name=\"twitter:label1\" content=\"Ansl. lesetid\" \/>\n\t<meta name=\"twitter:data1\" content=\"3 minutter\" \/>\n<script type=\"application\/ld+json\" class=\"yoast-schema-graph\">{\"@context\":\"https:\\\/\\\/schema.org\",\"@graph\":[{\"@type\":\"WebPage\",\"@id\":\"https:\\\/\\\/www.vonin.com\\\/no\\\/product\\\/snurrevad\\\/\",\"url\":\"https:\\\/\\\/www.vonin.com\\\/no\\\/product\\\/snurrevad\\\/\",\"name\":\"Snurrevad - V\u00f3nin\",\"isPartOf\":{\"@id\":\"https:\\\/\\\/www.vonin.com\\\/#website\"},\"primaryImageOfPage\":{\"@id\":\"https:\\\/\\\/www.vonin.com\\\/no\\\/product\\\/snurrevad\\\/#primaryimage\"},\"image\":{\"@id\":\"https:\\\/\\\/www.vonin.com\\\/no\\\/product\\\/snurrevad\\\/#primaryimage\"},\"thumbnailUrl\":\"https:\\\/\\\/www.vonin.com\\\/wp-content\\\/uploads\\\/2023\\\/03\\\/Sulehav-367-ny.jpg\",\"datePublished\":\"2023-03-10T09:16:03+00:00\",\"dateModified\":\"2023-03-10T10:54:40+00:00\",\"breadcrumb\":{\"@id\":\"https:\\\/\\\/www.vonin.com\\\/no\\\/product\\\/snurrevad\\\/#breadcrumb\"},\"inLanguage\":\"nb-NO\",\"potentialAction\":[{\"@type\":\"ReadAction\",\"target\":[\"https:\\\/\\\/www.vonin.com\\\/no\\\/product\\\/snurrevad\\\/\"]}]},{\"@type\":\"ImageObject\",\"inLanguage\":\"nb-NO\",\"@id\":\"https:\\\/\\\/www.vonin.com\\\/no\\\/product\\\/snurrevad\\\/#primaryimage\",\"url\":\"https:\\\/\\\/www.vonin.com\\\/wp-content\\\/uploads\\\/2023\\\/03\\\/Sulehav-367-ny.jpg\",\"contentUrl\":\"https:\\\/\\\/www.vonin.com\\\/wp-content\\\/uploads\\\/2023\\\/03\\\/Sulehav-367-ny.jpg\",\"width\":2560,\"height\":1788},{\"@type\":\"BreadcrumbList\",\"@id\":\"https:\\\/\\\/www.vonin.com\\\/no\\\/product\\\/snurrevad\\\/#breadcrumb\",\"itemListElement\":[{\"@type\":\"ListItem\",\"position\":1,\"name\":\"V\u00f3nin\",\"item\":\"https:\\\/\\\/www.vonin.com\\\/no\\\/\"},{\"@type\":\"ListItem\",\"position\":2,\"name\":\"V\u00f8rur\",\"item\":\"https:\\\/\\\/www.vonin.com\\\/product\\\/\"},{\"@type\":\"ListItem\",\"position\":3,\"name\":\"Snurrevad\"}]},{\"@type\":\"WebSite\",\"@id\":\"https:\\\/\\\/www.vonin.com\\\/#website\",\"url\":\"https:\\\/\\\/www.vonin.com\\\/\",\"name\":\"V\u00f3nin\",\"description\":\"V\u00f3nin is a major developer and manufacturer of high quality fishing gear and aquaculture equipment as well as supplying equipment to the offshore industry and land based industry.\",\"potentialAction\":[{\"@type\":\"SearchAction\",\"target\":{\"@type\":\"EntryPoint\",\"urlTemplate\":\"https:\\\/\\\/www.vonin.com\\\/?s={search_term_string}\"},\"query-input\":{\"@type\":\"PropertyValueSpecification\",\"valueRequired\":true,\"valueName\":\"search_term_string\"}}],\"inLanguage\":\"nb-NO\"}]}<\/script>\n<!-- \/ Yoast SEO plugin. -->","yoast_head_json":{"title":"Snurrevad - V\u00f3nin","robots":{"index":"index","follow":"follow","max-snippet":"max-snippet:-1","max-image-preview":"max-image-preview:large","max-video-preview":"max-video-preview:-1"},"canonical":"https:\/\/www.vonin.com\/no\/product\/snurrevad\/","og_locale":"nb_NO","og_type":"article","og_title":"Snurrevad - V\u00f3nin","og_description":"V\u00e5re snurrevad er designet for \u00e5 \u00a0v\u00e6re sterke \u00a0og holdbare, men likevel lette og enkle \u00e5 kaste og h\u00e5ndtere.","og_url":"https:\/\/www.vonin.com\/no\/product\/snurrevad\/","og_site_name":"V\u00f3nin","article_modified_time":"2023-03-10T10:54:40+00:00","og_image":[{"width":2560,"height":1788,"url":"https:\/\/www.vonin.com\/wp-content\/uploads\/2023\/03\/Sulehav-367-ny.jpg","type":"image\/jpeg"}],"twitter_card":"summary_large_image","twitter_misc":{"Ansl. lesetid":"3 minutter"},"schema":{"@context":"https:\/\/schema.org","@graph":[{"@type":"WebPage","@id":"https:\/\/www.vonin.com\/no\/product\/snurrevad\/","url":"https:\/\/www.vonin.com\/no\/product\/snurrevad\/","name":"Snurrevad - V\u00f3nin","isPartOf":{"@id":"https:\/\/www.vonin.com\/#website"},"primaryImageOfPage":{"@id":"https:\/\/www.vonin.com\/no\/product\/snurrevad\/#primaryimage"},"image":{"@id":"https:\/\/www.vonin.com\/no\/product\/snurrevad\/#primaryimage"},"thumbnailUrl":"https:\/\/www.vonin.com\/wp-content\/uploads\/2023\/03\/Sulehav-367-ny.jpg","datePublished":"2023-03-10T09:16:03+00:00","dateModified":"2023-03-10T10:54:40+00:00","breadcrumb":{"@id":"https:\/\/www.vonin.com\/no\/product\/snurrevad\/#breadcrumb"},"inLanguage":"nb-NO","potentialAction":[{"@type":"ReadAction","target":["https:\/\/www.vonin.com\/no\/product\/snurrevad\/"]}]},{"@type":"ImageObject","inLanguage":"nb-NO","@id":"https:\/\/www.vonin.com\/no\/product\/snurrevad\/#primaryimage","url":"https:\/\/www.vonin.com\/wp-content\/uploads\/2023\/03\/Sulehav-367-ny.jpg","contentUrl":"https:\/\/www.vonin.com\/wp-content\/uploads\/2023\/03\/Sulehav-367-ny.jpg","width":2560,"height":1788},{"@type":"BreadcrumbList","@id":"https:\/\/www.vonin.com\/no\/product\/snurrevad\/#breadcrumb","itemListElement":[{"@type":"ListItem","position":1,"name":"V\u00f3nin","item":"https:\/\/www.vonin.com\/no\/"},{"@type":"ListItem","position":2,"name":"V\u00f8rur","item":"https:\/\/www.vonin.com\/product\/"},{"@type":"ListItem","position":3,"name":"Snurrevad"}]},{"@type":"WebSite","@id":"https:\/\/www.vonin.com\/#website","url":"https:\/\/www.vonin.com\/","name":"V\u00f3nin","description":"V\u00f3nin is a major developer and manufacturer of high quality fishing gear and aquaculture equipment as well as supplying equipment to the offshore industry and land based industry.","potentialAction":[{"@type":"SearchAction","target":{"@type":"EntryPoint","urlTemplate":"https:\/\/www.vonin.com\/?s={search_term_string}"},"query-input":{"@type":"PropertyValueSpecification","valueRequired":true,"valueName":"search_term_string"}}],"inLanguage":"nb-NO"}]}},"_links":{"self":[{"href":"https:\/\/www.vonin.com\/no\/wp-json\/wp\/v2\/product\/13708","targetHints":{"allow":["GET"]}}],"collection":[{"href":"https:\/\/www.vonin.com\/no\/wp-json\/wp\/v2\/product"}],"about":[{"href":"https:\/\/www.vonin.com\/no\/wp-json\/wp\/v2\/types\/product"}],"wp:featuredmedia":[{"embeddable":true,"href":"https:\/\/www.vonin.com\/no\/wp-json\/wp\/v2\/media\/13712"}],"wp:attachment":[{"href":"https:\/\/www.vonin.com\/no\/wp-json\/wp\/v2\/media?parent=13708"}],"wp:term":[{"taxonomy":"post_tag","embeddable":true,"href":"https:\/\/www.vonin.com\/no\/wp-json\/wp\/v2\/tags?post=13708"},{"taxonomy":"product_categories","embeddable":true,"href":"https:\/\/www.vonin.com\/no\/wp-json\/wp\/v2\/product_categories?post=13708"}],"curies":[{"name":"wp","href":"https:\/\/api.w.org\/{rel}","templated":true}]}}