{"id":12957,"date":"2023-02-02T11:54:39","date_gmt":"2023-02-02T11:54:39","guid":{"rendered":"https:\/\/www.vonin.com\/?post_type=product&#038;p=12957"},"modified":"2023-03-14T11:55:55","modified_gmt":"2023-03-14T11:55:55","slug":"kveitivad","status":"publish","type":"product","link":"https:\/\/www.vonin.com\/no\/product\/kveitivad\/","title":{"rendered":"Kveitevad"},"content":{"rendered":"\n<div class=\"wp-block-cover alignfull is-light\" style=\"min-height:617px;aspect-ratio:unset;\"><span aria-hidden=\"true\" class=\"wp-block-cover__background has-black-background-color has-background-dim-30 has-background-dim\"><\/span><img loading=\"lazy\" decoding=\"async\" width=\"2560\" height=\"1707\" class=\"wp-block-cover__image-background wp-image-13381\" alt=\"\" src=\"https:\/\/www.vonin.com\/wp-content\/uploads\/2023\/02\/KVEITVAD-03.jpg\" data-object-fit=\"cover\" srcset=\"https:\/\/www.vonin.com\/wp-content\/uploads\/2023\/02\/KVEITVAD-03.jpg 2560w, https:\/\/www.vonin.com\/wp-content\/uploads\/2023\/02\/KVEITVAD-03-800x533.jpg 800w, https:\/\/www.vonin.com\/wp-content\/uploads\/2023\/02\/KVEITVAD-03-1600x1067.jpg 1600w, https:\/\/www.vonin.com\/wp-content\/uploads\/2023\/02\/KVEITVAD-03-768x512.jpg 768w, https:\/\/www.vonin.com\/wp-content\/uploads\/2023\/02\/KVEITVAD-03-200x133.jpg 200w, https:\/\/www.vonin.com\/wp-content\/uploads\/2023\/02\/KVEITVAD-03-1536x1024.jpg 1536w, https:\/\/www.vonin.com\/wp-content\/uploads\/2023\/02\/KVEITVAD-03-2048x1366.jpg 2048w\" sizes=\"auto, (max-width: 2560px) 100vw, 2560px\" \/><div class=\"wp-block-cover__inner-container is-layout-flow wp-block-cover-is-layout-flow\">\n<p class=\"has-text-align-center has-white-color has-text-color has-large-font-size\">Kveitevad<\/p>\n<\/div><\/div>\n\n\n\n<div style=\"height:60px\" aria-hidden=\"true\" class=\"wp-block-spacer\"><\/div>\n\n\n\n<h2 class=\"wp-block-heading\">Hvorfor velge v\u00e5r kveiteline til ditt kveitefiske?<\/h2>\n\n\n\n<p>Polarline mix er v\u00e5r kveiteline eller kveitevad som det ogs\u00e5 kalles. Vi leverer kveitelina i diverse tykkelser, lengder og antall swivel.<\/p>\n\n\n\n<div style=\"height:30px\" aria-hidden=\"true\" class=\"wp-block-spacer\"><\/div>\n\n\n\n<blockquote class=\"wp-block-quote is-layout-flow wp-block-quote-is-layout-flow\">\n<p>Den vi lagerf\u00f8rer mest av er fra 4.0 mm til 5.5 mm i tykkelse. Lengden p\u00e5 lina er 180 og 540 meter.<\/p>\n\n\n\n<p>Antall swivel p\u00e5 180 meters kveiteline er: 12 og 15 stk.<\/p>\n\n\n\n<p>Antal Swivel p\u00e5 540 meters kveiteline er: 30, 36 og 45 stk.<\/p>\n<\/blockquote>\n\n\n\n<div style=\"height:30px\" aria-hidden=\"true\" class=\"wp-block-spacer\"><\/div>\n\n\n\n<p>Vi f\u00e5r gode tilbakemeldinger langs kysten p\u00e5 at kveitelina v\u00e5r fisker godt. Den er av Polarline kvalitet som v\u00e5re kunder kjenner godt til og er et sikkert og popul\u00e6rt valg for \u00e5 lykkes med kveitefisket.<\/p>\n\n\n\n<p>Den er utmerket b\u00e5de til\u00a0yrkes og hobbybruk.<\/p>\n\n\n\n<p>Ta kontakt for en god handel.<\/p>\n\n\n\n<div style=\"height:30px\" aria-hidden=\"true\" class=\"wp-block-spacer\"><\/div>\n\n\n\n<div style=\"height:30px\" aria-hidden=\"true\" class=\"wp-block-spacer\"><\/div>\n\n\n\n<hr class=\"wp-block-separator has-css-opacity is-style-wide\"\/>\n\n\n\n<h2 class=\"wp-block-heading\">Salgsteam<\/h2>\n\n\n\n<script>\n    employeeBlockData['employees-block_4ff2f3b3a4b9c5d29b3037f7f8af0cb7'] = '[{\"title\":\"Sumalee P. Johansen\",\"job_title\":\"Garnmontering \\u2013 Kyst\",\"phone\":\"+47 40 39 92 28\",\"email\":\"boteri.alta@refa.fo\",\"permalink\":\"https:\\\/\\\/www.vonin.com\\\/no\\\/contacts\\\/sumalee-phonsena-johansen\\\/\",\"post_id\":29569,\"thumbnail_id\":33811,\"image\":\"https:\\\/\\\/www.vonin.com\\\/wp-content\\\/uploads\\\/2024\\\/01\\\/sumalee1-800x533.jpg\",\"image_width\":800,\"image_height\":533,\"focal_points\":\"57.4445% 18.6150%\"},{\"title\":\"John Philip Olsen\",\"job_title\":\"Selger - Butikk \\\/ Kyst\",\"phone\":\"+47 95 15 86 94\",\"email\":\"john.olsen@refa.no\",\"permalink\":\"https:\\\/\\\/www.vonin.com\\\/no\\\/contacts\\\/john-philip-olsen\\\/\",\"post_id\":12055,\"thumbnail_id\":13184,\"image\":\"https:\\\/\\\/www.vonin.com\\\/wp-content\\\/uploads\\\/2021\\\/03\\\/John-Phillip-Olsen-800x533.jpg\",\"image_width\":800,\"image_height\":533,\"focal_points\":\"53.8342% 2.8110%\"},{\"title\":\"Arnt-Hugo Gundersen\",\"job_title\":\"Segmentleder - Kyst\",\"phone\":\"+47 90 20 61 27\",\"email\":\"arnt.gundersen@refa.no\",\"permalink\":\"https:\\\/\\\/www.vonin.com\\\/no\\\/contacts\\\/12060\\\/\",\"post_id\":12060,\"thumbnail_id\":81085,\"image\":\"https:\\\/\\\/www.vonin.com\\\/wp-content\\\/uploads\\\/2022\\\/09\\\/Arnt-Hugo-Gundersen-800x533.jpg\",\"image_width\":800,\"image_height\":533,\"focal_points\":\"48.4532% 7.8550%\"},{\"title\":\"Steinar Jensen\",\"job_title\":\"Selger - Butikk\",\"phone\":\"+47 47 67 85 82\",\"email\":\"steinar.jensen@refa.no\",\"permalink\":\"https:\\\/\\\/www.vonin.com\\\/no\\\/contacts\\\/steinar-jensen\\\/\",\"post_id\":12052,\"thumbnail_id\":13991,\"image\":\"https:\\\/\\\/www.vonin.com\\\/wp-content\\\/uploads\\\/2021\\\/03\\\/steinar-jensen-800x533.jpg\",\"image_width\":800,\"image_height\":533,\"focal_points\":\"50.6177% 0.4950%\"},{\"title\":\"Vegar Fagerli\",\"job_title\":\"Avdelingsleder \\\/ Salg Kyst\",\"phone\":\"+47 48 18 73 91\",\"email\":\"vegar.fagerli@refa.no\",\"permalink\":\"https:\\\/\\\/www.vonin.com\\\/no\\\/contacts\\\/vegar-fagerli\\\/\",\"post_id\":12054,\"thumbnail_id\":13172,\"image\":\"https:\\\/\\\/www.vonin.com\\\/wp-content\\\/uploads\\\/2021\\\/03\\\/vegar-fagerli-800x533.jpg\",\"image_width\":800,\"image_height\":533,\"focal_points\":\"51.3366% 0.8109%\"},{\"title\":\"Alf Jeremiassen\",\"job_title\":\"Avdelingsleder - Selger Kyst\",\"phone\":\"+47 95 03 71 03\",\"email\":\"alf.jeremiassen@refa.no\",\"permalink\":\"https:\\\/\\\/www.vonin.com\\\/no\\\/contacts\\\/alf-jeremiassen\\\/\",\"post_id\":12056,\"thumbnail_id\":14003,\"image\":\"https:\\\/\\\/www.vonin.com\\\/wp-content\\\/uploads\\\/2021\\\/03\\\/alf-jeremiassen-800x533.jpg\",\"image_width\":800,\"image_height\":533,\"focal_points\":\"52.9487% 0.0100%\"},{\"title\":\"Fritz-Erik Hallangen\",\"job_title\":\"Selger - Kyst \\\/ Snurrevad\",\"phone\":\"+47 95 45 49 90\",\"email\":\"frits.hallangen@refa.no\",\"permalink\":\"https:\\\/\\\/www.vonin.com\\\/no\\\/contacts\\\/fritz-erik-hallangen\\\/\",\"post_id\":12057,\"thumbnail_id\":13166,\"image\":\"https:\\\/\\\/www.vonin.com\\\/wp-content\\\/uploads\\\/2021\\\/03\\\/Fritz-Erik-Hallanger-1-800x533.jpg\",\"image_width\":800,\"image_height\":533,\"focal_points\":\"47.5070% 2.3109%\"},{\"title\":\"Ronny M\\u00f8rch\",\"job_title\":\"Selger - Kyst & Not\",\"phone\":\"+47 45 60 11 15\",\"email\":\"ronny.morch@refa.no\",\"permalink\":\"https:\\\/\\\/www.vonin.com\\\/no\\\/contacts\\\/ronny-morch\\\/\",\"post_id\":12061,\"thumbnail_id\":14000,\"image\":\"https:\\\/\\\/www.vonin.com\\\/wp-content\\\/uploads\\\/2021\\\/03\\\/ronny-morch-800x533.jpg\",\"image_width\":800,\"image_height\":533,\"focal_points\":\"52.2827% 0.0000%\"}]';\n<\/script>\n\n\n<div id=\"employees-block_4ff2f3b3a4b9c5d29b3037f7f8af0cb7\" class=\"beak-employees\">\n    \n            <div class=\"employee-message-modal--tint\" v-if=\"selectedEmployee\" :class=\"{ 'is-visible': selectedEmployee }\"><\/div>\n<div class=\"employee-message-modal\" v-if=\"selectedEmployee\" :class=\"{ 'is-visible': selectedEmployee }\">\n    <div class=\"employee-message--content\">\n        <a href=\"#\" @click.prevent=\"toggleModal(null)\" class=\"emp-modal-close\"><img decoding=\"async\" src=\"https:\/\/www.vonin.com\/wp-content\/themes\/beak-vonin\/images\/icon-plus.svg\" class=\"injectable\" \/><\/a>\n        <h3 v-if=\"selectedEmployee\">Send e-post til:<br \/> <b>{{selectedEmployee.title}}<\/b><\/h3>\n\n        <div class=\"form-errors\" v-if=\"formErrors &#038;&#038; formErrors.length &#62; 0\">\n            <ul>\n                <li v-for=\"error in formErrors\">{{error}}<\/li>\n            <\/ul>\n        <\/div>\n\n        <p v-if=\"formSent\"><b>Din melding har blitt sendt.<\/b><\/p>\n\n        <div v-if=\"!formSent\">\n            <div class=\"form-input\">\n                <label>Navn<span class=\"required\">*<\/span><\/label>\n                <input type=\"text\" v-model=\"sendEmailForm.name\" \/>\n            <\/div>\n\n            <div class=\"form-input\">\n                <label>Selskap<span class=\"required\">*<\/span><\/label>\n                <input type=\"text\" v-model=\"sendEmailForm.company\" \/>\n            <\/div>\n\n            <div class=\"form-input\">\n                <label>E-post<span class=\"required\">*<\/span><\/label>\n                <input type=\"email\" v-model=\"sendEmailForm.email\" \/>\n            <\/div>\n\n            <div class=\"form-input\">\n                <label>Telefon<span class=\"required\">*<\/span><\/label>\n                <input type=\"text\" v-model=\"sendEmailForm.phone\" \/>\n            <\/div>\n\n            <div class=\"form-input\">\n                <label>Beskjed<span class=\"required\">*<\/span><\/label>\n                <textarea type=\"text\" v-model=\"sendEmailForm.message\"><\/textarea>\n            <\/div>\n\n            <input type=\"hidden\" v-model=\"sendEmailForm.formLumpari\" \/>\n\n            <button @click=\"sendMessage()\" :class=\"{ disabled: formPosting || (formSubmitted &#038;&#038; !formIsValid) }\">Send<\/button>\n        <\/div>\n    <\/div>\n<\/div>    \n            <div class=\"employee-cards\" v-if=\"people\">\n            <div v-for=\"(employee, index) in people\" class=\"employee-card swiper-slide\">\n    <div v-if=\"employee.image\" class=\"employee-card--content-image\">\n        <img v-if=\"employee.image\" :src=\"employee.image\" alt=\"\" :width=\"employee.image_width\" :height=\"employee.image_height\" :style=\"`object-position: ${employee.focal_points}`\" \/>\n    <\/div>\n\n    <div class=\"employee-card--content-text\">\n        <div v-if=\"employee.title\" class=\"employee-name\">{{ employee.title }}<\/div>\n\n        <div v-if=\"employee.people_locations?.length\" class=\"employee-location\">{{ getLocations(employee) }}<\/div>\n\n        <div v-if=\"employee.job_title\" class=\"employee-title\">{{ employee.job_title }}<\/div>\n\n        <div class=\"employee-contact\">\n            <div v-if=\"employee.phone\" class=\"employee-contact--item employee-contact--phone\">\n                <span>Telefon:<\/span>\n\n                <a :href=\"'tel:'+employee.phone\">{{ employee.phone }}<\/a>\n            <\/div>\n\n            <a href=\"#\" @click.prevent=\"toggleModal(employee)\" class=\"employee-send-email\">Send e-post<\/a>\n        <\/div>\n    <\/div>\n<\/div>        <\/div>\n    <\/div>\n\n\n<div style=\"height:30px\" aria-hidden=\"true\" class=\"wp-block-spacer\"><\/div>\n","protected":false},"excerpt":{"rendered":"<p>Polarline mix er v\u00e5r kveiteline eller kveitevad som det ogs\u00e5 kalles. Vi leverer kveitelina i diverse tykkelser, lengder og antall swivel.<\/p>\n","protected":false},"featured_media":13381,"parent":0,"template":"","tags":[],"product_categories":[],"class_list":["post-12957","product","type-product","status-publish","has-post-thumbnail","hentry"],"acf":[],"yoast_head":"<!-- This site is optimized with the Yoast SEO plugin v27.5 - https:\/\/yoast.com\/product\/yoast-seo-wordpress\/ -->\n<title>Kveitevad - V\u00f3nin<\/title>\n<meta name=\"robots\" content=\"index, follow, max-snippet:-1, max-image-preview:large, max-video-preview:-1\" \/>\n<link rel=\"canonical\" href=\"https:\/\/www.vonin.com\/no\/product\/kveitivad\/\" \/>\n<meta property=\"og:locale\" content=\"nb_NO\" \/>\n<meta property=\"og:type\" content=\"article\" \/>\n<meta property=\"og:title\" content=\"Kveitevad - V\u00f3nin\" \/>\n<meta property=\"og:description\" content=\"Polarline mix er v\u00e5r kveiteline eller kveitevad som det ogs\u00e5 kalles. Vi leverer kveitelina i diverse tykkelser, lengder og antall swivel.\" \/>\n<meta property=\"og:url\" content=\"https:\/\/www.vonin.com\/no\/product\/kveitivad\/\" \/>\n<meta property=\"og:site_name\" content=\"V\u00f3nin\" \/>\n<meta property=\"article:modified_time\" content=\"2023-03-14T11:55:55+00:00\" \/>\n<meta property=\"og:image\" content=\"https:\/\/www.vonin.com\/wp-content\/uploads\/2023\/02\/KVEITVAD-03.jpg\" \/>\n\t<meta property=\"og:image:width\" content=\"2560\" \/>\n\t<meta property=\"og:image:height\" content=\"1707\" \/>\n\t<meta property=\"og:image:type\" content=\"image\/jpeg\" \/>\n<meta name=\"twitter:card\" content=\"summary_large_image\" \/>\n<meta name=\"twitter:label1\" content=\"Ansl. lesetid\" \/>\n\t<meta name=\"twitter:data1\" content=\"1 minutt\" \/>\n<script type=\"application\/ld+json\" class=\"yoast-schema-graph\">{\"@context\":\"https:\\\/\\\/schema.org\",\"@graph\":[{\"@type\":\"WebPage\",\"@id\":\"https:\\\/\\\/www.vonin.com\\\/no\\\/product\\\/kveitivad\\\/\",\"url\":\"https:\\\/\\\/www.vonin.com\\\/no\\\/product\\\/kveitivad\\\/\",\"name\":\"Kveitevad - V\u00f3nin\",\"isPartOf\":{\"@id\":\"https:\\\/\\\/www.vonin.com\\\/#website\"},\"primaryImageOfPage\":{\"@id\":\"https:\\\/\\\/www.vonin.com\\\/no\\\/product\\\/kveitivad\\\/#primaryimage\"},\"image\":{\"@id\":\"https:\\\/\\\/www.vonin.com\\\/no\\\/product\\\/kveitivad\\\/#primaryimage\"},\"thumbnailUrl\":\"https:\\\/\\\/www.vonin.com\\\/wp-content\\\/uploads\\\/2023\\\/02\\\/KVEITVAD-03.jpg\",\"datePublished\":\"2023-02-02T11:54:39+00:00\",\"dateModified\":\"2023-03-14T11:55:55+00:00\",\"breadcrumb\":{\"@id\":\"https:\\\/\\\/www.vonin.com\\\/no\\\/product\\\/kveitivad\\\/#breadcrumb\"},\"inLanguage\":\"nb-NO\",\"potentialAction\":[{\"@type\":\"ReadAction\",\"target\":[\"https:\\\/\\\/www.vonin.com\\\/no\\\/product\\\/kveitivad\\\/\"]}]},{\"@type\":\"ImageObject\",\"inLanguage\":\"nb-NO\",\"@id\":\"https:\\\/\\\/www.vonin.com\\\/no\\\/product\\\/kveitivad\\\/#primaryimage\",\"url\":\"https:\\\/\\\/www.vonin.com\\\/wp-content\\\/uploads\\\/2023\\\/02\\\/KVEITVAD-03.jpg\",\"contentUrl\":\"https:\\\/\\\/www.vonin.com\\\/wp-content\\\/uploads\\\/2023\\\/02\\\/KVEITVAD-03.jpg\",\"width\":2560,\"height\":1707},{\"@type\":\"BreadcrumbList\",\"@id\":\"https:\\\/\\\/www.vonin.com\\\/no\\\/product\\\/kveitivad\\\/#breadcrumb\",\"itemListElement\":[{\"@type\":\"ListItem\",\"position\":1,\"name\":\"V\u00f3nin\",\"item\":\"https:\\\/\\\/www.vonin.com\\\/no\\\/\"},{\"@type\":\"ListItem\",\"position\":2,\"name\":\"V\u00f8rur\",\"item\":\"https:\\\/\\\/www.vonin.com\\\/product\\\/\"},{\"@type\":\"ListItem\",\"position\":3,\"name\":\"Kveitevad\"}]},{\"@type\":\"WebSite\",\"@id\":\"https:\\\/\\\/www.vonin.com\\\/#website\",\"url\":\"https:\\\/\\\/www.vonin.com\\\/\",\"name\":\"V\u00f3nin\",\"description\":\"V\u00f3nin is a major developer and manufacturer of high quality fishing gear and aquaculture equipment as well as supplying equipment to the offshore industry and land based industry.\",\"potentialAction\":[{\"@type\":\"SearchAction\",\"target\":{\"@type\":\"EntryPoint\",\"urlTemplate\":\"https:\\\/\\\/www.vonin.com\\\/?s={search_term_string}\"},\"query-input\":{\"@type\":\"PropertyValueSpecification\",\"valueRequired\":true,\"valueName\":\"search_term_string\"}}],\"inLanguage\":\"nb-NO\"}]}<\/script>\n<!-- \/ Yoast SEO plugin. -->","yoast_head_json":{"title":"Kveitevad - V\u00f3nin","robots":{"index":"index","follow":"follow","max-snippet":"max-snippet:-1","max-image-preview":"max-image-preview:large","max-video-preview":"max-video-preview:-1"},"canonical":"https:\/\/www.vonin.com\/no\/product\/kveitivad\/","og_locale":"nb_NO","og_type":"article","og_title":"Kveitevad - V\u00f3nin","og_description":"Polarline mix er v\u00e5r kveiteline eller kveitevad som det ogs\u00e5 kalles. Vi leverer kveitelina i diverse tykkelser, lengder og antall swivel.","og_url":"https:\/\/www.vonin.com\/no\/product\/kveitivad\/","og_site_name":"V\u00f3nin","article_modified_time":"2023-03-14T11:55:55+00:00","og_image":[{"width":2560,"height":1707,"url":"https:\/\/www.vonin.com\/wp-content\/uploads\/2023\/02\/KVEITVAD-03.jpg","type":"image\/jpeg"}],"twitter_card":"summary_large_image","twitter_misc":{"Ansl. lesetid":"1 minutt"},"schema":{"@context":"https:\/\/schema.org","@graph":[{"@type":"WebPage","@id":"https:\/\/www.vonin.com\/no\/product\/kveitivad\/","url":"https:\/\/www.vonin.com\/no\/product\/kveitivad\/","name":"Kveitevad - V\u00f3nin","isPartOf":{"@id":"https:\/\/www.vonin.com\/#website"},"primaryImageOfPage":{"@id":"https:\/\/www.vonin.com\/no\/product\/kveitivad\/#primaryimage"},"image":{"@id":"https:\/\/www.vonin.com\/no\/product\/kveitivad\/#primaryimage"},"thumbnailUrl":"https:\/\/www.vonin.com\/wp-content\/uploads\/2023\/02\/KVEITVAD-03.jpg","datePublished":"2023-02-02T11:54:39+00:00","dateModified":"2023-03-14T11:55:55+00:00","breadcrumb":{"@id":"https:\/\/www.vonin.com\/no\/product\/kveitivad\/#breadcrumb"},"inLanguage":"nb-NO","potentialAction":[{"@type":"ReadAction","target":["https:\/\/www.vonin.com\/no\/product\/kveitivad\/"]}]},{"@type":"ImageObject","inLanguage":"nb-NO","@id":"https:\/\/www.vonin.com\/no\/product\/kveitivad\/#primaryimage","url":"https:\/\/www.vonin.com\/wp-content\/uploads\/2023\/02\/KVEITVAD-03.jpg","contentUrl":"https:\/\/www.vonin.com\/wp-content\/uploads\/2023\/02\/KVEITVAD-03.jpg","width":2560,"height":1707},{"@type":"BreadcrumbList","@id":"https:\/\/www.vonin.com\/no\/product\/kveitivad\/#breadcrumb","itemListElement":[{"@type":"ListItem","position":1,"name":"V\u00f3nin","item":"https:\/\/www.vonin.com\/no\/"},{"@type":"ListItem","position":2,"name":"V\u00f8rur","item":"https:\/\/www.vonin.com\/product\/"},{"@type":"ListItem","position":3,"name":"Kveitevad"}]},{"@type":"WebSite","@id":"https:\/\/www.vonin.com\/#website","url":"https:\/\/www.vonin.com\/","name":"V\u00f3nin","description":"V\u00f3nin is a major developer and manufacturer of high quality fishing gear and aquaculture equipment as well as supplying equipment to the offshore industry and land based industry.","potentialAction":[{"@type":"SearchAction","target":{"@type":"EntryPoint","urlTemplate":"https:\/\/www.vonin.com\/?s={search_term_string}"},"query-input":{"@type":"PropertyValueSpecification","valueRequired":true,"valueName":"search_term_string"}}],"inLanguage":"nb-NO"}]}},"_links":{"self":[{"href":"https:\/\/www.vonin.com\/no\/wp-json\/wp\/v2\/product\/12957","targetHints":{"allow":["GET"]}}],"collection":[{"href":"https:\/\/www.vonin.com\/no\/wp-json\/wp\/v2\/product"}],"about":[{"href":"https:\/\/www.vonin.com\/no\/wp-json\/wp\/v2\/types\/product"}],"wp:featuredmedia":[{"embeddable":true,"href":"https:\/\/www.vonin.com\/no\/wp-json\/wp\/v2\/media\/13381"}],"wp:attachment":[{"href":"https:\/\/www.vonin.com\/no\/wp-json\/wp\/v2\/media?parent=12957"}],"wp:term":[{"taxonomy":"post_tag","embeddable":true,"href":"https:\/\/www.vonin.com\/no\/wp-json\/wp\/v2\/tags?post=12957"},{"taxonomy":"product_categories","embeddable":true,"href":"https:\/\/www.vonin.com\/no\/wp-json\/wp\/v2\/product_categories?post=12957"}],"curies":[{"name":"wp","href":"https:\/\/api.w.org\/{rel}","templated":true}]}}