{"id":12804,"date":"2022-12-20T14:45:36","date_gmt":"2022-12-20T14:45:36","guid":{"rendered":"https:\/\/www.vonin.com\/?post_type=product&#038;p=12804"},"modified":"2023-03-14T10:41:35","modified_gmt":"2023-03-14T10:41:35","slug":"q-garn-med-oval-trad","status":"publish","type":"product","link":"https:\/\/www.vonin.com\/no\/product\/q-garn-med-oval-trad\/","title":{"rendered":"Q-garn med oval tr\u00e5d"},"content":{"rendered":"\n<div class=\"wp-block-cover alignfull is-light\" style=\"min-height:617px;aspect-ratio:unset;\"><span aria-hidden=\"true\" class=\"wp-block-cover__background has-black-background-color has-background-dim-30 has-background-dim\"><\/span><img loading=\"lazy\" decoding=\"async\" width=\"2560\" height=\"1707\" class=\"wp-block-cover__image-background wp-image-13214\" alt=\"\" src=\"https:\/\/www.vonin.com\/wp-content\/uploads\/2022\/12\/Q-garn-3.jpg\" data-object-fit=\"cover\" srcset=\"https:\/\/www.vonin.com\/wp-content\/uploads\/2022\/12\/Q-garn-3.jpg 2560w, https:\/\/www.vonin.com\/wp-content\/uploads\/2022\/12\/Q-garn-3-800x533.jpg 800w, https:\/\/www.vonin.com\/wp-content\/uploads\/2022\/12\/Q-garn-3-1600x1067.jpg 1600w, https:\/\/www.vonin.com\/wp-content\/uploads\/2022\/12\/Q-garn-3-768x512.jpg 768w, https:\/\/www.vonin.com\/wp-content\/uploads\/2022\/12\/Q-garn-3-200x133.jpg 200w, https:\/\/www.vonin.com\/wp-content\/uploads\/2022\/12\/Q-garn-3-1536x1024.jpg 1536w, https:\/\/www.vonin.com\/wp-content\/uploads\/2022\/12\/Q-garn-3-2048x1366.jpg 2048w\" sizes=\"auto, (max-width: 2560px) 100vw, 2560px\" \/><div class=\"wp-block-cover__inner-container is-layout-flow wp-block-cover-is-layout-flow\">\n<p class=\"has-text-align-center has-white-color has-text-color has-large-font-size\">Q-garn med oval tr\u00e5d<\/p>\n<\/div><\/div>\n\n\n\n<div style=\"height:60px\" aria-hidden=\"true\" class=\"wp-block-spacer\"><\/div>\n\n\n\n<h2 class=\"wp-block-heading\">Et mykt og slitesterk garn<\/h2>\n\n\n\n<p>Denne typen torsk, sei, lange og bl\u00e5kveitegarn har norske fiskere testet ut en del \u00e5r n\u00e5. Tilbakemeldingene er veldig positive, og garntypen har blitt godt mottatt av fiskere langs hele kysten. Tr\u00e5den i garnet er valset og har en vridning som gir et ovalt monofilament. Her er noen av tilbakemeldingene vi f\u00e5r fra v\u00e5re kunder:<\/p>\n\n\n\n<figure class=\"wp-block-pullquote\"><blockquote><p>&raquo; Dette er et mykt fiskegarn med mye glans. Slitesterke garn med kraftig garnering i bunnen av garnet.&raquo;<br><br>&raquo; De tar mindre plass ombord pga. tr\u00e5dtypen, ruver mindre p\u00e5 garnrenna og er sk\u00e5nsom mot fisken &laquo;<\/p><\/blockquote><\/figure>\n\n\n\n<div class=\"wp-block-columns is-layout-flex wp-container-core-columns-is-layout-9d6595d7 wp-block-columns-is-layout-flex\">\n<div class=\"wp-block-column is-layout-flow wp-block-column-is-layout-flow\">\n<figure class=\"wp-block-image size-large\"><img loading=\"lazy\" decoding=\"async\" width=\"1920\" height=\"1080\" src=\"https:\/\/www.vonin.com\/wp-content\/uploads\/2023\/02\/monofilgarn-gron-edited-1.jpg\" alt=\"\" class=\"wp-image-13221\" srcset=\"https:\/\/www.vonin.com\/wp-content\/uploads\/2023\/02\/monofilgarn-gron-edited-1.jpg 1920w, https:\/\/www.vonin.com\/wp-content\/uploads\/2023\/02\/monofilgarn-gron-edited-1-800x450.jpg 800w, https:\/\/www.vonin.com\/wp-content\/uploads\/2023\/02\/monofilgarn-gron-edited-1-1600x900.jpg 1600w, https:\/\/www.vonin.com\/wp-content\/uploads\/2023\/02\/monofilgarn-gron-edited-1-768x432.jpg 768w, https:\/\/www.vonin.com\/wp-content\/uploads\/2023\/02\/monofilgarn-gron-edited-1-200x113.jpg 200w, https:\/\/www.vonin.com\/wp-content\/uploads\/2023\/02\/monofilgarn-gron-edited-1-1536x864.jpg 1536w\" sizes=\"auto, (max-width: 1920px) 100vw, 1920px\" \/><\/figure>\n<\/div>\n\n\n\n<div class=\"wp-block-column is-layout-flow wp-block-column-is-layout-flow\">\n<blockquote class=\"wp-block-quote is-layout-flow wp-block-quote-is-layout-flow\">\n<p>Mange opplever det som lettere \u00e5 f\u00e5 fisken ut av disse garna, da tr\u00e5den er myk og t\u00f8yelig.<\/p>\n\n\n\n<p>Enkelte fiskere mener det er mer levendefisk n\u00e5r de trekker Q-garna i sitt fiskeri, sammenlignet med andre garntyper de har brukt tidlige.<\/p>\n<\/blockquote>\n<\/div>\n<\/div>\n\n\n\n<p>Leveres i f\u00f8lgende farger: Gr\u00f8nn, bl\u00e5, og gul. Andre farger leveres p\u00e5 foresp\u00f8rgsel.<\/p>\n\n\n\n<div style=\"height:30px\" aria-hidden=\"true\" class=\"wp-block-spacer\"><\/div>\n\n\n\n<div style=\"height:30px\" aria-hidden=\"true\" class=\"wp-block-spacer\"><\/div>\n\n\n\n<hr class=\"wp-block-separator has-css-opacity is-style-wide\"\/>\n\n\n\n<h2 class=\"wp-block-heading\">Salgsteam<\/h2>\n\n\n\n<script>\n    employeeBlockData['employees-block_b498a65a6c7cdf7e74790e05d756490c'] = '[{\"title\":\"Sumalee P. Johansen\",\"job_title\":\"Garnmontering \\u2013 Kyst\",\"phone\":\"+47 40 39 92 28\",\"email\":\"boteri.alta@refa.fo\",\"permalink\":\"https:\\\/\\\/www.vonin.com\\\/no\\\/contacts\\\/sumalee-phonsena-johansen\\\/\",\"post_id\":29569,\"thumbnail_id\":33811,\"image\":\"https:\\\/\\\/www.vonin.com\\\/wp-content\\\/uploads\\\/2024\\\/01\\\/sumalee1-800x533.jpg\",\"image_width\":800,\"image_height\":533,\"focal_points\":\"57.4445% 18.6150%\"},{\"title\":\"John Philip Olsen\",\"job_title\":\"Selger - Butikk \\\/ Kyst\",\"phone\":\"+47 95 15 86 94\",\"email\":\"john.olsen@refa.no\",\"permalink\":\"https:\\\/\\\/www.vonin.com\\\/no\\\/contacts\\\/john-philip-olsen\\\/\",\"post_id\":12055,\"thumbnail_id\":13184,\"image\":\"https:\\\/\\\/www.vonin.com\\\/wp-content\\\/uploads\\\/2021\\\/03\\\/John-Phillip-Olsen-800x533.jpg\",\"image_width\":800,\"image_height\":533,\"focal_points\":\"53.8342% 2.8110%\"},{\"title\":\"Arnt-Hugo Gundersen\",\"job_title\":\"Segmentleder - Kyst\",\"phone\":\"+47 90 20 61 27\",\"email\":\"arnt.gundersen@refa.no\",\"permalink\":\"https:\\\/\\\/www.vonin.com\\\/no\\\/contacts\\\/12060\\\/\",\"post_id\":12060,\"thumbnail_id\":81085,\"image\":\"https:\\\/\\\/www.vonin.com\\\/wp-content\\\/uploads\\\/2022\\\/09\\\/Arnt-Hugo-Gundersen-800x533.jpg\",\"image_width\":800,\"image_height\":533,\"focal_points\":\"48.4532% 7.8550%\"},{\"title\":\"Steinar Jensen\",\"job_title\":\"Selger - Butikk\",\"phone\":\"+47 47 67 85 82\",\"email\":\"steinar.jensen@refa.no\",\"permalink\":\"https:\\\/\\\/www.vonin.com\\\/no\\\/contacts\\\/steinar-jensen\\\/\",\"post_id\":12052,\"thumbnail_id\":13991,\"image\":\"https:\\\/\\\/www.vonin.com\\\/wp-content\\\/uploads\\\/2021\\\/03\\\/steinar-jensen-800x533.jpg\",\"image_width\":800,\"image_height\":533,\"focal_points\":\"50.6177% 0.4950%\"},{\"title\":\"Vegar Fagerli\",\"job_title\":\"Avdelingsleder \\\/ Salg Kyst\",\"phone\":\"+47 48 18 73 91\",\"email\":\"vegar.fagerli@refa.no\",\"permalink\":\"https:\\\/\\\/www.vonin.com\\\/no\\\/contacts\\\/vegar-fagerli\\\/\",\"post_id\":12054,\"thumbnail_id\":13172,\"image\":\"https:\\\/\\\/www.vonin.com\\\/wp-content\\\/uploads\\\/2021\\\/03\\\/vegar-fagerli-800x533.jpg\",\"image_width\":800,\"image_height\":533,\"focal_points\":\"51.3366% 0.8109%\"},{\"title\":\"Alf Jeremiassen\",\"job_title\":\"Avdelingsleder - Selger Kyst\",\"phone\":\"+47 95 03 71 03\",\"email\":\"alf.jeremiassen@refa.no\",\"permalink\":\"https:\\\/\\\/www.vonin.com\\\/no\\\/contacts\\\/alf-jeremiassen\\\/\",\"post_id\":12056,\"thumbnail_id\":14003,\"image\":\"https:\\\/\\\/www.vonin.com\\\/wp-content\\\/uploads\\\/2021\\\/03\\\/alf-jeremiassen-800x533.jpg\",\"image_width\":800,\"image_height\":533,\"focal_points\":\"52.9487% 0.0100%\"},{\"title\":\"Fritz-Erik Hallangen\",\"job_title\":\"Selger - Kyst \\\/ Snurrevad\",\"phone\":\"+47 95 45 49 90\",\"email\":\"frits.hallangen@refa.no\",\"permalink\":\"https:\\\/\\\/www.vonin.com\\\/no\\\/contacts\\\/fritz-erik-hallangen\\\/\",\"post_id\":12057,\"thumbnail_id\":13166,\"image\":\"https:\\\/\\\/www.vonin.com\\\/wp-content\\\/uploads\\\/2021\\\/03\\\/Fritz-Erik-Hallanger-1-800x533.jpg\",\"image_width\":800,\"image_height\":533,\"focal_points\":\"47.5070% 2.3109%\"},{\"title\":\"Ronny M\\u00f8rch\",\"job_title\":\"Selger - Kyst & Not\",\"phone\":\"+47 45 60 11 15\",\"email\":\"ronny.morch@refa.no\",\"permalink\":\"https:\\\/\\\/www.vonin.com\\\/no\\\/contacts\\\/ronny-morch\\\/\",\"post_id\":12061,\"thumbnail_id\":14000,\"image\":\"https:\\\/\\\/www.vonin.com\\\/wp-content\\\/uploads\\\/2021\\\/03\\\/ronny-morch-800x533.jpg\",\"image_width\":800,\"image_height\":533,\"focal_points\":\"52.2827% 0.0000%\"}]';\n<\/script>\n\n\n<div id=\"employees-block_b498a65a6c7cdf7e74790e05d756490c\" class=\"beak-employees\">\n    \n            <div class=\"employee-message-modal--tint\" v-if=\"selectedEmployee\" :class=\"{ 'is-visible': selectedEmployee }\"><\/div>\n<div class=\"employee-message-modal\" v-if=\"selectedEmployee\" :class=\"{ 'is-visible': selectedEmployee }\">\n    <div class=\"employee-message--content\">\n        <a href=\"#\" @click.prevent=\"toggleModal(null)\" class=\"emp-modal-close\"><img decoding=\"async\" src=\"https:\/\/www.vonin.com\/wp-content\/themes\/beak-vonin\/images\/icon-plus.svg\" class=\"injectable\" \/><\/a>\n        <h3 v-if=\"selectedEmployee\">Send e-post til:<br \/> <b>{{selectedEmployee.title}}<\/b><\/h3>\n\n        <div class=\"form-errors\" v-if=\"formErrors &#038;&#038; formErrors.length &#62; 0\">\n            <ul>\n                <li v-for=\"error in formErrors\">{{error}}<\/li>\n            <\/ul>\n        <\/div>\n\n        <p v-if=\"formSent\"><b>Din melding har blitt sendt.<\/b><\/p>\n\n        <div v-if=\"!formSent\">\n            <div class=\"form-input\">\n                <label>Navn<span class=\"required\">*<\/span><\/label>\n                <input type=\"text\" v-model=\"sendEmailForm.name\" \/>\n            <\/div>\n\n            <div class=\"form-input\">\n                <label>Selskap<span class=\"required\">*<\/span><\/label>\n                <input type=\"text\" v-model=\"sendEmailForm.company\" \/>\n            <\/div>\n\n            <div class=\"form-input\">\n                <label>E-post<span class=\"required\">*<\/span><\/label>\n                <input type=\"email\" v-model=\"sendEmailForm.email\" \/>\n            <\/div>\n\n            <div class=\"form-input\">\n                <label>Telefon<span class=\"required\">*<\/span><\/label>\n                <input type=\"text\" v-model=\"sendEmailForm.phone\" \/>\n            <\/div>\n\n            <div class=\"form-input\">\n                <label>Beskjed<span class=\"required\">*<\/span><\/label>\n                <textarea type=\"text\" v-model=\"sendEmailForm.message\"><\/textarea>\n            <\/div>\n\n            <input type=\"hidden\" v-model=\"sendEmailForm.formLumpari\" \/>\n\n            <button @click=\"sendMessage()\" :class=\"{ disabled: formPosting || (formSubmitted &#038;&#038; !formIsValid) }\">Send<\/button>\n        <\/div>\n    <\/div>\n<\/div>    \n            <div class=\"employee-cards\" v-if=\"people\">\n            <div v-for=\"(employee, index) in people\" class=\"employee-card swiper-slide\">\n    <div v-if=\"employee.image\" class=\"employee-card--content-image\">\n        <img v-if=\"employee.image\" :src=\"employee.image\" alt=\"\" :width=\"employee.image_width\" :height=\"employee.image_height\" :style=\"`object-position: ${employee.focal_points}`\" \/>\n    <\/div>\n\n    <div class=\"employee-card--content-text\">\n        <div v-if=\"employee.title\" class=\"employee-name\">{{ employee.title }}<\/div>\n\n        <div v-if=\"employee.people_locations?.length\" class=\"employee-location\">{{ getLocations(employee) }}<\/div>\n\n        <div v-if=\"employee.job_title\" class=\"employee-title\">{{ employee.job_title }}<\/div>\n\n        <div class=\"employee-contact\">\n            <div v-if=\"employee.phone\" class=\"employee-contact--item employee-contact--phone\">\n                <span>Telefon:<\/span>\n\n                <a :href=\"'tel:'+employee.phone\">{{ employee.phone }}<\/a>\n            <\/div>\n\n            <a href=\"#\" @click.prevent=\"toggleModal(employee)\" class=\"employee-send-email\">Send e-post<\/a>\n        <\/div>\n    <\/div>\n<\/div>        <\/div>\n    <\/div>\n\n\n<div style=\"height:30px\" aria-hidden=\"true\" class=\"wp-block-spacer\"><\/div>\n","protected":false},"excerpt":{"rendered":"<p>Denne typen torsk, sei, lange og bl\u00e5kveitegarn har norske fiskere testet ut en del \u00e5r n\u00e5. <\/p>\n","protected":false},"featured_media":13214,"parent":0,"template":"","tags":[],"product_categories":[],"class_list":["post-12804","product","type-product","status-publish","has-post-thumbnail","hentry"],"acf":[],"yoast_head":"<!-- This site is optimized with the Yoast SEO plugin v27.6 - https:\/\/yoast.com\/product\/yoast-seo-wordpress\/ -->\n<title>Q-garn med oval tr\u00e5d - V\u00f3nin<\/title>\n<meta name=\"robots\" content=\"index, follow, max-snippet:-1, max-image-preview:large, max-video-preview:-1\" \/>\n<link rel=\"canonical\" href=\"https:\/\/www.vonin.com\/no\/product\/q-garn-med-oval-trad\/\" \/>\n<meta property=\"og:locale\" content=\"nb_NO\" \/>\n<meta property=\"og:type\" content=\"article\" \/>\n<meta property=\"og:title\" content=\"Q-garn med oval tr\u00e5d - V\u00f3nin\" \/>\n<meta property=\"og:description\" content=\"Denne typen torsk, sei, lange og bl\u00e5kveitegarn har norske fiskere testet ut en del \u00e5r n\u00e5.\" \/>\n<meta property=\"og:url\" content=\"https:\/\/www.vonin.com\/no\/product\/q-garn-med-oval-trad\/\" \/>\n<meta property=\"og:site_name\" content=\"V\u00f3nin\" \/>\n<meta property=\"article:modified_time\" content=\"2023-03-14T10:41:35+00:00\" \/>\n<meta property=\"og:image\" content=\"https:\/\/www.vonin.com\/wp-content\/uploads\/2022\/12\/Q-garn-3.jpg\" \/>\n\t<meta property=\"og:image:width\" content=\"2560\" \/>\n\t<meta property=\"og:image:height\" content=\"1707\" \/>\n\t<meta property=\"og:image:type\" content=\"image\/jpeg\" \/>\n<meta name=\"twitter:card\" content=\"summary_large_image\" \/>\n<meta name=\"twitter:label1\" content=\"Ansl. lesetid\" \/>\n\t<meta name=\"twitter:data1\" content=\"2 minutter\" \/>\n<script type=\"application\/ld+json\" class=\"yoast-schema-graph\">{\"@context\":\"https:\\\/\\\/schema.org\",\"@graph\":[{\"@type\":\"WebPage\",\"@id\":\"https:\\\/\\\/www.vonin.com\\\/no\\\/product\\\/q-garn-med-oval-trad\\\/\",\"url\":\"https:\\\/\\\/www.vonin.com\\\/no\\\/product\\\/q-garn-med-oval-trad\\\/\",\"name\":\"Q-garn med oval tr\u00e5d - V\u00f3nin\",\"isPartOf\":{\"@id\":\"https:\\\/\\\/www.vonin.com\\\/#website\"},\"primaryImageOfPage\":{\"@id\":\"https:\\\/\\\/www.vonin.com\\\/no\\\/product\\\/q-garn-med-oval-trad\\\/#primaryimage\"},\"image\":{\"@id\":\"https:\\\/\\\/www.vonin.com\\\/no\\\/product\\\/q-garn-med-oval-trad\\\/#primaryimage\"},\"thumbnailUrl\":\"https:\\\/\\\/www.vonin.com\\\/wp-content\\\/uploads\\\/2022\\\/12\\\/Q-garn-3.jpg\",\"datePublished\":\"2022-12-20T14:45:36+00:00\",\"dateModified\":\"2023-03-14T10:41:35+00:00\",\"breadcrumb\":{\"@id\":\"https:\\\/\\\/www.vonin.com\\\/no\\\/product\\\/q-garn-med-oval-trad\\\/#breadcrumb\"},\"inLanguage\":\"nb-NO\",\"potentialAction\":[{\"@type\":\"ReadAction\",\"target\":[\"https:\\\/\\\/www.vonin.com\\\/no\\\/product\\\/q-garn-med-oval-trad\\\/\"]}]},{\"@type\":\"ImageObject\",\"inLanguage\":\"nb-NO\",\"@id\":\"https:\\\/\\\/www.vonin.com\\\/no\\\/product\\\/q-garn-med-oval-trad\\\/#primaryimage\",\"url\":\"https:\\\/\\\/www.vonin.com\\\/wp-content\\\/uploads\\\/2022\\\/12\\\/Q-garn-3.jpg\",\"contentUrl\":\"https:\\\/\\\/www.vonin.com\\\/wp-content\\\/uploads\\\/2022\\\/12\\\/Q-garn-3.jpg\",\"width\":2560,\"height\":1707},{\"@type\":\"BreadcrumbList\",\"@id\":\"https:\\\/\\\/www.vonin.com\\\/no\\\/product\\\/q-garn-med-oval-trad\\\/#breadcrumb\",\"itemListElement\":[{\"@type\":\"ListItem\",\"position\":1,\"name\":\"V\u00f3nin\",\"item\":\"https:\\\/\\\/www.vonin.com\\\/no\\\/\"},{\"@type\":\"ListItem\",\"position\":2,\"name\":\"V\u00f8rur\",\"item\":\"https:\\\/\\\/www.vonin.com\\\/product\\\/\"},{\"@type\":\"ListItem\",\"position\":3,\"name\":\"Q-garn med oval tr\u00e5d\"}]},{\"@type\":\"WebSite\",\"@id\":\"https:\\\/\\\/www.vonin.com\\\/#website\",\"url\":\"https:\\\/\\\/www.vonin.com\\\/\",\"name\":\"V\u00f3nin\",\"description\":\"V\u00f3nin is a major developer and manufacturer of high quality fishing gear and aquaculture equipment as well as supplying equipment to the offshore industry and land based industry.\",\"potentialAction\":[{\"@type\":\"SearchAction\",\"target\":{\"@type\":\"EntryPoint\",\"urlTemplate\":\"https:\\\/\\\/www.vonin.com\\\/?s={search_term_string}\"},\"query-input\":{\"@type\":\"PropertyValueSpecification\",\"valueRequired\":true,\"valueName\":\"search_term_string\"}}],\"inLanguage\":\"nb-NO\"}]}<\/script>\n<!-- \/ Yoast SEO plugin. -->","yoast_head_json":{"title":"Q-garn med oval tr\u00e5d - V\u00f3nin","robots":{"index":"index","follow":"follow","max-snippet":"max-snippet:-1","max-image-preview":"max-image-preview:large","max-video-preview":"max-video-preview:-1"},"canonical":"https:\/\/www.vonin.com\/no\/product\/q-garn-med-oval-trad\/","og_locale":"nb_NO","og_type":"article","og_title":"Q-garn med oval tr\u00e5d - V\u00f3nin","og_description":"Denne typen torsk, sei, lange og bl\u00e5kveitegarn har norske fiskere testet ut en del \u00e5r n\u00e5.","og_url":"https:\/\/www.vonin.com\/no\/product\/q-garn-med-oval-trad\/","og_site_name":"V\u00f3nin","article_modified_time":"2023-03-14T10:41:35+00:00","og_image":[{"width":2560,"height":1707,"url":"https:\/\/www.vonin.com\/wp-content\/uploads\/2022\/12\/Q-garn-3.jpg","type":"image\/jpeg"}],"twitter_card":"summary_large_image","twitter_misc":{"Ansl. lesetid":"2 minutter"},"schema":{"@context":"https:\/\/schema.org","@graph":[{"@type":"WebPage","@id":"https:\/\/www.vonin.com\/no\/product\/q-garn-med-oval-trad\/","url":"https:\/\/www.vonin.com\/no\/product\/q-garn-med-oval-trad\/","name":"Q-garn med oval tr\u00e5d - V\u00f3nin","isPartOf":{"@id":"https:\/\/www.vonin.com\/#website"},"primaryImageOfPage":{"@id":"https:\/\/www.vonin.com\/no\/product\/q-garn-med-oval-trad\/#primaryimage"},"image":{"@id":"https:\/\/www.vonin.com\/no\/product\/q-garn-med-oval-trad\/#primaryimage"},"thumbnailUrl":"https:\/\/www.vonin.com\/wp-content\/uploads\/2022\/12\/Q-garn-3.jpg","datePublished":"2022-12-20T14:45:36+00:00","dateModified":"2023-03-14T10:41:35+00:00","breadcrumb":{"@id":"https:\/\/www.vonin.com\/no\/product\/q-garn-med-oval-trad\/#breadcrumb"},"inLanguage":"nb-NO","potentialAction":[{"@type":"ReadAction","target":["https:\/\/www.vonin.com\/no\/product\/q-garn-med-oval-trad\/"]}]},{"@type":"ImageObject","inLanguage":"nb-NO","@id":"https:\/\/www.vonin.com\/no\/product\/q-garn-med-oval-trad\/#primaryimage","url":"https:\/\/www.vonin.com\/wp-content\/uploads\/2022\/12\/Q-garn-3.jpg","contentUrl":"https:\/\/www.vonin.com\/wp-content\/uploads\/2022\/12\/Q-garn-3.jpg","width":2560,"height":1707},{"@type":"BreadcrumbList","@id":"https:\/\/www.vonin.com\/no\/product\/q-garn-med-oval-trad\/#breadcrumb","itemListElement":[{"@type":"ListItem","position":1,"name":"V\u00f3nin","item":"https:\/\/www.vonin.com\/no\/"},{"@type":"ListItem","position":2,"name":"V\u00f8rur","item":"https:\/\/www.vonin.com\/product\/"},{"@type":"ListItem","position":3,"name":"Q-garn med oval tr\u00e5d"}]},{"@type":"WebSite","@id":"https:\/\/www.vonin.com\/#website","url":"https:\/\/www.vonin.com\/","name":"V\u00f3nin","description":"V\u00f3nin is a major developer and manufacturer of high quality fishing gear and aquaculture equipment as well as supplying equipment to the offshore industry and land based industry.","potentialAction":[{"@type":"SearchAction","target":{"@type":"EntryPoint","urlTemplate":"https:\/\/www.vonin.com\/?s={search_term_string}"},"query-input":{"@type":"PropertyValueSpecification","valueRequired":true,"valueName":"search_term_string"}}],"inLanguage":"nb-NO"}]}},"_links":{"self":[{"href":"https:\/\/www.vonin.com\/no\/wp-json\/wp\/v2\/product\/12804","targetHints":{"allow":["GET"]}}],"collection":[{"href":"https:\/\/www.vonin.com\/no\/wp-json\/wp\/v2\/product"}],"about":[{"href":"https:\/\/www.vonin.com\/no\/wp-json\/wp\/v2\/types\/product"}],"wp:featuredmedia":[{"embeddable":true,"href":"https:\/\/www.vonin.com\/no\/wp-json\/wp\/v2\/media\/13214"}],"wp:attachment":[{"href":"https:\/\/www.vonin.com\/no\/wp-json\/wp\/v2\/media?parent=12804"}],"wp:term":[{"taxonomy":"post_tag","embeddable":true,"href":"https:\/\/www.vonin.com\/no\/wp-json\/wp\/v2\/tags?post=12804"},{"taxonomy":"product_categories","embeddable":true,"href":"https:\/\/www.vonin.com\/no\/wp-json\/wp\/v2\/product_categories?post=12804"}],"curies":[{"name":"wp","href":"https:\/\/api.w.org\/{rel}","templated":true}]}}