{"id":12760,"date":"2022-12-12T09:26:03","date_gmt":"2022-12-12T09:26:03","guid":{"rendered":"https:\/\/www.vonin.com\/?post_type=product&#038;p=12760"},"modified":"2022-12-12T09:26:04","modified_gmt":"2022-12-12T09:26:04","slug":"aleruse","status":"publish","type":"product","link":"https:\/\/www.vonin.com\/no\/product\/aleruse\/","title":{"rendered":"\u00c5leruse"},"content":{"rendered":"\n<h1 class=\"wp-block-heading\">\u00c5leruse<\/h1>\n\n\n\n<p>V\u00f3nin Refa leverer enkle \u00e5leruser av knutel\u00f8s nylon.<\/p>\n\n\n\n<div class=\"wp-block-columns is-layout-flex wp-container-core-columns-is-layout-9d6595d7 wp-block-columns-is-layout-flex\">\n<div class=\"wp-block-column is-layout-flow wp-block-column-is-layout-flow\">\n<figure class=\"wp-block-image size-full\"><img loading=\"lazy\" decoding=\"async\" width=\"1322\" height=\"878\" src=\"https:\/\/www.vonin.com\/wp-content\/uploads\/2022\/11\/Aleruse.jpg\" alt=\"\" class=\"wp-image-12520\" srcset=\"https:\/\/www.vonin.com\/wp-content\/uploads\/2022\/11\/Aleruse.jpg 1322w, https:\/\/www.vonin.com\/wp-content\/uploads\/2022\/11\/Aleruse-800x531.jpg 800w, https:\/\/www.vonin.com\/wp-content\/uploads\/2022\/11\/Aleruse-768x510.jpg 768w, https:\/\/www.vonin.com\/wp-content\/uploads\/2022\/11\/Aleruse-200x133.jpg 200w\" sizes=\"auto, (max-width: 1322px) 100vw, 1322px\" \/><\/figure>\n<\/div>\n\n\n\n<div class=\"wp-block-column is-layout-flow wp-block-column-is-layout-flow\">\n<p>Knutel\u00f8s nylon nr. 8 x 25 mm helmaske.<br>Ledegarn av nylon nr. 8 x 27.5 mm helmaske.<br>Lengde 5.6m<br>H\u00f8yde 0.62m<br>4 ringer av plast<\/p>\n<\/div>\n<\/div>\n","protected":false},"excerpt":{"rendered":"<p>\u00c5leruse V\u00f3nin Refa leverer enkle \u00e5leruser av knutel\u00f8s nylon. Knutel\u00f8s nylon nr. 8 x 25 mm helmaske.Ledegarn av nylon nr. 8 x 27.5 mm helmaske.Lengde 5.6mH\u00f8yde 0.62m4 ringer av plast<\/p>\n","protected":false},"featured_media":0,"parent":0,"template":"","tags":[],"product_categories":[],"class_list":["post-12760","product","type-product","status-publish","hentry"],"acf":[],"yoast_head":"<!-- This site is optimized with the Yoast SEO plugin v27.5 - https:\/\/yoast.com\/product\/yoast-seo-wordpress\/ -->\n<title>\u00c5leruse - V\u00f3nin<\/title>\n<meta name=\"robots\" content=\"index, follow, max-snippet:-1, max-image-preview:large, max-video-preview:-1\" \/>\n<link rel=\"canonical\" href=\"https:\/\/www.vonin.com\/no\/product\/aleruse\/\" \/>\n<meta property=\"og:locale\" content=\"nb_NO\" \/>\n<meta property=\"og:type\" content=\"article\" \/>\n<meta property=\"og:title\" content=\"\u00c5leruse - V\u00f3nin\" \/>\n<meta property=\"og:description\" content=\"\u00c5leruse V\u00f3nin Refa leverer enkle \u00e5leruser av knutel\u00f8s nylon. Knutel\u00f8s nylon nr. 8 x 25 mm helmaske.Ledegarn av nylon nr. 8 x 27.5 mm helmaske.Lengde 5.6mH\u00f8yde 0.62m4 ringer av plast\" \/>\n<meta property=\"og:url\" content=\"https:\/\/www.vonin.com\/no\/product\/aleruse\/\" \/>\n<meta property=\"og:site_name\" content=\"V\u00f3nin\" \/>\n<meta property=\"article:modified_time\" content=\"2022-12-12T09:26:04+00:00\" \/>\n<meta property=\"og:image\" content=\"https:\/\/www.vonin.com\/wp-content\/uploads\/2022\/11\/Aleruse.jpg\" \/>\n<meta name=\"twitter:card\" content=\"summary_large_image\" \/>\n<meta name=\"twitter:label1\" content=\"Ansl. lesetid\" \/>\n\t<meta name=\"twitter:data1\" content=\"1 minutt\" \/>\n<script type=\"application\/ld+json\" class=\"yoast-schema-graph\">{\"@context\":\"https:\\\/\\\/schema.org\",\"@graph\":[{\"@type\":\"WebPage\",\"@id\":\"https:\\\/\\\/www.vonin.com\\\/no\\\/product\\\/aleruse\\\/\",\"url\":\"https:\\\/\\\/www.vonin.com\\\/no\\\/product\\\/aleruse\\\/\",\"name\":\"\u00c5leruse - V\u00f3nin\",\"isPartOf\":{\"@id\":\"https:\\\/\\\/www.vonin.com\\\/#website\"},\"primaryImageOfPage\":{\"@id\":\"https:\\\/\\\/www.vonin.com\\\/no\\\/product\\\/aleruse\\\/#primaryimage\"},\"image\":{\"@id\":\"https:\\\/\\\/www.vonin.com\\\/no\\\/product\\\/aleruse\\\/#primaryimage\"},\"thumbnailUrl\":\"https:\\\/\\\/www.vonin.com\\\/wp-content\\\/uploads\\\/2022\\\/11\\\/Aleruse.jpg\",\"datePublished\":\"2022-12-12T09:26:03+00:00\",\"dateModified\":\"2022-12-12T09:26:04+00:00\",\"breadcrumb\":{\"@id\":\"https:\\\/\\\/www.vonin.com\\\/no\\\/product\\\/aleruse\\\/#breadcrumb\"},\"inLanguage\":\"nb-NO\",\"potentialAction\":[{\"@type\":\"ReadAction\",\"target\":[\"https:\\\/\\\/www.vonin.com\\\/no\\\/product\\\/aleruse\\\/\"]}]},{\"@type\":\"ImageObject\",\"inLanguage\":\"nb-NO\",\"@id\":\"https:\\\/\\\/www.vonin.com\\\/no\\\/product\\\/aleruse\\\/#primaryimage\",\"url\":\"https:\\\/\\\/www.vonin.com\\\/wp-content\\\/uploads\\\/2022\\\/11\\\/Aleruse.jpg\",\"contentUrl\":\"https:\\\/\\\/www.vonin.com\\\/wp-content\\\/uploads\\\/2022\\\/11\\\/Aleruse.jpg\"},{\"@type\":\"BreadcrumbList\",\"@id\":\"https:\\\/\\\/www.vonin.com\\\/no\\\/product\\\/aleruse\\\/#breadcrumb\",\"itemListElement\":[{\"@type\":\"ListItem\",\"position\":1,\"name\":\"V\u00f3nin\",\"item\":\"https:\\\/\\\/www.vonin.com\\\/no\\\/\"},{\"@type\":\"ListItem\",\"position\":2,\"name\":\"V\u00f8rur\",\"item\":\"https:\\\/\\\/www.vonin.com\\\/product\\\/\"},{\"@type\":\"ListItem\",\"position\":3,\"name\":\"\u00c5leruse\"}]},{\"@type\":\"WebSite\",\"@id\":\"https:\\\/\\\/www.vonin.com\\\/#website\",\"url\":\"https:\\\/\\\/www.vonin.com\\\/\",\"name\":\"V\u00f3nin\",\"description\":\"V\u00f3nin is a major developer and manufacturer of high quality fishing gear and aquaculture equipment as well as supplying equipment to the offshore industry and land based industry.\",\"potentialAction\":[{\"@type\":\"SearchAction\",\"target\":{\"@type\":\"EntryPoint\",\"urlTemplate\":\"https:\\\/\\\/www.vonin.com\\\/?s={search_term_string}\"},\"query-input\":{\"@type\":\"PropertyValueSpecification\",\"valueRequired\":true,\"valueName\":\"search_term_string\"}}],\"inLanguage\":\"nb-NO\"}]}<\/script>\n<!-- \/ Yoast SEO plugin. -->","yoast_head_json":{"title":"\u00c5leruse - V\u00f3nin","robots":{"index":"index","follow":"follow","max-snippet":"max-snippet:-1","max-image-preview":"max-image-preview:large","max-video-preview":"max-video-preview:-1"},"canonical":"https:\/\/www.vonin.com\/no\/product\/aleruse\/","og_locale":"nb_NO","og_type":"article","og_title":"\u00c5leruse - V\u00f3nin","og_description":"\u00c5leruse V\u00f3nin Refa leverer enkle \u00e5leruser av knutel\u00f8s nylon. Knutel\u00f8s nylon nr. 8 x 25 mm helmaske.Ledegarn av nylon nr. 8 x 27.5 mm helmaske.Lengde 5.6mH\u00f8yde 0.62m4 ringer av plast","og_url":"https:\/\/www.vonin.com\/no\/product\/aleruse\/","og_site_name":"V\u00f3nin","article_modified_time":"2022-12-12T09:26:04+00:00","og_image":[{"url":"https:\/\/www.vonin.com\/wp-content\/uploads\/2022\/11\/Aleruse.jpg","type":"","width":"","height":""}],"twitter_card":"summary_large_image","twitter_misc":{"Ansl. lesetid":"1 minutt"},"schema":{"@context":"https:\/\/schema.org","@graph":[{"@type":"WebPage","@id":"https:\/\/www.vonin.com\/no\/product\/aleruse\/","url":"https:\/\/www.vonin.com\/no\/product\/aleruse\/","name":"\u00c5leruse - V\u00f3nin","isPartOf":{"@id":"https:\/\/www.vonin.com\/#website"},"primaryImageOfPage":{"@id":"https:\/\/www.vonin.com\/no\/product\/aleruse\/#primaryimage"},"image":{"@id":"https:\/\/www.vonin.com\/no\/product\/aleruse\/#primaryimage"},"thumbnailUrl":"https:\/\/www.vonin.com\/wp-content\/uploads\/2022\/11\/Aleruse.jpg","datePublished":"2022-12-12T09:26:03+00:00","dateModified":"2022-12-12T09:26:04+00:00","breadcrumb":{"@id":"https:\/\/www.vonin.com\/no\/product\/aleruse\/#breadcrumb"},"inLanguage":"nb-NO","potentialAction":[{"@type":"ReadAction","target":["https:\/\/www.vonin.com\/no\/product\/aleruse\/"]}]},{"@type":"ImageObject","inLanguage":"nb-NO","@id":"https:\/\/www.vonin.com\/no\/product\/aleruse\/#primaryimage","url":"https:\/\/www.vonin.com\/wp-content\/uploads\/2022\/11\/Aleruse.jpg","contentUrl":"https:\/\/www.vonin.com\/wp-content\/uploads\/2022\/11\/Aleruse.jpg"},{"@type":"BreadcrumbList","@id":"https:\/\/www.vonin.com\/no\/product\/aleruse\/#breadcrumb","itemListElement":[{"@type":"ListItem","position":1,"name":"V\u00f3nin","item":"https:\/\/www.vonin.com\/no\/"},{"@type":"ListItem","position":2,"name":"V\u00f8rur","item":"https:\/\/www.vonin.com\/product\/"},{"@type":"ListItem","position":3,"name":"\u00c5leruse"}]},{"@type":"WebSite","@id":"https:\/\/www.vonin.com\/#website","url":"https:\/\/www.vonin.com\/","name":"V\u00f3nin","description":"V\u00f3nin is a major developer and manufacturer of high quality fishing gear and aquaculture equipment as well as supplying equipment to the offshore industry and land based industry.","potentialAction":[{"@type":"SearchAction","target":{"@type":"EntryPoint","urlTemplate":"https:\/\/www.vonin.com\/?s={search_term_string}"},"query-input":{"@type":"PropertyValueSpecification","valueRequired":true,"valueName":"search_term_string"}}],"inLanguage":"nb-NO"}]}},"_links":{"self":[{"href":"https:\/\/www.vonin.com\/no\/wp-json\/wp\/v2\/product\/12760","targetHints":{"allow":["GET"]}}],"collection":[{"href":"https:\/\/www.vonin.com\/no\/wp-json\/wp\/v2\/product"}],"about":[{"href":"https:\/\/www.vonin.com\/no\/wp-json\/wp\/v2\/types\/product"}],"wp:attachment":[{"href":"https:\/\/www.vonin.com\/no\/wp-json\/wp\/v2\/media?parent=12760"}],"wp:term":[{"taxonomy":"post_tag","embeddable":true,"href":"https:\/\/www.vonin.com\/no\/wp-json\/wp\/v2\/tags?post=12760"},{"taxonomy":"product_categories","embeddable":true,"href":"https:\/\/www.vonin.com\/no\/wp-json\/wp\/v2\/product_categories?post=12760"}],"curies":[{"name":"wp","href":"https:\/\/api.w.org\/{rel}","templated":true}]}}