{"id":12757,"date":"2022-12-12T09:20:48","date_gmt":"2022-12-12T09:20:48","guid":{"rendered":"https:\/\/www.vonin.com\/?post_type=product&#038;p=12757"},"modified":"2022-12-12T09:20:48","modified_gmt":"2022-12-12T09:20:48","slug":"polar-fisketeine","status":"publish","type":"product","link":"https:\/\/www.vonin.com\/no\/product\/polar-fisketeine\/","title":{"rendered":"Polar fisketeine"},"content":{"rendered":"\n<h1 class=\"wp-block-heading\">Polar Fisketeine<\/h1>\n\n\n\n<p>Polar Fisketeiene er teinen som aldri slutter \u00e5 overraske. Der er flere og flere fiskere som bruker fisketeinen fra V\u00f3nin Refa som sitt hovedredskap. Teinefiske gir en bedre markedspris p\u00e5 fisken. Teinen har ogs\u00e5 vist seg \u00e5 v\u00e6re sv\u00e6rt effektiv til krepsefiske.<\/p>\n\n\n\n<p>Teinen er laget av kraftig impregnert notlin. Den har to etasjer med agnposer. Den har glidel\u00e5s b\u00e5de i \u00f8vre og nedre del. Teinen har 2 innganger i nylon monofilament. Det er et 10 mm beskyttelses tau rundt bunnrammen.<br><br>Agnposen er 38 cm lang, og den er laget av 1,8 mm bl\u00e5 PE.<\/p>\n\n\n\n<p>L 1,5 m x B 1,0 m x H 1,2 m 3 aluminiumsrammer<br>L 1,5 m x B 1,0 m x H 1,2 m 2 aluminiumsrammer + 1 st\u00e5lramme<br>L 1,3 m x B 0,8 m x H 1,2 m 2 aluminiumsramme + 1 st\u00e5lramme<\/p>\n","protected":false},"excerpt":{"rendered":"<p>Polar Fisketeine Polar Fisketeiene er teinen som aldri slutter \u00e5 overraske. Der er flere og flere fiskere som bruker fisketeinen fra V\u00f3nin Refa som sitt hovedredskap. Teinefiske gir en bedre markedspris p\u00e5 fisken. Teinen har ogs\u00e5 vist seg \u00e5 v\u00e6re sv\u00e6rt effektiv til krepsefiske. Teinen er laget av kraftig impregnert notlin. Den har to etasjer [&hellip;]<\/p>\n","protected":false},"featured_media":0,"parent":0,"template":"","tags":[],"product_categories":[],"class_list":["post-12757","product","type-product","status-publish","hentry"],"acf":[],"yoast_head":"<!-- This site is optimized with the Yoast SEO plugin v27.5 - https:\/\/yoast.com\/product\/yoast-seo-wordpress\/ -->\n<title>Polar fisketeine - V\u00f3nin<\/title>\n<meta name=\"robots\" content=\"index, follow, max-snippet:-1, max-image-preview:large, max-video-preview:-1\" \/>\n<link rel=\"canonical\" href=\"https:\/\/www.vonin.com\/no\/product\/polar-fisketeine\/\" \/>\n<meta property=\"og:locale\" content=\"nb_NO\" \/>\n<meta property=\"og:type\" content=\"article\" \/>\n<meta property=\"og:title\" content=\"Polar fisketeine - V\u00f3nin\" \/>\n<meta property=\"og:description\" content=\"Polar Fisketeine Polar Fisketeiene er teinen som aldri slutter \u00e5 overraske. Der er flere og flere fiskere som bruker fisketeinen fra V\u00f3nin Refa som sitt hovedredskap. Teinefiske gir en bedre markedspris p\u00e5 fisken. Teinen har ogs\u00e5 vist seg \u00e5 v\u00e6re sv\u00e6rt effektiv til krepsefiske. Teinen er laget av kraftig impregnert notlin. Den har to etasjer [&hellip;]\" \/>\n<meta property=\"og:url\" content=\"https:\/\/www.vonin.com\/no\/product\/polar-fisketeine\/\" \/>\n<meta property=\"og:site_name\" content=\"V\u00f3nin\" \/>\n<meta name=\"twitter:card\" content=\"summary_large_image\" \/>\n<meta name=\"twitter:label1\" content=\"Ansl. lesetid\" \/>\n\t<meta name=\"twitter:data1\" content=\"1 minutt\" \/>\n<script type=\"application\/ld+json\" class=\"yoast-schema-graph\">{\"@context\":\"https:\\\/\\\/schema.org\",\"@graph\":[{\"@type\":\"WebPage\",\"@id\":\"https:\\\/\\\/www.vonin.com\\\/no\\\/product\\\/polar-fisketeine\\\/\",\"url\":\"https:\\\/\\\/www.vonin.com\\\/no\\\/product\\\/polar-fisketeine\\\/\",\"name\":\"Polar fisketeine - V\u00f3nin\",\"isPartOf\":{\"@id\":\"https:\\\/\\\/www.vonin.com\\\/#website\"},\"datePublished\":\"2022-12-12T09:20:48+00:00\",\"breadcrumb\":{\"@id\":\"https:\\\/\\\/www.vonin.com\\\/no\\\/product\\\/polar-fisketeine\\\/#breadcrumb\"},\"inLanguage\":\"nb-NO\",\"potentialAction\":[{\"@type\":\"ReadAction\",\"target\":[\"https:\\\/\\\/www.vonin.com\\\/no\\\/product\\\/polar-fisketeine\\\/\"]}]},{\"@type\":\"BreadcrumbList\",\"@id\":\"https:\\\/\\\/www.vonin.com\\\/no\\\/product\\\/polar-fisketeine\\\/#breadcrumb\",\"itemListElement\":[{\"@type\":\"ListItem\",\"position\":1,\"name\":\"V\u00f3nin\",\"item\":\"https:\\\/\\\/www.vonin.com\\\/no\\\/\"},{\"@type\":\"ListItem\",\"position\":2,\"name\":\"V\u00f8rur\",\"item\":\"https:\\\/\\\/www.vonin.com\\\/product\\\/\"},{\"@type\":\"ListItem\",\"position\":3,\"name\":\"Polar fisketeine\"}]},{\"@type\":\"WebSite\",\"@id\":\"https:\\\/\\\/www.vonin.com\\\/#website\",\"url\":\"https:\\\/\\\/www.vonin.com\\\/\",\"name\":\"V\u00f3nin\",\"description\":\"V\u00f3nin is a major developer and manufacturer of high quality fishing gear and aquaculture equipment as well as supplying equipment to the offshore industry and land based industry.\",\"potentialAction\":[{\"@type\":\"SearchAction\",\"target\":{\"@type\":\"EntryPoint\",\"urlTemplate\":\"https:\\\/\\\/www.vonin.com\\\/?s={search_term_string}\"},\"query-input\":{\"@type\":\"PropertyValueSpecification\",\"valueRequired\":true,\"valueName\":\"search_term_string\"}}],\"inLanguage\":\"nb-NO\"}]}<\/script>\n<!-- \/ Yoast SEO plugin. -->","yoast_head_json":{"title":"Polar fisketeine - V\u00f3nin","robots":{"index":"index","follow":"follow","max-snippet":"max-snippet:-1","max-image-preview":"max-image-preview:large","max-video-preview":"max-video-preview:-1"},"canonical":"https:\/\/www.vonin.com\/no\/product\/polar-fisketeine\/","og_locale":"nb_NO","og_type":"article","og_title":"Polar fisketeine - V\u00f3nin","og_description":"Polar Fisketeine Polar Fisketeiene er teinen som aldri slutter \u00e5 overraske. Der er flere og flere fiskere som bruker fisketeinen fra V\u00f3nin Refa som sitt hovedredskap. Teinefiske gir en bedre markedspris p\u00e5 fisken. Teinen har ogs\u00e5 vist seg \u00e5 v\u00e6re sv\u00e6rt effektiv til krepsefiske. Teinen er laget av kraftig impregnert notlin. Den har to etasjer [&hellip;]","og_url":"https:\/\/www.vonin.com\/no\/product\/polar-fisketeine\/","og_site_name":"V\u00f3nin","twitter_card":"summary_large_image","twitter_misc":{"Ansl. lesetid":"1 minutt"},"schema":{"@context":"https:\/\/schema.org","@graph":[{"@type":"WebPage","@id":"https:\/\/www.vonin.com\/no\/product\/polar-fisketeine\/","url":"https:\/\/www.vonin.com\/no\/product\/polar-fisketeine\/","name":"Polar fisketeine - V\u00f3nin","isPartOf":{"@id":"https:\/\/www.vonin.com\/#website"},"datePublished":"2022-12-12T09:20:48+00:00","breadcrumb":{"@id":"https:\/\/www.vonin.com\/no\/product\/polar-fisketeine\/#breadcrumb"},"inLanguage":"nb-NO","potentialAction":[{"@type":"ReadAction","target":["https:\/\/www.vonin.com\/no\/product\/polar-fisketeine\/"]}]},{"@type":"BreadcrumbList","@id":"https:\/\/www.vonin.com\/no\/product\/polar-fisketeine\/#breadcrumb","itemListElement":[{"@type":"ListItem","position":1,"name":"V\u00f3nin","item":"https:\/\/www.vonin.com\/no\/"},{"@type":"ListItem","position":2,"name":"V\u00f8rur","item":"https:\/\/www.vonin.com\/product\/"},{"@type":"ListItem","position":3,"name":"Polar fisketeine"}]},{"@type":"WebSite","@id":"https:\/\/www.vonin.com\/#website","url":"https:\/\/www.vonin.com\/","name":"V\u00f3nin","description":"V\u00f3nin is a major developer and manufacturer of high quality fishing gear and aquaculture equipment as well as supplying equipment to the offshore industry and land based industry.","potentialAction":[{"@type":"SearchAction","target":{"@type":"EntryPoint","urlTemplate":"https:\/\/www.vonin.com\/?s={search_term_string}"},"query-input":{"@type":"PropertyValueSpecification","valueRequired":true,"valueName":"search_term_string"}}],"inLanguage":"nb-NO"}]}},"_links":{"self":[{"href":"https:\/\/www.vonin.com\/no\/wp-json\/wp\/v2\/product\/12757","targetHints":{"allow":["GET"]}}],"collection":[{"href":"https:\/\/www.vonin.com\/no\/wp-json\/wp\/v2\/product"}],"about":[{"href":"https:\/\/www.vonin.com\/no\/wp-json\/wp\/v2\/types\/product"}],"wp:attachment":[{"href":"https:\/\/www.vonin.com\/no\/wp-json\/wp\/v2\/media?parent=12757"}],"wp:term":[{"taxonomy":"post_tag","embeddable":true,"href":"https:\/\/www.vonin.com\/no\/wp-json\/wp\/v2\/tags?post=12757"},{"taxonomy":"product_categories","embeddable":true,"href":"https:\/\/www.vonin.com\/no\/wp-json\/wp\/v2\/product_categories?post=12757"}],"curies":[{"name":"wp","href":"https:\/\/api.w.org\/{rel}","templated":true}]}}