{"id":12206,"date":"2022-10-07T13:18:18","date_gmt":"2022-10-07T13:18:18","guid":{"rendered":"https:\/\/www.vonin.com\/?post_type=product&#038;p=12206"},"modified":"2023-03-14T11:17:41","modified_gmt":"2023-03-14T11:17:41","slug":"polarline","status":"publish","type":"product","link":"https:\/\/www.vonin.com\/no\/product\/polarline\/","title":{"rendered":"Polarline"},"content":{"rendered":"\n<div class=\"wp-block-cover alignfull is-light\" style=\"min-height:617px;aspect-ratio:unset;\"><span aria-hidden=\"true\" class=\"wp-block-cover__background has-background-dim\"><\/span><img loading=\"lazy\" decoding=\"async\" width=\"1920\" height=\"1280\" class=\"wp-block-cover__image-background wp-image-12542\" alt=\"Polarline\" src=\"https:\/\/www.vonin.com\/wp-content\/uploads\/2022\/10\/polarline1.jpg\" style=\"object-position:54% 61%\" data-object-fit=\"cover\" data-object-position=\"54% 61%\" srcset=\"https:\/\/www.vonin.com\/wp-content\/uploads\/2022\/10\/polarline1.jpg 1920w, https:\/\/www.vonin.com\/wp-content\/uploads\/2022\/10\/polarline1-800x533.jpg 800w, https:\/\/www.vonin.com\/wp-content\/uploads\/2022\/10\/polarline1-1600x1067.jpg 1600w, https:\/\/www.vonin.com\/wp-content\/uploads\/2022\/10\/polarline1-768x512.jpg 768w, https:\/\/www.vonin.com\/wp-content\/uploads\/2022\/10\/polarline1-200x133.jpg 200w, https:\/\/www.vonin.com\/wp-content\/uploads\/2022\/10\/polarline1-1536x1024.jpg 1536w\" sizes=\"auto, (max-width: 1920px) 100vw, 1920px\" \/><div class=\"wp-block-cover__inner-container is-layout-flow wp-block-cover-is-layout-flow\">\n<h2 class=\"has-text-align-center has-white-color has-text-color has-large-font-size wp-block-heading\">Polarline<\/h2>\n<\/div><\/div>\n\n\n\n<div style=\"height:60px\" aria-hidden=\"true\" class=\"wp-block-spacer\"><\/div>\n\n\n\n<h2 class=\"wp-block-heading\">Hvorfor velge v\u00e5r Polarline til ditt linefiske?<\/h2>\n\n\n\n<p>V\u00f3nin Refa har utviklet og kvalitetssikret v\u00e5rt produkt: POLARLINE, i et n\u00e6rt samarbeid med innovative fiskere i hele Norge over lang tid. &nbsp;Den er en kjent sn\u00f8reline blant yrkes og fritidsfiskere fra nord til s\u00f8r, og har opparbeidet et godt rykte som vi er stolte av. Lina kalles ogs\u00e5 for botnline.<\/p>\n\n\n\n<div style=\"height:30px\" aria-hidden=\"true\" class=\"wp-block-spacer\"><\/div>\n\n\n\n<div class=\"wp-block-columns is-layout-flex wp-container-core-columns-is-layout-9d6595d7 wp-block-columns-is-layout-flex\">\n<div class=\"wp-block-column is-layout-flow wp-block-column-is-layout-flow\" style=\"flex-basis:33.33%\">\n<figure class=\"wp-block-image size-large\"><img loading=\"lazy\" decoding=\"async\" width=\"1600\" height=\"1067\" src=\"https:\/\/www.vonin.com\/wp-content\/uploads\/2022\/10\/polarline2-1600x1067.jpg\" alt=\"\" class=\"wp-image-12545\" srcset=\"https:\/\/www.vonin.com\/wp-content\/uploads\/2022\/10\/polarline2-1600x1067.jpg 1600w, https:\/\/www.vonin.com\/wp-content\/uploads\/2022\/10\/polarline2-800x533.jpg 800w, https:\/\/www.vonin.com\/wp-content\/uploads\/2022\/10\/polarline2-768x512.jpg 768w, https:\/\/www.vonin.com\/wp-content\/uploads\/2022\/10\/polarline2-200x133.jpg 200w, https:\/\/www.vonin.com\/wp-content\/uploads\/2022\/10\/polarline2-1536x1024.jpg 1536w, https:\/\/www.vonin.com\/wp-content\/uploads\/2022\/10\/polarline2.jpg 1920w\" sizes=\"auto, (max-width: 1600px) 100vw, 1600px\" \/><\/figure>\n<\/div>\n\n\n\n<div class=\"wp-block-column is-layout-flow wp-block-column-is-layout-flow\" style=\"flex-basis:66.66%\">\n<p>Lina er av meget god taukvalitet med h\u00f8y bruddstyrke og en kraftig svivel med gode rotasjons- egenskaper. Fiskelina er godt impregnert for lang levetid og enkel \u00e5 bruke. <\/p>\n\n\n\n<p>Polarlina er etter v\u00e5re kunders uttalelser lett \u00e5 egne, har utmerkede kveileegenskaper og den har gitt gode fangstresultater i de ulike fiskeriene igjennom mange \u00e5r.<\/p>\n<\/div>\n<\/div>\n\n\n\n<div style=\"height:30px\" aria-hidden=\"true\" class=\"wp-block-spacer\"><\/div>\n\n\n\n<p>En del av egnesentralene langs kysten bruker v\u00e5r line med gode tilbakemeldinger. Denne lina kan ogs\u00e5 brukes p\u00e5 longline systemene til Oilwind, som vi er eneforhandler av i Norge.<\/p>\n\n\n\n<div style=\"height:30px\" aria-hidden=\"true\" class=\"wp-block-spacer\"><\/div>\n\n\n\n<div class=\"wp-block-columns is-layout-flex wp-container-core-columns-is-layout-9d6595d7 wp-block-columns-is-layout-flex\">\n<div class=\"wp-block-column is-layout-flow wp-block-column-is-layout-flow\">\n<blockquote class=\"wp-block-quote is-layout-flow wp-block-quote-is-layout-flow\">\n<div style=\"height:30px\" aria-hidden=\"true\" class=\"wp-block-spacer\"><\/div>\n\n\n\n<p>Vi kan levere 3.0 mm, 4.0 mm, 5.0 mm og 5.5 mm med annet swl antall enn oppgitt, samt lengde \u00e0 540 m. <\/p>\n\n\n\n<p>Farge: gul p\u00e5 lager, r\u00f8d p\u00e5 bestilling.<\/p>\n\n\n\n<p>Ta kontakt med en av v\u00e5re selgere for mer utfyllende informasjon.<\/p>\n\n\n\n<div style=\"height:30px\" aria-hidden=\"true\" class=\"wp-block-spacer\"><\/div>\n<\/blockquote>\n<\/div>\n\n\n\n<div class=\"wp-block-column is-layout-flow wp-block-column-is-layout-flow\">\n<div id=\"read-more-block_5cf43248e8ffe2f87ba90f30e116a667\" class=\"beak-read-more\">\n    <div class=\"read-more--inner-container\" style=\"min-height: 430px;\">\n        \n\n<figure class=\"wp-block-table\"><table class=\"has-fixed-layout\"><thead><tr><th>Diameter<\/th><th>Lengde<\/th><th>Svivel<\/th><\/tr><\/thead><tbody><tr><td>3,0 mm<\/td><td>540 m<\/td><td>300 swl<\/td><\/tr><tr><td>3,0 mm<\/td><td>540 m<\/td><td>360 swl<\/td><\/tr><tr><td>3,0 mm<\/td><td>540 m<\/td><td>411 swl<\/td><\/tr><tr><td><\/td><td><\/td><td><\/td><\/tr><tr><td>3,5 mm<\/td><td>540 m<\/td><td>300 swl<\/td><\/tr><tr><td>3,5 mm<\/td><td>540 m<\/td><td>360 swl<\/td><\/tr><tr><td>3,5 mm<\/td><td>540 m<\/td><td>411 swl<\/td><\/tr><tr><td>3,5 mm<\/td><td>625 m<\/td><td>500 swl<\/td><\/tr><tr><td><\/td><td><\/td><td><\/td><\/tr><tr><td>4,0 mm<\/td><td>180 m<\/td><td>12 swl<\/td><\/tr><tr><td>4,0 mm<\/td><td>180 m<\/td><td>15 swl<\/td><\/tr><tr><td>4,0 mm<\/td><td>540 m<\/td><td>36 swl<\/td><\/tr><tr><td>4,0 mm<\/td><td>540 m<\/td><td>45 swl<\/td><\/tr><tr><td>4,0 mm<\/td><td>540 m<\/td><td>300 swl<\/td><\/tr><tr><td>4,0 mm<\/td><td>540 m<\/td><td>360 swl<\/td><\/tr><tr><td>4,0 mm<\/td><td>540 m<\/td><td>411 swl<\/td><\/tr><tr><td><\/td><td><\/td><td><\/td><\/tr><tr><td>4,5 mm<\/td><td>540 m<\/td><td>45 swl<\/td><\/tr><tr><td>4,5 mm<\/td><td>540 m<\/td><td>300 swl<\/td><\/tr><tr><td>4,5 mm<\/td><td>540 m<\/td><td>360 swl<\/td><\/tr><tr><td>4,5 mm<\/td><td>540 m<\/td><td>411 swl<\/td><\/tr><tr><td><\/td><td><\/td><td><\/td><\/tr><tr><td>5,0 mm<\/td><td>540 swl<\/td><td>45 swl<\/td><\/tr><tr><td>5,0 mm<\/td><td>540 swl<\/td><td>300 swl<\/td><\/tr><tr><td>5,0 mm<\/td><td>540 swl<\/td><td>360 swl<\/td><\/tr><tr><td>5,0 mm<\/td><td>540 swl<\/td><td>411 swl<\/td><\/tr><tr><td><\/td><td><\/td><td><\/td><\/tr><tr><td>5,5 mm<\/td><td>540 m<\/td><td>300 swl<\/td><\/tr><tr><td>5,5 mm<\/td><td>540 m<\/td><td>360 swl<\/td><\/tr><tr><td>5,5 mm<\/td><td>540 m<\/td><td>411 swl<\/td><\/tr><\/tbody><\/table><\/figure>\n\n\n    <\/div>\n\n    <div class=\"read-more--button btn has-blue-color has-white-background-color\" data-read-more=\"Read more\" data-read-less=\"Read less\">Read more<\/div>\n<\/div><\/div>\n<\/div>\n\n\n\n<p><\/p>\n\n\n\n<div style=\"height:30px\" aria-hidden=\"true\" class=\"wp-block-spacer\"><\/div>\n\n\n\n<div style=\"height:30px\" aria-hidden=\"true\" class=\"wp-block-spacer\"><\/div>\n\n\n\n<hr class=\"wp-block-separator has-css-opacity is-style-wide\"\/>\n\n\n\n<h2 class=\"wp-block-heading\">Salgsteam<\/h2>\n\n\n\n<script>\n    employeeBlockData['employees-block_37d4abb72584ce21d1f62dfbbb337132'] = '[{\"title\":\"Sumalee P. Johansen\",\"job_title\":\"Garnmontering \\u2013 Kyst\",\"phone\":\"+47 40 39 92 28\",\"email\":\"boteri.alta@refa.fo\",\"permalink\":\"https:\\\/\\\/www.vonin.com\\\/no\\\/contacts\\\/sumalee-phonsena-johansen\\\/\",\"post_id\":29569,\"thumbnail_id\":33811,\"image\":\"https:\\\/\\\/www.vonin.com\\\/wp-content\\\/uploads\\\/2024\\\/01\\\/sumalee1-800x533.jpg\",\"image_width\":800,\"image_height\":533,\"focal_points\":\"57.4445% 18.6150%\"},{\"title\":\"John Philip Olsen\",\"job_title\":\"Selger - Butikk \\\/ Kyst\",\"phone\":\"+47 95 15 86 94\",\"email\":\"john.olsen@refa.no\",\"permalink\":\"https:\\\/\\\/www.vonin.com\\\/no\\\/contacts\\\/john-philip-olsen\\\/\",\"post_id\":12055,\"thumbnail_id\":13184,\"image\":\"https:\\\/\\\/www.vonin.com\\\/wp-content\\\/uploads\\\/2021\\\/03\\\/John-Phillip-Olsen-800x533.jpg\",\"image_width\":800,\"image_height\":533,\"focal_points\":\"53.8342% 2.8110%\"},{\"title\":\"Arnt-Hugo Gundersen\",\"job_title\":\"Segmentleder - Kyst\",\"phone\":\"+47 90 20 61 27\",\"email\":\"arnt.gundersen@refa.no\",\"permalink\":\"https:\\\/\\\/www.vonin.com\\\/no\\\/contacts\\\/12060\\\/\",\"post_id\":12060,\"thumbnail_id\":81085,\"image\":\"https:\\\/\\\/www.vonin.com\\\/wp-content\\\/uploads\\\/2022\\\/09\\\/Arnt-Hugo-Gundersen-800x533.jpg\",\"image_width\":800,\"image_height\":533,\"focal_points\":\"48.4532% 7.8550%\"},{\"title\":\"Steinar Jensen\",\"job_title\":\"Selger - Butikk\",\"phone\":\"+47 47 67 85 82\",\"email\":\"steinar.jensen@refa.no\",\"permalink\":\"https:\\\/\\\/www.vonin.com\\\/no\\\/contacts\\\/steinar-jensen\\\/\",\"post_id\":12052,\"thumbnail_id\":13991,\"image\":\"https:\\\/\\\/www.vonin.com\\\/wp-content\\\/uploads\\\/2021\\\/03\\\/steinar-jensen-800x533.jpg\",\"image_width\":800,\"image_height\":533,\"focal_points\":\"50.6177% 0.4950%\"},{\"title\":\"Vegar Fagerli\",\"job_title\":\"Avdelingsleder \\\/ Salg Kyst\",\"phone\":\"+47 48 18 73 91\",\"email\":\"vegar.fagerli@refa.no\",\"permalink\":\"https:\\\/\\\/www.vonin.com\\\/no\\\/contacts\\\/vegar-fagerli\\\/\",\"post_id\":12054,\"thumbnail_id\":13172,\"image\":\"https:\\\/\\\/www.vonin.com\\\/wp-content\\\/uploads\\\/2021\\\/03\\\/vegar-fagerli-800x533.jpg\",\"image_width\":800,\"image_height\":533,\"focal_points\":\"51.3366% 0.8109%\"},{\"title\":\"Alf Jeremiassen\",\"job_title\":\"Avdelingsleder - Selger Kyst\",\"phone\":\"+47 95 03 71 03\",\"email\":\"alf.jeremiassen@refa.no\",\"permalink\":\"https:\\\/\\\/www.vonin.com\\\/no\\\/contacts\\\/alf-jeremiassen\\\/\",\"post_id\":12056,\"thumbnail_id\":14003,\"image\":\"https:\\\/\\\/www.vonin.com\\\/wp-content\\\/uploads\\\/2021\\\/03\\\/alf-jeremiassen-800x533.jpg\",\"image_width\":800,\"image_height\":533,\"focal_points\":\"52.9487% 0.0100%\"},{\"title\":\"Fritz-Erik Hallangen\",\"job_title\":\"Selger - Kyst \\\/ Snurrevad\",\"phone\":\"+47 95 45 49 90\",\"email\":\"frits.hallangen@refa.no\",\"permalink\":\"https:\\\/\\\/www.vonin.com\\\/no\\\/contacts\\\/fritz-erik-hallangen\\\/\",\"post_id\":12057,\"thumbnail_id\":13166,\"image\":\"https:\\\/\\\/www.vonin.com\\\/wp-content\\\/uploads\\\/2021\\\/03\\\/Fritz-Erik-Hallanger-1-800x533.jpg\",\"image_width\":800,\"image_height\":533,\"focal_points\":\"47.5070% 2.3109%\"},{\"title\":\"Ronny M\\u00f8rch\",\"job_title\":\"Selger - Kyst & Not\",\"phone\":\"+47 45 60 11 15\",\"email\":\"ronny.morch@refa.no\",\"permalink\":\"https:\\\/\\\/www.vonin.com\\\/no\\\/contacts\\\/ronny-morch\\\/\",\"post_id\":12061,\"thumbnail_id\":14000,\"image\":\"https:\\\/\\\/www.vonin.com\\\/wp-content\\\/uploads\\\/2021\\\/03\\\/ronny-morch-800x533.jpg\",\"image_width\":800,\"image_height\":533,\"focal_points\":\"52.2827% 0.0000%\"}]';\n<\/script>\n\n\n<div id=\"employees-block_37d4abb72584ce21d1f62dfbbb337132\" class=\"beak-employees\">\n    \n            <div class=\"employee-message-modal--tint\" v-if=\"selectedEmployee\" :class=\"{ 'is-visible': selectedEmployee }\"><\/div>\n<div class=\"employee-message-modal\" v-if=\"selectedEmployee\" :class=\"{ 'is-visible': selectedEmployee }\">\n    <div class=\"employee-message--content\">\n        <a href=\"#\" @click.prevent=\"toggleModal(null)\" class=\"emp-modal-close\"><img decoding=\"async\" src=\"https:\/\/www.vonin.com\/wp-content\/themes\/beak-vonin\/images\/icon-plus.svg\" class=\"injectable\" \/><\/a>\n        <h3 v-if=\"selectedEmployee\">Send e-post til:<br \/> <b>{{selectedEmployee.title}}<\/b><\/h3>\n\n        <div class=\"form-errors\" v-if=\"formErrors &#038;&#038; formErrors.length &#62; 0\">\n            <ul>\n                <li v-for=\"error in formErrors\">{{error}}<\/li>\n            <\/ul>\n        <\/div>\n\n        <p v-if=\"formSent\"><b>Din melding har blitt sendt.<\/b><\/p>\n\n        <div v-if=\"!formSent\">\n            <div class=\"form-input\">\n                <label>Navn<span class=\"required\">*<\/span><\/label>\n                <input type=\"text\" v-model=\"sendEmailForm.name\" \/>\n            <\/div>\n\n            <div class=\"form-input\">\n                <label>Selskap<span class=\"required\">*<\/span><\/label>\n                <input type=\"text\" v-model=\"sendEmailForm.company\" \/>\n            <\/div>\n\n            <div class=\"form-input\">\n                <label>E-post<span class=\"required\">*<\/span><\/label>\n                <input type=\"email\" v-model=\"sendEmailForm.email\" \/>\n            <\/div>\n\n            <div class=\"form-input\">\n                <label>Telefon<span class=\"required\">*<\/span><\/label>\n                <input type=\"text\" v-model=\"sendEmailForm.phone\" \/>\n            <\/div>\n\n            <div class=\"form-input\">\n                <label>Beskjed<span class=\"required\">*<\/span><\/label>\n                <textarea type=\"text\" v-model=\"sendEmailForm.message\"><\/textarea>\n            <\/div>\n\n            <input type=\"hidden\" v-model=\"sendEmailForm.formLumpari\" \/>\n\n            <button @click=\"sendMessage()\" :class=\"{ disabled: formPosting || (formSubmitted &#038;&#038; !formIsValid) }\">Send<\/button>\n        <\/div>\n    <\/div>\n<\/div>    \n            <div class=\"employee-cards\" v-if=\"people\">\n            <div v-for=\"(employee, index) in people\" class=\"employee-card swiper-slide\">\n    <div v-if=\"employee.image\" class=\"employee-card--content-image\">\n        <img v-if=\"employee.image\" :src=\"employee.image\" alt=\"\" :width=\"employee.image_width\" :height=\"employee.image_height\" :style=\"`object-position: ${employee.focal_points}`\" \/>\n    <\/div>\n\n    <div class=\"employee-card--content-text\">\n        <div v-if=\"employee.title\" class=\"employee-name\">{{ employee.title }}<\/div>\n\n        <div v-if=\"employee.people_locations?.length\" class=\"employee-location\">{{ getLocations(employee) }}<\/div>\n\n        <div v-if=\"employee.job_title\" class=\"employee-title\">{{ employee.job_title }}<\/div>\n\n        <div class=\"employee-contact\">\n            <div v-if=\"employee.phone\" class=\"employee-contact--item employee-contact--phone\">\n                <span>Telefon:<\/span>\n\n                <a :href=\"'tel:'+employee.phone\">{{ employee.phone }}<\/a>\n            <\/div>\n\n            <a href=\"#\" @click.prevent=\"toggleModal(employee)\" class=\"employee-send-email\">Send e-post<\/a>\n        <\/div>\n    <\/div>\n<\/div>        <\/div>\n    <\/div>\n\n\n<div style=\"height:30px\" aria-hidden=\"true\" class=\"wp-block-spacer\"><\/div>\n\n\n\n<div style=\"height:60px\" aria-hidden=\"true\" class=\"wp-block-spacer\"><\/div>\n","protected":false},"excerpt":{"rendered":"<p>V\u00f3nin Refa har utviklet polarlinen i et n\u00e6rt samarbeid med innovative fiskere. Linen er av god kvalitet med h\u00f8y bruddstyrke.<\/p>\n","protected":false},"featured_media":12495,"parent":0,"template":"","tags":[],"product_categories":[],"class_list":["post-12206","product","type-product","status-publish","has-post-thumbnail","hentry"],"acf":[],"yoast_head":"<!-- This site is optimized with the Yoast SEO plugin v27.6 - https:\/\/yoast.com\/product\/yoast-seo-wordpress\/ -->\n<title>Polarline - V\u00f3nin<\/title>\n<meta name=\"robots\" content=\"index, follow, max-snippet:-1, max-image-preview:large, max-video-preview:-1\" \/>\n<link rel=\"canonical\" href=\"https:\/\/www.vonin.com\/no\/product\/polarline\/\" \/>\n<meta property=\"og:locale\" content=\"nb_NO\" \/>\n<meta property=\"og:type\" content=\"article\" \/>\n<meta property=\"og:title\" content=\"Polarline - V\u00f3nin\" \/>\n<meta property=\"og:description\" content=\"V\u00f3nin Refa har utviklet polarlinen i et n\u00e6rt samarbeid med innovative fiskere. Linen er av god kvalitet med h\u00f8y bruddstyrke.\" \/>\n<meta property=\"og:url\" content=\"https:\/\/www.vonin.com\/no\/product\/polarline\/\" \/>\n<meta property=\"og:site_name\" content=\"V\u00f3nin\" \/>\n<meta property=\"article:modified_time\" content=\"2023-03-14T11:17:41+00:00\" \/>\n<meta property=\"og:image\" content=\"https:\/\/www.vonin.com\/wp-content\/uploads\/2022\/10\/polar-line-1.jpg\" \/>\n\t<meta property=\"og:image:width\" content=\"1920\" \/>\n\t<meta property=\"og:image:height\" content=\"1280\" \/>\n\t<meta property=\"og:image:type\" content=\"image\/jpeg\" \/>\n<meta name=\"twitter:card\" content=\"summary_large_image\" \/>\n<meta name=\"twitter:label1\" content=\"Ansl. lesetid\" \/>\n\t<meta name=\"twitter:data1\" content=\"3 minutter\" \/>\n<script type=\"application\/ld+json\" class=\"yoast-schema-graph\">{\"@context\":\"https:\\\/\\\/schema.org\",\"@graph\":[{\"@type\":\"WebPage\",\"@id\":\"https:\\\/\\\/www.vonin.com\\\/no\\\/product\\\/polarline\\\/\",\"url\":\"https:\\\/\\\/www.vonin.com\\\/no\\\/product\\\/polarline\\\/\",\"name\":\"Polarline - V\u00f3nin\",\"isPartOf\":{\"@id\":\"https:\\\/\\\/www.vonin.com\\\/#website\"},\"primaryImageOfPage\":{\"@id\":\"https:\\\/\\\/www.vonin.com\\\/no\\\/product\\\/polarline\\\/#primaryimage\"},\"image\":{\"@id\":\"https:\\\/\\\/www.vonin.com\\\/no\\\/product\\\/polarline\\\/#primaryimage\"},\"thumbnailUrl\":\"https:\\\/\\\/www.vonin.com\\\/wp-content\\\/uploads\\\/2022\\\/10\\\/polar-line-1.jpg\",\"datePublished\":\"2022-10-07T13:18:18+00:00\",\"dateModified\":\"2023-03-14T11:17:41+00:00\",\"breadcrumb\":{\"@id\":\"https:\\\/\\\/www.vonin.com\\\/no\\\/product\\\/polarline\\\/#breadcrumb\"},\"inLanguage\":\"nb-NO\",\"potentialAction\":[{\"@type\":\"ReadAction\",\"target\":[\"https:\\\/\\\/www.vonin.com\\\/no\\\/product\\\/polarline\\\/\"]}]},{\"@type\":\"ImageObject\",\"inLanguage\":\"nb-NO\",\"@id\":\"https:\\\/\\\/www.vonin.com\\\/no\\\/product\\\/polarline\\\/#primaryimage\",\"url\":\"https:\\\/\\\/www.vonin.com\\\/wp-content\\\/uploads\\\/2022\\\/10\\\/polar-line-1.jpg\",\"contentUrl\":\"https:\\\/\\\/www.vonin.com\\\/wp-content\\\/uploads\\\/2022\\\/10\\\/polar-line-1.jpg\",\"width\":1920,\"height\":1280},{\"@type\":\"BreadcrumbList\",\"@id\":\"https:\\\/\\\/www.vonin.com\\\/no\\\/product\\\/polarline\\\/#breadcrumb\",\"itemListElement\":[{\"@type\":\"ListItem\",\"position\":1,\"name\":\"V\u00f3nin\",\"item\":\"https:\\\/\\\/www.vonin.com\\\/no\\\/\"},{\"@type\":\"ListItem\",\"position\":2,\"name\":\"V\u00f8rur\",\"item\":\"https:\\\/\\\/www.vonin.com\\\/product\\\/\"},{\"@type\":\"ListItem\",\"position\":3,\"name\":\"Polarline\"}]},{\"@type\":\"WebSite\",\"@id\":\"https:\\\/\\\/www.vonin.com\\\/#website\",\"url\":\"https:\\\/\\\/www.vonin.com\\\/\",\"name\":\"V\u00f3nin\",\"description\":\"V\u00f3nin is a major developer and manufacturer of high quality fishing gear and aquaculture equipment as well as supplying equipment to the offshore industry and land based industry.\",\"potentialAction\":[{\"@type\":\"SearchAction\",\"target\":{\"@type\":\"EntryPoint\",\"urlTemplate\":\"https:\\\/\\\/www.vonin.com\\\/?s={search_term_string}\"},\"query-input\":{\"@type\":\"PropertyValueSpecification\",\"valueRequired\":true,\"valueName\":\"search_term_string\"}}],\"inLanguage\":\"nb-NO\"}]}<\/script>\n<!-- \/ Yoast SEO plugin. -->","yoast_head_json":{"title":"Polarline - V\u00f3nin","robots":{"index":"index","follow":"follow","max-snippet":"max-snippet:-1","max-image-preview":"max-image-preview:large","max-video-preview":"max-video-preview:-1"},"canonical":"https:\/\/www.vonin.com\/no\/product\/polarline\/","og_locale":"nb_NO","og_type":"article","og_title":"Polarline - V\u00f3nin","og_description":"V\u00f3nin Refa har utviklet polarlinen i et n\u00e6rt samarbeid med innovative fiskere. Linen er av god kvalitet med h\u00f8y bruddstyrke.","og_url":"https:\/\/www.vonin.com\/no\/product\/polarline\/","og_site_name":"V\u00f3nin","article_modified_time":"2023-03-14T11:17:41+00:00","og_image":[{"width":1920,"height":1280,"url":"https:\/\/www.vonin.com\/wp-content\/uploads\/2022\/10\/polar-line-1.jpg","type":"image\/jpeg"}],"twitter_card":"summary_large_image","twitter_misc":{"Ansl. lesetid":"3 minutter"},"schema":{"@context":"https:\/\/schema.org","@graph":[{"@type":"WebPage","@id":"https:\/\/www.vonin.com\/no\/product\/polarline\/","url":"https:\/\/www.vonin.com\/no\/product\/polarline\/","name":"Polarline - V\u00f3nin","isPartOf":{"@id":"https:\/\/www.vonin.com\/#website"},"primaryImageOfPage":{"@id":"https:\/\/www.vonin.com\/no\/product\/polarline\/#primaryimage"},"image":{"@id":"https:\/\/www.vonin.com\/no\/product\/polarline\/#primaryimage"},"thumbnailUrl":"https:\/\/www.vonin.com\/wp-content\/uploads\/2022\/10\/polar-line-1.jpg","datePublished":"2022-10-07T13:18:18+00:00","dateModified":"2023-03-14T11:17:41+00:00","breadcrumb":{"@id":"https:\/\/www.vonin.com\/no\/product\/polarline\/#breadcrumb"},"inLanguage":"nb-NO","potentialAction":[{"@type":"ReadAction","target":["https:\/\/www.vonin.com\/no\/product\/polarline\/"]}]},{"@type":"ImageObject","inLanguage":"nb-NO","@id":"https:\/\/www.vonin.com\/no\/product\/polarline\/#primaryimage","url":"https:\/\/www.vonin.com\/wp-content\/uploads\/2022\/10\/polar-line-1.jpg","contentUrl":"https:\/\/www.vonin.com\/wp-content\/uploads\/2022\/10\/polar-line-1.jpg","width":1920,"height":1280},{"@type":"BreadcrumbList","@id":"https:\/\/www.vonin.com\/no\/product\/polarline\/#breadcrumb","itemListElement":[{"@type":"ListItem","position":1,"name":"V\u00f3nin","item":"https:\/\/www.vonin.com\/no\/"},{"@type":"ListItem","position":2,"name":"V\u00f8rur","item":"https:\/\/www.vonin.com\/product\/"},{"@type":"ListItem","position":3,"name":"Polarline"}]},{"@type":"WebSite","@id":"https:\/\/www.vonin.com\/#website","url":"https:\/\/www.vonin.com\/","name":"V\u00f3nin","description":"V\u00f3nin is a major developer and manufacturer of high quality fishing gear and aquaculture equipment as well as supplying equipment to the offshore industry and land based industry.","potentialAction":[{"@type":"SearchAction","target":{"@type":"EntryPoint","urlTemplate":"https:\/\/www.vonin.com\/?s={search_term_string}"},"query-input":{"@type":"PropertyValueSpecification","valueRequired":true,"valueName":"search_term_string"}}],"inLanguage":"nb-NO"}]}},"_links":{"self":[{"href":"https:\/\/www.vonin.com\/no\/wp-json\/wp\/v2\/product\/12206","targetHints":{"allow":["GET"]}}],"collection":[{"href":"https:\/\/www.vonin.com\/no\/wp-json\/wp\/v2\/product"}],"about":[{"href":"https:\/\/www.vonin.com\/no\/wp-json\/wp\/v2\/types\/product"}],"wp:featuredmedia":[{"embeddable":true,"href":"https:\/\/www.vonin.com\/no\/wp-json\/wp\/v2\/media\/12495"}],"wp:attachment":[{"href":"https:\/\/www.vonin.com\/no\/wp-json\/wp\/v2\/media?parent=12206"}],"wp:term":[{"taxonomy":"post_tag","embeddable":true,"href":"https:\/\/www.vonin.com\/no\/wp-json\/wp\/v2\/tags?post=12206"},{"taxonomy":"product_categories","embeddable":true,"href":"https:\/\/www.vonin.com\/no\/wp-json\/wp\/v2\/product_categories?post=12206"}],"curies":[{"name":"wp","href":"https:\/\/api.w.org\/{rel}","templated":true}]}}