{"id":11948,"date":"2022-09-28T13:15:49","date_gmt":"2022-09-28T13:15:49","guid":{"rendered":"https:\/\/www.vonin.com\/?post_type=product&#038;p=11948"},"modified":"2023-03-09T13:34:58","modified_gmt":"2023-03-09T13:34:58","slug":"vonin-falcon","status":"publish","type":"product","link":"https:\/\/www.vonin.com\/no\/product\/vonin-falcon\/","title":{"rendered":"V\u00f3nin Falcon"},"content":{"rendered":"\n\n    <div id=\"video-cover-block_2b0274b986e637f9ab330fcd8521b4d9\" class=\"beak-video-cover alignfull content-top\" style=\" min-height: 100vh;\">\n        \n        <div class=\"video-placeholder\" data-video-src=\"https:\/\/player.vimeo.com\/external\/528854707.hd.mp4?s=ce243e818ebd683e674bd897889f76af5af61dab&#038;profile_id=175\">\n            <!-- You can add a thumbnail or any placeholder content here -->\n        <\/div>\n\n        <div class=\"cover--content container\">\n            \n\n<h2 class=\"has-text-align-center wp-block-heading\">V\u00f3nin Falcon<\/h2>\n\n\n\n<h4 class=\"has-text-align-center wp-block-heading\">Viktige m\u00e5larter: Makrell og Hestmakrell<\/h4>\n\n\n        <\/div>\n    <\/div>\n\n\n\n<div id=\"breadcrumbs-block_6ef35d51afcbbff884b67936769ca17e\" class=\"lunnar-breadcrumbs\">\n    \n    <p id=\"breadcrumbs\"><span><span><a href=\"https:\/\/www.vonin.com\/no\/\">V\u00f3nin<\/a><\/span><\/span><\/p>    \n<\/div>\n\n\n\n<div style=\"height:60px\" aria-hidden=\"true\" class=\"wp-block-spacer\"><\/div>\n\n\n\n<h2 class=\"wp-block-heading\">Pelagisk tr\u00e5l for h\u00f8yhastighetsfiske<\/h2>\n\n\n\n<p>Den pelagiske tr\u00e5len V\u00f3nin Falcon er designet for h\u00f8yhastighetsfiske. Med sine sekskantede masker i front og sin relativt kompakte belg er denne tr\u00e5len lett \u00e5 slepe ved alle dybder, og den fungerer ogs\u00e5 godt ved overflaten.<\/p>\n\n\n\n<div style=\"height:60px\" aria-hidden=\"true\" class=\"wp-block-spacer\"><\/div>\n\n\n\n<h2 class=\"wp-block-heading\">Lett man\u00f8vrerbar og treffsikker<\/h2>\n\n\n\n<p>Dette er den pelagiske tr\u00e5len for arter som er vanskelige \u00e5 fange \u2013 eller som beveger seg raskt. Falcon er bygd for \u00e5 v\u00e6re sterk, men det viktigste for oss har v\u00e6rt at skipperen raskt skal kunne sikte utstyret inn mot stimer i bevegelse.<\/p>\n\n\n\n<div style=\"height:60px\" aria-hidden=\"true\" class=\"wp-block-spacer\"><\/div>\n\n\n\n<figure class=\"wp-block-pullquote is-style-default has-border-color\" style=\"border-color:#EBEBEB\"><blockquote><p><mark style=\"background-color:rgba(0, 0, 0, 0)\" class=\"has-inline-color has-blue-color\">Viktige m\u00e5larter:<\/mark><\/p><cite>Makrell og Hestmakrell<\/cite><\/blockquote><\/figure>\n\n\n\n<div style=\"height:60px\" aria-hidden=\"true\" class=\"wp-block-spacer\"><\/div>\n\n\n\n\n    <div id=\"video-cover-block_df2a09a0f1844ce0bb3ecb3892165079\" class=\"beak-video-cover alignfull content-top\" style=\" min-height: 50vh;\">\n        \n        <div class=\"video-placeholder\" data-video-src=\"https:\/\/player.vimeo.com\/external\/528854975.hd.mp4?s=1495cf491a7665cb575a8fbf4942bb9ba71fce43&#038;profile_id=175\">\n            <!-- You can add a thumbnail or any placeholder content here -->\n        <\/div>\n\n        <div class=\"cover--content container\">\n            \n\n<p>Falcon-tr\u00e5len er lett \u00e5 slepe ved alle dybder<br>og fungerer ogs\u00e5 godt ved overflaten<\/p>\n\n\n\n<blockquote class=\"wp-block-quote is-layout-flow wp-block-quote-is-layout-flow\">\n<p><br><\/p>\n<\/blockquote>\n\n\n        <\/div>\n    <\/div>\n\n\n\n\n<div style=\"height:30px\" aria-hidden=\"true\" class=\"wp-block-spacer\"><\/div>\n\n\n\n<div class=\"wp-block-columns alignfull is-layout-flex wp-container-core-columns-is-layout-9d6595d7 wp-block-columns-is-layout-flex\">\n<div class=\"wp-block-column is-layout-flow wp-block-column-is-layout-flow\">\n<figure class=\"wp-block-image size-large\"><img loading=\"lazy\" decoding=\"async\" width=\"2560\" height=\"1430\" src=\"https:\/\/www.vonin.com\/wp-content\/uploads\/2021\/06\/typa-2-1-edited-scaled.jpg\" alt=\"Capto forenet\" class=\"wp-image-7680\" srcset=\"https:\/\/www.vonin.com\/wp-content\/uploads\/2021\/06\/typa-2-1-edited-scaled.jpg 2560w, https:\/\/www.vonin.com\/wp-content\/uploads\/2021\/06\/typa-2-1-edited-800x447.jpg 800w, https:\/\/www.vonin.com\/wp-content\/uploads\/2021\/06\/typa-2-1-edited-1600x894.jpg 1600w, https:\/\/www.vonin.com\/wp-content\/uploads\/2021\/06\/typa-2-1-edited-768x429.jpg 768w, https:\/\/www.vonin.com\/wp-content\/uploads\/2021\/06\/typa-2-1-edited-200x112.jpg 200w, https:\/\/www.vonin.com\/wp-content\/uploads\/2021\/06\/typa-2-1-edited-1536x858.jpg 1536w, https:\/\/www.vonin.com\/wp-content\/uploads\/2021\/06\/typa-2-1-edited-2048x1144.jpg 2048w\" sizes=\"auto, (max-width: 2560px) 100vw, 2560px\" \/><\/figure>\n<\/div>\n\n\n\n<div class=\"wp-block-column is-layout-flow wp-block-column-is-layout-flow\">\n<figure class=\"wp-block-image size-large\"><img loading=\"lazy\" decoding=\"async\" width=\"2560\" height=\"1437\" src=\"https:\/\/www.vonin.com\/wp-content\/uploads\/2021\/06\/VONIN_CAPTO_copyright-edited-1-scaled.jpg\" alt=\"Capto forenet\" class=\"wp-image-7671\" srcset=\"https:\/\/www.vonin.com\/wp-content\/uploads\/2021\/06\/VONIN_CAPTO_copyright-edited-1-scaled.jpg 2560w, https:\/\/www.vonin.com\/wp-content\/uploads\/2021\/06\/VONIN_CAPTO_copyright-edited-1-800x449.jpg 800w, https:\/\/www.vonin.com\/wp-content\/uploads\/2021\/06\/VONIN_CAPTO_copyright-edited-1-1600x898.jpg 1600w, https:\/\/www.vonin.com\/wp-content\/uploads\/2021\/06\/VONIN_CAPTO_copyright-edited-1-768x431.jpg 768w, https:\/\/www.vonin.com\/wp-content\/uploads\/2021\/06\/VONIN_CAPTO_copyright-edited-1-200x112.jpg 200w, https:\/\/www.vonin.com\/wp-content\/uploads\/2021\/06\/VONIN_CAPTO_copyright-edited-1-1536x862.jpg 1536w, https:\/\/www.vonin.com\/wp-content\/uploads\/2021\/06\/VONIN_CAPTO_copyright-edited-1-2048x1150.jpg 2048w\" sizes=\"auto, (max-width: 2560px) 100vw, 2560px\" \/><\/figure>\n<\/div>\n\n\n\n<div class=\"wp-block-column is-layout-flow wp-block-column-is-layout-flow\">\n<figure class=\"wp-block-image size-large\"><img loading=\"lazy\" decoding=\"async\" width=\"2560\" height=\"1440\" src=\"https:\/\/www.vonin.com\/wp-content\/uploads\/2021\/06\/leinebjorn-edited-1-scaled.jpg\" alt=\"pelagic trawler\" class=\"wp-image-7676\" srcset=\"https:\/\/www.vonin.com\/wp-content\/uploads\/2021\/06\/leinebjorn-edited-1-scaled.jpg 2560w, https:\/\/www.vonin.com\/wp-content\/uploads\/2021\/06\/leinebjorn-edited-1-800x450.jpg 800w, https:\/\/www.vonin.com\/wp-content\/uploads\/2021\/06\/leinebjorn-edited-1-1600x900.jpg 1600w, https:\/\/www.vonin.com\/wp-content\/uploads\/2021\/06\/leinebjorn-edited-1-768x432.jpg 768w, https:\/\/www.vonin.com\/wp-content\/uploads\/2021\/06\/leinebjorn-edited-1-200x113.jpg 200w, https:\/\/www.vonin.com\/wp-content\/uploads\/2021\/06\/leinebjorn-edited-1-1536x864.jpg 1536w, https:\/\/www.vonin.com\/wp-content\/uploads\/2021\/06\/leinebjorn-edited-1-2048x1152.jpg 2048w\" sizes=\"auto, (max-width: 2560px) 100vw, 2560px\" \/><\/figure>\n<\/div>\n<\/div>\n\n\n\n<div style=\"height:30px\" aria-hidden=\"true\" class=\"wp-block-spacer\"><\/div>\n\n\n\n<hr class=\"wp-block-separator has-css-opacity is-style-wide\"\/>\n\n\n\n<h2 class=\"wp-block-heading\">Andre relevante produkter<\/h2>\n\n\n\n<div style=\"height:30px\" aria-hidden=\"true\" class=\"wp-block-spacer\"><\/div>\n\n\n\n<div id=\"products-block_066d3280309e3770f319de7cbd66a92f\" class=\"beak-products product-list\">\n\t    \n                    \n            \n<a href=\"https:\/\/www.vonin.com\/no\/product\/vonin-gannet\/\" class=\"product-card post-id-11971\">\n        <div class=\"product-card--content-image\">\n                                        <img loading=\"lazy\" decoding=\"async\" src=\"https:\/\/www.vonin.com\/wp-content\/uploads\/2021\/03\/Vonin_pelagic_2304-800x450.jpg\" width=\"800\" height=\"450\" alt=\"\" style=\"object-position: \">\n                        <\/div>\n\n        <div class=\"product-card--content-text\">\n                <div class=\"product-card--title\">V\u00f3nin Gannet<\/div>\n\n                <div class=\"product-card--description line-clamp\">En pelagisk tr\u00e5l for b\u00e5de intensivt og spredt fiske Den pelagiske tr\u00e5len Gannet har stor \u00e5pning i forhold til den totale st\u00f8rrelsen og er dermed et effektivt verkt\u00f8y, b\u00e5de til intensivt fiske med korte slep og til lange slep etter spredt fisk. Den lange belgen gj\u00f8r at vannet str\u00f8mmer lett igjennom \u2013 og at tr\u00e5len [&hellip;]<\/div>\n        <\/div>\n<\/a>        \n                            \n            \n<a href=\"https:\/\/www.vonin.com\/no\/product\/vonin-hawk\/\" class=\"product-card post-id-11972\">\n        <div class=\"product-card--content-image\">\n                                        <img loading=\"lazy\" decoding=\"async\" src=\"https:\/\/www.vonin.com\/wp-content\/uploads\/2021\/03\/eydkennismynd-T3-800x400.jpg\" width=\"800\" height=\"400\" alt=\"\" style=\"object-position: \">\n                        <\/div>\n\n        <div class=\"product-card--content-text\">\n                <div class=\"product-card--title\">V\u00f3nin Hawk<\/div>\n\n                <div class=\"product-card--description line-clamp\">Pelagisk tr\u00e5l for fabrikktr\u00e5lere og tr\u00e5lere med mindre motorkraft Den lette pelagiske tr\u00e5len Hawk er designet for fart\u00f8y uten mye motorkraft. De lette materialene gj\u00f8r at slepemotstanden reduseres, og fronten med sine sekskantede masker bidrar til at tr\u00e5len f\u00e5r lavt drag. Stimer som beveger seg raskt Dette gj\u00f8r det mulig for tr\u00e5lere med mindre motorkraft [&hellip;]<\/div>\n        <\/div>\n<\/a>        \n                            \n            \n<a href=\"https:\/\/www.vonin.com\/no\/product\/vonin-seagull\/\" class=\"product-card post-id-11976\">\n        <div class=\"product-card--content-image\">\n                                        <img loading=\"lazy\" decoding=\"async\" src=\"https:\/\/www.vonin.com\/wp-content\/uploads\/2021\/03\/vonin-pelagic-T1-1-800x450.jpg\" width=\"800\" height=\"450\" alt=\"\" style=\"object-position: \">\n                        <\/div>\n\n        <div class=\"product-card--content-text\">\n                <div class=\"product-card--title\">V\u00f3nin Seagull<\/div>\n\n                <div class=\"product-card--description line-clamp\">Svelger store stimer Denne pelagiske tr\u00e5len har sekskantede masker i front og en bred og lang belg er derfor i stand til \u00e5 svelge store stimer. Denne pelagiske tr\u00e5len egner seg sv\u00e6rt godt til sildefiske, i tillegg til at den har gitt sv\u00e6rt gode resultater p\u00e5 makrell. Tr\u00e5ling b\u00e5de i den mesopelagiske sonen og ved [&hellip;]<\/div>\n        <\/div>\n<\/a>        \n                            \n            \n<a href=\"https:\/\/www.vonin.com\/no\/?post_type=product&#038;p=11980\" class=\"product-card post-id-11980\">\n        <div class=\"product-card--content-image\">\n                                        <img loading=\"lazy\" decoding=\"async\" src=\"https:\/\/www.vonin.com\/wp-content\/uploads\/2021\/02\/Tornado-trawl-doors-Christina-S-Resolute-800x533.jpg\" width=\"800\" height=\"533\" alt=\"\" style=\"object-position: \">\n                        <\/div>\n\n        <div class=\"product-card--content-text\">\n                <div class=\"product-card--title\">V\u00f3nin Tornado<\/div>\n\n                <div class=\"product-card--description line-clamp\">Genererer ekstremt l\u00f8ft Tr\u00e5ld\u00f8ren Tornado er annerledes og innovativ. Denne pelagiske tr\u00e5ld\u00f8ren er utstyrt med fem folier og v\u00e5r revolusjonerende, patenterte Flow Booster-teknologi. Flow Booster er ment \u00e5 \u00f8ke vanngjennomstr\u00f8mningen gjennom foliene og har vist seg \u00e5 skape ekstremt h\u00f8yt l\u00f8ft; teknologien kan vise til noen av de mest imponerende tallene for tr\u00e5ld\u00f8rer p\u00e5 markedet. [&hellip;]<\/div>\n        <\/div>\n<\/a>        \n            <\/div>\n\n\n<div style=\"height:60px\" aria-hidden=\"true\" class=\"wp-block-spacer\"><\/div>\n\n\n\n<hr class=\"wp-block-separator has-css-opacity is-style-wide\"\/>\n\n\n\n<h2 class=\"wp-block-heading\">Salgsteam<\/h2>\n\n\n\n<div style=\"height:30px\" aria-hidden=\"true\" class=\"wp-block-spacer\"><\/div>\n\n\n\n<script>\n    employeeBlockData['employees-block_14df0189acf3a8b864ed35fac52a9229'] = '[{\"title\":\"\\u00d3li \\u00e1 Gravarb\\u00f8\",\"job_title\":\"Salgs- og driftsleder - Pelagisk Tr\\u00e5l\",\"phone\":\"+298 230 223\",\"email\":\"og@vonin.com\",\"permalink\":\"https:\\\/\\\/www.vonin.com\\\/no\\\/contacts\\\/oli-a-gravarbo\\\/\",\"post_id\":12276,\"thumbnail_id\":11745,\"image\":\"https:\\\/\\\/www.vonin.com\\\/wp-content\\\/uploads\\\/2021\\\/10\\\/Oli-G-800x534.jpg\",\"image_width\":800,\"image_height\":534,\"focal_points\":\"48.0238% 1.6250%\"},{\"title\":\"Oddmar \\u00d8rvarodd\",\"job_title\":\"Pelagisk tr\\u00e5lspesialist\",\"phone\":\"+298 230 227\",\"email\":\"oo@vonin.com\",\"permalink\":\"https:\\\/\\\/www.vonin.com\\\/no\\\/contacts\\\/oddmar-orvarodd\\\/\",\"post_id\":13707,\"thumbnail_id\":11702,\"image\":\"https:\\\/\\\/www.vonin.com\\\/wp-content\\\/uploads\\\/2021\\\/03\\\/oddmar-800x534.jpg\",\"image_width\":800,\"image_height\":534,\"focal_points\":\"51.1920% 2.8750%\"}]';\n<\/script>\n\n\n<div id=\"employees-block_14df0189acf3a8b864ed35fac52a9229\" class=\"beak-employees\">\n    \n            <div class=\"employee-message-modal--tint\" v-if=\"selectedEmployee\" :class=\"{ 'is-visible': selectedEmployee }\"><\/div>\n<div class=\"employee-message-modal\" v-if=\"selectedEmployee\" :class=\"{ 'is-visible': selectedEmployee }\">\n    <div class=\"employee-message--content\">\n        <a href=\"#\" @click.prevent=\"toggleModal(null)\" class=\"emp-modal-close\"><img decoding=\"async\" src=\"https:\/\/www.vonin.com\/wp-content\/themes\/beak-vonin\/images\/icon-plus.svg\" class=\"injectable\" \/><\/a>\n        <h3 v-if=\"selectedEmployee\">Send e-post til:<br \/> <b>{{selectedEmployee.title}}<\/b><\/h3>\n\n        <div class=\"form-errors\" v-if=\"formErrors &#038;&#038; formErrors.length &#62; 0\">\n            <ul>\n                <li v-for=\"error in formErrors\">{{error}}<\/li>\n            <\/ul>\n        <\/div>\n\n        <p v-if=\"formSent\"><b>Din melding har blitt sendt.<\/b><\/p>\n\n        <div v-if=\"!formSent\">\n            <div class=\"form-input\">\n                <label>Navn<span class=\"required\">*<\/span><\/label>\n                <input type=\"text\" v-model=\"sendEmailForm.name\" \/>\n            <\/div>\n\n            <div class=\"form-input\">\n                <label>Selskap<span class=\"required\">*<\/span><\/label>\n                <input type=\"text\" v-model=\"sendEmailForm.company\" \/>\n            <\/div>\n\n            <div class=\"form-input\">\n                <label>E-post<span class=\"required\">*<\/span><\/label>\n                <input type=\"email\" v-model=\"sendEmailForm.email\" \/>\n            <\/div>\n\n            <div class=\"form-input\">\n                <label>Telefon<span class=\"required\">*<\/span><\/label>\n                <input type=\"text\" v-model=\"sendEmailForm.phone\" \/>\n            <\/div>\n\n            <div class=\"form-input\">\n                <label>Beskjed<span class=\"required\">*<\/span><\/label>\n                <textarea type=\"text\" v-model=\"sendEmailForm.message\"><\/textarea>\n            <\/div>\n\n            <input type=\"hidden\" v-model=\"sendEmailForm.formLumpari\" \/>\n\n            <button @click=\"sendMessage()\" :class=\"{ disabled: formPosting || (formSubmitted &#038;&#038; !formIsValid) }\">Send<\/button>\n        <\/div>\n    <\/div>\n<\/div>    \n            <div class=\"employee-cards\" v-if=\"people\">\n            <div v-for=\"(employee, index) in people\" class=\"employee-card swiper-slide\">\n    <div v-if=\"employee.image\" class=\"employee-card--content-image\">\n        <img v-if=\"employee.image\" :src=\"employee.image\" alt=\"\" :width=\"employee.image_width\" :height=\"employee.image_height\" :style=\"`object-position: ${employee.focal_points}`\" \/>\n    <\/div>\n\n    <div class=\"employee-card--content-text\">\n        <div v-if=\"employee.title\" class=\"employee-name\">{{ employee.title }}<\/div>\n\n        <div v-if=\"employee.people_locations?.length\" class=\"employee-location\">{{ getLocations(employee) }}<\/div>\n\n        <div v-if=\"employee.job_title\" class=\"employee-title\">{{ employee.job_title }}<\/div>\n\n        <div class=\"employee-contact\">\n            <div v-if=\"employee.phone\" class=\"employee-contact--item employee-contact--phone\">\n                <span>Telefon:<\/span>\n\n                <a :href=\"'tel:'+employee.phone\">{{ employee.phone }}<\/a>\n            <\/div>\n\n            <a href=\"#\" @click.prevent=\"toggleModal(employee)\" class=\"employee-send-email\">Send e-post<\/a>\n        <\/div>\n    <\/div>\n<\/div>        <\/div>\n    <\/div>\n\n\n<div style=\"height:60px\" aria-hidden=\"true\" class=\"wp-block-spacer\"><\/div>\n\n\n<div id=\"breadcrumbs-block_6ef35d51afcbbff884b67936769ca17e\" class=\"lunnar-breadcrumbs\">\n    \n    <p id=\"breadcrumbs\"><span><span><a href=\"https:\/\/www.vonin.com\/no\/\">V\u00f3nin<\/a><\/span><\/span><\/p>    \n<\/div>\n","protected":false},"excerpt":{"rendered":"<p>Pelagisk tr\u00e5l for h\u00f8yhastighetsfiske Den pelagiske tr\u00e5len V\u00f3nin Falcon er designet for h\u00f8yhastighetsfiske. Med sine sekskantede masker i front og sin relativt kompakte belg er denne tr\u00e5len lett \u00e5 slepe ved alle dybder, og den fungerer ogs\u00e5 godt ved overflaten. Lett man\u00f8vrerbar og treffsikker Dette er den pelagiske tr\u00e5len for arter som er vanskelige \u00e5 [&hellip;]<\/p>\n","protected":false},"featured_media":10993,"parent":0,"template":"","tags":[],"product_categories":[],"class_list":["post-11948","product","type-product","status-publish","has-post-thumbnail","hentry"],"acf":[],"yoast_head":"<!-- This site is optimized with the Yoast SEO plugin v27.6 - https:\/\/yoast.com\/product\/yoast-seo-wordpress\/ -->\n<title>V\u00f3nin Falcon - V\u00f3nin<\/title>\n<meta name=\"robots\" content=\"index, follow, max-snippet:-1, max-image-preview:large, max-video-preview:-1\" \/>\n<link rel=\"canonical\" href=\"https:\/\/www.vonin.com\/no\/product\/vonin-falcon\/\" \/>\n<meta property=\"og:locale\" content=\"nb_NO\" \/>\n<meta property=\"og:type\" content=\"article\" \/>\n<meta property=\"og:title\" content=\"V\u00f3nin Falcon - V\u00f3nin\" \/>\n<meta property=\"og:description\" content=\"Pelagisk tr\u00e5l for h\u00f8yhastighetsfiske Den pelagiske tr\u00e5len V\u00f3nin Falcon er designet for h\u00f8yhastighetsfiske. Med sine sekskantede masker i front og sin relativt kompakte belg er denne tr\u00e5len lett \u00e5 slepe ved alle dybder, og den fungerer ogs\u00e5 godt ved overflaten. Lett man\u00f8vrerbar og treffsikker Dette er den pelagiske tr\u00e5len for arter som er vanskelige \u00e5 [&hellip;]\" \/>\n<meta property=\"og:url\" content=\"https:\/\/www.vonin.com\/no\/product\/vonin-falcon\/\" \/>\n<meta property=\"og:site_name\" content=\"V\u00f3nin\" \/>\n<meta property=\"article:modified_time\" content=\"2023-03-09T13:34:58+00:00\" \/>\n<meta property=\"og:image\" content=\"https:\/\/www.vonin.com\/wp-content\/uploads\/2021\/03\/eydkennismynd-T2.jpg\" \/>\n\t<meta property=\"og:image:width\" content=\"2460\" \/>\n\t<meta property=\"og:image:height\" content=\"1240\" \/>\n\t<meta property=\"og:image:type\" content=\"image\/jpeg\" \/>\n<meta name=\"twitter:card\" content=\"summary_large_image\" \/>\n<meta name=\"twitter:label1\" content=\"Ansl. lesetid\" \/>\n\t<meta name=\"twitter:data1\" content=\"2 minutter\" \/>\n<script type=\"application\/ld+json\" class=\"yoast-schema-graph\">{\"@context\":\"https:\\\/\\\/schema.org\",\"@graph\":[{\"@type\":\"WebPage\",\"@id\":\"https:\\\/\\\/www.vonin.com\\\/no\\\/product\\\/vonin-falcon\\\/\",\"url\":\"https:\\\/\\\/www.vonin.com\\\/no\\\/product\\\/vonin-falcon\\\/\",\"name\":\"V\u00f3nin Falcon - V\u00f3nin\",\"isPartOf\":{\"@id\":\"https:\\\/\\\/www.vonin.com\\\/#website\"},\"primaryImageOfPage\":{\"@id\":\"https:\\\/\\\/www.vonin.com\\\/no\\\/product\\\/vonin-falcon\\\/#primaryimage\"},\"image\":{\"@id\":\"https:\\\/\\\/www.vonin.com\\\/no\\\/product\\\/vonin-falcon\\\/#primaryimage\"},\"thumbnailUrl\":\"https:\\\/\\\/www.vonin.com\\\/wp-content\\\/uploads\\\/2021\\\/03\\\/eydkennismynd-T2.jpg\",\"datePublished\":\"2022-09-28T13:15:49+00:00\",\"dateModified\":\"2023-03-09T13:34:58+00:00\",\"breadcrumb\":{\"@id\":\"https:\\\/\\\/www.vonin.com\\\/no\\\/product\\\/vonin-falcon\\\/#breadcrumb\"},\"inLanguage\":\"nb-NO\",\"potentialAction\":[{\"@type\":\"ReadAction\",\"target\":[\"https:\\\/\\\/www.vonin.com\\\/no\\\/product\\\/vonin-falcon\\\/\"]}]},{\"@type\":\"ImageObject\",\"inLanguage\":\"nb-NO\",\"@id\":\"https:\\\/\\\/www.vonin.com\\\/no\\\/product\\\/vonin-falcon\\\/#primaryimage\",\"url\":\"https:\\\/\\\/www.vonin.com\\\/wp-content\\\/uploads\\\/2021\\\/03\\\/eydkennismynd-T2.jpg\",\"contentUrl\":\"https:\\\/\\\/www.vonin.com\\\/wp-content\\\/uploads\\\/2021\\\/03\\\/eydkennismynd-T2.jpg\",\"width\":2460,\"height\":1240},{\"@type\":\"BreadcrumbList\",\"@id\":\"https:\\\/\\\/www.vonin.com\\\/no\\\/product\\\/vonin-falcon\\\/#breadcrumb\",\"itemListElement\":[{\"@type\":\"ListItem\",\"position\":1,\"name\":\"V\u00f3nin\",\"item\":\"https:\\\/\\\/www.vonin.com\\\/no\\\/\"},{\"@type\":\"ListItem\",\"position\":2,\"name\":\"V\u00f8rur\",\"item\":\"https:\\\/\\\/www.vonin.com\\\/product\\\/\"},{\"@type\":\"ListItem\",\"position\":3,\"name\":\"V\u00f3nin Falcon\"}]},{\"@type\":\"WebSite\",\"@id\":\"https:\\\/\\\/www.vonin.com\\\/#website\",\"url\":\"https:\\\/\\\/www.vonin.com\\\/\",\"name\":\"V\u00f3nin\",\"description\":\"V\u00f3nin is a major developer and manufacturer of high quality fishing gear and aquaculture equipment as well as supplying equipment to the offshore industry and land based industry.\",\"potentialAction\":[{\"@type\":\"SearchAction\",\"target\":{\"@type\":\"EntryPoint\",\"urlTemplate\":\"https:\\\/\\\/www.vonin.com\\\/?s={search_term_string}\"},\"query-input\":{\"@type\":\"PropertyValueSpecification\",\"valueRequired\":true,\"valueName\":\"search_term_string\"}}],\"inLanguage\":\"nb-NO\"}]}<\/script>\n<!-- \/ Yoast SEO plugin. -->","yoast_head_json":{"title":"V\u00f3nin Falcon - V\u00f3nin","robots":{"index":"index","follow":"follow","max-snippet":"max-snippet:-1","max-image-preview":"max-image-preview:large","max-video-preview":"max-video-preview:-1"},"canonical":"https:\/\/www.vonin.com\/no\/product\/vonin-falcon\/","og_locale":"nb_NO","og_type":"article","og_title":"V\u00f3nin Falcon - V\u00f3nin","og_description":"Pelagisk tr\u00e5l for h\u00f8yhastighetsfiske Den pelagiske tr\u00e5len V\u00f3nin Falcon er designet for h\u00f8yhastighetsfiske. Med sine sekskantede masker i front og sin relativt kompakte belg er denne tr\u00e5len lett \u00e5 slepe ved alle dybder, og den fungerer ogs\u00e5 godt ved overflaten. Lett man\u00f8vrerbar og treffsikker Dette er den pelagiske tr\u00e5len for arter som er vanskelige \u00e5 [&hellip;]","og_url":"https:\/\/www.vonin.com\/no\/product\/vonin-falcon\/","og_site_name":"V\u00f3nin","article_modified_time":"2023-03-09T13:34:58+00:00","og_image":[{"width":2460,"height":1240,"url":"https:\/\/www.vonin.com\/wp-content\/uploads\/2021\/03\/eydkennismynd-T2.jpg","type":"image\/jpeg"}],"twitter_card":"summary_large_image","twitter_misc":{"Ansl. lesetid":"2 minutter"},"schema":{"@context":"https:\/\/schema.org","@graph":[{"@type":"WebPage","@id":"https:\/\/www.vonin.com\/no\/product\/vonin-falcon\/","url":"https:\/\/www.vonin.com\/no\/product\/vonin-falcon\/","name":"V\u00f3nin Falcon - V\u00f3nin","isPartOf":{"@id":"https:\/\/www.vonin.com\/#website"},"primaryImageOfPage":{"@id":"https:\/\/www.vonin.com\/no\/product\/vonin-falcon\/#primaryimage"},"image":{"@id":"https:\/\/www.vonin.com\/no\/product\/vonin-falcon\/#primaryimage"},"thumbnailUrl":"https:\/\/www.vonin.com\/wp-content\/uploads\/2021\/03\/eydkennismynd-T2.jpg","datePublished":"2022-09-28T13:15:49+00:00","dateModified":"2023-03-09T13:34:58+00:00","breadcrumb":{"@id":"https:\/\/www.vonin.com\/no\/product\/vonin-falcon\/#breadcrumb"},"inLanguage":"nb-NO","potentialAction":[{"@type":"ReadAction","target":["https:\/\/www.vonin.com\/no\/product\/vonin-falcon\/"]}]},{"@type":"ImageObject","inLanguage":"nb-NO","@id":"https:\/\/www.vonin.com\/no\/product\/vonin-falcon\/#primaryimage","url":"https:\/\/www.vonin.com\/wp-content\/uploads\/2021\/03\/eydkennismynd-T2.jpg","contentUrl":"https:\/\/www.vonin.com\/wp-content\/uploads\/2021\/03\/eydkennismynd-T2.jpg","width":2460,"height":1240},{"@type":"BreadcrumbList","@id":"https:\/\/www.vonin.com\/no\/product\/vonin-falcon\/#breadcrumb","itemListElement":[{"@type":"ListItem","position":1,"name":"V\u00f3nin","item":"https:\/\/www.vonin.com\/no\/"},{"@type":"ListItem","position":2,"name":"V\u00f8rur","item":"https:\/\/www.vonin.com\/product\/"},{"@type":"ListItem","position":3,"name":"V\u00f3nin Falcon"}]},{"@type":"WebSite","@id":"https:\/\/www.vonin.com\/#website","url":"https:\/\/www.vonin.com\/","name":"V\u00f3nin","description":"V\u00f3nin is a major developer and manufacturer of high quality fishing gear and aquaculture equipment as well as supplying equipment to the offshore industry and land based industry.","potentialAction":[{"@type":"SearchAction","target":{"@type":"EntryPoint","urlTemplate":"https:\/\/www.vonin.com\/?s={search_term_string}"},"query-input":{"@type":"PropertyValueSpecification","valueRequired":true,"valueName":"search_term_string"}}],"inLanguage":"nb-NO"}]}},"_links":{"self":[{"href":"https:\/\/www.vonin.com\/no\/wp-json\/wp\/v2\/product\/11948","targetHints":{"allow":["GET"]}}],"collection":[{"href":"https:\/\/www.vonin.com\/no\/wp-json\/wp\/v2\/product"}],"about":[{"href":"https:\/\/www.vonin.com\/no\/wp-json\/wp\/v2\/types\/product"}],"wp:featuredmedia":[{"embeddable":true,"href":"https:\/\/www.vonin.com\/no\/wp-json\/wp\/v2\/media\/10993"}],"wp:attachment":[{"href":"https:\/\/www.vonin.com\/no\/wp-json\/wp\/v2\/media?parent=11948"}],"wp:term":[{"taxonomy":"post_tag","embeddable":true,"href":"https:\/\/www.vonin.com\/no\/wp-json\/wp\/v2\/tags?post=11948"},{"taxonomy":"product_categories","embeddable":true,"href":"https:\/\/www.vonin.com\/no\/wp-json\/wp\/v2\/product_categories?post=11948"}],"curies":[{"name":"wp","href":"https:\/\/api.w.org\/{rel}","templated":true}]}}