{"id":11945,"date":"2022-10-07T10:53:10","date_gmt":"2022-10-07T10:53:10","guid":{"rendered":"https:\/\/www.vonin.com\/?post_type=product&#038;p=11945"},"modified":"2025-08-18T09:31:30","modified_gmt":"2025-08-18T09:31:30","slug":"kauser","status":"publish","type":"product","link":"https:\/\/www.vonin.com\/no\/product\/kauser\/","title":{"rendered":"Kauser"},"content":{"rendered":"\n<div class=\"wp-block-cover alignfull\" style=\"min-height:617px;aspect-ratio:unset;\"><img loading=\"lazy\" decoding=\"async\" width=\"2560\" height=\"1440\" class=\"wp-block-cover__image-background wp-image-5568\" alt=\"\" src=\"https:\/\/www.vonin.com\/wp-content\/uploads\/2021\/04\/vonin_thimbles-scaled.jpg\" style=\"object-position:65% 0%\" data-object-fit=\"cover\" data-object-position=\"65% 0%\" srcset=\"https:\/\/www.vonin.com\/wp-content\/uploads\/2021\/04\/vonin_thimbles-scaled.jpg 2560w, https:\/\/www.vonin.com\/wp-content\/uploads\/2021\/04\/vonin_thimbles-800x450.jpg 800w, https:\/\/www.vonin.com\/wp-content\/uploads\/2021\/04\/vonin_thimbles-1600x900.jpg 1600w, https:\/\/www.vonin.com\/wp-content\/uploads\/2021\/04\/vonin_thimbles-768x432.jpg 768w, https:\/\/www.vonin.com\/wp-content\/uploads\/2021\/04\/vonin_thimbles-200x112.jpg 200w, https:\/\/www.vonin.com\/wp-content\/uploads\/2021\/04\/vonin_thimbles-1536x864.jpg 1536w, https:\/\/www.vonin.com\/wp-content\/uploads\/2021\/04\/vonin_thimbles-2048x1152.jpg 2048w\" sizes=\"auto, (max-width: 2560px) 100vw, 2560px\" \/><span aria-hidden=\"true\" class=\"wp-block-cover__background has-background-dim\"><\/span><div class=\"wp-block-cover__inner-container is-layout-flow wp-block-cover-is-layout-flow\">\n<p class=\"has-text-align-center has-large-font-size\"><strong>Kauser<\/strong><\/p>\n<\/div><\/div>\n\n\n<div id=\"breadcrumbs-block_d2076a9639d5dacd4a38a20ee14ad69a\" class=\"lunnar-breadcrumbs\">\n    \n    <p id=\"breadcrumbs\"><span><span><a href=\"https:\/\/www.vonin.com\/no\/\">V\u00f3nin<\/a><\/span><\/span><\/p>    \n<\/div>\n\n\n\n<div style=\"height:60px\" aria-hidden=\"true\" class=\"wp-block-spacer\"><\/div>\n\n\n\n<h2 class=\"wp-block-heading\">Ekstra kraftig kause<\/h2>\n\n\n\n<p>Varmgalvanisert. Type G414G.<\/p>\n\n\n\n<div class=\"wp-block-columns is-layout-flex wp-container-core-columns-is-layout-9d6595d7 wp-block-columns-is-layout-flex\">\n<div class=\"wp-block-column is-layout-flow wp-block-column-is-layout-flow\">\n<figure class=\"wp-block-image size-large\"><img loading=\"lazy\" decoding=\"async\" width=\"1488\" height=\"776\" src=\"https:\/\/www.vonin.com\/wp-content\/uploads\/2021\/04\/thimble.jpg\" alt=\"\" class=\"wp-image-5559\" srcset=\"https:\/\/www.vonin.com\/wp-content\/uploads\/2021\/04\/thimble.jpg 1488w, https:\/\/www.vonin.com\/wp-content\/uploads\/2021\/04\/thimble-800x417.jpg 800w, https:\/\/www.vonin.com\/wp-content\/uploads\/2021\/04\/thimble-768x401.jpg 768w, https:\/\/www.vonin.com\/wp-content\/uploads\/2021\/04\/thimble-200x104.jpg 200w\" sizes=\"auto, (max-width: 1488px) 100vw, 1488px\" \/><\/figure>\n<\/div>\n\n\n\n<div class=\"wp-block-column is-layout-flow wp-block-column-is-layout-flow\"><\/div>\n<\/div>\n\n\n\n<figure class=\"wp-block-table alignleft\"><table><thead><tr><th class=\"has-text-align-center\" data-align=\"center\">Dele-<br>nr.<\/th><th>Diameter<br>(mm)<\/th><th>Total<br>lengde<\/th><th>Indre<br>h\u00f8yde (mm)<\/th><th>Indre<br>bredde (mm)<\/th><th>Tykkelse<br>(mm)<\/th><th>Vekt<br>kg<\/th><th><\/th><\/tr><\/thead><tbody><tr><td class=\"has-text-align-center\" data-align=\"center\">905220<\/td><td>20<\/td><td>3&#8243;=77<\/td><td>58<\/td><td>38<\/td><td>3<\/td><td>0.19<\/td><td><\/td><\/tr><tr><td class=\"has-text-align-center\" data-align=\"center\">905225<\/td><td>26<\/td><td>3 1\/2&#8243;=91<\/td><td>74<\/td><td>42<\/td><td>4<\/td><td>0.28<\/td><td><\/td><\/tr><tr><td class=\"has-text-align-center\" data-align=\"center\">905232<\/td><td>32<\/td><td>4&#8243;=102<\/td><td>78<\/td><td>50<\/td><td>5<\/td><td>0.42<\/td><td><\/td><\/tr><tr><td class=\"has-text-align-center\" data-align=\"center\">905240<\/td><td>40<\/td><td>5&#8243;=127<\/td><td>100<\/td><td>65<\/td><td>6<\/td><td>0.78<\/td><td><\/td><\/tr><tr><td class=\"has-text-align-center\" data-align=\"center\">905248<\/td><td>49<\/td><td>6&#8243;=152<\/td><td>130<\/td><td>75<\/td><td>7<\/td><td>1.30<\/td><td><\/td><\/tr><tr><td class=\"has-text-align-center\" data-align=\"center\">905256<\/td><td>60<\/td><td>7&#8243;=178<\/td><td>142<\/td><td>85<\/td><td>7.5<\/td><td>1.80<\/td><td><\/td><\/tr><tr><td class=\"has-text-align-center\" data-align=\"center\">905264<\/td><td>65<\/td><td>8&#8243;=203<\/td><td>170<\/td><td>105<\/td><td>8<\/td><td>3.20<\/td><td><\/td><\/tr><tr><td class=\"has-text-align-center\" data-align=\"center\">905272<\/td><td>72<\/td><td>9&#8243;=230<\/td><td>185<\/td><td>110<\/td><td>10<\/td><td>5.00<\/td><td><\/td><\/tr><tr><td class=\"has-text-align-center\" data-align=\"center\">905280<\/td><td>82<\/td><td>10&#8243;=254<\/td><td>200<\/td><td>120<\/td><td>10<\/td><td>6.10<\/td><td><\/td><\/tr><tr><td class=\"has-text-align-center\" data-align=\"center\">905290<\/td><td>90<\/td><td>11&#8243;=280<\/td><td>210<\/td><td>145<\/td><td>12<\/td><td>10.30<\/td><td><\/td><\/tr><tr><td class=\"has-text-align-center\" data-align=\"center\">905300<\/td><td>102<\/td><td>12&#8243;=305<\/td><td>230<\/td><td>150<\/td><td>12<\/td><td>15.00<\/td><td><\/td><\/tr><tr><td class=\"has-text-align-center\" data-align=\"center\">905315<\/td><td>115<\/td><td>14&#8243;=355<\/td><td>290<\/td><td>170<\/td><td>14<\/td><td>18.30<\/td><td><\/td><\/tr><\/tbody><\/table><\/figure>\n\n\n\n<div style=\"height:60px\" aria-hidden=\"true\" class=\"wp-block-spacer\"><\/div>\n\n\n\n<hr class=\"wp-block-separator has-css-opacity is-style-wide\"\/>\n\n\n\n<h2 class=\"wp-block-heading\">Andre relevante produkter<\/h2>\n\n\n\n<div style=\"height:30px\" aria-hidden=\"true\" class=\"wp-block-spacer\"><\/div>\n\n\n\n<div id=\"products-block_1eab4abd5b430d653b12aefd4483d207\" class=\"beak-products product-list\">\n\t    \n                    \n            \n<a href=\"https:\/\/www.vonin.com\/no\/product\/kjettinger\/\" class=\"product-card post-id-11933\">\n        <div class=\"product-card--content-image\">\n                                        <img loading=\"lazy\" decoding=\"async\" src=\"https:\/\/www.vonin.com\/wp-content\/uploads\/2021\/03\/chains_vonin-800x400.jpg\" width=\"800\" height=\"400\" alt=\"\" style=\"object-position: \">\n                        <\/div>\n\n        <div class=\"product-card--content-text\">\n                <div class=\"product-card--title\">Kjettinger<\/div>\n\n                <div class=\"product-card--description line-clamp\">Kjettinger av topp kvalitet av forskjellige typer og dimensjoner.<\/div>\n        <\/div>\n<\/a>        \n                            \n            \n<a href=\"https:\/\/www.vonin.com\/no\/product\/masterkoblinger\/\" class=\"product-card post-id-11935\">\n        <div class=\"product-card--content-image\">\n                                        <img loading=\"lazy\" decoding=\"async\" src=\"https:\/\/www.vonin.com\/wp-content\/uploads\/2021\/04\/vonin_masterlink-800x400.jpg\" width=\"800\" height=\"400\" alt=\"\" style=\"object-position: \">\n                        <\/div>\n\n        <div class=\"product-card--content-text\">\n                <div class=\"product-card--title\">Masterkoblinger<\/div>\n\n                <div class=\"product-card--description line-clamp\">MXA344 galvanisert masterkobling fra Crosby Trawlex.<\/div>\n        <\/div>\n<\/a>        \n                            \n            \n<a href=\"https:\/\/www.vonin.com\/no\/product\/ankere\/\" class=\"product-card post-id-11936\">\n        <div class=\"product-card--content-image\">\n                                        <img loading=\"lazy\" decoding=\"async\" src=\"https:\/\/www.vonin.com\/wp-content\/uploads\/2021\/01\/Vonin_anchor_aquaculture-800x400.jpg\" width=\"800\" height=\"400\" alt=\"\" style=\"object-position: \">\n                        <\/div>\n\n        <div class=\"product-card--content-text\">\n                <div class=\"product-card--title\">Ankere<\/div>\n\n                <div class=\"product-card--description line-clamp\">V\u00e5re egne eksklusive fort\u00f8yningsankere designet for styrke, holdbarhet og ypperlige grep.<\/div>\n        <\/div>\n<\/a>        \n                            \n            \n<a href=\"https:\/\/www.vonin.com\/no\/product\/fortoyningsboyer\/\" class=\"product-card post-id-11937\">\n        <div class=\"product-card--content-image\">\n                                        <img loading=\"lazy\" decoding=\"async\" src=\"https:\/\/www.vonin.com\/wp-content\/uploads\/2025\/08\/Polyform-APB-800x534.jpg\" width=\"800\" height=\"534\" alt=\"\" style=\"object-position: \">\n                        <\/div>\n\n        <div class=\"product-card--content-text\">\n                <div class=\"product-card--title\">Fort\u00f8yningsb\u00f8yer<\/div>\n\n                <div class=\"product-card--description line-clamp\">Fort\u00f8yningsb\u00f8yer i forskjellige former og st\u00f8rrelser fra Polyform.<\/div>\n        <\/div>\n<\/a>        \n                            \n            \n<a href=\"https:\/\/www.vonin.com\/no\/product\/fortoyningsplater\/\" class=\"product-card post-id-11938\">\n        <div class=\"product-card--content-image\">\n                                        <img loading=\"lazy\" decoding=\"async\" src=\"https:\/\/www.vonin.com\/wp-content\/uploads\/2021\/03\/Rund-koblingsskiva_gratt-1-800x473.jpg\" width=\"800\" height=\"473\" alt=\"\" style=\"object-position: \">\n                        <\/div>\n\n        <div class=\"product-card--content-text\">\n                <div class=\"product-card--title\">Fort\u00f8yningsplater<\/div>\n\n                <div class=\"product-card--description line-clamp\">V\u00f3nin og Crosby har g\u00e5tt sammen om \u00e5 lage fort\u00f8yningsplater, som V\u00f3nin er eneleverand\u00f8r av.<\/div>\n        <\/div>\n<\/a>        \n                            \n            \n<a href=\"https:\/\/www.vonin.com\/no\/product\/fortoyningsbolter\/\" class=\"product-card post-id-11940\">\n        <div class=\"product-card--content-image\">\n                                        <img loading=\"lazy\" decoding=\"async\" src=\"https:\/\/www.vonin.com\/wp-content\/uploads\/2021\/04\/mooringbolt1-800x448.jpg\" width=\"800\" height=\"448\" alt=\"\" style=\"object-position: \">\n                        <\/div>\n\n        <div class=\"product-card--content-text\">\n                <div class=\"product-card--title\">Fort\u00f8yningsbolter<\/div>\n\n                <div class=\"product-card--description line-clamp\">Tredjepartsgodkjent i henhold til relevante norske havbruksstandarder.<\/div>\n        <\/div>\n<\/a>        \n                            \n            \n<a href=\"https:\/\/www.vonin.com\/no\/product\/tau\/\" class=\"product-card post-id-11942\">\n        <div class=\"product-card--content-image\">\n                                        <img loading=\"lazy\" decoding=\"async\" src=\"https:\/\/www.vonin.com\/wp-content\/uploads\/2021\/03\/ropes_vonin-800x400.jpg\" width=\"800\" height=\"400\" alt=\"\" style=\"object-position: \">\n                        <\/div>\n\n        <div class=\"product-card--content-text\">\n                <div class=\"product-card--title\">Tau<\/div>\n\n                <div class=\"product-card--description line-clamp\">Tau av topp kvalitet av forskjellige typer og dimensjoner.<\/div>\n        <\/div>\n<\/a>        \n                            \n            \n<a href=\"https:\/\/www.vonin.com\/no\/product\/sjakler\/\" class=\"product-card post-id-11943\">\n        <div class=\"product-card--content-image\">\n                                        <img loading=\"lazy\" decoding=\"async\" src=\"https:\/\/www.vonin.com\/wp-content\/uploads\/2021\/03\/2-800x533.jpg\" width=\"800\" height=\"533\" alt=\"\" style=\"object-position: \">\n                        <\/div>\n\n        <div class=\"product-card--content-text\">\n                <div class=\"product-card--title\">Sjakler<\/div>\n\n                <div class=\"product-card--description line-clamp\">V\u00f3nin og Crosby har g\u00e5tt sammen om \u00e5 lage sjakler til oppdrettsanlegg.<\/div>\n        <\/div>\n<\/a>        \n            <\/div>\n\n\n<div style=\"height:60px\" aria-hidden=\"true\" class=\"wp-block-spacer\"><\/div>\n\n\n\n<hr class=\"wp-block-separator has-css-opacity is-style-wide\"\/>\n\n\n\n<h2 class=\"wp-block-heading\">Salgsteam<\/h2>\n\n\n\n<div style=\"height:30px\" aria-hidden=\"true\" class=\"wp-block-spacer\"><\/div>\n\n\n\n<script>\n    employeeBlockData['employees-block_2292e655d2fcc1dab0ea510297f31d1c'] = '[]';\n<\/script>\n\n\n<div id=\"employees-block_2292e655d2fcc1dab0ea510297f31d1c\" class=\"beak-employees\">\n    \n            <div class=\"employee-message-modal--tint\" v-if=\"selectedEmployee\" :class=\"{ 'is-visible': selectedEmployee }\"><\/div>\n<div class=\"employee-message-modal\" v-if=\"selectedEmployee\" :class=\"{ 'is-visible': selectedEmployee }\">\n    <div class=\"employee-message--content\">\n        <a href=\"#\" @click.prevent=\"toggleModal(null)\" class=\"emp-modal-close\"><img decoding=\"async\" src=\"https:\/\/www.vonin.com\/wp-content\/themes\/beak-vonin\/images\/icon-plus.svg\" class=\"injectable\" \/><\/a>\n        <h3 v-if=\"selectedEmployee\">Send e-post til:<br \/> <b>{{selectedEmployee.title}}<\/b><\/h3>\n\n        <div class=\"form-errors\" v-if=\"formErrors &#038;&#038; formErrors.length &#62; 0\">\n            <ul>\n                <li v-for=\"error in formErrors\">{{error}}<\/li>\n            <\/ul>\n        <\/div>\n\n        <p v-if=\"formSent\"><b>Din melding har blitt sendt.<\/b><\/p>\n\n        <div v-if=\"!formSent\">\n            <div class=\"form-input\">\n                <label>Navn<span class=\"required\">*<\/span><\/label>\n                <input type=\"text\" v-model=\"sendEmailForm.name\" \/>\n            <\/div>\n\n            <div class=\"form-input\">\n                <label>Selskap<span class=\"required\">*<\/span><\/label>\n                <input type=\"text\" v-model=\"sendEmailForm.company\" \/>\n            <\/div>\n\n            <div class=\"form-input\">\n                <label>E-post<span class=\"required\">*<\/span><\/label>\n                <input type=\"email\" v-model=\"sendEmailForm.email\" \/>\n            <\/div>\n\n            <div class=\"form-input\">\n                <label>Telefon<span class=\"required\">*<\/span><\/label>\n                <input type=\"text\" v-model=\"sendEmailForm.phone\" \/>\n            <\/div>\n\n            <div class=\"form-input\">\n                <label>Beskjed<span class=\"required\">*<\/span><\/label>\n                <textarea type=\"text\" v-model=\"sendEmailForm.message\"><\/textarea>\n            <\/div>\n\n            <input type=\"hidden\" v-model=\"sendEmailForm.formLumpari\" \/>\n\n            <button @click=\"sendMessage()\" :class=\"{ disabled: formPosting || (formSubmitted &#038;&#038; !formIsValid) }\">Send<\/button>\n        <\/div>\n    <\/div>\n<\/div>    \n            <div class=\"employee-cards\" v-if=\"people\">\n                    <\/div>\n    <\/div>\n\n\n<div style=\"height:60px\" aria-hidden=\"true\" class=\"wp-block-spacer\"><\/div>\n\n\n<div id=\"breadcrumbs-block_d2076a9639d5dacd4a38a20ee14ad69a\" class=\"lunnar-breadcrumbs\">\n    \n    <p id=\"breadcrumbs\"><span><span><a href=\"https:\/\/www.vonin.com\/no\/\">V\u00f3nin<\/a><\/span><\/span><\/p>    \n<\/div>\n","protected":false},"excerpt":{"rendered":"<p>Ekstra kraftig varmgalvanisert kause.<\/p>\n","protected":false},"featured_media":11110,"parent":0,"template":"","tags":[],"product_categories":[],"class_list":["post-11945","product","type-product","status-publish","has-post-thumbnail","hentry"],"acf":[],"yoast_head":"<!-- This site is optimized with the Yoast SEO plugin v27.5 - https:\/\/yoast.com\/product\/yoast-seo-wordpress\/ -->\n<title>Kauser - V\u00f3nin<\/title>\n<meta name=\"robots\" content=\"index, follow, max-snippet:-1, max-image-preview:large, max-video-preview:-1\" \/>\n<link rel=\"canonical\" href=\"https:\/\/www.vonin.com\/no\/product\/kauser\/\" \/>\n<meta property=\"og:locale\" content=\"nb_NO\" \/>\n<meta property=\"og:type\" content=\"article\" \/>\n<meta property=\"og:title\" content=\"Kauser - V\u00f3nin\" \/>\n<meta property=\"og:description\" content=\"Ekstra kraftig varmgalvanisert kause.\" \/>\n<meta property=\"og:url\" content=\"https:\/\/www.vonin.com\/no\/product\/kauser\/\" \/>\n<meta property=\"og:site_name\" content=\"V\u00f3nin\" \/>\n<meta property=\"article:modified_time\" content=\"2025-08-18T09:31:30+00:00\" \/>\n<meta property=\"og:image\" content=\"https:\/\/www.vonin.com\/wp-content\/uploads\/2021\/04\/vonin_thimbles-scaled.jpg\" \/>\n\t<meta property=\"og:image:width\" content=\"2560\" \/>\n\t<meta property=\"og:image:height\" content=\"1440\" \/>\n\t<meta property=\"og:image:type\" content=\"image\/jpeg\" \/>\n<meta name=\"twitter:card\" content=\"summary_large_image\" \/>\n<meta name=\"twitter:label1\" content=\"Ansl. lesetid\" \/>\n\t<meta name=\"twitter:data1\" content=\"2 minutter\" \/>\n<script type=\"application\/ld+json\" class=\"yoast-schema-graph\">{\"@context\":\"https:\\\/\\\/schema.org\",\"@graph\":[{\"@type\":\"WebPage\",\"@id\":\"https:\\\/\\\/www.vonin.com\\\/no\\\/product\\\/kauser\\\/\",\"url\":\"https:\\\/\\\/www.vonin.com\\\/no\\\/product\\\/kauser\\\/\",\"name\":\"Kauser - V\u00f3nin\",\"isPartOf\":{\"@id\":\"https:\\\/\\\/www.vonin.com\\\/#website\"},\"primaryImageOfPage\":{\"@id\":\"https:\\\/\\\/www.vonin.com\\\/no\\\/product\\\/kauser\\\/#primaryimage\"},\"image\":{\"@id\":\"https:\\\/\\\/www.vonin.com\\\/no\\\/product\\\/kauser\\\/#primaryimage\"},\"thumbnailUrl\":\"https:\\\/\\\/www.vonin.com\\\/wp-content\\\/uploads\\\/2021\\\/04\\\/vonin_thimbles-scaled.jpg\",\"datePublished\":\"2022-10-07T10:53:10+00:00\",\"dateModified\":\"2025-08-18T09:31:30+00:00\",\"breadcrumb\":{\"@id\":\"https:\\\/\\\/www.vonin.com\\\/no\\\/product\\\/kauser\\\/#breadcrumb\"},\"inLanguage\":\"nb-NO\",\"potentialAction\":[{\"@type\":\"ReadAction\",\"target\":[\"https:\\\/\\\/www.vonin.com\\\/no\\\/product\\\/kauser\\\/\"]}]},{\"@type\":\"ImageObject\",\"inLanguage\":\"nb-NO\",\"@id\":\"https:\\\/\\\/www.vonin.com\\\/no\\\/product\\\/kauser\\\/#primaryimage\",\"url\":\"https:\\\/\\\/www.vonin.com\\\/wp-content\\\/uploads\\\/2021\\\/04\\\/vonin_thimbles-scaled.jpg\",\"contentUrl\":\"https:\\\/\\\/www.vonin.com\\\/wp-content\\\/uploads\\\/2021\\\/04\\\/vonin_thimbles-scaled.jpg\",\"width\":2560,\"height\":1440},{\"@type\":\"BreadcrumbList\",\"@id\":\"https:\\\/\\\/www.vonin.com\\\/no\\\/product\\\/kauser\\\/#breadcrumb\",\"itemListElement\":[{\"@type\":\"ListItem\",\"position\":1,\"name\":\"V\u00f3nin\",\"item\":\"https:\\\/\\\/www.vonin.com\\\/no\\\/\"},{\"@type\":\"ListItem\",\"position\":2,\"name\":\"V\u00f8rur\",\"item\":\"https:\\\/\\\/www.vonin.com\\\/product\\\/\"},{\"@type\":\"ListItem\",\"position\":3,\"name\":\"Kauser\"}]},{\"@type\":\"WebSite\",\"@id\":\"https:\\\/\\\/www.vonin.com\\\/#website\",\"url\":\"https:\\\/\\\/www.vonin.com\\\/\",\"name\":\"V\u00f3nin\",\"description\":\"V\u00f3nin is a major developer and manufacturer of high quality fishing gear and aquaculture equipment as well as supplying equipment to the offshore industry and land based industry.\",\"potentialAction\":[{\"@type\":\"SearchAction\",\"target\":{\"@type\":\"EntryPoint\",\"urlTemplate\":\"https:\\\/\\\/www.vonin.com\\\/?s={search_term_string}\"},\"query-input\":{\"@type\":\"PropertyValueSpecification\",\"valueRequired\":true,\"valueName\":\"search_term_string\"}}],\"inLanguage\":\"nb-NO\"}]}<\/script>\n<!-- \/ Yoast SEO plugin. -->","yoast_head_json":{"title":"Kauser - V\u00f3nin","robots":{"index":"index","follow":"follow","max-snippet":"max-snippet:-1","max-image-preview":"max-image-preview:large","max-video-preview":"max-video-preview:-1"},"canonical":"https:\/\/www.vonin.com\/no\/product\/kauser\/","og_locale":"nb_NO","og_type":"article","og_title":"Kauser - V\u00f3nin","og_description":"Ekstra kraftig varmgalvanisert kause.","og_url":"https:\/\/www.vonin.com\/no\/product\/kauser\/","og_site_name":"V\u00f3nin","article_modified_time":"2025-08-18T09:31:30+00:00","og_image":[{"width":2560,"height":1440,"url":"https:\/\/www.vonin.com\/wp-content\/uploads\/2021\/04\/vonin_thimbles-scaled.jpg","type":"image\/jpeg"}],"twitter_card":"summary_large_image","twitter_misc":{"Ansl. lesetid":"2 minutter"},"schema":{"@context":"https:\/\/schema.org","@graph":[{"@type":"WebPage","@id":"https:\/\/www.vonin.com\/no\/product\/kauser\/","url":"https:\/\/www.vonin.com\/no\/product\/kauser\/","name":"Kauser - V\u00f3nin","isPartOf":{"@id":"https:\/\/www.vonin.com\/#website"},"primaryImageOfPage":{"@id":"https:\/\/www.vonin.com\/no\/product\/kauser\/#primaryimage"},"image":{"@id":"https:\/\/www.vonin.com\/no\/product\/kauser\/#primaryimage"},"thumbnailUrl":"https:\/\/www.vonin.com\/wp-content\/uploads\/2021\/04\/vonin_thimbles-scaled.jpg","datePublished":"2022-10-07T10:53:10+00:00","dateModified":"2025-08-18T09:31:30+00:00","breadcrumb":{"@id":"https:\/\/www.vonin.com\/no\/product\/kauser\/#breadcrumb"},"inLanguage":"nb-NO","potentialAction":[{"@type":"ReadAction","target":["https:\/\/www.vonin.com\/no\/product\/kauser\/"]}]},{"@type":"ImageObject","inLanguage":"nb-NO","@id":"https:\/\/www.vonin.com\/no\/product\/kauser\/#primaryimage","url":"https:\/\/www.vonin.com\/wp-content\/uploads\/2021\/04\/vonin_thimbles-scaled.jpg","contentUrl":"https:\/\/www.vonin.com\/wp-content\/uploads\/2021\/04\/vonin_thimbles-scaled.jpg","width":2560,"height":1440},{"@type":"BreadcrumbList","@id":"https:\/\/www.vonin.com\/no\/product\/kauser\/#breadcrumb","itemListElement":[{"@type":"ListItem","position":1,"name":"V\u00f3nin","item":"https:\/\/www.vonin.com\/no\/"},{"@type":"ListItem","position":2,"name":"V\u00f8rur","item":"https:\/\/www.vonin.com\/product\/"},{"@type":"ListItem","position":3,"name":"Kauser"}]},{"@type":"WebSite","@id":"https:\/\/www.vonin.com\/#website","url":"https:\/\/www.vonin.com\/","name":"V\u00f3nin","description":"V\u00f3nin is a major developer and manufacturer of high quality fishing gear and aquaculture equipment as well as supplying equipment to the offshore industry and land based industry.","potentialAction":[{"@type":"SearchAction","target":{"@type":"EntryPoint","urlTemplate":"https:\/\/www.vonin.com\/?s={search_term_string}"},"query-input":{"@type":"PropertyValueSpecification","valueRequired":true,"valueName":"search_term_string"}}],"inLanguage":"nb-NO"}]}},"_links":{"self":[{"href":"https:\/\/www.vonin.com\/no\/wp-json\/wp\/v2\/product\/11945","targetHints":{"allow":["GET"]}}],"collection":[{"href":"https:\/\/www.vonin.com\/no\/wp-json\/wp\/v2\/product"}],"about":[{"href":"https:\/\/www.vonin.com\/no\/wp-json\/wp\/v2\/types\/product"}],"wp:featuredmedia":[{"embeddable":true,"href":"https:\/\/www.vonin.com\/no\/wp-json\/wp\/v2\/media\/11110"}],"wp:attachment":[{"href":"https:\/\/www.vonin.com\/no\/wp-json\/wp\/v2\/media?parent=11945"}],"wp:term":[{"taxonomy":"post_tag","embeddable":true,"href":"https:\/\/www.vonin.com\/no\/wp-json\/wp\/v2\/tags?post=11945"},{"taxonomy":"product_categories","embeddable":true,"href":"https:\/\/www.vonin.com\/no\/wp-json\/wp\/v2\/product_categories?post=11945"}],"curies":[{"name":"wp","href":"https:\/\/api.w.org\/{rel}","templated":true}]}}