{"id":11944,"date":"2022-10-07T09:42:34","date_gmt":"2022-10-07T09:42:34","guid":{"rendered":"https:\/\/www.vonin.com\/?post_type=product&#038;p=11944"},"modified":"2025-12-18T09:32:48","modified_gmt":"2025-12-18T09:32:48","slug":"avkastnoter","status":"publish","type":"product","link":"https:\/\/www.vonin.com\/no\/product\/avkastnoter\/","title":{"rendered":"Avkastn\u00f8ter"},"content":{"rendered":"\n<div class=\"wp-block-cover alignfull is-light\" style=\"min-height:600px;aspect-ratio:unset;\"><span aria-hidden=\"true\" class=\"wp-block-cover__background has-background-dim\"><\/span><img loading=\"lazy\" decoding=\"async\" width=\"2560\" height=\"1707\" class=\"wp-block-cover__image-background wp-image-3466\" alt=\"sweep net in use\" src=\"https:\/\/www.vonin.com\/wp-content\/uploads\/2021\/03\/vonin-sweep-nets-2-scaled.jpg\" data-object-fit=\"cover\" srcset=\"https:\/\/www.vonin.com\/wp-content\/uploads\/2021\/03\/vonin-sweep-nets-2-scaled.jpg 2560w, https:\/\/www.vonin.com\/wp-content\/uploads\/2021\/03\/vonin-sweep-nets-2-800x533.jpg 800w, https:\/\/www.vonin.com\/wp-content\/uploads\/2021\/03\/vonin-sweep-nets-2-1600x1067.jpg 1600w, https:\/\/www.vonin.com\/wp-content\/uploads\/2021\/03\/vonin-sweep-nets-2-768x512.jpg 768w, https:\/\/www.vonin.com\/wp-content\/uploads\/2021\/03\/vonin-sweep-nets-2-200x133.jpg 200w, https:\/\/www.vonin.com\/wp-content\/uploads\/2021\/03\/vonin-sweep-nets-2-1536x1024.jpg 1536w, https:\/\/www.vonin.com\/wp-content\/uploads\/2021\/03\/vonin-sweep-nets-2-2048x1365.jpg 2048w\" sizes=\"auto, (max-width: 2560px) 100vw, 2560px\" \/><div class=\"wp-block-cover__inner-container is-layout-flow wp-block-cover-is-layout-flow\">\n<p class=\"has-text-align-center has-large-font-size\"><mark style=\"background-color:rgba(0, 0, 0, 0)\" class=\"has-inline-color has-white-color\"><strong>Avkastn\u00f8ter<\/strong><\/mark><\/p>\n<\/div><\/div>\n\n\n<div id=\"breadcrumbs-block_25bf9f4aaf24dd6fcf488df595d04169\" class=\"lunnar-breadcrumbs\">\n    \n    <p id=\"breadcrumbs\"><span><span><a href=\"https:\/\/www.vonin.com\/no\/\">V\u00f3nin<\/a><\/span><\/span><\/p>    \n<\/div>\n\n\n\n<div style=\"height:60px\" aria-hidden=\"true\" class=\"wp-block-spacer\"><\/div>\n\n\n\n<h2 class=\"wp-block-heading\">Designet for effektivitet<\/h2>\n\n\n\n<p>Ved \u00e5 trekke p\u00e5 v\u00e5r erfaring og kunnskap fra fiskeri og produksjon av snurpen\u00f8ter har vi laget avkastn\u00f8ter tilpasset havbruk. V\u00e5re avkastn\u00f8ter er designet for \u00e5 v\u00e6re effektive, slik at du kan fange mer laks p\u00e5 mindre tid.<\/p>\n\n\n\n<div style=\"height:30px\" aria-hidden=\"true\" class=\"wp-block-spacer\"><\/div>\n\n\n\n<h2 class=\"wp-block-heading\">Materiale og st\u00f8rrelse<\/h2>\n\n\n\n<p>Avkastn\u00f8tene er laget av h\u00f8ykvalitetsnylon, og er utformet slik at de passer n\u00f8yaktig til notposen.<\/p>\n\n\n\n<div style=\"height:60px\" aria-hidden=\"true\" class=\"wp-block-spacer\"><\/div>\n\n\n\n<div class=\"wp-block-media-text alignfull is-stacked-on-mobile is-vertically-aligned-center is-image-fill has-white-background-color has-background\"><figure class=\"wp-block-media-text__media\" style=\"background-image:url(https:\/\/www.vonin.com\/wp-content\/uploads\/2021\/03\/vonin-sweep-nets-3-1-scaled.jpg);background-position:49% 60%\"><img loading=\"lazy\" decoding=\"async\" width=\"2560\" height=\"2474\" src=\"https:\/\/www.vonin.com\/wp-content\/uploads\/2021\/03\/vonin-sweep-nets-3-1-scaled.jpg\" alt=\"sweep net in use\" class=\"wp-image-5361 size-full\" srcset=\"https:\/\/www.vonin.com\/wp-content\/uploads\/2021\/03\/vonin-sweep-nets-3-1-scaled.jpg 2560w, https:\/\/www.vonin.com\/wp-content\/uploads\/2021\/03\/vonin-sweep-nets-3-1-800x773.jpg 800w, https:\/\/www.vonin.com\/wp-content\/uploads\/2021\/03\/vonin-sweep-nets-3-1-1600x1546.jpg 1600w, https:\/\/www.vonin.com\/wp-content\/uploads\/2021\/03\/vonin-sweep-nets-3-1-768x742.jpg 768w, https:\/\/www.vonin.com\/wp-content\/uploads\/2021\/03\/vonin-sweep-nets-3-1-200x193.jpg 200w, https:\/\/www.vonin.com\/wp-content\/uploads\/2021\/03\/vonin-sweep-nets-3-1-1536x1485.jpg 1536w, https:\/\/www.vonin.com\/wp-content\/uploads\/2021\/03\/vonin-sweep-nets-3-1-2048x1980.jpg 2048w\" sizes=\"auto, (max-width: 2560px) 100vw, 2560px\" \/><\/figure><div class=\"wp-block-media-text__content\">\n<div style=\"height:90px\" aria-hidden=\"true\" class=\"wp-block-spacer\"><\/div>\n\n\n\n<hr class=\"wp-block-separator has-css-opacity\"\/>\n\n\n\n<div style=\"height:30px\" aria-hidden=\"true\" class=\"wp-block-spacer\"><\/div>\n\n\n\n<p class=\"has-text-align-center has-large-font-size\">Vi tilbyr to typer avkastn\u00f8ter:<\/p>\n\n\n\n<div style=\"height:30px\" aria-hidden=\"true\" class=\"wp-block-spacer\"><\/div>\n\n\n\n<blockquote class=\"wp-block-quote has-text-align-center is-style-large is-layout-flow wp-block-quote-is-layout-flow\">\n<p>Avkastn\u00f8ter for t\u00f8mming av notposene<\/p>\n<\/blockquote>\n\n\n\n<blockquote class=\"wp-block-quote has-text-align-center is-style-large is-layout-flow wp-block-quote-is-layout-flow\">\n<p>Avkastn\u00f8ter for lusetelling<\/p>\n<\/blockquote>\n\n\n\n<div style=\"height:90px\" aria-hidden=\"true\" class=\"wp-block-spacer\"><\/div>\n<\/div><\/div>\n\n\n\n<div style=\"height:60px\" aria-hidden=\"true\" class=\"wp-block-spacer\"><\/div>\n\n\n\n<hr class=\"wp-block-separator has-css-opacity is-style-wide\"\/>\n\n\n\n<h2 class=\"wp-block-heading\">Andre relevante produkter<\/h2>\n\n\n\n<div style=\"height:30px\" aria-hidden=\"true\" class=\"wp-block-spacer\"><\/div>\n\n\n\n<div id=\"products-block_e26dab6e192bf20bf4774d61b865c565\" class=\"beak-products product-list\">\n\t    \n                    \n            \n<a href=\"https:\/\/www.vonin.com\/no\/product\/fuglenett\/\" class=\"product-card post-id-11931\">\n        <div class=\"product-card--content-image\">\n                                        <img loading=\"lazy\" decoding=\"async\" src=\"https:\/\/www.vonin.com\/wp-content\/uploads\/2021\/02\/vonin-bird-net-800x450.jpg\" width=\"800\" height=\"450\" alt=\"\" style=\"object-position: \">\n                        <\/div>\n\n        <div class=\"product-card--content-text\">\n                <div class=\"product-card--title\">Fuglenett<\/div>\n\n                <div class=\"product-card--description line-clamp\">I alle former og st\u00f8rrelser Fuglenettene gir oppdrettsanlegget et ekstra lag med beskyttelse. Vi lager fuglenett av Dyneema og polyetylen for alle posetyper og -st\u00f8rrelser. Nettene er omhyggelig utformet for fleksibilitet, styrke og enkel h\u00e5ndtering. Nettene kan utformes som ett enkelt toppanel eller som et toppanel med sidepaneler. Fordeler med Dyneema-fuglenett Med v\u00e5re Dyneema fuglenett [&hellip;]<\/div>\n        <\/div>\n<\/a>        \n                            \n            \n<a href=\"https:\/\/www.vonin.com\/no\/product\/notposer\/\" class=\"product-card post-id-11932\">\n        <div class=\"product-card--content-image\">\n                                        <img loading=\"lazy\" decoding=\"async\" src=\"https:\/\/www.vonin.com\/wp-content\/uploads\/2021\/03\/vonin-cage_nets-800x400.jpg\" width=\"800\" height=\"400\" alt=\"\" style=\"object-position: \">\n                        <\/div>\n\n        <div class=\"product-card--content-text\">\n                <div class=\"product-card--title\">Notposer<\/div>\n\n                <div class=\"product-card--description line-clamp\">Notposer av h\u00f8y kvalitet beskytter fisken din Vi har flere ti\u00e5r med erfaring innen design, utvikling og produksjon av notposer for havbrukssektoren. Vi kan derfor levere notposer av h\u00f8y kvalitet og holdbarhet til oppdrettere. Alt ved notposene \u2013 fra stoff til konstruksjon \u2013 blir n\u00f8ye vurdert og kontinuerlig utviklet i tett samarbeid med oppdrettere. V\u00e5re [&hellip;]<\/div>\n        <\/div>\n<\/a>        \n                            \n            \n<a href=\"https:\/\/www.vonin.com\/no\/product\/fortoyninger\/\" class=\"product-card post-id-11939\">\n        <div class=\"product-card--content-image\">\n                                        <img loading=\"lazy\" decoding=\"async\" src=\"https:\/\/www.vonin.com\/wp-content\/uploads\/2021\/01\/Vonin-aquaculture-system-800x400.jpg\" width=\"800\" height=\"400\" alt=\"\" style=\"object-position: \">\n                        <\/div>\n\n        <div class=\"product-card--content-text\">\n                <div class=\"product-card--title\">Fort\u00f8yninger<\/div>\n\n                <div class=\"product-card--description line-clamp\">Robuste fort\u00f8yningsl\u00f8sninger Uten skikkelig fort\u00f8yning er oppdrettsanlegg s\u00e5rbare for havets uforutsigbare krefter. De siste ti\u00e5rene har vi spesialisert oss p\u00e5 h\u00f8ykvalitets fort\u00f8yningsutstyr til eksponerte lokaliteter. Fort\u00f8yningsl\u00f8sningen v\u00e5r er designet og bygd for t\u00e5le de t\u00f8ffe v\u00e6rforholdene i Nord-Atlanteren. Alle komponenter er n\u00f8ye utvalgt og laget for styrke og varighet. V\u00e5re fort\u00f8yningsl\u00f8sninger skreddersys den enkelte lokalitet. [&hellip;]<\/div>\n        <\/div>\n<\/a>        \n            <\/div>\n\n\n<div style=\"height:60px\" aria-hidden=\"true\" class=\"wp-block-spacer\"><\/div>\n\n\n\n<hr class=\"wp-block-separator has-css-opacity is-style-wide\"\/>\n\n\n\n<h2 class=\"wp-block-heading\">Salgsteam<\/h2>\n\n\n\n<div style=\"height:30px\" aria-hidden=\"true\" class=\"wp-block-spacer\"><\/div>\n\n\n\n<script>\n    employeeBlockData['employees-block_9e481a27f92999234fd638b0d4bbf0ec'] = '[]';\n<\/script>\n\n\n<div id=\"employees-block_9e481a27f92999234fd638b0d4bbf0ec\" class=\"beak-employees\">\n    \n            <div class=\"employee-message-modal--tint\" v-if=\"selectedEmployee\" :class=\"{ 'is-visible': selectedEmployee }\"><\/div>\n<div class=\"employee-message-modal\" v-if=\"selectedEmployee\" :class=\"{ 'is-visible': selectedEmployee }\">\n    <div class=\"employee-message--content\">\n        <a href=\"#\" @click.prevent=\"toggleModal(null)\" class=\"emp-modal-close\"><img decoding=\"async\" src=\"https:\/\/www.vonin.com\/wp-content\/themes\/beak-vonin\/images\/icon-plus.svg\" class=\"injectable\" \/><\/a>\n        <h3 v-if=\"selectedEmployee\">Send e-post til:<br \/> <b>{{selectedEmployee.title}}<\/b><\/h3>\n\n        <div class=\"form-errors\" v-if=\"formErrors &#038;&#038; formErrors.length &#62; 0\">\n            <ul>\n                <li v-for=\"error in formErrors\">{{error}}<\/li>\n            <\/ul>\n        <\/div>\n\n        <p v-if=\"formSent\"><b>Din melding har blitt sendt.<\/b><\/p>\n\n        <div v-if=\"!formSent\">\n            <div class=\"form-input\">\n                <label>Navn<span class=\"required\">*<\/span><\/label>\n                <input type=\"text\" v-model=\"sendEmailForm.name\" \/>\n            <\/div>\n\n            <div class=\"form-input\">\n                <label>Selskap<span class=\"required\">*<\/span><\/label>\n                <input type=\"text\" v-model=\"sendEmailForm.company\" \/>\n            <\/div>\n\n            <div class=\"form-input\">\n                <label>E-post<span class=\"required\">*<\/span><\/label>\n                <input type=\"email\" v-model=\"sendEmailForm.email\" \/>\n            <\/div>\n\n            <div class=\"form-input\">\n                <label>Telefon<span class=\"required\">*<\/span><\/label>\n                <input type=\"text\" v-model=\"sendEmailForm.phone\" \/>\n            <\/div>\n\n            <div class=\"form-input\">\n                <label>Beskjed<span class=\"required\">*<\/span><\/label>\n                <textarea type=\"text\" v-model=\"sendEmailForm.message\"><\/textarea>\n            <\/div>\n\n            <input type=\"hidden\" v-model=\"sendEmailForm.formLumpari\" \/>\n\n            <button @click=\"sendMessage()\" :class=\"{ disabled: formPosting || (formSubmitted &#038;&#038; !formIsValid) }\">Send<\/button>\n        <\/div>\n    <\/div>\n<\/div>    \n            <div class=\"employee-cards\" v-if=\"people\">\n                    <\/div>\n    <\/div>\n\n\n<div style=\"height:30px\" aria-hidden=\"true\" class=\"wp-block-spacer\"><\/div>\n\n\n\n<div style=\"height:60px\" aria-hidden=\"true\" class=\"wp-block-spacer\"><\/div>\n\n\n<div id=\"breadcrumbs-block_25bf9f4aaf24dd6fcf488df595d04169\" class=\"lunnar-breadcrumbs\">\n    \n    <p id=\"breadcrumbs\"><span><span><a href=\"https:\/\/www.vonin.com\/no\/\">V\u00f3nin<\/a><\/span><\/span><\/p>    \n<\/div>\n","protected":false},"excerpt":{"rendered":"<p>Designet for effektivitet Ved \u00e5 trekke p\u00e5 v\u00e5r erfaring og kunnskap fra fiskeri og produksjon av snurpen\u00f8ter har vi laget avkastn\u00f8ter tilpasset havbruk. V\u00e5re avkastn\u00f8ter er designet for \u00e5 v\u00e6re effektive, slik at du kan fange mer laks p\u00e5 mindre tid. Materiale og st\u00f8rrelse Avkastn\u00f8tene er laget av h\u00f8ykvalitetsnylon, og er utformet slik at de [&hellip;]<\/p>\n","protected":false},"featured_media":10917,"parent":0,"template":"","tags":[],"product_categories":[],"class_list":["post-11944","product","type-product","status-publish","has-post-thumbnail","hentry"],"acf":[],"yoast_head":"<!-- This site is optimized with the Yoast SEO plugin v27.5 - https:\/\/yoast.com\/product\/yoast-seo-wordpress\/ -->\n<title>Avkastn\u00f8ter | Designet for effektivitet | V\u00f3nin Refa<\/title>\n<meta name=\"description\" content=\"V\u00e5re avkastn\u00f8ter er designet for \u00e5 v\u00e6re effektive, slik at du kan fange mer laks p\u00e5 mindre tid.\" \/>\n<meta name=\"robots\" content=\"index, follow, max-snippet:-1, max-image-preview:large, max-video-preview:-1\" \/>\n<link rel=\"canonical\" href=\"https:\/\/www.vonin.com\/no\/product\/avkastnoter\/\" \/>\n<meta property=\"og:locale\" content=\"nb_NO\" \/>\n<meta property=\"og:type\" content=\"article\" \/>\n<meta property=\"og:title\" content=\"Avkastn\u00f8ter | Designet for effektivitet | V\u00f3nin Refa\" \/>\n<meta property=\"og:description\" content=\"V\u00e5re avkastn\u00f8ter er designet for \u00e5 v\u00e6re effektive, slik at du kan fange mer laks p\u00e5 mindre tid.\" \/>\n<meta property=\"og:url\" content=\"https:\/\/www.vonin.com\/no\/product\/avkastnoter\/\" \/>\n<meta property=\"og:site_name\" content=\"V\u00f3nin\" \/>\n<meta property=\"article:modified_time\" content=\"2025-12-18T09:32:48+00:00\" \/>\n<meta property=\"og:image\" content=\"https:\/\/www.vonin.com\/wp-content\/uploads\/2021\/03\/vonin-sweep-nets-2-scaled.jpg\" \/>\n\t<meta property=\"og:image:width\" content=\"2560\" \/>\n\t<meta property=\"og:image:height\" content=\"1707\" \/>\n\t<meta property=\"og:image:type\" content=\"image\/jpeg\" \/>\n<meta name=\"twitter:card\" content=\"summary_large_image\" \/>\n<meta name=\"twitter:label1\" content=\"Ansl. lesetid\" \/>\n\t<meta name=\"twitter:data1\" content=\"1 minutt\" \/>\n<script type=\"application\/ld+json\" class=\"yoast-schema-graph\">{\"@context\":\"https:\\\/\\\/schema.org\",\"@graph\":[{\"@type\":\"WebPage\",\"@id\":\"https:\\\/\\\/www.vonin.com\\\/no\\\/product\\\/avkastnoter\\\/\",\"url\":\"https:\\\/\\\/www.vonin.com\\\/no\\\/product\\\/avkastnoter\\\/\",\"name\":\"Avkastn\u00f8ter | Designet for effektivitet | V\u00f3nin Refa\",\"isPartOf\":{\"@id\":\"https:\\\/\\\/www.vonin.com\\\/#website\"},\"primaryImageOfPage\":{\"@id\":\"https:\\\/\\\/www.vonin.com\\\/no\\\/product\\\/avkastnoter\\\/#primaryimage\"},\"image\":{\"@id\":\"https:\\\/\\\/www.vonin.com\\\/no\\\/product\\\/avkastnoter\\\/#primaryimage\"},\"thumbnailUrl\":\"https:\\\/\\\/www.vonin.com\\\/wp-content\\\/uploads\\\/2021\\\/03\\\/vonin-sweep-nets-2-scaled.jpg\",\"datePublished\":\"2022-10-07T09:42:34+00:00\",\"dateModified\":\"2025-12-18T09:32:48+00:00\",\"description\":\"V\u00e5re avkastn\u00f8ter er designet for \u00e5 v\u00e6re effektive, slik at du kan fange mer laks p\u00e5 mindre tid.\",\"breadcrumb\":{\"@id\":\"https:\\\/\\\/www.vonin.com\\\/no\\\/product\\\/avkastnoter\\\/#breadcrumb\"},\"inLanguage\":\"nb-NO\",\"potentialAction\":[{\"@type\":\"ReadAction\",\"target\":[\"https:\\\/\\\/www.vonin.com\\\/no\\\/product\\\/avkastnoter\\\/\"]}]},{\"@type\":\"ImageObject\",\"inLanguage\":\"nb-NO\",\"@id\":\"https:\\\/\\\/www.vonin.com\\\/no\\\/product\\\/avkastnoter\\\/#primaryimage\",\"url\":\"https:\\\/\\\/www.vonin.com\\\/wp-content\\\/uploads\\\/2021\\\/03\\\/vonin-sweep-nets-2-scaled.jpg\",\"contentUrl\":\"https:\\\/\\\/www.vonin.com\\\/wp-content\\\/uploads\\\/2021\\\/03\\\/vonin-sweep-nets-2-scaled.jpg\",\"width\":2560,\"height\":1707},{\"@type\":\"BreadcrumbList\",\"@id\":\"https:\\\/\\\/www.vonin.com\\\/no\\\/product\\\/avkastnoter\\\/#breadcrumb\",\"itemListElement\":[{\"@type\":\"ListItem\",\"position\":1,\"name\":\"V\u00f3nin\",\"item\":\"https:\\\/\\\/www.vonin.com\\\/no\\\/\"},{\"@type\":\"ListItem\",\"position\":2,\"name\":\"V\u00f8rur\",\"item\":\"https:\\\/\\\/www.vonin.com\\\/product\\\/\"},{\"@type\":\"ListItem\",\"position\":3,\"name\":\"Avkastn\u00f8ter\"}]},{\"@type\":\"WebSite\",\"@id\":\"https:\\\/\\\/www.vonin.com\\\/#website\",\"url\":\"https:\\\/\\\/www.vonin.com\\\/\",\"name\":\"V\u00f3nin\",\"description\":\"V\u00f3nin is a major developer and manufacturer of high quality fishing gear and aquaculture equipment as well as supplying equipment to the offshore industry and land based industry.\",\"potentialAction\":[{\"@type\":\"SearchAction\",\"target\":{\"@type\":\"EntryPoint\",\"urlTemplate\":\"https:\\\/\\\/www.vonin.com\\\/?s={search_term_string}\"},\"query-input\":{\"@type\":\"PropertyValueSpecification\",\"valueRequired\":true,\"valueName\":\"search_term_string\"}}],\"inLanguage\":\"nb-NO\"}]}<\/script>\n<!-- \/ Yoast SEO plugin. -->","yoast_head_json":{"title":"Avkastn\u00f8ter | Designet for effektivitet | V\u00f3nin Refa","description":"V\u00e5re avkastn\u00f8ter er designet for \u00e5 v\u00e6re effektive, slik at du kan fange mer laks p\u00e5 mindre tid.","robots":{"index":"index","follow":"follow","max-snippet":"max-snippet:-1","max-image-preview":"max-image-preview:large","max-video-preview":"max-video-preview:-1"},"canonical":"https:\/\/www.vonin.com\/no\/product\/avkastnoter\/","og_locale":"nb_NO","og_type":"article","og_title":"Avkastn\u00f8ter | Designet for effektivitet | V\u00f3nin Refa","og_description":"V\u00e5re avkastn\u00f8ter er designet for \u00e5 v\u00e6re effektive, slik at du kan fange mer laks p\u00e5 mindre tid.","og_url":"https:\/\/www.vonin.com\/no\/product\/avkastnoter\/","og_site_name":"V\u00f3nin","article_modified_time":"2025-12-18T09:32:48+00:00","og_image":[{"width":2560,"height":1707,"url":"https:\/\/www.vonin.com\/wp-content\/uploads\/2021\/03\/vonin-sweep-nets-2-scaled.jpg","type":"image\/jpeg"}],"twitter_card":"summary_large_image","twitter_misc":{"Ansl. lesetid":"1 minutt"},"schema":{"@context":"https:\/\/schema.org","@graph":[{"@type":"WebPage","@id":"https:\/\/www.vonin.com\/no\/product\/avkastnoter\/","url":"https:\/\/www.vonin.com\/no\/product\/avkastnoter\/","name":"Avkastn\u00f8ter | Designet for effektivitet | V\u00f3nin Refa","isPartOf":{"@id":"https:\/\/www.vonin.com\/#website"},"primaryImageOfPage":{"@id":"https:\/\/www.vonin.com\/no\/product\/avkastnoter\/#primaryimage"},"image":{"@id":"https:\/\/www.vonin.com\/no\/product\/avkastnoter\/#primaryimage"},"thumbnailUrl":"https:\/\/www.vonin.com\/wp-content\/uploads\/2021\/03\/vonin-sweep-nets-2-scaled.jpg","datePublished":"2022-10-07T09:42:34+00:00","dateModified":"2025-12-18T09:32:48+00:00","description":"V\u00e5re avkastn\u00f8ter er designet for \u00e5 v\u00e6re effektive, slik at du kan fange mer laks p\u00e5 mindre tid.","breadcrumb":{"@id":"https:\/\/www.vonin.com\/no\/product\/avkastnoter\/#breadcrumb"},"inLanguage":"nb-NO","potentialAction":[{"@type":"ReadAction","target":["https:\/\/www.vonin.com\/no\/product\/avkastnoter\/"]}]},{"@type":"ImageObject","inLanguage":"nb-NO","@id":"https:\/\/www.vonin.com\/no\/product\/avkastnoter\/#primaryimage","url":"https:\/\/www.vonin.com\/wp-content\/uploads\/2021\/03\/vonin-sweep-nets-2-scaled.jpg","contentUrl":"https:\/\/www.vonin.com\/wp-content\/uploads\/2021\/03\/vonin-sweep-nets-2-scaled.jpg","width":2560,"height":1707},{"@type":"BreadcrumbList","@id":"https:\/\/www.vonin.com\/no\/product\/avkastnoter\/#breadcrumb","itemListElement":[{"@type":"ListItem","position":1,"name":"V\u00f3nin","item":"https:\/\/www.vonin.com\/no\/"},{"@type":"ListItem","position":2,"name":"V\u00f8rur","item":"https:\/\/www.vonin.com\/product\/"},{"@type":"ListItem","position":3,"name":"Avkastn\u00f8ter"}]},{"@type":"WebSite","@id":"https:\/\/www.vonin.com\/#website","url":"https:\/\/www.vonin.com\/","name":"V\u00f3nin","description":"V\u00f3nin is a major developer and manufacturer of high quality fishing gear and aquaculture equipment as well as supplying equipment to the offshore industry and land based industry.","potentialAction":[{"@type":"SearchAction","target":{"@type":"EntryPoint","urlTemplate":"https:\/\/www.vonin.com\/?s={search_term_string}"},"query-input":{"@type":"PropertyValueSpecification","valueRequired":true,"valueName":"search_term_string"}}],"inLanguage":"nb-NO"}]}},"_links":{"self":[{"href":"https:\/\/www.vonin.com\/no\/wp-json\/wp\/v2\/product\/11944","targetHints":{"allow":["GET"]}}],"collection":[{"href":"https:\/\/www.vonin.com\/no\/wp-json\/wp\/v2\/product"}],"about":[{"href":"https:\/\/www.vonin.com\/no\/wp-json\/wp\/v2\/types\/product"}],"wp:featuredmedia":[{"embeddable":true,"href":"https:\/\/www.vonin.com\/no\/wp-json\/wp\/v2\/media\/10917"}],"wp:attachment":[{"href":"https:\/\/www.vonin.com\/no\/wp-json\/wp\/v2\/media?parent=11944"}],"wp:term":[{"taxonomy":"post_tag","embeddable":true,"href":"https:\/\/www.vonin.com\/no\/wp-json\/wp\/v2\/tags?post=11944"},{"taxonomy":"product_categories","embeddable":true,"href":"https:\/\/www.vonin.com\/no\/wp-json\/wp\/v2\/product_categories?post=11944"}],"curies":[{"name":"wp","href":"https:\/\/api.w.org\/{rel}","templated":true}]}}