{"id":11941,"date":"2022-10-06T14:09:36","date_gmt":"2022-10-06T14:09:36","guid":{"rendered":"https:\/\/www.vonin.com\/?post_type=product&#038;p=11941"},"modified":"2024-06-26T08:41:13","modified_gmt":"2024-06-26T08:41:13","slug":"snurpenoter","status":"publish","type":"product","link":"https:\/\/www.vonin.com\/no\/product\/snurpenoter\/","title":{"rendered":"Snurpen\u00f8ter"},"content":{"rendered":"\n\n    <div id=\"video-cover-block_f8d4ed96be723ff863230f0bd10e0a88\" class=\"beak-video-cover alignfull content-top\" style=\" min-height: 100vh;\">\n        \n        <div class=\"video-placeholder\" data-video-src=\"https:\/\/player.vimeo.com\/external\/513801543.hd.mp4?s=7d2e3d9a9cf46d1a672699f1e4134bf8a28764c8&#038;profile_id=175\">\n            <!-- You can add a thumbnail or any placeholder content here -->\n        <\/div>\n\n        <div class=\"cover--content container\">\n            \n\n<h2 class=\"wp-block-heading has-text-align-center\"><strong>V\u00f3nin Refa snurpen\u00f8ter<\/strong><\/h2>\n\n\n\n<h4 class=\"wp-block-heading has-text-align-center\">Raskt og effektivt fiske<\/h4>\n\n\n        <\/div>\n    <\/div>\n\n\n\n<div id=\"breadcrumbs-block_9baa87d872b55d402a1d54c836e7fb99\" class=\"lunnar-breadcrumbs\">\n    \n    <p id=\"breadcrumbs\"><span><span><a href=\"https:\/\/www.vonin.com\/no\/\">V\u00f3nin<\/a><\/span><\/span><\/p>    \n<\/div>\n\n\n\n<div style=\"height:60px\" aria-hidden=\"true\" class=\"wp-block-spacer\"><\/div>\n\n\n\n<h2 class=\"wp-block-heading\">Snurpen\u00f8ter av h\u00f8y kvalitet<\/h2>\n\n\n\n<p>V\u00e5re snurpen\u00f8ter brukes i det t\u00f8ffe havmilj\u00f8et i Nord-Atlanteren og er kjent for sin robusthet, stabilitet og evne til \u00e5 holde p\u00e5 formen over tid. Etter tilbakemeldingene fra kundene v\u00e5re \u00e5 d\u00f8mme er skipperne sv\u00e6rt forn\u00f8yde med b\u00e5de fangstegenskapene og kvaliteten p\u00e5 n\u00f8tene v\u00e5re.<\/p>\n\n\n\n<div style=\"height:30px\" aria-hidden=\"true\" class=\"wp-block-spacer\"><\/div>\n\n\n\n<figure class=\"wp-block-image size-large\"><img loading=\"lazy\" decoding=\"async\" width=\"1600\" height=\"900\" src=\"https:\/\/www.vonin.com\/wp-content\/uploads\/2021\/02\/vonin-purse-seine-1600x900.jpg\" alt=\"\" class=\"wp-image-10749\" srcset=\"https:\/\/www.vonin.com\/wp-content\/uploads\/2021\/02\/vonin-purse-seine-1600x900.jpg 1600w, https:\/\/www.vonin.com\/wp-content\/uploads\/2021\/02\/vonin-purse-seine-800x450.jpg 800w, https:\/\/www.vonin.com\/wp-content\/uploads\/2021\/02\/vonin-purse-seine-768x432.jpg 768w, https:\/\/www.vonin.com\/wp-content\/uploads\/2021\/02\/vonin-purse-seine-200x113.jpg 200w, https:\/\/www.vonin.com\/wp-content\/uploads\/2021\/02\/vonin-purse-seine-1536x864.jpg 1536w, https:\/\/www.vonin.com\/wp-content\/uploads\/2021\/02\/vonin-purse-seine-2048x1152.jpg 2048w\" sizes=\"auto, (max-width: 1600px) 100vw, 1600px\" \/><\/figure>\n\n\n\n<div style=\"height:60px\" aria-hidden=\"true\" class=\"wp-block-spacer\"><\/div>\n\n\n\n<div class=\"wp-block-cover alignfull is-light has-parallax\"><span aria-hidden=\"true\" class=\"wp-block-cover__background has-background-dim-40 has-background-dim\"><\/span><div class=\"wp-block-cover__image-background wp-image-2236 has-parallax\" style=\"background-position:50% 50%;background-image:url(https:\/\/www.vonin.com\/wp-content\/uploads\/2021\/02\/vonin-capelin-scaled.jpg)\"><\/div><div class=\"wp-block-cover__inner-container is-layout-flow wp-block-cover-is-layout-flow\">\n<h6 class=\"wp-block-heading has-text-align-center has-white-color has-text-color\">Vi leverer ringnot til ulike fiskerier <\/h6>\n\n\n\n<blockquote class=\"wp-block-quote has-text-align-center is-style-large is-layout-flow wp-block-quote-is-layout-flow\">\n<p><mark style=\"background-color:rgba(0, 0, 0, 0)\" class=\"has-inline-color has-white-color\">Makrell<\/mark><\/p>\n\n\n\n<p><mark style=\"background-color:rgba(0, 0, 0, 0)\" class=\"has-inline-color has-white-color\">Sild <\/mark><\/p>\n\n\n\n<p><mark style=\"background-color:rgba(0, 0, 0, 0)\" class=\"has-inline-color has-white-color\">Lodde<\/mark><\/p>\n\n\n\n<p><mark style=\"background-color:rgba(0, 0, 0, 0)\" class=\"has-inline-color has-white-color\">Sei<\/mark><\/p>\n<\/blockquote>\n<\/div><\/div>\n\n\n\n<div style=\"height:60px\" aria-hidden=\"true\" class=\"wp-block-spacer\"><\/div>\n\n\n\n<h2 class=\"wp-block-heading\">Optimalisert design<\/h2>\n\n\n\n<p>V\u00f3nin Refa snurpen\u00f8ter er optimalisert slik at det ikke skal oppst\u00e5 spenninger som hindrer fisken i \u00e5 str\u00f8mme fritt inn i posen. Slike spenninger kan ogs\u00e5 f\u00f8re til skade p\u00e5 noten.<\/p>\n\n\n\n<div style=\"height:30px\" aria-hidden=\"true\" class=\"wp-block-spacer\"><\/div>\n\n\n\n<div class=\"wp-block-columns is-layout-flex wp-container-core-columns-is-layout-9d6595d7 wp-block-columns-is-layout-flex\">\n<div class=\"wp-block-column is-layout-flow wp-block-column-is-layout-flow\">\n<figure class=\"wp-block-image size-large\"><img loading=\"lazy\" decoding=\"async\" width=\"1600\" height=\"1200\" src=\"https:\/\/www.vonin.com\/wp-content\/uploads\/2022\/10\/IMG2581-1600x1200.jpg\" alt=\"\" class=\"wp-image-13676\" srcset=\"https:\/\/www.vonin.com\/wp-content\/uploads\/2022\/10\/IMG2581-1600x1200.jpg 1600w, https:\/\/www.vonin.com\/wp-content\/uploads\/2022\/10\/IMG2581-800x600.jpg 800w, https:\/\/www.vonin.com\/wp-content\/uploads\/2022\/10\/IMG2581-768x576.jpg 768w, https:\/\/www.vonin.com\/wp-content\/uploads\/2022\/10\/IMG2581-200x150.jpg 200w, https:\/\/www.vonin.com\/wp-content\/uploads\/2022\/10\/IMG2581-1536x1152.jpg 1536w, https:\/\/www.vonin.com\/wp-content\/uploads\/2022\/10\/IMG2581.jpg 2048w\" sizes=\"auto, (max-width: 1600px) 100vw, 1600px\" \/><\/figure>\n<\/div>\n\n\n\n<div class=\"wp-block-column is-layout-flow wp-block-column-is-layout-flow\">\n<figure class=\"wp-block-image size-large\"><img loading=\"lazy\" decoding=\"async\" width=\"1600\" height=\"1200\" src=\"https:\/\/www.vonin.com\/wp-content\/uploads\/2023\/03\/2018-02-18-15.58.38-1-1600x1200.jpg\" alt=\"\" class=\"wp-image-13680\" srcset=\"https:\/\/www.vonin.com\/wp-content\/uploads\/2023\/03\/2018-02-18-15.58.38-1-1600x1200.jpg 1600w, https:\/\/www.vonin.com\/wp-content\/uploads\/2023\/03\/2018-02-18-15.58.38-1-800x600.jpg 800w, https:\/\/www.vonin.com\/wp-content\/uploads\/2023\/03\/2018-02-18-15.58.38-1-768x576.jpg 768w, https:\/\/www.vonin.com\/wp-content\/uploads\/2023\/03\/2018-02-18-15.58.38-1-200x150.jpg 200w, https:\/\/www.vonin.com\/wp-content\/uploads\/2023\/03\/2018-02-18-15.58.38-1-1536x1152.jpg 1536w, https:\/\/www.vonin.com\/wp-content\/uploads\/2023\/03\/2018-02-18-15.58.38-1-2048x1536.jpg 2048w\" sizes=\"auto, (max-width: 1600px) 100vw, 1600px\" \/><\/figure>\n<\/div>\n<\/div>\n\n\n\n<div style=\"height:30px\" aria-hidden=\"true\" class=\"wp-block-spacer\"><\/div>\n\n\n\n<h2 class=\"wp-block-heading\">Hurtigsynkende fiskeline<\/h2>\n\n\n\n<p>Fiskelinen er designet for \u00e5 synke raskt, og det er ogs\u00e5 en viktig egenskap. N\u00e5r du er ferdig med \u00e5 sette noten, er fiskelinen allerede ved sin maksimale dybde, og du kan begynne \u00e5 snurpe med \u00e9n gang. Det gj\u00f8r at ventetiden blir kortere, og det blir mindre risiko for at fisk r\u00f8mmer. Dette betyr mer effektivt fiske.<\/p>\n\n\n\n<div style=\"height:60px\" aria-hidden=\"true\" class=\"wp-block-spacer\"><\/div>\n\n\n\n<div class=\"wp-block-media-text alignfull is-stacked-on-mobile is-image-fill has-white-background-color has-background\"><figure class=\"wp-block-media-text__media\" style=\"background-image:url(https:\/\/www.vonin.com\/wp-content\/uploads\/2023\/03\/2018-02-19-21.48.10-1600x900.jpg);background-position:50% 50%\"><img loading=\"lazy\" decoding=\"async\" width=\"1600\" height=\"900\" src=\"https:\/\/www.vonin.com\/wp-content\/uploads\/2023\/03\/2018-02-19-21.48.10-1600x900.jpg\" alt=\"\" class=\"wp-image-13673 size-full\" srcset=\"https:\/\/www.vonin.com\/wp-content\/uploads\/2023\/03\/2018-02-19-21.48.10-1600x900.jpg 1600w, https:\/\/www.vonin.com\/wp-content\/uploads\/2023\/03\/2018-02-19-21.48.10-800x450.jpg 800w, https:\/\/www.vonin.com\/wp-content\/uploads\/2023\/03\/2018-02-19-21.48.10-768x432.jpg 768w, https:\/\/www.vonin.com\/wp-content\/uploads\/2023\/03\/2018-02-19-21.48.10-200x113.jpg 200w, https:\/\/www.vonin.com\/wp-content\/uploads\/2023\/03\/2018-02-19-21.48.10-1536x864.jpg 1536w, https:\/\/www.vonin.com\/wp-content\/uploads\/2023\/03\/2018-02-19-21.48.10-2048x1152.jpg 2048w\" sizes=\"auto, (max-width: 1600px) 100vw, 1600px\" \/><\/figure><div class=\"wp-block-media-text__content\">\n<div style=\"height:90px\" aria-hidden=\"true\" class=\"wp-block-spacer\"><\/div>\n\n\n\n<blockquote class=\"wp-block-quote is-style-large is-layout-flow wp-block-quote-is-layout-flow\">\n<h3 class=\"wp-block-heading\">Vi tilbyr v\u00e5re notkunder:<\/h3>\n\n\n\n<h6 class=\"wp-block-heading\"><em>Tegning og prosjektering av nye n\u00f8ter, eller notstykker etter kundens \u00f8nske.<\/em><\/h6>\n\n\n\n<h6 class=\"wp-block-heading\">Produksjon med vekt p\u00e5 kvalitet til minste detalj<\/h6>\n\n\n\n<h6 class=\"wp-block-heading\">Kvalitetsprodukt til en rimelig pris<\/h6>\n\n\n\n<h6 class=\"wp-block-heading\">Lagring og service<\/h6>\n<\/blockquote>\n\n\n\n<div style=\"height:90px\" aria-hidden=\"true\" class=\"wp-block-spacer\"><\/div>\n\n\n\n<p><\/p>\n<\/div><\/div>\n\n\n\n<div style=\"height:60px\" aria-hidden=\"true\" class=\"wp-block-spacer\"><\/div>\n\n\n\n<div style=\"height:30px\" aria-hidden=\"true\" class=\"wp-block-spacer\"><\/div>\n\n\n\n<div class=\"wp-block-group has-black-background-color has-background\"><div class=\"wp-block-group__inner-container is-layout-flow wp-block-group-is-layout-flow\">\n<div class=\"wp-block-columns is-layout-flex wp-container-core-columns-is-layout-9d6595d7 wp-block-columns-is-layout-flex\">\n<div class=\"wp-block-column is-layout-flow wp-block-column-is-layout-flow\" style=\"flex-basis:33.33%\">\n<hr class=\"wp-block-separator has-text-color has-white-color has-css-opacity has-white-background-color has-background\"\/>\n\n\n\n<p class=\"has-white-color has-text-color\">I begynnelsen av hvert \u00e5r setter Nor\u00f0borg kursen mot islandske farvann for \u00e5 snurpe etter lodde. Se den fantastiske dronevideoen som et av besetningsmedlemmene har filmet.<\/p>\n<\/div>\n\n\n\n<div class=\"wp-block-column is-layout-flow wp-block-column-is-layout-flow\" style=\"flex-basis:66.66%\">\n<div id=\"embed-block_f96f0d9e3ef5c9e5b5e69c808bd004fc\" class=\"beak-embed\" data-type=\"youtube\" data-id=\"aWHu4GmE3bg\">\n\t\n            <a href=\"#\" aria-label=\"Play video\" ref=\"image\" class=\"embed--image lunnar-embed-video-overlay\">\n                            <img decoding=\"async\" src=\"https:\/\/img.youtube.com\/vi\/aWHu4GmE3bg\/maxresdefault.jpg\"\/>              \n            \n            <div class=\"embed--image-btn\"><\/div>\n        <\/a>\n    <\/div><\/div>\n<\/div>\n\n\n\n<div style=\"height:30px\" aria-hidden=\"true\" class=\"wp-block-spacer\"><\/div>\n<\/div><\/div>\n\n\n\n<div style=\"height:60px\" aria-hidden=\"true\" class=\"wp-block-spacer\"><\/div>\n\n\n\n<hr class=\"wp-block-separator has-css-opacity is-style-wide\"\/>\n\n\n\n<h2 class=\"wp-block-heading\">Salgsteam<\/h2>\n\n\n\n<div style=\"height:30px\" aria-hidden=\"true\" class=\"wp-block-spacer\"><\/div>\n\n\n\n<script>\n    employeeBlockData['employees-block_7d01ef9f71e0ecdf7ab6c15a779a50d9'] = '[{\"title\":\"Frank Larsen\",\"job_title\":\"Segmentleder - Not\",\"phone\":\"+47 90 84 52 35\",\"email\":\"frank.larsen@refa.no\",\"permalink\":\"https:\\\/\\\/www.vonin.com\\\/no\\\/contacts\\\/frank-larsen\\\/\",\"post_id\":12065,\"thumbnail_id\":13163,\"image\":\"https:\\\/\\\/www.vonin.com\\\/wp-content\\\/uploads\\\/2021\\\/03\\\/Frank-Larsen-1-800x533.jpg\",\"image_width\":800,\"image_height\":533,\"focal_points\":\"49.8381% 3.7149%\"},{\"title\":\"Ronny M\\u00f8rch\",\"job_title\":\"Selger - Kyst & Not\",\"phone\":\"+47 45 60 11 15\",\"email\":\"ronny.morch@refa.no\",\"permalink\":\"https:\\\/\\\/www.vonin.com\\\/no\\\/contacts\\\/ronny-morch\\\/\",\"post_id\":12061,\"thumbnail_id\":14000,\"image\":\"https:\\\/\\\/www.vonin.com\\\/wp-content\\\/uploads\\\/2021\\\/03\\\/ronny-morch-800x533.jpg\",\"image_width\":800,\"image_height\":533,\"focal_points\":\"52.2827% 0.0000%\"}]';\n<\/script>\n\n\n<div id=\"employees-block_7d01ef9f71e0ecdf7ab6c15a779a50d9\" class=\"beak-employees\">\n    \n            <div class=\"employee-message-modal--tint\" v-if=\"selectedEmployee\" :class=\"{ 'is-visible': selectedEmployee }\"><\/div>\n<div class=\"employee-message-modal\" v-if=\"selectedEmployee\" :class=\"{ 'is-visible': selectedEmployee }\">\n    <div class=\"employee-message--content\">\n        <a href=\"#\" @click.prevent=\"toggleModal(null)\" class=\"emp-modal-close\"><img decoding=\"async\" src=\"https:\/\/www.vonin.com\/wp-content\/themes\/beak-vonin\/images\/icon-plus.svg\" class=\"injectable\" \/><\/a>\n        <h3 v-if=\"selectedEmployee\">Send e-post til:<br \/> <b>{{selectedEmployee.title}}<\/b><\/h3>\n\n        <div class=\"form-errors\" v-if=\"formErrors &#038;&#038; formErrors.length &#62; 0\">\n            <ul>\n                <li v-for=\"error in formErrors\">{{error}}<\/li>\n            <\/ul>\n        <\/div>\n\n        <p v-if=\"formSent\"><b>Din melding har blitt sendt.<\/b><\/p>\n\n        <div v-if=\"!formSent\">\n            <div class=\"form-input\">\n                <label>Navn<span class=\"required\">*<\/span><\/label>\n                <input type=\"text\" v-model=\"sendEmailForm.name\" \/>\n            <\/div>\n\n            <div class=\"form-input\">\n                <label>Selskap<span class=\"required\">*<\/span><\/label>\n                <input type=\"text\" v-model=\"sendEmailForm.company\" \/>\n            <\/div>\n\n            <div class=\"form-input\">\n                <label>E-post<span class=\"required\">*<\/span><\/label>\n                <input type=\"email\" v-model=\"sendEmailForm.email\" \/>\n            <\/div>\n\n            <div class=\"form-input\">\n                <label>Telefon<span class=\"required\">*<\/span><\/label>\n                <input type=\"text\" v-model=\"sendEmailForm.phone\" \/>\n            <\/div>\n\n            <div class=\"form-input\">\n                <label>Beskjed<span class=\"required\">*<\/span><\/label>\n                <textarea type=\"text\" v-model=\"sendEmailForm.message\"><\/textarea>\n            <\/div>\n\n            <input type=\"hidden\" v-model=\"sendEmailForm.formLumpari\" \/>\n\n            <button @click=\"sendMessage()\" :class=\"{ disabled: formPosting || (formSubmitted &#038;&#038; !formIsValid) }\">Send<\/button>\n        <\/div>\n    <\/div>\n<\/div>    \n            <div class=\"employee-cards\" v-if=\"people\">\n            <div v-for=\"(employee, index) in people\" class=\"employee-card swiper-slide\">\n    <div v-if=\"employee.image\" class=\"employee-card--content-image\">\n        <img v-if=\"employee.image\" :src=\"employee.image\" alt=\"\" :width=\"employee.image_width\" :height=\"employee.image_height\" :style=\"`object-position: ${employee.focal_points}`\" \/>\n    <\/div>\n\n    <div class=\"employee-card--content-text\">\n        <div v-if=\"employee.title\" class=\"employee-name\">{{ employee.title }}<\/div>\n\n        <div v-if=\"employee.people_locations?.length\" class=\"employee-location\">{{ getLocations(employee) }}<\/div>\n\n        <div v-if=\"employee.job_title\" class=\"employee-title\">{{ employee.job_title }}<\/div>\n\n        <div class=\"employee-contact\">\n            <div v-if=\"employee.phone\" class=\"employee-contact--item employee-contact--phone\">\n                <span>Telefon:<\/span>\n\n                <a :href=\"'tel:'+employee.phone\">{{ employee.phone }}<\/a>\n            <\/div>\n\n            <a href=\"#\" @click.prevent=\"toggleModal(employee)\" class=\"employee-send-email\">Send e-post<\/a>\n        <\/div>\n    <\/div>\n<\/div>        <\/div>\n    <\/div>\n\n\n<div style=\"height:60px\" aria-hidden=\"true\" class=\"wp-block-spacer\"><\/div>\n\n\n<div id=\"breadcrumbs-block_9baa87d872b55d402a1d54c836e7fb99\" class=\"lunnar-breadcrumbs\">\n    \n    <p id=\"breadcrumbs\"><span><span><a href=\"https:\/\/www.vonin.com\/no\/\">V\u00f3nin<\/a><\/span><\/span><\/p>    \n<\/div>\n","protected":false},"excerpt":{"rendered":"<p>Snurpen\u00f8ter av h\u00f8y kvalitet V\u00e5re snurpen\u00f8ter brukes i det t\u00f8ffe havmilj\u00f8et i Nord-Atlanteren og er kjent for sin robusthet, stabilitet og evne til \u00e5 holde p\u00e5 formen over tid. Etter tilbakemeldingene fra kundene v\u00e5re \u00e5 d\u00f8mme er skipperne sv\u00e6rt forn\u00f8yde med b\u00e5de fangstegenskapene og kvaliteten p\u00e5 n\u00f8tene v\u00e5re. Optimalisert design V\u00f3nin Refa snurpen\u00f8ter er optimalisert [&hellip;]<\/p>\n","protected":false},"featured_media":10749,"parent":0,"template":"","tags":[],"product_categories":[],"class_list":["post-11941","product","type-product","status-publish","has-post-thumbnail","hentry"],"acf":[],"yoast_head":"<!-- This site is optimized with the Yoast SEO plugin v27.6 - https:\/\/yoast.com\/product\/yoast-seo-wordpress\/ -->\n<title>Snurpen\u00f8ter - V\u00f3nin<\/title>\n<meta name=\"robots\" content=\"index, follow, max-snippet:-1, max-image-preview:large, max-video-preview:-1\" \/>\n<link rel=\"canonical\" href=\"https:\/\/www.vonin.com\/no\/product\/snurpenoter\/\" \/>\n<meta property=\"og:locale\" content=\"nb_NO\" \/>\n<meta property=\"og:type\" content=\"article\" \/>\n<meta property=\"og:title\" content=\"Snurpen\u00f8ter - V\u00f3nin\" \/>\n<meta property=\"og:description\" content=\"Snurpen\u00f8ter av h\u00f8y kvalitet V\u00e5re snurpen\u00f8ter brukes i det t\u00f8ffe havmilj\u00f8et i Nord-Atlanteren og er kjent for sin robusthet, stabilitet og evne til \u00e5 holde p\u00e5 formen over tid. Etter tilbakemeldingene fra kundene v\u00e5re \u00e5 d\u00f8mme er skipperne sv\u00e6rt forn\u00f8yde med b\u00e5de fangstegenskapene og kvaliteten p\u00e5 n\u00f8tene v\u00e5re. Optimalisert design V\u00f3nin Refa snurpen\u00f8ter er optimalisert [&hellip;]\" \/>\n<meta property=\"og:url\" content=\"https:\/\/www.vonin.com\/no\/product\/snurpenoter\/\" \/>\n<meta property=\"og:site_name\" content=\"V\u00f3nin\" \/>\n<meta property=\"article:modified_time\" content=\"2024-06-26T08:41:13+00:00\" \/>\n<meta property=\"og:image\" content=\"https:\/\/www.vonin.com\/wp-content\/uploads\/2021\/02\/vonin-purse-seine-scaled.jpg\" \/>\n\t<meta property=\"og:image:width\" content=\"2560\" \/>\n\t<meta property=\"og:image:height\" content=\"1440\" \/>\n\t<meta property=\"og:image:type\" content=\"image\/jpeg\" \/>\n<meta name=\"twitter:card\" content=\"summary_large_image\" \/>\n<meta name=\"twitter:label1\" content=\"Ansl. lesetid\" \/>\n\t<meta name=\"twitter:data1\" content=\"2 minutter\" \/>\n<script type=\"application\/ld+json\" class=\"yoast-schema-graph\">{\"@context\":\"https:\\\/\\\/schema.org\",\"@graph\":[{\"@type\":\"WebPage\",\"@id\":\"https:\\\/\\\/www.vonin.com\\\/no\\\/product\\\/snurpenoter\\\/\",\"url\":\"https:\\\/\\\/www.vonin.com\\\/no\\\/product\\\/snurpenoter\\\/\",\"name\":\"Snurpen\u00f8ter - V\u00f3nin\",\"isPartOf\":{\"@id\":\"https:\\\/\\\/www.vonin.com\\\/#website\"},\"primaryImageOfPage\":{\"@id\":\"https:\\\/\\\/www.vonin.com\\\/no\\\/product\\\/snurpenoter\\\/#primaryimage\"},\"image\":{\"@id\":\"https:\\\/\\\/www.vonin.com\\\/no\\\/product\\\/snurpenoter\\\/#primaryimage\"},\"thumbnailUrl\":\"https:\\\/\\\/www.vonin.com\\\/wp-content\\\/uploads\\\/2021\\\/02\\\/vonin-purse-seine-scaled.jpg\",\"datePublished\":\"2022-10-06T14:09:36+00:00\",\"dateModified\":\"2024-06-26T08:41:13+00:00\",\"breadcrumb\":{\"@id\":\"https:\\\/\\\/www.vonin.com\\\/no\\\/product\\\/snurpenoter\\\/#breadcrumb\"},\"inLanguage\":\"nb-NO\",\"potentialAction\":[{\"@type\":\"ReadAction\",\"target\":[\"https:\\\/\\\/www.vonin.com\\\/no\\\/product\\\/snurpenoter\\\/\"]}]},{\"@type\":\"ImageObject\",\"inLanguage\":\"nb-NO\",\"@id\":\"https:\\\/\\\/www.vonin.com\\\/no\\\/product\\\/snurpenoter\\\/#primaryimage\",\"url\":\"https:\\\/\\\/www.vonin.com\\\/wp-content\\\/uploads\\\/2021\\\/02\\\/vonin-purse-seine-scaled.jpg\",\"contentUrl\":\"https:\\\/\\\/www.vonin.com\\\/wp-content\\\/uploads\\\/2021\\\/02\\\/vonin-purse-seine-scaled.jpg\",\"width\":2560,\"height\":1440,\"caption\":\"DCIM100MEDIADJI_0021.JPG\"},{\"@type\":\"BreadcrumbList\",\"@id\":\"https:\\\/\\\/www.vonin.com\\\/no\\\/product\\\/snurpenoter\\\/#breadcrumb\",\"itemListElement\":[{\"@type\":\"ListItem\",\"position\":1,\"name\":\"V\u00f3nin\",\"item\":\"https:\\\/\\\/www.vonin.com\\\/no\\\/\"},{\"@type\":\"ListItem\",\"position\":2,\"name\":\"V\u00f8rur\",\"item\":\"https:\\\/\\\/www.vonin.com\\\/product\\\/\"},{\"@type\":\"ListItem\",\"position\":3,\"name\":\"Snurpen\u00f8ter\"}]},{\"@type\":\"WebSite\",\"@id\":\"https:\\\/\\\/www.vonin.com\\\/#website\",\"url\":\"https:\\\/\\\/www.vonin.com\\\/\",\"name\":\"V\u00f3nin\",\"description\":\"V\u00f3nin is a major developer and manufacturer of high quality fishing gear and aquaculture equipment as well as supplying equipment to the offshore industry and land based industry.\",\"potentialAction\":[{\"@type\":\"SearchAction\",\"target\":{\"@type\":\"EntryPoint\",\"urlTemplate\":\"https:\\\/\\\/www.vonin.com\\\/?s={search_term_string}\"},\"query-input\":{\"@type\":\"PropertyValueSpecification\",\"valueRequired\":true,\"valueName\":\"search_term_string\"}}],\"inLanguage\":\"nb-NO\"}]}<\/script>\n<!-- \/ Yoast SEO plugin. -->","yoast_head_json":{"title":"Snurpen\u00f8ter - V\u00f3nin","robots":{"index":"index","follow":"follow","max-snippet":"max-snippet:-1","max-image-preview":"max-image-preview:large","max-video-preview":"max-video-preview:-1"},"canonical":"https:\/\/www.vonin.com\/no\/product\/snurpenoter\/","og_locale":"nb_NO","og_type":"article","og_title":"Snurpen\u00f8ter - V\u00f3nin","og_description":"Snurpen\u00f8ter av h\u00f8y kvalitet V\u00e5re snurpen\u00f8ter brukes i det t\u00f8ffe havmilj\u00f8et i Nord-Atlanteren og er kjent for sin robusthet, stabilitet og evne til \u00e5 holde p\u00e5 formen over tid. Etter tilbakemeldingene fra kundene v\u00e5re \u00e5 d\u00f8mme er skipperne sv\u00e6rt forn\u00f8yde med b\u00e5de fangstegenskapene og kvaliteten p\u00e5 n\u00f8tene v\u00e5re. Optimalisert design V\u00f3nin Refa snurpen\u00f8ter er optimalisert [&hellip;]","og_url":"https:\/\/www.vonin.com\/no\/product\/snurpenoter\/","og_site_name":"V\u00f3nin","article_modified_time":"2024-06-26T08:41:13+00:00","og_image":[{"width":2560,"height":1440,"url":"https:\/\/www.vonin.com\/wp-content\/uploads\/2021\/02\/vonin-purse-seine-scaled.jpg","type":"image\/jpeg"}],"twitter_card":"summary_large_image","twitter_misc":{"Ansl. lesetid":"2 minutter"},"schema":{"@context":"https:\/\/schema.org","@graph":[{"@type":"WebPage","@id":"https:\/\/www.vonin.com\/no\/product\/snurpenoter\/","url":"https:\/\/www.vonin.com\/no\/product\/snurpenoter\/","name":"Snurpen\u00f8ter - V\u00f3nin","isPartOf":{"@id":"https:\/\/www.vonin.com\/#website"},"primaryImageOfPage":{"@id":"https:\/\/www.vonin.com\/no\/product\/snurpenoter\/#primaryimage"},"image":{"@id":"https:\/\/www.vonin.com\/no\/product\/snurpenoter\/#primaryimage"},"thumbnailUrl":"https:\/\/www.vonin.com\/wp-content\/uploads\/2021\/02\/vonin-purse-seine-scaled.jpg","datePublished":"2022-10-06T14:09:36+00:00","dateModified":"2024-06-26T08:41:13+00:00","breadcrumb":{"@id":"https:\/\/www.vonin.com\/no\/product\/snurpenoter\/#breadcrumb"},"inLanguage":"nb-NO","potentialAction":[{"@type":"ReadAction","target":["https:\/\/www.vonin.com\/no\/product\/snurpenoter\/"]}]},{"@type":"ImageObject","inLanguage":"nb-NO","@id":"https:\/\/www.vonin.com\/no\/product\/snurpenoter\/#primaryimage","url":"https:\/\/www.vonin.com\/wp-content\/uploads\/2021\/02\/vonin-purse-seine-scaled.jpg","contentUrl":"https:\/\/www.vonin.com\/wp-content\/uploads\/2021\/02\/vonin-purse-seine-scaled.jpg","width":2560,"height":1440,"caption":"DCIM100MEDIADJI_0021.JPG"},{"@type":"BreadcrumbList","@id":"https:\/\/www.vonin.com\/no\/product\/snurpenoter\/#breadcrumb","itemListElement":[{"@type":"ListItem","position":1,"name":"V\u00f3nin","item":"https:\/\/www.vonin.com\/no\/"},{"@type":"ListItem","position":2,"name":"V\u00f8rur","item":"https:\/\/www.vonin.com\/product\/"},{"@type":"ListItem","position":3,"name":"Snurpen\u00f8ter"}]},{"@type":"WebSite","@id":"https:\/\/www.vonin.com\/#website","url":"https:\/\/www.vonin.com\/","name":"V\u00f3nin","description":"V\u00f3nin is a major developer and manufacturer of high quality fishing gear and aquaculture equipment as well as supplying equipment to the offshore industry and land based industry.","potentialAction":[{"@type":"SearchAction","target":{"@type":"EntryPoint","urlTemplate":"https:\/\/www.vonin.com\/?s={search_term_string}"},"query-input":{"@type":"PropertyValueSpecification","valueRequired":true,"valueName":"search_term_string"}}],"inLanguage":"nb-NO"}]}},"_links":{"self":[{"href":"https:\/\/www.vonin.com\/no\/wp-json\/wp\/v2\/product\/11941","targetHints":{"allow":["GET"]}}],"collection":[{"href":"https:\/\/www.vonin.com\/no\/wp-json\/wp\/v2\/product"}],"about":[{"href":"https:\/\/www.vonin.com\/no\/wp-json\/wp\/v2\/types\/product"}],"wp:featuredmedia":[{"embeddable":true,"href":"https:\/\/www.vonin.com\/no\/wp-json\/wp\/v2\/media\/10749"}],"wp:attachment":[{"href":"https:\/\/www.vonin.com\/no\/wp-json\/wp\/v2\/media?parent=11941"}],"wp:term":[{"taxonomy":"post_tag","embeddable":true,"href":"https:\/\/www.vonin.com\/no\/wp-json\/wp\/v2\/tags?post=11941"},{"taxonomy":"product_categories","embeddable":true,"href":"https:\/\/www.vonin.com\/no\/wp-json\/wp\/v2\/product_categories?post=11941"}],"curies":[{"name":"wp","href":"https:\/\/api.w.org\/{rel}","templated":true}]}}