{"id":11940,"date":"2022-10-07T10:47:33","date_gmt":"2022-10-07T10:47:33","guid":{"rendered":"https:\/\/www.vonin.com\/?post_type=product&#038;p=11940"},"modified":"2023-03-07T13:53:22","modified_gmt":"2023-03-07T13:53:22","slug":"fortoyningsbolter","status":"publish","type":"product","link":"https:\/\/www.vonin.com\/no\/product\/fortoyningsbolter\/","title":{"rendered":"Fort\u00f8yningsbolter"},"content":{"rendered":"\n<div class=\"wp-block-cover alignfull is-light\" style=\"min-height:617px;aspect-ratio:unset;\"><span aria-hidden=\"true\" class=\"wp-block-cover__background has-background-dim\"><\/span><img loading=\"lazy\" decoding=\"async\" width=\"2560\" height=\"1432\" class=\"wp-block-cover__image-background wp-image-6868\" alt=\"\" src=\"https:\/\/www.vonin.com\/wp-content\/uploads\/2021\/04\/mooringbolt-scaled.jpg\" style=\"object-position:39% 46%\" data-object-fit=\"cover\" data-object-position=\"39% 46%\" srcset=\"https:\/\/www.vonin.com\/wp-content\/uploads\/2021\/04\/mooringbolt-scaled.jpg 2560w, https:\/\/www.vonin.com\/wp-content\/uploads\/2021\/04\/mooringbolt-800x448.jpg 800w, https:\/\/www.vonin.com\/wp-content\/uploads\/2021\/04\/mooringbolt-1600x895.jpg 1600w, https:\/\/www.vonin.com\/wp-content\/uploads\/2021\/04\/mooringbolt-768x430.jpg 768w, https:\/\/www.vonin.com\/wp-content\/uploads\/2021\/04\/mooringbolt-200x112.jpg 200w, https:\/\/www.vonin.com\/wp-content\/uploads\/2021\/04\/mooringbolt-1536x859.jpg 1536w, https:\/\/www.vonin.com\/wp-content\/uploads\/2021\/04\/mooringbolt-2048x1146.jpg 2048w\" sizes=\"auto, (max-width: 2560px) 100vw, 2560px\" \/><div class=\"wp-block-cover__inner-container is-layout-flow wp-block-cover-is-layout-flow\">\n<p class=\"has-text-align-center has-large-font-size\"><mark style=\"background-color:rgba(0, 0, 0, 0)\" class=\"has-inline-color has-white-color\"><strong>Fort\u00f8yningsbolter<\/strong><\/mark><\/p>\n<\/div><\/div>\n\n\n<div id=\"breadcrumbs-block_103bd69b4d2acaa8377e576b7ec67844\" class=\"lunnar-breadcrumbs\">\n    \n    <p id=\"breadcrumbs\"><span><span><a href=\"https:\/\/www.vonin.com\/no\/\">V\u00f3nin<\/a><\/span><\/span><\/p>    \n<\/div>\n\n\n\n<div style=\"height:60px\" aria-hidden=\"true\" class=\"wp-block-spacer\"><\/div>\n\n\n\n<h2 class=\"wp-block-heading\">Fort\u00f8yningsbolter \u2014 \u00f8yebolt nr. 8250<\/h2>\n\n\n\n<div class=\"wp-block-columns is-layout-flex wp-container-core-columns-is-layout-9d6595d7 wp-block-columns-is-layout-flex\">\n<div class=\"wp-block-column is-layout-flow wp-block-column-is-layout-flow\">\n<figure class=\"wp-block-image size-large\"><img loading=\"lazy\" decoding=\"async\" width=\"430\" height=\"242\" src=\"https:\/\/www.vonin.com\/wp-content\/uploads\/2021\/04\/Mooring-Eye-bolt-no-8250.jpg\" alt=\"\" class=\"wp-image-5550\" srcset=\"https:\/\/www.vonin.com\/wp-content\/uploads\/2021\/04\/Mooring-Eye-bolt-no-8250.jpg 430w, https:\/\/www.vonin.com\/wp-content\/uploads\/2021\/04\/Mooring-Eye-bolt-no-8250-200x113.jpg 200w\" sizes=\"auto, (max-width: 430px) 100vw, 430px\" \/><\/figure>\n<\/div>\n\n\n\n<div class=\"wp-block-column is-layout-flow wp-block-column-is-layout-flow\">\n<p>Standard: Tredjepartsgodkjent i henhold til relevante norske havbruksstandarder. Materiale: St\u00e5l med h\u00f8y strekkfasthet. Seigherdet, grade 6. Overflate: Alle deler varmgalvanisert + brun fargemerking. Alle dimensjoner i mm.<\/p>\n<\/div>\n<\/div>\n\n\n\n<div style=\"height:30px\" aria-hidden=\"true\" class=\"wp-block-spacer\"><\/div>\n\n\n\n<h5 class=\"wp-block-heading\">Detaljert informasjon<\/h5>\n\n\n\n<figure class=\"wp-block-table alignleft is-style-regular\"><table><thead><tr><th>Dele<br>nr.<\/th><th>MBL<br>tonn<\/th><th>dim.<br>(mm)<\/th><th>L<br>(mm)<\/th><th>G<br>(mm)<\/th><th>E<br>(mm)<\/th><th>Vekt<br>kg<\/th><\/tr><\/thead><tbody><tr><td>A825032<\/td><td>40<\/td><td>\u00d832<\/td><td>400<\/td><td>72<\/td><td>37<\/td><td>3.25<\/td><\/tr><tr><td>A825038      <\/td><td>60<\/td><td>\u00d838<\/td><td>500<\/td><td>84<\/td><td>44<\/td><td>5.6<\/td><\/tr><tr><td>A825045      <\/td><td>80<\/td><td>\u00d845<\/td><td>600<\/td><td>105<\/td><td>47<\/td><td>10.1<\/td><\/tr><\/tbody><\/table><\/figure>\n\n\n\n<div style=\"height:60px\" aria-hidden=\"true\" class=\"wp-block-spacer\"><\/div>\n\n\n\n<hr class=\"wp-block-separator has-css-opacity\"\/>\n\n\n\n<div style=\"height:60px\" aria-hidden=\"true\" class=\"wp-block-spacer\"><\/div>\n\n\n\n<h2 class=\"wp-block-heading\">Fort\u00f8yningsbolt \u2013 T-Bolt nr. 8252<\/h2>\n\n\n\n<div class=\"wp-block-columns is-layout-flex wp-container-core-columns-is-layout-9d6595d7 wp-block-columns-is-layout-flex\">\n<div class=\"wp-block-column is-layout-flow wp-block-column-is-layout-flow\">\n<figure class=\"wp-block-image size-large\"><img loading=\"lazy\" decoding=\"async\" width=\"430\" height=\"242\" src=\"https:\/\/www.vonin.com\/wp-content\/uploads\/2021\/04\/Mooring-T-bolt-no-8252.jpg\" alt=\"\" class=\"wp-image-5554\" srcset=\"https:\/\/www.vonin.com\/wp-content\/uploads\/2021\/04\/Mooring-T-bolt-no-8252.jpg 430w, https:\/\/www.vonin.com\/wp-content\/uploads\/2021\/04\/Mooring-T-bolt-no-8252-200x113.jpg 200w\" sizes=\"auto, (max-width: 430px) 100vw, 430px\" \/><\/figure>\n<\/div>\n\n\n\n<div class=\"wp-block-column is-layout-flow wp-block-column-is-layout-flow\">\n<p>Standard: Tredjepartsgodkjent i henhold til relevante norske havbruksstandarder. Materiale: St\u00e5l med h\u00f8y strekkfasthet. Seigherdet, grade 6. Overflate: Alle deler varmgalvanisert + brun fargemerking. Alle dimensjoner i mm.<\/p>\n<\/div>\n<\/div>\n\n\n\n<div style=\"height:30px\" aria-hidden=\"true\" class=\"wp-block-spacer\"><\/div>\n\n\n\n<h5 class=\"wp-block-heading\">Detaljert informasjon<\/h5>\n\n\n\n<figure class=\"wp-block-table alignleft\"><table><thead><tr><th><strong>Delenr.<\/strong><\/th><th><strong>MBL<\/strong><br><strong>tonn<\/strong><\/th><th><strong>Dim.<\/strong><br><strong>(mm)<\/strong><\/th><th><strong>L<\/strong><br>(mm)<\/th><th><strong>G<\/strong><br><strong>(mm)<\/strong><\/th><th><strong>E<\/strong><br><strong>(mm)<\/strong><\/th><th>T<br><strong>(mm)<\/strong><\/th><th><strong>Vekt <\/strong><br><strong>kg<\/strong><\/th><\/tr><\/thead><tbody><tr><td>A825232<\/td><td>40<\/td><td>\u00d832<\/td><td>400<\/td><td>72<\/td><td>35<\/td><td>300<\/td><td>5.5<\/td><\/tr><tr><td>A825238<\/td><td>60<\/td><td>\u00d838<\/td><td>500<\/td><td>84<\/td><td>42<\/td><td>350<\/td><td>9<\/td><\/tr><tr><td>A825445<\/td><td>80<\/td><td>\u00d845<\/td><td>500<\/td><td>105<\/td><td>45<\/td><td>400<\/td><td>13.2<\/td><\/tr><tr><td>A825245<\/td><td>80<\/td><td>\u00d845<\/td><td>600<\/td><td>105<\/td><td>45<\/td><td>400<\/td><td>14.3<\/td><\/tr><tr><td>A825450<\/td><td>100<\/td><td>\u00d850<\/td><td>500<\/td><td>100<\/td><td>45<\/td><td>400<\/td><td>13.3<\/td><\/tr><tr><td>A825250<\/td><td>100<\/td><td>\u00d850<\/td><td>700<\/td><td>110<\/td><td>50<\/td><td>400<\/td><td>20.3<\/td><\/tr><tr><td>A825256<\/td><td>130<\/td><td>\u00d856<\/td><td>800<\/td><td>127<\/td><td>50<\/td><td>400<\/td><td>30.3<\/td><\/tr><tr><td>A825265<\/td><td>170<\/td><td>\u00d865<\/td><td>800<\/td><td>140<\/td><td>58<\/td><td>400<\/td><td>38.3<\/td><\/tr><\/tbody><\/table><\/figure>\n\n\n\n<div style=\"height:60px\" aria-hidden=\"true\" class=\"wp-block-spacer\"><\/div>\n\n\n\n<hr class=\"wp-block-separator has-css-opacity is-style-wide\"\/>\n\n\n\n<h2 class=\"wp-block-heading\">Andre relevante produkter<\/h2>\n\n\n\n<div style=\"height:30px\" aria-hidden=\"true\" class=\"wp-block-spacer\"><\/div>\n\n\n\n<div id=\"products-block_51d736f582c845aa9e01daafb056e3ff\" class=\"beak-products product-list\">\n\t    \n                    \n            \n<a href=\"https:\/\/www.vonin.com\/no\/product\/kjettinger\/\" class=\"product-card post-id-11933\">\n        <div class=\"product-card--content-image\">\n                                        <img loading=\"lazy\" decoding=\"async\" src=\"https:\/\/www.vonin.com\/wp-content\/uploads\/2021\/03\/chains_vonin-800x400.jpg\" width=\"800\" height=\"400\" alt=\"\" style=\"object-position: \">\n                        <\/div>\n\n        <div class=\"product-card--content-text\">\n                <div class=\"product-card--title\">Kjettinger<\/div>\n\n                <div class=\"product-card--description line-clamp\">Kjettinger av topp kvalitet av forskjellige typer og dimensjoner.<\/div>\n        <\/div>\n<\/a>        \n                            \n            \n<a href=\"https:\/\/www.vonin.com\/no\/product\/masterkoblinger\/\" class=\"product-card post-id-11935\">\n        <div class=\"product-card--content-image\">\n                                        <img loading=\"lazy\" decoding=\"async\" src=\"https:\/\/www.vonin.com\/wp-content\/uploads\/2021\/04\/vonin_masterlink-800x400.jpg\" width=\"800\" height=\"400\" alt=\"\" style=\"object-position: \">\n                        <\/div>\n\n        <div class=\"product-card--content-text\">\n                <div class=\"product-card--title\">Masterkoblinger<\/div>\n\n                <div class=\"product-card--description line-clamp\">MXA344 galvanisert masterkobling fra Crosby Trawlex.<\/div>\n        <\/div>\n<\/a>        \n                            \n            \n<a href=\"https:\/\/www.vonin.com\/no\/product\/ankere\/\" class=\"product-card post-id-11936\">\n        <div class=\"product-card--content-image\">\n                                        <img loading=\"lazy\" decoding=\"async\" src=\"https:\/\/www.vonin.com\/wp-content\/uploads\/2021\/01\/Vonin_anchor_aquaculture-800x400.jpg\" width=\"800\" height=\"400\" alt=\"\" style=\"object-position: \">\n                        <\/div>\n\n        <div class=\"product-card--content-text\">\n                <div class=\"product-card--title\">Ankere<\/div>\n\n                <div class=\"product-card--description line-clamp\">V\u00e5re egne eksklusive fort\u00f8yningsankere designet for styrke, holdbarhet og ypperlige grep.<\/div>\n        <\/div>\n<\/a>        \n                            \n            \n<a href=\"https:\/\/www.vonin.com\/no\/product\/fortoyningsboyer\/\" class=\"product-card post-id-11937\">\n        <div class=\"product-card--content-image\">\n                                        <img loading=\"lazy\" decoding=\"async\" src=\"https:\/\/www.vonin.com\/wp-content\/uploads\/2025\/08\/Polyform-APB-800x534.jpg\" width=\"800\" height=\"534\" alt=\"\" style=\"object-position: \">\n                        <\/div>\n\n        <div class=\"product-card--content-text\">\n                <div class=\"product-card--title\">Fort\u00f8yningsb\u00f8yer<\/div>\n\n                <div class=\"product-card--description line-clamp\">Fort\u00f8yningsb\u00f8yer i forskjellige former og st\u00f8rrelser fra Polyform.<\/div>\n        <\/div>\n<\/a>        \n                            \n            \n<a href=\"https:\/\/www.vonin.com\/no\/product\/fortoyningsplater\/\" class=\"product-card post-id-11938\">\n        <div class=\"product-card--content-image\">\n                                        <img loading=\"lazy\" decoding=\"async\" src=\"https:\/\/www.vonin.com\/wp-content\/uploads\/2021\/03\/Rund-koblingsskiva_gratt-1-800x473.jpg\" width=\"800\" height=\"473\" alt=\"\" style=\"object-position: \">\n                        <\/div>\n\n        <div class=\"product-card--content-text\">\n                <div class=\"product-card--title\">Fort\u00f8yningsplater<\/div>\n\n                <div class=\"product-card--description line-clamp\">V\u00f3nin og Crosby har g\u00e5tt sammen om \u00e5 lage fort\u00f8yningsplater, som V\u00f3nin er eneleverand\u00f8r av.<\/div>\n        <\/div>\n<\/a>        \n                            \n            \n<a href=\"https:\/\/www.vonin.com\/no\/product\/tau\/\" class=\"product-card post-id-11942\">\n        <div class=\"product-card--content-image\">\n                                        <img loading=\"lazy\" decoding=\"async\" src=\"https:\/\/www.vonin.com\/wp-content\/uploads\/2021\/03\/ropes_vonin-800x400.jpg\" width=\"800\" height=\"400\" alt=\"\" style=\"object-position: \">\n                        <\/div>\n\n        <div class=\"product-card--content-text\">\n                <div class=\"product-card--title\">Tau<\/div>\n\n                <div class=\"product-card--description line-clamp\">Tau av topp kvalitet av forskjellige typer og dimensjoner.<\/div>\n        <\/div>\n<\/a>        \n                            \n            \n<a href=\"https:\/\/www.vonin.com\/no\/product\/sjakler\/\" class=\"product-card post-id-11943\">\n        <div class=\"product-card--content-image\">\n                                        <img loading=\"lazy\" decoding=\"async\" src=\"https:\/\/www.vonin.com\/wp-content\/uploads\/2021\/03\/2-800x533.jpg\" width=\"800\" height=\"533\" alt=\"\" style=\"object-position: \">\n                        <\/div>\n\n        <div class=\"product-card--content-text\">\n                <div class=\"product-card--title\">Sjakler<\/div>\n\n                <div class=\"product-card--description line-clamp\">V\u00f3nin og Crosby har g\u00e5tt sammen om \u00e5 lage sjakler til oppdrettsanlegg.<\/div>\n        <\/div>\n<\/a>        \n                            \n            \n<a href=\"https:\/\/www.vonin.com\/no\/product\/kauser\/\" class=\"product-card post-id-11945\">\n        <div class=\"product-card--content-image\">\n                                        <img loading=\"lazy\" decoding=\"async\" src=\"https:\/\/www.vonin.com\/wp-content\/uploads\/2021\/04\/vonin_thimbles-800x450.jpg\" width=\"800\" height=\"450\" alt=\"\" style=\"object-position: \">\n                        <\/div>\n\n        <div class=\"product-card--content-text\">\n                <div class=\"product-card--title\">Kauser<\/div>\n\n                <div class=\"product-card--description line-clamp\">Ekstra kraftig varmgalvanisert kause.<\/div>\n        <\/div>\n<\/a>        \n            <\/div>\n\n\n<div style=\"height:60px\" aria-hidden=\"true\" class=\"wp-block-spacer\"><\/div>\n\n\n\n<hr class=\"wp-block-separator has-css-opacity is-style-wide\"\/>\n\n\n\n<h2 class=\"wp-block-heading\">Salgsteam<\/h2>\n\n\n\n<div style=\"height:30px\" aria-hidden=\"true\" class=\"wp-block-spacer\"><\/div>\n\n\n\n<script>\n    employeeBlockData['employees-block_8bfba4ebe2c6358e0c121eb3b706f547'] = '[]';\n<\/script>\n\n\n<div id=\"employees-block_8bfba4ebe2c6358e0c121eb3b706f547\" class=\"beak-employees\">\n    \n            <div class=\"employee-message-modal--tint\" v-if=\"selectedEmployee\" :class=\"{ 'is-visible': selectedEmployee }\"><\/div>\n<div class=\"employee-message-modal\" v-if=\"selectedEmployee\" :class=\"{ 'is-visible': selectedEmployee }\">\n    <div class=\"employee-message--content\">\n        <a href=\"#\" @click.prevent=\"toggleModal(null)\" class=\"emp-modal-close\"><img decoding=\"async\" src=\"https:\/\/www.vonin.com\/wp-content\/themes\/beak-vonin\/images\/icon-plus.svg\" class=\"injectable\" \/><\/a>\n        <h3 v-if=\"selectedEmployee\">Send e-post til:<br \/> <b>{{selectedEmployee.title}}<\/b><\/h3>\n\n        <div class=\"form-errors\" v-if=\"formErrors &#038;&#038; formErrors.length &#62; 0\">\n            <ul>\n                <li v-for=\"error in formErrors\">{{error}}<\/li>\n            <\/ul>\n        <\/div>\n\n        <p v-if=\"formSent\"><b>Din melding har blitt sendt.<\/b><\/p>\n\n        <div v-if=\"!formSent\">\n            <div class=\"form-input\">\n                <label>Navn<span class=\"required\">*<\/span><\/label>\n                <input type=\"text\" v-model=\"sendEmailForm.name\" \/>\n            <\/div>\n\n            <div class=\"form-input\">\n                <label>Selskap<span class=\"required\">*<\/span><\/label>\n                <input type=\"text\" v-model=\"sendEmailForm.company\" \/>\n            <\/div>\n\n            <div class=\"form-input\">\n                <label>E-post<span class=\"required\">*<\/span><\/label>\n                <input type=\"email\" v-model=\"sendEmailForm.email\" \/>\n            <\/div>\n\n            <div class=\"form-input\">\n                <label>Telefon<span class=\"required\">*<\/span><\/label>\n                <input type=\"text\" v-model=\"sendEmailForm.phone\" \/>\n            <\/div>\n\n            <div class=\"form-input\">\n                <label>Beskjed<span class=\"required\">*<\/span><\/label>\n                <textarea type=\"text\" v-model=\"sendEmailForm.message\"><\/textarea>\n            <\/div>\n\n            <input type=\"hidden\" v-model=\"sendEmailForm.formLumpari\" \/>\n\n            <button @click=\"sendMessage()\" :class=\"{ disabled: formPosting || (formSubmitted &#038;&#038; !formIsValid) }\">Send<\/button>\n        <\/div>\n    <\/div>\n<\/div>    \n            <div class=\"employee-cards\" v-if=\"people\">\n                    <\/div>\n    <\/div>\n\n\n<div style=\"height:60px\" aria-hidden=\"true\" class=\"wp-block-spacer\"><\/div>\n\n\n<div id=\"breadcrumbs-block_103bd69b4d2acaa8377e576b7ec67844\" class=\"lunnar-breadcrumbs\">\n    \n    <p id=\"breadcrumbs\"><span><span><a href=\"https:\/\/www.vonin.com\/no\/\">V\u00f3nin<\/a><\/span><\/span><\/p>    \n<\/div>\n","protected":false},"excerpt":{"rendered":"<p>Tredjepartsgodkjent i henhold til relevante norske havbruksstandarder.<\/p>\n","protected":false},"featured_media":11313,"parent":0,"template":"","tags":[],"product_categories":[],"class_list":["post-11940","product","type-product","status-publish","has-post-thumbnail","hentry"],"acf":[],"yoast_head":"<!-- This site is optimized with the Yoast SEO plugin v27.5 - https:\/\/yoast.com\/product\/yoast-seo-wordpress\/ -->\n<title>Fort\u00f8yningsbolter - V\u00f3nin<\/title>\n<meta name=\"robots\" content=\"index, follow, max-snippet:-1, max-image-preview:large, max-video-preview:-1\" \/>\n<link rel=\"canonical\" href=\"https:\/\/www.vonin.com\/no\/product\/fortoyningsbolter\/\" \/>\n<meta property=\"og:locale\" content=\"nb_NO\" \/>\n<meta property=\"og:type\" content=\"article\" \/>\n<meta property=\"og:title\" content=\"Fort\u00f8yningsbolter - V\u00f3nin\" \/>\n<meta property=\"og:description\" content=\"Tredjepartsgodkjent i henhold til relevante norske havbruksstandarder.\" \/>\n<meta property=\"og:url\" content=\"https:\/\/www.vonin.com\/no\/product\/fortoyningsbolter\/\" \/>\n<meta property=\"og:site_name\" content=\"V\u00f3nin\" \/>\n<meta property=\"article:modified_time\" content=\"2023-03-07T13:53:22+00:00\" \/>\n<meta property=\"og:image\" content=\"https:\/\/www.vonin.com\/wp-content\/uploads\/2021\/04\/mooringbolt1-scaled.jpg\" \/>\n\t<meta property=\"og:image:width\" content=\"2560\" \/>\n\t<meta property=\"og:image:height\" content=\"1432\" \/>\n\t<meta property=\"og:image:type\" content=\"image\/jpeg\" \/>\n<meta name=\"twitter:card\" content=\"summary_large_image\" \/>\n<meta name=\"twitter:label1\" content=\"Ansl. lesetid\" \/>\n\t<meta name=\"twitter:data1\" content=\"2 minutter\" \/>\n<script type=\"application\/ld+json\" class=\"yoast-schema-graph\">{\"@context\":\"https:\\\/\\\/schema.org\",\"@graph\":[{\"@type\":\"WebPage\",\"@id\":\"https:\\\/\\\/www.vonin.com\\\/no\\\/product\\\/fortoyningsbolter\\\/\",\"url\":\"https:\\\/\\\/www.vonin.com\\\/no\\\/product\\\/fortoyningsbolter\\\/\",\"name\":\"Fort\u00f8yningsbolter - V\u00f3nin\",\"isPartOf\":{\"@id\":\"https:\\\/\\\/www.vonin.com\\\/#website\"},\"primaryImageOfPage\":{\"@id\":\"https:\\\/\\\/www.vonin.com\\\/no\\\/product\\\/fortoyningsbolter\\\/#primaryimage\"},\"image\":{\"@id\":\"https:\\\/\\\/www.vonin.com\\\/no\\\/product\\\/fortoyningsbolter\\\/#primaryimage\"},\"thumbnailUrl\":\"https:\\\/\\\/www.vonin.com\\\/wp-content\\\/uploads\\\/2021\\\/04\\\/mooringbolt1-scaled.jpg\",\"datePublished\":\"2022-10-07T10:47:33+00:00\",\"dateModified\":\"2023-03-07T13:53:22+00:00\",\"breadcrumb\":{\"@id\":\"https:\\\/\\\/www.vonin.com\\\/no\\\/product\\\/fortoyningsbolter\\\/#breadcrumb\"},\"inLanguage\":\"nb-NO\",\"potentialAction\":[{\"@type\":\"ReadAction\",\"target\":[\"https:\\\/\\\/www.vonin.com\\\/no\\\/product\\\/fortoyningsbolter\\\/\"]}]},{\"@type\":\"ImageObject\",\"inLanguage\":\"nb-NO\",\"@id\":\"https:\\\/\\\/www.vonin.com\\\/no\\\/product\\\/fortoyningsbolter\\\/#primaryimage\",\"url\":\"https:\\\/\\\/www.vonin.com\\\/wp-content\\\/uploads\\\/2021\\\/04\\\/mooringbolt1-scaled.jpg\",\"contentUrl\":\"https:\\\/\\\/www.vonin.com\\\/wp-content\\\/uploads\\\/2021\\\/04\\\/mooringbolt1-scaled.jpg\",\"width\":2560,\"height\":1432},{\"@type\":\"BreadcrumbList\",\"@id\":\"https:\\\/\\\/www.vonin.com\\\/no\\\/product\\\/fortoyningsbolter\\\/#breadcrumb\",\"itemListElement\":[{\"@type\":\"ListItem\",\"position\":1,\"name\":\"V\u00f3nin\",\"item\":\"https:\\\/\\\/www.vonin.com\\\/no\\\/\"},{\"@type\":\"ListItem\",\"position\":2,\"name\":\"V\u00f8rur\",\"item\":\"https:\\\/\\\/www.vonin.com\\\/product\\\/\"},{\"@type\":\"ListItem\",\"position\":3,\"name\":\"Fort\u00f8yningsbolter\"}]},{\"@type\":\"WebSite\",\"@id\":\"https:\\\/\\\/www.vonin.com\\\/#website\",\"url\":\"https:\\\/\\\/www.vonin.com\\\/\",\"name\":\"V\u00f3nin\",\"description\":\"V\u00f3nin is a major developer and manufacturer of high quality fishing gear and aquaculture equipment as well as supplying equipment to the offshore industry and land based industry.\",\"potentialAction\":[{\"@type\":\"SearchAction\",\"target\":{\"@type\":\"EntryPoint\",\"urlTemplate\":\"https:\\\/\\\/www.vonin.com\\\/?s={search_term_string}\"},\"query-input\":{\"@type\":\"PropertyValueSpecification\",\"valueRequired\":true,\"valueName\":\"search_term_string\"}}],\"inLanguage\":\"nb-NO\"}]}<\/script>\n<!-- \/ Yoast SEO plugin. -->","yoast_head_json":{"title":"Fort\u00f8yningsbolter - V\u00f3nin","robots":{"index":"index","follow":"follow","max-snippet":"max-snippet:-1","max-image-preview":"max-image-preview:large","max-video-preview":"max-video-preview:-1"},"canonical":"https:\/\/www.vonin.com\/no\/product\/fortoyningsbolter\/","og_locale":"nb_NO","og_type":"article","og_title":"Fort\u00f8yningsbolter - V\u00f3nin","og_description":"Tredjepartsgodkjent i henhold til relevante norske havbruksstandarder.","og_url":"https:\/\/www.vonin.com\/no\/product\/fortoyningsbolter\/","og_site_name":"V\u00f3nin","article_modified_time":"2023-03-07T13:53:22+00:00","og_image":[{"width":2560,"height":1432,"url":"https:\/\/www.vonin.com\/wp-content\/uploads\/2021\/04\/mooringbolt1-scaled.jpg","type":"image\/jpeg"}],"twitter_card":"summary_large_image","twitter_misc":{"Ansl. lesetid":"2 minutter"},"schema":{"@context":"https:\/\/schema.org","@graph":[{"@type":"WebPage","@id":"https:\/\/www.vonin.com\/no\/product\/fortoyningsbolter\/","url":"https:\/\/www.vonin.com\/no\/product\/fortoyningsbolter\/","name":"Fort\u00f8yningsbolter - V\u00f3nin","isPartOf":{"@id":"https:\/\/www.vonin.com\/#website"},"primaryImageOfPage":{"@id":"https:\/\/www.vonin.com\/no\/product\/fortoyningsbolter\/#primaryimage"},"image":{"@id":"https:\/\/www.vonin.com\/no\/product\/fortoyningsbolter\/#primaryimage"},"thumbnailUrl":"https:\/\/www.vonin.com\/wp-content\/uploads\/2021\/04\/mooringbolt1-scaled.jpg","datePublished":"2022-10-07T10:47:33+00:00","dateModified":"2023-03-07T13:53:22+00:00","breadcrumb":{"@id":"https:\/\/www.vonin.com\/no\/product\/fortoyningsbolter\/#breadcrumb"},"inLanguage":"nb-NO","potentialAction":[{"@type":"ReadAction","target":["https:\/\/www.vonin.com\/no\/product\/fortoyningsbolter\/"]}]},{"@type":"ImageObject","inLanguage":"nb-NO","@id":"https:\/\/www.vonin.com\/no\/product\/fortoyningsbolter\/#primaryimage","url":"https:\/\/www.vonin.com\/wp-content\/uploads\/2021\/04\/mooringbolt1-scaled.jpg","contentUrl":"https:\/\/www.vonin.com\/wp-content\/uploads\/2021\/04\/mooringbolt1-scaled.jpg","width":2560,"height":1432},{"@type":"BreadcrumbList","@id":"https:\/\/www.vonin.com\/no\/product\/fortoyningsbolter\/#breadcrumb","itemListElement":[{"@type":"ListItem","position":1,"name":"V\u00f3nin","item":"https:\/\/www.vonin.com\/no\/"},{"@type":"ListItem","position":2,"name":"V\u00f8rur","item":"https:\/\/www.vonin.com\/product\/"},{"@type":"ListItem","position":3,"name":"Fort\u00f8yningsbolter"}]},{"@type":"WebSite","@id":"https:\/\/www.vonin.com\/#website","url":"https:\/\/www.vonin.com\/","name":"V\u00f3nin","description":"V\u00f3nin is a major developer and manufacturer of high quality fishing gear and aquaculture equipment as well as supplying equipment to the offshore industry and land based industry.","potentialAction":[{"@type":"SearchAction","target":{"@type":"EntryPoint","urlTemplate":"https:\/\/www.vonin.com\/?s={search_term_string}"},"query-input":{"@type":"PropertyValueSpecification","valueRequired":true,"valueName":"search_term_string"}}],"inLanguage":"nb-NO"}]}},"_links":{"self":[{"href":"https:\/\/www.vonin.com\/no\/wp-json\/wp\/v2\/product\/11940","targetHints":{"allow":["GET"]}}],"collection":[{"href":"https:\/\/www.vonin.com\/no\/wp-json\/wp\/v2\/product"}],"about":[{"href":"https:\/\/www.vonin.com\/no\/wp-json\/wp\/v2\/types\/product"}],"wp:featuredmedia":[{"embeddable":true,"href":"https:\/\/www.vonin.com\/no\/wp-json\/wp\/v2\/media\/11313"}],"wp:attachment":[{"href":"https:\/\/www.vonin.com\/no\/wp-json\/wp\/v2\/media?parent=11940"}],"wp:term":[{"taxonomy":"post_tag","embeddable":true,"href":"https:\/\/www.vonin.com\/no\/wp-json\/wp\/v2\/tags?post=11940"},{"taxonomy":"product_categories","embeddable":true,"href":"https:\/\/www.vonin.com\/no\/wp-json\/wp\/v2\/product_categories?post=11940"}],"curies":[{"name":"wp","href":"https:\/\/api.w.org\/{rel}","templated":true}]}}