{"id":11937,"date":"2022-10-07T10:33:23","date_gmt":"2022-10-07T10:33:23","guid":{"rendered":"https:\/\/www.vonin.com\/?post_type=product&#038;p=11937"},"modified":"2023-03-07T13:54:10","modified_gmt":"2023-03-07T13:54:10","slug":"fortoyningsboyer","status":"publish","type":"product","link":"https:\/\/www.vonin.com\/no\/product\/fortoyningsboyer\/","title":{"rendered":"Fort\u00f8yningsb\u00f8yer"},"content":{"rendered":"\n<div class=\"wp-block-cover alignfull\" style=\"min-height:617px;aspect-ratio:unset;\"><span aria-hidden=\"true\" class=\"wp-block-cover__background has-background-dim\"><\/span><img loading=\"lazy\" decoding=\"async\" width=\"2560\" height=\"1280\" class=\"wp-block-cover__image-background wp-image-5169\" alt=\"\" src=\"https:\/\/www.vonin.com\/wp-content\/uploads\/2021\/03\/buoys_vonin-scaled.jpg\" style=\"object-position:42% 50%\" data-object-fit=\"cover\" data-object-position=\"42% 50%\" srcset=\"https:\/\/www.vonin.com\/wp-content\/uploads\/2021\/03\/buoys_vonin-scaled.jpg 2560w, https:\/\/www.vonin.com\/wp-content\/uploads\/2021\/03\/buoys_vonin-800x400.jpg 800w, https:\/\/www.vonin.com\/wp-content\/uploads\/2021\/03\/buoys_vonin-1600x800.jpg 1600w, https:\/\/www.vonin.com\/wp-content\/uploads\/2021\/03\/buoys_vonin-768x384.jpg 768w, https:\/\/www.vonin.com\/wp-content\/uploads\/2021\/03\/buoys_vonin-200x100.jpg 200w, https:\/\/www.vonin.com\/wp-content\/uploads\/2021\/03\/buoys_vonin-1536x768.jpg 1536w, https:\/\/www.vonin.com\/wp-content\/uploads\/2021\/03\/buoys_vonin-2048x1024.jpg 2048w\" sizes=\"auto, (max-width: 2560px) 100vw, 2560px\" \/><div class=\"wp-block-cover__inner-container is-layout-flow wp-block-cover-is-layout-flow\">\n<p class=\"has-text-align-center has-large-font-size\"><strong>Fort\u00f8yningsb\u00f8yer<\/strong><\/p>\n\n\n\n<h3 class=\"has-text-align-center wp-block-heading\">i forskjellige former og st\u00f8rrelser<\/h3>\n<\/div><\/div>\n\n\n<div id=\"breadcrumbs-block_f40ed69ab71a04016ad84c900ad51b95\" class=\"lunnar-breadcrumbs\">\n    \n    <p id=\"breadcrumbs\"><span><span><a href=\"https:\/\/www.vonin.com\/no\/\">V\u00f3nin<\/a><\/span><\/span><\/p>    \n<\/div>\n\n\n\n<div style=\"height:60px\" aria-hidden=\"true\" class=\"wp-block-spacer\"><\/div>\n\n\n\n<h2 class=\"wp-block-heading\">Fort\u00f8yningsb\u00f8yer fra Polyform<\/h2>\n\n\n\n<p>Fort\u00f8yningsb\u00f8yene i Aqua-serien er rotasjonsst\u00f8pt av polyetylen (PE), har ekstra tykke vegger (8 mm) og er fylt med polystyrenskum (EPS) eller polyuretanskum (PUR), alt etter hva de skal brukes til. Hvordan det varmgalvaniserte st\u00e5larmaturet og kjettingen er utformet, avhenger av hvor b\u00f8yen skal brukes, for eksempel innen havbruk, offshore, ved overflaten eller under overflaten.<\/p>\n\n\n\n<div style=\"height:60px\" aria-hidden=\"true\" class=\"wp-block-spacer\"><\/div>\n\n\n\n<figure class=\"wp-block-image size-large\"><img loading=\"lazy\" decoding=\"async\" width=\"1600\" height=\"323\" src=\"https:\/\/www.vonin.com\/wp-content\/uploads\/2021\/03\/Aqua-serien-1-1600x323.jpg\" alt=\"\" class=\"wp-image-5841\" srcset=\"https:\/\/www.vonin.com\/wp-content\/uploads\/2021\/03\/Aqua-serien-1-1600x323.jpg 1600w, https:\/\/www.vonin.com\/wp-content\/uploads\/2021\/03\/Aqua-serien-1-800x162.jpg 800w, https:\/\/www.vonin.com\/wp-content\/uploads\/2021\/03\/Aqua-serien-1-768x155.jpg 768w, https:\/\/www.vonin.com\/wp-content\/uploads\/2021\/03\/Aqua-serien-1-200x40.jpg 200w, https:\/\/www.vonin.com\/wp-content\/uploads\/2021\/03\/Aqua-serien-1-1536x310.jpg 1536w, https:\/\/www.vonin.com\/wp-content\/uploads\/2021\/03\/Aqua-serien-1.jpg 1920w\" sizes=\"auto, (max-width: 1600px) 100vw, 1600px\" \/><\/figure>\n\n\n\n<figure class=\"wp-block-table alignleft\" id=\"tablepress-16\"><table><thead><tr><th>Type<\/th><th>Volum<\/th><th>Vekt<\/th><th>Netto oppdrift<\/th><th>Lengde<\/th><th>Diameter<\/th><\/tr><\/thead><tbody><tr><td>AQUA 250<\/td><td>260 liters<\/td><td>32 kg<\/td><td>228 kg<\/td><td>113 cm<\/td><td>65 cm<\/td><\/tr><tr><td>AQUA 400<\/td><td>450 liters<\/td><td>45 kg<\/td><td>400 kg<\/td><td>110 cm<\/td><td>77 cm<\/td><\/tr><tr><td>AQUA 600<\/td><td>620 liters<\/td><td>55 kg<\/td><td>560 kg<\/td><td>165 cm<\/td><td>77 x 77 cm<\/td><\/tr><tr><td>AQUA 600 PRE<\/td><td>620 liters<\/td><td>60 kg<\/td><td>560 kg<\/td><td>127 cm<\/td><td>120 cm<\/td><\/tr><tr><td>AQUA 850<\/td><td>873 liters<\/td><td>73 kg<\/td><td>800 kg<\/td><td>143 cm<\/td><td>120 cm<\/td><\/tr><tr><td>AQUA 1100<\/td><td>1130 liters<\/td><td>95 kg<\/td><td>1035 kg<\/td><td>165 cm<\/td><td>120 cm<\/td><\/tr><tr><td>AQUA 1350<\/td><td>1380 liters<\/td><td>118 kg<\/td><td>1262 kg<\/td><td>188 cm<\/td><td>120 cm<\/td><\/tr><tr><td>AQUA 1600<\/td><td>1640 liters<\/td><td>130 kg<\/td><td>1510 kg<\/td><td>213 cm<\/td><td>120 cm<\/td><\/tr><tr><td>AQUA 2000<\/td><td>2020 liters<\/td><td>180 kg<\/td><td>1900 kg<\/td><td>228 cm<\/td><td>117 x 117 cm<\/td><\/tr><tr><td>AQUA 2500<\/td><td>2550 liters<\/td><td>210 kg<\/td><td>2340 kg<\/td><td>210 cm<\/td><td>160 cm<\/td><\/tr><tr><td>AQUA 3000<\/td><td>3050 liters<\/td><td>235 kg<\/td><td>2815 kg<\/td><td>235 cm<\/td><td>160 cm<\/td><\/tr><tr><td>AQUA 4000<\/td><td>4075 liters<\/td><td>285 kg<\/td><td>3790 kg<\/td><td>235 cm<\/td><td>194 cm<\/td><\/tr><\/tbody><\/table><\/figure>\n\n\n\n<div style=\"height:60px\" aria-hidden=\"true\" class=\"wp-block-spacer\"><\/div>\n\n\n\n<div style=\"height:30px\" aria-hidden=\"true\" class=\"wp-block-spacer\"><\/div>\n\n\n\n<h3 class=\"wp-block-heading\">APB-serien<\/h3>\n\n\n\n<h5 class=\"wp-block-heading\">Modul\u00e6r fort\u00f8yning og springb\u00f8yer<\/h5>\n\n\n\n<p>APB-serien er en serie modul\u00e6re b\u00f8yer, designet for overflate- og undervannsbruk. B\u00f8yene er rotasjonsst\u00f8pt av polyetylen (PE) og fylt med polystyrenskum (EPS), polyuretanskum (PUR) eller andre materialer, alt etter hva de skal brukes til. B\u00f8yene har varmgalvanisert st\u00e5larmatur, fire varmgalvaniserte st\u00e5lbolter i full lengde og gjennomg\u00e5ende kjetting.<\/p>\n\n\n\n<figure class=\"wp-block-image size-large\"><img loading=\"lazy\" decoding=\"async\" width=\"1600\" height=\"400\" src=\"https:\/\/www.vonin.com\/wp-content\/uploads\/2021\/03\/buoys-apb-1600x400.png\" alt=\"\" class=\"wp-image-5836\" srcset=\"https:\/\/www.vonin.com\/wp-content\/uploads\/2021\/03\/buoys-apb-1600x400.png 1600w, https:\/\/www.vonin.com\/wp-content\/uploads\/2021\/03\/buoys-apb-800x200.png 800w, https:\/\/www.vonin.com\/wp-content\/uploads\/2021\/03\/buoys-apb-768x192.png 768w, https:\/\/www.vonin.com\/wp-content\/uploads\/2021\/03\/buoys-apb-200x50.png 200w, https:\/\/www.vonin.com\/wp-content\/uploads\/2021\/03\/buoys-apb-1536x384.png 1536w, https:\/\/www.vonin.com\/wp-content\/uploads\/2021\/03\/buoys-apb-2048x512.png 2048w\" sizes=\"auto, (max-width: 1600px) 100vw, 1600px\" \/><figcaption class=\"wp-element-caption\">APB-series<\/figcaption><\/figure>\n\n\n\n<figure class=\"wp-block-table alignleft\" id=\"tablepress-15\"><table><thead><tr><th>Type<\/th><th>Vekt<\/th><th>Netto oppdrift<\/th><th>Lengde<\/th><th>Bredde<\/th><\/tr><\/thead><tbody><tr><td>AQUA 500 APB<\/td><td>85 kg<\/td><td>495 kg<\/td><td>72 cm<\/td><td>117 x 117 cm<\/td><\/tr><tr><td>AQUA 1000 APB<\/td><td>145 kg<\/td><td>1015 kg<\/td><td>139 cm<\/td><td>117 x 117 cm<\/td><\/tr><tr><td>AQUA 1500 APB<\/td><td>255 kg<\/td><td>1500 kg<\/td><td>109 cm<\/td><td>180 x 180 cm<\/td><\/tr><tr><td>AQUA 2200 APB<\/td><td>280 kg<\/td><td>2200 kg<\/td><td>145 cm<\/td><td>180 X 180 cm<\/td><\/tr><tr><td>AQUA 3000 APB<\/td><td>400 kg<\/td><td>3000 kg<\/td><td>194 cm<\/td><td>180 x 180 cm<\/td><\/tr><tr><td>AQUA 4400 APB<\/td><td>590 kg<\/td><td>4400 kg<\/td><td>245 cm<\/td><td>180 X 180 cm<\/td><\/tr><tr><td>AQUA 6600 APB<\/td><td>890 kg<\/td><td>6400 kg<\/td><td>335 cm<\/td><td>180 X 180 cm<\/td><\/tr><tr><td>AQUA 8000 APB<\/td><td>1685 kg<\/td><td>8215 kg<\/td><td>529 cm<\/td><td>180 X 180 cm<\/td><\/tr><tr><td>AQUA 10000 APB<\/td><td>1975 kg<\/td><td>10325 kg<\/td><td>529 cm<\/td><td>180 x 180 cm<\/td><\/tr><\/tbody><\/table><\/figure>\n\n\n\n<div style=\"height:60px\" aria-hidden=\"true\" class=\"wp-block-spacer\"><\/div>\n\n\n\n<hr class=\"wp-block-separator has-css-opacity is-style-wide\"\/>\n\n\n\n<h2 class=\"wp-block-heading\">Andre relevante produkter<\/h2>\n\n\n\n<div style=\"height:30px\" aria-hidden=\"true\" class=\"wp-block-spacer\"><\/div>\n\n\n\n<div id=\"products-block_db55bb0983eb6597d3717e1ba5b927a3\" class=\"beak-products product-list\">\n\t    \n                    \n            \n<a href=\"https:\/\/www.vonin.com\/no\/product\/kjettinger\/\" class=\"product-card post-id-11933\">\n        <div class=\"product-card--content-image\">\n                                        <img loading=\"lazy\" decoding=\"async\" src=\"https:\/\/www.vonin.com\/wp-content\/uploads\/2021\/03\/chains_vonin-800x400.jpg\" width=\"800\" height=\"400\" alt=\"\" style=\"object-position: \">\n                        <\/div>\n\n        <div class=\"product-card--content-text\">\n                <div class=\"product-card--title\">Kjettinger<\/div>\n\n                <div class=\"product-card--description line-clamp\">Kjettinger av topp kvalitet av forskjellige typer og dimensjoner.<\/div>\n        <\/div>\n<\/a>        \n                            \n            \n<a href=\"https:\/\/www.vonin.com\/no\/product\/masterkoblinger\/\" class=\"product-card post-id-11935\">\n        <div class=\"product-card--content-image\">\n                                        <img loading=\"lazy\" decoding=\"async\" src=\"https:\/\/www.vonin.com\/wp-content\/uploads\/2021\/04\/vonin_masterlink-800x400.jpg\" width=\"800\" height=\"400\" alt=\"\" style=\"object-position: \">\n                        <\/div>\n\n        <div class=\"product-card--content-text\">\n                <div class=\"product-card--title\">Masterkoblinger<\/div>\n\n                <div class=\"product-card--description line-clamp\">MXA344 galvanisert masterkobling fra Crosby Trawlex.<\/div>\n        <\/div>\n<\/a>        \n                            \n            \n<a href=\"https:\/\/www.vonin.com\/no\/product\/ankere\/\" class=\"product-card post-id-11936\">\n        <div class=\"product-card--content-image\">\n                                        <img loading=\"lazy\" decoding=\"async\" src=\"https:\/\/www.vonin.com\/wp-content\/uploads\/2021\/01\/Vonin_anchor_aquaculture-800x400.jpg\" width=\"800\" height=\"400\" alt=\"\" style=\"object-position: \">\n                        <\/div>\n\n        <div class=\"product-card--content-text\">\n                <div class=\"product-card--title\">Ankere<\/div>\n\n                <div class=\"product-card--description line-clamp\">V\u00e5re egne eksklusive fort\u00f8yningsankere designet for styrke, holdbarhet og ypperlige grep.<\/div>\n        <\/div>\n<\/a>        \n                            \n            \n<a href=\"https:\/\/www.vonin.com\/no\/product\/fortoyningsplater\/\" class=\"product-card post-id-11938\">\n        <div class=\"product-card--content-image\">\n                                        <img loading=\"lazy\" decoding=\"async\" src=\"https:\/\/www.vonin.com\/wp-content\/uploads\/2021\/03\/Rund-koblingsskiva_gratt-1-800x473.jpg\" width=\"800\" height=\"473\" alt=\"\" style=\"object-position: \">\n                        <\/div>\n\n        <div class=\"product-card--content-text\">\n                <div class=\"product-card--title\">Fort\u00f8yningsplater<\/div>\n\n                <div class=\"product-card--description line-clamp\">V\u00f3nin og Crosby har g\u00e5tt sammen om \u00e5 lage fort\u00f8yningsplater, som V\u00f3nin er eneleverand\u00f8r av.<\/div>\n        <\/div>\n<\/a>        \n                            \n            \n<a href=\"https:\/\/www.vonin.com\/no\/product\/fortoyningsbolter\/\" class=\"product-card post-id-11940\">\n        <div class=\"product-card--content-image\">\n                                        <img loading=\"lazy\" decoding=\"async\" src=\"https:\/\/www.vonin.com\/wp-content\/uploads\/2021\/04\/mooringbolt1-800x448.jpg\" width=\"800\" height=\"448\" alt=\"\" style=\"object-position: \">\n                        <\/div>\n\n        <div class=\"product-card--content-text\">\n                <div class=\"product-card--title\">Fort\u00f8yningsbolter<\/div>\n\n                <div class=\"product-card--description line-clamp\">Tredjepartsgodkjent i henhold til relevante norske havbruksstandarder.<\/div>\n        <\/div>\n<\/a>        \n                            \n            \n<a href=\"https:\/\/www.vonin.com\/no\/product\/tau\/\" class=\"product-card post-id-11942\">\n        <div class=\"product-card--content-image\">\n                                        <img loading=\"lazy\" decoding=\"async\" src=\"https:\/\/www.vonin.com\/wp-content\/uploads\/2021\/03\/ropes_vonin-800x400.jpg\" width=\"800\" height=\"400\" alt=\"\" style=\"object-position: \">\n                        <\/div>\n\n        <div class=\"product-card--content-text\">\n                <div class=\"product-card--title\">Tau<\/div>\n\n                <div class=\"product-card--description line-clamp\">Tau av topp kvalitet av forskjellige typer og dimensjoner.<\/div>\n        <\/div>\n<\/a>        \n                            \n            \n<a href=\"https:\/\/www.vonin.com\/no\/product\/sjakler\/\" class=\"product-card post-id-11943\">\n        <div class=\"product-card--content-image\">\n                                        <img loading=\"lazy\" decoding=\"async\" src=\"https:\/\/www.vonin.com\/wp-content\/uploads\/2021\/03\/2-800x533.jpg\" width=\"800\" height=\"533\" alt=\"\" style=\"object-position: \">\n                        <\/div>\n\n        <div class=\"product-card--content-text\">\n                <div class=\"product-card--title\">Sjakler<\/div>\n\n                <div class=\"product-card--description line-clamp\">V\u00f3nin og Crosby har g\u00e5tt sammen om \u00e5 lage sjakler til oppdrettsanlegg.<\/div>\n        <\/div>\n<\/a>        \n                            \n            \n<a href=\"https:\/\/www.vonin.com\/no\/product\/kauser\/\" class=\"product-card post-id-11945\">\n        <div class=\"product-card--content-image\">\n                                        <img loading=\"lazy\" decoding=\"async\" src=\"https:\/\/www.vonin.com\/wp-content\/uploads\/2021\/04\/vonin_thimbles-800x450.jpg\" width=\"800\" height=\"450\" alt=\"\" style=\"object-position: \">\n                        <\/div>\n\n        <div class=\"product-card--content-text\">\n                <div class=\"product-card--title\">Kauser<\/div>\n\n                <div class=\"product-card--description line-clamp\">Ekstra kraftig varmgalvanisert kause.<\/div>\n        <\/div>\n<\/a>        \n            <\/div>\n\n\n<div style=\"height:60px\" aria-hidden=\"true\" class=\"wp-block-spacer\"><\/div>\n\n\n\n<hr class=\"wp-block-separator has-css-opacity is-style-wide\"\/>\n\n\n\n<h2 class=\"wp-block-heading\">Salgsteam<\/h2>\n\n\n\n<div style=\"height:30px\" aria-hidden=\"true\" class=\"wp-block-spacer\"><\/div>\n\n\n\n<script>\n    employeeBlockData['employees-block_c53730520323037ac502ac662a934c6f'] = '[]';\n<\/script>\n\n\n<div id=\"employees-block_c53730520323037ac502ac662a934c6f\" class=\"beak-employees\">\n    \n            <div class=\"employee-message-modal--tint\" v-if=\"selectedEmployee\" :class=\"{ 'is-visible': selectedEmployee }\"><\/div>\n<div class=\"employee-message-modal\" v-if=\"selectedEmployee\" :class=\"{ 'is-visible': selectedEmployee }\">\n    <div class=\"employee-message--content\">\n        <a href=\"#\" @click.prevent=\"toggleModal(null)\" class=\"emp-modal-close\"><img decoding=\"async\" src=\"https:\/\/www.vonin.com\/wp-content\/themes\/beak-vonin\/images\/icon-plus.svg\" class=\"injectable\" \/><\/a>\n        <h3 v-if=\"selectedEmployee\">Send e-post til:<br \/> <b>{{selectedEmployee.title}}<\/b><\/h3>\n\n        <div class=\"form-errors\" v-if=\"formErrors &#038;&#038; formErrors.length &#62; 0\">\n            <ul>\n                <li v-for=\"error in formErrors\">{{error}}<\/li>\n            <\/ul>\n        <\/div>\n\n        <p v-if=\"formSent\"><b>Din melding har blitt sendt.<\/b><\/p>\n\n        <div v-if=\"!formSent\">\n            <div class=\"form-input\">\n                <label>Navn<span class=\"required\">*<\/span><\/label>\n                <input type=\"text\" v-model=\"sendEmailForm.name\" \/>\n            <\/div>\n\n            <div class=\"form-input\">\n                <label>Selskap<span class=\"required\">*<\/span><\/label>\n                <input type=\"text\" v-model=\"sendEmailForm.company\" \/>\n            <\/div>\n\n            <div class=\"form-input\">\n                <label>E-post<span class=\"required\">*<\/span><\/label>\n                <input type=\"email\" v-model=\"sendEmailForm.email\" \/>\n            <\/div>\n\n            <div class=\"form-input\">\n                <label>Telefon<span class=\"required\">*<\/span><\/label>\n                <input type=\"text\" v-model=\"sendEmailForm.phone\" \/>\n            <\/div>\n\n            <div class=\"form-input\">\n                <label>Beskjed<span class=\"required\">*<\/span><\/label>\n                <textarea type=\"text\" v-model=\"sendEmailForm.message\"><\/textarea>\n            <\/div>\n\n            <input type=\"hidden\" v-model=\"sendEmailForm.formLumpari\" \/>\n\n            <button @click=\"sendMessage()\" :class=\"{ disabled: formPosting || (formSubmitted &#038;&#038; !formIsValid) }\">Send<\/button>\n        <\/div>\n    <\/div>\n<\/div>    \n            <div class=\"employee-cards\" v-if=\"people\">\n                    <\/div>\n    <\/div>\n\n\n<div style=\"height:60px\" aria-hidden=\"true\" class=\"wp-block-spacer\"><\/div>\n\n\n<div id=\"breadcrumbs-block_f40ed69ab71a04016ad84c900ad51b95\" class=\"lunnar-breadcrumbs\">\n    \n    <p id=\"breadcrumbs\"><span><span><a href=\"https:\/\/www.vonin.com\/no\/\">V\u00f3nin<\/a><\/span><\/span><\/p>    \n<\/div>\n","protected":false},"excerpt":{"rendered":"<p>Fort\u00f8yningsb\u00f8yer i forskjellige former og st\u00f8rrelser fra Polyform.<\/p>\n","protected":false},"featured_media":245747,"parent":0,"template":"","tags":[],"product_categories":[],"class_list":["post-11937","product","type-product","status-publish","has-post-thumbnail","hentry"],"acf":[],"yoast_head":"<!-- This site is optimized with the Yoast SEO plugin v27.5 - https:\/\/yoast.com\/product\/yoast-seo-wordpress\/ -->\n<title>Fort\u00f8yningsb\u00f8yer - V\u00f3nin<\/title>\n<meta name=\"robots\" content=\"index, follow, max-snippet:-1, max-image-preview:large, max-video-preview:-1\" \/>\n<link rel=\"canonical\" href=\"https:\/\/www.vonin.com\/no\/product\/fortoyningsboyer\/\" \/>\n<meta property=\"og:locale\" content=\"nb_NO\" \/>\n<meta property=\"og:type\" content=\"article\" \/>\n<meta property=\"og:title\" content=\"Fort\u00f8yningsb\u00f8yer - V\u00f3nin\" \/>\n<meta property=\"og:description\" content=\"Fort\u00f8yningsb\u00f8yer i forskjellige former og st\u00f8rrelser fra Polyform.\" \/>\n<meta property=\"og:url\" content=\"https:\/\/www.vonin.com\/no\/product\/fortoyningsboyer\/\" \/>\n<meta property=\"og:site_name\" content=\"V\u00f3nin\" \/>\n<meta property=\"article:modified_time\" content=\"2023-03-07T13:54:10+00:00\" \/>\n<meta property=\"og:image\" content=\"https:\/\/www.vonin.com\/wp-content\/uploads\/2021\/03\/buoys_vonin-scaled.jpg\" \/>\n\t<meta property=\"og:image:width\" content=\"2560\" \/>\n\t<meta property=\"og:image:height\" content=\"1280\" \/>\n\t<meta property=\"og:image:type\" content=\"image\/jpeg\" \/>\n<meta name=\"twitter:card\" content=\"summary_large_image\" \/>\n<meta name=\"twitter:label1\" content=\"Ansl. lesetid\" \/>\n\t<meta name=\"twitter:data1\" content=\"3 minutter\" \/>\n<script type=\"application\/ld+json\" class=\"yoast-schema-graph\">{\"@context\":\"https:\\\/\\\/schema.org\",\"@graph\":[{\"@type\":\"WebPage\",\"@id\":\"https:\\\/\\\/www.vonin.com\\\/no\\\/product\\\/fortoyningsboyer\\\/\",\"url\":\"https:\\\/\\\/www.vonin.com\\\/no\\\/product\\\/fortoyningsboyer\\\/\",\"name\":\"Fort\u00f8yningsb\u00f8yer - V\u00f3nin\",\"isPartOf\":{\"@id\":\"https:\\\/\\\/www.vonin.com\\\/#website\"},\"primaryImageOfPage\":{\"@id\":\"https:\\\/\\\/www.vonin.com\\\/no\\\/product\\\/fortoyningsboyer\\\/#primaryimage\"},\"image\":{\"@id\":\"https:\\\/\\\/www.vonin.com\\\/no\\\/product\\\/fortoyningsboyer\\\/#primaryimage\"},\"thumbnailUrl\":\"https:\\\/\\\/www.vonin.com\\\/wp-content\\\/uploads\\\/2025\\\/08\\\/Polyform-APB.jpg\",\"datePublished\":\"2022-10-07T10:33:23+00:00\",\"dateModified\":\"2023-03-07T13:54:10+00:00\",\"breadcrumb\":{\"@id\":\"https:\\\/\\\/www.vonin.com\\\/no\\\/product\\\/fortoyningsboyer\\\/#breadcrumb\"},\"inLanguage\":\"nb-NO\",\"potentialAction\":[{\"@type\":\"ReadAction\",\"target\":[\"https:\\\/\\\/www.vonin.com\\\/no\\\/product\\\/fortoyningsboyer\\\/\"]}]},{\"@type\":\"ImageObject\",\"inLanguage\":\"nb-NO\",\"@id\":\"https:\\\/\\\/www.vonin.com\\\/no\\\/product\\\/fortoyningsboyer\\\/#primaryimage\",\"url\":\"https:\\\/\\\/www.vonin.com\\\/wp-content\\\/uploads\\\/2025\\\/08\\\/Polyform-APB.jpg\",\"contentUrl\":\"https:\\\/\\\/www.vonin.com\\\/wp-content\\\/uploads\\\/2025\\\/08\\\/Polyform-APB.jpg\",\"width\":1798,\"height\":1200,\"caption\":\"Polyform-APB\"},{\"@type\":\"BreadcrumbList\",\"@id\":\"https:\\\/\\\/www.vonin.com\\\/no\\\/product\\\/fortoyningsboyer\\\/#breadcrumb\",\"itemListElement\":[{\"@type\":\"ListItem\",\"position\":1,\"name\":\"V\u00f3nin\",\"item\":\"https:\\\/\\\/www.vonin.com\\\/no\\\/\"},{\"@type\":\"ListItem\",\"position\":2,\"name\":\"V\u00f8rur\",\"item\":\"https:\\\/\\\/www.vonin.com\\\/product\\\/\"},{\"@type\":\"ListItem\",\"position\":3,\"name\":\"Fort\u00f8yningsb\u00f8yer\"}]},{\"@type\":\"WebSite\",\"@id\":\"https:\\\/\\\/www.vonin.com\\\/#website\",\"url\":\"https:\\\/\\\/www.vonin.com\\\/\",\"name\":\"V\u00f3nin\",\"description\":\"V\u00f3nin is a major developer and manufacturer of high quality fishing gear and aquaculture equipment as well as supplying equipment to the offshore industry and land based industry.\",\"potentialAction\":[{\"@type\":\"SearchAction\",\"target\":{\"@type\":\"EntryPoint\",\"urlTemplate\":\"https:\\\/\\\/www.vonin.com\\\/?s={search_term_string}\"},\"query-input\":{\"@type\":\"PropertyValueSpecification\",\"valueRequired\":true,\"valueName\":\"search_term_string\"}}],\"inLanguage\":\"nb-NO\"}]}<\/script>\n<!-- \/ Yoast SEO plugin. -->","yoast_head_json":{"title":"Fort\u00f8yningsb\u00f8yer - V\u00f3nin","robots":{"index":"index","follow":"follow","max-snippet":"max-snippet:-1","max-image-preview":"max-image-preview:large","max-video-preview":"max-video-preview:-1"},"canonical":"https:\/\/www.vonin.com\/no\/product\/fortoyningsboyer\/","og_locale":"nb_NO","og_type":"article","og_title":"Fort\u00f8yningsb\u00f8yer - V\u00f3nin","og_description":"Fort\u00f8yningsb\u00f8yer i forskjellige former og st\u00f8rrelser fra Polyform.","og_url":"https:\/\/www.vonin.com\/no\/product\/fortoyningsboyer\/","og_site_name":"V\u00f3nin","article_modified_time":"2023-03-07T13:54:10+00:00","og_image":[{"width":2560,"height":1280,"url":"https:\/\/www.vonin.com\/wp-content\/uploads\/2021\/03\/buoys_vonin-scaled.jpg","type":"image\/jpeg"}],"twitter_card":"summary_large_image","twitter_misc":{"Ansl. lesetid":"3 minutter"},"schema":{"@context":"https:\/\/schema.org","@graph":[{"@type":"WebPage","@id":"https:\/\/www.vonin.com\/no\/product\/fortoyningsboyer\/","url":"https:\/\/www.vonin.com\/no\/product\/fortoyningsboyer\/","name":"Fort\u00f8yningsb\u00f8yer - V\u00f3nin","isPartOf":{"@id":"https:\/\/www.vonin.com\/#website"},"primaryImageOfPage":{"@id":"https:\/\/www.vonin.com\/no\/product\/fortoyningsboyer\/#primaryimage"},"image":{"@id":"https:\/\/www.vonin.com\/no\/product\/fortoyningsboyer\/#primaryimage"},"thumbnailUrl":"https:\/\/www.vonin.com\/wp-content\/uploads\/2025\/08\/Polyform-APB.jpg","datePublished":"2022-10-07T10:33:23+00:00","dateModified":"2023-03-07T13:54:10+00:00","breadcrumb":{"@id":"https:\/\/www.vonin.com\/no\/product\/fortoyningsboyer\/#breadcrumb"},"inLanguage":"nb-NO","potentialAction":[{"@type":"ReadAction","target":["https:\/\/www.vonin.com\/no\/product\/fortoyningsboyer\/"]}]},{"@type":"ImageObject","inLanguage":"nb-NO","@id":"https:\/\/www.vonin.com\/no\/product\/fortoyningsboyer\/#primaryimage","url":"https:\/\/www.vonin.com\/wp-content\/uploads\/2025\/08\/Polyform-APB.jpg","contentUrl":"https:\/\/www.vonin.com\/wp-content\/uploads\/2025\/08\/Polyform-APB.jpg","width":1798,"height":1200,"caption":"Polyform-APB"},{"@type":"BreadcrumbList","@id":"https:\/\/www.vonin.com\/no\/product\/fortoyningsboyer\/#breadcrumb","itemListElement":[{"@type":"ListItem","position":1,"name":"V\u00f3nin","item":"https:\/\/www.vonin.com\/no\/"},{"@type":"ListItem","position":2,"name":"V\u00f8rur","item":"https:\/\/www.vonin.com\/product\/"},{"@type":"ListItem","position":3,"name":"Fort\u00f8yningsb\u00f8yer"}]},{"@type":"WebSite","@id":"https:\/\/www.vonin.com\/#website","url":"https:\/\/www.vonin.com\/","name":"V\u00f3nin","description":"V\u00f3nin is a major developer and manufacturer of high quality fishing gear and aquaculture equipment as well as supplying equipment to the offshore industry and land based industry.","potentialAction":[{"@type":"SearchAction","target":{"@type":"EntryPoint","urlTemplate":"https:\/\/www.vonin.com\/?s={search_term_string}"},"query-input":{"@type":"PropertyValueSpecification","valueRequired":true,"valueName":"search_term_string"}}],"inLanguage":"nb-NO"}]}},"_links":{"self":[{"href":"https:\/\/www.vonin.com\/no\/wp-json\/wp\/v2\/product\/11937","targetHints":{"allow":["GET"]}}],"collection":[{"href":"https:\/\/www.vonin.com\/no\/wp-json\/wp\/v2\/product"}],"about":[{"href":"https:\/\/www.vonin.com\/no\/wp-json\/wp\/v2\/types\/product"}],"wp:featuredmedia":[{"embeddable":true,"href":"https:\/\/www.vonin.com\/no\/wp-json\/wp\/v2\/media\/245747"}],"wp:attachment":[{"href":"https:\/\/www.vonin.com\/no\/wp-json\/wp\/v2\/media?parent=11937"}],"wp:term":[{"taxonomy":"post_tag","embeddable":true,"href":"https:\/\/www.vonin.com\/no\/wp-json\/wp\/v2\/tags?post=11937"},{"taxonomy":"product_categories","embeddable":true,"href":"https:\/\/www.vonin.com\/no\/wp-json\/wp\/v2\/product_categories?post=11937"}],"curies":[{"name":"wp","href":"https:\/\/api.w.org\/{rel}","templated":true}]}}