{"id":11934,"date":"2022-10-06T14:13:55","date_gmt":"2022-10-06T14:13:55","guid":{"rendered":"https:\/\/www.vonin.com\/?post_type=product&#038;p=11934"},"modified":"2023-03-14T09:46:12","modified_gmt":"2023-03-14T09:46:12","slug":"snokrabbeteiner","status":"publish","type":"product","link":"https:\/\/www.vonin.com\/no\/product\/snokrabbeteiner\/","title":{"rendered":"Sn\u00f8krabbeteiner"},"content":{"rendered":"\n<div class=\"wp-block-cover alignfull\" style=\"min-height:617px;aspect-ratio:unset;\"><span aria-hidden=\"true\" class=\"wp-block-cover__background has-background-dim\"><\/span><img loading=\"lazy\" decoding=\"async\" width=\"2560\" height=\"1731\" class=\"wp-block-cover__image-background wp-image-3131\" alt=\"\" src=\"https:\/\/www.vonin.com\/wp-content\/uploads\/2021\/03\/vonin-crab-pots-1-scaled.jpg\" data-object-fit=\"cover\" srcset=\"https:\/\/www.vonin.com\/wp-content\/uploads\/2021\/03\/vonin-crab-pots-1-scaled.jpg 2560w, https:\/\/www.vonin.com\/wp-content\/uploads\/2021\/03\/vonin-crab-pots-1-800x541.jpg 800w, https:\/\/www.vonin.com\/wp-content\/uploads\/2021\/03\/vonin-crab-pots-1-1600x1082.jpg 1600w, https:\/\/www.vonin.com\/wp-content\/uploads\/2021\/03\/vonin-crab-pots-1-768x519.jpg 768w, https:\/\/www.vonin.com\/wp-content\/uploads\/2021\/03\/vonin-crab-pots-1-200x135.jpg 200w, https:\/\/www.vonin.com\/wp-content\/uploads\/2021\/03\/vonin-crab-pots-1-1536x1039.jpg 1536w, https:\/\/www.vonin.com\/wp-content\/uploads\/2021\/03\/vonin-crab-pots-1-2048x1385.jpg 2048w\" sizes=\"auto, (max-width: 2560px) 100vw, 2560px\" \/><div class=\"wp-block-cover__inner-container is-layout-flow wp-block-cover-is-layout-flow\">\n<h2 class=\"has-text-align-center has-large-font-size wp-block-heading\"><strong><strong>Sn\u00f8krabbeteiner<\/strong><\/strong><\/h2>\n\n\n\n<h4 class=\"has-text-align-center wp-block-heading\">Produsert av spesialister<\/h4>\n<\/div><\/div>\n\n\n\n<div style=\"height:60px\" aria-hidden=\"true\" class=\"wp-block-spacer\"><\/div>\n\n\n\n<h2 class=\"wp-block-heading\">Tilpasset fiskernes behov<\/h2>\n\n\n\n<p>Den profesjonelle fiskeren stiller h\u00f8ye krav til utstyret sitt , og derfor legger vi stor vekt p\u00e5 \u00e5 kunne produsere sn\u00f8krabbeteiner av h\u00f8y kvalitet som kan oppfylle disse kravene.&nbsp; V\u00e5re fagarbeidere med flere ti\u00e5rs erfaring har gjennom&nbsp; \u00e5rene produsert tusenvis av sn\u00f8krabbeteiner, og de eksporteres til markeder over hele&nbsp; verden.<\/p>\n\n\n\n<div style=\"height:30px\" aria-hidden=\"true\" class=\"wp-block-spacer\"><\/div>\n\n\n\n<div class=\"wp-block-cover\"><span aria-hidden=\"true\" class=\"wp-block-cover__background has-background-dim-30 has-background-dim\"><\/span><img loading=\"lazy\" decoding=\"async\" width=\"2560\" height=\"1597\" class=\"wp-block-cover__image-background wp-image-10883\" alt=\"\" src=\"https:\/\/www.vonin.com\/wp-content\/uploads\/2021\/03\/vonin-crab-pots-4-1-edited-scaled.jpg\" data-object-fit=\"cover\" srcset=\"https:\/\/www.vonin.com\/wp-content\/uploads\/2021\/03\/vonin-crab-pots-4-1-edited-scaled.jpg 2560w, https:\/\/www.vonin.com\/wp-content\/uploads\/2021\/03\/vonin-crab-pots-4-1-edited-800x499.jpg 800w, https:\/\/www.vonin.com\/wp-content\/uploads\/2021\/03\/vonin-crab-pots-4-1-edited-1600x998.jpg 1600w, https:\/\/www.vonin.com\/wp-content\/uploads\/2021\/03\/vonin-crab-pots-4-1-edited-768x479.jpg 768w, https:\/\/www.vonin.com\/wp-content\/uploads\/2021\/03\/vonin-crab-pots-4-1-edited-200x125.jpg 200w, https:\/\/www.vonin.com\/wp-content\/uploads\/2021\/03\/vonin-crab-pots-4-1-edited-1536x958.jpg 1536w, https:\/\/www.vonin.com\/wp-content\/uploads\/2021\/03\/vonin-crab-pots-4-1-edited-2048x1277.jpg 2048w\" sizes=\"auto, (max-width: 2560px) 100vw, 2560px\" \/><div class=\"wp-block-cover__inner-container is-layout-flow wp-block-cover-is-layout-flow\">\n<p class=\"has-text-align-center has-large-font-size\"><\/p>\n<\/div><\/div>\n\n\n\n<div style=\"height:60px\" aria-hidden=\"true\" class=\"wp-block-spacer\"><\/div>\n\n\n\n<h2 class=\"wp-block-heading\">Positive tilbakemeldinger<\/h2>\n\n\n\n<p>Tilbakemeldingene fra v\u00e5re kunder&nbsp; har v\u00e6rt sv\u00e6rt positive med forn\u00f8yde kunder som kommer tilbake igjen&nbsp; og igjen. I tilbakemeldingene heter det at disse teinene varer og sikrer effektivt fiske.<\/p>\n\n\n\n<div style=\"height:30px\" aria-hidden=\"true\" class=\"wp-block-spacer\"><\/div>\n\n\n\n<h2 class=\"wp-block-heading\">Teiner av h\u00f8y kvalitet<\/h2>\n\n\n\n<p>Laget av de beste kvalitetsmaterialene p\u00e5 markedet fra h\u00e5ndplukkede leverand\u00f8rer,&nbsp; inkludert&nbsp;&nbsp;&nbsp; h\u00f8ykvalitetsst\u00e5l, PE-netting&nbsp; og kraftige kjegler, er disse krabbeteinene tilpasset i samsvar med v\u00e5re kunders behov og krav.&nbsp;<\/p>\n\n\n\n<div class=\"wp-block-columns is-layout-flex wp-container-core-columns-is-layout-9d6595d7 wp-block-columns-is-layout-flex\">\n<div class=\"wp-block-column is-layout-flow wp-block-column-is-layout-flow\">\n<figure class=\"wp-block-image size-large\"><img loading=\"lazy\" decoding=\"async\" width=\"2560\" height=\"2560\" src=\"https:\/\/www.vonin.com\/wp-content\/uploads\/2021\/03\/vonin-crab-pots-3-edited-2-scaled.jpg\" alt=\"\" class=\"wp-image-3151\" srcset=\"https:\/\/www.vonin.com\/wp-content\/uploads\/2021\/03\/vonin-crab-pots-3-edited-2-scaled.jpg 2560w, https:\/\/www.vonin.com\/wp-content\/uploads\/2021\/03\/vonin-crab-pots-3-edited-2-800x800.jpg 800w, https:\/\/www.vonin.com\/wp-content\/uploads\/2021\/03\/vonin-crab-pots-3-edited-2-1600x1600.jpg 1600w, https:\/\/www.vonin.com\/wp-content\/uploads\/2021\/03\/vonin-crab-pots-3-edited-2-300x300.jpg 300w, https:\/\/www.vonin.com\/wp-content\/uploads\/2021\/03\/vonin-crab-pots-3-edited-2-768x768.jpg 768w, https:\/\/www.vonin.com\/wp-content\/uploads\/2021\/03\/vonin-crab-pots-3-edited-2-200x200.jpg 200w, https:\/\/www.vonin.com\/wp-content\/uploads\/2021\/03\/vonin-crab-pots-3-edited-2-1536x1536.jpg 1536w, https:\/\/www.vonin.com\/wp-content\/uploads\/2021\/03\/vonin-crab-pots-3-edited-2-2048x2048.jpg 2048w\" sizes=\"auto, (max-width: 2560px) 100vw, 2560px\" \/><\/figure>\n<\/div>\n\n\n\n<div class=\"wp-block-column is-layout-flow wp-block-column-is-layout-flow\">\n<figure class=\"wp-block-image size-large\"><img loading=\"lazy\" decoding=\"async\" width=\"1896\" height=\"1895\" src=\"https:\/\/www.vonin.com\/wp-content\/uploads\/2021\/03\/vonin-crab-pots-2-edited-1.jpg\" alt=\"\" class=\"wp-image-3153\" srcset=\"https:\/\/www.vonin.com\/wp-content\/uploads\/2021\/03\/vonin-crab-pots-2-edited-1.jpg 1896w, https:\/\/www.vonin.com\/wp-content\/uploads\/2021\/03\/vonin-crab-pots-2-edited-1-800x800.jpg 800w, https:\/\/www.vonin.com\/wp-content\/uploads\/2021\/03\/vonin-crab-pots-2-edited-1-1600x1600.jpg 1600w, https:\/\/www.vonin.com\/wp-content\/uploads\/2021\/03\/vonin-crab-pots-2-edited-1-300x300.jpg 300w, https:\/\/www.vonin.com\/wp-content\/uploads\/2021\/03\/vonin-crab-pots-2-edited-1-768x768.jpg 768w, https:\/\/www.vonin.com\/wp-content\/uploads\/2021\/03\/vonin-crab-pots-2-edited-1-200x200.jpg 200w, https:\/\/www.vonin.com\/wp-content\/uploads\/2021\/03\/vonin-crab-pots-2-edited-1-1536x1536.jpg 1536w\" sizes=\"auto, (max-width: 1896px) 100vw, 1896px\" \/><\/figure>\n<\/div>\n\n\n\n<div class=\"wp-block-column is-layout-flow wp-block-column-is-layout-flow\">\n<figure class=\"wp-block-image size-large\"><img loading=\"lazy\" decoding=\"async\" width=\"1837\" height=\"1839\" src=\"https:\/\/www.vonin.com\/wp-content\/uploads\/2021\/03\/vonin-crab-pots-1-edited.jpg\" alt=\"\" class=\"wp-image-3155\" srcset=\"https:\/\/www.vonin.com\/wp-content\/uploads\/2021\/03\/vonin-crab-pots-1-edited.jpg 1837w, https:\/\/www.vonin.com\/wp-content\/uploads\/2021\/03\/vonin-crab-pots-1-edited-800x800.jpg 800w, https:\/\/www.vonin.com\/wp-content\/uploads\/2021\/03\/vonin-crab-pots-1-edited-1598x1600.jpg 1598w, https:\/\/www.vonin.com\/wp-content\/uploads\/2021\/03\/vonin-crab-pots-1-edited-300x300.jpg 300w, https:\/\/www.vonin.com\/wp-content\/uploads\/2021\/03\/vonin-crab-pots-1-edited-768x769.jpg 768w, https:\/\/www.vonin.com\/wp-content\/uploads\/2021\/03\/vonin-crab-pots-1-edited-200x200.jpg 200w, https:\/\/www.vonin.com\/wp-content\/uploads\/2021\/03\/vonin-crab-pots-1-edited-1534x1536.jpg 1534w\" sizes=\"auto, (max-width: 1837px) 100vw, 1837px\" \/><\/figure>\n<\/div>\n<\/div>\n\n\n\n<div style=\"height:60px\" aria-hidden=\"true\" class=\"wp-block-spacer\"><\/div>\n\n\n\n<h2 class=\"wp-block-heading\">Standard eller tilpasset st\u00f8rrelse<\/h2>\n\n\n\n<div style=\"height:30px\" aria-hidden=\"true\" class=\"wp-block-spacer\"><\/div>\n\n\n\n<blockquote class=\"wp-block-quote is-style-default is-layout-flow wp-block-quote-is-layout-flow\">\n<p>Vi kan forsyne deg med v\u00e5re standardst\u00f8rrelser eller tilpassede teiner.<\/p>\n\n\n\n<p>V\u00e5re standard sn\u00f8krabbeteiner er 50&#8243; i bunnen, 27&#8243; i&nbsp; toppen og 23&#8243; h\u00f8ye.<\/p>\n<\/blockquote>\n\n\n\n<div style=\"height:30px\" aria-hidden=\"true\" class=\"wp-block-spacer\"><\/div>\n\n\n\n<hr class=\"wp-block-separator has-alpha-channel-opacity is-style-wide\"\/>\n\n\n\n<div style=\"height:30px\" aria-hidden=\"true\" class=\"wp-block-spacer\"><\/div>\n\n\n\n<h2 class=\"wp-block-heading\">Salgsteam<\/h2>\n\n\n\n<script>\n    employeeBlockData['employees-block_dc56f96be102a129e890743ed751503d'] = '[{\"title\":\"John S\\u00f8rensen\",\"job_title\":\"Avdelingsleder -Troms\\u00f8\",\"phone\":\"+47 99 31 00 99\",\"email\":\"john.sorensen@refa.no\",\"permalink\":\"https:\\\/\\\/www.vonin.com\\\/no\\\/contacts\\\/john-sorensen\\\/\",\"post_id\":12039,\"thumbnail_id\":13187,\"image\":\"https:\\\/\\\/www.vonin.com\\\/wp-content\\\/uploads\\\/2022\\\/05\\\/John-Sorensen-800x533.jpg\",\"image_width\":800,\"image_height\":533,\"focal_points\":\"49.8381% 1.5610%\"},{\"title\":\"Robin S\\u00e6thre\",\"job_title\":\"Selger - Tr\\u00e5l\",\"phone\":\"+47 902 75 083\",\"email\":\"robin.sathre@refa.no\",\"permalink\":\"https:\\\/\\\/www.vonin.com\\\/no\\\/contacts\\\/robin-saethre\\\/\",\"post_id\":12066,\"thumbnail_id\":13190,\"image\":\"https:\\\/\\\/www.vonin.com\\\/wp-content\\\/uploads\\\/2022\\\/09\\\/Robin-Saethre-800x533.jpg\",\"image_width\":800,\"image_height\":533,\"focal_points\":\"47.3405% 0.3109%\"}]';\n<\/script>\n\n\n<div id=\"employees-block_dc56f96be102a129e890743ed751503d\" class=\"beak-employees\">\n    \n            <div class=\"employee-message-modal--tint\" v-if=\"selectedEmployee\" :class=\"{ 'is-visible': selectedEmployee }\"><\/div>\n<div class=\"employee-message-modal\" v-if=\"selectedEmployee\" :class=\"{ 'is-visible': selectedEmployee }\">\n    <div class=\"employee-message--content\">\n        <a href=\"#\" @click.prevent=\"toggleModal(null)\" class=\"emp-modal-close\"><img decoding=\"async\" src=\"https:\/\/www.vonin.com\/wp-content\/themes\/beak-vonin\/images\/icon-plus.svg\" class=\"injectable\" \/><\/a>\n        <h3 v-if=\"selectedEmployee\">Send e-post til:<br \/> <b>{{selectedEmployee.title}}<\/b><\/h3>\n\n        <div class=\"form-errors\" v-if=\"formErrors &#038;&#038; formErrors.length &#62; 0\">\n            <ul>\n                <li v-for=\"error in formErrors\">{{error}}<\/li>\n            <\/ul>\n        <\/div>\n\n        <p v-if=\"formSent\"><b>Din melding har blitt sendt.<\/b><\/p>\n\n        <div v-if=\"!formSent\">\n            <div class=\"form-input\">\n                <label>Navn<span class=\"required\">*<\/span><\/label>\n                <input type=\"text\" v-model=\"sendEmailForm.name\" \/>\n            <\/div>\n\n            <div class=\"form-input\">\n                <label>Selskap<span class=\"required\">*<\/span><\/label>\n                <input type=\"text\" v-model=\"sendEmailForm.company\" \/>\n            <\/div>\n\n            <div class=\"form-input\">\n                <label>E-post<span class=\"required\">*<\/span><\/label>\n                <input type=\"email\" v-model=\"sendEmailForm.email\" \/>\n            <\/div>\n\n            <div class=\"form-input\">\n                <label>Telefon<span class=\"required\">*<\/span><\/label>\n                <input type=\"text\" v-model=\"sendEmailForm.phone\" \/>\n            <\/div>\n\n            <div class=\"form-input\">\n                <label>Beskjed<span class=\"required\">*<\/span><\/label>\n                <textarea type=\"text\" v-model=\"sendEmailForm.message\"><\/textarea>\n            <\/div>\n\n            <input type=\"hidden\" v-model=\"sendEmailForm.formLumpari\" \/>\n\n            <button @click=\"sendMessage()\" :class=\"{ disabled: formPosting || (formSubmitted &#038;&#038; !formIsValid) }\">Send<\/button>\n        <\/div>\n    <\/div>\n<\/div>    \n            <div class=\"employee-cards\" v-if=\"people\">\n            <div v-for=\"(employee, index) in people\" class=\"employee-card swiper-slide\">\n    <div v-if=\"employee.image\" class=\"employee-card--content-image\">\n        <img v-if=\"employee.image\" :src=\"employee.image\" alt=\"\" :width=\"employee.image_width\" :height=\"employee.image_height\" :style=\"`object-position: ${employee.focal_points}`\" \/>\n    <\/div>\n\n    <div class=\"employee-card--content-text\">\n        <div v-if=\"employee.title\" class=\"employee-name\">{{ employee.title }}<\/div>\n\n        <div v-if=\"employee.people_locations?.length\" class=\"employee-location\">{{ getLocations(employee) }}<\/div>\n\n        <div v-if=\"employee.job_title\" class=\"employee-title\">{{ employee.job_title }}<\/div>\n\n        <div class=\"employee-contact\">\n            <div v-if=\"employee.phone\" class=\"employee-contact--item employee-contact--phone\">\n                <span>Telefon:<\/span>\n\n                <a :href=\"'tel:'+employee.phone\">{{ employee.phone }}<\/a>\n            <\/div>\n\n            <a href=\"#\" @click.prevent=\"toggleModal(employee)\" class=\"employee-send-email\">Send e-post<\/a>\n        <\/div>\n    <\/div>\n<\/div>        <\/div>\n    <\/div>","protected":false},"excerpt":{"rendered":"<p>Den profesjonelle fiskeren stiller h\u00f8ye krav til utstyret sitt , og derfor produserer vi sn\u00f8krabbeteiner av h\u00f8y kvalitet.<\/p>\n","protected":false},"featured_media":10866,"parent":0,"template":"","tags":[],"product_categories":[],"class_list":["post-11934","product","type-product","status-publish","has-post-thumbnail","hentry"],"acf":[],"yoast_head":"<!-- This site is optimized with the Yoast SEO plugin v27.5 - https:\/\/yoast.com\/product\/yoast-seo-wordpress\/ -->\n<title>Sn\u00f8krabbeteiner - V\u00f3nin<\/title>\n<meta name=\"robots\" content=\"index, follow, max-snippet:-1, max-image-preview:large, max-video-preview:-1\" \/>\n<link rel=\"canonical\" href=\"https:\/\/www.vonin.com\/no\/product\/snokrabbeteiner\/\" \/>\n<meta property=\"og:locale\" content=\"nb_NO\" \/>\n<meta property=\"og:type\" content=\"article\" \/>\n<meta property=\"og:title\" content=\"Sn\u00f8krabbeteiner - V\u00f3nin\" \/>\n<meta property=\"og:description\" content=\"Den profesjonelle fiskeren stiller h\u00f8ye krav til utstyret sitt , og derfor produserer vi sn\u00f8krabbeteiner av h\u00f8y kvalitet.\" \/>\n<meta property=\"og:url\" content=\"https:\/\/www.vonin.com\/no\/product\/snokrabbeteiner\/\" \/>\n<meta property=\"og:site_name\" content=\"V\u00f3nin\" \/>\n<meta property=\"article:modified_time\" content=\"2023-03-14T09:46:12+00:00\" \/>\n<meta property=\"og:image\" content=\"https:\/\/www.vonin.com\/wp-content\/uploads\/2021\/03\/vonin-crab-pots-1-scaled.jpg\" \/>\n\t<meta property=\"og:image:width\" content=\"2560\" \/>\n\t<meta property=\"og:image:height\" content=\"1731\" \/>\n\t<meta property=\"og:image:type\" content=\"image\/jpeg\" \/>\n<meta name=\"twitter:card\" content=\"summary_large_image\" \/>\n<meta name=\"twitter:label1\" content=\"Ansl. lesetid\" \/>\n\t<meta name=\"twitter:data1\" content=\"2 minutter\" \/>\n<script type=\"application\/ld+json\" class=\"yoast-schema-graph\">{\"@context\":\"https:\\\/\\\/schema.org\",\"@graph\":[{\"@type\":\"WebPage\",\"@id\":\"https:\\\/\\\/www.vonin.com\\\/no\\\/product\\\/snokrabbeteiner\\\/\",\"url\":\"https:\\\/\\\/www.vonin.com\\\/no\\\/product\\\/snokrabbeteiner\\\/\",\"name\":\"Sn\u00f8krabbeteiner - V\u00f3nin\",\"isPartOf\":{\"@id\":\"https:\\\/\\\/www.vonin.com\\\/#website\"},\"primaryImageOfPage\":{\"@id\":\"https:\\\/\\\/www.vonin.com\\\/no\\\/product\\\/snokrabbeteiner\\\/#primaryimage\"},\"image\":{\"@id\":\"https:\\\/\\\/www.vonin.com\\\/no\\\/product\\\/snokrabbeteiner\\\/#primaryimage\"},\"thumbnailUrl\":\"https:\\\/\\\/www.vonin.com\\\/wp-content\\\/uploads\\\/2021\\\/03\\\/vonin-crab-pots-1-scaled.jpg\",\"datePublished\":\"2022-10-06T14:13:55+00:00\",\"dateModified\":\"2023-03-14T09:46:12+00:00\",\"breadcrumb\":{\"@id\":\"https:\\\/\\\/www.vonin.com\\\/no\\\/product\\\/snokrabbeteiner\\\/#breadcrumb\"},\"inLanguage\":\"nb-NO\",\"potentialAction\":[{\"@type\":\"ReadAction\",\"target\":[\"https:\\\/\\\/www.vonin.com\\\/no\\\/product\\\/snokrabbeteiner\\\/\"]}]},{\"@type\":\"ImageObject\",\"inLanguage\":\"nb-NO\",\"@id\":\"https:\\\/\\\/www.vonin.com\\\/no\\\/product\\\/snokrabbeteiner\\\/#primaryimage\",\"url\":\"https:\\\/\\\/www.vonin.com\\\/wp-content\\\/uploads\\\/2021\\\/03\\\/vonin-crab-pots-1-scaled.jpg\",\"contentUrl\":\"https:\\\/\\\/www.vonin.com\\\/wp-content\\\/uploads\\\/2021\\\/03\\\/vonin-crab-pots-1-scaled.jpg\",\"width\":2560,\"height\":1731},{\"@type\":\"BreadcrumbList\",\"@id\":\"https:\\\/\\\/www.vonin.com\\\/no\\\/product\\\/snokrabbeteiner\\\/#breadcrumb\",\"itemListElement\":[{\"@type\":\"ListItem\",\"position\":1,\"name\":\"V\u00f3nin\",\"item\":\"https:\\\/\\\/www.vonin.com\\\/no\\\/\"},{\"@type\":\"ListItem\",\"position\":2,\"name\":\"V\u00f8rur\",\"item\":\"https:\\\/\\\/www.vonin.com\\\/product\\\/\"},{\"@type\":\"ListItem\",\"position\":3,\"name\":\"Sn\u00f8krabbeteiner\"}]},{\"@type\":\"WebSite\",\"@id\":\"https:\\\/\\\/www.vonin.com\\\/#website\",\"url\":\"https:\\\/\\\/www.vonin.com\\\/\",\"name\":\"V\u00f3nin\",\"description\":\"V\u00f3nin is a major developer and manufacturer of high quality fishing gear and aquaculture equipment as well as supplying equipment to the offshore industry and land based industry.\",\"potentialAction\":[{\"@type\":\"SearchAction\",\"target\":{\"@type\":\"EntryPoint\",\"urlTemplate\":\"https:\\\/\\\/www.vonin.com\\\/?s={search_term_string}\"},\"query-input\":{\"@type\":\"PropertyValueSpecification\",\"valueRequired\":true,\"valueName\":\"search_term_string\"}}],\"inLanguage\":\"nb-NO\"}]}<\/script>\n<!-- \/ Yoast SEO plugin. -->","yoast_head_json":{"title":"Sn\u00f8krabbeteiner - V\u00f3nin","robots":{"index":"index","follow":"follow","max-snippet":"max-snippet:-1","max-image-preview":"max-image-preview:large","max-video-preview":"max-video-preview:-1"},"canonical":"https:\/\/www.vonin.com\/no\/product\/snokrabbeteiner\/","og_locale":"nb_NO","og_type":"article","og_title":"Sn\u00f8krabbeteiner - V\u00f3nin","og_description":"Den profesjonelle fiskeren stiller h\u00f8ye krav til utstyret sitt , og derfor produserer vi sn\u00f8krabbeteiner av h\u00f8y kvalitet.","og_url":"https:\/\/www.vonin.com\/no\/product\/snokrabbeteiner\/","og_site_name":"V\u00f3nin","article_modified_time":"2023-03-14T09:46:12+00:00","og_image":[{"width":2560,"height":1731,"url":"https:\/\/www.vonin.com\/wp-content\/uploads\/2021\/03\/vonin-crab-pots-1-scaled.jpg","type":"image\/jpeg"}],"twitter_card":"summary_large_image","twitter_misc":{"Ansl. lesetid":"2 minutter"},"schema":{"@context":"https:\/\/schema.org","@graph":[{"@type":"WebPage","@id":"https:\/\/www.vonin.com\/no\/product\/snokrabbeteiner\/","url":"https:\/\/www.vonin.com\/no\/product\/snokrabbeteiner\/","name":"Sn\u00f8krabbeteiner - V\u00f3nin","isPartOf":{"@id":"https:\/\/www.vonin.com\/#website"},"primaryImageOfPage":{"@id":"https:\/\/www.vonin.com\/no\/product\/snokrabbeteiner\/#primaryimage"},"image":{"@id":"https:\/\/www.vonin.com\/no\/product\/snokrabbeteiner\/#primaryimage"},"thumbnailUrl":"https:\/\/www.vonin.com\/wp-content\/uploads\/2021\/03\/vonin-crab-pots-1-scaled.jpg","datePublished":"2022-10-06T14:13:55+00:00","dateModified":"2023-03-14T09:46:12+00:00","breadcrumb":{"@id":"https:\/\/www.vonin.com\/no\/product\/snokrabbeteiner\/#breadcrumb"},"inLanguage":"nb-NO","potentialAction":[{"@type":"ReadAction","target":["https:\/\/www.vonin.com\/no\/product\/snokrabbeteiner\/"]}]},{"@type":"ImageObject","inLanguage":"nb-NO","@id":"https:\/\/www.vonin.com\/no\/product\/snokrabbeteiner\/#primaryimage","url":"https:\/\/www.vonin.com\/wp-content\/uploads\/2021\/03\/vonin-crab-pots-1-scaled.jpg","contentUrl":"https:\/\/www.vonin.com\/wp-content\/uploads\/2021\/03\/vonin-crab-pots-1-scaled.jpg","width":2560,"height":1731},{"@type":"BreadcrumbList","@id":"https:\/\/www.vonin.com\/no\/product\/snokrabbeteiner\/#breadcrumb","itemListElement":[{"@type":"ListItem","position":1,"name":"V\u00f3nin","item":"https:\/\/www.vonin.com\/no\/"},{"@type":"ListItem","position":2,"name":"V\u00f8rur","item":"https:\/\/www.vonin.com\/product\/"},{"@type":"ListItem","position":3,"name":"Sn\u00f8krabbeteiner"}]},{"@type":"WebSite","@id":"https:\/\/www.vonin.com\/#website","url":"https:\/\/www.vonin.com\/","name":"V\u00f3nin","description":"V\u00f3nin is a major developer and manufacturer of high quality fishing gear and aquaculture equipment as well as supplying equipment to the offshore industry and land based industry.","potentialAction":[{"@type":"SearchAction","target":{"@type":"EntryPoint","urlTemplate":"https:\/\/www.vonin.com\/?s={search_term_string}"},"query-input":{"@type":"PropertyValueSpecification","valueRequired":true,"valueName":"search_term_string"}}],"inLanguage":"nb-NO"}]}},"_links":{"self":[{"href":"https:\/\/www.vonin.com\/no\/wp-json\/wp\/v2\/product\/11934","targetHints":{"allow":["GET"]}}],"collection":[{"href":"https:\/\/www.vonin.com\/no\/wp-json\/wp\/v2\/product"}],"about":[{"href":"https:\/\/www.vonin.com\/no\/wp-json\/wp\/v2\/types\/product"}],"wp:featuredmedia":[{"embeddable":true,"href":"https:\/\/www.vonin.com\/no\/wp-json\/wp\/v2\/media\/10866"}],"wp:attachment":[{"href":"https:\/\/www.vonin.com\/no\/wp-json\/wp\/v2\/media?parent=11934"}],"wp:term":[{"taxonomy":"post_tag","embeddable":true,"href":"https:\/\/www.vonin.com\/no\/wp-json\/wp\/v2\/tags?post=11934"},{"taxonomy":"product_categories","embeddable":true,"href":"https:\/\/www.vonin.com\/no\/wp-json\/wp\/v2\/product_categories?post=11934"}],"curies":[{"name":"wp","href":"https:\/\/api.w.org\/{rel}","templated":true}]}}