{"id":38556,"date":"2024-05-23T13:27:56","date_gmt":"2024-05-23T13:27:56","guid":{"rendered":"https:\/\/www.vonin.com\/?page_id=38556"},"modified":"2024-05-23T13:35:31","modified_gmt":"2024-05-23T13:35:31","slug":"avtalevilkar","status":"publish","type":"page","link":"https:\/\/www.vonin.com\/no\/avtalevilkar\/","title":{"rendered":"Avtalevilk\u00e5r"},"content":{"rendered":"\n<div style=\"height:120px\" aria-hidden=\"true\" class=\"wp-block-spacer\"><\/div>\n\n\n\n<h2 class=\"wp-block-heading\">Avtalevilk\u00e5r for oppbevaringstjeneste<\/h2>\n\n\n\n<p>Sist oppdatert 2024.03.11<\/p>\n\n\n\n<div style=\"height:60px\" aria-hidden=\"true\" class=\"wp-block-spacer\"><\/div>\n\n\n\n<h5 class=\"wp-block-heading has-black-color has-text-color has-link-color wp-elements-9dbb56718967ca3030366facb168c9bf\">Pris<\/h5>\n\n\n\n<p>Pris p\u00e5 oppbevaringstjenesten med tilh\u00f8rende tilleggstjenester avtales direkte mellom partene. Pris kan blant annet beregnes med utgangspunkt i volum, enheter, timepris m.v. Dersom prisen ikke er avtalt s\u00e6rskilt i forkant av oppstart p\u00e5 oppbevaringstjenesten aksepterer kunden den pris V\u00f3nin Refa AS fakturerer.<\/p>\n\n\n\n<p>V\u00f3nin Refa AS forbeholder seg retten til \u00e5 justere prisen p\u00e5 oppbevaringstjenesten uten at det sendes s\u00e6rskilt varsel om endring med mindre annet er s\u00e6rskilt skriftlig avtalt med kunden.<\/p>\n\n\n\n<div style=\"height:30px\" aria-hidden=\"true\" class=\"wp-block-spacer\"><\/div>\n\n\n\n<h5 class=\"wp-block-heading has-black-color has-text-color has-link-color wp-elements-85589cf30d1062d7576c683c652c8b3b\">Fornyelse av oppbevaringstjenesten<\/h5>\n\n\n\n<p>Oppbevaringstjenesten fornyes automatisk og faktureres for to m\u00e5neder av gangen, regnet fra oppstartsdato for tjenesten med mindre annet er skriftlig avtalt med kunden. <\/p>\n\n\n\n<p>Dersom varen som oppbevares selges eller p\u00e5 annen m\u00e5te overdras til ny eier mens den oppbevares av V\u00f3nin Refa AS, skal V\u00f3nin Refa AS skriftlig underrettes om dette.<\/p>\n\n\n\n<p>Kunde som har inng\u00e5tt avtale med V\u00f3nin Refa AS om oppbevaring, er ansvarlig for \u00e5 betale vederlaget for oppbevaringstjenesten i henhold til denne avtale til tross for at varen har f\u00e5tt ny eier, med mindre V\u00f3nin Refa AS skriftlig har samtykket i annet.<\/p>\n\n\n\n<div style=\"height:30px\" aria-hidden=\"true\" class=\"wp-block-spacer\"><\/div>\n\n\n\n<h5 class=\"wp-block-heading has-black-color has-text-color has-link-color wp-elements-93c502ccf7baf901812915715bde2b43\">Oppbevaringstjenesten<\/h5>\n\n\n\n<p>Kunden aksepterer at varen oppbevares i henhold til de til enhver tid tilgjengelige oppbevaringskapasiteter. Dette inneb\u00e6rer en variasjon fra, men ikke begrenset til, oppbevaring under tak i binge, utend\u00f8rs p\u00e5 kai under presenning, bigbag, i hall m.v. Oppbevaringsfasiliteter kan variere gjennom oppbevaringsperioden.<\/p>\n\n\n\n<p>V\u00f3nin Refa AS skal fors\u00f8ke, men er ikke forpliktet til \u00e5 underrette kunden om oppbevaringsfasiliteter.<\/p>\n\n\n\n<p>V\u00f3nin Refa AS skal ved ut\u00f8velsen av oppbevaringstjenesten utvise tilb\u00f8rlig omsorg for varen.<\/p>\n\n\n\n<div style=\"height:30px\" aria-hidden=\"true\" class=\"wp-block-spacer\"><\/div>\n\n\n\n<h5 class=\"wp-block-heading has-black-color has-text-color has-link-color wp-elements-269678ee2ab025fe6bf5b5863c5b85f9\">Ansvar<\/h5>\n\n\n\n<p>V\u00f3nin Refa AS har ikke og p\u00e5tar seg intet ansvar for det som oppbevares p\u00e5 vegne av kunden hva gjelder skader eller tap som oppst\u00e5r p\u00e5 de oppbevarte eiendelene.<\/p>\n\n\n\n<p>Kunden selv er ansvarlig for eventuelle skader\/tap som oppst\u00e5r p\u00e5 eiendelen(e) som ledd i oppbevaringstjenesten, inkludert eventuelle skader som oppst\u00e5r ved levering og henting. V\u00f3nin Refa AS er ansvarsfri for alle direkte, s\u00e5 vel som indirekte tap som kunden eventuelt m\u00e5tte bli p\u00e5f\u00f8rt.<\/p>\n\n\n\n<p>V\u00f3nin Refa AS er heller ikke ansvarlig for kundens eget mannskap eller annet mannskap som p\u00e5 vegne av kunde utf\u00f8rer handlinger relatert, men ikke avgrenset til levering av vare for oppbevaring, henting av vare, legging av vare i binge m.v. Kunde er selv ansvarlig for at eget personell eller personell som opptrer p\u00e5 vegne av kunde og som bist\u00e5r med slike prosesser har n\u00f8dvendige kvalifikasjoner, oppl\u00e6ring, kursing og at deres handlinger er dekket av kundens egen forsikring.<\/p>\n\n\n\n<div style=\"height:30px\" aria-hidden=\"true\" class=\"wp-block-spacer\"><\/div>\n\n\n\n<h5 class=\"wp-block-heading has-black-color has-text-color has-link-color wp-elements-682db2f3d7724576dec212b3d8d93d84\">Force majeure:<\/h5>\n\n\n\n<p>V\u00f3nin Refa AS er ikke ansvarlig for manglende oppfyllelse av oppbevaringstjenesten ved hindringer utenfor rimelig kontroll, som brann, naturkatastrofer, krig, epidemier, pandemi, streik, vesentlige lovendringer, offentlige p\u00e5legg og lignende. Ansvarsfritaket gjelder ogs\u00e5 for direkte eller indirekte tap, skader p\u00e5 personer eller eiendom, eller andre konsekvenstap for\u00e5rsaket i relasjon til oppbevaringstjenesten.<\/p>\n\n\n\n<p>Ved tilfeller hvor lageret blir \u00f8delagt, uansett \u00e5rsak, opph\u00f8rer leieavtalen automatisk. I slike tilfeller er ikke V\u00f3nin Refa AS forpliktet til \u00e5 tilby leietaker et erstatningslager, verken f\u00f8r eller etter eventuell ombygging eller oppf\u00f8ring av nytt lagerbygg.<\/p>\n\n\n\n<div style=\"height:30px\" aria-hidden=\"true\" class=\"wp-block-spacer\"><\/div>\n\n\n\n<h5 class=\"wp-block-heading has-black-color has-text-color has-link-color wp-elements-8d83d6b14911f8b779f752d2d3ed81c3\">Forsikring<\/h5>\n\n\n\n<p>Kunden er selv ansvarlig for \u00e5 holde sitt utstyr tilstrekkelig forsikret mens det er til oppbevaring hos utleier, samt mens det er i<br>transport innenfor (internlogistikk) og til og fra utleier sine anlegg.<\/p>\n\n\n\n<div style=\"height:30px\" aria-hidden=\"true\" class=\"wp-block-spacer\"><\/div>\n\n\n\n<h5 class=\"wp-block-heading has-black-color has-text-color has-link-color wp-elements-9ab9a26855b796f55d61d47b47337efb\">Levering<\/h5>\n\n\n\n<p>Tidspunkt for levering av eiendel for oppbevaring skal avtales med V\u00f3nin Refa AS innen rimelig tid f\u00f8r avlevering. Kunden er selv ansvarlig for avlevering av eiendelen. <\/p>\n\n\n\n<p>Ved avlevering skal kunden p\u00e5se at eiendelen avleveres i henhold til avtale og V\u00f3nin Refa AS sine mottaksrutiner. Varen skal v\u00e6re tydelig merket med kundens navn og kontaktinformasjon. <\/p>\n\n\n\n<p>Kunden er ansvarlig for \u00e5 avklare rutiner og krav med V\u00f3nin Refa AS.<\/p>\n\n\n\n<div style=\"height:30px\" aria-hidden=\"true\" class=\"wp-block-spacer\"><\/div>\n\n\n\n<h5 class=\"wp-block-heading has-black-color has-text-color has-link-color wp-elements-0af6f767b7d34e7167ffaf3e8aa8ef12\">Tilstand p\u00e5 eiendel ved avlevering<\/h5>\n\n\n\n<p>V\u00f3nin Refa AS har intet ansvar for eiendelens tilstand ved levering og under oppbevaring herunder, men ikke begrenset til, eventuelt organisk avfall i eiendelen.<\/p>\n\n\n\n<p>Av hensyn til egne og andres lagrede eiendeler og oppbevaringsfasiliteter skal kunde tilstrebe at eiendelen inneholder minst mulig organisk avfall forut for levering til utleier for oppbevaring.<\/p>\n\n\n\n<p>Kunden er innforst\u00e5tt med at det vil kunne v\u00e6re organisk avfall p\u00e5 egen og andres varer som oppbevares hos V\u00f3nin Refa AS med de utfordringer som dette kan medf\u00f8re med for eksempel skadedyr.<\/p>\n\n\n\n<div style=\"height:30px\" aria-hidden=\"true\" class=\"wp-block-spacer\"><\/div>\n\n\n\n<h5 class=\"wp-block-heading has-black-color has-text-color has-link-color wp-elements-9c244ebc6101683cf30cabd4a4d0f990\">Henting<\/h5>\n\n\n\n<p>Avhenting av eiendelen skal avtales i rimelig tid i forkant av \u00f8nsket tidspunkt for avhenting.<\/p>\n\n\n\n<div style=\"height:30px\" aria-hidden=\"true\" class=\"wp-block-spacer\"><\/div>\n\n\n\n<h5 class=\"wp-block-heading has-black-color has-text-color has-link-color wp-elements-6bb6472744c32ac67c852108837ece2a\">Leietakers mislighold<\/h5>\n\n\n\n<p>Ved vesentlig leieavtalemislighold kan V\u00f3nin Refa AS heve avtalen og kreve umiddelbar avhenting av oppbevarte eiendeler. V\u00f3nin Refa AS kan tilbakeholde eiendelene og kreve sikkerhet for alle krav mot leietaker, inkludert omkostninger fra misligholdet, inntil utest\u00e5ende bel\u00f8p er betalt.<\/p>\n\n\n\n<p>Ved vedvarende ubetalt leie, oversendes kravet til V\u00f3nin Refa AS sin inkassoforbindelse. Ved betalingsmislighold fortsetter kundens betalingsforpliktelse. Eiendelen kan flyttes for kundens regning. Hvis oppbevaringskostnadene blir urimelige eller betaling uteblir lenge, kan eiendelen Ternes for kundens regning.<\/p>\n\n\n\n<p>Ved vesentlig mislighold av kundens forpliktelser i henhold til denne leieavtalen, har V\u00f3nin Refa AS rett til \u00e5 heve avtalen med<br>umiddelbar virkning.<\/p>\n\n\n\n<div style=\"height:30px\" aria-hidden=\"true\" class=\"wp-block-spacer\"><\/div>\n\n\n\n<h5 class=\"wp-block-heading has-black-color has-text-color has-link-color wp-elements-11671d99ca195ef2521f892335862db2\">Ukjent eier av varen og hittegods<\/h5>\n\n\n\n<p>Dersom eier av vare som oppbevares skulle bli ukjent, uansett \u00e5rsak, vil V\u00f3nin Refa AS anse varen(e) med ukjent eier som hittegods, jf. lov om hittegods \u00a7 3 tredje ledd. Hittegodset (den oppbevarte vare) vil da behandles i henhold lov om hittegods sine regler og potensielt selges til 3. part. Kunde er innforst\u00e5tt med dette og aksepterer en slik behandling ved ukjent eierskap.<\/p>\n\n\n\n<div style=\"height:60px\" aria-hidden=\"true\" class=\"wp-block-spacer\"><\/div>\n","protected":false},"excerpt":{"rendered":"<p>Avtalevilk\u00e5r for oppbevaringstjeneste Sist oppdatert 2024.03.11 Pris Pris p\u00e5 oppbevaringstjenesten med tilh\u00f8rende tilleggstjenester avtales direkte mellom partene. Pris kan blant annet beregnes med utgangspunkt i volum, enheter, timepris m.v. Dersom prisen ikke er avtalt s\u00e6rskilt i forkant av oppstart p\u00e5 oppbevaringstjenesten aksepterer kunden den pris V\u00f3nin Refa AS fakturerer. V\u00f3nin Refa AS forbeholder seg retten [&hellip;]<\/p>\n","protected":false},"author":3,"featured_media":0,"parent":0,"menu_order":0,"comment_status":"closed","ping_status":"closed","template":"","meta":{"_acf_changed":false,"content-type":"","footnotes":""},"class_list":["post-38556","page","type-page","status-publish","hentry"],"acf":[],"yoast_head":"<!-- This site is optimized with the Yoast SEO plugin v27.4 - https:\/\/yoast.com\/product\/yoast-seo-wordpress\/ -->\n<title>Avtalevilk\u00e5r - V\u00f3nin<\/title>\n<meta name=\"robots\" content=\"index, follow, max-snippet:-1, max-image-preview:large, max-video-preview:-1\" \/>\n<link rel=\"canonical\" href=\"https:\/\/www.vonin.com\/no\/avtalevilkar\/\" \/>\n<meta property=\"og:locale\" content=\"nb_NO\" \/>\n<meta property=\"og:type\" content=\"article\" \/>\n<meta property=\"og:title\" content=\"Avtalevilk\u00e5r - V\u00f3nin\" \/>\n<meta property=\"og:description\" content=\"Avtalevilk\u00e5r for oppbevaringstjeneste Sist oppdatert 2024.03.11 Pris Pris p\u00e5 oppbevaringstjenesten med tilh\u00f8rende tilleggstjenester avtales direkte mellom partene. Pris kan blant annet beregnes med utgangspunkt i volum, enheter, timepris m.v. Dersom prisen ikke er avtalt s\u00e6rskilt i forkant av oppstart p\u00e5 oppbevaringstjenesten aksepterer kunden den pris V\u00f3nin Refa AS fakturerer. V\u00f3nin Refa AS forbeholder seg retten [&hellip;]\" \/>\n<meta property=\"og:url\" content=\"https:\/\/www.vonin.com\/no\/avtalevilkar\/\" \/>\n<meta property=\"og:site_name\" content=\"V\u00f3nin\" \/>\n<meta property=\"article:modified_time\" content=\"2024-05-23T13:35:31+00:00\" \/>\n<meta name=\"twitter:card\" content=\"summary_large_image\" \/>\n<meta name=\"twitter:label1\" content=\"Ansl. lesetid\" \/>\n\t<meta name=\"twitter:data1\" content=\"5 minutter\" \/>\n<script type=\"application\/ld+json\" class=\"yoast-schema-graph\">{\"@context\":\"https:\\\/\\\/schema.org\",\"@graph\":[{\"@type\":\"WebPage\",\"@id\":\"https:\\\/\\\/www.vonin.com\\\/no\\\/avtalevilkar\\\/\",\"url\":\"https:\\\/\\\/www.vonin.com\\\/no\\\/avtalevilkar\\\/\",\"name\":\"Avtalevilk\u00e5r - V\u00f3nin\",\"isPartOf\":{\"@id\":\"https:\\\/\\\/www.vonin.com\\\/#website\"},\"datePublished\":\"2024-05-23T13:27:56+00:00\",\"dateModified\":\"2024-05-23T13:35:31+00:00\",\"breadcrumb\":{\"@id\":\"https:\\\/\\\/www.vonin.com\\\/no\\\/avtalevilkar\\\/#breadcrumb\"},\"inLanguage\":\"nb-NO\",\"potentialAction\":[{\"@type\":\"ReadAction\",\"target\":[\"https:\\\/\\\/www.vonin.com\\\/no\\\/avtalevilkar\\\/\"]}]},{\"@type\":\"BreadcrumbList\",\"@id\":\"https:\\\/\\\/www.vonin.com\\\/no\\\/avtalevilkar\\\/#breadcrumb\",\"itemListElement\":[{\"@type\":\"ListItem\",\"position\":1,\"name\":\"V\u00f3nin\",\"item\":\"https:\\\/\\\/www.vonin.com\\\/no\\\/\"},{\"@type\":\"ListItem\",\"position\":2,\"name\":\"Avtalevilk\u00e5r\"}]},{\"@type\":\"WebSite\",\"@id\":\"https:\\\/\\\/www.vonin.com\\\/#website\",\"url\":\"https:\\\/\\\/www.vonin.com\\\/\",\"name\":\"V\u00f3nin\",\"description\":\"V\u00f3nin is a major developer and manufacturer of high quality fishing gear and aquaculture equipment as well as supplying equipment to the offshore industry and land based industry.\",\"potentialAction\":[{\"@type\":\"SearchAction\",\"target\":{\"@type\":\"EntryPoint\",\"urlTemplate\":\"https:\\\/\\\/www.vonin.com\\\/?s={search_term_string}\"},\"query-input\":{\"@type\":\"PropertyValueSpecification\",\"valueRequired\":true,\"valueName\":\"search_term_string\"}}],\"inLanguage\":\"nb-NO\"}]}<\/script>\n<!-- \/ Yoast SEO plugin. -->","yoast_head_json":{"title":"Avtalevilk\u00e5r - V\u00f3nin","robots":{"index":"index","follow":"follow","max-snippet":"max-snippet:-1","max-image-preview":"max-image-preview:large","max-video-preview":"max-video-preview:-1"},"canonical":"https:\/\/www.vonin.com\/no\/avtalevilkar\/","og_locale":"nb_NO","og_type":"article","og_title":"Avtalevilk\u00e5r - V\u00f3nin","og_description":"Avtalevilk\u00e5r for oppbevaringstjeneste Sist oppdatert 2024.03.11 Pris Pris p\u00e5 oppbevaringstjenesten med tilh\u00f8rende tilleggstjenester avtales direkte mellom partene. Pris kan blant annet beregnes med utgangspunkt i volum, enheter, timepris m.v. Dersom prisen ikke er avtalt s\u00e6rskilt i forkant av oppstart p\u00e5 oppbevaringstjenesten aksepterer kunden den pris V\u00f3nin Refa AS fakturerer. V\u00f3nin Refa AS forbeholder seg retten [&hellip;]","og_url":"https:\/\/www.vonin.com\/no\/avtalevilkar\/","og_site_name":"V\u00f3nin","article_modified_time":"2024-05-23T13:35:31+00:00","twitter_card":"summary_large_image","twitter_misc":{"Ansl. lesetid":"5 minutter"},"schema":{"@context":"https:\/\/schema.org","@graph":[{"@type":"WebPage","@id":"https:\/\/www.vonin.com\/no\/avtalevilkar\/","url":"https:\/\/www.vonin.com\/no\/avtalevilkar\/","name":"Avtalevilk\u00e5r - V\u00f3nin","isPartOf":{"@id":"https:\/\/www.vonin.com\/#website"},"datePublished":"2024-05-23T13:27:56+00:00","dateModified":"2024-05-23T13:35:31+00:00","breadcrumb":{"@id":"https:\/\/www.vonin.com\/no\/avtalevilkar\/#breadcrumb"},"inLanguage":"nb-NO","potentialAction":[{"@type":"ReadAction","target":["https:\/\/www.vonin.com\/no\/avtalevilkar\/"]}]},{"@type":"BreadcrumbList","@id":"https:\/\/www.vonin.com\/no\/avtalevilkar\/#breadcrumb","itemListElement":[{"@type":"ListItem","position":1,"name":"V\u00f3nin","item":"https:\/\/www.vonin.com\/no\/"},{"@type":"ListItem","position":2,"name":"Avtalevilk\u00e5r"}]},{"@type":"WebSite","@id":"https:\/\/www.vonin.com\/#website","url":"https:\/\/www.vonin.com\/","name":"V\u00f3nin","description":"V\u00f3nin is a major developer and manufacturer of high quality fishing gear and aquaculture equipment as well as supplying equipment to the offshore industry and land based industry.","potentialAction":[{"@type":"SearchAction","target":{"@type":"EntryPoint","urlTemplate":"https:\/\/www.vonin.com\/?s={search_term_string}"},"query-input":{"@type":"PropertyValueSpecification","valueRequired":true,"valueName":"search_term_string"}}],"inLanguage":"nb-NO"}]}},"_links":{"self":[{"href":"https:\/\/www.vonin.com\/no\/wp-json\/wp\/v2\/pages\/38556","targetHints":{"allow":["GET"]}}],"collection":[{"href":"https:\/\/www.vonin.com\/no\/wp-json\/wp\/v2\/pages"}],"about":[{"href":"https:\/\/www.vonin.com\/no\/wp-json\/wp\/v2\/types\/page"}],"author":[{"embeddable":true,"href":"https:\/\/www.vonin.com\/no\/wp-json\/wp\/v2\/users\/3"}],"replies":[{"embeddable":true,"href":"https:\/\/www.vonin.com\/no\/wp-json\/wp\/v2\/comments?post=38556"}],"version-history":[{"count":10,"href":"https:\/\/www.vonin.com\/no\/wp-json\/wp\/v2\/pages\/38556\/revisions"}],"predecessor-version":[{"id":38572,"href":"https:\/\/www.vonin.com\/no\/wp-json\/wp\/v2\/pages\/38556\/revisions\/38572"}],"wp:attachment":[{"href":"https:\/\/www.vonin.com\/no\/wp-json\/wp\/v2\/media?parent=38556"}],"curies":[{"name":"wp","href":"https:\/\/api.w.org\/{rel}","templated":true}]}}