{"id":276450,"date":"2025-09-16T14:41:16","date_gmt":"2025-09-16T14:41:16","guid":{"rendered":"https:\/\/www.vonin.com\/?page_id=276450"},"modified":"2025-09-16T14:44:49","modified_gmt":"2025-09-16T14:44:49","slug":"salgsbetingelser","status":"publish","type":"page","link":"https:\/\/www.vonin.com\/no\/salgsbetingelser\/","title":{"rendered":"Salgsbetingelser"},"content":{"rendered":"\n<div style=\"height:50px\" aria-hidden=\"true\" class=\"wp-block-spacer\"><\/div>\n\n\n\n<h1 class=\"wp-block-heading\"><strong>GENERELLE SALGSBETINGELSER<\/strong><\/h1>\n\n\n\n<p><em>KS.3.03<\/em><br><a href=\"https:\/\/www.vonin.com\/wp-content\/uploads\/2025\/09\/VR_salgsbetingelser.pdf\">Se som PDF<\/a><\/p>\n\n\n\n<p>Disse generelle salgsbetingelser kommer til anvendelse dersom ikke annet er skriftlig avtalt med kunden.<\/p>\n\n\n\n<p><strong>Leveringstid<\/strong><\/p>\n\n\n\n<p>Oppgitt leveringstid er basert p\u00e5 tilgjengelig informasjon p\u00e5 ordretidspunkt. REFA forplikter seg til \u00e5 varsle om endringer i leveringstid utover 2 uker.<\/p>\n\n\n\n<p><strong>Leveringsbetingelser<\/strong><\/p>\n\n\n\n<p>Varer leveres DAP (Incoterms 2020) om ikke annet fremg\u00e5r av ordrebekreftelse.<\/p>\n\n\n\n<p>Frakt viderefaktureres kunde.<\/p>\n\n\n\n<p>Kunden belastes med kr. 75,- + mva i ekspedisjonsgebyr p\u00e5 ordrer som ikke betales kontant i kasse.<\/p>\n\n\n\n<p><strong>Betalingsbetingelser<\/strong><\/p>\n\n\n\n<p>Netto pr. 10 dager etter varelevering, forutsatt tilfredsstillende kredittvurdering eller betalingsgarantier. Ellers gjelder kontant oppgj\u00f8r ved levering.<\/p>\n\n\n\n<p>Ved forsinket betaling svarer kunden forsinkelsesrente iht. offentlig bestemte satser. I de fleste tilfeller brukes factoring.<\/p>\n\n\n\n<p><strong>Salgspant<\/strong><\/p>\n\n\n\n<p>Bedriften forbeholder seg salgspant i de solgte varer inntil varene er fullt betalt i overensstemmelse med pantelovens \u00a7 3-14 og \u00a7 3-22.<\/p>\n\n\n\n<p><strong>Prisendring<\/strong><\/p>\n\n\n\n<p>For varer med lang leveringstid-\/produksjonstid (over 2 mnd.) tas det forbehold om prisstigning p\u00e5 r\u00e5varer\/innkj\u00f8pte varer, og valutasvingninger i tiden fra bestilling mottas, produksjon oppstartes og varen er ferdig til levering.<\/p>\n\n\n\n<p>Oppdatert 16.08.2023, og gjelder inntil videre.<\/p>\n\n\n\n<p><strong>Reklamasjon\/retur<\/strong><\/p>\n\n\n\n<p>Kunden er forpliktet til \u00e5 kontrollere varen ved mottakelse. Eventuelle mangler m\u00e5 reklameres skriftlig omg\u00e5ende og senest innen 14 dager.<\/p>\n\n\n\n<p>Kan en mangel som f\u00f8lge av akseptert forhold f\u00f8rst oppdages senere, skal eventuell reklamasjon skje senest 3 m\u00e5neder etter levering.<\/p>\n\n\n\n<p>Bedriften fraskriver seg ethvert ansvar for eventuelle mangler som reklameres etter utl\u00f8pet av nevnte frister.<\/p>\n\n\n\n<p>Bedriftens ansvar er i alle tilfeller begrenset til \u00e5 rette mangelen. Ut over dette kan ikke noe krav gj\u00f8res gjeldende mot bedriften p\u00e5 grunn av mangler ved leveringen. Bedriften er s\u00e5ledes ikke ansvarlig for indirekte tap som nevnt i Kj\u00f8pslovens \u00a7 67, 2. ledd.<\/p>\n\n\n\n<p>Retur av varer skal kun skje etter n\u00e6rmere avtale med den avdeling som st\u00e5r som selger av varen. Ved godkjent retur skal det alltid ligge ved en skriftlig orientering om \u00e5rsak til returen og med henvisning til den avdeling og den person som har godkjent returen.<\/p>\n\n\n\n<p>Bedriften fraskriver seg ethvert ansvar for returer der ovennevnte prosedyre ikke er fulgt.<\/p>\n\n\n\n<p>Bedriften beregner returfrakt og gebyr p\u00e5 de varer der det ikke er reklamasjonsgrunn iht. Kj\u00f8psloven. St\u00f8rrelsen p\u00e5 gebyret vil variere med vareslag og kurans og avgj\u00f8res i hvert enkelt tilfelle.<\/p>\n\n\n\n<p>Ved transportskade skal transport\u00f8r ha kvittert p\u00e5 fraktbrev for skaden f\u00f8r reklamasjon er berettiget.<\/p>\n\n\n\n<div style=\"height:100px\" aria-hidden=\"true\" class=\"wp-block-spacer\"><\/div>\n","protected":false},"excerpt":{"rendered":"<p>GENERELLE SALGSBETINGELSER KS.3.03Se som PDF Disse generelle salgsbetingelser kommer til anvendelse dersom ikke annet er skriftlig avtalt med kunden. Leveringstid Oppgitt leveringstid er basert p\u00e5 tilgjengelig informasjon p\u00e5 ordretidspunkt. REFA forplikter seg til \u00e5 varsle om endringer i leveringstid utover 2 uker. Leveringsbetingelser Varer leveres DAP (Incoterms 2020) om ikke annet fremg\u00e5r av ordrebekreftelse. Frakt [&hellip;]<\/p>\n","protected":false},"author":1,"featured_media":0,"parent":0,"menu_order":0,"comment_status":"closed","ping_status":"closed","template":"","meta":{"_acf_changed":false,"content-type":"","footnotes":""},"class_list":["post-276450","page","type-page","status-publish","hentry"],"acf":[],"yoast_head":"<!-- This site is optimized with the Yoast SEO plugin v27.5 - https:\/\/yoast.com\/product\/yoast-seo-wordpress\/ -->\n<title>Salgsbetingelser - V\u00f3nin<\/title>\n<meta name=\"robots\" content=\"index, follow, max-snippet:-1, max-image-preview:large, max-video-preview:-1\" \/>\n<link rel=\"canonical\" href=\"https:\/\/www.vonin.com\/no\/salgsbetingelser\/\" \/>\n<meta property=\"og:locale\" content=\"nb_NO\" \/>\n<meta property=\"og:type\" content=\"article\" \/>\n<meta property=\"og:title\" content=\"Salgsbetingelser - V\u00f3nin\" \/>\n<meta property=\"og:description\" content=\"GENERELLE SALGSBETINGELSER KS.3.03Se som PDF Disse generelle salgsbetingelser kommer til anvendelse dersom ikke annet er skriftlig avtalt med kunden. Leveringstid Oppgitt leveringstid er basert p\u00e5 tilgjengelig informasjon p\u00e5 ordretidspunkt. REFA forplikter seg til \u00e5 varsle om endringer i leveringstid utover 2 uker. Leveringsbetingelser Varer leveres DAP (Incoterms 2020) om ikke annet fremg\u00e5r av ordrebekreftelse. Frakt [&hellip;]\" \/>\n<meta property=\"og:url\" content=\"https:\/\/www.vonin.com\/no\/salgsbetingelser\/\" \/>\n<meta property=\"og:site_name\" content=\"V\u00f3nin\" \/>\n<meta property=\"article:modified_time\" content=\"2025-09-16T14:44:49+00:00\" \/>\n<meta name=\"twitter:card\" content=\"summary_large_image\" \/>\n<meta name=\"twitter:label1\" content=\"Ansl. lesetid\" \/>\n\t<meta name=\"twitter:data1\" content=\"2 minutter\" \/>\n<script type=\"application\/ld+json\" class=\"yoast-schema-graph\">{\"@context\":\"https:\\\/\\\/schema.org\",\"@graph\":[{\"@type\":\"WebPage\",\"@id\":\"https:\\\/\\\/www.vonin.com\\\/no\\\/salgsbetingelser\\\/\",\"url\":\"https:\\\/\\\/www.vonin.com\\\/no\\\/salgsbetingelser\\\/\",\"name\":\"Salgsbetingelser - V\u00f3nin\",\"isPartOf\":{\"@id\":\"https:\\\/\\\/www.vonin.com\\\/#website\"},\"datePublished\":\"2025-09-16T14:41:16+00:00\",\"dateModified\":\"2025-09-16T14:44:49+00:00\",\"breadcrumb\":{\"@id\":\"https:\\\/\\\/www.vonin.com\\\/no\\\/salgsbetingelser\\\/#breadcrumb\"},\"inLanguage\":\"nb-NO\",\"potentialAction\":[{\"@type\":\"ReadAction\",\"target\":[\"https:\\\/\\\/www.vonin.com\\\/no\\\/salgsbetingelser\\\/\"]}]},{\"@type\":\"BreadcrumbList\",\"@id\":\"https:\\\/\\\/www.vonin.com\\\/no\\\/salgsbetingelser\\\/#breadcrumb\",\"itemListElement\":[{\"@type\":\"ListItem\",\"position\":1,\"name\":\"V\u00f3nin\",\"item\":\"https:\\\/\\\/www.vonin.com\\\/no\\\/\"},{\"@type\":\"ListItem\",\"position\":2,\"name\":\"Salgsbetingelser\"}]},{\"@type\":\"WebSite\",\"@id\":\"https:\\\/\\\/www.vonin.com\\\/#website\",\"url\":\"https:\\\/\\\/www.vonin.com\\\/\",\"name\":\"V\u00f3nin\",\"description\":\"V\u00f3nin is a major developer and manufacturer of high quality fishing gear and aquaculture equipment as well as supplying equipment to the offshore industry and land based industry.\",\"potentialAction\":[{\"@type\":\"SearchAction\",\"target\":{\"@type\":\"EntryPoint\",\"urlTemplate\":\"https:\\\/\\\/www.vonin.com\\\/?s={search_term_string}\"},\"query-input\":{\"@type\":\"PropertyValueSpecification\",\"valueRequired\":true,\"valueName\":\"search_term_string\"}}],\"inLanguage\":\"nb-NO\"}]}<\/script>\n<!-- \/ Yoast SEO plugin. -->","yoast_head_json":{"title":"Salgsbetingelser - V\u00f3nin","robots":{"index":"index","follow":"follow","max-snippet":"max-snippet:-1","max-image-preview":"max-image-preview:large","max-video-preview":"max-video-preview:-1"},"canonical":"https:\/\/www.vonin.com\/no\/salgsbetingelser\/","og_locale":"nb_NO","og_type":"article","og_title":"Salgsbetingelser - V\u00f3nin","og_description":"GENERELLE SALGSBETINGELSER KS.3.03Se som PDF Disse generelle salgsbetingelser kommer til anvendelse dersom ikke annet er skriftlig avtalt med kunden. Leveringstid Oppgitt leveringstid er basert p\u00e5 tilgjengelig informasjon p\u00e5 ordretidspunkt. REFA forplikter seg til \u00e5 varsle om endringer i leveringstid utover 2 uker. Leveringsbetingelser Varer leveres DAP (Incoterms 2020) om ikke annet fremg\u00e5r av ordrebekreftelse. Frakt [&hellip;]","og_url":"https:\/\/www.vonin.com\/no\/salgsbetingelser\/","og_site_name":"V\u00f3nin","article_modified_time":"2025-09-16T14:44:49+00:00","twitter_card":"summary_large_image","twitter_misc":{"Ansl. lesetid":"2 minutter"},"schema":{"@context":"https:\/\/schema.org","@graph":[{"@type":"WebPage","@id":"https:\/\/www.vonin.com\/no\/salgsbetingelser\/","url":"https:\/\/www.vonin.com\/no\/salgsbetingelser\/","name":"Salgsbetingelser - V\u00f3nin","isPartOf":{"@id":"https:\/\/www.vonin.com\/#website"},"datePublished":"2025-09-16T14:41:16+00:00","dateModified":"2025-09-16T14:44:49+00:00","breadcrumb":{"@id":"https:\/\/www.vonin.com\/no\/salgsbetingelser\/#breadcrumb"},"inLanguage":"nb-NO","potentialAction":[{"@type":"ReadAction","target":["https:\/\/www.vonin.com\/no\/salgsbetingelser\/"]}]},{"@type":"BreadcrumbList","@id":"https:\/\/www.vonin.com\/no\/salgsbetingelser\/#breadcrumb","itemListElement":[{"@type":"ListItem","position":1,"name":"V\u00f3nin","item":"https:\/\/www.vonin.com\/no\/"},{"@type":"ListItem","position":2,"name":"Salgsbetingelser"}]},{"@type":"WebSite","@id":"https:\/\/www.vonin.com\/#website","url":"https:\/\/www.vonin.com\/","name":"V\u00f3nin","description":"V\u00f3nin is a major developer and manufacturer of high quality fishing gear and aquaculture equipment as well as supplying equipment to the offshore industry and land based industry.","potentialAction":[{"@type":"SearchAction","target":{"@type":"EntryPoint","urlTemplate":"https:\/\/www.vonin.com\/?s={search_term_string}"},"query-input":{"@type":"PropertyValueSpecification","valueRequired":true,"valueName":"search_term_string"}}],"inLanguage":"nb-NO"}]}},"_links":{"self":[{"href":"https:\/\/www.vonin.com\/no\/wp-json\/wp\/v2\/pages\/276450","targetHints":{"allow":["GET"]}}],"collection":[{"href":"https:\/\/www.vonin.com\/no\/wp-json\/wp\/v2\/pages"}],"about":[{"href":"https:\/\/www.vonin.com\/no\/wp-json\/wp\/v2\/types\/page"}],"author":[{"embeddable":true,"href":"https:\/\/www.vonin.com\/no\/wp-json\/wp\/v2\/users\/1"}],"replies":[{"embeddable":true,"href":"https:\/\/www.vonin.com\/no\/wp-json\/wp\/v2\/comments?post=276450"}],"version-history":[{"count":6,"href":"https:\/\/www.vonin.com\/no\/wp-json\/wp\/v2\/pages\/276450\/revisions"}],"predecessor-version":[{"id":286398,"href":"https:\/\/www.vonin.com\/no\/wp-json\/wp\/v2\/pages\/276450\/revisions\/286398"}],"wp:attachment":[{"href":"https:\/\/www.vonin.com\/no\/wp-json\/wp\/v2\/media?parent=276450"}],"curies":[{"name":"wp","href":"https:\/\/api.w.org\/{rel}","templated":true}]}}