{"id":12138,"date":"2022-10-06T13:41:34","date_gmt":"2022-10-06T13:41:34","guid":{"rendered":"https:\/\/www.vonin.com\/?page_id=12138"},"modified":"2025-12-17T08:35:59","modified_gmt":"2025-12-17T08:35:59","slug":"line","status":"publish","type":"page","link":"https:\/\/www.vonin.com\/no\/fiskeutstyr\/line\/","title":{"rendered":"Line"},"content":{"rendered":"\n\n    <div id=\"video-cover-block_f466c9e896ac4e661c0932e546a05363\" class=\"beak-video-cover alignfull content-top\" style=\" min-height: 100vh;\">\n        \n        <div class=\"video-placeholder\" data-video-src=\"https:\/\/player.vimeo.com\/progressive_redirect\/playback\/762251012\/rendition\/1080p\/file.mp4?loc=external&#038;signature=3b8035d97f671e4945bc1e6c458f2a5091c66db0411e45dbef2ec08a42b13ab9\">\n            <!-- You can add a thumbnail or any placeholder content here -->\n        <\/div>\n\n        <div class=\"cover--content container\">\n            \n\n<h2 class=\"has-text-align-center wp-block-heading\"><strong>Line<\/strong><\/h2>\n\n\n\n<h3 class=\"has-text-align-center wp-block-heading\"><strong>Totalleverand\u00f8r til fiskerin\u00e6ringen<\/strong><\/h3>\n\n\n        <\/div>\n    <\/div>\n\n\n\n<div id=\"breadcrumbs-block_2ac216b314f839c514f536dd7ef4651e\" class=\"lunnar-breadcrumbs\">\n    \n    <p id=\"breadcrumbs\"><span><span><a href=\"https:\/\/www.vonin.com\/no\/\">V\u00f3nin<\/a><\/span><\/span><\/p>    \n<\/div>\n\n\n\n<div style=\"height:60px\" aria-hidden=\"true\" class=\"wp-block-spacer\"><\/div>\n\n\n\n<h2 class=\"wp-block-heading\">VI ER DER DET SKJER, N\u00c5R DET SKJER<\/h2>\n\n\n\n<p>Vonin Refa har salgskontorer og leveranseavdelinger for v\u00e5re kystfiskeprodukter fra Bod\u00f8 i s\u00f8r til Troms og Finnmark i nord med kunder fra hele landet, s\u00e5 det er bare \u00e5 ta kontakt for en god og l\u00f8nnsom handel.<\/p>\n\n\n\n<div style=\"height:60px\" aria-hidden=\"true\" class=\"wp-block-spacer\"><\/div>\n\n\n\n<div id=\"products-block_8c8e4d18f36cac637d2db04ffea31d16\" class=\"beak-products product-list\">\n\t    \n                    \n            \n<a href=\"https:\/\/www.vonin.com\/no\/product\/polarline\/\" class=\"product-card post-id-12206\">\n        <div class=\"product-card--content-image\">\n                                        <img loading=\"lazy\" decoding=\"async\" src=\"https:\/\/www.vonin.com\/wp-content\/uploads\/2022\/10\/polar-line-1-800x533.jpg\" width=\"800\" height=\"533\" alt=\"\" style=\"object-position: \">\n                        <\/div>\n\n        <div class=\"product-card--content-text\">\n                <div class=\"product-card--title\">Polarline<\/div>\n\n                <div class=\"product-card--description line-clamp\">V\u00f3nin Refa har utviklet polarlinen i et n\u00e6rt samarbeid med innovative fiskere. Linen er av god kvalitet med h\u00f8y bruddstyrke.<\/div>\n        <\/div>\n<\/a>        \n                            \n            \n<a href=\"https:\/\/www.vonin.com\/no\/product\/polar-monofil\/\" class=\"product-card post-id-12208\">\n        <div class=\"product-card--content-image\">\n                                        <img loading=\"lazy\" decoding=\"async\" src=\"https:\/\/www.vonin.com\/wp-content\/uploads\/2022\/10\/POLARLINE_M_PLASTIKKSSTOPPER-01-800x533.jpg\" width=\"800\" height=\"533\" alt=\"\" style=\"object-position: \">\n                        <\/div>\n\n        <div class=\"product-card--content-text\">\n                <div class=\"product-card--title\">Polarline Monofil<\/div>\n\n                <div class=\"product-card--description line-clamp\">V\u00e5r Polar monofil fiskeline har p\u00e5 kort tid blitt fiskerens f\u00f8rstevalg. Lina er utviklet i samarbeid med innovative fiskere.<\/div>\n        <\/div>\n<\/a>        \n                            \n            \n<a href=\"https:\/\/www.vonin.com\/no\/product\/kveitivad\/\" class=\"product-card post-id-12957\">\n        <div class=\"product-card--content-image\">\n                                        <img loading=\"lazy\" decoding=\"async\" src=\"https:\/\/www.vonin.com\/wp-content\/uploads\/2023\/02\/KVEITVAD-03-800x533.jpg\" width=\"800\" height=\"533\" alt=\"\" style=\"object-position: \">\n                        <\/div>\n\n        <div class=\"product-card--content-text\">\n                <div class=\"product-card--title\">Kveitevad<\/div>\n\n                <div class=\"product-card--description line-clamp\">Polarline mix er v\u00e5r kveiteline eller kveitevad som det ogs\u00e5 kalles. Vi leverer kveitelina i diverse tykkelser, lengder og antall swivel.<\/div>\n        <\/div>\n<\/a>        \n                            \n            \n<a href=\"https:\/\/www.vonin.com\/no\/product\/polar-mix-iletau-og-polar-silver-iletau\/\" class=\"product-card post-id-12960\">\n        <div class=\"product-card--content-image\">\n                                        <img loading=\"lazy\" decoding=\"async\" src=\"https:\/\/www.vonin.com\/wp-content\/uploads\/2023\/02\/SILVER_ROPE_8MM03-800x533.jpg\" width=\"800\" height=\"533\" alt=\"\" style=\"object-position: \">\n                        <\/div>\n\n        <div class=\"product-card--content-text\">\n                <div class=\"product-card--title\">Polar silver iletau<\/div>\n\n                <div class=\"product-card--description line-clamp\">Dette er prisgunstige slitesterke synketau. Dette brukes bla. som synkedelen p\u00e5 iletau til garn, line, teiner m.m. <\/div>\n        <\/div>\n<\/a>        \n                            \n            \n<a href=\"https:\/\/www.vonin.com\/no\/product\/polar-mix-snore\/\" class=\"product-card post-id-12209\">\n        <div class=\"product-card--content-image\">\n                                        <img loading=\"lazy\" decoding=\"async\" src=\"https:\/\/www.vonin.com\/wp-content\/uploads\/2022\/10\/polar-mix-snore-1-800x533.jpg\" width=\"800\" height=\"533\" alt=\"\" style=\"object-position: \">\n                        <\/div>\n\n        <div class=\"product-card--content-text\">\n                <div class=\"product-card--title\">Polar Mix Sn\u00f8re<\/div>\n\n                <div class=\"product-card--description line-clamp\">Polar mix sn\u00f8re leveres i forskjellige dimmensjoner og lengde.<\/div>\n        <\/div>\n<\/a>        \n                            \n            \n<a href=\"https:\/\/www.vonin.com\/no\/product\/knoppa-forsyn\/\" class=\"product-card post-id-12210\">\n        <div class=\"product-card--content-image\">\n                                        <img loading=\"lazy\" decoding=\"async\" src=\"https:\/\/www.vonin.com\/wp-content\/uploads\/2022\/11\/line-800x533.jpg\" width=\"800\" height=\"533\" alt=\"\" style=\"object-position: \">\n                        <\/div>\n\n        <div class=\"product-card--content-text\">\n                <div class=\"product-card--title\">Mustad fiskekrok med knoppa forsyn<\/div>\n\n                <div class=\"product-card--description line-clamp\">V\u00f3nin Refa er forandler av knoppa forsyn og kroker fra Mustad. De er i dag rekna som de beste p\u00e5 markedet.<\/div>\n        <\/div>\n<\/a>        \n            <\/div>\n\n\n<div style=\"height:30px\" aria-hidden=\"true\" class=\"wp-block-spacer\"><\/div>\n\n\n\n<a href=\"https:\/\/www.vonin.com\/no\/product\/oilwind\/\" id=\"link-block_a43d10b1e085a24d798655e54fb2eb43\" class=\"beak-link\" target=\"_blank\">\n    \n\n<div class=\"wp-block-cover is-light\" style=\"min-height:300px;aspect-ratio:unset;\"><span aria-hidden=\"true\" class=\"wp-block-cover__background has-background-dim-30 has-background-dim\"><\/span><img loading=\"lazy\" decoding=\"async\" width=\"2560\" height=\"1710\" class=\"wp-block-cover__image-background wp-image-13093\" alt=\"\" src=\"https:\/\/www.vonin.com\/wp-content\/uploads\/2022\/12\/AdobeStock_408646710.jpeg\" style=\"object-position:30% 48%\" data-object-fit=\"cover\" data-object-position=\"30% 48%\" srcset=\"https:\/\/www.vonin.com\/wp-content\/uploads\/2022\/12\/AdobeStock_408646710.jpeg 2560w, https:\/\/www.vonin.com\/wp-content\/uploads\/2022\/12\/AdobeStock_408646710-800x534.jpeg 800w, https:\/\/www.vonin.com\/wp-content\/uploads\/2022\/12\/AdobeStock_408646710-1600x1069.jpeg 1600w, https:\/\/www.vonin.com\/wp-content\/uploads\/2022\/12\/AdobeStock_408646710-768x513.jpeg 768w, https:\/\/www.vonin.com\/wp-content\/uploads\/2022\/12\/AdobeStock_408646710-200x134.jpeg 200w, https:\/\/www.vonin.com\/wp-content\/uploads\/2022\/12\/AdobeStock_408646710-1536x1026.jpeg 1536w, https:\/\/www.vonin.com\/wp-content\/uploads\/2022\/12\/AdobeStock_408646710-2048x1368.jpeg 2048w\" sizes=\"auto, (max-width: 2560px) 100vw, 2560px\" \/><div class=\"wp-block-cover__inner-container is-layout-flow wp-block-cover-is-layout-flow\">\n<p class=\"has-text-align-center has-white-color has-text-color has-large-font-size\">Oilwind produkter<\/p>\n<\/div><\/div>\n\n\n<\/a>\n\n\n\n<div style=\"height:30px\" aria-hidden=\"true\" class=\"wp-block-spacer\"><\/div>\n\n\n\n<div style=\"height:30px\" aria-hidden=\"true\" class=\"wp-block-spacer\"><\/div>\n\n\n\n<hr class=\"wp-block-separator has-css-opacity is-style-wide\"\/>\n\n\n\n<h2 class=\"wp-block-heading\">Salgsteam<\/h2>\n\n\n\n<script>\n    employeeBlockData['employees-block_da27b7adaa30862f5bc1a2a70867e4d8'] = '[{\"title\":\"Sumalee P. Johansen\",\"job_title\":\"Garnmontering \\u2013 Kyst\",\"phone\":\"+47 40 39 92 28\",\"email\":\"boteri.alta@refa.fo\",\"permalink\":\"https:\\\/\\\/www.vonin.com\\\/no\\\/contacts\\\/sumalee-phonsena-johansen\\\/\",\"post_id\":29569,\"thumbnail_id\":33811,\"image\":\"https:\\\/\\\/www.vonin.com\\\/wp-content\\\/uploads\\\/2024\\\/01\\\/sumalee1-800x533.jpg\",\"image_width\":800,\"image_height\":533,\"focal_points\":\"57.4445% 18.6150%\"},{\"title\":\"John Philip Olsen\",\"job_title\":\"Selger - Butikk \\\/ Kyst\",\"phone\":\"+47 95 15 86 94\",\"email\":\"john.olsen@refa.no\",\"permalink\":\"https:\\\/\\\/www.vonin.com\\\/no\\\/contacts\\\/john-philip-olsen\\\/\",\"post_id\":12055,\"thumbnail_id\":13184,\"image\":\"https:\\\/\\\/www.vonin.com\\\/wp-content\\\/uploads\\\/2021\\\/03\\\/John-Phillip-Olsen-800x533.jpg\",\"image_width\":800,\"image_height\":533,\"focal_points\":\"53.8342% 2.8110%\"},{\"title\":\"Arnt-Hugo Gundersen\",\"job_title\":\"Segmentleder - Kyst\",\"phone\":\"+47 90 20 61 27\",\"email\":\"arnt.gundersen@refa.no\",\"permalink\":\"https:\\\/\\\/www.vonin.com\\\/no\\\/contacts\\\/12060\\\/\",\"post_id\":12060,\"thumbnail_id\":81085,\"image\":\"https:\\\/\\\/www.vonin.com\\\/wp-content\\\/uploads\\\/2022\\\/09\\\/Arnt-Hugo-Gundersen-800x533.jpg\",\"image_width\":800,\"image_height\":533,\"focal_points\":\"48.4532% 7.8550%\"},{\"title\":\"Steinar Jensen\",\"job_title\":\"Selger - Butikk\",\"phone\":\"+47 47 67 85 82\",\"email\":\"steinar.jensen@refa.no\",\"permalink\":\"https:\\\/\\\/www.vonin.com\\\/no\\\/contacts\\\/steinar-jensen\\\/\",\"post_id\":12052,\"thumbnail_id\":13991,\"image\":\"https:\\\/\\\/www.vonin.com\\\/wp-content\\\/uploads\\\/2021\\\/03\\\/steinar-jensen-800x533.jpg\",\"image_width\":800,\"image_height\":533,\"focal_points\":\"50.6177% 0.4950%\"},{\"title\":\"Vegar Fagerli\",\"job_title\":\"Avdelingsleder \\\/ Salg Kyst\",\"phone\":\"+47 48 18 73 91\",\"email\":\"vegar.fagerli@refa.no\",\"permalink\":\"https:\\\/\\\/www.vonin.com\\\/no\\\/contacts\\\/vegar-fagerli\\\/\",\"post_id\":12054,\"thumbnail_id\":13172,\"image\":\"https:\\\/\\\/www.vonin.com\\\/wp-content\\\/uploads\\\/2021\\\/03\\\/vegar-fagerli-800x533.jpg\",\"image_width\":800,\"image_height\":533,\"focal_points\":\"51.3366% 0.8109%\"},{\"title\":\"Alf Jeremiassen\",\"job_title\":\"Avdelingsleder - Selger Kyst\",\"phone\":\"+47 95 03 71 03\",\"email\":\"alf.jeremiassen@refa.no\",\"permalink\":\"https:\\\/\\\/www.vonin.com\\\/no\\\/contacts\\\/alf-jeremiassen\\\/\",\"post_id\":12056,\"thumbnail_id\":14003,\"image\":\"https:\\\/\\\/www.vonin.com\\\/wp-content\\\/uploads\\\/2021\\\/03\\\/alf-jeremiassen-800x533.jpg\",\"image_width\":800,\"image_height\":533,\"focal_points\":\"52.9487% 0.0100%\"},{\"title\":\"Fritz-Erik Hallangen\",\"job_title\":\"Selger - Kyst \\\/ Snurrevad\",\"phone\":\"+47 95 45 49 90\",\"email\":\"frits.hallangen@refa.no\",\"permalink\":\"https:\\\/\\\/www.vonin.com\\\/no\\\/contacts\\\/fritz-erik-hallangen\\\/\",\"post_id\":12057,\"thumbnail_id\":13166,\"image\":\"https:\\\/\\\/www.vonin.com\\\/wp-content\\\/uploads\\\/2021\\\/03\\\/Fritz-Erik-Hallanger-1-800x533.jpg\",\"image_width\":800,\"image_height\":533,\"focal_points\":\"47.5070% 2.3109%\"},{\"title\":\"Ronny M\\u00f8rch\",\"job_title\":\"Selger - Kyst & Not\",\"phone\":\"+47 45 60 11 15\",\"email\":\"ronny.morch@refa.no\",\"permalink\":\"https:\\\/\\\/www.vonin.com\\\/no\\\/contacts\\\/ronny-morch\\\/\",\"post_id\":12061,\"thumbnail_id\":14000,\"image\":\"https:\\\/\\\/www.vonin.com\\\/wp-content\\\/uploads\\\/2021\\\/03\\\/ronny-morch-800x533.jpg\",\"image_width\":800,\"image_height\":533,\"focal_points\":\"52.2827% 0.0000%\"}]';\n<\/script>\n\n\n<div id=\"employees-block_da27b7adaa30862f5bc1a2a70867e4d8\" class=\"beak-employees\">\n    \n            <div class=\"employee-message-modal--tint\" v-if=\"selectedEmployee\" :class=\"{ 'is-visible': selectedEmployee }\"><\/div>\n<div class=\"employee-message-modal\" v-if=\"selectedEmployee\" :class=\"{ 'is-visible': selectedEmployee }\">\n    <div class=\"employee-message--content\">\n        <a href=\"#\" @click.prevent=\"toggleModal(null)\" class=\"emp-modal-close\"><img decoding=\"async\" src=\"https:\/\/www.vonin.com\/wp-content\/themes\/beak-vonin\/images\/icon-plus.svg\" class=\"injectable\" \/><\/a>\n        <h3 v-if=\"selectedEmployee\">Send e-post til:<br \/> <b>{{selectedEmployee.title}}<\/b><\/h3>\n\n        <div class=\"form-errors\" v-if=\"formErrors &#038;&#038; formErrors.length &#62; 0\">\n            <ul>\n                <li v-for=\"error in formErrors\">{{error}}<\/li>\n            <\/ul>\n        <\/div>\n\n        <p v-if=\"formSent\"><b>Din melding har blitt sendt.<\/b><\/p>\n\n        <div v-if=\"!formSent\">\n            <div class=\"form-input\">\n                <label>Navn<span class=\"required\">*<\/span><\/label>\n                <input type=\"text\" v-model=\"sendEmailForm.name\" \/>\n            <\/div>\n\n            <div class=\"form-input\">\n                <label>Selskap<span class=\"required\">*<\/span><\/label>\n                <input type=\"text\" v-model=\"sendEmailForm.company\" \/>\n            <\/div>\n\n            <div class=\"form-input\">\n                <label>E-post<span class=\"required\">*<\/span><\/label>\n                <input type=\"email\" v-model=\"sendEmailForm.email\" \/>\n            <\/div>\n\n            <div class=\"form-input\">\n                <label>Telefon<span class=\"required\">*<\/span><\/label>\n                <input type=\"text\" v-model=\"sendEmailForm.phone\" \/>\n            <\/div>\n\n            <div class=\"form-input\">\n                <label>Beskjed<span class=\"required\">*<\/span><\/label>\n                <textarea type=\"text\" v-model=\"sendEmailForm.message\"><\/textarea>\n            <\/div>\n\n            <input type=\"hidden\" v-model=\"sendEmailForm.formLumpari\" \/>\n\n            <button @click=\"sendMessage()\" :class=\"{ disabled: formPosting || (formSubmitted &#038;&#038; !formIsValid) }\">Send<\/button>\n        <\/div>\n    <\/div>\n<\/div>    \n            <div class=\"employee-cards\" v-if=\"people\">\n            <div v-for=\"(employee, index) in people\" class=\"employee-card swiper-slide\">\n    <div v-if=\"employee.image\" class=\"employee-card--content-image\">\n        <img v-if=\"employee.image\" :src=\"employee.image\" alt=\"\" :width=\"employee.image_width\" :height=\"employee.image_height\" :style=\"`object-position: ${employee.focal_points}`\" \/>\n    <\/div>\n\n    <div class=\"employee-card--content-text\">\n        <div v-if=\"employee.title\" class=\"employee-name\">{{ employee.title }}<\/div>\n\n        <div v-if=\"employee.people_locations?.length\" class=\"employee-location\">{{ getLocations(employee) }}<\/div>\n\n        <div v-if=\"employee.job_title\" class=\"employee-title\">{{ employee.job_title }}<\/div>\n\n        <div class=\"employee-contact\">\n            <div v-if=\"employee.phone\" class=\"employee-contact--item employee-contact--phone\">\n                <span>Telefon:<\/span>\n\n                <a :href=\"'tel:'+employee.phone\">{{ employee.phone }}<\/a>\n            <\/div>\n\n            <a href=\"#\" @click.prevent=\"toggleModal(employee)\" class=\"employee-send-email\">Send e-post<\/a>\n        <\/div>\n    <\/div>\n<\/div>        <\/div>\n    <\/div>\n\n\n<div style=\"height:30px\" aria-hidden=\"true\" class=\"wp-block-spacer\"><\/div>\n","protected":false},"excerpt":{"rendered":"<p>VI ER DER DET SKJER, N\u00c5R DET SKJER Vonin Refa har salgskontorer og leveranseavdelinger for v\u00e5re kystfiskeprodukter fra Bod\u00f8 i s\u00f8r til Troms og Finnmark i nord med kunder fra hele landet, s\u00e5 det er bare \u00e5 ta kontakt for en god og l\u00f8nnsom handel.<\/p>\n","protected":false},"author":3,"featured_media":12487,"parent":11901,"menu_order":0,"comment_status":"closed","ping_status":"closed","template":"","meta":{"_acf_changed":false,"content-type":"","footnotes":""},"class_list":["post-12138","page","type-page","status-publish","has-post-thumbnail","hentry"],"acf":[],"yoast_head":"<!-- This site is optimized with the Yoast SEO plugin v27.6 - https:\/\/yoast.com\/product\/yoast-seo-wordpress\/ -->\n<title>Line - V\u00f3nin Refa - Kystfiskeprodukter - Kontakt oss<\/title>\n<meta name=\"description\" content=\"Vonin Refa tilbyr kystfiskeprodukter med salgskontorer fra Bod\u00f8 til Finnmark. Kontakt oss for en god og l\u00f8nnsom handel.\" \/>\n<meta name=\"robots\" content=\"index, follow, max-snippet:-1, max-image-preview:large, max-video-preview:-1\" \/>\n<link rel=\"canonical\" href=\"https:\/\/www.vonin.com\/no\/fiskeutstyr\/line\/\" \/>\n<meta property=\"og:locale\" content=\"nb_NO\" \/>\n<meta property=\"og:type\" content=\"article\" \/>\n<meta property=\"og:title\" content=\"Line - V\u00f3nin Refa - Kystfiskeprodukter - Kontakt oss\" \/>\n<meta property=\"og:description\" content=\"Vonin Refa tilbyr kystfiskeprodukter med salgskontorer fra Bod\u00f8 til Finnmark. Kontakt oss for en god og l\u00f8nnsom handel.\" \/>\n<meta property=\"og:url\" content=\"https:\/\/www.vonin.com\/no\/fiskeutstyr\/line\/\" \/>\n<meta property=\"og:site_name\" content=\"V\u00f3nin\" \/>\n<meta property=\"article:modified_time\" content=\"2025-12-17T08:35:59+00:00\" \/>\n<meta property=\"og:image\" content=\"https:\/\/www.vonin.com\/wp-content\/uploads\/2022\/11\/line.jpg\" \/>\n\t<meta property=\"og:image:width\" content=\"1920\" \/>\n\t<meta property=\"og:image:height\" content=\"1280\" \/>\n\t<meta property=\"og:image:type\" content=\"image\/jpeg\" \/>\n<meta name=\"twitter:card\" content=\"summary_large_image\" \/>\n<meta name=\"twitter:label1\" content=\"Ansl. lesetid\" \/>\n\t<meta name=\"twitter:data1\" content=\"2 minutter\" \/>\n<script type=\"application\/ld+json\" class=\"yoast-schema-graph\">{\"@context\":\"https:\\\/\\\/schema.org\",\"@graph\":[{\"@type\":\"WebPage\",\"@id\":\"https:\\\/\\\/www.vonin.com\\\/no\\\/fiskeutstyr\\\/line\\\/\",\"url\":\"https:\\\/\\\/www.vonin.com\\\/no\\\/fiskeutstyr\\\/line\\\/\",\"name\":\"Line - V\u00f3nin Refa - Kystfiskeprodukter - Kontakt oss\",\"isPartOf\":{\"@id\":\"https:\\\/\\\/www.vonin.com\\\/#website\"},\"primaryImageOfPage\":{\"@id\":\"https:\\\/\\\/www.vonin.com\\\/no\\\/fiskeutstyr\\\/line\\\/#primaryimage\"},\"image\":{\"@id\":\"https:\\\/\\\/www.vonin.com\\\/no\\\/fiskeutstyr\\\/line\\\/#primaryimage\"},\"thumbnailUrl\":\"https:\\\/\\\/www.vonin.com\\\/wp-content\\\/uploads\\\/2022\\\/11\\\/line.jpg\",\"datePublished\":\"2022-10-06T13:41:34+00:00\",\"dateModified\":\"2025-12-17T08:35:59+00:00\",\"description\":\"Vonin Refa tilbyr kystfiskeprodukter med salgskontorer fra Bod\u00f8 til Finnmark. Kontakt oss for en god og l\u00f8nnsom handel.\",\"breadcrumb\":{\"@id\":\"https:\\\/\\\/www.vonin.com\\\/no\\\/fiskeutstyr\\\/line\\\/#breadcrumb\"},\"inLanguage\":\"nb-NO\",\"potentialAction\":[{\"@type\":\"ReadAction\",\"target\":[\"https:\\\/\\\/www.vonin.com\\\/no\\\/fiskeutstyr\\\/line\\\/\"]}]},{\"@type\":\"ImageObject\",\"inLanguage\":\"nb-NO\",\"@id\":\"https:\\\/\\\/www.vonin.com\\\/no\\\/fiskeutstyr\\\/line\\\/#primaryimage\",\"url\":\"https:\\\/\\\/www.vonin.com\\\/wp-content\\\/uploads\\\/2022\\\/11\\\/line.jpg\",\"contentUrl\":\"https:\\\/\\\/www.vonin.com\\\/wp-content\\\/uploads\\\/2022\\\/11\\\/line.jpg\",\"width\":1920,\"height\":1280},{\"@type\":\"BreadcrumbList\",\"@id\":\"https:\\\/\\\/www.vonin.com\\\/no\\\/fiskeutstyr\\\/line\\\/#breadcrumb\",\"itemListElement\":[{\"@type\":\"ListItem\",\"position\":1,\"name\":\"V\u00f3nin\",\"item\":\"https:\\\/\\\/www.vonin.com\\\/no\\\/\"},{\"@type\":\"ListItem\",\"position\":2,\"name\":\"Fiskeutstyr\",\"item\":\"https:\\\/\\\/www.vonin.com\\\/no\\\/fiskeutstyr\\\/\"},{\"@type\":\"ListItem\",\"position\":3,\"name\":\"Line\"}]},{\"@type\":\"WebSite\",\"@id\":\"https:\\\/\\\/www.vonin.com\\\/#website\",\"url\":\"https:\\\/\\\/www.vonin.com\\\/\",\"name\":\"V\u00f3nin\",\"description\":\"V\u00f3nin is a major developer and manufacturer of high quality fishing gear and aquaculture equipment as well as supplying equipment to the offshore industry and land based industry.\",\"potentialAction\":[{\"@type\":\"SearchAction\",\"target\":{\"@type\":\"EntryPoint\",\"urlTemplate\":\"https:\\\/\\\/www.vonin.com\\\/?s={search_term_string}\"},\"query-input\":{\"@type\":\"PropertyValueSpecification\",\"valueRequired\":true,\"valueName\":\"search_term_string\"}}],\"inLanguage\":\"nb-NO\"}]}<\/script>\n<!-- \/ Yoast SEO plugin. -->","yoast_head_json":{"title":"Line - V\u00f3nin Refa - Kystfiskeprodukter - Kontakt oss","description":"Vonin Refa tilbyr kystfiskeprodukter med salgskontorer fra Bod\u00f8 til Finnmark. Kontakt oss for en god og l\u00f8nnsom handel.","robots":{"index":"index","follow":"follow","max-snippet":"max-snippet:-1","max-image-preview":"max-image-preview:large","max-video-preview":"max-video-preview:-1"},"canonical":"https:\/\/www.vonin.com\/no\/fiskeutstyr\/line\/","og_locale":"nb_NO","og_type":"article","og_title":"Line - V\u00f3nin Refa - Kystfiskeprodukter - Kontakt oss","og_description":"Vonin Refa tilbyr kystfiskeprodukter med salgskontorer fra Bod\u00f8 til Finnmark. Kontakt oss for en god og l\u00f8nnsom handel.","og_url":"https:\/\/www.vonin.com\/no\/fiskeutstyr\/line\/","og_site_name":"V\u00f3nin","article_modified_time":"2025-12-17T08:35:59+00:00","og_image":[{"width":1920,"height":1280,"url":"https:\/\/www.vonin.com\/wp-content\/uploads\/2022\/11\/line.jpg","type":"image\/jpeg"}],"twitter_card":"summary_large_image","twitter_misc":{"Ansl. lesetid":"2 minutter"},"schema":{"@context":"https:\/\/schema.org","@graph":[{"@type":"WebPage","@id":"https:\/\/www.vonin.com\/no\/fiskeutstyr\/line\/","url":"https:\/\/www.vonin.com\/no\/fiskeutstyr\/line\/","name":"Line - V\u00f3nin Refa - Kystfiskeprodukter - Kontakt oss","isPartOf":{"@id":"https:\/\/www.vonin.com\/#website"},"primaryImageOfPage":{"@id":"https:\/\/www.vonin.com\/no\/fiskeutstyr\/line\/#primaryimage"},"image":{"@id":"https:\/\/www.vonin.com\/no\/fiskeutstyr\/line\/#primaryimage"},"thumbnailUrl":"https:\/\/www.vonin.com\/wp-content\/uploads\/2022\/11\/line.jpg","datePublished":"2022-10-06T13:41:34+00:00","dateModified":"2025-12-17T08:35:59+00:00","description":"Vonin Refa tilbyr kystfiskeprodukter med salgskontorer fra Bod\u00f8 til Finnmark. Kontakt oss for en god og l\u00f8nnsom handel.","breadcrumb":{"@id":"https:\/\/www.vonin.com\/no\/fiskeutstyr\/line\/#breadcrumb"},"inLanguage":"nb-NO","potentialAction":[{"@type":"ReadAction","target":["https:\/\/www.vonin.com\/no\/fiskeutstyr\/line\/"]}]},{"@type":"ImageObject","inLanguage":"nb-NO","@id":"https:\/\/www.vonin.com\/no\/fiskeutstyr\/line\/#primaryimage","url":"https:\/\/www.vonin.com\/wp-content\/uploads\/2022\/11\/line.jpg","contentUrl":"https:\/\/www.vonin.com\/wp-content\/uploads\/2022\/11\/line.jpg","width":1920,"height":1280},{"@type":"BreadcrumbList","@id":"https:\/\/www.vonin.com\/no\/fiskeutstyr\/line\/#breadcrumb","itemListElement":[{"@type":"ListItem","position":1,"name":"V\u00f3nin","item":"https:\/\/www.vonin.com\/no\/"},{"@type":"ListItem","position":2,"name":"Fiskeutstyr","item":"https:\/\/www.vonin.com\/no\/fiskeutstyr\/"},{"@type":"ListItem","position":3,"name":"Line"}]},{"@type":"WebSite","@id":"https:\/\/www.vonin.com\/#website","url":"https:\/\/www.vonin.com\/","name":"V\u00f3nin","description":"V\u00f3nin is a major developer and manufacturer of high quality fishing gear and aquaculture equipment as well as supplying equipment to the offshore industry and land based industry.","potentialAction":[{"@type":"SearchAction","target":{"@type":"EntryPoint","urlTemplate":"https:\/\/www.vonin.com\/?s={search_term_string}"},"query-input":{"@type":"PropertyValueSpecification","valueRequired":true,"valueName":"search_term_string"}}],"inLanguage":"nb-NO"}]}},"_links":{"self":[{"href":"https:\/\/www.vonin.com\/no\/wp-json\/wp\/v2\/pages\/12138","targetHints":{"allow":["GET"]}}],"collection":[{"href":"https:\/\/www.vonin.com\/no\/wp-json\/wp\/v2\/pages"}],"about":[{"href":"https:\/\/www.vonin.com\/no\/wp-json\/wp\/v2\/types\/page"}],"author":[{"embeddable":true,"href":"https:\/\/www.vonin.com\/no\/wp-json\/wp\/v2\/users\/3"}],"replies":[{"embeddable":true,"href":"https:\/\/www.vonin.com\/no\/wp-json\/wp\/v2\/comments?post=12138"}],"version-history":[{"count":45,"href":"https:\/\/www.vonin.com\/no\/wp-json\/wp\/v2\/pages\/12138\/revisions"}],"predecessor-version":[{"id":13966,"href":"https:\/\/www.vonin.com\/no\/wp-json\/wp\/v2\/pages\/12138\/revisions\/13966"}],"up":[{"embeddable":true,"href":"https:\/\/www.vonin.com\/no\/wp-json\/wp\/v2\/pages\/11901"}],"wp:featuredmedia":[{"embeddable":true,"href":"https:\/\/www.vonin.com\/no\/wp-json\/wp\/v2\/media\/12487"}],"wp:attachment":[{"href":"https:\/\/www.vonin.com\/no\/wp-json\/wp\/v2\/media?parent=12138"}],"curies":[{"name":"wp","href":"https:\/\/api.w.org\/{rel}","templated":true}]}}