{"id":11928,"date":"2023-03-14T14:37:31","date_gmt":"2023-03-14T14:37:31","guid":{"rendered":"https:\/\/www.vonin.com\/?page_id=11928"},"modified":"2023-03-15T10:46:12","modified_gmt":"2023-03-15T10:46:12","slug":"shrimp-and-bottom-trawls","status":"publish","type":"page","link":"https:\/\/www.vonin.com\/no\/shrimp-and-bottom-trawls\/","title":{"rendered":"Shrimp and bottom trawls"},"content":{"rendered":"\n<div class=\"wp-block-cover alignfull\" style=\"min-height:617px;aspect-ratio:unset;\"><span aria-hidden=\"true\" class=\"wp-block-cover__background has-black-background-color has-background-dim-30 has-background-dim\"><\/span><img loading=\"lazy\" decoding=\"async\" width=\"2560\" height=\"1728\" class=\"wp-block-cover__image-background wp-image-7336\" alt=\"\" src=\"https:\/\/www.vonin.com\/wp-content\/uploads\/2021\/06\/trolbassi-blue.jpg\" style=\"object-position:53% 52%\" data-object-fit=\"cover\" data-object-position=\"53% 52%\"\/><div class=\"wp-block-cover__inner-container is-layout-flow wp-block-cover-is-layout-flow\">\n<p class=\"has-text-align-center has-large-font-size\"><strong>Fiskeutstyr for verdens beste fiskere<\/strong><\/p>\n<\/div><\/div>\n\n\n\n<div style=\"height:60px\" aria-hidden=\"true\" class=\"wp-block-spacer\"><\/div>\n\n\n\n<h2 class=\"wp-block-heading\">Hva gj\u00f8r V\u00f3nin-tr\u00e5len s\u00e5 enest\u00e5ende?<\/h2>\n\n\n\n<p>Vi har omfattende erfaring med \u00e5 produsere reke- og bunntr\u00e5ler for alle typer fiske, og v\u00e5re tr\u00e5ler eksporteres til hele verden. Tr\u00e5ler fra oss brukes p\u00e5 fiskefelt som ligger s\u00e5 ulike steder som i Nordsj\u00f8en, Barentshavet, utenfor \u00f8st- og vestkysten av Gr\u00f8nland, i Flemish Cap, utenfor kysten av Newfoundland og Labrador og ellers utenfor kysten av Canada. V\u00f3nin er kjent for \u00e5 levere fiskeredskaper av beste kvalitet. Det gj\u00f8r vi ved \u00e5 fokusere p\u00e5 design, materiale og h\u00e5ndverk.<\/p>\n\n\n\n<div style=\"height:60px\" aria-hidden=\"true\" class=\"wp-block-spacer\"><\/div>\n\n\n\n<div class=\"wp-block-media-text alignfull is-stacked-on-mobile is-image-fill has-light-light-grey-background-color has-background\"><figure class=\"wp-block-media-text__media\" style=\"background-image:url(https:\/\/www.vonin.com\/wp-content\/uploads\/2021\/05\/DSC00062-1-scaled.jpg);background-position:50% 50%\"><img loading=\"lazy\" decoding=\"async\" width=\"2560\" height=\"1710\" src=\"https:\/\/www.vonin.com\/wp-content\/uploads\/2021\/05\/DSC00062-1-scaled.jpg\" alt=\"\" class=\"wp-image-6629 size-full\" srcset=\"https:\/\/www.vonin.com\/wp-content\/uploads\/2021\/05\/DSC00062-1-scaled.jpg 2560w, https:\/\/www.vonin.com\/wp-content\/uploads\/2021\/05\/DSC00062-1-800x534.jpg 800w, https:\/\/www.vonin.com\/wp-content\/uploads\/2021\/05\/DSC00062-1-1600x1069.jpg 1600w, https:\/\/www.vonin.com\/wp-content\/uploads\/2021\/05\/DSC00062-1-768x513.jpg 768w, https:\/\/www.vonin.com\/wp-content\/uploads\/2021\/05\/DSC00062-1-200x134.jpg 200w, https:\/\/www.vonin.com\/wp-content\/uploads\/2021\/05\/DSC00062-1-1536x1026.jpg 1536w, https:\/\/www.vonin.com\/wp-content\/uploads\/2021\/05\/DSC00062-1-2048x1368.jpg 2048w\" sizes=\"auto, (max-width: 2560px) 100vw, 2560px\" \/><\/figure><div class=\"wp-block-media-text__content\">\n<div style=\"height:90px\" aria-hidden=\"true\" class=\"wp-block-spacer\"><\/div>\n\n\n\n<h2 class=\"wp-block-heading\">Design<\/h2>\n\n\n\n<p>V\u00e5r reke- og bunntr\u00e5ler er designet for \u00e5 ha utmerket bunnkontakt og ypperlig vanngjennomstr\u00f8mning. Det gj\u00f8r at du b\u00e5de sparer drivstoff og \u00f8ker fangsten ved at fisken f\u00f8res smidig og trygt inn i tr\u00e5lposen. Eiere av og skippere p\u00e5 tr\u00e5lfart\u00f8y kan dra fordel av erfaringene V\u00f3nin har opparbeidet seg, og f\u00e5 skreddersydde tr\u00e5ler som er designet for \u00e5 tilfredsstille den enkelte skippers krav og fart\u00f8yets dimensjoner.<\/p>\n\n\n\n<div style=\"height:60px\" aria-hidden=\"true\" class=\"wp-block-spacer\"><\/div>\n<\/div><\/div>\n\n\n\n<div class=\"wp-block-media-text alignfull has-media-on-the-right is-stacked-on-mobile is-image-fill has-light-light-grey-background-color has-background\"><div class=\"wp-block-media-text__content\">\n<div style=\"height:90px\" aria-hidden=\"true\" class=\"wp-block-spacer\"><\/div>\n\n\n\n<h2 class=\"wp-block-heading\">H\u00e5ndverk<\/h2>\n\n\n\n<p>Tr\u00e5lene v\u00e5re er kjent for sin robusthet og lave behov for vedlikehold. Disse egenskapene handler i bunn og grunn om kvaliteten p\u00e5 h\u00e5ndverket som bak. Selv i det 21. \u00e5rhundre er det behov for gammeldagse manuelle ferdigheter og \u00f8ye for detaljer.<\/p>\n\n\n\n<p>Mange \u00e5rs erfaring og tett samarbeid med fiskere innen mange former for fiske har vist at det l\u00f8nner seg \u00e5 ta seg god tid n\u00e5r man skal lage et produkt. Jo n\u00f8yere man er p\u00e5 b\u00f8teriet, desto mindre tid trenger fiskerne \u00e5 bruke p\u00e5 \u00e5 lappe og reparere utstyr om bord.<\/p>\n\n\n\n<div style=\"height:60px\" aria-hidden=\"true\" class=\"wp-block-spacer\"><\/div>\n<\/div><figure class=\"wp-block-media-text__media\" style=\"background-image:url(https:\/\/www.vonin.com\/wp-content\/uploads\/2021\/05\/DSC09613-scaled.jpg);background-position:50% 50%\"><img loading=\"lazy\" decoding=\"async\" width=\"2560\" height=\"1710\" src=\"https:\/\/www.vonin.com\/wp-content\/uploads\/2021\/05\/DSC09613-scaled.jpg\" alt=\"\" class=\"wp-image-6627 size-full\" srcset=\"https:\/\/www.vonin.com\/wp-content\/uploads\/2021\/05\/DSC09613-scaled.jpg 2560w, https:\/\/www.vonin.com\/wp-content\/uploads\/2021\/05\/DSC09613-800x534.jpg 800w, https:\/\/www.vonin.com\/wp-content\/uploads\/2021\/05\/DSC09613-1600x1069.jpg 1600w, https:\/\/www.vonin.com\/wp-content\/uploads\/2021\/05\/DSC09613-768x513.jpg 768w, https:\/\/www.vonin.com\/wp-content\/uploads\/2021\/05\/DSC09613-200x134.jpg 200w, https:\/\/www.vonin.com\/wp-content\/uploads\/2021\/05\/DSC09613-1536x1026.jpg 1536w, https:\/\/www.vonin.com\/wp-content\/uploads\/2021\/05\/DSC09613-2048x1368.jpg 2048w\" sizes=\"auto, (max-width: 2560px) 100vw, 2560px\" \/><\/figure><\/div>\n\n\n\n<div class=\"wp-block-media-text alignfull is-stacked-on-mobile is-image-fill has-light-light-grey-background-color has-background\"><figure class=\"wp-block-media-text__media\" style=\"background-image:url(https:\/\/www.vonin.com\/wp-content\/uploads\/2021\/06\/fortis1-1-1600x910.jpg);background-position:50% 50%\"><img loading=\"lazy\" decoding=\"async\" width=\"1600\" height=\"910\" src=\"https:\/\/www.vonin.com\/wp-content\/uploads\/2021\/06\/fortis1-1-1600x910.jpg\" alt=\"\" class=\"wp-image-7813 size-full\" srcset=\"https:\/\/www.vonin.com\/wp-content\/uploads\/2021\/06\/fortis1-1-1600x910.jpg 1600w, https:\/\/www.vonin.com\/wp-content\/uploads\/2021\/06\/fortis1-1-800x455.jpg 800w, https:\/\/www.vonin.com\/wp-content\/uploads\/2021\/06\/fortis1-1-768x437.jpg 768w, https:\/\/www.vonin.com\/wp-content\/uploads\/2021\/06\/fortis1-1-200x114.jpg 200w, https:\/\/www.vonin.com\/wp-content\/uploads\/2021\/06\/fortis1-1-1536x873.jpg 1536w, https:\/\/www.vonin.com\/wp-content\/uploads\/2021\/06\/fortis1-1.jpg 1847w\" sizes=\"auto, (max-width: 1600px) 100vw, 1600px\" \/><\/figure><div class=\"wp-block-media-text__content\">\n<div style=\"height:90px\" aria-hidden=\"true\" class=\"wp-block-spacer\"><\/div>\n\n\n\n<h2 class=\"wp-block-heading\">Materiale<\/h2>\n\n\n\n<p>Vi vet hvor viktig det er med materialer av h\u00f8y kvalitet og bruker derfor bare de beste materialene fra h\u00e5ndplukkede leverand\u00f8rer til v\u00e5re tr\u00e5ler.<\/p>\n\n\n\n<p>I tillegg til Premium- og PET-nett anbefales det at tr\u00e5len fremstilles i Fortis-nett, som produseres eksklusivt for V\u00f3nin. Fortis viser seg gang p\u00e5 gang \u00e5 \u00f8ke vanngjennomstr\u00f8mningen gjennom tr\u00e5len og \u00e5 gi st\u00f8rre fangster.<\/p>\n\n\n\n<div style=\"height:60px\" aria-hidden=\"true\" class=\"wp-block-spacer\"><\/div>\n<\/div><\/div>\n\n\n\n<div style=\"height:60px\" aria-hidden=\"true\" class=\"wp-block-spacer\"><\/div>\n\n\n\n<h2 class=\"wp-block-heading\">Skreddersydde l\u00f8sninger<\/h2>\n\n\n\n<p>Den grunnleggende designen kan skaleres opp eller ned alt etter hvilken slepekraft fart\u00f8yet har; tr\u00e5len kan ogs\u00e5 tilpasses etter hvordan dekket er utformet. Hver tr\u00e5l tilpasses tr\u00e5lbanene om bord og tilgjengelig kapasitet p\u00e5 nottrommelen, og kunden velger hvilke materialer som skal brukes. Det er mange alternativer n\u00e5r det gjelder nett, og til rammeliner kan man velge mellom Taifun- eller Dyneema-tau.<\/p>\n\n\n\n<div style=\"height:60px\" aria-hidden=\"true\" class=\"wp-block-spacer\"><\/div>\n\n\n\n<div class=\"wp-block-cover alignfull\" style=\"min-height:617px;aspect-ratio:unset;\"><span aria-hidden=\"true\" class=\"wp-block-cover__background has-background-dim\"><\/span><img loading=\"lazy\" decoding=\"async\" width=\"2560\" height=\"1707\" class=\"wp-block-cover__image-background wp-image-3341\" alt=\"\" src=\"https:\/\/www.vonin.com\/wp-content\/uploads\/2021\/03\/DSC_3100.jpg\" data-object-fit=\"cover\" srcset=\"https:\/\/www.vonin.com\/wp-content\/uploads\/2021\/03\/DSC_3100.jpg 2560w, https:\/\/www.vonin.com\/wp-content\/uploads\/2021\/03\/DSC_3100-800x533.jpg 800w, https:\/\/www.vonin.com\/wp-content\/uploads\/2021\/03\/DSC_3100-1600x1067.jpg 1600w, https:\/\/www.vonin.com\/wp-content\/uploads\/2021\/03\/DSC_3100-768x512.jpg 768w, https:\/\/www.vonin.com\/wp-content\/uploads\/2021\/03\/DSC_3100-200x133.jpg 200w, https:\/\/www.vonin.com\/wp-content\/uploads\/2021\/03\/DSC_3100-1536x1024.jpg 1536w\" sizes=\"auto, (max-width: 2560px) 100vw, 2560px\" \/><div class=\"wp-block-cover__inner-container is-layout-flow wp-block-cover-is-layout-flow\">\n<p class=\"has-text-align-center has-large-font-size\">Service<\/p>\n\n\n\n<p class=\"has-text-align-center\">F\u00f8rsteklasses service som tilfredsstiller kundenes behov.<\/p>\n\n\n\n<div class=\"wp-block-buttons alignfull is-horizontal is-content-justification-center is-layout-flex wp-container-core-buttons-is-layout-499968f5 wp-block-buttons-is-layout-flex\">\n<div class=\"wp-block-button is-style-outline is-style-outline--1\"><a class=\"wp-block-button__link has-white-color has-white-background-color has-text-color has-background wp-element-button\" href=\"https:\/\/www.vonin.com\/no\/fiskeutstyr\/ser\">LES MER<\/a><\/div>\n<\/div>\n<\/div><\/div>\n\n\n\n<div style=\"height:60px\" aria-hidden=\"true\" class=\"wp-block-spacer\"><\/div>\n\n\n\n<p><\/p>\n","protected":false},"excerpt":{"rendered":"<p>Hva gj\u00f8r V\u00f3nin-tr\u00e5len s\u00e5 enest\u00e5ende? Vi har omfattende erfaring med \u00e5 produsere reke- og bunntr\u00e5ler for alle typer fiske, og v\u00e5re tr\u00e5ler eksporteres til hele verden. Tr\u00e5ler fra oss brukes p\u00e5 fiskefelt som ligger s\u00e5 ulike steder som i Nordsj\u00f8en, Barentshavet, utenfor \u00f8st- og vestkysten av Gr\u00f8nland, i Flemish Cap, utenfor kysten av Newfoundland og [&hellip;]<\/p>\n","protected":false},"author":3,"featured_media":0,"parent":0,"menu_order":0,"comment_status":"closed","ping_status":"closed","template":"","meta":{"_acf_changed":false,"content-type":"","footnotes":""},"class_list":["post-11928","page","type-page","status-publish","hentry"],"acf":[],"yoast_head":"<!-- This site is optimized with the Yoast SEO plugin v27.6 - https:\/\/yoast.com\/product\/yoast-seo-wordpress\/ -->\n<title>Shrimp and bottom trawls - V\u00f3nin<\/title>\n<meta name=\"robots\" content=\"index, follow, max-snippet:-1, max-image-preview:large, max-video-preview:-1\" \/>\n<link rel=\"canonical\" href=\"https:\/\/www.vonin.com\/no\/shrimp-and-bottom-trawls\/\" \/>\n<meta property=\"og:locale\" content=\"nb_NO\" \/>\n<meta property=\"og:type\" content=\"article\" \/>\n<meta property=\"og:title\" content=\"Shrimp and bottom trawls - V\u00f3nin\" \/>\n<meta property=\"og:description\" content=\"Hva gj\u00f8r V\u00f3nin-tr\u00e5len s\u00e5 enest\u00e5ende? Vi har omfattende erfaring med \u00e5 produsere reke- og bunntr\u00e5ler for alle typer fiske, og v\u00e5re tr\u00e5ler eksporteres til hele verden. Tr\u00e5ler fra oss brukes p\u00e5 fiskefelt som ligger s\u00e5 ulike steder som i Nordsj\u00f8en, Barentshavet, utenfor \u00f8st- og vestkysten av Gr\u00f8nland, i Flemish Cap, utenfor kysten av Newfoundland og [&hellip;]\" \/>\n<meta property=\"og:url\" content=\"https:\/\/www.vonin.com\/no\/shrimp-and-bottom-trawls\/\" \/>\n<meta property=\"og:site_name\" content=\"V\u00f3nin\" \/>\n<meta property=\"article:modified_time\" content=\"2023-03-15T10:46:12+00:00\" \/>\n<meta property=\"og:image\" content=\"https:\/\/www.vonin.com\/wp-content\/uploads\/2021\/06\/trolbassi-blue.jpg\" \/>\n<meta name=\"twitter:card\" content=\"summary_large_image\" \/>\n<meta name=\"twitter:label1\" content=\"Ansl. lesetid\" \/>\n\t<meta name=\"twitter:data1\" content=\"4 minutter\" \/>\n<script type=\"application\/ld+json\" class=\"yoast-schema-graph\">{\"@context\":\"https:\\\/\\\/schema.org\",\"@graph\":[{\"@type\":\"WebPage\",\"@id\":\"https:\\\/\\\/www.vonin.com\\\/no\\\/shrimp-and-bottom-trawls\\\/\",\"url\":\"https:\\\/\\\/www.vonin.com\\\/no\\\/shrimp-and-bottom-trawls\\\/\",\"name\":\"Shrimp and bottom trawls - V\u00f3nin\",\"isPartOf\":{\"@id\":\"https:\\\/\\\/www.vonin.com\\\/#website\"},\"primaryImageOfPage\":{\"@id\":\"https:\\\/\\\/www.vonin.com\\\/no\\\/shrimp-and-bottom-trawls\\\/#primaryimage\"},\"image\":{\"@id\":\"https:\\\/\\\/www.vonin.com\\\/no\\\/shrimp-and-bottom-trawls\\\/#primaryimage\"},\"thumbnailUrl\":\"https:\\\/\\\/www.vonin.com\\\/wp-content\\\/uploads\\\/2021\\\/06\\\/trolbassi-blue.jpg\",\"datePublished\":\"2023-03-14T14:37:31+00:00\",\"dateModified\":\"2023-03-15T10:46:12+00:00\",\"breadcrumb\":{\"@id\":\"https:\\\/\\\/www.vonin.com\\\/no\\\/shrimp-and-bottom-trawls\\\/#breadcrumb\"},\"inLanguage\":\"nb-NO\",\"potentialAction\":[{\"@type\":\"ReadAction\",\"target\":[\"https:\\\/\\\/www.vonin.com\\\/no\\\/shrimp-and-bottom-trawls\\\/\"]}]},{\"@type\":\"ImageObject\",\"inLanguage\":\"nb-NO\",\"@id\":\"https:\\\/\\\/www.vonin.com\\\/no\\\/shrimp-and-bottom-trawls\\\/#primaryimage\",\"url\":\"https:\\\/\\\/www.vonin.com\\\/wp-content\\\/uploads\\\/2021\\\/06\\\/trolbassi-blue.jpg\",\"contentUrl\":\"https:\\\/\\\/www.vonin.com\\\/wp-content\\\/uploads\\\/2021\\\/06\\\/trolbassi-blue.jpg\"},{\"@type\":\"BreadcrumbList\",\"@id\":\"https:\\\/\\\/www.vonin.com\\\/no\\\/shrimp-and-bottom-trawls\\\/#breadcrumb\",\"itemListElement\":[{\"@type\":\"ListItem\",\"position\":1,\"name\":\"V\u00f3nin\",\"item\":\"https:\\\/\\\/www.vonin.com\\\/no\\\/\"},{\"@type\":\"ListItem\",\"position\":2,\"name\":\"Shrimp and bottom trawls\"}]},{\"@type\":\"WebSite\",\"@id\":\"https:\\\/\\\/www.vonin.com\\\/#website\",\"url\":\"https:\\\/\\\/www.vonin.com\\\/\",\"name\":\"V\u00f3nin\",\"description\":\"V\u00f3nin is a major developer and manufacturer of high quality fishing gear and aquaculture equipment as well as supplying equipment to the offshore industry and land based industry.\",\"potentialAction\":[{\"@type\":\"SearchAction\",\"target\":{\"@type\":\"EntryPoint\",\"urlTemplate\":\"https:\\\/\\\/www.vonin.com\\\/?s={search_term_string}\"},\"query-input\":{\"@type\":\"PropertyValueSpecification\",\"valueRequired\":true,\"valueName\":\"search_term_string\"}}],\"inLanguage\":\"nb-NO\"}]}<\/script>\n<!-- \/ Yoast SEO plugin. -->","yoast_head_json":{"title":"Shrimp and bottom trawls - V\u00f3nin","robots":{"index":"index","follow":"follow","max-snippet":"max-snippet:-1","max-image-preview":"max-image-preview:large","max-video-preview":"max-video-preview:-1"},"canonical":"https:\/\/www.vonin.com\/no\/shrimp-and-bottom-trawls\/","og_locale":"nb_NO","og_type":"article","og_title":"Shrimp and bottom trawls - V\u00f3nin","og_description":"Hva gj\u00f8r V\u00f3nin-tr\u00e5len s\u00e5 enest\u00e5ende? Vi har omfattende erfaring med \u00e5 produsere reke- og bunntr\u00e5ler for alle typer fiske, og v\u00e5re tr\u00e5ler eksporteres til hele verden. Tr\u00e5ler fra oss brukes p\u00e5 fiskefelt som ligger s\u00e5 ulike steder som i Nordsj\u00f8en, Barentshavet, utenfor \u00f8st- og vestkysten av Gr\u00f8nland, i Flemish Cap, utenfor kysten av Newfoundland og [&hellip;]","og_url":"https:\/\/www.vonin.com\/no\/shrimp-and-bottom-trawls\/","og_site_name":"V\u00f3nin","article_modified_time":"2023-03-15T10:46:12+00:00","og_image":[{"url":"https:\/\/www.vonin.com\/wp-content\/uploads\/2021\/06\/trolbassi-blue.jpg","type":"","width":"","height":""}],"twitter_card":"summary_large_image","twitter_misc":{"Ansl. lesetid":"4 minutter"},"schema":{"@context":"https:\/\/schema.org","@graph":[{"@type":"WebPage","@id":"https:\/\/www.vonin.com\/no\/shrimp-and-bottom-trawls\/","url":"https:\/\/www.vonin.com\/no\/shrimp-and-bottom-trawls\/","name":"Shrimp and bottom trawls - V\u00f3nin","isPartOf":{"@id":"https:\/\/www.vonin.com\/#website"},"primaryImageOfPage":{"@id":"https:\/\/www.vonin.com\/no\/shrimp-and-bottom-trawls\/#primaryimage"},"image":{"@id":"https:\/\/www.vonin.com\/no\/shrimp-and-bottom-trawls\/#primaryimage"},"thumbnailUrl":"https:\/\/www.vonin.com\/wp-content\/uploads\/2021\/06\/trolbassi-blue.jpg","datePublished":"2023-03-14T14:37:31+00:00","dateModified":"2023-03-15T10:46:12+00:00","breadcrumb":{"@id":"https:\/\/www.vonin.com\/no\/shrimp-and-bottom-trawls\/#breadcrumb"},"inLanguage":"nb-NO","potentialAction":[{"@type":"ReadAction","target":["https:\/\/www.vonin.com\/no\/shrimp-and-bottom-trawls\/"]}]},{"@type":"ImageObject","inLanguage":"nb-NO","@id":"https:\/\/www.vonin.com\/no\/shrimp-and-bottom-trawls\/#primaryimage","url":"https:\/\/www.vonin.com\/wp-content\/uploads\/2021\/06\/trolbassi-blue.jpg","contentUrl":"https:\/\/www.vonin.com\/wp-content\/uploads\/2021\/06\/trolbassi-blue.jpg"},{"@type":"BreadcrumbList","@id":"https:\/\/www.vonin.com\/no\/shrimp-and-bottom-trawls\/#breadcrumb","itemListElement":[{"@type":"ListItem","position":1,"name":"V\u00f3nin","item":"https:\/\/www.vonin.com\/no\/"},{"@type":"ListItem","position":2,"name":"Shrimp and bottom trawls"}]},{"@type":"WebSite","@id":"https:\/\/www.vonin.com\/#website","url":"https:\/\/www.vonin.com\/","name":"V\u00f3nin","description":"V\u00f3nin is a major developer and manufacturer of high quality fishing gear and aquaculture equipment as well as supplying equipment to the offshore industry and land based industry.","potentialAction":[{"@type":"SearchAction","target":{"@type":"EntryPoint","urlTemplate":"https:\/\/www.vonin.com\/?s={search_term_string}"},"query-input":{"@type":"PropertyValueSpecification","valueRequired":true,"valueName":"search_term_string"}}],"inLanguage":"nb-NO"}]}},"_links":{"self":[{"href":"https:\/\/www.vonin.com\/no\/wp-json\/wp\/v2\/pages\/11928","targetHints":{"allow":["GET"]}}],"collection":[{"href":"https:\/\/www.vonin.com\/no\/wp-json\/wp\/v2\/pages"}],"about":[{"href":"https:\/\/www.vonin.com\/no\/wp-json\/wp\/v2\/types\/page"}],"author":[{"embeddable":true,"href":"https:\/\/www.vonin.com\/no\/wp-json\/wp\/v2\/users\/3"}],"replies":[{"embeddable":true,"href":"https:\/\/www.vonin.com\/no\/wp-json\/wp\/v2\/comments?post=11928"}],"version-history":[{"count":3,"href":"https:\/\/www.vonin.com\/no\/wp-json\/wp\/v2\/pages\/11928\/revisions"}],"predecessor-version":[{"id":13909,"href":"https:\/\/www.vonin.com\/no\/wp-json\/wp\/v2\/pages\/11928\/revisions\/13909"}],"wp:attachment":[{"href":"https:\/\/www.vonin.com\/no\/wp-json\/wp\/v2\/media?parent=11928"}],"curies":[{"name":"wp","href":"https:\/\/api.w.org\/{rel}","templated":true}]}}