{"id":11926,"date":"2023-02-06T12:27:09","date_gmt":"2023-02-06T12:27:09","guid":{"rendered":"https:\/\/www.vonin.com\/?page_id=11926"},"modified":"2023-03-15T11:06:59","modified_gmt":"2023-03-15T11:06:59","slug":"pelagic-workmanship","status":"publish","type":"page","link":"https:\/\/www.vonin.com\/no\/pelagic-workmanship\/","title":{"rendered":"pelagic workmanship"},"content":{"rendered":"\n<div class=\"wp-block-cover alignfull\" style=\"min-height:617px;aspect-ratio:unset;\"><span aria-hidden=\"true\" class=\"wp-block-cover__background has-black-background-color has-background-dim-30 has-background-dim\"><\/span><img loading=\"lazy\" decoding=\"async\" width=\"2560\" height=\"1710\" class=\"wp-block-cover__image-background wp-image-7319\" alt=\"\" src=\"https:\/\/www.vonin.com\/wp-content\/uploads\/2021\/06\/labor-day-scaled.jpg\" style=\"object-position:53% 40%\" data-object-fit=\"cover\" data-object-position=\"53% 40%\" srcset=\"https:\/\/www.vonin.com\/wp-content\/uploads\/2021\/06\/labor-day-scaled.jpg 2560w, https:\/\/www.vonin.com\/wp-content\/uploads\/2021\/06\/labor-day-800x534.jpg 800w, https:\/\/www.vonin.com\/wp-content\/uploads\/2021\/06\/labor-day-1600x1069.jpg 1600w, https:\/\/www.vonin.com\/wp-content\/uploads\/2021\/06\/labor-day-768x513.jpg 768w, https:\/\/www.vonin.com\/wp-content\/uploads\/2021\/06\/labor-day-200x134.jpg 200w, https:\/\/www.vonin.com\/wp-content\/uploads\/2021\/06\/labor-day-1536x1026.jpg 1536w, https:\/\/www.vonin.com\/wp-content\/uploads\/2021\/06\/labor-day-2048x1368.jpg 2048w\" sizes=\"auto, (max-width: 2560px) 100vw, 2560px\" \/><div class=\"wp-block-cover__inner-container is-layout-flow wp-block-cover-is-layout-flow\">\n<p class=\"has-text-align-center has-large-font-size\"><strong><strong>Fiskeutstyr for verdens beste fiskere<\/strong><\/strong><\/p>\n<\/div><\/div>\n\n\n\n<div style=\"height:60px\" aria-hidden=\"true\" class=\"wp-block-spacer\"><\/div>\n\n\n\n<h2 class=\"wp-block-heading\">Hva gj\u00f8r V\u00f3nin-tr\u00e5len s\u00e5 enest\u00e5ende?<\/h2>\n\n\n\n<p>V\u00f3nin har omfattende erfaring med \u00e5 produsere pelagiske tr\u00e5ler for alle typer havfiske, og v\u00e5re tr\u00e5ler eksporteres til hele verden. V\u00f3nin-tr\u00e5lene brukes fra Nord-Atlanteren til S\u00f8r-Stillehavet av mange av verdens beste fiskefart\u00f8yer til fangst av en lang rekke arter. Men hva gj\u00f8r V\u00f3nin-tr\u00e5len s\u00e5 enest\u00e5ende? Svaret er design, h\u00e5ndverk og materiale.<\/p>\n\n\n\n<div style=\"height:60px\" aria-hidden=\"true\" class=\"wp-block-spacer\"><\/div>\n\n\n\n<div class=\"wp-block-media-text alignfull is-stacked-on-mobile is-image-fill has-light-light-grey-background-color has-background\"><figure class=\"wp-block-media-text__media\" style=\"background-image:url(https:\/\/www.vonin.com\/wp-content\/uploads\/2021\/05\/DSC00062-1-scaled.jpg);background-position:50% 50%\"><img loading=\"lazy\" decoding=\"async\" width=\"2560\" height=\"1710\" src=\"https:\/\/www.vonin.com\/wp-content\/uploads\/2021\/05\/DSC00062-1-scaled.jpg\" alt=\"\" class=\"wp-image-6629 size-full\" srcset=\"https:\/\/www.vonin.com\/wp-content\/uploads\/2021\/05\/DSC00062-1-scaled.jpg 2560w, https:\/\/www.vonin.com\/wp-content\/uploads\/2021\/05\/DSC00062-1-800x534.jpg 800w, https:\/\/www.vonin.com\/wp-content\/uploads\/2021\/05\/DSC00062-1-1600x1069.jpg 1600w, https:\/\/www.vonin.com\/wp-content\/uploads\/2021\/05\/DSC00062-1-768x513.jpg 768w, https:\/\/www.vonin.com\/wp-content\/uploads\/2021\/05\/DSC00062-1-200x134.jpg 200w, https:\/\/www.vonin.com\/wp-content\/uploads\/2021\/05\/DSC00062-1-1536x1026.jpg 1536w, https:\/\/www.vonin.com\/wp-content\/uploads\/2021\/05\/DSC00062-1-2048x1368.jpg 2048w\" sizes=\"auto, (max-width: 2560px) 100vw, 2560px\" \/><\/figure><div class=\"wp-block-media-text__content\">\n<div style=\"height:90px\" aria-hidden=\"true\" class=\"wp-block-spacer\"><\/div>\n\n\n\n<h2 class=\"wp-block-heading\">Design<\/h2>\n\n\n\n<p>V\u00f3nins pelagiske tr\u00e5ler er lette \u00e5 h\u00e5ndtere, og takket v\u00e6re den unike designen p\u00e5f\u00f8res de f\u00e5 skader. Det gj\u00f8r at de krever minimalt med vedlikehold, og at fisket blir mer effektivt. V\u00e5re pelagiske tr\u00e5ler er designet av v\u00e5re erfarne tr\u00e5lspesialister i tett samarbeid med fiskerne. Sofistikerte programmer for 3D-simulering brukes sammen med pr\u00f8vetankbes\u00f8k for \u00e5 optimalisere tr\u00e5lkonstruksjonene.<\/p>\n\n\n\n<p>Eiere av og skippere p\u00e5 tr\u00e5lfart\u00f8y kan dra fordel av erfaringene V\u00f3nin har opparbeidet seg, og f\u00e5 skreddersydde tr\u00e5ler som er designet for \u00e5 tilfredsstille den enkelte skippers krav og fart\u00f8yets dimensjoner.<\/p>\n\n\n\n<div style=\"height:60px\" aria-hidden=\"true\" class=\"wp-block-spacer\"><\/div>\n<\/div><\/div>\n\n\n\n<div class=\"wp-block-media-text alignfull has-media-on-the-right is-stacked-on-mobile is-image-fill has-light-light-grey-background-color has-background\"><div class=\"wp-block-media-text__content\">\n<div style=\"height:90px\" aria-hidden=\"true\" class=\"wp-block-spacer\"><\/div>\n\n\n\n<h2 class=\"wp-block-heading\">H\u00e5ndverk<\/h2>\n\n\n\n<p>V\u00f3nin er stolt av \u00e5 kunne bringe gamle h\u00e5ndverkstradisjoner videre. Selv i det 21. \u00e5rhundre er det ingenting som kan erstatte godt h\u00e5ndlag og \u00f8ye for detaljer.<\/p>\n\n\n\n<p>Mange \u00e5rs erfaring og tett samarbeid med fiskere innen mange former for fiske har vist at det l\u00f8nner seg \u00e5 ta seg god tid n\u00e5r man skal lage et produkt. Jo n\u00f8yere man er p\u00e5 b\u00f8teriet, desto mindre tid trenger fiskerne \u00e5 bruke p\u00e5 \u00e5 lappe og reparere utstyr om bord.<\/p>\n\n\n\n<div style=\"height:60px\" aria-hidden=\"true\" class=\"wp-block-spacer\"><\/div>\n<\/div><figure class=\"wp-block-media-text__media\" style=\"background-image:url(https:\/\/www.vonin.com\/wp-content\/uploads\/2021\/04\/workmanship_vonin3.jpg);background-position:50% 50%\"><img loading=\"lazy\" decoding=\"async\" width=\"2560\" height=\"1707\" src=\"https:\/\/www.vonin.com\/wp-content\/uploads\/2021\/04\/workmanship_vonin3.jpg\" alt=\"\" class=\"wp-image-5191 size-full\" srcset=\"https:\/\/www.vonin.com\/wp-content\/uploads\/2021\/04\/workmanship_vonin3.jpg 2560w, https:\/\/www.vonin.com\/wp-content\/uploads\/2021\/04\/workmanship_vonin3-800x533.jpg 800w, https:\/\/www.vonin.com\/wp-content\/uploads\/2021\/04\/workmanship_vonin3-1600x1067.jpg 1600w, https:\/\/www.vonin.com\/wp-content\/uploads\/2021\/04\/workmanship_vonin3-768x512.jpg 768w, https:\/\/www.vonin.com\/wp-content\/uploads\/2021\/04\/workmanship_vonin3-200x133.jpg 200w, https:\/\/www.vonin.com\/wp-content\/uploads\/2021\/04\/workmanship_vonin3-1536x1024.jpg 1536w\" sizes=\"auto, (max-width: 2560px) 100vw, 2560px\" \/><\/figure><\/div>\n\n\n\n<div class=\"wp-block-media-text alignfull is-stacked-on-mobile is-image-fill has-light-light-grey-background-color has-background\"><figure class=\"wp-block-media-text__media\" style=\"background-image:url(https:\/\/www.vonin.com\/wp-content\/uploads\/2021\/04\/material_vonin.jpg);background-position:50% 50%\"><img loading=\"lazy\" decoding=\"async\" width=\"2560\" height=\"1707\" src=\"https:\/\/www.vonin.com\/wp-content\/uploads\/2021\/04\/material_vonin.jpg\" alt=\"\" class=\"wp-image-5185 size-full\" srcset=\"https:\/\/www.vonin.com\/wp-content\/uploads\/2021\/04\/material_vonin.jpg 2560w, https:\/\/www.vonin.com\/wp-content\/uploads\/2021\/04\/material_vonin-800x533.jpg 800w, https:\/\/www.vonin.com\/wp-content\/uploads\/2021\/04\/material_vonin-1600x1067.jpg 1600w, https:\/\/www.vonin.com\/wp-content\/uploads\/2021\/04\/material_vonin-768x512.jpg 768w, https:\/\/www.vonin.com\/wp-content\/uploads\/2021\/04\/material_vonin-200x133.jpg 200w, https:\/\/www.vonin.com\/wp-content\/uploads\/2021\/04\/material_vonin-1536x1024.jpg 1536w\" sizes=\"auto, (max-width: 2560px) 100vw, 2560px\" \/><\/figure><div class=\"wp-block-media-text__content\">\n<div style=\"height:90px\" aria-hidden=\"true\" class=\"wp-block-spacer\"><\/div>\n\n\n\n<h2 class=\"wp-block-heading\">Materiale<\/h2>\n\n\n\n<p>Men det er ikke bare godt h\u00e5ndverk som er viktig. V\u00f3nin har erfart at det i det lange l\u00f8p ogs\u00e5 l\u00f8nner \u00e5 bruke materialer av h\u00f8y kvalitet. Det er alltid mulig \u00e5 finne billigere alternativer, men \u00e5 finne alternativer som er mer slitesterkere, er verre, og V\u00f3nin bruker utvalgte leverand\u00f8rer til alt fra nett til tau, kjetting og annet utstyr.<\/p>\n\n\n\n<p>Erfaring har vist at lettere materialer er bedre \u00e5 fiske med. Derfor bygger vi tr\u00e5lene v\u00e5re med sterkt og lett materiale.<\/p>\n\n\n\n<div style=\"height:60px\" aria-hidden=\"true\" class=\"wp-block-spacer\"><\/div>\n\n\n\n<p><\/p>\n<\/div><\/div>\n\n\n\n<div style=\"height:60px\" aria-hidden=\"true\" class=\"wp-block-spacer\"><\/div>\n\n\n\n<h2 class=\"wp-block-heading\">Skreddersydde l\u00f8sninger<\/h2>\n\n\n\n<p>Vi kan lage det du trenger \u2013 fra tr\u00e5ler med h\u00f8y loddrett \u00e5pning til tr\u00e5ler med bred vannrett spredning \u2013 eller tr\u00e5ler med lange vinger. Har dere behov for en kraftig tr\u00e5l som t\u00e5ler belastninger og t\u00f8ff behandling, s\u00e5 lager vi den. Og er du er ute etter en lett tr\u00e5l som skal slepes ved h\u00f8y hastighet, kan vi komme med forslag til en egnet design.<\/p>\n\n\n\n<div style=\"height:60px\" aria-hidden=\"true\" class=\"wp-block-spacer\"><\/div>\n\n\n\n<div class=\"wp-block-cover alignfull\" style=\"min-height:617px;aspect-ratio:unset;\"><span aria-hidden=\"true\" class=\"wp-block-cover__background has-background-dim\"><\/span><img loading=\"lazy\" decoding=\"async\" width=\"2560\" height=\"1707\" class=\"wp-block-cover__image-background wp-image-3341\" alt=\"\" src=\"https:\/\/www.vonin.com\/wp-content\/uploads\/2021\/03\/DSC_3100.jpg\" data-object-fit=\"cover\" srcset=\"https:\/\/www.vonin.com\/wp-content\/uploads\/2021\/03\/DSC_3100.jpg 2560w, https:\/\/www.vonin.com\/wp-content\/uploads\/2021\/03\/DSC_3100-800x533.jpg 800w, https:\/\/www.vonin.com\/wp-content\/uploads\/2021\/03\/DSC_3100-1600x1067.jpg 1600w, https:\/\/www.vonin.com\/wp-content\/uploads\/2021\/03\/DSC_3100-768x512.jpg 768w, https:\/\/www.vonin.com\/wp-content\/uploads\/2021\/03\/DSC_3100-200x133.jpg 200w, https:\/\/www.vonin.com\/wp-content\/uploads\/2021\/03\/DSC_3100-1536x1024.jpg 1536w\" sizes=\"auto, (max-width: 2560px) 100vw, 2560px\" \/><div class=\"wp-block-cover__inner-container is-layout-flow wp-block-cover-is-layout-flow\">\n<p class=\"has-text-align-center has-large-font-size\">Service<\/p>\n\n\n\n<p class=\"has-text-align-center\">F\u00f8rsteklasses service som tilfredsstiller kundenes behov.<\/p>\n\n\n\n<div class=\"wp-block-buttons alignfull is-horizontal is-content-justification-center is-layout-flex wp-container-core-buttons-is-layout-499968f5 wp-block-buttons-is-layout-flex\">\n<div class=\"wp-block-button is-style-outline is-style-outline--1\"><a class=\"wp-block-button__link has-white-color has-white-background-color has-text-color has-background wp-element-button\" href=\"https:\/\/www.vonin.com\/no\/fiskeutstyr\/service\/\">LES MER<\/a><\/div>\n<\/div>\n<\/div><\/div>\n","protected":false},"excerpt":{"rendered":"<p>Hva gj\u00f8r V\u00f3nin-tr\u00e5len s\u00e5 enest\u00e5ende? V\u00f3nin har omfattende erfaring med \u00e5 produsere pelagiske tr\u00e5ler for alle typer havfiske, og v\u00e5re tr\u00e5ler eksporteres til hele verden. V\u00f3nin-tr\u00e5lene brukes fra Nord-Atlanteren til S\u00f8r-Stillehavet av mange av verdens beste fiskefart\u00f8yer til fangst av en lang rekke arter. Men hva gj\u00f8r V\u00f3nin-tr\u00e5len s\u00e5 enest\u00e5ende? Svaret er design, h\u00e5ndverk og [&hellip;]<\/p>\n","protected":false},"author":3,"featured_media":0,"parent":0,"menu_order":0,"comment_status":"closed","ping_status":"closed","template":"","meta":{"_acf_changed":false,"content-type":"","footnotes":""},"class_list":["post-11926","page","type-page","status-publish","hentry"],"acf":[],"yoast_head":"<!-- This site is optimized with the Yoast SEO plugin v27.5 - https:\/\/yoast.com\/product\/yoast-seo-wordpress\/ -->\n<title>pelagic workmanship - V\u00f3nin<\/title>\n<meta name=\"robots\" content=\"index, follow, max-snippet:-1, max-image-preview:large, max-video-preview:-1\" \/>\n<link rel=\"canonical\" href=\"https:\/\/www.vonin.com\/no\/pelagic-workmanship\/\" \/>\n<meta property=\"og:locale\" content=\"nb_NO\" \/>\n<meta property=\"og:type\" content=\"article\" \/>\n<meta property=\"og:title\" content=\"pelagic workmanship - V\u00f3nin\" \/>\n<meta property=\"og:description\" content=\"Hva gj\u00f8r V\u00f3nin-tr\u00e5len s\u00e5 enest\u00e5ende? V\u00f3nin har omfattende erfaring med \u00e5 produsere pelagiske tr\u00e5ler for alle typer havfiske, og v\u00e5re tr\u00e5ler eksporteres til hele verden. V\u00f3nin-tr\u00e5lene brukes fra Nord-Atlanteren til S\u00f8r-Stillehavet av mange av verdens beste fiskefart\u00f8yer til fangst av en lang rekke arter. Men hva gj\u00f8r V\u00f3nin-tr\u00e5len s\u00e5 enest\u00e5ende? Svaret er design, h\u00e5ndverk og [&hellip;]\" \/>\n<meta property=\"og:url\" content=\"https:\/\/www.vonin.com\/no\/pelagic-workmanship\/\" \/>\n<meta property=\"og:site_name\" content=\"V\u00f3nin\" \/>\n<meta property=\"article:modified_time\" content=\"2023-03-15T11:06:59+00:00\" \/>\n<meta property=\"og:image\" content=\"https:\/\/www.vonin.com\/wp-content\/uploads\/2021\/06\/labor-day-scaled.jpg\" \/>\n<meta name=\"twitter:card\" content=\"summary_large_image\" \/>\n<meta name=\"twitter:label1\" content=\"Ansl. lesetid\" \/>\n\t<meta name=\"twitter:data1\" content=\"4 minutter\" \/>\n<script type=\"application\/ld+json\" class=\"yoast-schema-graph\">{\"@context\":\"https:\\\/\\\/schema.org\",\"@graph\":[{\"@type\":\"WebPage\",\"@id\":\"https:\\\/\\\/www.vonin.com\\\/no\\\/pelagic-workmanship\\\/\",\"url\":\"https:\\\/\\\/www.vonin.com\\\/no\\\/pelagic-workmanship\\\/\",\"name\":\"pelagic workmanship - V\u00f3nin\",\"isPartOf\":{\"@id\":\"https:\\\/\\\/www.vonin.com\\\/#website\"},\"primaryImageOfPage\":{\"@id\":\"https:\\\/\\\/www.vonin.com\\\/no\\\/pelagic-workmanship\\\/#primaryimage\"},\"image\":{\"@id\":\"https:\\\/\\\/www.vonin.com\\\/no\\\/pelagic-workmanship\\\/#primaryimage\"},\"thumbnailUrl\":\"https:\\\/\\\/www.vonin.com\\\/wp-content\\\/uploads\\\/2021\\\/06\\\/labor-day-scaled.jpg\",\"datePublished\":\"2023-02-06T12:27:09+00:00\",\"dateModified\":\"2023-03-15T11:06:59+00:00\",\"breadcrumb\":{\"@id\":\"https:\\\/\\\/www.vonin.com\\\/no\\\/pelagic-workmanship\\\/#breadcrumb\"},\"inLanguage\":\"nb-NO\",\"potentialAction\":[{\"@type\":\"ReadAction\",\"target\":[\"https:\\\/\\\/www.vonin.com\\\/no\\\/pelagic-workmanship\\\/\"]}]},{\"@type\":\"ImageObject\",\"inLanguage\":\"nb-NO\",\"@id\":\"https:\\\/\\\/www.vonin.com\\\/no\\\/pelagic-workmanship\\\/#primaryimage\",\"url\":\"https:\\\/\\\/www.vonin.com\\\/wp-content\\\/uploads\\\/2021\\\/06\\\/labor-day-scaled.jpg\",\"contentUrl\":\"https:\\\/\\\/www.vonin.com\\\/wp-content\\\/uploads\\\/2021\\\/06\\\/labor-day-scaled.jpg\"},{\"@type\":\"BreadcrumbList\",\"@id\":\"https:\\\/\\\/www.vonin.com\\\/no\\\/pelagic-workmanship\\\/#breadcrumb\",\"itemListElement\":[{\"@type\":\"ListItem\",\"position\":1,\"name\":\"V\u00f3nin\",\"item\":\"https:\\\/\\\/www.vonin.com\\\/no\\\/\"},{\"@type\":\"ListItem\",\"position\":2,\"name\":\"pelagic workmanship\"}]},{\"@type\":\"WebSite\",\"@id\":\"https:\\\/\\\/www.vonin.com\\\/#website\",\"url\":\"https:\\\/\\\/www.vonin.com\\\/\",\"name\":\"V\u00f3nin\",\"description\":\"V\u00f3nin is a major developer and manufacturer of high quality fishing gear and aquaculture equipment as well as supplying equipment to the offshore industry and land based industry.\",\"potentialAction\":[{\"@type\":\"SearchAction\",\"target\":{\"@type\":\"EntryPoint\",\"urlTemplate\":\"https:\\\/\\\/www.vonin.com\\\/?s={search_term_string}\"},\"query-input\":{\"@type\":\"PropertyValueSpecification\",\"valueRequired\":true,\"valueName\":\"search_term_string\"}}],\"inLanguage\":\"nb-NO\"}]}<\/script>\n<!-- \/ Yoast SEO plugin. -->","yoast_head_json":{"title":"pelagic workmanship - V\u00f3nin","robots":{"index":"index","follow":"follow","max-snippet":"max-snippet:-1","max-image-preview":"max-image-preview:large","max-video-preview":"max-video-preview:-1"},"canonical":"https:\/\/www.vonin.com\/no\/pelagic-workmanship\/","og_locale":"nb_NO","og_type":"article","og_title":"pelagic workmanship - V\u00f3nin","og_description":"Hva gj\u00f8r V\u00f3nin-tr\u00e5len s\u00e5 enest\u00e5ende? V\u00f3nin har omfattende erfaring med \u00e5 produsere pelagiske tr\u00e5ler for alle typer havfiske, og v\u00e5re tr\u00e5ler eksporteres til hele verden. V\u00f3nin-tr\u00e5lene brukes fra Nord-Atlanteren til S\u00f8r-Stillehavet av mange av verdens beste fiskefart\u00f8yer til fangst av en lang rekke arter. Men hva gj\u00f8r V\u00f3nin-tr\u00e5len s\u00e5 enest\u00e5ende? Svaret er design, h\u00e5ndverk og [&hellip;]","og_url":"https:\/\/www.vonin.com\/no\/pelagic-workmanship\/","og_site_name":"V\u00f3nin","article_modified_time":"2023-03-15T11:06:59+00:00","og_image":[{"url":"https:\/\/www.vonin.com\/wp-content\/uploads\/2021\/06\/labor-day-scaled.jpg","type":"","width":"","height":""}],"twitter_card":"summary_large_image","twitter_misc":{"Ansl. lesetid":"4 minutter"},"schema":{"@context":"https:\/\/schema.org","@graph":[{"@type":"WebPage","@id":"https:\/\/www.vonin.com\/no\/pelagic-workmanship\/","url":"https:\/\/www.vonin.com\/no\/pelagic-workmanship\/","name":"pelagic workmanship - V\u00f3nin","isPartOf":{"@id":"https:\/\/www.vonin.com\/#website"},"primaryImageOfPage":{"@id":"https:\/\/www.vonin.com\/no\/pelagic-workmanship\/#primaryimage"},"image":{"@id":"https:\/\/www.vonin.com\/no\/pelagic-workmanship\/#primaryimage"},"thumbnailUrl":"https:\/\/www.vonin.com\/wp-content\/uploads\/2021\/06\/labor-day-scaled.jpg","datePublished":"2023-02-06T12:27:09+00:00","dateModified":"2023-03-15T11:06:59+00:00","breadcrumb":{"@id":"https:\/\/www.vonin.com\/no\/pelagic-workmanship\/#breadcrumb"},"inLanguage":"nb-NO","potentialAction":[{"@type":"ReadAction","target":["https:\/\/www.vonin.com\/no\/pelagic-workmanship\/"]}]},{"@type":"ImageObject","inLanguage":"nb-NO","@id":"https:\/\/www.vonin.com\/no\/pelagic-workmanship\/#primaryimage","url":"https:\/\/www.vonin.com\/wp-content\/uploads\/2021\/06\/labor-day-scaled.jpg","contentUrl":"https:\/\/www.vonin.com\/wp-content\/uploads\/2021\/06\/labor-day-scaled.jpg"},{"@type":"BreadcrumbList","@id":"https:\/\/www.vonin.com\/no\/pelagic-workmanship\/#breadcrumb","itemListElement":[{"@type":"ListItem","position":1,"name":"V\u00f3nin","item":"https:\/\/www.vonin.com\/no\/"},{"@type":"ListItem","position":2,"name":"pelagic workmanship"}]},{"@type":"WebSite","@id":"https:\/\/www.vonin.com\/#website","url":"https:\/\/www.vonin.com\/","name":"V\u00f3nin","description":"V\u00f3nin is a major developer and manufacturer of high quality fishing gear and aquaculture equipment as well as supplying equipment to the offshore industry and land based industry.","potentialAction":[{"@type":"SearchAction","target":{"@type":"EntryPoint","urlTemplate":"https:\/\/www.vonin.com\/?s={search_term_string}"},"query-input":{"@type":"PropertyValueSpecification","valueRequired":true,"valueName":"search_term_string"}}],"inLanguage":"nb-NO"}]}},"_links":{"self":[{"href":"https:\/\/www.vonin.com\/no\/wp-json\/wp\/v2\/pages\/11926","targetHints":{"allow":["GET"]}}],"collection":[{"href":"https:\/\/www.vonin.com\/no\/wp-json\/wp\/v2\/pages"}],"about":[{"href":"https:\/\/www.vonin.com\/no\/wp-json\/wp\/v2\/types\/page"}],"author":[{"embeddable":true,"href":"https:\/\/www.vonin.com\/no\/wp-json\/wp\/v2\/users\/3"}],"replies":[{"embeddable":true,"href":"https:\/\/www.vonin.com\/no\/wp-json\/wp\/v2\/comments?post=11926"}],"version-history":[{"count":3,"href":"https:\/\/www.vonin.com\/no\/wp-json\/wp\/v2\/pages\/11926\/revisions"}],"predecessor-version":[{"id":13910,"href":"https:\/\/www.vonin.com\/no\/wp-json\/wp\/v2\/pages\/11926\/revisions\/13910"}],"wp:attachment":[{"href":"https:\/\/www.vonin.com\/no\/wp-json\/wp\/v2\/media?parent=11926"}],"curies":[{"name":"wp","href":"https:\/\/api.w.org\/{rel}","templated":true}]}}