{"id":11924,"date":"2022-10-06T13:35:56","date_gmt":"2022-10-06T13:35:56","guid":{"rendered":"https:\/\/www.vonin.com\/?page_id=11924"},"modified":"2025-12-17T09:38:47","modified_gmt":"2025-12-17T09:38:47","slug":"traldorer","status":"publish","type":"page","link":"https:\/\/www.vonin.com\/no\/fiskeutstyr\/traldorer\/","title":{"rendered":"Tr\u00e5ld\u00f8rer"},"content":{"rendered":"\n<div class=\"wp-block-cover alignfull\" style=\"min-height:617px;aspect-ratio:unset;\"><span aria-hidden=\"true\" class=\"wp-block-cover__background has-black-background-color has-background-dim-30 has-background-dim\"><\/span><img loading=\"lazy\" decoding=\"async\" width=\"2560\" height=\"1350\" class=\"wp-block-cover__image-background wp-image-37545\" alt=\"\" src=\"https:\/\/www.vonin.com\/wp-content\/uploads\/2024\/05\/christina_s-1.jpg\" data-object-fit=\"cover\" srcset=\"https:\/\/www.vonin.com\/wp-content\/uploads\/2024\/05\/christina_s-1.jpg 2560w, https:\/\/www.vonin.com\/wp-content\/uploads\/2024\/05\/christina_s-1-800x422.jpg 800w, https:\/\/www.vonin.com\/wp-content\/uploads\/2024\/05\/christina_s-1-1600x844.jpg 1600w, https:\/\/www.vonin.com\/wp-content\/uploads\/2024\/05\/christina_s-1-768x405.jpg 768w, https:\/\/www.vonin.com\/wp-content\/uploads\/2024\/05\/christina_s-1-200x105.jpg 200w, https:\/\/www.vonin.com\/wp-content\/uploads\/2024\/05\/christina_s-1-1536x810.jpg 1536w, https:\/\/www.vonin.com\/wp-content\/uploads\/2024\/05\/christina_s-1-2048x1080.jpg 2048w\" sizes=\"auto, (max-width: 2560px) 100vw, 2560px\" \/><div class=\"wp-block-cover__inner-container is-layout-flow wp-block-cover-is-layout-flow\">\n<h1 class=\"wp-block-heading has-text-align-center has-large-font-size\"><strong>Tr\u00e5ld\u00f8rer<\/strong><\/h1>\n<\/div><\/div>\n\n\n<div id=\"breadcrumbs-block_c903fded46d8f01b1db6e162b6a32c1e\" class=\"lunnar-breadcrumbs\">\n    \n    <p id=\"breadcrumbs\"><span><span><a href=\"https:\/\/www.vonin.com\/no\/\">V\u00f3nin<\/a><\/span><\/span><\/p>    \n<\/div>\n\n\n\n<div style=\"height:60px\" aria-hidden=\"true\" class=\"wp-block-spacer\"><\/div>\n\n\n\n<h2 class=\"wp-block-heading\">Innovative tr\u00e5ld\u00f8rer<\/h2>\n\n\n\n<p>Da vi bestemte oss for \u00e5 lage v\u00e5re egne tr\u00e5ld\u00f8rer, ville vi ikke bare \u00e5 lage noe som alle andre laget \u2013 vi ville v\u00e6re innovative og rett og slett gj\u00f8re tr\u00e5ld\u00f8rene v\u00e5re bedre p\u00e5 alle m\u00e5ter.<\/p>\n\n\n\n<div style=\"height:30px\" aria-hidden=\"true\" class=\"wp-block-spacer\"><\/div>\n\n\n\n<hr class=\"wp-block-separator has-css-opacity is-style-wide\"\/>\n\n\n\n<div style=\"height:30px\" aria-hidden=\"true\" class=\"wp-block-spacer\"><\/div>\n\n\n\n<div id=\"products-block_38ef86f96f7384a60688d987bf9c397a\" class=\"beak-products product-list\">\n\t    \n                    \n            \n<a href=\"https:\/\/www.vonin.com\/no\/product\/vonin-storm\/\" class=\"product-card post-id-11978\">\n        <div class=\"product-card--content-image\">\n                                        <img loading=\"lazy\" decoding=\"async\" src=\"https:\/\/www.vonin.com\/wp-content\/uploads\/2021\/02\/vonin-storm-trawl-doors-800x584.jpg\" width=\"800\" height=\"584\" alt=\"\" style=\"object-position: \">\n                        <\/div>\n\n        <div class=\"product-card--content-text\">\n                <div class=\"product-card--title\">V\u00f3nin Storm<\/div>\n\n                <div class=\"product-card--description line-clamp\">Storm 2 bunntr\u00e5ld\u00f8rer Da V\u00f3nin satte seg fore \u00e5 komme seg inn p\u00e5 markedet for tr\u00e5ld\u00f8rer, startet selskapets designere med en liste over krav til en ny d\u00f8rkonstruksjon som skulle dekke behovene til bunntr\u00e5lere som tr\u00e5ler p\u00e5 t\u00f8ffe fiskefelter og i omr\u00e5der der havis regelmessig kan v\u00e6re en utfordring. Resultatet ble Storm-designet, en sterk og [&hellip;]<\/div>\n        <\/div>\n<\/a>        \n                            \n            \n<a href=\"https:\/\/www.vonin.com\/no\/?post_type=product&#038;p=11980\" class=\"product-card post-id-11980\">\n        <div class=\"product-card--content-image\">\n                                        <img loading=\"lazy\" decoding=\"async\" src=\"https:\/\/www.vonin.com\/wp-content\/uploads\/2021\/02\/Tornado-trawl-doors-Christina-S-Resolute-800x533.jpg\" width=\"800\" height=\"533\" alt=\"\" style=\"object-position: \">\n                        <\/div>\n\n        <div class=\"product-card--content-text\">\n                <div class=\"product-card--title\">V\u00f3nin Tornado<\/div>\n\n                <div class=\"product-card--description line-clamp\">Genererer ekstremt l\u00f8ft Tr\u00e5ld\u00f8ren Tornado er annerledes og innovativ. Denne pelagiske tr\u00e5ld\u00f8ren er utstyrt med fem folier og v\u00e5r revolusjonerende, patenterte Flow Booster-teknologi. Flow Booster er ment \u00e5 \u00f8ke vanngjennomstr\u00f8mningen gjennom foliene og har vist seg \u00e5 skape ekstremt h\u00f8yt l\u00f8ft; teknologien kan vise til noen av de mest imponerende tallene for tr\u00e5ld\u00f8rer p\u00e5 markedet. [&hellip;]<\/div>\n        <\/div>\n<\/a>        \n                            \n            \n<a href=\"https:\/\/www.vonin.com\/no\/product\/vonin-twister\/\" class=\"product-card post-id-11982\">\n        <div class=\"product-card--content-image\">\n                                        <img loading=\"lazy\" decoding=\"async\" src=\"https:\/\/www.vonin.com\/wp-content\/uploads\/2021\/10\/twister-2-800x542.jpg\" width=\"800\" height=\"542\" alt=\"\" style=\"object-position: \">\n                        <\/div>\n\n        <div class=\"product-card--content-text\">\n                <div class=\"product-card--title\">V\u00f3nin Twister<\/div>\n\n                <div class=\"product-card--description line-clamp\">Styres direkte fra broen p\u00e5 skipet Twister ble f\u00f8rst lansert i 2020 som manuelle tr\u00e5ld\u00f8rer og ble umiddelbart en suksess. Siden da har Twister-d\u00f8rene konsekvent vist overlegne spredningskraft, stabilitet og fleksibilitet sammenlignet med tidligere design. Med integrasjonen av aktiv kontrollteknologi har Twister-d\u00f8rene utviklet seg til \u00e5 bli semi-automatiske. Denne funksjonaliteten gj\u00f8r det mulig for operat\u00f8rer [&hellip;]<\/div>\n        <\/div>\n<\/a>        \n            <\/div>\n\n\n<div style=\"height:30px\" aria-hidden=\"true\" class=\"wp-block-spacer\"><\/div>\n\n\n\n<hr class=\"wp-block-separator has-css-opacity is-style-wide\"\/>\n\n\n\n<div style=\"height:30px\" aria-hidden=\"true\" class=\"wp-block-spacer\"><\/div>\n\n\n\n<h2 class=\"wp-block-heading\">Innovasjon<\/h2>\n\n\n\n<p>Det er ikke gjort i en fei \u00e5 utvikle tr\u00e5ld\u00f8rer \u2013 det m\u00e5 omfattende datamodellering og CFD-analyser til for \u00e5 gj\u00f8re d\u00f8rene s\u00e5 effektive og stabile som mulig. Neste trinn er \u00e5 pr\u00f8ve ut skalamodeller i pr\u00f8vetanken, og deretter m\u00e5 det gjennomf\u00f8res fullskala testing til sj\u00f8s og en lang pr\u00f8veperiode for \u00e5 bekrefte b\u00e5de effektivitet og langsiktig holdbarhet.<\/p>\n\n\n\n<div class=\"wp-block-group\"><div class=\"wp-block-group__inner-container is-layout-flow wp-block-group-is-layout-flow\">\n<div class=\"wp-block-columns is-layout-flex wp-container-core-columns-is-layout-9d6595d7 wp-block-columns-is-layout-flex\">\n<div class=\"wp-block-column is-layout-flow wp-block-column-is-layout-flow\"><div class=\"wp-block-image\">\n<figure class=\"aligncenter size-large is-resized\"><img loading=\"lazy\" decoding=\"async\" width=\"1600\" height=\"901\" src=\"https:\/\/www.vonin.com\/wp-content\/uploads\/2021\/04\/StormAoA30_presCont_highRes1-edited-1600x901.jpg\" alt=\"\" class=\"wp-image-5429\" style=\"width:842px;height:474px\" srcset=\"https:\/\/www.vonin.com\/wp-content\/uploads\/2021\/04\/StormAoA30_presCont_highRes1-edited-1600x901.jpg 1600w, https:\/\/www.vonin.com\/wp-content\/uploads\/2021\/04\/StormAoA30_presCont_highRes1-edited-800x450.jpg 800w, https:\/\/www.vonin.com\/wp-content\/uploads\/2021\/04\/StormAoA30_presCont_highRes1-edited-768x432.jpg 768w, https:\/\/www.vonin.com\/wp-content\/uploads\/2021\/04\/StormAoA30_presCont_highRes1-edited-200x113.jpg 200w, https:\/\/www.vonin.com\/wp-content\/uploads\/2021\/04\/StormAoA30_presCont_highRes1-edited-1536x865.jpg 1536w, https:\/\/www.vonin.com\/wp-content\/uploads\/2021\/04\/StormAoA30_presCont_highRes1-edited.jpg 1920w\" sizes=\"auto, (max-width: 1600px) 100vw, 1600px\" \/><\/figure>\n<\/div><\/div>\n\n\n\n<div class=\"wp-block-column is-layout-flow wp-block-column-is-layout-flow\">\n<figure class=\"wp-block-image size-large\"><img loading=\"lazy\" decoding=\"async\" width=\"2555\" height=\"1437\" src=\"https:\/\/www.vonin.com\/wp-content\/uploads\/2021\/04\/storm-edited-1.jpg\" alt=\"\" class=\"wp-image-5436\" srcset=\"https:\/\/www.vonin.com\/wp-content\/uploads\/2021\/04\/storm-edited-1.jpg 2555w, https:\/\/www.vonin.com\/wp-content\/uploads\/2021\/04\/storm-edited-1-800x450.jpg 800w, https:\/\/www.vonin.com\/wp-content\/uploads\/2021\/04\/storm-edited-1-1600x900.jpg 1600w, https:\/\/www.vonin.com\/wp-content\/uploads\/2021\/04\/storm-edited-1-768x432.jpg 768w, https:\/\/www.vonin.com\/wp-content\/uploads\/2021\/04\/storm-edited-1-200x112.jpg 200w, https:\/\/www.vonin.com\/wp-content\/uploads\/2021\/04\/storm-edited-1-1536x864.jpg 1536w, https:\/\/www.vonin.com\/wp-content\/uploads\/2021\/04\/storm-edited-1-2048x1152.jpg 2048w\" sizes=\"auto, (max-width: 2555px) 100vw, 2555px\" \/><\/figure>\n<\/div>\n<\/div>\n<\/div><\/div>\n\n\n\n<div style=\"height:70px\" aria-hidden=\"true\" class=\"wp-block-spacer\"><\/div>\n\n\n\n<hr class=\"wp-block-separator has-css-opacity is-style-wide\"\/>\n\n\n\n<h2 class=\"wp-block-heading\">Salgsteam<\/h2>\n\n\n\n<div style=\"height:30px\" aria-hidden=\"true\" class=\"wp-block-spacer\"><\/div>\n\n\n\n<script>\n    employeeBlockData['employees-block_6eb93dff6daf0b72816e38de9d49be8b'] = '[{\"title\":\"Frank Larsen\",\"job_title\":\"Segmentleder - Not\",\"phone\":\"+47 90 84 52 35\",\"email\":\"frank.larsen@refa.no\",\"permalink\":\"https:\\\/\\\/www.vonin.com\\\/no\\\/contacts\\\/frank-larsen\\\/\",\"post_id\":12065,\"thumbnail_id\":13163,\"image\":\"https:\\\/\\\/www.vonin.com\\\/wp-content\\\/uploads\\\/2021\\\/03\\\/Frank-Larsen-1-800x533.jpg\",\"image_width\":800,\"image_height\":533,\"focal_points\":\"49.8381% 3.7149%\"},{\"title\":\"John S\\u00f8rensen\",\"job_title\":\"Avdelingsleder -Troms\\u00f8\",\"phone\":\"+47 99 31 00 99\",\"email\":\"john.sorensen@refa.no\",\"permalink\":\"https:\\\/\\\/www.vonin.com\\\/no\\\/contacts\\\/john-sorensen\\\/\",\"post_id\":12039,\"thumbnail_id\":13187,\"image\":\"https:\\\/\\\/www.vonin.com\\\/wp-content\\\/uploads\\\/2022\\\/05\\\/John-Sorensen-800x533.jpg\",\"image_width\":800,\"image_height\":533,\"focal_points\":\"49.8381% 1.5610%\"},{\"title\":\"Robin S\\u00e6thre\",\"job_title\":\"Selger - Tr\\u00e5l\",\"phone\":\"+47 902 75 083\",\"email\":\"robin.sathre@refa.no\",\"permalink\":\"https:\\\/\\\/www.vonin.com\\\/no\\\/contacts\\\/robin-saethre\\\/\",\"post_id\":12066,\"thumbnail_id\":13190,\"image\":\"https:\\\/\\\/www.vonin.com\\\/wp-content\\\/uploads\\\/2022\\\/09\\\/Robin-Saethre-800x533.jpg\",\"image_width\":800,\"image_height\":533,\"focal_points\":\"47.3405% 0.3109%\"},{\"title\":\"Geir Mikalsen\",\"job_title\":\"Selger - Tr\\u00e5l\",\"phone\":\"+47 90 13 25 38\",\"email\":\"geir.mikalsen@refa.no\",\"permalink\":\"https:\\\/\\\/www.vonin.com\\\/no\\\/contacts\\\/geir-mikalsen\\\/\",\"post_id\":12062,\"thumbnail_id\":13181,\"image\":\"https:\\\/\\\/www.vonin.com\\\/wp-content\\\/uploads\\\/2021\\\/03\\\/Geir-Mikalsen-800x533.jpg\",\"image_width\":800,\"image_height\":533,\"focal_points\":\"47.1740% 1.3110%\"},{\"title\":\"\\u00d3li \\u00e1 Gravarb\\u00f8\",\"job_title\":\"Salgs- og driftsleder - Pelagisk Tr\\u00e5l\",\"phone\":\"+298 230 223\",\"email\":\"og@vonin.com\",\"permalink\":\"https:\\\/\\\/www.vonin.com\\\/no\\\/contacts\\\/oli-a-gravarbo\\\/\",\"post_id\":12276,\"thumbnail_id\":11745,\"image\":\"https:\\\/\\\/www.vonin.com\\\/wp-content\\\/uploads\\\/2021\\\/10\\\/Oli-G-800x534.jpg\",\"image_width\":800,\"image_height\":534,\"focal_points\":\"48.0238% 1.6250%\"},{\"title\":\"Ronny M\\u00f8rch\",\"job_title\":\"Selger - Kyst & Not\",\"phone\":\"+47 45 60 11 15\",\"email\":\"ronny.morch@refa.no\",\"permalink\":\"https:\\\/\\\/www.vonin.com\\\/no\\\/contacts\\\/ronny-morch\\\/\",\"post_id\":12061,\"thumbnail_id\":14000,\"image\":\"https:\\\/\\\/www.vonin.com\\\/wp-content\\\/uploads\\\/2021\\\/03\\\/ronny-morch-800x533.jpg\",\"image_width\":800,\"image_height\":533,\"focal_points\":\"52.2827% 0.0000%\"}]';\n<\/script>\n\n\n<div id=\"employees-block_6eb93dff6daf0b72816e38de9d49be8b\" class=\"beak-employees\">\n    \n            <div class=\"employee-message-modal--tint\" v-if=\"selectedEmployee\" :class=\"{ 'is-visible': selectedEmployee }\"><\/div>\n<div class=\"employee-message-modal\" v-if=\"selectedEmployee\" :class=\"{ 'is-visible': selectedEmployee }\">\n    <div class=\"employee-message--content\">\n        <a href=\"#\" @click.prevent=\"toggleModal(null)\" class=\"emp-modal-close\"><img decoding=\"async\" src=\"https:\/\/www.vonin.com\/wp-content\/themes\/beak-vonin\/images\/icon-plus.svg\" class=\"injectable\" \/><\/a>\n        <h3 v-if=\"selectedEmployee\">Send e-post til:<br \/> <b>{{selectedEmployee.title}}<\/b><\/h3>\n\n        <div class=\"form-errors\" v-if=\"formErrors &#038;&#038; formErrors.length &#62; 0\">\n            <ul>\n                <li v-for=\"error in formErrors\">{{error}}<\/li>\n            <\/ul>\n        <\/div>\n\n        <p v-if=\"formSent\"><b>Din melding har blitt sendt.<\/b><\/p>\n\n        <div v-if=\"!formSent\">\n            <div class=\"form-input\">\n                <label>Navn<span class=\"required\">*<\/span><\/label>\n                <input type=\"text\" v-model=\"sendEmailForm.name\" \/>\n            <\/div>\n\n            <div class=\"form-input\">\n                <label>Selskap<span class=\"required\">*<\/span><\/label>\n                <input type=\"text\" v-model=\"sendEmailForm.company\" \/>\n            <\/div>\n\n            <div class=\"form-input\">\n                <label>E-post<span class=\"required\">*<\/span><\/label>\n                <input type=\"email\" v-model=\"sendEmailForm.email\" \/>\n            <\/div>\n\n            <div class=\"form-input\">\n                <label>Telefon<span class=\"required\">*<\/span><\/label>\n                <input type=\"text\" v-model=\"sendEmailForm.phone\" \/>\n            <\/div>\n\n            <div class=\"form-input\">\n                <label>Beskjed<span class=\"required\">*<\/span><\/label>\n                <textarea type=\"text\" v-model=\"sendEmailForm.message\"><\/textarea>\n            <\/div>\n\n            <input type=\"hidden\" v-model=\"sendEmailForm.formLumpari\" \/>\n\n            <button @click=\"sendMessage()\" :class=\"{ disabled: formPosting || (formSubmitted &#038;&#038; !formIsValid) }\">Send<\/button>\n        <\/div>\n    <\/div>\n<\/div>    \n            <div class=\"employee-cards\" v-if=\"people\">\n            <div v-for=\"(employee, index) in people\" class=\"employee-card swiper-slide\">\n    <div v-if=\"employee.image\" class=\"employee-card--content-image\">\n        <img v-if=\"employee.image\" :src=\"employee.image\" alt=\"\" :width=\"employee.image_width\" :height=\"employee.image_height\" :style=\"`object-position: ${employee.focal_points}`\" \/>\n    <\/div>\n\n    <div class=\"employee-card--content-text\">\n        <div v-if=\"employee.title\" class=\"employee-name\">{{ employee.title }}<\/div>\n\n        <div v-if=\"employee.people_locations?.length\" class=\"employee-location\">{{ getLocations(employee) }}<\/div>\n\n        <div v-if=\"employee.job_title\" class=\"employee-title\">{{ employee.job_title }}<\/div>\n\n        <div class=\"employee-contact\">\n            <div v-if=\"employee.phone\" class=\"employee-contact--item employee-contact--phone\">\n                <span>Telefon:<\/span>\n\n                <a :href=\"'tel:'+employee.phone\">{{ employee.phone }}<\/a>\n            <\/div>\n\n            <a href=\"#\" @click.prevent=\"toggleModal(employee)\" class=\"employee-send-email\">Send e-post<\/a>\n        <\/div>\n    <\/div>\n<\/div>        <\/div>\n    <\/div>\n\n\n<div style=\"height:60px\" aria-hidden=\"true\" class=\"wp-block-spacer\"><\/div>\n\n\n<div id=\"breadcrumbs-block_c903fded46d8f01b1db6e162b6a32c1e\" class=\"lunnar-breadcrumbs\">\n    \n    <p id=\"breadcrumbs\"><span><span><a href=\"https:\/\/www.vonin.com\/no\/\">V\u00f3nin<\/a><\/span><\/span><\/p>    \n<\/div>\n","protected":false},"excerpt":{"rendered":"<p>Innovative tr\u00e5ld\u00f8rer Da vi bestemte oss for \u00e5 lage v\u00e5re egne tr\u00e5ld\u00f8rer, ville vi ikke bare \u00e5 lage noe som alle andre laget \u2013 vi ville v\u00e6re innovative og rett og slett gj\u00f8re tr\u00e5ld\u00f8rene v\u00e5re bedre p\u00e5 alle m\u00e5ter. Innovasjon Det er ikke gjort i en fei \u00e5 utvikle tr\u00e5ld\u00f8rer \u2013 det m\u00e5 omfattende datamodellering [&hellip;]<\/p>\n","protected":false},"author":3,"featured_media":0,"parent":11901,"menu_order":0,"comment_status":"closed","ping_status":"closed","template":"","meta":{"_acf_changed":false,"content-type":"","footnotes":""},"class_list":["post-11924","page","type-page","status-publish","hentry"],"acf":[],"yoast_head":"<!-- This site is optimized with the Yoast SEO plugin v27.6 - https:\/\/yoast.com\/product\/yoast-seo-wordpress\/ -->\n<title>Innovative Tr\u00e5ld\u00f8rer - Twister Smart Doors - V\u00f3nin Refa<\/title>\n<meta name=\"description\" content=\"Vi har utviklet Twister Smart Doors med fokus p\u00e5 innovasjon og forbedring \u2013 bedre design, bedre ytelse. Kontakt oss.\" \/>\n<meta name=\"robots\" content=\"index, follow, max-snippet:-1, max-image-preview:large, max-video-preview:-1\" \/>\n<link rel=\"canonical\" href=\"https:\/\/www.vonin.com\/no\/fiskeutstyr\/traldorer\/\" \/>\n<meta property=\"og:locale\" content=\"nb_NO\" \/>\n<meta property=\"og:type\" content=\"article\" \/>\n<meta property=\"og:title\" content=\"Innovative Tr\u00e5ld\u00f8rer - Twister Smart Doors - V\u00f3nin Refa\" \/>\n<meta property=\"og:description\" content=\"Vi har utviklet Twister Smart Doors med fokus p\u00e5 innovasjon og forbedring \u2013 bedre design, bedre ytelse. Kontakt oss.\" \/>\n<meta property=\"og:url\" content=\"https:\/\/www.vonin.com\/no\/fiskeutstyr\/traldorer\/\" \/>\n<meta property=\"og:site_name\" content=\"V\u00f3nin\" \/>\n<meta property=\"article:modified_time\" content=\"2025-12-17T09:38:47+00:00\" \/>\n<meta property=\"og:image\" content=\"https:\/\/www.vonin.com\/wp-content\/uploads\/2024\/05\/christina_s-1.jpg\" \/>\n\t<meta property=\"og:image:width\" content=\"2560\" \/>\n\t<meta property=\"og:image:height\" content=\"1350\" \/>\n\t<meta property=\"og:image:type\" content=\"image\/jpeg\" \/>\n<meta name=\"twitter:card\" content=\"summary_large_image\" \/>\n<meta name=\"twitter:label1\" content=\"Ansl. lesetid\" \/>\n\t<meta name=\"twitter:data1\" content=\"2 minutter\" \/>\n<script type=\"application\/ld+json\" class=\"yoast-schema-graph\">{\"@context\":\"https:\\\/\\\/schema.org\",\"@graph\":[{\"@type\":\"WebPage\",\"@id\":\"https:\\\/\\\/www.vonin.com\\\/no\\\/fiskeutstyr\\\/traldorer\\\/\",\"url\":\"https:\\\/\\\/www.vonin.com\\\/no\\\/fiskeutstyr\\\/traldorer\\\/\",\"name\":\"Innovative Tr\u00e5ld\u00f8rer - Twister Smart Doors - V\u00f3nin Refa\",\"isPartOf\":{\"@id\":\"https:\\\/\\\/www.vonin.com\\\/#website\"},\"primaryImageOfPage\":{\"@id\":\"https:\\\/\\\/www.vonin.com\\\/no\\\/fiskeutstyr\\\/traldorer\\\/#primaryimage\"},\"image\":{\"@id\":\"https:\\\/\\\/www.vonin.com\\\/no\\\/fiskeutstyr\\\/traldorer\\\/#primaryimage\"},\"thumbnailUrl\":\"https:\\\/\\\/www.vonin.com\\\/wp-content\\\/uploads\\\/2024\\\/05\\\/christina_s-1.jpg\",\"datePublished\":\"2022-10-06T13:35:56+00:00\",\"dateModified\":\"2025-12-17T09:38:47+00:00\",\"description\":\"Vi har utviklet Twister Smart Doors med fokus p\u00e5 innovasjon og forbedring \u2013 bedre design, bedre ytelse. Kontakt oss.\",\"breadcrumb\":{\"@id\":\"https:\\\/\\\/www.vonin.com\\\/no\\\/fiskeutstyr\\\/traldorer\\\/#breadcrumb\"},\"inLanguage\":\"nb-NO\",\"potentialAction\":[{\"@type\":\"ReadAction\",\"target\":[\"https:\\\/\\\/www.vonin.com\\\/no\\\/fiskeutstyr\\\/traldorer\\\/\"]}]},{\"@type\":\"ImageObject\",\"inLanguage\":\"nb-NO\",\"@id\":\"https:\\\/\\\/www.vonin.com\\\/no\\\/fiskeutstyr\\\/traldorer\\\/#primaryimage\",\"url\":\"https:\\\/\\\/www.vonin.com\\\/wp-content\\\/uploads\\\/2024\\\/05\\\/christina_s-1.jpg\",\"contentUrl\":\"https:\\\/\\\/www.vonin.com\\\/wp-content\\\/uploads\\\/2024\\\/05\\\/christina_s-1.jpg\"},{\"@type\":\"BreadcrumbList\",\"@id\":\"https:\\\/\\\/www.vonin.com\\\/no\\\/fiskeutstyr\\\/traldorer\\\/#breadcrumb\",\"itemListElement\":[{\"@type\":\"ListItem\",\"position\":1,\"name\":\"V\u00f3nin\",\"item\":\"https:\\\/\\\/www.vonin.com\\\/no\\\/\"},{\"@type\":\"ListItem\",\"position\":2,\"name\":\"Fiskeutstyr\",\"item\":\"https:\\\/\\\/www.vonin.com\\\/no\\\/fiskeutstyr\\\/\"},{\"@type\":\"ListItem\",\"position\":3,\"name\":\"Tr\u00e5ld\u00f8rer\"}]},{\"@type\":\"WebSite\",\"@id\":\"https:\\\/\\\/www.vonin.com\\\/#website\",\"url\":\"https:\\\/\\\/www.vonin.com\\\/\",\"name\":\"V\u00f3nin\",\"description\":\"V\u00f3nin is a major developer and manufacturer of high quality fishing gear and aquaculture equipment as well as supplying equipment to the offshore industry and land based industry.\",\"potentialAction\":[{\"@type\":\"SearchAction\",\"target\":{\"@type\":\"EntryPoint\",\"urlTemplate\":\"https:\\\/\\\/www.vonin.com\\\/?s={search_term_string}\"},\"query-input\":{\"@type\":\"PropertyValueSpecification\",\"valueRequired\":true,\"valueName\":\"search_term_string\"}}],\"inLanguage\":\"nb-NO\"}]}<\/script>\n<!-- \/ Yoast SEO plugin. -->","yoast_head_json":{"title":"Innovative Tr\u00e5ld\u00f8rer - Twister Smart Doors - V\u00f3nin Refa","description":"Vi har utviklet Twister Smart Doors med fokus p\u00e5 innovasjon og forbedring \u2013 bedre design, bedre ytelse. Kontakt oss.","robots":{"index":"index","follow":"follow","max-snippet":"max-snippet:-1","max-image-preview":"max-image-preview:large","max-video-preview":"max-video-preview:-1"},"canonical":"https:\/\/www.vonin.com\/no\/fiskeutstyr\/traldorer\/","og_locale":"nb_NO","og_type":"article","og_title":"Innovative Tr\u00e5ld\u00f8rer - Twister Smart Doors - V\u00f3nin Refa","og_description":"Vi har utviklet Twister Smart Doors med fokus p\u00e5 innovasjon og forbedring \u2013 bedre design, bedre ytelse. Kontakt oss.","og_url":"https:\/\/www.vonin.com\/no\/fiskeutstyr\/traldorer\/","og_site_name":"V\u00f3nin","article_modified_time":"2025-12-17T09:38:47+00:00","og_image":[{"width":2560,"height":1350,"url":"https:\/\/www.vonin.com\/wp-content\/uploads\/2024\/05\/christina_s-1.jpg","type":"image\/jpeg"}],"twitter_card":"summary_large_image","twitter_misc":{"Ansl. lesetid":"2 minutter"},"schema":{"@context":"https:\/\/schema.org","@graph":[{"@type":"WebPage","@id":"https:\/\/www.vonin.com\/no\/fiskeutstyr\/traldorer\/","url":"https:\/\/www.vonin.com\/no\/fiskeutstyr\/traldorer\/","name":"Innovative Tr\u00e5ld\u00f8rer - Twister Smart Doors - V\u00f3nin Refa","isPartOf":{"@id":"https:\/\/www.vonin.com\/#website"},"primaryImageOfPage":{"@id":"https:\/\/www.vonin.com\/no\/fiskeutstyr\/traldorer\/#primaryimage"},"image":{"@id":"https:\/\/www.vonin.com\/no\/fiskeutstyr\/traldorer\/#primaryimage"},"thumbnailUrl":"https:\/\/www.vonin.com\/wp-content\/uploads\/2024\/05\/christina_s-1.jpg","datePublished":"2022-10-06T13:35:56+00:00","dateModified":"2025-12-17T09:38:47+00:00","description":"Vi har utviklet Twister Smart Doors med fokus p\u00e5 innovasjon og forbedring \u2013 bedre design, bedre ytelse. Kontakt oss.","breadcrumb":{"@id":"https:\/\/www.vonin.com\/no\/fiskeutstyr\/traldorer\/#breadcrumb"},"inLanguage":"nb-NO","potentialAction":[{"@type":"ReadAction","target":["https:\/\/www.vonin.com\/no\/fiskeutstyr\/traldorer\/"]}]},{"@type":"ImageObject","inLanguage":"nb-NO","@id":"https:\/\/www.vonin.com\/no\/fiskeutstyr\/traldorer\/#primaryimage","url":"https:\/\/www.vonin.com\/wp-content\/uploads\/2024\/05\/christina_s-1.jpg","contentUrl":"https:\/\/www.vonin.com\/wp-content\/uploads\/2024\/05\/christina_s-1.jpg"},{"@type":"BreadcrumbList","@id":"https:\/\/www.vonin.com\/no\/fiskeutstyr\/traldorer\/#breadcrumb","itemListElement":[{"@type":"ListItem","position":1,"name":"V\u00f3nin","item":"https:\/\/www.vonin.com\/no\/"},{"@type":"ListItem","position":2,"name":"Fiskeutstyr","item":"https:\/\/www.vonin.com\/no\/fiskeutstyr\/"},{"@type":"ListItem","position":3,"name":"Tr\u00e5ld\u00f8rer"}]},{"@type":"WebSite","@id":"https:\/\/www.vonin.com\/#website","url":"https:\/\/www.vonin.com\/","name":"V\u00f3nin","description":"V\u00f3nin is a major developer and manufacturer of high quality fishing gear and aquaculture equipment as well as supplying equipment to the offshore industry and land based industry.","potentialAction":[{"@type":"SearchAction","target":{"@type":"EntryPoint","urlTemplate":"https:\/\/www.vonin.com\/?s={search_term_string}"},"query-input":{"@type":"PropertyValueSpecification","valueRequired":true,"valueName":"search_term_string"}}],"inLanguage":"nb-NO"}]}},"_links":{"self":[{"href":"https:\/\/www.vonin.com\/no\/wp-json\/wp\/v2\/pages\/11924","targetHints":{"allow":["GET"]}}],"collection":[{"href":"https:\/\/www.vonin.com\/no\/wp-json\/wp\/v2\/pages"}],"about":[{"href":"https:\/\/www.vonin.com\/no\/wp-json\/wp\/v2\/types\/page"}],"author":[{"embeddable":true,"href":"https:\/\/www.vonin.com\/no\/wp-json\/wp\/v2\/users\/3"}],"replies":[{"embeddable":true,"href":"https:\/\/www.vonin.com\/no\/wp-json\/wp\/v2\/comments?post=11924"}],"version-history":[{"count":6,"href":"https:\/\/www.vonin.com\/no\/wp-json\/wp\/v2\/pages\/11924\/revisions"}],"predecessor-version":[{"id":43000,"href":"https:\/\/www.vonin.com\/no\/wp-json\/wp\/v2\/pages\/11924\/revisions\/43000"}],"up":[{"embeddable":true,"href":"https:\/\/www.vonin.com\/no\/wp-json\/wp\/v2\/pages\/11901"}],"wp:attachment":[{"href":"https:\/\/www.vonin.com\/no\/wp-json\/wp\/v2\/media?parent=11924"}],"curies":[{"name":"wp","href":"https:\/\/api.w.org\/{rel}","templated":true}]}}