{"id":11910,"date":"2022-09-27T13:34:30","date_gmt":"2022-09-27T13:34:30","guid":{"rendered":"https:\/\/www.vonin.com\/?page_id=11910"},"modified":"2023-03-16T08:39:23","modified_gmt":"2023-03-16T08:39:23","slug":"service","status":"publish","type":"page","link":"https:\/\/www.vonin.com\/no\/havbruk\/service\/","title":{"rendered":"Service"},"content":{"rendered":"\n<div class=\"wp-block-cover alignfull\" style=\"min-height:617px;aspect-ratio:unset;\"><span aria-hidden=\"true\" class=\"wp-block-cover__background has-background-dim\"><\/span><img loading=\"lazy\" decoding=\"async\" width=\"2560\" height=\"1710\" class=\"wp-block-cover__image-background wp-image-5219\" alt=\"\" src=\"https:\/\/www.vonin.com\/wp-content\/uploads\/2021\/04\/DSC09248-scaled.jpg\" style=\"object-position:50% 47%\" data-object-fit=\"cover\" data-object-position=\"50% 47%\" srcset=\"https:\/\/www.vonin.com\/wp-content\/uploads\/2021\/04\/DSC09248-scaled.jpg 2560w, https:\/\/www.vonin.com\/wp-content\/uploads\/2021\/04\/DSC09248-800x534.jpg 800w, https:\/\/www.vonin.com\/wp-content\/uploads\/2021\/04\/DSC09248-1600x1069.jpg 1600w, https:\/\/www.vonin.com\/wp-content\/uploads\/2021\/04\/DSC09248-768x513.jpg 768w, https:\/\/www.vonin.com\/wp-content\/uploads\/2021\/04\/DSC09248-200x134.jpg 200w, https:\/\/www.vonin.com\/wp-content\/uploads\/2021\/04\/DSC09248-1536x1026.jpg 1536w, https:\/\/www.vonin.com\/wp-content\/uploads\/2021\/04\/DSC09248-2048x1368.jpg 2048w\" sizes=\"auto, (max-width: 2560px) 100vw, 2560px\" \/><div class=\"wp-block-cover__inner-container is-layout-flow wp-block-cover-is-layout-flow\">\n<p class=\"has-text-align-center has-large-font-size\">Service<\/p>\n<\/div><\/div>\n\n\n<div id=\"breadcrumbs-block_437877b98b5c5de53bd9a70e8f28b42d\" class=\"lunnar-breadcrumbs\">\n    \n    <p id=\"breadcrumbs\"><span><span><a href=\"https:\/\/www.vonin.com\/no\/\">V\u00f3nin<\/a><\/span><\/span><\/p>    \n<\/div>\n\n\n\n<div style=\"height:60px\" aria-hidden=\"true\" class=\"wp-block-spacer\"><\/div>\n\n\n\n<h2 class=\"has-text-align-center wp-block-heading\">F\u00f8rsteklasses service<\/h2>\n\n\n\n<p class=\"has-text-align-center\">Ved v\u00e5rt nylig oppgraderte og moderne anlegg kan vi tilby f\u00f8rsteklasses service som tilfredsstiller v\u00e5re kunders behov. Vi har erfarne ansatte som har f\u00e5tt god oppl\u00e6ring, og som utf\u00f8rer arbeidet sitt med stolthet. Alle v\u00e5re tjenester utf\u00f8res i henhold til strenge protokoller i samsvar med Norsk Standard 9415. <\/p>\n\n\n\n<div style=\"height:30px\" aria-hidden=\"true\" class=\"wp-block-spacer\"><\/div>\n\n\n\n<hr class=\"wp-block-separator has-css-opacity is-style-wide\"\/>\n\n\n\n<div style=\"height:30px\" aria-hidden=\"true\" class=\"wp-block-spacer\"><\/div>\n\n\n\n<blockquote class=\"wp-block-quote has-text-align-center is-style-large is-layout-flow wp-block-quote-is-layout-flow\">\n<p><mark style=\"background-color:rgba(0, 0, 0, 0)\" class=\"has-inline-color has-dark-blue-color\">Vi er tilgjengelig hele d\u00f8gnet, hele uken. <\/mark><\/p>\n\n\n\n<p><mark style=\"background-color:rgba(0, 0, 0, 0)\" class=\"has-inline-color has-dark-blue-color\">Du kan alltid n\u00e5 oss p\u00e5 tlf. +47 77 85 05 00.<\/mark><\/p>\n<\/blockquote>\n\n\n\n<div style=\"height:30px\" aria-hidden=\"true\" class=\"wp-block-spacer\"><\/div>\n\n\n\n<hr class=\"wp-block-separator has-css-opacity is-style-wide\"\/>\n\n\n\n<div style=\"height:30px\" aria-hidden=\"true\" class=\"wp-block-spacer\"><\/div>\n\n\n\n<div class=\"wp-block-media-text alignfull has-media-on-the-right is-stacked-on-mobile is-image-fill has-light-light-grey-background-color has-background\"><div class=\"wp-block-media-text__content\">\n<div style=\"height:120px\" aria-hidden=\"true\" class=\"wp-block-spacer\"><\/div>\n\n\n\n<p class=\"has-large-font-size\">Vasking av notposer<\/p>\n\n\n\n<p>Vi har moderne vaskemaskiner som kan vaske selv de st\u00f8rste notposene. Under prosessen blir posene vasket og desinfisert f\u00f8r de sendes til reparasjon og vedlikehold.<\/p>\n\n\n\n<div style=\"height:90px\" aria-hidden=\"true\" class=\"wp-block-spacer\"><\/div>\n\n\n\n<p><\/p>\n<\/div><figure class=\"wp-block-media-text__media\" style=\"background-image:url(https:\/\/www.vonin.com\/wp-content\/uploads\/2021\/04\/DSC09212-6-scaled.jpg);background-position:44% 52%\"><img loading=\"lazy\" decoding=\"async\" width=\"2560\" height=\"1491\" src=\"https:\/\/www.vonin.com\/wp-content\/uploads\/2021\/04\/DSC09212-6-scaled.jpg\" alt=\"\" class=\"wp-image-5264 size-full\" srcset=\"https:\/\/www.vonin.com\/wp-content\/uploads\/2021\/04\/DSC09212-6-scaled.jpg 2560w, https:\/\/www.vonin.com\/wp-content\/uploads\/2021\/04\/DSC09212-6-800x466.jpg 800w, https:\/\/www.vonin.com\/wp-content\/uploads\/2021\/04\/DSC09212-6-1600x932.jpg 1600w, https:\/\/www.vonin.com\/wp-content\/uploads\/2021\/04\/DSC09212-6-768x447.jpg 768w, https:\/\/www.vonin.com\/wp-content\/uploads\/2021\/04\/DSC09212-6-200x117.jpg 200w, https:\/\/www.vonin.com\/wp-content\/uploads\/2021\/04\/DSC09212-6-1536x895.jpg 1536w, https:\/\/www.vonin.com\/wp-content\/uploads\/2021\/04\/DSC09212-6-2048x1193.jpg 2048w\" sizes=\"auto, (max-width: 2560px) 100vw, 2560px\" \/><\/figure><\/div>\n\n\n\n<div class=\"wp-block-media-text alignfull is-stacked-on-mobile is-image-fill has-white-background-color has-background\"><figure class=\"wp-block-media-text__media\" style=\"background-image:url(https:\/\/www.vonin.com\/wp-content\/uploads\/2021\/05\/maintenance-scaled.jpg);background-position:35% 51%\"><img loading=\"lazy\" decoding=\"async\" width=\"2560\" height=\"1440\" src=\"https:\/\/www.vonin.com\/wp-content\/uploads\/2021\/05\/maintenance-scaled.jpg\" alt=\"\" class=\"wp-image-6844 size-full\" srcset=\"https:\/\/www.vonin.com\/wp-content\/uploads\/2021\/05\/maintenance-scaled.jpg 2560w, https:\/\/www.vonin.com\/wp-content\/uploads\/2021\/05\/maintenance-800x450.jpg 800w, https:\/\/www.vonin.com\/wp-content\/uploads\/2021\/05\/maintenance-1600x900.jpg 1600w, https:\/\/www.vonin.com\/wp-content\/uploads\/2021\/05\/maintenance-768x432.jpg 768w, https:\/\/www.vonin.com\/wp-content\/uploads\/2021\/05\/maintenance-200x113.jpg 200w, https:\/\/www.vonin.com\/wp-content\/uploads\/2021\/05\/maintenance-1536x864.jpg 1536w, https:\/\/www.vonin.com\/wp-content\/uploads\/2021\/05\/maintenance-2048x1152.jpg 2048w\" sizes=\"auto, (max-width: 2560px) 100vw, 2560px\" \/><\/figure><div class=\"wp-block-media-text__content\">\n<div style=\"height:120px\" aria-hidden=\"true\" class=\"wp-block-spacer\"><\/div>\n\n\n\n<p class=\"has-large-font-size\">Reparasjoner og vedlikehold<\/p>\n\n\n\n<p>I v\u00e5r nye og toppmoderne produksjonshall utf\u00f8res reparasjon og vedlikehold av notposer og luseskjort av v\u00e5re erfarne medarbeidere. Alle reparasjoner utf\u00f8res i henhold til NS 9415.<\/p>\n\n\n\n<div style=\"height:120px\" aria-hidden=\"true\" class=\"wp-block-spacer\"><\/div>\n\n\n\n<p><\/p>\n<\/div><\/div>\n\n\n\n<div class=\"wp-block-media-text alignfull has-media-on-the-right is-stacked-on-mobile is-image-fill has-light-light-grey-background-color has-background\"><div class=\"wp-block-media-text__content\">\n<div style=\"height:120px\" aria-hidden=\"true\" class=\"wp-block-spacer\"><\/div>\n\n\n\n<p class=\"has-text-align-left has-large-font-size\">Impregnering og coating<\/p>\n\n\n\n<p class=\"has-text-align-left\">Vi impregnerer notposene for \u00e5 forebygge begroing, og vi bruker coating til \u00e5 beskytte posene n\u00e5r vasking i sj\u00f8en er det foretrukne alternativet.<\/p>\n\n\n\n<div style=\"height:120px\" aria-hidden=\"true\" class=\"wp-block-spacer\"><\/div>\n<\/div><figure class=\"wp-block-media-text__media\" style=\"background-image:url(https:\/\/www.vonin.com\/wp-content\/uploads\/2021\/05\/anti-fouling-scaled.jpg);background-position:45% 25%\"><img loading=\"lazy\" decoding=\"async\" width=\"2560\" height=\"1710\" src=\"https:\/\/www.vonin.com\/wp-content\/uploads\/2021\/05\/anti-fouling-scaled.jpg\" alt=\"\" class=\"wp-image-6828 size-full\" srcset=\"https:\/\/www.vonin.com\/wp-content\/uploads\/2021\/05\/anti-fouling-scaled.jpg 2560w, https:\/\/www.vonin.com\/wp-content\/uploads\/2021\/05\/anti-fouling-800x534.jpg 800w, https:\/\/www.vonin.com\/wp-content\/uploads\/2021\/05\/anti-fouling-1600x1069.jpg 1600w, https:\/\/www.vonin.com\/wp-content\/uploads\/2021\/05\/anti-fouling-768x513.jpg 768w, https:\/\/www.vonin.com\/wp-content\/uploads\/2021\/05\/anti-fouling-200x134.jpg 200w, https:\/\/www.vonin.com\/wp-content\/uploads\/2021\/05\/anti-fouling-1536x1026.jpg 1536w, https:\/\/www.vonin.com\/wp-content\/uploads\/2021\/05\/anti-fouling-2048x1368.jpg 2048w\" sizes=\"auto, (max-width: 2560px) 100vw, 2560px\" \/><\/figure><\/div>\n\n\n\n<div class=\"wp-block-media-text alignfull is-stacked-on-mobile is-image-fill has-white-background-color has-background\"><figure class=\"wp-block-media-text__media\" style=\"background-image:url(https:\/\/www.vonin.com\/wp-content\/uploads\/2023\/03\/LASTEBIL02-1600x1068.jpg);background-position:25% 90%\"><img loading=\"lazy\" decoding=\"async\" width=\"1600\" height=\"1068\" src=\"https:\/\/www.vonin.com\/wp-content\/uploads\/2023\/03\/LASTEBIL02-1600x1068.jpg\" alt=\"\" class=\"wp-image-13952 size-full\" srcset=\"https:\/\/www.vonin.com\/wp-content\/uploads\/2023\/03\/LASTEBIL02-1600x1068.jpg 1600w, https:\/\/www.vonin.com\/wp-content\/uploads\/2023\/03\/LASTEBIL02-800x534.jpg 800w, https:\/\/www.vonin.com\/wp-content\/uploads\/2023\/03\/LASTEBIL02-768x513.jpg 768w, https:\/\/www.vonin.com\/wp-content\/uploads\/2023\/03\/LASTEBIL02-200x134.jpg 200w, https:\/\/www.vonin.com\/wp-content\/uploads\/2023\/03\/LASTEBIL02-1536x1025.jpg 1536w, https:\/\/www.vonin.com\/wp-content\/uploads\/2023\/03\/LASTEBIL02-2048x1367.jpg 2048w\" sizes=\"auto, (max-width: 1600px) 100vw, 1600px\" \/><\/figure><div class=\"wp-block-media-text__content\">\n<div style=\"height:120px\" aria-hidden=\"true\" class=\"wp-block-spacer\"><\/div>\n\n\n\n<p class=\"has-text-align-left has-large-font-size\">Transport<\/p>\n\n\n\n<p class=\"has-text-align-left\">Med v\u00e5re lastebiler kan vi tilby rask og effektiv transport av oppdrettsutstyr.<\/p>\n\n\n\n<div style=\"height:120px\" aria-hidden=\"true\" class=\"wp-block-spacer\"><\/div>\n<\/div><\/div>\n\n\n\n<div class=\"wp-block-media-text alignfull has-media-on-the-right is-stacked-on-mobile is-image-fill has-light-light-grey-background-color has-background\"><div class=\"wp-block-media-text__content\">\n<div style=\"height:120px\" aria-hidden=\"true\" class=\"wp-block-spacer\"><\/div>\n\n\n\n<p class=\"has-text-align-left has-large-font-size\">P\u00e5 lager og raske leveranser<\/p>\n\n\n\n<p class=\"has-text-align-left\">V\u00e5re lagre har alltid et bredt spekter av produkter p\u00e5 lager. Og vi leverer p\u00e5 kort varsel.<\/p>\n\n\n\n<div style=\"height:120px\" aria-hidden=\"true\" class=\"wp-block-spacer\"><\/div>\n<\/div><figure class=\"wp-block-media-text__media\" style=\"background-image:url(https:\/\/www.vonin.com\/wp-content\/uploads\/2021\/05\/Instock-scaled.jpg);background-position:50% 50%\"><img loading=\"lazy\" decoding=\"async\" width=\"2560\" height=\"1440\" src=\"https:\/\/www.vonin.com\/wp-content\/uploads\/2021\/05\/Instock-scaled.jpg\" alt=\"\" class=\"wp-image-6840 size-full\" srcset=\"https:\/\/www.vonin.com\/wp-content\/uploads\/2021\/05\/Instock-scaled.jpg 2560w, https:\/\/www.vonin.com\/wp-content\/uploads\/2021\/05\/Instock-800x450.jpg 800w, https:\/\/www.vonin.com\/wp-content\/uploads\/2021\/05\/Instock-1600x900.jpg 1600w, https:\/\/www.vonin.com\/wp-content\/uploads\/2021\/05\/Instock-768x432.jpg 768w, https:\/\/www.vonin.com\/wp-content\/uploads\/2021\/05\/Instock-200x113.jpg 200w, https:\/\/www.vonin.com\/wp-content\/uploads\/2021\/05\/Instock-1536x864.jpg 1536w, https:\/\/www.vonin.com\/wp-content\/uploads\/2021\/05\/Instock-2048x1152.jpg 2048w\" sizes=\"auto, (max-width: 2560px) 100vw, 2560px\" \/><\/figure><\/div>\n\n\n\n<div class=\"wp-block-media-text alignfull is-stacked-on-mobile is-image-fill has-light-light-grey-background-color has-background\"><figure class=\"wp-block-media-text__media\" style=\"background-image:url(https:\/\/www.vonin.com\/wp-content\/uploads\/2021\/05\/nethotel-scaled.jpg);background-position:48% 51%\"><img loading=\"lazy\" decoding=\"async\" width=\"2560\" height=\"1440\" src=\"https:\/\/www.vonin.com\/wp-content\/uploads\/2021\/05\/nethotel-scaled.jpg\" alt=\"\" class=\"wp-image-6832 size-full\" srcset=\"https:\/\/www.vonin.com\/wp-content\/uploads\/2021\/05\/nethotel-scaled.jpg 2560w, https:\/\/www.vonin.com\/wp-content\/uploads\/2021\/05\/nethotel-800x450.jpg 800w, https:\/\/www.vonin.com\/wp-content\/uploads\/2021\/05\/nethotel-1600x900.jpg 1600w, https:\/\/www.vonin.com\/wp-content\/uploads\/2021\/05\/nethotel-768x432.jpg 768w, https:\/\/www.vonin.com\/wp-content\/uploads\/2021\/05\/nethotel-200x113.jpg 200w, https:\/\/www.vonin.com\/wp-content\/uploads\/2021\/05\/nethotel-1536x864.jpg 1536w, https:\/\/www.vonin.com\/wp-content\/uploads\/2021\/05\/nethotel-2048x1152.jpg 2048w\" sizes=\"auto, (max-width: 2560px) 100vw, 2560px\" \/><\/figure><div class=\"wp-block-media-text__content\">\n<div style=\"height:120px\" aria-hidden=\"true\" class=\"wp-block-spacer\"><\/div>\n\n\n\n<h2 class=\"has-grey-color has-text-color wp-block-heading\">Notposehotell<\/h2>\n\n\n\n<p>P\u00e5 v\u00e5rt notposehotell kan du lagre notposene dine n\u00e5r du ikke trenger dem. Notposene lagres godt beskyttet innend\u00f8rs.<\/p>\n\n\n\n<div style=\"height:90px\" aria-hidden=\"true\" class=\"wp-block-spacer\"><\/div>\n<\/div><\/div>\n\n\n\n<div style=\"height:60px\" aria-hidden=\"true\" class=\"wp-block-spacer\"><\/div>\n\n\n\n<hr class=\"wp-block-separator has-css-opacity is-style-wide\"\/>\n\n\n\n<h2 class=\"wp-block-heading\">Kontakt oss<\/h2>\n\n\n\n<div style=\"height:30px\" aria-hidden=\"true\" class=\"wp-block-spacer\"><\/div>\n\n\n\n<script>\n    employeeBlockData['employees-block_ce4fbdd074cb9b554455e7f7bbc880a3'] = '[{\"title\":\"Lill-Tove Theodorsen\",\"job_title\":\"Service - Havbruk\",\"phone\":\"+47 97 60 27 45\",\"email\":\"lill-tove.theodorsen@refa.no\",\"permalink\":\"https:\\\/\\\/www.vonin.com\\\/no\\\/contacts\\\/lill-tove-theodorsen\\\/\",\"post_id\":12041,\"thumbnail_id\":12783,\"image\":\"https:\\\/\\\/www.vonin.com\\\/wp-content\\\/uploads\\\/2022\\\/10\\\/Lill-tove-teodorsen-800x533.jpg\",\"image_width\":800,\"image_height\":533,\"focal_points\":\"49.6250% 2.1450%\"}]';\n<\/script>\n\n\n<div id=\"employees-block_ce4fbdd074cb9b554455e7f7bbc880a3\" class=\"beak-employees\">\n    \n            <div class=\"employee-message-modal--tint\" v-if=\"selectedEmployee\" :class=\"{ 'is-visible': selectedEmployee }\"><\/div>\n<div class=\"employee-message-modal\" v-if=\"selectedEmployee\" :class=\"{ 'is-visible': selectedEmployee }\">\n    <div class=\"employee-message--content\">\n        <a href=\"#\" @click.prevent=\"toggleModal(null)\" class=\"emp-modal-close\"><img decoding=\"async\" src=\"https:\/\/www.vonin.com\/wp-content\/themes\/beak-vonin\/images\/icon-plus.svg\" class=\"injectable\" \/><\/a>\n        <h3 v-if=\"selectedEmployee\">Send e-post til:<br \/> <b>{{selectedEmployee.title}}<\/b><\/h3>\n\n        <div class=\"form-errors\" v-if=\"formErrors &#038;&#038; formErrors.length &#62; 0\">\n            <ul>\n                <li v-for=\"error in formErrors\">{{error}}<\/li>\n            <\/ul>\n        <\/div>\n\n        <p v-if=\"formSent\"><b>Din melding har blitt sendt.<\/b><\/p>\n\n        <div v-if=\"!formSent\">\n            <div class=\"form-input\">\n                <label>Navn<span class=\"required\">*<\/span><\/label>\n                <input type=\"text\" v-model=\"sendEmailForm.name\" \/>\n            <\/div>\n\n            <div class=\"form-input\">\n                <label>Selskap<span class=\"required\">*<\/span><\/label>\n                <input type=\"text\" v-model=\"sendEmailForm.company\" \/>\n            <\/div>\n\n            <div class=\"form-input\">\n                <label>E-post<span class=\"required\">*<\/span><\/label>\n                <input type=\"email\" v-model=\"sendEmailForm.email\" \/>\n            <\/div>\n\n            <div class=\"form-input\">\n                <label>Telefon<span class=\"required\">*<\/span><\/label>\n                <input type=\"text\" v-model=\"sendEmailForm.phone\" \/>\n            <\/div>\n\n            <div class=\"form-input\">\n                <label>Beskjed<span class=\"required\">*<\/span><\/label>\n                <textarea type=\"text\" v-model=\"sendEmailForm.message\"><\/textarea>\n            <\/div>\n\n            <input type=\"hidden\" v-model=\"sendEmailForm.formLumpari\" \/>\n\n            <button @click=\"sendMessage()\" :class=\"{ disabled: formPosting || (formSubmitted &#038;&#038; !formIsValid) }\">Send<\/button>\n        <\/div>\n    <\/div>\n<\/div>    \n            <div class=\"employee-cards single\" v-if=\"people\">\n            <div v-for=\"(employee, index) in people\" class=\"employee-card swiper-slide\">\n    <div v-if=\"employee.image\" class=\"employee-card--content-image\">\n        <img v-if=\"employee.image\" :src=\"employee.image\" alt=\"\" :width=\"employee.image_width\" :height=\"employee.image_height\" :style=\"`object-position: ${employee.focal_points}`\" \/>\n    <\/div>\n\n    <div class=\"employee-card--content-text\">\n        <div v-if=\"employee.title\" class=\"employee-name\">{{ employee.title }}<\/div>\n\n        <div v-if=\"employee.people_locations?.length\" class=\"employee-location\">{{ getLocations(employee) }}<\/div>\n\n        <div v-if=\"employee.job_title\" class=\"employee-title\">{{ employee.job_title }}<\/div>\n\n        <div class=\"employee-contact\">\n            <div v-if=\"employee.phone\" class=\"employee-contact--item employee-contact--phone\">\n                <span>Telefon:<\/span>\n\n                <a :href=\"'tel:'+employee.phone\">{{ employee.phone }}<\/a>\n            <\/div>\n\n            <a href=\"#\" @click.prevent=\"toggleModal(employee)\" class=\"employee-send-email\">Send e-post<\/a>\n        <\/div>\n    <\/div>\n<\/div>        <\/div>\n    <\/div>\n\n\n<div style=\"height:60px\" aria-hidden=\"true\" class=\"wp-block-spacer\"><\/div>\n\n\n<div id=\"breadcrumbs-block_437877b98b5c5de53bd9a70e8f28b42d\" class=\"lunnar-breadcrumbs\">\n    \n    <p id=\"breadcrumbs\"><span><span><a href=\"https:\/\/www.vonin.com\/no\/\">V\u00f3nin<\/a><\/span><\/span><\/p>    \n<\/div>\n\n\n\n<p><\/p>\n","protected":false},"excerpt":{"rendered":"<p>F\u00f8rsteklasses service Ved v\u00e5rt nylig oppgraderte og moderne anlegg kan vi tilby f\u00f8rsteklasses service som tilfredsstiller v\u00e5re kunders behov. Vi har erfarne ansatte som har f\u00e5tt god oppl\u00e6ring, og som utf\u00f8rer arbeidet sitt med stolthet. Alle v\u00e5re tjenester utf\u00f8res i henhold til strenge protokoller i samsvar med Norsk Standard 9415. Vi er tilgjengelig hele d\u00f8gnet, [&hellip;]<\/p>\n","protected":false},"author":3,"featured_media":0,"parent":11898,"menu_order":0,"comment_status":"closed","ping_status":"closed","template":"","meta":{"_acf_changed":false,"content-type":"","footnotes":""},"class_list":["post-11910","page","type-page","status-publish","hentry"],"acf":[],"yoast_head":"<!-- This site is optimized with the Yoast SEO plugin v27.6 - https:\/\/yoast.com\/product\/yoast-seo-wordpress\/ -->\n<title>Service - V\u00f3nin<\/title>\n<meta name=\"robots\" content=\"index, follow, max-snippet:-1, max-image-preview:large, max-video-preview:-1\" \/>\n<link rel=\"canonical\" href=\"https:\/\/www.vonin.com\/no\/havbruk\/service\/\" \/>\n<meta property=\"og:locale\" content=\"nb_NO\" \/>\n<meta property=\"og:type\" content=\"article\" \/>\n<meta property=\"og:title\" content=\"Service - V\u00f3nin\" \/>\n<meta property=\"og:description\" content=\"F\u00f8rsteklasses service Ved v\u00e5rt nylig oppgraderte og moderne anlegg kan vi tilby f\u00f8rsteklasses service som tilfredsstiller v\u00e5re kunders behov. Vi har erfarne ansatte som har f\u00e5tt god oppl\u00e6ring, og som utf\u00f8rer arbeidet sitt med stolthet. Alle v\u00e5re tjenester utf\u00f8res i henhold til strenge protokoller i samsvar med Norsk Standard 9415. Vi er tilgjengelig hele d\u00f8gnet, [&hellip;]\" \/>\n<meta property=\"og:url\" content=\"https:\/\/www.vonin.com\/no\/havbruk\/service\/\" \/>\n<meta property=\"og:site_name\" content=\"V\u00f3nin\" \/>\n<meta property=\"article:modified_time\" content=\"2023-03-16T08:39:23+00:00\" \/>\n<meta property=\"og:image\" content=\"https:\/\/www.vonin.com\/wp-content\/uploads\/2021\/04\/DSC09248-scaled.jpg\" \/>\n<meta name=\"twitter:card\" content=\"summary_large_image\" \/>\n<meta name=\"twitter:label1\" content=\"Ansl. lesetid\" \/>\n\t<meta name=\"twitter:data1\" content=\"3 minutter\" \/>\n<script type=\"application\/ld+json\" class=\"yoast-schema-graph\">{\"@context\":\"https:\\\/\\\/schema.org\",\"@graph\":[{\"@type\":\"WebPage\",\"@id\":\"https:\\\/\\\/www.vonin.com\\\/no\\\/havbruk\\\/service\\\/\",\"url\":\"https:\\\/\\\/www.vonin.com\\\/no\\\/havbruk\\\/service\\\/\",\"name\":\"Service - V\u00f3nin\",\"isPartOf\":{\"@id\":\"https:\\\/\\\/www.vonin.com\\\/#website\"},\"primaryImageOfPage\":{\"@id\":\"https:\\\/\\\/www.vonin.com\\\/no\\\/havbruk\\\/service\\\/#primaryimage\"},\"image\":{\"@id\":\"https:\\\/\\\/www.vonin.com\\\/no\\\/havbruk\\\/service\\\/#primaryimage\"},\"thumbnailUrl\":\"https:\\\/\\\/www.vonin.com\\\/wp-content\\\/uploads\\\/2021\\\/04\\\/DSC09248-scaled.jpg\",\"datePublished\":\"2022-09-27T13:34:30+00:00\",\"dateModified\":\"2023-03-16T08:39:23+00:00\",\"breadcrumb\":{\"@id\":\"https:\\\/\\\/www.vonin.com\\\/no\\\/havbruk\\\/service\\\/#breadcrumb\"},\"inLanguage\":\"nb-NO\",\"potentialAction\":[{\"@type\":\"ReadAction\",\"target\":[\"https:\\\/\\\/www.vonin.com\\\/no\\\/havbruk\\\/service\\\/\"]}]},{\"@type\":\"ImageObject\",\"inLanguage\":\"nb-NO\",\"@id\":\"https:\\\/\\\/www.vonin.com\\\/no\\\/havbruk\\\/service\\\/#primaryimage\",\"url\":\"https:\\\/\\\/www.vonin.com\\\/wp-content\\\/uploads\\\/2021\\\/04\\\/DSC09248-scaled.jpg\",\"contentUrl\":\"https:\\\/\\\/www.vonin.com\\\/wp-content\\\/uploads\\\/2021\\\/04\\\/DSC09248-scaled.jpg\"},{\"@type\":\"BreadcrumbList\",\"@id\":\"https:\\\/\\\/www.vonin.com\\\/no\\\/havbruk\\\/service\\\/#breadcrumb\",\"itemListElement\":[{\"@type\":\"ListItem\",\"position\":1,\"name\":\"V\u00f3nin\",\"item\":\"https:\\\/\\\/www.vonin.com\\\/no\\\/\"},{\"@type\":\"ListItem\",\"position\":2,\"name\":\"Havbruk\",\"item\":\"https:\\\/\\\/www.vonin.com\\\/no\\\/havbruk\\\/\"},{\"@type\":\"ListItem\",\"position\":3,\"name\":\"Service\"}]},{\"@type\":\"WebSite\",\"@id\":\"https:\\\/\\\/www.vonin.com\\\/#website\",\"url\":\"https:\\\/\\\/www.vonin.com\\\/\",\"name\":\"V\u00f3nin\",\"description\":\"V\u00f3nin is a major developer and manufacturer of high quality fishing gear and aquaculture equipment as well as supplying equipment to the offshore industry and land based industry.\",\"potentialAction\":[{\"@type\":\"SearchAction\",\"target\":{\"@type\":\"EntryPoint\",\"urlTemplate\":\"https:\\\/\\\/www.vonin.com\\\/?s={search_term_string}\"},\"query-input\":{\"@type\":\"PropertyValueSpecification\",\"valueRequired\":true,\"valueName\":\"search_term_string\"}}],\"inLanguage\":\"nb-NO\"}]}<\/script>\n<!-- \/ Yoast SEO plugin. -->","yoast_head_json":{"title":"Service - V\u00f3nin","robots":{"index":"index","follow":"follow","max-snippet":"max-snippet:-1","max-image-preview":"max-image-preview:large","max-video-preview":"max-video-preview:-1"},"canonical":"https:\/\/www.vonin.com\/no\/havbruk\/service\/","og_locale":"nb_NO","og_type":"article","og_title":"Service - V\u00f3nin","og_description":"F\u00f8rsteklasses service Ved v\u00e5rt nylig oppgraderte og moderne anlegg kan vi tilby f\u00f8rsteklasses service som tilfredsstiller v\u00e5re kunders behov. Vi har erfarne ansatte som har f\u00e5tt god oppl\u00e6ring, og som utf\u00f8rer arbeidet sitt med stolthet. Alle v\u00e5re tjenester utf\u00f8res i henhold til strenge protokoller i samsvar med Norsk Standard 9415. Vi er tilgjengelig hele d\u00f8gnet, [&hellip;]","og_url":"https:\/\/www.vonin.com\/no\/havbruk\/service\/","og_site_name":"V\u00f3nin","article_modified_time":"2023-03-16T08:39:23+00:00","og_image":[{"url":"https:\/\/www.vonin.com\/wp-content\/uploads\/2021\/04\/DSC09248-scaled.jpg","type":"","width":"","height":""}],"twitter_card":"summary_large_image","twitter_misc":{"Ansl. lesetid":"3 minutter"},"schema":{"@context":"https:\/\/schema.org","@graph":[{"@type":"WebPage","@id":"https:\/\/www.vonin.com\/no\/havbruk\/service\/","url":"https:\/\/www.vonin.com\/no\/havbruk\/service\/","name":"Service - V\u00f3nin","isPartOf":{"@id":"https:\/\/www.vonin.com\/#website"},"primaryImageOfPage":{"@id":"https:\/\/www.vonin.com\/no\/havbruk\/service\/#primaryimage"},"image":{"@id":"https:\/\/www.vonin.com\/no\/havbruk\/service\/#primaryimage"},"thumbnailUrl":"https:\/\/www.vonin.com\/wp-content\/uploads\/2021\/04\/DSC09248-scaled.jpg","datePublished":"2022-09-27T13:34:30+00:00","dateModified":"2023-03-16T08:39:23+00:00","breadcrumb":{"@id":"https:\/\/www.vonin.com\/no\/havbruk\/service\/#breadcrumb"},"inLanguage":"nb-NO","potentialAction":[{"@type":"ReadAction","target":["https:\/\/www.vonin.com\/no\/havbruk\/service\/"]}]},{"@type":"ImageObject","inLanguage":"nb-NO","@id":"https:\/\/www.vonin.com\/no\/havbruk\/service\/#primaryimage","url":"https:\/\/www.vonin.com\/wp-content\/uploads\/2021\/04\/DSC09248-scaled.jpg","contentUrl":"https:\/\/www.vonin.com\/wp-content\/uploads\/2021\/04\/DSC09248-scaled.jpg"},{"@type":"BreadcrumbList","@id":"https:\/\/www.vonin.com\/no\/havbruk\/service\/#breadcrumb","itemListElement":[{"@type":"ListItem","position":1,"name":"V\u00f3nin","item":"https:\/\/www.vonin.com\/no\/"},{"@type":"ListItem","position":2,"name":"Havbruk","item":"https:\/\/www.vonin.com\/no\/havbruk\/"},{"@type":"ListItem","position":3,"name":"Service"}]},{"@type":"WebSite","@id":"https:\/\/www.vonin.com\/#website","url":"https:\/\/www.vonin.com\/","name":"V\u00f3nin","description":"V\u00f3nin is a major developer and manufacturer of high quality fishing gear and aquaculture equipment as well as supplying equipment to the offshore industry and land based industry.","potentialAction":[{"@type":"SearchAction","target":{"@type":"EntryPoint","urlTemplate":"https:\/\/www.vonin.com\/?s={search_term_string}"},"query-input":{"@type":"PropertyValueSpecification","valueRequired":true,"valueName":"search_term_string"}}],"inLanguage":"nb-NO"}]}},"_links":{"self":[{"href":"https:\/\/www.vonin.com\/no\/wp-json\/wp\/v2\/pages\/11910","targetHints":{"allow":["GET"]}}],"collection":[{"href":"https:\/\/www.vonin.com\/no\/wp-json\/wp\/v2\/pages"}],"about":[{"href":"https:\/\/www.vonin.com\/no\/wp-json\/wp\/v2\/types\/page"}],"author":[{"embeddable":true,"href":"https:\/\/www.vonin.com\/no\/wp-json\/wp\/v2\/users\/3"}],"replies":[{"embeddable":true,"href":"https:\/\/www.vonin.com\/no\/wp-json\/wp\/v2\/comments?post=11910"}],"version-history":[{"count":17,"href":"https:\/\/www.vonin.com\/no\/wp-json\/wp\/v2\/pages\/11910\/revisions"}],"predecessor-version":[{"id":13960,"href":"https:\/\/www.vonin.com\/no\/wp-json\/wp\/v2\/pages\/11910\/revisions\/13960"}],"up":[{"embeddable":true,"href":"https:\/\/www.vonin.com\/no\/wp-json\/wp\/v2\/pages\/11898"}],"wp:attachment":[{"href":"https:\/\/www.vonin.com\/no\/wp-json\/wp\/v2\/media?parent=11910"}],"curies":[{"name":"wp","href":"https:\/\/api.w.org\/{rel}","templated":true}]}}