{"id":11898,"date":"2022-09-23T12:19:39","date_gmt":"2022-09-23T12:19:39","guid":{"rendered":"https:\/\/www.vonin.com\/?page_id=11898"},"modified":"2025-12-17T09:29:56","modified_gmt":"2025-12-17T09:29:56","slug":"havbruk","status":"publish","type":"page","link":"https:\/\/www.vonin.com\/no\/havbruk\/","title":{"rendered":"Havbruk"},"content":{"rendered":"\n\n    <div id=\"video-cover-block_fa7ee65704359601414bf94e3cc67c80\" class=\"beak-video-cover alignfull content-top\" style=\" min-height: 100vh;\">\n                    <img loading=\"lazy\" decoding=\"async\" class=\"fallback-image\" src=\"https:\/\/www.vonin.com\/wp-content\/uploads\/2021\/06\/aquaculture-1600x900.jpg\" width=\"1600\" height=\"900\" alt=\"\">\n        \n        <div class=\"video-placeholder\" data-video-src=\"https:\/\/player.vimeo.com\/external\/545443352.hd.mp4?s=fe376a04c4b18f0facf9623659eac08fe45cefc3&#038;profile_id=175\">\n            <!-- You can add a thumbnail or any placeholder content here -->\n        <\/div>\n\n        <div class=\"cover--content container\">\n            \n\n<h2 class=\"has-text-align-center wp-block-heading\">Havbruksutstyr<\/h2>\n\n\n\n<h4 class=\"has-text-align-center wp-block-heading\">Enkelhet, styrke og stabilitet<\/h4>\n\n\n        <\/div>\n    <\/div>\n\n\n\n\n<div style=\"height:60px\" aria-hidden=\"true\" class=\"wp-block-spacer\"><\/div>\n\n\n\n<h1 class=\"has-text-align-center alignthin wp-block-heading\">Spesialist p\u00e5 eksponerte lokaliteter<\/h1>\n\n\n\n<p class=\"has-text-align-center\">Som leverand\u00f8r til havbrukssektoren i Norden, der sterke str\u00f8mmer og vilt v\u00e6r er en del av hverdagen, har vi spesialisert oss p\u00e5 oppdrettsutstyr av h\u00f8y kvalitet til eksponerte lokaliteter.<\/p>\n\n\n\n<div style=\"height:30px\" aria-hidden=\"true\" class=\"wp-block-spacer\"><\/div>\n\n\n\n<hr class=\"wp-block-separator has-css-opacity is-style-wide\"\/>\n\n\n\n<div style=\"height:30px\" aria-hidden=\"true\" class=\"wp-block-spacer\"><\/div>\n\n\n\n<div id=\"shortcuts-block_0b4c70e179379afb1d8369c27003dc3f\" class=\"beak-shortcuts\">\n\t    \n                    <a href=\"https:\/\/www.vonin.com\/no\/product\/notposer\/\" target=\"_self\" class=\"shortcut-item\">\n            Notposer        <\/a>\n                    <a href=\"https:\/\/www.vonin.com\/no\/product\/fortoyninger\/\" target=\"_self\" class=\"shortcut-item\">\n            Fort\u00f8yninger        <\/a>\n                    <a href=\"https:\/\/www.vonin.com\/no\/product\/fuglenett\/\" target=\"_self\" class=\"shortcut-item\">\n            Fuglenett        <\/a>\n                    <a href=\"https:\/\/www.vonin.com\/no\/product\/avkastnoter\/\" target=\"_self\" class=\"shortcut-item\">\n            Avkastn\u00f8ter        <\/a>\n                    <a href=\"https:\/\/www.vonin.com\/no\/havbruk\/service\/\" target=\"_self\" class=\"shortcut-item\">\n            Service        <\/a>\n    <\/div>\n\n\n<div style=\"height:30px\" aria-hidden=\"true\" class=\"wp-block-spacer\"><\/div>\n\n\n\n<hr class=\"wp-block-separator has-css-opacity is-style-wide\"\/>\n\n\n\n<div style=\"height:30px\" aria-hidden=\"true\" class=\"wp-block-spacer\"><\/div>\n\n\n\n<div class=\"wp-block-group mobile-only\"><div class=\"wp-block-group__inner-container is-layout-flow wp-block-group-is-layout-flow\">\n<div id=\"shortcuts-block_11f0e4d0db43a914454e3b58e57e20ff\" class=\"beak-shortcuts\">\n\t    \n                    <a href=\"https:\/\/www.vonin.com\/chandlery-aquaculture\/\" target=\"_self\" class=\"shortcut-item\">\n            Utstyr        <\/a>\n    <\/div>\n\n\n<div style=\"height:30px\" aria-hidden=\"true\" class=\"wp-block-spacer\"><\/div>\n<\/div><\/div>\n\n\n\n<div class=\"wp-block-cover alignfull\" style=\"min-height:617px;aspect-ratio:unset;\"><span aria-hidden=\"true\" class=\"wp-block-cover__background has-background-dim\"><\/span><img loading=\"lazy\" decoding=\"async\" width=\"2560\" height=\"1710\" class=\"wp-block-cover__image-background wp-image-5219\" alt=\"\" src=\"https:\/\/www.vonin.com\/wp-content\/uploads\/2021\/04\/DSC09248-scaled.jpg\" data-object-fit=\"cover\" srcset=\"https:\/\/www.vonin.com\/wp-content\/uploads\/2021\/04\/DSC09248-scaled.jpg 2560w, https:\/\/www.vonin.com\/wp-content\/uploads\/2021\/04\/DSC09248-800x534.jpg 800w, https:\/\/www.vonin.com\/wp-content\/uploads\/2021\/04\/DSC09248-1600x1069.jpg 1600w, https:\/\/www.vonin.com\/wp-content\/uploads\/2021\/04\/DSC09248-768x513.jpg 768w, https:\/\/www.vonin.com\/wp-content\/uploads\/2021\/04\/DSC09248-200x134.jpg 200w, https:\/\/www.vonin.com\/wp-content\/uploads\/2021\/04\/DSC09248-1536x1026.jpg 1536w, https:\/\/www.vonin.com\/wp-content\/uploads\/2021\/04\/DSC09248-2048x1368.jpg 2048w\" sizes=\"auto, (max-width: 2560px) 100vw, 2560px\" \/><div class=\"wp-block-cover__inner-container is-layout-flow wp-block-cover-is-layout-flow\">\n<p class=\"has-text-align-center has-large-font-size\">Service<\/p>\n\n\n\n<p class=\"has-text-align-center\">F\u00f8rsteklasses service som tilfredsstiller kundenes behov.<\/p>\n\n\n\n<div class=\"wp-block-buttons alignfull is-horizontal is-content-justification-center is-layout-flex wp-container-core-buttons-is-layout-499968f5 wp-block-buttons-is-layout-flex\">\n<div class=\"wp-block-button is-style-outline is-style-outline--1\"><a class=\"wp-block-button__link has-white-color has-white-background-color has-text-color has-background wp-element-button\" href=\"https:\/\/www.vonin.com\/no\/havbruk\/service\/\">LES MER<\/a><\/div>\n<\/div>\n<\/div><\/div>\n\n\n\n<div class=\"wp-block-group\"><div class=\"wp-block-group__inner-container is-layout-flow wp-block-group-is-layout-flow\">\n<div class=\"wp-block-group desktop-only\"><div class=\"wp-block-group__inner-container is-layout-flow wp-block-group-is-layout-flow\">\n<div style=\"height:60px\" aria-hidden=\"true\" class=\"wp-block-spacer\"><\/div>\n\n\n\n<h2 class=\"wp-block-heading\">Utstyr<\/h2>\n\n\n\n<div style=\"height:30px\" aria-hidden=\"true\" class=\"wp-block-spacer\"><\/div>\n\n\n\n<div id=\"shortcuts-block_85350cdf7304acfae50de20cc3668866\" class=\"beak-shortcuts d compact\">\n\t    \n                    <a href=\"http:\/\/catalogue.vonin.com\/vonin\/aquaculture\/catalogue\/?page=16\" target=\"_blank\" class=\"shortcut-item\">\n            Nettvaskesystem        <\/a>\n                    <a href=\"http:\/\/catalogue.vonin.com\/vonin\/aquaculture\/catalogue\/?page=24\" target=\"_blank\" class=\"shortcut-item\">\n            Tau        <\/a>\n                    <a href=\"http:\/\/catalogue.vonin.com\/vonin\/aquaculture\/catalogue\/?page=40\" target=\"_blank\" class=\"shortcut-item\">\n            Tr\u00e5d        <\/a>\n                    <a href=\"http:\/\/catalogue.vonin.com\/vonin\/aquaculture\/catalogue\/?page=50\" target=\"_blank\" class=\"shortcut-item\">\n            St\u00e5lvaier        <\/a>\n                    <a href=\"http:\/\/catalogue.vonin.com\/vonin\/aquaculture\/catalogue\/?page=58\" target=\"_blank\" class=\"shortcut-item\">\n            Koblingsl\u00f8kker        <\/a>\n                    <a href=\"http:\/\/catalogue.vonin.com\/vonin\/aquaculture\/catalogue\/?page=62\" target=\"_blank\" class=\"shortcut-item\">\n            Kjetting        <\/a>\n                    <a href=\"http:\/\/catalogue.vonin.com\/vonin\/aquaculture\/catalogue\/?page=74\" target=\"_blank\" class=\"shortcut-item\">\n            Kroker        <\/a>\n                    <a href=\"http:\/\/catalogue.vonin.com\/vonin\/aquaculture\/catalogue\/?page=88\" target=\"_blank\" class=\"shortcut-item\">\n            Ringer        <\/a>\n                    <a href=\"http:\/\/catalogue.vonin.com\/vonin\/aquaculture\/catalogue\/?page=102\" target=\"_blank\" class=\"shortcut-item\">\n            Blokker        <\/a>\n                    <a href=\"http:\/\/catalogue.vonin.com\/vonin\/aquaculture\/catalogue\/?page=120\" target=\"_blank\" class=\"shortcut-item\">\n            Sjakler        <\/a>\n                    <a href=\"http:\/\/catalogue.vonin.com\/vonin\/aquaculture\/catalogue\/?page=132\" target=\"_blank\" class=\"shortcut-item\">\n            G-kroker        <\/a>\n                    <a href=\"http:\/\/catalogue.vonin.com\/vonin\/aquaculture\/catalogue\/?page=134\" target=\"_blank\" class=\"shortcut-item\">\n            Flatl\u00f8kker        <\/a>\n                    <a href=\"http:\/\/catalogue.vonin.com\/vonin\/aquaculture\/catalogue\/?page=140\" target=\"_blank\" class=\"shortcut-item\">\n            Svivler        <\/a>\n                    <a href=\"http:\/\/catalogue.vonin.com\/vonin\/aquaculture\/catalogue\/?page=148\" target=\"_blank\" class=\"shortcut-item\">\n            Kauser        <\/a>\n                    <a href=\"http:\/\/catalogue.vonin.com\/vonin\/aquaculture\/catalogue\/?page=156\" target=\"_blank\" class=\"shortcut-item\">\n            Strekkfisker        <\/a>\n                    <a href=\"http:\/\/catalogue.vonin.com\/vonin\/aquaculture\/catalogue\/?page=160\" target=\"_blank\" class=\"shortcut-item\">\n            Smettl\u00f8kker        <\/a>\n                    <a href=\"http:\/\/catalogue.vonin.com\/vonin\/aquaculture\/catalogue\/?page=162\" target=\"_blank\" class=\"shortcut-item\">\n            Karabinkroker        <\/a>\n                    <a href=\"http:\/\/catalogue.vonin.com\/vonin\/aquaculture\/catalogue\/?page=162\" target=\"_blank\" class=\"shortcut-item\">\n            P-ledd        <\/a>\n                    <a href=\"http:\/\/catalogue.vonin.com\/vonin\/aquaculture\/catalogue\/?page=168\" target=\"_blank\" class=\"shortcut-item\">\n            Rengj\u00f8ringsartikler        <\/a>\n                    <a href=\"http:\/\/catalogue.vonin.com\/vonin\/aquaculture\/catalogue\/?page=186\" target=\"_blank\" class=\"shortcut-item\">\n            Flott\u00f8rer        <\/a>\n                    <a href=\"http:\/\/catalogue.vonin.com\/vonin\/aquaculture\/catalogue\/?page=182\" target=\"_blank\" class=\"shortcut-item\">\n            B\u00f8yer        <\/a>\n                    <a href=\"http:\/\/catalogue.vonin.com\/vonin\/aquaculture\/catalogue\/?page=182\" target=\"_blank\" class=\"shortcut-item\">\n            Fendere        <\/a>\n                    <a href=\"http:\/\/catalogue.vonin.com\/vonin\/aquaculture\/catalogue\/?page=192\" target=\"_blank\" class=\"shortcut-item\">\n            Stropper og belter av polyester        <\/a>\n                    <a href=\"http:\/\/catalogue.vonin.com\/vonin\/aquaculture\/catalogue\/?page=198\" target=\"_blank\" class=\"shortcut-item\">\n            Diverse varer        <\/a>\n    <\/div><\/div><\/div>\n<\/div><\/div>\n\n\n\n<div style=\"height:60px\" aria-hidden=\"true\" class=\"wp-block-spacer\"><\/div>\n\n\n\n<div class=\"wp-block-columns is-layout-flex wp-container-core-columns-is-layout-9d6595d7 wp-block-columns-is-layout-flex\">\n<div class=\"wp-block-column is-layout-flow wp-block-column-is-layout-flow\">\n<a href=\"https:\/\/www.vonin.com\/no\/catalogues\/\" id=\"link-block_68d2b922984233eb29062ef8f7d6b949\" class=\"beak-link\" >\n    \n\n<div class=\"wp-block-cover is-light\"><span aria-hidden=\"true\" class=\"wp-block-cover__background has-background-dim\"><\/span><img loading=\"lazy\" decoding=\"async\" width=\"955\" height=\"1248\" class=\"wp-block-cover__image-background wp-image-11871\" alt=\"\" src=\"https:\/\/www.vonin.com\/wp-content\/uploads\/2022\/09\/aqualture-equipment.jpg\" style=\"object-position:33% 46%\" data-object-fit=\"cover\" data-object-position=\"33% 46%\" srcset=\"https:\/\/www.vonin.com\/wp-content\/uploads\/2022\/09\/aqualture-equipment.jpg 955w, https:\/\/www.vonin.com\/wp-content\/uploads\/2022\/09\/aqualture-equipment-612x800.jpg 612w, https:\/\/www.vonin.com\/wp-content\/uploads\/2022\/09\/aqualture-equipment-768x1004.jpg 768w, https:\/\/www.vonin.com\/wp-content\/uploads\/2022\/09\/aqualture-equipment-153x200.jpg 153w\" sizes=\"auto, (max-width: 955px) 100vw, 955px\" \/><div class=\"wp-block-cover__inner-container is-layout-flow wp-block-cover-is-layout-flow\">\n<h5 class=\"has-text-align-center has-white-color has-text-color wp-block-heading\">KATALOGER<\/h5>\n<\/div><\/div>\n\n\n<\/a>\n<\/div>\n\n\n\n<div class=\"wp-block-column is-layout-flow wp-block-column-is-layout-flow\">\n<a href=\"https:\/\/www.vonin.com\/no\/vonin-tv\/\" id=\"link-block_672f05a0161a17c1f241744cedc3b61d\" class=\"beak-link\" >\n    \n\n<div class=\"wp-block-cover is-light\"><span aria-hidden=\"true\" class=\"wp-block-cover__background has-background-dim-40 has-background-dim\"><\/span><img loading=\"lazy\" decoding=\"async\" width=\"2560\" height=\"1399\" class=\"wp-block-cover__image-background wp-image-7010\" alt=\"\" src=\"https:\/\/www.vonin.com\/wp-content\/uploads\/2021\/06\/fallbackimage1.png\" style=\"object-position:12% 89%\" data-object-fit=\"cover\" data-object-position=\"12% 89%\" srcset=\"https:\/\/www.vonin.com\/wp-content\/uploads\/2021\/06\/fallbackimage1.png 2560w, https:\/\/www.vonin.com\/wp-content\/uploads\/2021\/06\/fallbackimage1-800x437.png 800w, https:\/\/www.vonin.com\/wp-content\/uploads\/2021\/06\/fallbackimage1-1600x874.png 1600w, https:\/\/www.vonin.com\/wp-content\/uploads\/2021\/06\/fallbackimage1-768x420.png 768w, https:\/\/www.vonin.com\/wp-content\/uploads\/2021\/06\/fallbackimage1-200x109.png 200w, https:\/\/www.vonin.com\/wp-content\/uploads\/2021\/06\/fallbackimage1-1536x839.png 1536w, https:\/\/www.vonin.com\/wp-content\/uploads\/2021\/06\/fallbackimage1-2048x1119.png 2048w\" sizes=\"auto, (max-width: 2560px) 100vw, 2560px\" \/><div class=\"wp-block-cover__inner-container is-layout-flow wp-block-cover-is-layout-flow\">\n<h5 class=\"has-text-align-center has-white-color has-text-color wp-block-heading\">V\u00d3NIN TV<\/h5>\n<\/div><\/div>\n\n\n<\/a>\n<\/div>\n<\/div>\n\n\n\n<div style=\"height:90px\" aria-hidden=\"true\" class=\"wp-block-spacer\"><\/div>\n\n\n\n<div class=\"wp-block-cover alignfull is-light has-parallax\" style=\"min-height:617px;aspect-ratio:unset;\"><span aria-hidden=\"true\" class=\"wp-block-cover__background has-black-background-color has-background-dim-30 has-background-dim\"><\/span><div role=\"img\" class=\"wp-block-cover__image-background wp-image-13573 has-parallax\" style=\"background-position:50% 50%;background-image:url(https:\/\/www.vonin.com\/wp-content\/uploads\/2023\/03\/DJI_0122-Pano.jpg)\"><\/div><div class=\"wp-block-cover__inner-container is-layout-flow wp-block-cover-is-layout-flow\">\n<h2 class=\"has-text-align-center has-white-color has-text-color wp-block-heading\" style=\"font-style:normal;font-weight:300\">Flere ti\u00e5r erfaring innen design, utvikling og produksjon av utstyr for havbrukssektoren<\/h2>\n<\/div><\/div>\n\n\n\n<div style=\"height:100px\" aria-hidden=\"true\" id=\"aquaculturesalesteam\" class=\"wp-block-spacer\"><\/div>\n\n\n\n<h2 class=\"has-text-align-left wp-block-heading\" id=\"contact\">Salgsteam<\/h2>\n\n\n\n<div style=\"height:30px\" aria-hidden=\"true\" class=\"wp-block-spacer\"><\/div>\n\n\n\n<script>\n    employeeBlockData['employees-block_f1e05adc71da22560038547e1252114e'] = '[{\"title\":\"Frank Larsen\",\"job_title\":\"Segmentleder - Not\",\"phone\":\"+47 90 84 52 35\",\"email\":\"frank.larsen@refa.no\",\"permalink\":\"https:\\\/\\\/www.vonin.com\\\/no\\\/contacts\\\/frank-larsen\\\/\",\"post_id\":12065,\"thumbnail_id\":13163,\"image\":\"https:\\\/\\\/www.vonin.com\\\/wp-content\\\/uploads\\\/2021\\\/03\\\/Frank-Larsen-1-800x533.jpg\",\"image_width\":800,\"image_height\":533,\"focal_points\":\"49.8381% 3.7149%\"}]';\n<\/script>\n\n\n<div id=\"employees-block_f1e05adc71da22560038547e1252114e\" class=\"beak-employees\">\n    \n            <div class=\"employee-message-modal--tint\" v-if=\"selectedEmployee\" :class=\"{ 'is-visible': selectedEmployee }\"><\/div>\n<div class=\"employee-message-modal\" v-if=\"selectedEmployee\" :class=\"{ 'is-visible': selectedEmployee }\">\n    <div class=\"employee-message--content\">\n        <a href=\"#\" @click.prevent=\"toggleModal(null)\" class=\"emp-modal-close\"><img decoding=\"async\" src=\"https:\/\/www.vonin.com\/wp-content\/themes\/beak-vonin\/images\/icon-plus.svg\" class=\"injectable\" \/><\/a>\n        <h3 v-if=\"selectedEmployee\">Send e-post til:<br \/> <b>{{selectedEmployee.title}}<\/b><\/h3>\n\n        <div class=\"form-errors\" v-if=\"formErrors &#038;&#038; formErrors.length &#62; 0\">\n            <ul>\n                <li v-for=\"error in formErrors\">{{error}}<\/li>\n            <\/ul>\n        <\/div>\n\n        <p v-if=\"formSent\"><b>Din melding har blitt sendt.<\/b><\/p>\n\n        <div v-if=\"!formSent\">\n            <div class=\"form-input\">\n                <label>Navn<span class=\"required\">*<\/span><\/label>\n                <input type=\"text\" v-model=\"sendEmailForm.name\" \/>\n            <\/div>\n\n            <div class=\"form-input\">\n                <label>Selskap<span class=\"required\">*<\/span><\/label>\n                <input type=\"text\" v-model=\"sendEmailForm.company\" \/>\n            <\/div>\n\n            <div class=\"form-input\">\n                <label>E-post<span class=\"required\">*<\/span><\/label>\n                <input type=\"email\" v-model=\"sendEmailForm.email\" \/>\n            <\/div>\n\n            <div class=\"form-input\">\n                <label>Telefon<span class=\"required\">*<\/span><\/label>\n                <input type=\"text\" v-model=\"sendEmailForm.phone\" \/>\n            <\/div>\n\n            <div class=\"form-input\">\n                <label>Beskjed<span class=\"required\">*<\/span><\/label>\n                <textarea type=\"text\" v-model=\"sendEmailForm.message\"><\/textarea>\n            <\/div>\n\n            <input type=\"hidden\" v-model=\"sendEmailForm.formLumpari\" \/>\n\n            <button @click=\"sendMessage()\" :class=\"{ disabled: formPosting || (formSubmitted &#038;&#038; !formIsValid) }\">Send<\/button>\n        <\/div>\n    <\/div>\n<\/div>    \n            <div class=\"employee-cards single\" v-if=\"people\">\n            <div v-for=\"(employee, index) in people\" class=\"employee-card swiper-slide\">\n    <div v-if=\"employee.image\" class=\"employee-card--content-image\">\n        <img v-if=\"employee.image\" :src=\"employee.image\" alt=\"\" :width=\"employee.image_width\" :height=\"employee.image_height\" :style=\"`object-position: ${employee.focal_points}`\" \/>\n    <\/div>\n\n    <div class=\"employee-card--content-text\">\n        <div v-if=\"employee.title\" class=\"employee-name\">{{ employee.title }}<\/div>\n\n        <div v-if=\"employee.people_locations?.length\" class=\"employee-location\">{{ getLocations(employee) }}<\/div>\n\n        <div v-if=\"employee.job_title\" class=\"employee-title\">{{ employee.job_title }}<\/div>\n\n        <div class=\"employee-contact\">\n            <div v-if=\"employee.phone\" class=\"employee-contact--item employee-contact--phone\">\n                <span>Telefon:<\/span>\n\n                <a :href=\"'tel:'+employee.phone\">{{ employee.phone }}<\/a>\n            <\/div>\n\n            <a href=\"#\" @click.prevent=\"toggleModal(employee)\" class=\"employee-send-email\">Send e-post<\/a>\n        <\/div>\n    <\/div>\n<\/div>        <\/div>\n    <\/div>\n\n\n<div style=\"height:60px\" aria-hidden=\"true\" class=\"wp-block-spacer\"><\/div>\n","protected":false},"excerpt":{"rendered":"<p>Spesialist p\u00e5 eksponerte lokaliteter Som leverand\u00f8r til havbrukssektoren i Norden, der sterke str\u00f8mmer og vilt v\u00e6r er en del av hverdagen, har vi spesialisert oss p\u00e5 oppdrettsutstyr av h\u00f8y kvalitet til eksponerte lokaliteter. Utstyr Salgsteam<\/p>\n","protected":false},"author":3,"featured_media":0,"parent":0,"menu_order":0,"comment_status":"closed","ping_status":"closed","template":"","meta":{"_acf_changed":false,"content-type":"","footnotes":""},"class_list":["post-11898","page","type-page","status-publish","hentry"],"acf":[],"yoast_head":"<!-- This site is optimized with the Yoast SEO plugin v27.6 - https:\/\/yoast.com\/product\/yoast-seo-wordpress\/ -->\n<title>Havbruksutstyr - V\u00f3nin Refa - Oppdrettsutstyr av h\u00f8y kvalitet<\/title>\n<meta name=\"description\" content=\"Havbruk. Vi har spesialisert oss p\u00e5 oppdrettsutstyr av h\u00f8y kvalitet til eksponerte lokaliteter. Kontakt oss.\" \/>\n<meta name=\"robots\" content=\"index, follow, max-snippet:-1, max-image-preview:large, max-video-preview:-1\" \/>\n<link rel=\"canonical\" href=\"https:\/\/www.vonin.com\/no\/havbruk\/\" \/>\n<meta property=\"og:locale\" content=\"nb_NO\" \/>\n<meta property=\"og:type\" content=\"article\" \/>\n<meta property=\"og:title\" content=\"Havbruksutstyr - V\u00f3nin Refa - Oppdrettsutstyr av h\u00f8y kvalitet\" \/>\n<meta property=\"og:description\" content=\"Havbruk. Vi har spesialisert oss p\u00e5 oppdrettsutstyr av h\u00f8y kvalitet til eksponerte lokaliteter. Kontakt oss.\" \/>\n<meta property=\"og:url\" content=\"https:\/\/www.vonin.com\/no\/havbruk\/\" \/>\n<meta property=\"og:site_name\" content=\"V\u00f3nin\" \/>\n<meta property=\"article:modified_time\" content=\"2025-12-17T09:29:56+00:00\" \/>\n<meta property=\"og:image\" content=\"https:\/\/www.vonin.com\/wp-content\/uploads\/2021\/04\/DSC09248-scaled.jpg\" \/>\n<meta name=\"twitter:card\" content=\"summary_large_image\" \/>\n<meta name=\"twitter:label1\" content=\"Ansl. lesetid\" \/>\n\t<meta name=\"twitter:data1\" content=\"1 minutt\" \/>\n<script type=\"application\/ld+json\" class=\"yoast-schema-graph\">{\"@context\":\"https:\\\/\\\/schema.org\",\"@graph\":[{\"@type\":\"WebPage\",\"@id\":\"https:\\\/\\\/www.vonin.com\\\/no\\\/havbruk\\\/\",\"url\":\"https:\\\/\\\/www.vonin.com\\\/no\\\/havbruk\\\/\",\"name\":\"Havbruksutstyr - V\u00f3nin Refa - Oppdrettsutstyr av h\u00f8y kvalitet\",\"isPartOf\":{\"@id\":\"https:\\\/\\\/www.vonin.com\\\/#website\"},\"primaryImageOfPage\":{\"@id\":\"https:\\\/\\\/www.vonin.com\\\/no\\\/havbruk\\\/#primaryimage\"},\"image\":{\"@id\":\"https:\\\/\\\/www.vonin.com\\\/no\\\/havbruk\\\/#primaryimage\"},\"thumbnailUrl\":\"https:\\\/\\\/www.vonin.com\\\/wp-content\\\/uploads\\\/2021\\\/04\\\/DSC09248-scaled.jpg\",\"datePublished\":\"2022-09-23T12:19:39+00:00\",\"dateModified\":\"2025-12-17T09:29:56+00:00\",\"description\":\"Havbruk. Vi har spesialisert oss p\u00e5 oppdrettsutstyr av h\u00f8y kvalitet til eksponerte lokaliteter. Kontakt oss.\",\"breadcrumb\":{\"@id\":\"https:\\\/\\\/www.vonin.com\\\/no\\\/havbruk\\\/#breadcrumb\"},\"inLanguage\":\"nb-NO\",\"potentialAction\":[{\"@type\":\"ReadAction\",\"target\":[\"https:\\\/\\\/www.vonin.com\\\/no\\\/havbruk\\\/\"]}]},{\"@type\":\"ImageObject\",\"inLanguage\":\"nb-NO\",\"@id\":\"https:\\\/\\\/www.vonin.com\\\/no\\\/havbruk\\\/#primaryimage\",\"url\":\"https:\\\/\\\/www.vonin.com\\\/wp-content\\\/uploads\\\/2021\\\/04\\\/DSC09248-scaled.jpg\",\"contentUrl\":\"https:\\\/\\\/www.vonin.com\\\/wp-content\\\/uploads\\\/2021\\\/04\\\/DSC09248-scaled.jpg\"},{\"@type\":\"BreadcrumbList\",\"@id\":\"https:\\\/\\\/www.vonin.com\\\/no\\\/havbruk\\\/#breadcrumb\",\"itemListElement\":[{\"@type\":\"ListItem\",\"position\":1,\"name\":\"V\u00f3nin\",\"item\":\"https:\\\/\\\/www.vonin.com\\\/no\\\/\"},{\"@type\":\"ListItem\",\"position\":2,\"name\":\"Havbruk\"}]},{\"@type\":\"WebSite\",\"@id\":\"https:\\\/\\\/www.vonin.com\\\/#website\",\"url\":\"https:\\\/\\\/www.vonin.com\\\/\",\"name\":\"V\u00f3nin\",\"description\":\"V\u00f3nin is a major developer and manufacturer of high quality fishing gear and aquaculture equipment as well as supplying equipment to the offshore industry and land based industry.\",\"potentialAction\":[{\"@type\":\"SearchAction\",\"target\":{\"@type\":\"EntryPoint\",\"urlTemplate\":\"https:\\\/\\\/www.vonin.com\\\/?s={search_term_string}\"},\"query-input\":{\"@type\":\"PropertyValueSpecification\",\"valueRequired\":true,\"valueName\":\"search_term_string\"}}],\"inLanguage\":\"nb-NO\"}]}<\/script>\n<!-- \/ Yoast SEO plugin. -->","yoast_head_json":{"title":"Havbruksutstyr - V\u00f3nin Refa - Oppdrettsutstyr av h\u00f8y kvalitet","description":"Havbruk. Vi har spesialisert oss p\u00e5 oppdrettsutstyr av h\u00f8y kvalitet til eksponerte lokaliteter. Kontakt oss.","robots":{"index":"index","follow":"follow","max-snippet":"max-snippet:-1","max-image-preview":"max-image-preview:large","max-video-preview":"max-video-preview:-1"},"canonical":"https:\/\/www.vonin.com\/no\/havbruk\/","og_locale":"nb_NO","og_type":"article","og_title":"Havbruksutstyr - V\u00f3nin Refa - Oppdrettsutstyr av h\u00f8y kvalitet","og_description":"Havbruk. Vi har spesialisert oss p\u00e5 oppdrettsutstyr av h\u00f8y kvalitet til eksponerte lokaliteter. Kontakt oss.","og_url":"https:\/\/www.vonin.com\/no\/havbruk\/","og_site_name":"V\u00f3nin","article_modified_time":"2025-12-17T09:29:56+00:00","og_image":[{"url":"https:\/\/www.vonin.com\/wp-content\/uploads\/2021\/04\/DSC09248-scaled.jpg","type":"","width":"","height":""}],"twitter_card":"summary_large_image","twitter_misc":{"Ansl. lesetid":"1 minutt"},"schema":{"@context":"https:\/\/schema.org","@graph":[{"@type":"WebPage","@id":"https:\/\/www.vonin.com\/no\/havbruk\/","url":"https:\/\/www.vonin.com\/no\/havbruk\/","name":"Havbruksutstyr - V\u00f3nin Refa - Oppdrettsutstyr av h\u00f8y kvalitet","isPartOf":{"@id":"https:\/\/www.vonin.com\/#website"},"primaryImageOfPage":{"@id":"https:\/\/www.vonin.com\/no\/havbruk\/#primaryimage"},"image":{"@id":"https:\/\/www.vonin.com\/no\/havbruk\/#primaryimage"},"thumbnailUrl":"https:\/\/www.vonin.com\/wp-content\/uploads\/2021\/04\/DSC09248-scaled.jpg","datePublished":"2022-09-23T12:19:39+00:00","dateModified":"2025-12-17T09:29:56+00:00","description":"Havbruk. Vi har spesialisert oss p\u00e5 oppdrettsutstyr av h\u00f8y kvalitet til eksponerte lokaliteter. Kontakt oss.","breadcrumb":{"@id":"https:\/\/www.vonin.com\/no\/havbruk\/#breadcrumb"},"inLanguage":"nb-NO","potentialAction":[{"@type":"ReadAction","target":["https:\/\/www.vonin.com\/no\/havbruk\/"]}]},{"@type":"ImageObject","inLanguage":"nb-NO","@id":"https:\/\/www.vonin.com\/no\/havbruk\/#primaryimage","url":"https:\/\/www.vonin.com\/wp-content\/uploads\/2021\/04\/DSC09248-scaled.jpg","contentUrl":"https:\/\/www.vonin.com\/wp-content\/uploads\/2021\/04\/DSC09248-scaled.jpg"},{"@type":"BreadcrumbList","@id":"https:\/\/www.vonin.com\/no\/havbruk\/#breadcrumb","itemListElement":[{"@type":"ListItem","position":1,"name":"V\u00f3nin","item":"https:\/\/www.vonin.com\/no\/"},{"@type":"ListItem","position":2,"name":"Havbruk"}]},{"@type":"WebSite","@id":"https:\/\/www.vonin.com\/#website","url":"https:\/\/www.vonin.com\/","name":"V\u00f3nin","description":"V\u00f3nin is a major developer and manufacturer of high quality fishing gear and aquaculture equipment as well as supplying equipment to the offshore industry and land based industry.","potentialAction":[{"@type":"SearchAction","target":{"@type":"EntryPoint","urlTemplate":"https:\/\/www.vonin.com\/?s={search_term_string}"},"query-input":{"@type":"PropertyValueSpecification","valueRequired":true,"valueName":"search_term_string"}}],"inLanguage":"nb-NO"}]}},"_links":{"self":[{"href":"https:\/\/www.vonin.com\/no\/wp-json\/wp\/v2\/pages\/11898","targetHints":{"allow":["GET"]}}],"collection":[{"href":"https:\/\/www.vonin.com\/no\/wp-json\/wp\/v2\/pages"}],"about":[{"href":"https:\/\/www.vonin.com\/no\/wp-json\/wp\/v2\/types\/page"}],"author":[{"embeddable":true,"href":"https:\/\/www.vonin.com\/no\/wp-json\/wp\/v2\/users\/3"}],"replies":[{"embeddable":true,"href":"https:\/\/www.vonin.com\/no\/wp-json\/wp\/v2\/comments?post=11898"}],"version-history":[{"count":33,"href":"https:\/\/www.vonin.com\/no\/wp-json\/wp\/v2\/pages\/11898\/revisions"}],"predecessor-version":[{"id":13923,"href":"https:\/\/www.vonin.com\/no\/wp-json\/wp\/v2\/pages\/11898\/revisions\/13923"}],"wp:attachment":[{"href":"https:\/\/www.vonin.com\/no\/wp-json\/wp\/v2\/media?parent=11898"}],"curies":[{"name":"wp","href":"https:\/\/api.w.org\/{rel}","templated":true}]}}