{"id":11887,"date":"2022-09-27T14:02:48","date_gmt":"2022-09-27T14:02:48","guid":{"rendered":"https:\/\/www.vonin.com\/?page_id=11887"},"modified":"2026-03-09T14:33:00","modified_gmt":"2026-03-09T14:33:00","slug":"arbeidsplass","status":"publish","type":"page","link":"https:\/\/www.vonin.com\/no\/arbeidsplass\/","title":{"rendered":"Arbeidsplass"},"content":{"rendered":"\n<div class=\"wp-block-cover alignfull is-light\" style=\"min-height:700px;aspect-ratio:unset;\"><img loading=\"lazy\" decoding=\"async\" width=\"2560\" height=\"1920\" class=\"wp-block-cover__image-background wp-image-11892\" alt=\"\" src=\"https:\/\/www.vonin.com\/wp-content\/uploads\/2022\/09\/11.02.21-FINNSNES-DRONE01.jpg\" style=\"object-position:63% 58%\" data-object-fit=\"cover\" data-object-position=\"63% 58%\" srcset=\"https:\/\/www.vonin.com\/wp-content\/uploads\/2022\/09\/11.02.21-FINNSNES-DRONE01.jpg 2560w, https:\/\/www.vonin.com\/wp-content\/uploads\/2022\/09\/11.02.21-FINNSNES-DRONE01-800x600.jpg 800w, https:\/\/www.vonin.com\/wp-content\/uploads\/2022\/09\/11.02.21-FINNSNES-DRONE01-1600x1200.jpg 1600w, https:\/\/www.vonin.com\/wp-content\/uploads\/2022\/09\/11.02.21-FINNSNES-DRONE01-768x576.jpg 768w, https:\/\/www.vonin.com\/wp-content\/uploads\/2022\/09\/11.02.21-FINNSNES-DRONE01-200x150.jpg 200w, https:\/\/www.vonin.com\/wp-content\/uploads\/2022\/09\/11.02.21-FINNSNES-DRONE01-1536x1152.jpg 1536w, https:\/\/www.vonin.com\/wp-content\/uploads\/2022\/09\/11.02.21-FINNSNES-DRONE01-2048x1536.jpg 2048w\" sizes=\"auto, (max-width: 2560px) 100vw, 2560px\" \/><span aria-hidden=\"true\" class=\"wp-block-cover__background has-black-background-color has-background-dim-30 has-background-dim\"><\/span><div class=\"wp-block-cover__inner-container is-layout-flow wp-block-cover-is-layout-flow\">\n<h2 class=\"wp-block-heading has-text-align-center has-large-font-size\"><strong><mark style=\"background-color:rgba(0, 0, 0, 0)\" class=\"has-inline-color has-white-color\">Ledige stillinger<\/mark><\/strong><\/h2>\n<\/div><\/div>\n\n\n\n<div style=\"height:60px\" aria-hidden=\"true\" class=\"wp-block-spacer\"><\/div>\n\n\n\n<p class=\"has-text-align-center\"><em>V\u00f3nin Refa er en betydelig selger, utvikler og produsent av fiskeredskaper. Vi driver virksomhet langs norskekysten med hovedkontor p\u00e5 Finnsnes, avdelinger i Svolv\u00e6r, Troms\u00f8 og Alta og salgskontor i Bod\u00f8.<\/em><\/p>\n\n\n\n<p class=\"has-text-align-center\"><em>V\u00e5rt omfattende utvalg av fiskeutstyr inkluderer alle typer redskaper til kystfiskefl\u00e5ten, som garn, line, snurrevad, juksa og teiner. Vi har siden etableringen for 70 \u00e5r siden hatt en solid markedsposisjon blant kystfiskerne i Nord-Norge og den posisjonen skal vi ha ogs\u00e5 i framtida.<\/em><\/p>\n\n\n\n<div style=\"height:30px\" aria-hidden=\"true\" class=\"wp-block-spacer\"><\/div>\n\n\n\n<hr class=\"wp-block-separator has-css-opacity\"\/>\n\n\n\n<div style=\"height:30px\" aria-hidden=\"true\" class=\"wp-block-spacer\"><\/div>\n\n\n\n<p class=\"has-text-align-center\">Vi har ingen ledige stillinger for \u00f8yeblikket.<\/p>\n\n\n\n<div style=\"height:30px\" aria-hidden=\"true\" class=\"wp-block-spacer\"><\/div>\n","protected":false},"excerpt":{"rendered":"<p>V\u00f3nin Refa er en betydelig selger, utvikler og produsent av fiskeredskaper. Vi driver virksomhet langs norskekysten med hovedkontor p\u00e5 Finnsnes, avdelinger i Svolv\u00e6r, Troms\u00f8 og Alta og salgskontor i Bod\u00f8. V\u00e5rt omfattende utvalg av fiskeutstyr inkluderer alle typer redskaper til kystfiskefl\u00e5ten, som garn, line, snurrevad, juksa og teiner. Vi har siden etableringen for 70 \u00e5r [&hellip;]<\/p>\n","protected":false},"author":3,"featured_media":0,"parent":0,"menu_order":0,"comment_status":"closed","ping_status":"closed","template":"","meta":{"_acf_changed":false,"content-type":"","footnotes":""},"class_list":["post-11887","page","type-page","status-publish","hentry"],"acf":[],"yoast_head":"<!-- This site is optimized with the Yoast SEO plugin v27.6 - https:\/\/yoast.com\/product\/yoast-seo-wordpress\/ -->\n<title>Arbeidsplass - V\u00f3nin<\/title>\n<meta name=\"robots\" content=\"index, follow, max-snippet:-1, max-image-preview:large, max-video-preview:-1\" \/>\n<link rel=\"canonical\" href=\"https:\/\/www.vonin.com\/no\/arbeidsplass\/\" \/>\n<meta property=\"og:locale\" content=\"nb_NO\" \/>\n<meta property=\"og:type\" content=\"article\" \/>\n<meta property=\"og:title\" content=\"Arbeidsplass - V\u00f3nin\" \/>\n<meta property=\"og:description\" content=\"V\u00f3nin Refa er en betydelig selger, utvikler og produsent av fiskeredskaper. Vi driver virksomhet langs norskekysten med hovedkontor p\u00e5 Finnsnes, avdelinger i Svolv\u00e6r, Troms\u00f8 og Alta og salgskontor i Bod\u00f8. V\u00e5rt omfattende utvalg av fiskeutstyr inkluderer alle typer redskaper til kystfiskefl\u00e5ten, som garn, line, snurrevad, juksa og teiner. Vi har siden etableringen for 70 \u00e5r [&hellip;]\" \/>\n<meta property=\"og:url\" content=\"https:\/\/www.vonin.com\/no\/arbeidsplass\/\" \/>\n<meta property=\"og:site_name\" content=\"V\u00f3nin\" \/>\n<meta property=\"article:modified_time\" content=\"2026-03-09T14:33:00+00:00\" \/>\n<meta property=\"og:image\" content=\"https:\/\/www.vonin.com\/wp-content\/uploads\/2022\/09\/11.02.21-FINNSNES-DRONE01.jpg\" \/>\n\t<meta property=\"og:image:width\" content=\"2560\" \/>\n\t<meta property=\"og:image:height\" content=\"1920\" \/>\n\t<meta property=\"og:image:type\" content=\"image\/jpeg\" \/>\n<meta name=\"twitter:card\" content=\"summary_large_image\" \/>\n<meta name=\"twitter:label1\" content=\"Ansl. lesetid\" \/>\n\t<meta name=\"twitter:data1\" content=\"1 minutt\" \/>\n<script type=\"application\/ld+json\" class=\"yoast-schema-graph\">{\"@context\":\"https:\\\/\\\/schema.org\",\"@graph\":[{\"@type\":\"WebPage\",\"@id\":\"https:\\\/\\\/www.vonin.com\\\/no\\\/arbeidsplass\\\/\",\"url\":\"https:\\\/\\\/www.vonin.com\\\/no\\\/arbeidsplass\\\/\",\"name\":\"Arbeidsplass - V\u00f3nin\",\"isPartOf\":{\"@id\":\"https:\\\/\\\/www.vonin.com\\\/#website\"},\"primaryImageOfPage\":{\"@id\":\"https:\\\/\\\/www.vonin.com\\\/no\\\/arbeidsplass\\\/#primaryimage\"},\"image\":{\"@id\":\"https:\\\/\\\/www.vonin.com\\\/no\\\/arbeidsplass\\\/#primaryimage\"},\"thumbnailUrl\":\"https:\\\/\\\/www.vonin.com\\\/wp-content\\\/uploads\\\/2022\\\/09\\\/11.02.21-FINNSNES-DRONE01.jpg\",\"datePublished\":\"2022-09-27T14:02:48+00:00\",\"dateModified\":\"2026-03-09T14:33:00+00:00\",\"breadcrumb\":{\"@id\":\"https:\\\/\\\/www.vonin.com\\\/no\\\/arbeidsplass\\\/#breadcrumb\"},\"inLanguage\":\"nb-NO\",\"potentialAction\":[{\"@type\":\"ReadAction\",\"target\":[\"https:\\\/\\\/www.vonin.com\\\/no\\\/arbeidsplass\\\/\"]}]},{\"@type\":\"ImageObject\",\"inLanguage\":\"nb-NO\",\"@id\":\"https:\\\/\\\/www.vonin.com\\\/no\\\/arbeidsplass\\\/#primaryimage\",\"url\":\"https:\\\/\\\/www.vonin.com\\\/wp-content\\\/uploads\\\/2022\\\/09\\\/11.02.21-FINNSNES-DRONE01.jpg\",\"contentUrl\":\"https:\\\/\\\/www.vonin.com\\\/wp-content\\\/uploads\\\/2022\\\/09\\\/11.02.21-FINNSNES-DRONE01.jpg\"},{\"@type\":\"BreadcrumbList\",\"@id\":\"https:\\\/\\\/www.vonin.com\\\/no\\\/arbeidsplass\\\/#breadcrumb\",\"itemListElement\":[{\"@type\":\"ListItem\",\"position\":1,\"name\":\"V\u00f3nin\",\"item\":\"https:\\\/\\\/www.vonin.com\\\/no\\\/\"},{\"@type\":\"ListItem\",\"position\":2,\"name\":\"Arbeidsplass\"}]},{\"@type\":\"WebSite\",\"@id\":\"https:\\\/\\\/www.vonin.com\\\/#website\",\"url\":\"https:\\\/\\\/www.vonin.com\\\/\",\"name\":\"V\u00f3nin\",\"description\":\"V\u00f3nin is a major developer and manufacturer of high quality fishing gear and aquaculture equipment as well as supplying equipment to the offshore industry and land based industry.\",\"potentialAction\":[{\"@type\":\"SearchAction\",\"target\":{\"@type\":\"EntryPoint\",\"urlTemplate\":\"https:\\\/\\\/www.vonin.com\\\/?s={search_term_string}\"},\"query-input\":{\"@type\":\"PropertyValueSpecification\",\"valueRequired\":true,\"valueName\":\"search_term_string\"}}],\"inLanguage\":\"nb-NO\"}]}<\/script>\n<!-- \/ Yoast SEO plugin. -->","yoast_head_json":{"title":"Arbeidsplass - V\u00f3nin","robots":{"index":"index","follow":"follow","max-snippet":"max-snippet:-1","max-image-preview":"max-image-preview:large","max-video-preview":"max-video-preview:-1"},"canonical":"https:\/\/www.vonin.com\/no\/arbeidsplass\/","og_locale":"nb_NO","og_type":"article","og_title":"Arbeidsplass - V\u00f3nin","og_description":"V\u00f3nin Refa er en betydelig selger, utvikler og produsent av fiskeredskaper. Vi driver virksomhet langs norskekysten med hovedkontor p\u00e5 Finnsnes, avdelinger i Svolv\u00e6r, Troms\u00f8 og Alta og salgskontor i Bod\u00f8. V\u00e5rt omfattende utvalg av fiskeutstyr inkluderer alle typer redskaper til kystfiskefl\u00e5ten, som garn, line, snurrevad, juksa og teiner. Vi har siden etableringen for 70 \u00e5r [&hellip;]","og_url":"https:\/\/www.vonin.com\/no\/arbeidsplass\/","og_site_name":"V\u00f3nin","article_modified_time":"2026-03-09T14:33:00+00:00","og_image":[{"width":2560,"height":1920,"url":"https:\/\/www.vonin.com\/wp-content\/uploads\/2022\/09\/11.02.21-FINNSNES-DRONE01.jpg","type":"image\/jpeg"}],"twitter_card":"summary_large_image","twitter_misc":{"Ansl. lesetid":"1 minutt"},"schema":{"@context":"https:\/\/schema.org","@graph":[{"@type":"WebPage","@id":"https:\/\/www.vonin.com\/no\/arbeidsplass\/","url":"https:\/\/www.vonin.com\/no\/arbeidsplass\/","name":"Arbeidsplass - V\u00f3nin","isPartOf":{"@id":"https:\/\/www.vonin.com\/#website"},"primaryImageOfPage":{"@id":"https:\/\/www.vonin.com\/no\/arbeidsplass\/#primaryimage"},"image":{"@id":"https:\/\/www.vonin.com\/no\/arbeidsplass\/#primaryimage"},"thumbnailUrl":"https:\/\/www.vonin.com\/wp-content\/uploads\/2022\/09\/11.02.21-FINNSNES-DRONE01.jpg","datePublished":"2022-09-27T14:02:48+00:00","dateModified":"2026-03-09T14:33:00+00:00","breadcrumb":{"@id":"https:\/\/www.vonin.com\/no\/arbeidsplass\/#breadcrumb"},"inLanguage":"nb-NO","potentialAction":[{"@type":"ReadAction","target":["https:\/\/www.vonin.com\/no\/arbeidsplass\/"]}]},{"@type":"ImageObject","inLanguage":"nb-NO","@id":"https:\/\/www.vonin.com\/no\/arbeidsplass\/#primaryimage","url":"https:\/\/www.vonin.com\/wp-content\/uploads\/2022\/09\/11.02.21-FINNSNES-DRONE01.jpg","contentUrl":"https:\/\/www.vonin.com\/wp-content\/uploads\/2022\/09\/11.02.21-FINNSNES-DRONE01.jpg"},{"@type":"BreadcrumbList","@id":"https:\/\/www.vonin.com\/no\/arbeidsplass\/#breadcrumb","itemListElement":[{"@type":"ListItem","position":1,"name":"V\u00f3nin","item":"https:\/\/www.vonin.com\/no\/"},{"@type":"ListItem","position":2,"name":"Arbeidsplass"}]},{"@type":"WebSite","@id":"https:\/\/www.vonin.com\/#website","url":"https:\/\/www.vonin.com\/","name":"V\u00f3nin","description":"V\u00f3nin is a major developer and manufacturer of high quality fishing gear and aquaculture equipment as well as supplying equipment to the offshore industry and land based industry.","potentialAction":[{"@type":"SearchAction","target":{"@type":"EntryPoint","urlTemplate":"https:\/\/www.vonin.com\/?s={search_term_string}"},"query-input":{"@type":"PropertyValueSpecification","valueRequired":true,"valueName":"search_term_string"}}],"inLanguage":"nb-NO"}]}},"_links":{"self":[{"href":"https:\/\/www.vonin.com\/no\/wp-json\/wp\/v2\/pages\/11887","targetHints":{"allow":["GET"]}}],"collection":[{"href":"https:\/\/www.vonin.com\/no\/wp-json\/wp\/v2\/pages"}],"about":[{"href":"https:\/\/www.vonin.com\/no\/wp-json\/wp\/v2\/types\/page"}],"author":[{"embeddable":true,"href":"https:\/\/www.vonin.com\/no\/wp-json\/wp\/v2\/users\/3"}],"replies":[{"embeddable":true,"href":"https:\/\/www.vonin.com\/no\/wp-json\/wp\/v2\/comments?post=11887"}],"version-history":[{"count":17,"href":"https:\/\/www.vonin.com\/no\/wp-json\/wp\/v2\/pages\/11887\/revisions"}],"predecessor-version":[{"id":348599,"href":"https:\/\/www.vonin.com\/no\/wp-json\/wp\/v2\/pages\/11887\/revisions\/348599"}],"wp:attachment":[{"href":"https:\/\/www.vonin.com\/no\/wp-json\/wp\/v2\/media?parent=11887"}],"curies":[{"name":"wp","href":"https:\/\/api.w.org\/{rel}","templated":true}]}}