{"id":11228,"date":"2022-09-01T19:18:12","date_gmt":"2022-09-01T19:18:12","guid":{"rendered":"https:\/\/www.vonin.com\/?page_id=11228"},"modified":"2026-05-13T09:40:45","modified_gmt":"2026-05-13T09:40:45","slug":"forsida","status":"publish","type":"page","link":"https:\/\/www.vonin.com\/no\/","title":{"rendered":"Forside"},"content":{"rendered":"\n\n    <div id=\"video-cover-block_1817470ed0b5bfb364cdbd4c35149848\" class=\"beak-video-cover has-chevron alignfull content-top\" style=\" min-height: 100vh;\">\n        \n        <div class=\"video-placeholder\" data-video-src=\"https:\/\/player.vimeo.com\/progressive_redirect\/playback\/795591716\/rendition\/1080p\/file.mp4?loc=external&#038;signature=e8314a9efc15713bc0a9c778a1ae2226bd939b6e5c45f37de81124e5ee2190d0\">\n            <!-- You can add a thumbnail or any placeholder content here -->\n        <\/div>\n\n        <div class=\"cover--content container\">\n            \n\n<div style=\"height:60px\" aria-hidden=\"true\" class=\"wp-block-spacer\"><\/div>\n\n\n\n<h2 class=\"wp-block-heading has-text-align-center\">Vi gj\u00f8r havet l\u00f8nnsomt<\/h2>\n\n\n        <\/div>\n    <\/div>\n\n\n\n\n\n    <div id=\"video-cover-block_ec2618171e3da20ee9224ea52ad1d751\" class=\"beak-video-cover alignfull content-top\" style=\" min-height: 100vh;\">\n        \n        <div class=\"video-placeholder\" data-video-src=\"https:\/\/player.vimeo.com\/progressive_redirect\/playback\/803823377\/rendition\/1080p\/file.mp4?loc=external&#038;signature=8559065e40c72c8c3e86e9c7d796e6aeacba5324c860f9a89b22d646ff69802b\">\n            <!-- You can add a thumbnail or any placeholder content here -->\n        <\/div>\n\n        <div class=\"cover--content container\">\n            \n\n<h2 class=\"wp-block-heading has-text-align-left has-white-color has-text-color\">Fiskeri<\/h2>\n\n\n\n<p class=\"has-text-align-left has-white-color has-text-color\">V\u00f3nin Refa er en betydelig utvikler og produsent av fiskeutstyr av h\u00f8y kvalitet. Vi er opptatt av innovasjon og samarbeider tett med kundene v\u00e5re i produktutviklingen.<\/p>\n\n\n\n<div style=\"height:30px\" aria-hidden=\"true\" class=\"wp-block-spacer\"><\/div>\n\n\n\n<div class=\"wp-block-buttons is-horizontal is-content-justification-left is-layout-flex wp-container-core-buttons-is-layout-7e5fce0a wp-block-buttons-is-layout-flex\">\n<div class=\"wp-block-button is-style-outline is-style-outline--1\"><a class=\"wp-block-button__link has-white-background-color has-background wp-element-button\" href=\"https:\/\/www.vonin.com\/no\/fiskeutstyr\/\" rel=\"\"><mark style=\"background-color:rgba(0, 0, 0, 0)\" class=\"has-inline-color has-white-color\">LES MER<\/mark><\/a><\/div>\n<\/div>\n\n\n        <\/div>\n    <\/div>\n\n\n\n\n<div style=\"height:30px\" aria-hidden=\"true\" class=\"wp-block-spacer\"><\/div>\n\n\n\n<div class=\"wp-block-cover alignfull has-custom-content-position is-position-center-left\" style=\"min-height:617px;aspect-ratio:unset;\"><img loading=\"lazy\" decoding=\"async\" width=\"2560\" height=\"1677\" class=\"wp-block-cover__image-background wp-image-8525\" alt=\"\" src=\"https:\/\/www.vonin.com\/wp-content\/uploads\/2021\/07\/Vonin-location-1.jpg\" style=\"object-position:47% 26%\" data-object-fit=\"cover\" data-object-position=\"47% 26%\" srcset=\"https:\/\/www.vonin.com\/wp-content\/uploads\/2021\/07\/Vonin-location-1.jpg 2560w, https:\/\/www.vonin.com\/wp-content\/uploads\/2021\/07\/Vonin-location-1-800x524.jpg 800w, https:\/\/www.vonin.com\/wp-content\/uploads\/2021\/07\/Vonin-location-1-1600x1048.jpg 1600w, https:\/\/www.vonin.com\/wp-content\/uploads\/2021\/07\/Vonin-location-1-768x503.jpg 768w, https:\/\/www.vonin.com\/wp-content\/uploads\/2021\/07\/Vonin-location-1-200x131.jpg 200w, https:\/\/www.vonin.com\/wp-content\/uploads\/2021\/07\/Vonin-location-1-1536x1006.jpg 1536w, https:\/\/www.vonin.com\/wp-content\/uploads\/2021\/07\/Vonin-location-1-2048x1342.jpg 2048w\" sizes=\"auto, (max-width: 2560px) 100vw, 2560px\" \/><span aria-hidden=\"true\" class=\"wp-block-cover__background has-background-dim-20 has-background-dim wp-block-cover__gradient-background has-background-gradient\" style=\"background:linear-gradient(135deg,rgb(48,87,92) 0%,rgb(16,74,78) 100%)\"><\/span><div class=\"wp-block-cover__inner-container is-layout-flow wp-block-cover-is-layout-flow\">\n<p class=\"has-text-align-left has-large-font-size\">B\u00e5de en lokal og internasjonal virksomhet<\/p>\n\n\n\n<p class=\"has-text-align-left\">V\u00f3nin Refa har utviklet seg fra lokale r\u00f8tter til \u00e5 v\u00e6re en del av en internasjonal virksomhet med et vell av ekspertise og erfaring.<\/p>\n\n\n\n<div class=\"wp-block-buttons is-layout-flex wp-block-buttons-is-layout-flex\">\n<div class=\"wp-block-button is-style-outline is-style-outline--2\"><a class=\"wp-block-button__link has-white-color has-white-background-color has-text-color has-background wp-element-button\" href=\"https:\/\/www.vonin.com\/no\/historie\/\">LES MER<\/a><\/div>\n<\/div>\n<\/div><\/div>\n","protected":false},"excerpt":{"rendered":"","protected":false},"author":1,"featured_media":11238,"parent":0,"menu_order":0,"comment_status":"closed","ping_status":"closed","template":"","meta":{"_acf_changed":false,"content-type":"","footnotes":""},"class_list":["post-11228","page","type-page","status-publish","has-post-thumbnail","hentry"],"acf":[],"yoast_head":"<!-- This site is optimized with the Yoast SEO plugin v27.6 - https:\/\/yoast.com\/product\/yoast-seo-wordpress\/ -->\n<title>Forside - V\u00f3nin<\/title>\n<meta name=\"robots\" content=\"index, follow, max-snippet:-1, max-image-preview:large, max-video-preview:-1\" \/>\n<link rel=\"canonical\" href=\"https:\/\/www.vonin.com\/no\/\" \/>\n<meta property=\"og:locale\" content=\"nb_NO\" \/>\n<meta property=\"og:type\" content=\"article\" \/>\n<meta property=\"og:title\" content=\"Forside - V\u00f3nin\" \/>\n<meta property=\"og:url\" content=\"https:\/\/www.vonin.com\/no\/\" \/>\n<meta property=\"og:site_name\" content=\"V\u00f3nin\" \/>\n<meta property=\"article:modified_time\" content=\"2026-05-13T09:40:45+00:00\" \/>\n<meta property=\"og:image\" content=\"https:\/\/www.vonin.com\/wp-content\/uploads\/2021\/07\/hogaberg2.jpg\" \/>\n\t<meta property=\"og:image:width\" content=\"2560\" \/>\n\t<meta property=\"og:image:height\" content=\"1440\" \/>\n\t<meta property=\"og:image:type\" content=\"image\/jpeg\" \/>\n<meta name=\"twitter:card\" content=\"summary_large_image\" \/>\n<meta name=\"twitter:label1\" content=\"Ansl. lesetid\" \/>\n\t<meta name=\"twitter:data1\" content=\"1 minutt\" \/>\n<script type=\"application\/ld+json\" class=\"yoast-schema-graph\">{\"@context\":\"https:\\\/\\\/schema.org\",\"@graph\":[{\"@type\":\"WebPage\",\"@id\":\"https:\\\/\\\/www.vonin.com\\\/no\\\/\",\"url\":\"https:\\\/\\\/www.vonin.com\\\/no\\\/\",\"name\":\"Forside - V\u00f3nin\",\"isPartOf\":{\"@id\":\"https:\\\/\\\/www.vonin.com\\\/#website\"},\"primaryImageOfPage\":{\"@id\":\"https:\\\/\\\/www.vonin.com\\\/no\\\/#primaryimage\"},\"image\":{\"@id\":\"https:\\\/\\\/www.vonin.com\\\/no\\\/#primaryimage\"},\"thumbnailUrl\":\"https:\\\/\\\/www.vonin.com\\\/wp-content\\\/uploads\\\/2021\\\/07\\\/hogaberg2.jpg\",\"datePublished\":\"2022-09-01T19:18:12+00:00\",\"dateModified\":\"2026-05-13T09:40:45+00:00\",\"breadcrumb\":{\"@id\":\"https:\\\/\\\/www.vonin.com\\\/no\\\/#breadcrumb\"},\"inLanguage\":\"nb-NO\",\"potentialAction\":[{\"@type\":\"ReadAction\",\"target\":[\"https:\\\/\\\/www.vonin.com\\\/no\\\/\"]}]},{\"@type\":\"ImageObject\",\"inLanguage\":\"nb-NO\",\"@id\":\"https:\\\/\\\/www.vonin.com\\\/no\\\/#primaryimage\",\"url\":\"https:\\\/\\\/www.vonin.com\\\/wp-content\\\/uploads\\\/2021\\\/07\\\/hogaberg2.jpg\",\"contentUrl\":\"https:\\\/\\\/www.vonin.com\\\/wp-content\\\/uploads\\\/2021\\\/07\\\/hogaberg2.jpg\",\"width\":2560,\"height\":1440},{\"@type\":\"BreadcrumbList\",\"@id\":\"https:\\\/\\\/www.vonin.com\\\/no\\\/#breadcrumb\",\"itemListElement\":[{\"@type\":\"ListItem\",\"position\":1,\"name\":\"V\u00f3nin\",\"item\":\"https:\\\/\\\/www.vonin.com\\\/no\\\/\"},{\"@type\":\"ListItem\",\"position\":2,\"name\":\"Forside\"}]},{\"@type\":\"WebSite\",\"@id\":\"https:\\\/\\\/www.vonin.com\\\/#website\",\"url\":\"https:\\\/\\\/www.vonin.com\\\/\",\"name\":\"V\u00f3nin\",\"description\":\"V\u00f3nin is a major developer and manufacturer of high quality fishing gear and aquaculture equipment as well as supplying equipment to the offshore industry and land based industry.\",\"potentialAction\":[{\"@type\":\"SearchAction\",\"target\":{\"@type\":\"EntryPoint\",\"urlTemplate\":\"https:\\\/\\\/www.vonin.com\\\/?s={search_term_string}\"},\"query-input\":{\"@type\":\"PropertyValueSpecification\",\"valueRequired\":true,\"valueName\":\"search_term_string\"}}],\"inLanguage\":\"nb-NO\"}]}<\/script>\n<!-- \/ Yoast SEO plugin. -->","yoast_head_json":{"title":"Forside - V\u00f3nin","robots":{"index":"index","follow":"follow","max-snippet":"max-snippet:-1","max-image-preview":"max-image-preview:large","max-video-preview":"max-video-preview:-1"},"canonical":"https:\/\/www.vonin.com\/no\/","og_locale":"nb_NO","og_type":"article","og_title":"Forside - V\u00f3nin","og_url":"https:\/\/www.vonin.com\/no\/","og_site_name":"V\u00f3nin","article_modified_time":"2026-05-13T09:40:45+00:00","og_image":[{"width":2560,"height":1440,"url":"https:\/\/www.vonin.com\/wp-content\/uploads\/2021\/07\/hogaberg2.jpg","type":"image\/jpeg"}],"twitter_card":"summary_large_image","twitter_misc":{"Ansl. lesetid":"1 minutt"},"schema":{"@context":"https:\/\/schema.org","@graph":[{"@type":"WebPage","@id":"https:\/\/www.vonin.com\/no\/","url":"https:\/\/www.vonin.com\/no\/","name":"Forside - V\u00f3nin","isPartOf":{"@id":"https:\/\/www.vonin.com\/#website"},"primaryImageOfPage":{"@id":"https:\/\/www.vonin.com\/no\/#primaryimage"},"image":{"@id":"https:\/\/www.vonin.com\/no\/#primaryimage"},"thumbnailUrl":"https:\/\/www.vonin.com\/wp-content\/uploads\/2021\/07\/hogaberg2.jpg","datePublished":"2022-09-01T19:18:12+00:00","dateModified":"2026-05-13T09:40:45+00:00","breadcrumb":{"@id":"https:\/\/www.vonin.com\/no\/#breadcrumb"},"inLanguage":"nb-NO","potentialAction":[{"@type":"ReadAction","target":["https:\/\/www.vonin.com\/no\/"]}]},{"@type":"ImageObject","inLanguage":"nb-NO","@id":"https:\/\/www.vonin.com\/no\/#primaryimage","url":"https:\/\/www.vonin.com\/wp-content\/uploads\/2021\/07\/hogaberg2.jpg","contentUrl":"https:\/\/www.vonin.com\/wp-content\/uploads\/2021\/07\/hogaberg2.jpg","width":2560,"height":1440},{"@type":"BreadcrumbList","@id":"https:\/\/www.vonin.com\/no\/#breadcrumb","itemListElement":[{"@type":"ListItem","position":1,"name":"V\u00f3nin","item":"https:\/\/www.vonin.com\/no\/"},{"@type":"ListItem","position":2,"name":"Forside"}]},{"@type":"WebSite","@id":"https:\/\/www.vonin.com\/#website","url":"https:\/\/www.vonin.com\/","name":"V\u00f3nin","description":"V\u00f3nin is a major developer and manufacturer of high quality fishing gear and aquaculture equipment as well as supplying equipment to the offshore industry and land based industry.","potentialAction":[{"@type":"SearchAction","target":{"@type":"EntryPoint","urlTemplate":"https:\/\/www.vonin.com\/?s={search_term_string}"},"query-input":{"@type":"PropertyValueSpecification","valueRequired":true,"valueName":"search_term_string"}}],"inLanguage":"nb-NO"}]}},"_links":{"self":[{"href":"https:\/\/www.vonin.com\/no\/wp-json\/wp\/v2\/pages\/11228","targetHints":{"allow":["GET"]}}],"collection":[{"href":"https:\/\/www.vonin.com\/no\/wp-json\/wp\/v2\/pages"}],"about":[{"href":"https:\/\/www.vonin.com\/no\/wp-json\/wp\/v2\/types\/page"}],"author":[{"embeddable":true,"href":"https:\/\/www.vonin.com\/no\/wp-json\/wp\/v2\/users\/1"}],"replies":[{"embeddable":true,"href":"https:\/\/www.vonin.com\/no\/wp-json\/wp\/v2\/comments?post=11228"}],"version-history":[{"count":133,"href":"https:\/\/www.vonin.com\/no\/wp-json\/wp\/v2\/pages\/11228\/revisions"}],"predecessor-version":[{"id":362883,"href":"https:\/\/www.vonin.com\/no\/wp-json\/wp\/v2\/pages\/11228\/revisions\/362883"}],"wp:featuredmedia":[{"embeddable":true,"href":"https:\/\/www.vonin.com\/no\/wp-json\/wp\/v2\/media\/11238"}],"wp:attachment":[{"href":"https:\/\/www.vonin.com\/no\/wp-json\/wp\/v2\/media?parent=11228"}],"curies":[{"name":"wp","href":"https:\/\/api.w.org\/{rel}","templated":true}]}}