{"id":9852,"date":"2022-05-09T14:47:16","date_gmt":"2022-05-09T14:47:16","guid":{"rendered":"https:\/\/www.vonin.com\/?post_type=product&#038;p=9852"},"modified":"2023-12-07T10:45:56","modified_gmt":"2023-12-07T10:45:56","slug":"vonin-flexi-rist","status":"publish","type":"product","link":"https:\/\/www.vonin.com\/fo\/product\/vonin-flexi-rist\/","title":{"rendered":"V\u00f3nin Flexi rist"},"content":{"rendered":"\n<div class=\"wp-block-cover alignfull is-light\" style=\"min-height:617px;aspect-ratio:unset;\"><span aria-hidden=\"true\" class=\"wp-block-cover__background has-background-dim\"><\/span><img loading=\"lazy\" decoding=\"async\" width=\"2560\" height=\"1920\" class=\"wp-block-cover__image-background wp-image-2873\" alt=\"\" src=\"https:\/\/www.vonin.com\/wp-content\/uploads\/2021\/02\/Vonin-flexigrid-scaled.jpg\" style=\"object-position:51% 67%\" data-object-fit=\"cover\" data-object-position=\"51% 67%\" srcset=\"https:\/\/www.vonin.com\/wp-content\/uploads\/2021\/02\/Vonin-flexigrid-scaled.jpg 2560w, https:\/\/www.vonin.com\/wp-content\/uploads\/2021\/02\/Vonin-flexigrid-800x600.jpg 800w, https:\/\/www.vonin.com\/wp-content\/uploads\/2021\/02\/Vonin-flexigrid-1600x1200.jpg 1600w, https:\/\/www.vonin.com\/wp-content\/uploads\/2021\/02\/Vonin-flexigrid-768x576.jpg 768w, https:\/\/www.vonin.com\/wp-content\/uploads\/2021\/02\/Vonin-flexigrid-200x150.jpg 200w, https:\/\/www.vonin.com\/wp-content\/uploads\/2021\/02\/Vonin-flexigrid-1536x1152.jpg 1536w, https:\/\/www.vonin.com\/wp-content\/uploads\/2021\/02\/Vonin-flexigrid-2048x1536.jpg 2048w\" sizes=\"auto, (max-width: 2560px) 100vw, 2560px\" \/><div class=\"wp-block-cover__inner-container is-layout-flow wp-block-cover-is-layout-flow\">\n<p class=\"has-text-align-center has-large-font-size\"><mark style=\"background-color:rgba(0, 0, 0, 0)\" class=\"has-inline-color has-white-color\">V\u00f3nin Flexi rist<\/mark><\/p>\n\n\n\n<h3 class=\"wp-block-heading has-text-align-center\"><mark style=\"background-color:rgba(0, 0, 0, 0)\" class=\"has-inline-color has-white-color\">Fr\u00e1l\u00edkar skiljieginleikar<\/mark><\/h3>\n<\/div><\/div>\n\n\n<div id=\"breadcrumbs-block_75833be7928241dd65d42a747c056fcc\" class=\"lunnar-breadcrumbs\">\n    \n    <p id=\"breadcrumbs\"><span><span><a href=\"https:\/\/www.vonin.com\/fo\/\">V\u00f3nin<\/a><\/span><\/span><\/p>    \n<\/div>\n\n\n\n<div style=\"height:60px\" aria-hidden=\"true\" class=\"wp-block-spacer\"><\/div>\n\n\n\n<h2 class=\"wp-block-heading\">Rist til at skilja rundan fisk fr\u00e1 uppsj\u00f3var fiski<\/h2>\n\n\n\n<p>Flexi ristin er ein skiljirist til pelagiska fiskivei\u00f0u til at skilja rundfisk fr\u00e1 vei\u00f0u av uppsj\u00f3var fiskasl\u00f8gum. Ristin hevur v\u00edst fr\u00e1l\u00edkar skiljieginleikar og er l\u00f3garkravd \u00e1 summum \u00f8kjum.<\/p>\n\n\n\n<div style=\"height:30px\" aria-hidden=\"true\" class=\"wp-block-spacer\"><\/div>\n\n\n\n<h2 class=\"wp-block-heading\">L\u00f8tt at rulla upp \u00e1 trumluna<\/h2>\n\n\n\n<p>Tann st\u00f8rsti fyrimunurin vi\u00f0 V\u00f3nin Flexi rist, fyri uttan hennara g\u00f3\u00f0u skiljieginleikar, er t\u00e1 i\u00f0 trolini fara upp\u00e1 nettrumlurnar umbor\u00f0 \u00e1 fiskiskipinum. Har er p\u00fara eingin ors\u00f8k til st\u00faran um, at ristin kann f\u00e1a ska\u00f0a, t\u00e1 hon fer upp \u00e1 trumluna. Hon leggur seg sn\u00f8gt og \u00f3makaleyst, t\u00e1 troli\u00f0 kemur inn \u00e1 dekki\u00f0, og t\u00fa s\u00e6rt l\u00edti\u00f0 til, at ristin er inni \u00ed trolinum.<\/p>\n\n\n\n<p>V\u00f3nin Flexi rist er framleidd \u00far sterkum plastr\u00f8rum vi\u00f0 Dyneema tr\u00e1\u00f0i\u00f0 tv\u00f8rtur \u00edgj\u00f8gnum. Hetta ger ristina serstakliga li\u00f0iliga at arbei\u00f0a vi\u00f0 og samstundis sterka.<\/p>\n\n\n\n<div style=\"height:60px\" aria-hidden=\"true\" class=\"wp-block-spacer\"><\/div>\n\n\n\n<div class=\"wp-block-cover alignfull is-light has-parallax\"><span aria-hidden=\"true\" class=\"wp-block-cover__background has-background-dim-0 has-background-dim\"><\/span><div role=\"img\" class=\"wp-block-cover__image-background wp-image-2871 has-parallax\" style=\"background-position:50% 50%;background-image:url(https:\/\/www.vonin.com\/wp-content\/uploads\/2021\/02\/Vonin-flexigrid-1-scaled.jpg)\"><\/div><div class=\"wp-block-cover__inner-container is-layout-flow wp-block-cover-is-layout-flow\">\n<p class=\"has-text-align-center has-large-font-size\"><\/p>\n<\/div><\/div>\n\n\n\n<div style=\"height:60px\" aria-hidden=\"true\" class=\"wp-block-spacer\"><\/div>\n\n\n\n<p>Ta\u00f0 ber eisini til at forma ristina alt eftir hv\u00f8rt skap ella hv\u00f8rja st\u00f8dd, t\u00fa vilt hava. Skiljingin er fram\u00far g\u00f3\u00f0, men tann st\u00f8rsti fyrimunurin vi\u00f0 t\u00ed ovalu V\u00f3nin Flexi ristini er, at t\u00fa hevur ongar tv\u00f8rstengur, og hetta ger ta\u00f0 l\u00e6tt at f\u00e1a ristina inn \u00e1 dekki\u00f0 og at rulla hana upp \u00e1 trumluna.<\/p>\n\n\n\n<p>Sum skipararnir siga: \u201ct\u00fa veitst ikki ein gong, at hon er har.\u201d<\/p>\n\n\n\n<div style=\"height:30px\" aria-hidden=\"true\" class=\"wp-block-spacer\"><\/div>\n\n\n\n<div class=\"wp-block-group has-black-background-color has-background\"><div class=\"wp-block-group__inner-container is-layout-flow wp-block-group-is-layout-flow\">\n<div class=\"wp-block-columns is-layout-flex wp-container-core-columns-is-layout-9d6595d7 wp-block-columns-is-layout-flex\">\n<div class=\"wp-block-column is-layout-flow wp-block-column-is-layout-flow\" style=\"flex-basis:33.33%\">\n<hr class=\"wp-block-separator has-text-color has-white-color has-css-opacity has-white-background-color has-background\"\/>\n\n\n\n<p class=\"has-white-color has-text-color\">Svartkjaftur fer l\u00e6ttliga og smidliga gj\u00f8gnum Flexi ristina og aftur \u00ed posan. <\/p>\n<\/div>\n\n\n\n<div class=\"wp-block-column is-layout-flow wp-block-column-is-layout-flow\" style=\"flex-basis:66.66%\">\n<div id=\"embed-block_aa7277f4cc0dfe72d5c110563dbdd656\" class=\"beak-embed\" data-type=\"youtube\" data-id=\"EByfUPMIjgA\">\n\t\n            <a href=\"#\" aria-label=\"Play video\" ref=\"image\" class=\"embed--image lunnar-embed-video-overlay\">\n                            <img decoding=\"async\" src=\"https:\/\/img.youtube.com\/vi\/EByfUPMIjgA\/maxresdefault.jpg\"\/>              \n            \n            <div class=\"embed--image-btn\"><\/div>\n        <\/a>\n    <\/div><\/div>\n<\/div>\n\n\n\n<div style=\"height:30px\" aria-hidden=\"true\" class=\"wp-block-spacer\"><\/div>\n<\/div><\/div>\n\n\n\n<div style=\"height:60px\" aria-hidden=\"true\" class=\"wp-block-spacer\"><\/div>\n\n\n\n<hr class=\"wp-block-separator has-css-opacity is-style-wide\"\/>\n\n\n\n<h2 class=\"wp-block-heading\">A\u00f0rar v\u00f8rur<\/h2>\n\n\n\n<div style=\"height:30px\" aria-hidden=\"true\" class=\"wp-block-spacer\"><\/div>\n\n\n\n<div id=\"products-block_fb2a4f470ae040680f3c7bedf1e69402\" class=\"beak-products product-list\">\n\t    \n                    \n            \n<a href=\"https:\/\/www.vonin.com\/fo\/product\/vonin-gannet\/\" class=\"product-card post-id-9301\">\n        <div class=\"product-card--content-image\">\n                                        <img loading=\"lazy\" decoding=\"async\" src=\"https:\/\/www.vonin.com\/wp-content\/uploads\/2021\/03\/Vonin_pelagic_2304-800x450.jpg\" width=\"800\" height=\"450\" alt=\"\" style=\"object-position: \">\n                        <\/div>\n\n        <div class=\"product-card--content-text\">\n                <div class=\"product-card--title\">V\u00f3nin Gannet<\/div>\n\n                <div class=\"product-card--description line-clamp\">Eitt munadygt og fj\u00f8ln\u00fdtiligt fl\u00f3titrol vi\u00f0 sterkum byggisni\u00f0i fyri b\u00e6\u00f0i hart og spjatt fiskar\u00ed.<\/div>\n        <\/div>\n<\/a>        \n                            \n            \n<a href=\"https:\/\/www.vonin.com\/fo\/product\/vonin-seagull\/\" class=\"product-card post-id-9305\">\n        <div class=\"product-card--content-image\">\n                                        <img loading=\"lazy\" decoding=\"async\" src=\"https:\/\/www.vonin.com\/wp-content\/uploads\/2021\/03\/vonin-pelagic-T1-1-800x450.jpg\" width=\"800\" height=\"450\" alt=\"\" style=\"object-position: \">\n                        <\/div>\n\n        <div class=\"product-card--content-text\">\n                <div class=\"product-card--title\">V\u00f3nin Seagull<\/div>\n\n                <div class=\"product-card--description line-clamp\">Fl\u00f3titrol vi\u00f0 sera v\u00ed\u00f0um og longum belli, f\u00f8rt fyri at fanga st\u00f3rar stimar til fiskiskap \u00ed st\u00f3rum n\u00f8gdum.<\/div>\n        <\/div>\n<\/a>        \n                            \n            \n<a href=\"https:\/\/www.vonin.com\/fo\/product\/vonin-tornado\/\" class=\"product-card post-id-9727\">\n        <div class=\"product-card--content-image\">\n                                        <img loading=\"lazy\" decoding=\"async\" src=\"https:\/\/www.vonin.com\/wp-content\/uploads\/2021\/02\/Tornado-trawl-doors-Christina-S-Resolute-800x533.jpg\" width=\"800\" height=\"533\" alt=\"\" style=\"object-position: \">\n                        <\/div>\n\n        <div class=\"product-card--content-text\">\n                <div class=\"product-card--title\">V\u00f3nin Tornado<\/div>\n\n                <div class=\"product-card--description line-clamp\">Tornado lemmarnir eru \u00f8\u00f0rv\u00edsi og n\u00fdskapandi. Hetta pelagiska trolhur\u00f0a sni\u00f0i\u00f0 hevur eina samanseting av fimm kanalum og t\u00ed kollveltandi, patentera\u00f0u Flow Booster t\u00f8knini.<\/div>\n        <\/div>\n<\/a>        \n            <\/div>\n\n\n<div style=\"height:60px\" aria-hidden=\"true\" class=\"wp-block-spacer\"><\/div>\n\n\n\n<hr class=\"wp-block-separator has-css-opacity is-style-wide\"\/>\n\n\n\n<h2 class=\"wp-block-heading\">S\u00f8lutoymi\u00f0<\/h2>\n\n\n\n<div style=\"height:30px\" aria-hidden=\"true\" class=\"wp-block-spacer\"><\/div>\n\n\n\n<script>\n    employeeBlockData['employees-block_d87addbc21cfd3d64c208bb437f5e3b2'] = '[{\"title\":\"\\u00d3li \\u00e1 Gravarb\\u00f8\",\"job_title\":\"S\\u00f8lu- og rakstrarlei\\u00f0ari - Fl\\u00f3titrol\",\"phone\":\"+298 230 223\",\"email\":\"og@vonin.com\",\"permalink\":\"https:\\\/\\\/www.vonin.com\\\/fo\\\/contacts\\\/oli-a-gravarbo\\\/\",\"post_id\":9333,\"thumbnail_id\":9263,\"image\":\"https:\\\/\\\/www.vonin.com\\\/wp-content\\\/uploads\\\/2021\\\/10\\\/Oli-G-800x534.jpg\",\"image_width\":800,\"image_height\":534,\"focal_points\":\"48.0240% 2.2750%\"},{\"title\":\"J\\u00f3gvan S. Jacobsen\",\"job_title\":\"S\\u00f8lulei\\u00f0ari - Fl\\u00f3titrol\",\"phone\":\"+298 217 846\",\"email\":\"jsj@vonin.com\",\"permalink\":\"https:\\\/\\\/www.vonin.com\\\/fo\\\/contacts\\\/jogvan-s-jacobsen\\\/\",\"post_id\":27830,\"thumbnail_id\":29582,\"image\":\"https:\\\/\\\/www.vonin.com\\\/wp-content\\\/uploads\\\/2023\\\/12\\\/Jogvan-J-800x533.jpg\",\"image_width\":800,\"image_height\":533,\"focal_points\":\"52.7823% 2.4650%\"},{\"title\":\"Oddmar \\u00d8rvarodd\",\"job_title\":\"Teknikari - Trol\",\"phone\":\"+298 230 227\",\"email\":\"oo@vonin.com\",\"permalink\":\"https:\\\/\\\/www.vonin.com\\\/fo\\\/contacts\\\/oddmar-orvarodd\\\/\",\"post_id\":9332,\"thumbnail_id\":8995,\"image\":\"https:\\\/\\\/www.vonin.com\\\/wp-content\\\/uploads\\\/2021\\\/03\\\/oddmar-800x534.jpg\",\"image_width\":800,\"image_height\":534,\"focal_points\":\"51.1923% 2.8750%\"}]';\n<\/script>\n\n\n<div id=\"employees-block_d87addbc21cfd3d64c208bb437f5e3b2\" class=\"beak-employees\">\n    \n            <div class=\"employee-message-modal--tint\" v-if=\"selectedEmployee\" :class=\"{ 'is-visible': selectedEmployee }\"><\/div>\n<div class=\"employee-message-modal\" v-if=\"selectedEmployee\" :class=\"{ 'is-visible': selectedEmployee }\">\n    <div class=\"employee-message--content\">\n        <a href=\"#\" @click.prevent=\"toggleModal(null)\" class=\"emp-modal-close\"><img decoding=\"async\" src=\"https:\/\/www.vonin.com\/wp-content\/themes\/beak-vonin\/images\/icon-plus.svg\" class=\"injectable\" \/><\/a>\n        <h3 v-if=\"selectedEmployee\">Send teldupost til:<br \/> <b>{{selectedEmployee.title}}<\/b><\/h3>\n\n        <div class=\"form-errors\" v-if=\"formErrors &#038;&#038; formErrors.length &#62; 0\">\n            <ul>\n                <li v-for=\"error in formErrors\">{{error}}<\/li>\n            <\/ul>\n        <\/div>\n\n        <p v-if=\"formSent\"><b>T\u00edni bo\u00f0 eru send.<\/b><\/p>\n\n        <div v-if=\"!formSent\">\n            <div class=\"form-input\">\n                <label>Navn<span class=\"required\">*<\/span><\/label>\n                <input type=\"text\" v-model=\"sendEmailForm.name\" \/>\n            <\/div>\n\n            <div class=\"form-input\">\n                <label>Fyrit\u00f8ka<span class=\"required\">*<\/span><\/label>\n                <input type=\"text\" v-model=\"sendEmailForm.company\" \/>\n            <\/div>\n\n            <div class=\"form-input\">\n                <label>T-post<span class=\"required\">*<\/span><\/label>\n                <input type=\"email\" v-model=\"sendEmailForm.email\" \/>\n            <\/div>\n\n            <div class=\"form-input\">\n                <label>Telefon<span class=\"required\">*<\/span><\/label>\n                <input type=\"text\" v-model=\"sendEmailForm.phone\" \/>\n            <\/div>\n\n            <div class=\"form-input\">\n                <label>Bo\u00f0<span class=\"required\">*<\/span><\/label>\n                <textarea type=\"text\" v-model=\"sendEmailForm.message\"><\/textarea>\n            <\/div>\n\n            <input type=\"hidden\" v-model=\"sendEmailForm.formLumpari\" \/>\n\n            <button @click=\"sendMessage()\" :class=\"{ disabled: formPosting || (formSubmitted &#038;&#038; !formIsValid) }\">Send<\/button>\n        <\/div>\n    <\/div>\n<\/div>    \n            <div class=\"employee-cards\" v-if=\"people\">\n            <div v-for=\"(employee, index) in people\" class=\"employee-card swiper-slide\">\n    <div v-if=\"employee.image\" class=\"employee-card--content-image\">\n        <img v-if=\"employee.image\" :src=\"employee.image\" alt=\"\" :width=\"employee.image_width\" :height=\"employee.image_height\" :style=\"`object-position: ${employee.focal_points}`\" \/>\n    <\/div>\n\n    <div class=\"employee-card--content-text\">\n        <div v-if=\"employee.title\" class=\"employee-name\">{{ employee.title }}<\/div>\n\n        <div v-if=\"employee.people_locations?.length\" class=\"employee-location\">{{ getLocations(employee) }}<\/div>\n\n        <div v-if=\"employee.job_title\" class=\"employee-title\">{{ employee.job_title }}<\/div>\n\n        <div class=\"employee-contact\">\n            <div v-if=\"employee.phone\" class=\"employee-contact--item employee-contact--phone\">\n                <span>Telefon:<\/span>\n\n                <a :href=\"'tel:'+employee.phone\">{{ employee.phone }}<\/a>\n            <\/div>\n\n            <a href=\"#\" @click.prevent=\"toggleModal(employee)\" class=\"employee-send-email\">Send teldupost<\/a>\n        <\/div>\n    <\/div>\n<\/div>        <\/div>\n    <\/div>\n\n\n<div style=\"height:60px\" aria-hidden=\"true\" class=\"wp-block-spacer\"><\/div>\n\n\n<div id=\"breadcrumbs-block_75833be7928241dd65d42a747c056fcc\" class=\"lunnar-breadcrumbs\">\n    \n    <p id=\"breadcrumbs\"><span><span><a href=\"https:\/\/www.vonin.com\/fo\/\">V\u00f3nin<\/a><\/span><\/span><\/p>    \n<\/div>\n","protected":false},"excerpt":{"rendered":"<p>Flexi ristin er ein skiljirist til pelagiska fiskivei\u00f0u til at skilja rundfisk fr\u00e1 vei\u00f0u av uppsj\u00f3var fiskasl\u00f8gum. Ristin hevur v\u00edst fr\u00e1l\u00edkar skiljieginleikar og er l\u00f3garkravd \u00e1 summum \u00f8kjum.<\/p>\n","protected":false},"featured_media":2874,"parent":0,"template":"","tags":[],"product_categories":[27],"class_list":["post-9852","product","type-product","status-publish","has-post-thumbnail","hentry","product_categories-fiskivinna"],"acf":[],"yoast_head":"<!-- This site is optimized with the Yoast SEO plugin v27.6 - https:\/\/yoast.com\/product\/yoast-seo-wordpress\/ -->\n<title>V\u00f3nin Flexi rist - V\u00f3nin<\/title>\n<meta name=\"robots\" content=\"index, follow, max-snippet:-1, max-image-preview:large, max-video-preview:-1\" \/>\n<link rel=\"canonical\" href=\"https:\/\/www.vonin.com\/fo\/product\/vonin-flexi-rist\/\" \/>\n<meta property=\"og:locale\" content=\"fo_FO\" \/>\n<meta property=\"og:type\" content=\"article\" \/>\n<meta property=\"og:title\" content=\"V\u00f3nin Flexi rist - V\u00f3nin\" \/>\n<meta property=\"og:description\" content=\"Flexi ristin er ein skiljirist til pelagiska fiskivei\u00f0u til at skilja rundfisk fr\u00e1 vei\u00f0u av uppsj\u00f3var fiskasl\u00f8gum. Ristin hevur v\u00edst fr\u00e1l\u00edkar skiljieginleikar og er l\u00f3garkravd \u00e1 summum \u00f8kjum.\" \/>\n<meta property=\"og:url\" content=\"https:\/\/www.vonin.com\/fo\/product\/vonin-flexi-rist\/\" \/>\n<meta property=\"og:site_name\" content=\"V\u00f3nin\" \/>\n<meta property=\"article:modified_time\" content=\"2023-12-07T10:45:56+00:00\" \/>\n<meta property=\"og:image\" content=\"https:\/\/www.vonin.com\/wp-content\/uploads\/2021\/02\/Vonin-flexigrid-scaled.jpg\" \/>\n\t<meta property=\"og:image:width\" content=\"2560\" \/>\n\t<meta property=\"og:image:height\" content=\"1920\" \/>\n\t<meta property=\"og:image:type\" content=\"image\/jpeg\" \/>\n<meta name=\"twitter:card\" content=\"summary_large_image\" \/>\n<meta name=\"twitter:label1\" content=\"Est. reading time\" \/>\n\t<meta name=\"twitter:data1\" content=\"2 minutes\" \/>\n<script type=\"application\/ld+json\" class=\"yoast-schema-graph\">{\"@context\":\"https:\\\/\\\/schema.org\",\"@graph\":[{\"@type\":\"WebPage\",\"@id\":\"https:\\\/\\\/www.vonin.com\\\/fo\\\/product\\\/vonin-flexi-rist\\\/\",\"url\":\"https:\\\/\\\/www.vonin.com\\\/fo\\\/product\\\/vonin-flexi-rist\\\/\",\"name\":\"V\u00f3nin Flexi rist - V\u00f3nin\",\"isPartOf\":{\"@id\":\"https:\\\/\\\/www.vonin.com\\\/#website\"},\"primaryImageOfPage\":{\"@id\":\"https:\\\/\\\/www.vonin.com\\\/fo\\\/product\\\/vonin-flexi-rist\\\/#primaryimage\"},\"image\":{\"@id\":\"https:\\\/\\\/www.vonin.com\\\/fo\\\/product\\\/vonin-flexi-rist\\\/#primaryimage\"},\"thumbnailUrl\":\"https:\\\/\\\/www.vonin.com\\\/wp-content\\\/uploads\\\/2021\\\/02\\\/Vonin-flexigrid-scaled.jpg\",\"datePublished\":\"2022-05-09T14:47:16+00:00\",\"dateModified\":\"2023-12-07T10:45:56+00:00\",\"breadcrumb\":{\"@id\":\"https:\\\/\\\/www.vonin.com\\\/fo\\\/product\\\/vonin-flexi-rist\\\/#breadcrumb\"},\"inLanguage\":\"fo-FO\",\"potentialAction\":[{\"@type\":\"ReadAction\",\"target\":[\"https:\\\/\\\/www.vonin.com\\\/fo\\\/product\\\/vonin-flexi-rist\\\/\"]}]},{\"@type\":\"ImageObject\",\"inLanguage\":\"fo-FO\",\"@id\":\"https:\\\/\\\/www.vonin.com\\\/fo\\\/product\\\/vonin-flexi-rist\\\/#primaryimage\",\"url\":\"https:\\\/\\\/www.vonin.com\\\/wp-content\\\/uploads\\\/2021\\\/02\\\/Vonin-flexigrid-scaled.jpg\",\"contentUrl\":\"https:\\\/\\\/www.vonin.com\\\/wp-content\\\/uploads\\\/2021\\\/02\\\/Vonin-flexigrid-scaled.jpg\",\"width\":2560,\"height\":1920},{\"@type\":\"BreadcrumbList\",\"@id\":\"https:\\\/\\\/www.vonin.com\\\/fo\\\/product\\\/vonin-flexi-rist\\\/#breadcrumb\",\"itemListElement\":[{\"@type\":\"ListItem\",\"position\":1,\"name\":\"V\u00f3nin\",\"item\":\"https:\\\/\\\/www.vonin.com\\\/fo\\\/\"},{\"@type\":\"ListItem\",\"position\":2,\"name\":\"V\u00f8rur\",\"item\":\"https:\\\/\\\/www.vonin.com\\\/product\\\/\"},{\"@type\":\"ListItem\",\"position\":3,\"name\":\"V\u00f3nin Flexi rist\"}]},{\"@type\":\"WebSite\",\"@id\":\"https:\\\/\\\/www.vonin.com\\\/#website\",\"url\":\"https:\\\/\\\/www.vonin.com\\\/\",\"name\":\"V\u00f3nin\",\"description\":\"V\u00f3nin is a major developer and manufacturer of high quality fishing gear and aquaculture equipment as well as supplying equipment to the offshore industry and land based industry.\",\"potentialAction\":[{\"@type\":\"SearchAction\",\"target\":{\"@type\":\"EntryPoint\",\"urlTemplate\":\"https:\\\/\\\/www.vonin.com\\\/?s={search_term_string}\"},\"query-input\":{\"@type\":\"PropertyValueSpecification\",\"valueRequired\":true,\"valueName\":\"search_term_string\"}}],\"inLanguage\":\"fo-FO\"}]}<\/script>\n<!-- \/ Yoast SEO plugin. -->","yoast_head_json":{"title":"V\u00f3nin Flexi rist - V\u00f3nin","robots":{"index":"index","follow":"follow","max-snippet":"max-snippet:-1","max-image-preview":"max-image-preview:large","max-video-preview":"max-video-preview:-1"},"canonical":"https:\/\/www.vonin.com\/fo\/product\/vonin-flexi-rist\/","og_locale":"fo_FO","og_type":"article","og_title":"V\u00f3nin Flexi rist - V\u00f3nin","og_description":"Flexi ristin er ein skiljirist til pelagiska fiskivei\u00f0u til at skilja rundfisk fr\u00e1 vei\u00f0u av uppsj\u00f3var fiskasl\u00f8gum. Ristin hevur v\u00edst fr\u00e1l\u00edkar skiljieginleikar og er l\u00f3garkravd \u00e1 summum \u00f8kjum.","og_url":"https:\/\/www.vonin.com\/fo\/product\/vonin-flexi-rist\/","og_site_name":"V\u00f3nin","article_modified_time":"2023-12-07T10:45:56+00:00","og_image":[{"width":2560,"height":1920,"url":"https:\/\/www.vonin.com\/wp-content\/uploads\/2021\/02\/Vonin-flexigrid-scaled.jpg","type":"image\/jpeg"}],"twitter_card":"summary_large_image","twitter_misc":{"Est. reading time":"2 minutes"},"schema":{"@context":"https:\/\/schema.org","@graph":[{"@type":"WebPage","@id":"https:\/\/www.vonin.com\/fo\/product\/vonin-flexi-rist\/","url":"https:\/\/www.vonin.com\/fo\/product\/vonin-flexi-rist\/","name":"V\u00f3nin Flexi rist - V\u00f3nin","isPartOf":{"@id":"https:\/\/www.vonin.com\/#website"},"primaryImageOfPage":{"@id":"https:\/\/www.vonin.com\/fo\/product\/vonin-flexi-rist\/#primaryimage"},"image":{"@id":"https:\/\/www.vonin.com\/fo\/product\/vonin-flexi-rist\/#primaryimage"},"thumbnailUrl":"https:\/\/www.vonin.com\/wp-content\/uploads\/2021\/02\/Vonin-flexigrid-scaled.jpg","datePublished":"2022-05-09T14:47:16+00:00","dateModified":"2023-12-07T10:45:56+00:00","breadcrumb":{"@id":"https:\/\/www.vonin.com\/fo\/product\/vonin-flexi-rist\/#breadcrumb"},"inLanguage":"fo-FO","potentialAction":[{"@type":"ReadAction","target":["https:\/\/www.vonin.com\/fo\/product\/vonin-flexi-rist\/"]}]},{"@type":"ImageObject","inLanguage":"fo-FO","@id":"https:\/\/www.vonin.com\/fo\/product\/vonin-flexi-rist\/#primaryimage","url":"https:\/\/www.vonin.com\/wp-content\/uploads\/2021\/02\/Vonin-flexigrid-scaled.jpg","contentUrl":"https:\/\/www.vonin.com\/wp-content\/uploads\/2021\/02\/Vonin-flexigrid-scaled.jpg","width":2560,"height":1920},{"@type":"BreadcrumbList","@id":"https:\/\/www.vonin.com\/fo\/product\/vonin-flexi-rist\/#breadcrumb","itemListElement":[{"@type":"ListItem","position":1,"name":"V\u00f3nin","item":"https:\/\/www.vonin.com\/fo\/"},{"@type":"ListItem","position":2,"name":"V\u00f8rur","item":"https:\/\/www.vonin.com\/product\/"},{"@type":"ListItem","position":3,"name":"V\u00f3nin Flexi rist"}]},{"@type":"WebSite","@id":"https:\/\/www.vonin.com\/#website","url":"https:\/\/www.vonin.com\/","name":"V\u00f3nin","description":"V\u00f3nin is a major developer and manufacturer of high quality fishing gear and aquaculture equipment as well as supplying equipment to the offshore industry and land based industry.","potentialAction":[{"@type":"SearchAction","target":{"@type":"EntryPoint","urlTemplate":"https:\/\/www.vonin.com\/?s={search_term_string}"},"query-input":{"@type":"PropertyValueSpecification","valueRequired":true,"valueName":"search_term_string"}}],"inLanguage":"fo-FO"}]}},"_links":{"self":[{"href":"https:\/\/www.vonin.com\/fo\/wp-json\/wp\/v2\/product\/9852","targetHints":{"allow":["GET"]}}],"collection":[{"href":"https:\/\/www.vonin.com\/fo\/wp-json\/wp\/v2\/product"}],"about":[{"href":"https:\/\/www.vonin.com\/fo\/wp-json\/wp\/v2\/types\/product"}],"wp:featuredmedia":[{"embeddable":true,"href":"https:\/\/www.vonin.com\/fo\/wp-json\/wp\/v2\/media\/2874"}],"wp:attachment":[{"href":"https:\/\/www.vonin.com\/fo\/wp-json\/wp\/v2\/media?parent=9852"}],"wp:term":[{"taxonomy":"post_tag","embeddable":true,"href":"https:\/\/www.vonin.com\/fo\/wp-json\/wp\/v2\/tags?post=9852"},{"taxonomy":"product_categories","embeddable":true,"href":"https:\/\/www.vonin.com\/fo\/wp-json\/wp\/v2\/product_categories?post=9852"}],"curies":[{"name":"wp","href":"https:\/\/api.w.org\/{rel}","templated":true}]}}