{"id":9306,"date":"2022-05-12T08:45:04","date_gmt":"2022-05-12T08:45:04","guid":{"rendered":"https:\/\/www.vonin.com\/?post_type=product&#038;p=9306"},"modified":"2023-12-07T10:42:34","modified_gmt":"2023-12-07T10:42:34","slug":"vonin-falcon","status":"publish","type":"product","link":"https:\/\/www.vonin.com\/fo\/product\/vonin-falcon\/","title":{"rendered":"V\u00f3nin Falcon"},"content":{"rendered":"\n\n    <div id=\"video-cover-block_5400fadf47b8c0b5ab77bd6eea5b897a\" class=\"beak-video-cover alignfull content-top\" style=\" min-height: 100vh;\">\n        \n        <div class=\"video-placeholder\" data-video-src=\"https:\/\/player.vimeo.com\/external\/528854707.hd.mp4?s=ce243e818ebd683e674bd897889f76af5af61dab&#038;profile_id=175\">\n            <!-- You can add a thumbnail or any placeholder content here -->\n        <\/div>\n\n        <div class=\"cover--content container\">\n            \n\n<h2 class=\"wp-block-heading has-text-align-center\">V\u00f3nin Falcon<\/h2>\n\n\n\n<h4 class=\"wp-block-heading has-text-align-center\"><strong>Serliga til vei\u00f0u eftir: Makreli og hestamakreli<\/strong><\/h4>\n\n\n        <\/div>\n    <\/div>\n\n\n\n<div id=\"breadcrumbs-block_94646c2d986aa4816759b9948fe75069\" class=\"lunnar-breadcrumbs\">\n    \n    <p id=\"breadcrumbs\"><span><span><a href=\"https:\/\/www.vonin.com\/fo\/\">V\u00f3nin<\/a><\/span><\/span><\/p>    \n<\/div>\n\n\n\n<div style=\"height:60px\" aria-hidden=\"true\" class=\"wp-block-spacer\"><\/div>\n\n\n\n<h2 class=\"wp-block-heading\">Fl\u00f3titrol fyri skj\u00f3tt-fer\u00f0andi fiskar\u00ed<\/h2>\n\n\n\n<p>V\u00f3nin Falcon fl\u00f3titroli\u00f0 er designa\u00f0 til vei\u00f0u eftir fiskatorvum, i\u00f0 fer\u00f0ast skj\u00f3tt. Vi\u00f0 s\u00ednum hexagonalu meskum framman og lutfalsliga kompakta belli, er hetta troli\u00f0 l\u00e6tt at toga \u00e1 \u00f8llum d\u00fdpum og gevur eisini g\u00f3\u00f0 \u00farslit uppi vi\u00f0 vatnskorpuna.<\/p>\n\n\n\n<div style=\"height:60px\" aria-hidden=\"true\" class=\"wp-block-spacer\"><\/div>\n\n\n\n<h2 class=\"wp-block-heading\">L\u00e6tt at man\u00f8vrera til at raka r\u00e6tt<strong>&nbsp;<\/strong><\/h2>\n\n\n\n<p>Hetta er fl\u00f3titroli\u00f0 fyri sn\u00fain fiskasl\u00f8g og til at fara eftir skj\u00f3tt-fer\u00f0andi torvum vi\u00f0. Falcon er bygt fyri styrki, men ta\u00f0 fyrsta atliti\u00f0 er, at gera ta\u00f0 m\u00f8guligt fyri skiparar at man\u00f8vrera rei\u00f0skapin skj\u00f3tt, fyri at plasera hann \u00e1 r\u00e6tt sta\u00f0 fyri at fanga stimar, i\u00f0 eru \u00e1 fer\u00f0.<\/p>\n\n\n\n<div style=\"height:60px\" aria-hidden=\"true\" class=\"wp-block-spacer\"><\/div>\n\n\n\n<figure class=\"wp-block-pullquote is-style-default has-border-color\" style=\"border-color:#EBEBEB\"><blockquote><p><mark style=\"background-color:rgba(0, 0, 0, 0)\" class=\"has-inline-color has-blue-color\">Serliga til vei\u00f0i eftir: <\/mark><br><mark style=\"background-color:rgba(0, 0, 0, 0)\" class=\"has-inline-color has-blue-color\">Makreli og hestamakreli<\/mark><\/p><\/blockquote><\/figure>\n\n\n\n<div style=\"height:60px\" aria-hidden=\"true\" class=\"wp-block-spacer\"><\/div>\n\n\n\n\n    <div id=\"video-cover-block_18384d5f0510008cd2d01daaf4acbbd8\" class=\"beak-video-cover alignfull content-top\" style=\" min-height: 50vh;\">\n        \n        <div class=\"video-placeholder\" data-video-src=\"https:\/\/player.vimeo.com\/external\/528854975.hd.mp4?s=1495cf491a7665cb575a8fbf4942bb9ba71fce43&#038;profile_id=175\">\n            <!-- You can add a thumbnail or any placeholder content here -->\n        <\/div>\n\n        <div class=\"cover--content container\">\n            \n\n<blockquote class=\"wp-block-quote is-layout-flow wp-block-quote-is-layout-flow\">\n<p><em>Falcon troli\u00f0 er smidligt at toga \u00e1 \u00f8llum d\u00fdpum og gevur eisini g\u00f3\u00f0 \u00farslit uppi vi\u00f0 vatnskorpuna.<\/em><br><\/p>\n<\/blockquote>\n\n\n        <\/div>\n    <\/div>\n\n\n\n\n<div style=\"height:30px\" aria-hidden=\"true\" class=\"wp-block-spacer\"><\/div>\n\n\n\n<div class=\"wp-block-columns alignfull is-layout-flex wp-container-core-columns-is-layout-9d6595d7 wp-block-columns-is-layout-flex\">\n<div class=\"wp-block-column is-layout-flow wp-block-column-is-layout-flow\">\n<figure class=\"wp-block-image size-large\"><img loading=\"lazy\" decoding=\"async\" width=\"2560\" height=\"1430\" src=\"https:\/\/www.vonin.com\/wp-content\/uploads\/2021\/06\/typa-2-1-edited-scaled.jpg\" alt=\"\" class=\"wp-image-7680\" srcset=\"https:\/\/www.vonin.com\/wp-content\/uploads\/2021\/06\/typa-2-1-edited-scaled.jpg 2560w, https:\/\/www.vonin.com\/wp-content\/uploads\/2021\/06\/typa-2-1-edited-800x447.jpg 800w, https:\/\/www.vonin.com\/wp-content\/uploads\/2021\/06\/typa-2-1-edited-1600x894.jpg 1600w, https:\/\/www.vonin.com\/wp-content\/uploads\/2021\/06\/typa-2-1-edited-768x429.jpg 768w, https:\/\/www.vonin.com\/wp-content\/uploads\/2021\/06\/typa-2-1-edited-200x112.jpg 200w, https:\/\/www.vonin.com\/wp-content\/uploads\/2021\/06\/typa-2-1-edited-1536x858.jpg 1536w, https:\/\/www.vonin.com\/wp-content\/uploads\/2021\/06\/typa-2-1-edited-2048x1144.jpg 2048w\" sizes=\"auto, (max-width: 2560px) 100vw, 2560px\" \/><\/figure>\n<\/div>\n\n\n\n<div class=\"wp-block-column is-layout-flow wp-block-column-is-layout-flow\">\n<figure class=\"wp-block-image size-large\"><img loading=\"lazy\" decoding=\"async\" width=\"2560\" height=\"1437\" src=\"https:\/\/www.vonin.com\/wp-content\/uploads\/2021\/06\/VONIN_CAPTO_copyright-edited-1-scaled.jpg\" alt=\"\" class=\"wp-image-7671\" srcset=\"https:\/\/www.vonin.com\/wp-content\/uploads\/2021\/06\/VONIN_CAPTO_copyright-edited-1-scaled.jpg 2560w, https:\/\/www.vonin.com\/wp-content\/uploads\/2021\/06\/VONIN_CAPTO_copyright-edited-1-800x449.jpg 800w, https:\/\/www.vonin.com\/wp-content\/uploads\/2021\/06\/VONIN_CAPTO_copyright-edited-1-1600x898.jpg 1600w, https:\/\/www.vonin.com\/wp-content\/uploads\/2021\/06\/VONIN_CAPTO_copyright-edited-1-768x431.jpg 768w, https:\/\/www.vonin.com\/wp-content\/uploads\/2021\/06\/VONIN_CAPTO_copyright-edited-1-200x112.jpg 200w, https:\/\/www.vonin.com\/wp-content\/uploads\/2021\/06\/VONIN_CAPTO_copyright-edited-1-1536x862.jpg 1536w, https:\/\/www.vonin.com\/wp-content\/uploads\/2021\/06\/VONIN_CAPTO_copyright-edited-1-2048x1150.jpg 2048w\" sizes=\"auto, (max-width: 2560px) 100vw, 2560px\" \/><\/figure>\n<\/div>\n\n\n\n<div class=\"wp-block-column is-layout-flow wp-block-column-is-layout-flow\">\n<figure class=\"wp-block-image size-large\"><img loading=\"lazy\" decoding=\"async\" width=\"2560\" height=\"1440\" src=\"https:\/\/www.vonin.com\/wp-content\/uploads\/2021\/06\/leinebjorn-edited-1-scaled.jpg\" alt=\"\" class=\"wp-image-7676\" srcset=\"https:\/\/www.vonin.com\/wp-content\/uploads\/2021\/06\/leinebjorn-edited-1-scaled.jpg 2560w, https:\/\/www.vonin.com\/wp-content\/uploads\/2021\/06\/leinebjorn-edited-1-800x450.jpg 800w, https:\/\/www.vonin.com\/wp-content\/uploads\/2021\/06\/leinebjorn-edited-1-1600x900.jpg 1600w, https:\/\/www.vonin.com\/wp-content\/uploads\/2021\/06\/leinebjorn-edited-1-768x432.jpg 768w, https:\/\/www.vonin.com\/wp-content\/uploads\/2021\/06\/leinebjorn-edited-1-200x113.jpg 200w, https:\/\/www.vonin.com\/wp-content\/uploads\/2021\/06\/leinebjorn-edited-1-1536x864.jpg 1536w, https:\/\/www.vonin.com\/wp-content\/uploads\/2021\/06\/leinebjorn-edited-1-2048x1152.jpg 2048w\" sizes=\"auto, (max-width: 2560px) 100vw, 2560px\" \/><\/figure>\n<\/div>\n<\/div>\n\n\n\n<div style=\"height:30px\" aria-hidden=\"true\" class=\"wp-block-spacer\"><\/div>\n\n\n\n<hr class=\"wp-block-separator has-css-opacity is-style-wide\"\/>\n\n\n\n<h2 class=\"wp-block-heading\">A\u00f0rar v\u00f8rur<\/h2>\n\n\n\n<div style=\"height:30px\" aria-hidden=\"true\" class=\"wp-block-spacer\"><\/div>\n\n\n\n<div id=\"products-block_d83dd0ef6d5570f3720d6eba484f4453\" class=\"beak-products product-list\">\n\t    \n                    \n            \n<a href=\"https:\/\/www.vonin.com\/fo\/product\/vonin-gannet\/\" class=\"product-card post-id-9301\">\n        <div class=\"product-card--content-image\">\n                                        <img loading=\"lazy\" decoding=\"async\" src=\"https:\/\/www.vonin.com\/wp-content\/uploads\/2021\/03\/Vonin_pelagic_2304-800x450.jpg\" width=\"800\" height=\"450\" alt=\"\" style=\"object-position: \">\n                        <\/div>\n\n        <div class=\"product-card--content-text\">\n                <div class=\"product-card--title\">V\u00f3nin Gannet<\/div>\n\n                <div class=\"product-card--description line-clamp\">Eitt munadygt og fj\u00f8ln\u00fdtiligt fl\u00f3titrol vi\u00f0 sterkum byggisni\u00f0i fyri b\u00e6\u00f0i hart og spjatt fiskar\u00ed.<\/div>\n        <\/div>\n<\/a>        \n                            \n            \n<a href=\"https:\/\/www.vonin.com\/fo\/product\/vonin-seagull\/\" class=\"product-card post-id-9305\">\n        <div class=\"product-card--content-image\">\n                                        <img loading=\"lazy\" decoding=\"async\" src=\"https:\/\/www.vonin.com\/wp-content\/uploads\/2021\/03\/vonin-pelagic-T1-1-800x450.jpg\" width=\"800\" height=\"450\" alt=\"\" style=\"object-position: \">\n                        <\/div>\n\n        <div class=\"product-card--content-text\">\n                <div class=\"product-card--title\">V\u00f3nin Seagull<\/div>\n\n                <div class=\"product-card--description line-clamp\">Fl\u00f3titrol vi\u00f0 sera v\u00ed\u00f0um og longum belli, f\u00f8rt fyri at fanga st\u00f3rar stimar til fiskiskap \u00ed st\u00f3rum n\u00f8gdum.<\/div>\n        <\/div>\n<\/a>        \n                            \n            \n<a href=\"https:\/\/www.vonin.com\/fo\/product\/vonin-hawk\/\" class=\"product-card post-id-9307\">\n        <div class=\"product-card--content-image\">\n                                        <img loading=\"lazy\" decoding=\"async\" src=\"https:\/\/www.vonin.com\/wp-content\/uploads\/2021\/03\/eydkennismynd-T3-800x400.jpg\" width=\"800\" height=\"400\" alt=\"\" style=\"object-position: \">\n                        <\/div>\n\n        <div class=\"product-card--content-text\">\n                <div class=\"product-card--title\">V\u00f3nin Hawk<\/div>\n\n                <div class=\"product-card--description line-clamp\">Eitt kompakt fl\u00f3titrol til frystitrolarar og trolarar vi\u00f0 avmarka\u00f0ari maskinorku, sum royna eftir fiski, i\u00f0 svimur skj\u00f3tt. <\/div>\n        <\/div>\n<\/a>        \n                            \n            \n<a href=\"https:\/\/www.vonin.com\/fo\/product\/vonin-tornado\/\" class=\"product-card post-id-9727\">\n        <div class=\"product-card--content-image\">\n                                        <img loading=\"lazy\" decoding=\"async\" src=\"https:\/\/www.vonin.com\/wp-content\/uploads\/2021\/02\/Tornado-trawl-doors-Christina-S-Resolute-800x533.jpg\" width=\"800\" height=\"533\" alt=\"\" style=\"object-position: \">\n                        <\/div>\n\n        <div class=\"product-card--content-text\">\n                <div class=\"product-card--title\">V\u00f3nin Tornado<\/div>\n\n                <div class=\"product-card--description line-clamp\">Tornado lemmarnir eru \u00f8\u00f0rv\u00edsi og n\u00fdskapandi. Hetta pelagiska trolhur\u00f0a sni\u00f0i\u00f0 hevur eina samanseting av fimm kanalum og t\u00ed kollveltandi, patentera\u00f0u Flow Booster t\u00f8knini.<\/div>\n        <\/div>\n<\/a>        \n            <\/div>\n\n\n<div style=\"height:60px\" aria-hidden=\"true\" class=\"wp-block-spacer\"><\/div>\n\n\n\n<hr class=\"wp-block-separator has-css-opacity is-style-wide\"\/>\n\n\n\n<h2 class=\"wp-block-heading\">S\u00f8lutoymi\u00f0<\/h2>\n\n\n\n<div style=\"height:30px\" aria-hidden=\"true\" class=\"wp-block-spacer\"><\/div>\n\n\n\n<script>\n    employeeBlockData['employees-block_7d6c6cbf4d7fc1e588ac17812616405a'] = '[{\"title\":\"\\u00d3li \\u00e1 Gravarb\\u00f8\",\"job_title\":\"S\\u00f8lu- og rakstrarlei\\u00f0ari - Fl\\u00f3titrol\",\"phone\":\"+298 230 223\",\"email\":\"og@vonin.com\",\"permalink\":\"https:\\\/\\\/www.vonin.com\\\/fo\\\/contacts\\\/oli-a-gravarbo\\\/\",\"post_id\":9333,\"thumbnail_id\":9263,\"image\":\"https:\\\/\\\/www.vonin.com\\\/wp-content\\\/uploads\\\/2021\\\/10\\\/Oli-G-800x534.jpg\",\"image_width\":800,\"image_height\":534,\"focal_points\":\"48.0240% 2.2750%\"},{\"title\":\"J\\u00f3gvan S. Jacobsen\",\"job_title\":\"S\\u00f8lulei\\u00f0ari - Fl\\u00f3titrol\",\"phone\":\"+298 217 846\",\"email\":\"jsj@vonin.com\",\"permalink\":\"https:\\\/\\\/www.vonin.com\\\/fo\\\/contacts\\\/jogvan-s-jacobsen\\\/\",\"post_id\":27830,\"thumbnail_id\":29582,\"image\":\"https:\\\/\\\/www.vonin.com\\\/wp-content\\\/uploads\\\/2023\\\/12\\\/Jogvan-J-800x533.jpg\",\"image_width\":800,\"image_height\":533,\"focal_points\":\"52.7823% 2.4650%\"},{\"title\":\"Oddmar \\u00d8rvarodd\",\"job_title\":\"Teknikari - Trol\",\"phone\":\"+298 230 227\",\"email\":\"oo@vonin.com\",\"permalink\":\"https:\\\/\\\/www.vonin.com\\\/fo\\\/contacts\\\/oddmar-orvarodd\\\/\",\"post_id\":9332,\"thumbnail_id\":8995,\"image\":\"https:\\\/\\\/www.vonin.com\\\/wp-content\\\/uploads\\\/2021\\\/03\\\/oddmar-800x534.jpg\",\"image_width\":800,\"image_height\":534,\"focal_points\":\"51.1923% 2.8750%\"}]';\n<\/script>\n\n\n<div id=\"employees-block_7d6c6cbf4d7fc1e588ac17812616405a\" class=\"beak-employees\">\n    \n            <div class=\"employee-message-modal--tint\" v-if=\"selectedEmployee\" :class=\"{ 'is-visible': selectedEmployee }\"><\/div>\n<div class=\"employee-message-modal\" v-if=\"selectedEmployee\" :class=\"{ 'is-visible': selectedEmployee }\">\n    <div class=\"employee-message--content\">\n        <a href=\"#\" @click.prevent=\"toggleModal(null)\" class=\"emp-modal-close\"><img decoding=\"async\" src=\"https:\/\/www.vonin.com\/wp-content\/themes\/beak-vonin\/images\/icon-plus.svg\" class=\"injectable\" \/><\/a>\n        <h3 v-if=\"selectedEmployee\">Send teldupost til:<br \/> <b>{{selectedEmployee.title}}<\/b><\/h3>\n\n        <div class=\"form-errors\" v-if=\"formErrors &#038;&#038; formErrors.length &#62; 0\">\n            <ul>\n                <li v-for=\"error in formErrors\">{{error}}<\/li>\n            <\/ul>\n        <\/div>\n\n        <p v-if=\"formSent\"><b>T\u00edni bo\u00f0 eru send.<\/b><\/p>\n\n        <div v-if=\"!formSent\">\n            <div class=\"form-input\">\n                <label>Navn<span class=\"required\">*<\/span><\/label>\n                <input type=\"text\" v-model=\"sendEmailForm.name\" \/>\n            <\/div>\n\n            <div class=\"form-input\">\n                <label>Fyrit\u00f8ka<span class=\"required\">*<\/span><\/label>\n                <input type=\"text\" v-model=\"sendEmailForm.company\" \/>\n            <\/div>\n\n            <div class=\"form-input\">\n                <label>T-post<span class=\"required\">*<\/span><\/label>\n                <input type=\"email\" v-model=\"sendEmailForm.email\" \/>\n            <\/div>\n\n            <div class=\"form-input\">\n                <label>Telefon<span class=\"required\">*<\/span><\/label>\n                <input type=\"text\" v-model=\"sendEmailForm.phone\" \/>\n            <\/div>\n\n            <div class=\"form-input\">\n                <label>Bo\u00f0<span class=\"required\">*<\/span><\/label>\n                <textarea type=\"text\" v-model=\"sendEmailForm.message\"><\/textarea>\n            <\/div>\n\n            <input type=\"hidden\" v-model=\"sendEmailForm.formLumpari\" \/>\n\n            <button @click=\"sendMessage()\" :class=\"{ disabled: formPosting || (formSubmitted &#038;&#038; !formIsValid) }\">Send<\/button>\n        <\/div>\n    <\/div>\n<\/div>    \n            <div class=\"employee-cards\" v-if=\"people\">\n            <div v-for=\"(employee, index) in people\" class=\"employee-card swiper-slide\">\n    <div v-if=\"employee.image\" class=\"employee-card--content-image\">\n        <img v-if=\"employee.image\" :src=\"employee.image\" alt=\"\" :width=\"employee.image_width\" :height=\"employee.image_height\" :style=\"`object-position: ${employee.focal_points}`\" \/>\n    <\/div>\n\n    <div class=\"employee-card--content-text\">\n        <div v-if=\"employee.title\" class=\"employee-name\">{{ employee.title }}<\/div>\n\n        <div v-if=\"employee.people_locations?.length\" class=\"employee-location\">{{ getLocations(employee) }}<\/div>\n\n        <div v-if=\"employee.job_title\" class=\"employee-title\">{{ employee.job_title }}<\/div>\n\n        <div class=\"employee-contact\">\n            <div v-if=\"employee.phone\" class=\"employee-contact--item employee-contact--phone\">\n                <span>Telefon:<\/span>\n\n                <a :href=\"'tel:'+employee.phone\">{{ employee.phone }}<\/a>\n            <\/div>\n\n            <a href=\"#\" @click.prevent=\"toggleModal(employee)\" class=\"employee-send-email\">Send teldupost<\/a>\n        <\/div>\n    <\/div>\n<\/div>        <\/div>\n    <\/div>\n\n\n<div style=\"height:60px\" aria-hidden=\"true\" class=\"wp-block-spacer\"><\/div>\n\n\n<div id=\"breadcrumbs-block_94646c2d986aa4816759b9948fe75069\" class=\"lunnar-breadcrumbs\">\n    \n    <p id=\"breadcrumbs\"><span><span><a href=\"https:\/\/www.vonin.com\/fo\/\">V\u00f3nin<\/a><\/span><\/span><\/p>    \n<\/div>\n","protected":false},"excerpt":{"rendered":"<p>Fl\u00f3titrol vi\u00f0 kompaktum belli, l\u00e6tt at mannirera til at fara eftir skj\u00f3tt svimjandi torvum.<\/p>\n","protected":false},"featured_media":4360,"parent":0,"template":"","tags":[],"product_categories":[27,29],"class_list":["post-9306","product","type-product","status-publish","has-post-thumbnail","hentry","product_categories-fiskivinna","product_categories-flotitrol"],"acf":[],"yoast_head":"<!-- This site is optimized with the Yoast SEO plugin v27.6 - https:\/\/yoast.com\/product\/yoast-seo-wordpress\/ -->\n<title>V\u00f3nin Falcon - V\u00f3nin<\/title>\n<meta name=\"robots\" content=\"index, follow, max-snippet:-1, max-image-preview:large, max-video-preview:-1\" \/>\n<link rel=\"canonical\" href=\"https:\/\/www.vonin.com\/fo\/product\/vonin-falcon\/\" \/>\n<meta property=\"og:locale\" content=\"fo_FO\" \/>\n<meta property=\"og:type\" content=\"article\" \/>\n<meta property=\"og:title\" content=\"V\u00f3nin Falcon - V\u00f3nin\" \/>\n<meta property=\"og:description\" content=\"Fl\u00f3titrol vi\u00f0 kompaktum belli, l\u00e6tt at mannirera til at fara eftir skj\u00f3tt svimjandi torvum.\" \/>\n<meta property=\"og:url\" content=\"https:\/\/www.vonin.com\/fo\/product\/vonin-falcon\/\" \/>\n<meta property=\"og:site_name\" content=\"V\u00f3nin\" \/>\n<meta property=\"article:modified_time\" content=\"2023-12-07T10:42:34+00:00\" \/>\n<meta property=\"og:image\" content=\"https:\/\/www.vonin.com\/wp-content\/uploads\/2021\/03\/eydkennismynd-T2.jpg\" \/>\n\t<meta property=\"og:image:width\" content=\"2460\" \/>\n\t<meta property=\"og:image:height\" content=\"1240\" \/>\n\t<meta property=\"og:image:type\" content=\"image\/jpeg\" \/>\n<meta name=\"twitter:card\" content=\"summary_large_image\" \/>\n<meta name=\"twitter:label1\" content=\"Est. reading time\" \/>\n\t<meta name=\"twitter:data1\" content=\"2 minutes\" \/>\n<script type=\"application\/ld+json\" class=\"yoast-schema-graph\">{\"@context\":\"https:\\\/\\\/schema.org\",\"@graph\":[{\"@type\":\"WebPage\",\"@id\":\"https:\\\/\\\/www.vonin.com\\\/fo\\\/product\\\/vonin-falcon\\\/\",\"url\":\"https:\\\/\\\/www.vonin.com\\\/fo\\\/product\\\/vonin-falcon\\\/\",\"name\":\"V\u00f3nin Falcon - V\u00f3nin\",\"isPartOf\":{\"@id\":\"https:\\\/\\\/www.vonin.com\\\/#website\"},\"primaryImageOfPage\":{\"@id\":\"https:\\\/\\\/www.vonin.com\\\/fo\\\/product\\\/vonin-falcon\\\/#primaryimage\"},\"image\":{\"@id\":\"https:\\\/\\\/www.vonin.com\\\/fo\\\/product\\\/vonin-falcon\\\/#primaryimage\"},\"thumbnailUrl\":\"https:\\\/\\\/www.vonin.com\\\/wp-content\\\/uploads\\\/2021\\\/03\\\/eydkennismynd-T2.jpg\",\"datePublished\":\"2022-05-12T08:45:04+00:00\",\"dateModified\":\"2023-12-07T10:42:34+00:00\",\"breadcrumb\":{\"@id\":\"https:\\\/\\\/www.vonin.com\\\/fo\\\/product\\\/vonin-falcon\\\/#breadcrumb\"},\"inLanguage\":\"fo-FO\",\"potentialAction\":[{\"@type\":\"ReadAction\",\"target\":[\"https:\\\/\\\/www.vonin.com\\\/fo\\\/product\\\/vonin-falcon\\\/\"]}]},{\"@type\":\"ImageObject\",\"inLanguage\":\"fo-FO\",\"@id\":\"https:\\\/\\\/www.vonin.com\\\/fo\\\/product\\\/vonin-falcon\\\/#primaryimage\",\"url\":\"https:\\\/\\\/www.vonin.com\\\/wp-content\\\/uploads\\\/2021\\\/03\\\/eydkennismynd-T2.jpg\",\"contentUrl\":\"https:\\\/\\\/www.vonin.com\\\/wp-content\\\/uploads\\\/2021\\\/03\\\/eydkennismynd-T2.jpg\",\"width\":2460,\"height\":1240},{\"@type\":\"BreadcrumbList\",\"@id\":\"https:\\\/\\\/www.vonin.com\\\/fo\\\/product\\\/vonin-falcon\\\/#breadcrumb\",\"itemListElement\":[{\"@type\":\"ListItem\",\"position\":1,\"name\":\"V\u00f3nin\",\"item\":\"https:\\\/\\\/www.vonin.com\\\/fo\\\/\"},{\"@type\":\"ListItem\",\"position\":2,\"name\":\"V\u00f8rur\",\"item\":\"https:\\\/\\\/www.vonin.com\\\/product\\\/\"},{\"@type\":\"ListItem\",\"position\":3,\"name\":\"Fiskivinna\",\"item\":\"https:\\\/\\\/www.vonin.com\\\/fo\\\/product-categories\\\/fiskivinna\\\/\"},{\"@type\":\"ListItem\",\"position\":4,\"name\":\"V\u00f3nin Falcon\"}]},{\"@type\":\"WebSite\",\"@id\":\"https:\\\/\\\/www.vonin.com\\\/#website\",\"url\":\"https:\\\/\\\/www.vonin.com\\\/\",\"name\":\"V\u00f3nin\",\"description\":\"V\u00f3nin is a major developer and manufacturer of high quality fishing gear and aquaculture equipment as well as supplying equipment to the offshore industry and land based industry.\",\"potentialAction\":[{\"@type\":\"SearchAction\",\"target\":{\"@type\":\"EntryPoint\",\"urlTemplate\":\"https:\\\/\\\/www.vonin.com\\\/?s={search_term_string}\"},\"query-input\":{\"@type\":\"PropertyValueSpecification\",\"valueRequired\":true,\"valueName\":\"search_term_string\"}}],\"inLanguage\":\"fo-FO\"}]}<\/script>\n<!-- \/ Yoast SEO plugin. -->","yoast_head_json":{"title":"V\u00f3nin Falcon - V\u00f3nin","robots":{"index":"index","follow":"follow","max-snippet":"max-snippet:-1","max-image-preview":"max-image-preview:large","max-video-preview":"max-video-preview:-1"},"canonical":"https:\/\/www.vonin.com\/fo\/product\/vonin-falcon\/","og_locale":"fo_FO","og_type":"article","og_title":"V\u00f3nin Falcon - V\u00f3nin","og_description":"Fl\u00f3titrol vi\u00f0 kompaktum belli, l\u00e6tt at mannirera til at fara eftir skj\u00f3tt svimjandi torvum.","og_url":"https:\/\/www.vonin.com\/fo\/product\/vonin-falcon\/","og_site_name":"V\u00f3nin","article_modified_time":"2023-12-07T10:42:34+00:00","og_image":[{"width":2460,"height":1240,"url":"https:\/\/www.vonin.com\/wp-content\/uploads\/2021\/03\/eydkennismynd-T2.jpg","type":"image\/jpeg"}],"twitter_card":"summary_large_image","twitter_misc":{"Est. reading time":"2 minutes"},"schema":{"@context":"https:\/\/schema.org","@graph":[{"@type":"WebPage","@id":"https:\/\/www.vonin.com\/fo\/product\/vonin-falcon\/","url":"https:\/\/www.vonin.com\/fo\/product\/vonin-falcon\/","name":"V\u00f3nin Falcon - V\u00f3nin","isPartOf":{"@id":"https:\/\/www.vonin.com\/#website"},"primaryImageOfPage":{"@id":"https:\/\/www.vonin.com\/fo\/product\/vonin-falcon\/#primaryimage"},"image":{"@id":"https:\/\/www.vonin.com\/fo\/product\/vonin-falcon\/#primaryimage"},"thumbnailUrl":"https:\/\/www.vonin.com\/wp-content\/uploads\/2021\/03\/eydkennismynd-T2.jpg","datePublished":"2022-05-12T08:45:04+00:00","dateModified":"2023-12-07T10:42:34+00:00","breadcrumb":{"@id":"https:\/\/www.vonin.com\/fo\/product\/vonin-falcon\/#breadcrumb"},"inLanguage":"fo-FO","potentialAction":[{"@type":"ReadAction","target":["https:\/\/www.vonin.com\/fo\/product\/vonin-falcon\/"]}]},{"@type":"ImageObject","inLanguage":"fo-FO","@id":"https:\/\/www.vonin.com\/fo\/product\/vonin-falcon\/#primaryimage","url":"https:\/\/www.vonin.com\/wp-content\/uploads\/2021\/03\/eydkennismynd-T2.jpg","contentUrl":"https:\/\/www.vonin.com\/wp-content\/uploads\/2021\/03\/eydkennismynd-T2.jpg","width":2460,"height":1240},{"@type":"BreadcrumbList","@id":"https:\/\/www.vonin.com\/fo\/product\/vonin-falcon\/#breadcrumb","itemListElement":[{"@type":"ListItem","position":1,"name":"V\u00f3nin","item":"https:\/\/www.vonin.com\/fo\/"},{"@type":"ListItem","position":2,"name":"V\u00f8rur","item":"https:\/\/www.vonin.com\/product\/"},{"@type":"ListItem","position":3,"name":"Fiskivinna","item":"https:\/\/www.vonin.com\/fo\/product-categories\/fiskivinna\/"},{"@type":"ListItem","position":4,"name":"V\u00f3nin Falcon"}]},{"@type":"WebSite","@id":"https:\/\/www.vonin.com\/#website","url":"https:\/\/www.vonin.com\/","name":"V\u00f3nin","description":"V\u00f3nin is a major developer and manufacturer of high quality fishing gear and aquaculture equipment as well as supplying equipment to the offshore industry and land based industry.","potentialAction":[{"@type":"SearchAction","target":{"@type":"EntryPoint","urlTemplate":"https:\/\/www.vonin.com\/?s={search_term_string}"},"query-input":{"@type":"PropertyValueSpecification","valueRequired":true,"valueName":"search_term_string"}}],"inLanguage":"fo-FO"}]}},"_links":{"self":[{"href":"https:\/\/www.vonin.com\/fo\/wp-json\/wp\/v2\/product\/9306","targetHints":{"allow":["GET"]}}],"collection":[{"href":"https:\/\/www.vonin.com\/fo\/wp-json\/wp\/v2\/product"}],"about":[{"href":"https:\/\/www.vonin.com\/fo\/wp-json\/wp\/v2\/types\/product"}],"wp:featuredmedia":[{"embeddable":true,"href":"https:\/\/www.vonin.com\/fo\/wp-json\/wp\/v2\/media\/4360"}],"wp:attachment":[{"href":"https:\/\/www.vonin.com\/fo\/wp-json\/wp\/v2\/media?parent=9306"}],"wp:term":[{"taxonomy":"post_tag","embeddable":true,"href":"https:\/\/www.vonin.com\/fo\/wp-json\/wp\/v2\/tags?post=9306"},{"taxonomy":"product_categories","embeddable":true,"href":"https:\/\/www.vonin.com\/fo\/wp-json\/wp\/v2\/product_categories?post=9306"}],"curies":[{"name":"wp","href":"https:\/\/api.w.org\/{rel}","templated":true}]}}