{"id":12094,"date":"2022-09-28T12:15:54","date_gmt":"2022-09-28T12:15:54","guid":{"rendered":"https:\/\/www.vonin.com\/?post_type=product&#038;p=12094"},"modified":"2025-10-07T09:40:31","modified_gmt":"2025-10-07T09:40:31","slug":"thimbles","status":"publish","type":"product","link":"https:\/\/www.vonin.com\/fo\/product\/thimbles\/","title":{"rendered":"K\u00f3sir"},"content":{"rendered":"\n<div class=\"wp-block-cover alignfull\" style=\"min-height:617px;aspect-ratio:unset;\"><img loading=\"lazy\" decoding=\"async\" width=\"2560\" height=\"1440\" class=\"wp-block-cover__image-background wp-image-5568\" alt=\"\" src=\"https:\/\/www.vonin.com\/wp-content\/uploads\/2021\/04\/vonin_thimbles-scaled.jpg\" style=\"object-position:67% 0%\" data-object-fit=\"cover\" data-object-position=\"67% 0%\" srcset=\"https:\/\/www.vonin.com\/wp-content\/uploads\/2021\/04\/vonin_thimbles-scaled.jpg 2560w, https:\/\/www.vonin.com\/wp-content\/uploads\/2021\/04\/vonin_thimbles-800x450.jpg 800w, https:\/\/www.vonin.com\/wp-content\/uploads\/2021\/04\/vonin_thimbles-1600x900.jpg 1600w, https:\/\/www.vonin.com\/wp-content\/uploads\/2021\/04\/vonin_thimbles-768x432.jpg 768w, https:\/\/www.vonin.com\/wp-content\/uploads\/2021\/04\/vonin_thimbles-200x112.jpg 200w, https:\/\/www.vonin.com\/wp-content\/uploads\/2021\/04\/vonin_thimbles-1536x864.jpg 1536w, https:\/\/www.vonin.com\/wp-content\/uploads\/2021\/04\/vonin_thimbles-2048x1152.jpg 2048w\" sizes=\"auto, (max-width: 2560px) 100vw, 2560px\" \/><span aria-hidden=\"true\" class=\"wp-block-cover__background has-background-dim\"><\/span><div class=\"wp-block-cover__inner-container is-layout-flow wp-block-cover-is-layout-flow\">\n<p class=\"has-text-align-center has-large-font-size\">K\u00f3sir<\/p>\n<\/div><\/div>\n\n\n<div id=\"breadcrumbs-block_2e24710300180b70c7b25d79f12bdd44\" class=\"lunnar-breadcrumbs\">\n    \n    <p id=\"breadcrumbs\"><span><span><a href=\"https:\/\/www.vonin.com\/fo\/\">V\u00f3nin<\/a><\/span><\/span><\/p>    \n<\/div>\n\n\n\n<div style=\"height:60px\" aria-hidden=\"true\" class=\"wp-block-spacer\"><\/div>\n\n\n\n<h2 class=\"wp-block-heading\">Sverar k\u00f3sir<\/h2>\n\n\n\n<p>Heitgalvanisera\u00f0ar. Type G414G.<\/p>\n\n\n\n<div class=\"wp-block-columns is-layout-flex wp-container-core-columns-is-layout-9d6595d7 wp-block-columns-is-layout-flex\">\n<div class=\"wp-block-column is-layout-flow wp-block-column-is-layout-flow\">\n<figure class=\"wp-block-image size-large\"><img loading=\"lazy\" decoding=\"async\" width=\"1488\" height=\"776\" src=\"https:\/\/www.vonin.com\/wp-content\/uploads\/2021\/04\/thimble.jpg\" alt=\"\" class=\"wp-image-5559\" srcset=\"https:\/\/www.vonin.com\/wp-content\/uploads\/2021\/04\/thimble.jpg 1488w, https:\/\/www.vonin.com\/wp-content\/uploads\/2021\/04\/thimble-800x417.jpg 800w, https:\/\/www.vonin.com\/wp-content\/uploads\/2021\/04\/thimble-768x401.jpg 768w, https:\/\/www.vonin.com\/wp-content\/uploads\/2021\/04\/thimble-200x104.jpg 200w\" sizes=\"auto, (max-width: 1488px) 100vw, 1488px\" \/><\/figure>\n<\/div>\n\n\n\n<div class=\"wp-block-column is-layout-flow wp-block-column-is-layout-flow\"><\/div>\n<\/div>\n\n\n\n<figure class=\"wp-block-table alignleft\"><table><thead><tr><th class=\"has-text-align-center\" data-align=\"center\">V\u00f8ru <br>nr.<\/th><th>Tv\u00f8rmetur<br>(mm)<\/th><th>Total<br>longd<\/th><th>Innara<br>h\u00e6dd (mm)<\/th><th>Innara<br>breidd (mm)<\/th><th>Tj\u00fakt<br>(mm)<\/th><th>Vekt<br>Kg<\/th><\/tr><\/thead><tbody><tr><td class=\"has-text-align-center\" data-align=\"center\">905220<\/td><td>20<\/td><td>3&#8243;=77<\/td><td>58<\/td><td>38<\/td><td>3<\/td><td>0.19<\/td><\/tr><tr><td class=\"has-text-align-center\" data-align=\"center\">905225<\/td><td>26<\/td><td>3 1\/2&#8243;=91<\/td><td>74<\/td><td>42<\/td><td>4<\/td><td>0.28<\/td><\/tr><tr><td class=\"has-text-align-center\" data-align=\"center\">905232<\/td><td>32<\/td><td>4&#8243;=102<\/td><td>78<\/td><td>50<\/td><td>5<\/td><td>0.42<\/td><\/tr><tr><td class=\"has-text-align-center\" data-align=\"center\">905240<\/td><td>40<\/td><td>5&#8243;=127<\/td><td>100<\/td><td>65<\/td><td>6<\/td><td>0.78<\/td><\/tr><tr><td class=\"has-text-align-center\" data-align=\"center\">905248<\/td><td>49<\/td><td>6&#8243;=152<\/td><td>130<\/td><td>75<\/td><td>7<\/td><td>1.30<\/td><\/tr><tr><td class=\"has-text-align-center\" data-align=\"center\">905256<\/td><td>60<\/td><td>7&#8243;=178<\/td><td>142<\/td><td>85<\/td><td>7.5<\/td><td>1.80<\/td><\/tr><tr><td class=\"has-text-align-center\" data-align=\"center\">905264<\/td><td>65<\/td><td>8&#8243;=203<\/td><td>170<\/td><td>105<\/td><td>8<\/td><td>3.20<\/td><\/tr><tr><td class=\"has-text-align-center\" data-align=\"center\">905272<\/td><td>72<\/td><td>9&#8243;=230<\/td><td>185<\/td><td>110<\/td><td>10<\/td><td>5.00<\/td><\/tr><tr><td class=\"has-text-align-center\" data-align=\"center\">905280<\/td><td>82<\/td><td>10&#8243;=254<\/td><td>200<\/td><td>120<\/td><td>10<\/td><td>6.10<\/td><\/tr><tr><td class=\"has-text-align-center\" data-align=\"center\">905290<\/td><td>90<\/td><td>11&#8243;=280<\/td><td>210<\/td><td>145<\/td><td>12<\/td><td>10.30<\/td><\/tr><tr><td class=\"has-text-align-center\" data-align=\"center\">905300<\/td><td>102<\/td><td>12&#8243;=305<\/td><td>230<\/td><td>150<\/td><td>12<\/td><td>15.00<\/td><\/tr><tr><td class=\"has-text-align-center\" data-align=\"center\">905315<\/td><td>115<\/td><td>14&#8243;=355<\/td><td>290<\/td><td>170<\/td><td>14<\/td><td>18.30<\/td><\/tr><\/tbody><\/table><\/figure>\n\n\n\n<div style=\"height:60px\" aria-hidden=\"true\" class=\"wp-block-spacer\"><\/div>\n\n\n\n<h2 class=\"wp-block-heading\">Aqualink\u00a0Plastk\u00f3sir<\/h2>\n\n\n\n<div class=\"wp-block-columns is-layout-flex wp-container-core-columns-is-layout-9d6595d7 wp-block-columns-is-layout-flex\">\n<div class=\"wp-block-column is-layout-flow wp-block-column-is-layout-flow\">\n<figure class=\"wp-block-image size-full\"><img loading=\"lazy\" decoding=\"async\" width=\"940\" height=\"788\" src=\"https:\/\/www.vonin.com\/wp-content\/uploads\/2022\/09\/Kosir-heimasida-1.jpg\" alt=\"\" class=\"wp-image-287070\" srcset=\"https:\/\/www.vonin.com\/wp-content\/uploads\/2022\/09\/Kosir-heimasida-1.jpg 940w, https:\/\/www.vonin.com\/wp-content\/uploads\/2022\/09\/Kosir-heimasida-1-800x671.jpg 800w, https:\/\/www.vonin.com\/wp-content\/uploads\/2022\/09\/Kosir-heimasida-1-768x644.jpg 768w, https:\/\/www.vonin.com\/wp-content\/uploads\/2022\/09\/Kosir-heimasida-1-200x168.jpg 200w\" sizes=\"auto, (max-width: 940px) 100vw, 940px\" \/><\/figure>\n<\/div>\n\n\n\n<div class=\"wp-block-column is-layout-flow wp-block-column-is-layout-flow\"><\/div>\n<\/div>\n\n\n\n<figure class=\"wp-block-table alignleft\"><table><thead><tr><th class=\"has-text-align-center\" data-align=\"center\">St\u00f8dd<\/th><th>A<br>(mm)<\/th><th>B<br>(mm)<\/th><th>C<br>(mm)<\/th><th>R-tog<br>(St\u00f8dd)<\/th><th>Vekt<br>Kg<\/th><\/tr><\/thead><tbody><tr><td class=\"has-text-align-center\" data-align=\"center\">6&#8243;<\/td><td>234<\/td><td>214<\/td><td>60<\/td><td>48<\/td><td>1<\/td><\/tr><tr><td class=\"has-text-align-center\" data-align=\"center\">7&#8243;<\/td><td>249<\/td><td>236<\/td><td>68<\/td><td>56<\/td><td>1.5<\/td><\/tr><tr><td class=\"has-text-align-center\" data-align=\"center\">8&#8243;<\/td><td>280<\/td><td>266<\/td><td>75<\/td><td>64<\/td><td>2<\/td><\/tr><tr><td class=\"has-text-align-center\" data-align=\"center\">9&#8243;<\/td><td>324<\/td><td>301<\/td><td>85<\/td><td>72<\/td><td>2.9<\/td><\/tr><tr><td class=\"has-text-align-center\" data-align=\"center\">10&#8243;<\/td><td>364<\/td><td>334<\/td><td>93<\/td><td>80<\/td><td>3.6<\/td><\/tr><\/tbody><\/table><\/figure>\n\n\n\n<div style=\"height:30px\" aria-hidden=\"true\" class=\"wp-block-spacer\"><\/div>\n\n\n\n<hr class=\"wp-block-separator has-css-opacity is-style-wide\"\/>\n\n\n\n<h2 class=\"wp-block-heading\">A\u00f0rar v\u00f8rur<\/h2>\n\n\n\n<div id=\"products-block_cc877114e3331c086cd332a3b0354ea0\" class=\"beak-products product-list\">\n\t    \n                    \n            \n<a href=\"https:\/\/www.vonin.com\/fo\/product\/koblingsskivur\/\" class=\"product-card post-id-10676\">\n        <div class=\"product-card--content-image\">\n                                        <img loading=\"lazy\" decoding=\"async\" src=\"https:\/\/www.vonin.com\/wp-content\/uploads\/2021\/03\/Rund-koblingsskiva_gratt-1-800x473.jpg\" width=\"800\" height=\"473\" alt=\"\" style=\"object-position: \">\n                        <\/div>\n\n        <div class=\"product-card--content-text\">\n                <div class=\"product-card--title\">Koblingsskivur<\/div>\n\n                <div class=\"product-card--description line-clamp\">Koblingsskivurnar eru stoyptar \u00ed einum stykki. Hettar gevur teimum eina fram\u00farskarandi styrki. \n<\/div>\n        <\/div>\n<\/a>        \n                            \n            \n<a href=\"https:\/\/www.vonin.com\/fo\/product\/skeklar\/\" class=\"product-card post-id-10677\">\n        <div class=\"product-card--content-image\">\n                                        <img loading=\"lazy\" decoding=\"async\" src=\"https:\/\/www.vonin.com\/wp-content\/uploads\/2021\/03\/2-800x533.jpg\" width=\"800\" height=\"533\" alt=\"\" style=\"object-position: \">\n                        <\/div>\n\n        <div class=\"product-card--content-text\">\n                <div class=\"product-card--title\">Skeklar<\/div>\n\n                <div class=\"product-card--description line-clamp\">V\u00f3nin veitir skeklar av h\u00f8gari g\u00f3\u00f0sku fr\u00e1 Gunnebo og Green Pin. <\/div>\n        <\/div>\n<\/a>        \n                            \n            \n<a href=\"https:\/\/www.vonin.com\/fo\/product\/akker\/\" class=\"product-card post-id-10678\">\n        <div class=\"product-card--content-image\">\n                                        <img loading=\"lazy\" decoding=\"async\" src=\"https:\/\/www.vonin.com\/wp-content\/uploads\/2021\/01\/Vonin_anchor_aquaculture-800x400.jpg\" width=\"800\" height=\"400\" alt=\"\" style=\"object-position: \">\n                        <\/div>\n\n        <div class=\"product-card--content-text\">\n                <div class=\"product-card--title\">Akker<\/div>\n\n                <div class=\"product-card--description line-clamp\">Vit hava ment og sni\u00f0givi\u00f0 okkara egnu pl\u00f3gvakker og tv\u00edakker. Ey\u00f0kennini eru styrki, haldg\u00f3\u00f0ska og fram\u00farskarandi tak.<\/div>\n        <\/div>\n<\/a>        \n                            \n            \n<a href=\"https:\/\/www.vonin.com\/fo\/product\/tog\/\" class=\"product-card post-id-10681\">\n        <div class=\"product-card--content-image\">\n                                        <img loading=\"lazy\" decoding=\"async\" src=\"https:\/\/www.vonin.com\/wp-content\/uploads\/2021\/03\/ropes_vonin-800x400.jpg\" width=\"800\" height=\"400\" alt=\"\" style=\"object-position: \">\n                        <\/div>\n\n        <div class=\"product-card--content-text\">\n                <div class=\"product-card--title\">Tog<\/div>\n\n                <div class=\"product-card--description line-clamp\">Aqua fortoyningstogi\u00f0 er munandi l\u00e6ttari og kl\u00e6nri enn vanlig syntetisk tog. T\u00ed er ta\u00f0 v\u00e6l egna til fortoyningar.<\/div>\n        <\/div>\n<\/a>        \n                            \n            \n<a href=\"https:\/\/www.vonin.com\/fo\/product\/ketir\/\" class=\"product-card post-id-12075\">\n        <div class=\"product-card--content-image\">\n                                        <img loading=\"lazy\" decoding=\"async\" src=\"https:\/\/www.vonin.com\/wp-content\/uploads\/2021\/03\/chains_vonin-800x400.jpg\" width=\"800\" height=\"400\" alt=\"\" style=\"object-position: \">\n                        <\/div>\n\n        <div class=\"product-card--content-text\">\n                <div class=\"product-card--title\">Ketur<\/div>\n\n                <div class=\"product-card--description line-clamp\">Ketur \u00far bestu g\u00f3\u00f0sku \u00ed ymiskum sl\u00f8gum og st\u00f8ddum til alivinnuna.<\/div>\n        <\/div>\n<\/a>        \n                            \n            \n<a href=\"https:\/\/www.vonin.com\/fo\/product\/master-links\/\" class=\"product-card post-id-12090\">\n        <div class=\"product-card--content-image\">\n                                        <img loading=\"lazy\" decoding=\"async\" src=\"https:\/\/www.vonin.com\/wp-content\/uploads\/2021\/04\/vonin_masterlink-800x400.jpg\" width=\"800\" height=\"400\" alt=\"\" style=\"object-position: \">\n                        <\/div>\n\n        <div class=\"product-card--content-text\">\n                <div class=\"product-card--title\">St\u00e1lringar<\/div>\n\n                <div class=\"product-card--description line-clamp\">Crosby\u00ae er v\u00e6lkent fyri s\u00edtt \u00farv\u00e6l av st\u00e1lringum, og TXA344 st\u00e1lringurin er ein partur av hesum.<\/div>\n        <\/div>\n<\/a>        \n                            \n            \n<a href=\"https:\/\/www.vonin.com\/fo\/product\/fortoyningsboltar\/\" class=\"product-card post-id-12095\">\n        <div class=\"product-card--content-image\">\n                                        <img loading=\"lazy\" decoding=\"async\" src=\"https:\/\/www.vonin.com\/wp-content\/uploads\/2021\/04\/mooringbolt1-800x448.jpg\" width=\"800\" height=\"448\" alt=\"\" style=\"object-position: \">\n                        <\/div>\n\n        <div class=\"product-card--content-text\">\n                <div class=\"product-card--title\">Fortoyningsboltar<\/div>\n\n                <div class=\"product-card--description line-clamp\">Fortoyningsboltar \u00far h\u00e1styrkisst\u00e1li og g\u00f3\u00f0kendir eftir norskum standardi.<\/div>\n        <\/div>\n<\/a>        \n                            \n            \n<a href=\"https:\/\/www.vonin.com\/fo\/product\/fortoyningsboyur\/\" class=\"product-card post-id-12098\">\n        <div class=\"product-card--content-image\">\n                                        <img loading=\"lazy\" decoding=\"async\" src=\"https:\/\/www.vonin.com\/wp-content\/uploads\/2025\/08\/Polyform-APB-800x534.jpg\" width=\"800\" height=\"534\" alt=\"\" style=\"object-position: \">\n                        <\/div>\n\n        <div class=\"product-card--content-text\">\n                <div class=\"product-card--title\">Fortoyningsboyur<\/div>\n\n                <div class=\"product-card--description line-clamp\">Fortoyningsboyur \u00ed ymiskum st\u00f8ddum og skapum til alivinnuna.<\/div>\n        <\/div>\n<\/a>        \n            <\/div>\n\n\n<div style=\"height:60px\" aria-hidden=\"true\" class=\"wp-block-spacer\"><\/div>\n\n\n\n<hr class=\"wp-block-separator has-css-opacity is-style-wide\"\/>\n\n\n\n<h2 class=\"wp-block-heading\">S\u00f8lutoymi\u00f0<\/h2>\n\n\n\n<div style=\"height:30px\" aria-hidden=\"true\" class=\"wp-block-spacer\"><\/div>\n\n\n\n<script>\n    employeeBlockData['employees-block_0adfaea5a19417b5079448d02b953562'] = '[]';\n<\/script>\n\n\n<div id=\"employees-block_0adfaea5a19417b5079448d02b953562\" class=\"beak-employees\">\n    \n            <div class=\"employee-message-modal--tint\" v-if=\"selectedEmployee\" :class=\"{ 'is-visible': selectedEmployee }\"><\/div>\n<div class=\"employee-message-modal\" v-if=\"selectedEmployee\" :class=\"{ 'is-visible': selectedEmployee }\">\n    <div class=\"employee-message--content\">\n        <a href=\"#\" @click.prevent=\"toggleModal(null)\" class=\"emp-modal-close\"><img decoding=\"async\" src=\"https:\/\/www.vonin.com\/wp-content\/themes\/beak-vonin\/images\/icon-plus.svg\" class=\"injectable\" \/><\/a>\n        <h3 v-if=\"selectedEmployee\">Send teldupost til:<br \/> <b>{{selectedEmployee.title}}<\/b><\/h3>\n\n        <div class=\"form-errors\" v-if=\"formErrors &#038;&#038; formErrors.length &#62; 0\">\n            <ul>\n                <li v-for=\"error in formErrors\">{{error}}<\/li>\n            <\/ul>\n        <\/div>\n\n        <p v-if=\"formSent\"><b>T\u00edni bo\u00f0 eru send.<\/b><\/p>\n\n        <div v-if=\"!formSent\">\n            <div class=\"form-input\">\n                <label>Navn<span class=\"required\">*<\/span><\/label>\n                <input type=\"text\" v-model=\"sendEmailForm.name\" \/>\n            <\/div>\n\n            <div class=\"form-input\">\n                <label>Fyrit\u00f8ka<span class=\"required\">*<\/span><\/label>\n                <input type=\"text\" v-model=\"sendEmailForm.company\" \/>\n            <\/div>\n\n            <div class=\"form-input\">\n                <label>T-post<span class=\"required\">*<\/span><\/label>\n                <input type=\"email\" v-model=\"sendEmailForm.email\" \/>\n            <\/div>\n\n            <div class=\"form-input\">\n                <label>Telefon<span class=\"required\">*<\/span><\/label>\n                <input type=\"text\" v-model=\"sendEmailForm.phone\" \/>\n            <\/div>\n\n            <div class=\"form-input\">\n                <label>Bo\u00f0<span class=\"required\">*<\/span><\/label>\n                <textarea type=\"text\" v-model=\"sendEmailForm.message\"><\/textarea>\n            <\/div>\n\n            <input type=\"hidden\" v-model=\"sendEmailForm.formLumpari\" \/>\n\n            <button @click=\"sendMessage()\" :class=\"{ disabled: formPosting || (formSubmitted &#038;&#038; !formIsValid) }\">Send<\/button>\n        <\/div>\n    <\/div>\n<\/div>    \n            <div class=\"employee-cards\" v-if=\"people\">\n                    <\/div>\n    <\/div>\n\n\n<div style=\"height:60px\" aria-hidden=\"true\" class=\"wp-block-spacer\"><\/div>\n\n\n<div id=\"breadcrumbs-block_2e24710300180b70c7b25d79f12bdd44\" class=\"lunnar-breadcrumbs\">\n    \n    <p id=\"breadcrumbs\"><span><span><a href=\"https:\/\/www.vonin.com\/fo\/\">V\u00f3nin<\/a><\/span><\/span><\/p>    \n<\/div>\n","protected":false},"excerpt":{"rendered":"<p>Sverar k\u00f3sir til fortoyningar \u00ed alivinnuni.<\/p>\n","protected":false},"featured_media":5569,"parent":0,"template":"","tags":[],"product_categories":[9],"class_list":["post-12094","product","type-product","status-publish","has-post-thumbnail","hentry","product_categories-aling"],"acf":[],"yoast_head":"<!-- This site is optimized with the Yoast SEO plugin v27.5 - https:\/\/yoast.com\/product\/yoast-seo-wordpress\/ -->\n<title>K\u00f3sir - Sverar k\u00f3sir - Heitgalvanisera\u00f0ar - Aling - V\u00f3nin<\/title>\n<meta name=\"description\" content=\"K\u00f3sir \u2013 heitgalvanisera\u00f0ar type G414G fr\u00e1 V\u00f3nini. Finnast \u00ed ymiskum tv\u00f8rmetrum og vektum, fr\u00e1 20 mm til 115 mm.\" \/>\n<meta name=\"robots\" content=\"index, follow, max-snippet:-1, max-image-preview:large, max-video-preview:-1\" \/>\n<link rel=\"canonical\" href=\"https:\/\/www.vonin.com\/fo\/product\/thimbles\/\" \/>\n<meta property=\"og:locale\" content=\"fo_FO\" \/>\n<meta property=\"og:type\" content=\"article\" \/>\n<meta property=\"og:title\" content=\"K\u00f3sir - Sverar k\u00f3sir - Heitgalvanisera\u00f0ar - Aling - V\u00f3nin\" \/>\n<meta property=\"og:description\" content=\"K\u00f3sir \u2013 heitgalvanisera\u00f0ar type G414G fr\u00e1 V\u00f3nini. Finnast \u00ed ymiskum tv\u00f8rmetrum og vektum, fr\u00e1 20 mm til 115 mm.\" \/>\n<meta property=\"og:url\" content=\"https:\/\/www.vonin.com\/fo\/product\/thimbles\/\" \/>\n<meta property=\"og:site_name\" content=\"V\u00f3nin\" \/>\n<meta property=\"article:modified_time\" content=\"2025-10-07T09:40:31+00:00\" \/>\n<meta property=\"og:image\" content=\"https:\/\/www.vonin.com\/wp-content\/uploads\/2021\/04\/vonin_thimbles-scaled.jpg\" \/>\n\t<meta property=\"og:image:width\" content=\"2560\" \/>\n\t<meta property=\"og:image:height\" content=\"1440\" \/>\n\t<meta property=\"og:image:type\" content=\"image\/jpeg\" \/>\n<meta name=\"twitter:card\" content=\"summary_large_image\" \/>\n<meta name=\"twitter:label1\" content=\"Est. reading time\" \/>\n\t<meta name=\"twitter:data1\" content=\"2 minutes\" \/>\n<script type=\"application\/ld+json\" class=\"yoast-schema-graph\">{\"@context\":\"https:\\\/\\\/schema.org\",\"@graph\":[{\"@type\":\"WebPage\",\"@id\":\"https:\\\/\\\/www.vonin.com\\\/fo\\\/product\\\/thimbles\\\/\",\"url\":\"https:\\\/\\\/www.vonin.com\\\/fo\\\/product\\\/thimbles\\\/\",\"name\":\"K\u00f3sir - Sverar k\u00f3sir - Heitgalvanisera\u00f0ar - Aling - V\u00f3nin\",\"isPartOf\":{\"@id\":\"https:\\\/\\\/www.vonin.com\\\/#website\"},\"primaryImageOfPage\":{\"@id\":\"https:\\\/\\\/www.vonin.com\\\/fo\\\/product\\\/thimbles\\\/#primaryimage\"},\"image\":{\"@id\":\"https:\\\/\\\/www.vonin.com\\\/fo\\\/product\\\/thimbles\\\/#primaryimage\"},\"thumbnailUrl\":\"https:\\\/\\\/www.vonin.com\\\/wp-content\\\/uploads\\\/2021\\\/04\\\/vonin_thimbles-scaled.jpg\",\"datePublished\":\"2022-09-28T12:15:54+00:00\",\"dateModified\":\"2025-10-07T09:40:31+00:00\",\"description\":\"K\u00f3sir \u2013 heitgalvanisera\u00f0ar type G414G fr\u00e1 V\u00f3nini. Finnast \u00ed ymiskum tv\u00f8rmetrum og vektum, fr\u00e1 20 mm til 115 mm.\",\"breadcrumb\":{\"@id\":\"https:\\\/\\\/www.vonin.com\\\/fo\\\/product\\\/thimbles\\\/#breadcrumb\"},\"inLanguage\":\"fo-FO\",\"potentialAction\":[{\"@type\":\"ReadAction\",\"target\":[\"https:\\\/\\\/www.vonin.com\\\/fo\\\/product\\\/thimbles\\\/\"]}]},{\"@type\":\"ImageObject\",\"inLanguage\":\"fo-FO\",\"@id\":\"https:\\\/\\\/www.vonin.com\\\/fo\\\/product\\\/thimbles\\\/#primaryimage\",\"url\":\"https:\\\/\\\/www.vonin.com\\\/wp-content\\\/uploads\\\/2021\\\/04\\\/vonin_thimbles-scaled.jpg\",\"contentUrl\":\"https:\\\/\\\/www.vonin.com\\\/wp-content\\\/uploads\\\/2021\\\/04\\\/vonin_thimbles-scaled.jpg\",\"width\":2560,\"height\":1440},{\"@type\":\"BreadcrumbList\",\"@id\":\"https:\\\/\\\/www.vonin.com\\\/fo\\\/product\\\/thimbles\\\/#breadcrumb\",\"itemListElement\":[{\"@type\":\"ListItem\",\"position\":1,\"name\":\"V\u00f3nin\",\"item\":\"https:\\\/\\\/www.vonin.com\\\/fo\\\/\"},{\"@type\":\"ListItem\",\"position\":2,\"name\":\"V\u00f8rur\",\"item\":\"https:\\\/\\\/www.vonin.com\\\/product\\\/\"},{\"@type\":\"ListItem\",\"position\":3,\"name\":\"Aling\",\"item\":\"https:\\\/\\\/www.vonin.com\\\/fo\\\/product-categories\\\/aling\\\/\"},{\"@type\":\"ListItem\",\"position\":4,\"name\":\"K\u00f3sir\"}]},{\"@type\":\"WebSite\",\"@id\":\"https:\\\/\\\/www.vonin.com\\\/#website\",\"url\":\"https:\\\/\\\/www.vonin.com\\\/\",\"name\":\"V\u00f3nin\",\"description\":\"V\u00f3nin is a major developer and manufacturer of high quality fishing gear and aquaculture equipment as well as supplying equipment to the offshore industry and land based industry.\",\"potentialAction\":[{\"@type\":\"SearchAction\",\"target\":{\"@type\":\"EntryPoint\",\"urlTemplate\":\"https:\\\/\\\/www.vonin.com\\\/?s={search_term_string}\"},\"query-input\":{\"@type\":\"PropertyValueSpecification\",\"valueRequired\":true,\"valueName\":\"search_term_string\"}}],\"inLanguage\":\"fo-FO\"}]}<\/script>\n<!-- \/ Yoast SEO plugin. -->","yoast_head_json":{"title":"K\u00f3sir - Sverar k\u00f3sir - Heitgalvanisera\u00f0ar - Aling - V\u00f3nin","description":"K\u00f3sir \u2013 heitgalvanisera\u00f0ar type G414G fr\u00e1 V\u00f3nini. Finnast \u00ed ymiskum tv\u00f8rmetrum og vektum, fr\u00e1 20 mm til 115 mm.","robots":{"index":"index","follow":"follow","max-snippet":"max-snippet:-1","max-image-preview":"max-image-preview:large","max-video-preview":"max-video-preview:-1"},"canonical":"https:\/\/www.vonin.com\/fo\/product\/thimbles\/","og_locale":"fo_FO","og_type":"article","og_title":"K\u00f3sir - Sverar k\u00f3sir - Heitgalvanisera\u00f0ar - Aling - V\u00f3nin","og_description":"K\u00f3sir \u2013 heitgalvanisera\u00f0ar type G414G fr\u00e1 V\u00f3nini. Finnast \u00ed ymiskum tv\u00f8rmetrum og vektum, fr\u00e1 20 mm til 115 mm.","og_url":"https:\/\/www.vonin.com\/fo\/product\/thimbles\/","og_site_name":"V\u00f3nin","article_modified_time":"2025-10-07T09:40:31+00:00","og_image":[{"width":2560,"height":1440,"url":"https:\/\/www.vonin.com\/wp-content\/uploads\/2021\/04\/vonin_thimbles-scaled.jpg","type":"image\/jpeg"}],"twitter_card":"summary_large_image","twitter_misc":{"Est. reading time":"2 minutes"},"schema":{"@context":"https:\/\/schema.org","@graph":[{"@type":"WebPage","@id":"https:\/\/www.vonin.com\/fo\/product\/thimbles\/","url":"https:\/\/www.vonin.com\/fo\/product\/thimbles\/","name":"K\u00f3sir - Sverar k\u00f3sir - Heitgalvanisera\u00f0ar - Aling - V\u00f3nin","isPartOf":{"@id":"https:\/\/www.vonin.com\/#website"},"primaryImageOfPage":{"@id":"https:\/\/www.vonin.com\/fo\/product\/thimbles\/#primaryimage"},"image":{"@id":"https:\/\/www.vonin.com\/fo\/product\/thimbles\/#primaryimage"},"thumbnailUrl":"https:\/\/www.vonin.com\/wp-content\/uploads\/2021\/04\/vonin_thimbles-scaled.jpg","datePublished":"2022-09-28T12:15:54+00:00","dateModified":"2025-10-07T09:40:31+00:00","description":"K\u00f3sir \u2013 heitgalvanisera\u00f0ar type G414G fr\u00e1 V\u00f3nini. Finnast \u00ed ymiskum tv\u00f8rmetrum og vektum, fr\u00e1 20 mm til 115 mm.","breadcrumb":{"@id":"https:\/\/www.vonin.com\/fo\/product\/thimbles\/#breadcrumb"},"inLanguage":"fo-FO","potentialAction":[{"@type":"ReadAction","target":["https:\/\/www.vonin.com\/fo\/product\/thimbles\/"]}]},{"@type":"ImageObject","inLanguage":"fo-FO","@id":"https:\/\/www.vonin.com\/fo\/product\/thimbles\/#primaryimage","url":"https:\/\/www.vonin.com\/wp-content\/uploads\/2021\/04\/vonin_thimbles-scaled.jpg","contentUrl":"https:\/\/www.vonin.com\/wp-content\/uploads\/2021\/04\/vonin_thimbles-scaled.jpg","width":2560,"height":1440},{"@type":"BreadcrumbList","@id":"https:\/\/www.vonin.com\/fo\/product\/thimbles\/#breadcrumb","itemListElement":[{"@type":"ListItem","position":1,"name":"V\u00f3nin","item":"https:\/\/www.vonin.com\/fo\/"},{"@type":"ListItem","position":2,"name":"V\u00f8rur","item":"https:\/\/www.vonin.com\/product\/"},{"@type":"ListItem","position":3,"name":"Aling","item":"https:\/\/www.vonin.com\/fo\/product-categories\/aling\/"},{"@type":"ListItem","position":4,"name":"K\u00f3sir"}]},{"@type":"WebSite","@id":"https:\/\/www.vonin.com\/#website","url":"https:\/\/www.vonin.com\/","name":"V\u00f3nin","description":"V\u00f3nin is a major developer and manufacturer of high quality fishing gear and aquaculture equipment as well as supplying equipment to the offshore industry and land based industry.","potentialAction":[{"@type":"SearchAction","target":{"@type":"EntryPoint","urlTemplate":"https:\/\/www.vonin.com\/?s={search_term_string}"},"query-input":{"@type":"PropertyValueSpecification","valueRequired":true,"valueName":"search_term_string"}}],"inLanguage":"fo-FO"}]}},"_links":{"self":[{"href":"https:\/\/www.vonin.com\/fo\/wp-json\/wp\/v2\/product\/12094","targetHints":{"allow":["GET"]}}],"collection":[{"href":"https:\/\/www.vonin.com\/fo\/wp-json\/wp\/v2\/product"}],"about":[{"href":"https:\/\/www.vonin.com\/fo\/wp-json\/wp\/v2\/types\/product"}],"wp:featuredmedia":[{"embeddable":true,"href":"https:\/\/www.vonin.com\/fo\/wp-json\/wp\/v2\/media\/5569"}],"wp:attachment":[{"href":"https:\/\/www.vonin.com\/fo\/wp-json\/wp\/v2\/media?parent=12094"}],"wp:term":[{"taxonomy":"post_tag","embeddable":true,"href":"https:\/\/www.vonin.com\/fo\/wp-json\/wp\/v2\/tags?post=12094"},{"taxonomy":"product_categories","embeddable":true,"href":"https:\/\/www.vonin.com\/fo\/wp-json\/wp\/v2\/product_categories?post=12094"}],"curies":[{"name":"wp","href":"https:\/\/api.w.org\/{rel}","templated":true}]}}