{"id":12090,"date":"2022-09-28T12:01:28","date_gmt":"2022-09-28T12:01:28","guid":{"rendered":"https:\/\/www.vonin.com\/?post_type=product&#038;p=12090"},"modified":"2025-08-18T08:25:25","modified_gmt":"2025-08-18T08:25:25","slug":"master-links","status":"publish","type":"product","link":"https:\/\/www.vonin.com\/fo\/product\/master-links\/","title":{"rendered":"St\u00e1lringar"},"content":{"rendered":"\n<div class=\"wp-block-cover alignfull\" style=\"min-height:617px;aspect-ratio:unset;\"><span aria-hidden=\"true\" class=\"wp-block-cover__background has-background-dim\"><\/span><img loading=\"lazy\" decoding=\"async\" width=\"2450\" height=\"1225\" class=\"wp-block-cover__image-background wp-image-5570\" alt=\"\" src=\"https:\/\/www.vonin.com\/wp-content\/uploads\/2021\/04\/vonin_masterlink.jpg\" style=\"object-position:63% 52%\" data-object-fit=\"cover\" data-object-position=\"63% 52%\" srcset=\"https:\/\/www.vonin.com\/wp-content\/uploads\/2021\/04\/vonin_masterlink.jpg 2450w, https:\/\/www.vonin.com\/wp-content\/uploads\/2021\/04\/vonin_masterlink-800x400.jpg 800w, https:\/\/www.vonin.com\/wp-content\/uploads\/2021\/04\/vonin_masterlink-1600x800.jpg 1600w, https:\/\/www.vonin.com\/wp-content\/uploads\/2021\/04\/vonin_masterlink-768x384.jpg 768w, https:\/\/www.vonin.com\/wp-content\/uploads\/2021\/04\/vonin_masterlink-200x100.jpg 200w, https:\/\/www.vonin.com\/wp-content\/uploads\/2021\/04\/vonin_masterlink-1536x768.jpg 1536w, https:\/\/www.vonin.com\/wp-content\/uploads\/2021\/04\/vonin_masterlink-2048x1024.jpg 2048w\" sizes=\"auto, (max-width: 2450px) 100vw, 2450px\" \/><div class=\"wp-block-cover__inner-container is-layout-flow wp-block-cover-is-layout-flow\">\n<p class=\"has-text-align-center has-large-font-size\"><strong>St\u00e1lringar<\/strong><\/p>\n<\/div><\/div>\n\n\n<div id=\"breadcrumbs-block_3d52a02974919cbd46636f5bca71d2a6\" class=\"lunnar-breadcrumbs\">\n    \n    <p id=\"breadcrumbs\"><span><span><a href=\"https:\/\/www.vonin.com\/fo\/\">V\u00f3nin<\/a><\/span><\/span><\/p>    \n<\/div>\n\n\n\n<div style=\"height:60px\" aria-hidden=\"true\" class=\"wp-block-spacer\"><\/div>\n\n\n\n<h2 class=\"wp-block-heading\"><strong>MXA344<\/strong> GALVANISERA\u00d0IR ST\u00c1LRINGAR<\/h2>\n\n\n\n<div class=\"wp-block-columns is-layout-flex wp-container-core-columns-is-layout-9d6595d7 wp-block-columns-is-layout-flex\">\n<div class=\"wp-block-column is-layout-flow wp-block-column-is-layout-flow\">\n<p>Crosby\u00ae er v\u00e6lkent fyri s\u00edtt \u00farv\u00e6l av st\u00e1lringum og TXA344 st\u00e1lringurin er ein partur av hesum.<\/p>\n\n\n\n<ul class=\"wp-block-list\">\n<li>Alloy st\u00e1l.<\/li>\n\n\n\n<li>Styrkiskanna.<\/li>\n\n\n\n<li>Ketan er merkt vi\u00f0 sporf\u00f8riskotu.<\/li>\n\n\n\n<li>Fult galvanisera\u00f0.<\/li>\n\n\n\n<li>Merkt vi\u00f0 Trawlex fiskamerki.<\/li>\n\n\n\n<li>G\u00f3\u00f0kend til NS9415<\/li>\n<\/ul>\n<\/div>\n\n\n\n<div class=\"wp-block-column is-layout-flow wp-block-column-is-layout-flow\"><\/div>\n<\/div>\n\n\n\n<div class=\"wp-block-columns is-layout-flex wp-container-core-columns-is-layout-9d6595d7 wp-block-columns-is-layout-flex\">\n<div class=\"wp-block-column is-layout-flow wp-block-column-is-layout-flow\">\n<div class=\"wp-block-group has-white-background-color has-background\"><div class=\"wp-block-group__inner-container is-layout-flow wp-block-group-is-layout-flow\">\n<figure class=\"wp-block-image size-large\"><img loading=\"lazy\" decoding=\"async\" width=\"1120\" height=\"629\" src=\"https:\/\/www.vonin.com\/wp-content\/uploads\/2021\/04\/TXA-344-edited.jpg\" alt=\"\" class=\"wp-image-5505\" srcset=\"https:\/\/www.vonin.com\/wp-content\/uploads\/2021\/04\/TXA-344-edited.jpg 1120w, https:\/\/www.vonin.com\/wp-content\/uploads\/2021\/04\/TXA-344-edited-800x449.jpg 800w, https:\/\/www.vonin.com\/wp-content\/uploads\/2021\/04\/TXA-344-edited-768x431.jpg 768w, https:\/\/www.vonin.com\/wp-content\/uploads\/2021\/04\/TXA-344-edited-200x112.jpg 200w\" sizes=\"auto, (max-width: 1120px) 100vw, 1120px\" \/><\/figure>\n<\/div><\/div>\n<\/div>\n\n\n\n<div class=\"wp-block-column is-layout-flow wp-block-column-is-layout-flow\">\n<div class=\"wp-block-group has-white-background-color has-background\"><div class=\"wp-block-group__inner-container is-layout-flow wp-block-group-is-layout-flow\">\n<figure class=\"wp-block-image size-large\"><img loading=\"lazy\" decoding=\"async\" width=\"2111\" height=\"1186\" src=\"https:\/\/www.vonin.com\/wp-content\/uploads\/2021\/04\/TXA-344_1-edited.jpg\" alt=\"\" class=\"wp-image-5507\" srcset=\"https:\/\/www.vonin.com\/wp-content\/uploads\/2021\/04\/TXA-344_1-edited.jpg 2111w, https:\/\/www.vonin.com\/wp-content\/uploads\/2021\/04\/TXA-344_1-edited-800x449.jpg 800w, https:\/\/www.vonin.com\/wp-content\/uploads\/2021\/04\/TXA-344_1-edited-1600x899.jpg 1600w, https:\/\/www.vonin.com\/wp-content\/uploads\/2021\/04\/TXA-344_1-edited-768x431.jpg 768w, https:\/\/www.vonin.com\/wp-content\/uploads\/2021\/04\/TXA-344_1-edited-200x112.jpg 200w, https:\/\/www.vonin.com\/wp-content\/uploads\/2021\/04\/TXA-344_1-edited-1536x863.jpg 1536w, https:\/\/www.vonin.com\/wp-content\/uploads\/2021\/04\/TXA-344_1-edited-2048x1151.jpg 2048w\" sizes=\"auto, (max-width: 2111px) 100vw, 2111px\" \/><\/figure>\n<\/div><\/div>\n<\/div>\n<\/div>\n\n\n\n<div style=\"height:60px\" aria-hidden=\"true\" class=\"wp-block-spacer\"><\/div>\n\n\n\n<figure class=\"wp-block-table alignleft is-style-regular\"><table><thead><tr><th>St\u00f8dd<br>(mm)<\/th><th>St\u00f8dd <br>(tummar)<\/th><th>WLL <br>(t)<\/th><th>MBL (t)<br>(Kg)<\/th><th>V\u00f8ru-<br>Nr<\/th><th>Vekt<br>(Kg)<\/th><th>St\u00f8dd<br>A<\/th><th>St\u00f8dd<br>B<\/th><th>St\u00f8dd<br>C<\/th><\/tr><\/thead><tbody><tr><td>22<\/td><td>7\/8<\/td><td>8.5<\/td><td>42.5<\/td><td>2785400<\/td><td>1.59<\/td><td>22<\/td><td>90<\/td><td>170<\/td><\/tr><tr><td>28<\/td><td>1-1\/8<\/td><td>12.9<\/td><td>64.5<\/td><td>2785409<\/td><td>3.22<\/td><td>28<\/td><td>110<\/td><td>210<\/td><\/tr><tr><td>32<\/td><td>1-1\/4<\/td><td>17<\/td><td>85<\/td><td>2785418<\/td><td>5.3<\/td><td>32<\/td><td>140<\/td><td>270<\/td><\/tr><tr><td>36<\/td><td>1-7\/16<\/td><td>24<\/td><td>120<\/td><td>2785427<\/td><td>6.87<\/td><td>36<\/td><td>155<\/td><td>285<\/td><\/tr><\/tbody><\/table><figcaption class=\"wp-element-caption\">Welded masterlink &#8211; generous internal dimensions.<\/figcaption><\/figure>\n\n\n\n<div style=\"height:60px\" aria-hidden=\"true\" class=\"wp-block-spacer\"><\/div>\n\n\n\n<hr class=\"wp-block-separator has-css-opacity is-style-wide\"\/>\n\n\n\n<h2 class=\"wp-block-heading\">A\u00f0rar v\u00f8rur<\/h2>\n\n\n\n<div style=\"height:30px\" aria-hidden=\"true\" class=\"wp-block-spacer\"><\/div>\n\n\n\n<div id=\"products-block_fff19d7a5c97abca5dd0aa2f777ac1ca\" class=\"beak-products product-list\">\n\t    \n                    \n            \n<a href=\"https:\/\/www.vonin.com\/fo\/product\/koblingsskivur\/\" class=\"product-card post-id-10676\">\n        <div class=\"product-card--content-image\">\n                                        <img loading=\"lazy\" decoding=\"async\" src=\"https:\/\/www.vonin.com\/wp-content\/uploads\/2021\/03\/Rund-koblingsskiva_gratt-1-800x473.jpg\" width=\"800\" height=\"473\" alt=\"\" style=\"object-position: \">\n                        <\/div>\n\n        <div class=\"product-card--content-text\">\n                <div class=\"product-card--title\">Koblingsskivur<\/div>\n\n                <div class=\"product-card--description line-clamp\">Koblingsskivurnar eru stoyptar \u00ed einum stykki. Hettar gevur teimum eina fram\u00farskarandi styrki. \n<\/div>\n        <\/div>\n<\/a>        \n                            \n            \n<a href=\"https:\/\/www.vonin.com\/fo\/product\/skeklar\/\" class=\"product-card post-id-10677\">\n        <div class=\"product-card--content-image\">\n                                        <img loading=\"lazy\" decoding=\"async\" src=\"https:\/\/www.vonin.com\/wp-content\/uploads\/2021\/03\/2-800x533.jpg\" width=\"800\" height=\"533\" alt=\"\" style=\"object-position: \">\n                        <\/div>\n\n        <div class=\"product-card--content-text\">\n                <div class=\"product-card--title\">Skeklar<\/div>\n\n                <div class=\"product-card--description line-clamp\">V\u00f3nin veitir skeklar av h\u00f8gari g\u00f3\u00f0sku fr\u00e1 Gunnebo og Green Pin. <\/div>\n        <\/div>\n<\/a>        \n                            \n            \n<a href=\"https:\/\/www.vonin.com\/fo\/product\/akker\/\" class=\"product-card post-id-10678\">\n        <div class=\"product-card--content-image\">\n                                        <img loading=\"lazy\" decoding=\"async\" src=\"https:\/\/www.vonin.com\/wp-content\/uploads\/2021\/01\/Vonin_anchor_aquaculture-800x400.jpg\" width=\"800\" height=\"400\" alt=\"\" style=\"object-position: \">\n                        <\/div>\n\n        <div class=\"product-card--content-text\">\n                <div class=\"product-card--title\">Akker<\/div>\n\n                <div class=\"product-card--description line-clamp\">Vit hava ment og sni\u00f0givi\u00f0 okkara egnu pl\u00f3gvakker og tv\u00edakker. Ey\u00f0kennini eru styrki, haldg\u00f3\u00f0ska og fram\u00farskarandi tak.<\/div>\n        <\/div>\n<\/a>        \n                            \n            \n<a href=\"https:\/\/www.vonin.com\/fo\/product\/tog\/\" class=\"product-card post-id-10681\">\n        <div class=\"product-card--content-image\">\n                                        <img loading=\"lazy\" decoding=\"async\" src=\"https:\/\/www.vonin.com\/wp-content\/uploads\/2021\/03\/ropes_vonin-800x400.jpg\" width=\"800\" height=\"400\" alt=\"\" style=\"object-position: \">\n                        <\/div>\n\n        <div class=\"product-card--content-text\">\n                <div class=\"product-card--title\">Tog<\/div>\n\n                <div class=\"product-card--description line-clamp\">Aqua fortoyningstogi\u00f0 er munandi l\u00e6ttari og kl\u00e6nri enn vanlig syntetisk tog. T\u00ed er ta\u00f0 v\u00e6l egna til fortoyningar.<\/div>\n        <\/div>\n<\/a>        \n                            \n            \n<a href=\"https:\/\/www.vonin.com\/fo\/product\/ketir\/\" class=\"product-card post-id-12075\">\n        <div class=\"product-card--content-image\">\n                                        <img loading=\"lazy\" decoding=\"async\" src=\"https:\/\/www.vonin.com\/wp-content\/uploads\/2021\/03\/chains_vonin-800x400.jpg\" width=\"800\" height=\"400\" alt=\"\" style=\"object-position: \">\n                        <\/div>\n\n        <div class=\"product-card--content-text\">\n                <div class=\"product-card--title\">Ketur<\/div>\n\n                <div class=\"product-card--description line-clamp\">Ketur \u00far bestu g\u00f3\u00f0sku \u00ed ymiskum sl\u00f8gum og st\u00f8ddum til alivinnuna.<\/div>\n        <\/div>\n<\/a>        \n                            \n            \n<a href=\"https:\/\/www.vonin.com\/fo\/product\/thimbles\/\" class=\"product-card post-id-12094\">\n        <div class=\"product-card--content-image\">\n                                        <img loading=\"lazy\" decoding=\"async\" src=\"https:\/\/www.vonin.com\/wp-content\/uploads\/2021\/04\/vonin_thimbles-800x450.jpg\" width=\"800\" height=\"450\" alt=\"\" style=\"object-position: \">\n                        <\/div>\n\n        <div class=\"product-card--content-text\">\n                <div class=\"product-card--title\">K\u00f3sir<\/div>\n\n                <div class=\"product-card--description line-clamp\">Sverar k\u00f3sir til fortoyningar \u00ed alivinnuni.<\/div>\n        <\/div>\n<\/a>        \n                            \n            \n<a href=\"https:\/\/www.vonin.com\/fo\/product\/fortoyningsboltar\/\" class=\"product-card post-id-12095\">\n        <div class=\"product-card--content-image\">\n                                        <img loading=\"lazy\" decoding=\"async\" src=\"https:\/\/www.vonin.com\/wp-content\/uploads\/2021\/04\/mooringbolt1-800x448.jpg\" width=\"800\" height=\"448\" alt=\"\" style=\"object-position: \">\n                        <\/div>\n\n        <div class=\"product-card--content-text\">\n                <div class=\"product-card--title\">Fortoyningsboltar<\/div>\n\n                <div class=\"product-card--description line-clamp\">Fortoyningsboltar \u00far h\u00e1styrkisst\u00e1li og g\u00f3\u00f0kendir eftir norskum standardi.<\/div>\n        <\/div>\n<\/a>        \n                            \n            \n<a href=\"https:\/\/www.vonin.com\/fo\/product\/fortoyningsboyur\/\" class=\"product-card post-id-12098\">\n        <div class=\"product-card--content-image\">\n                                        <img loading=\"lazy\" decoding=\"async\" src=\"https:\/\/www.vonin.com\/wp-content\/uploads\/2025\/08\/Polyform-APB-800x534.jpg\" width=\"800\" height=\"534\" alt=\"\" style=\"object-position: \">\n                        <\/div>\n\n        <div class=\"product-card--content-text\">\n                <div class=\"product-card--title\">Fortoyningsboyur<\/div>\n\n                <div class=\"product-card--description line-clamp\">Fortoyningsboyur \u00ed ymiskum st\u00f8ddum og skapum til alivinnuna.<\/div>\n        <\/div>\n<\/a>        \n            <\/div>\n\n\n<div style=\"height:60px\" aria-hidden=\"true\" class=\"wp-block-spacer\"><\/div>\n\n\n\n<hr class=\"wp-block-separator has-css-opacity is-style-wide\"\/>\n\n\n\n<h2 class=\"wp-block-heading\">S\u00f8lutoymi\u00f0<\/h2>\n\n\n\n<div style=\"height:30px\" aria-hidden=\"true\" class=\"wp-block-spacer\"><\/div>\n\n\n\n<script>\n    employeeBlockData['employees-block_214fee3e9cf496277467d652f9f995b8'] = '[]';\n<\/script>\n\n\n<div id=\"employees-block_214fee3e9cf496277467d652f9f995b8\" class=\"beak-employees\">\n    \n            <div class=\"employee-message-modal--tint\" v-if=\"selectedEmployee\" :class=\"{ 'is-visible': selectedEmployee }\"><\/div>\n<div class=\"employee-message-modal\" v-if=\"selectedEmployee\" :class=\"{ 'is-visible': selectedEmployee }\">\n    <div class=\"employee-message--content\">\n        <a href=\"#\" @click.prevent=\"toggleModal(null)\" class=\"emp-modal-close\"><img decoding=\"async\" src=\"https:\/\/www.vonin.com\/wp-content\/themes\/beak-vonin\/images\/icon-plus.svg\" class=\"injectable\" \/><\/a>\n        <h3 v-if=\"selectedEmployee\">Send teldupost til:<br \/> <b>{{selectedEmployee.title}}<\/b><\/h3>\n\n        <div class=\"form-errors\" v-if=\"formErrors &#038;&#038; formErrors.length &#62; 0\">\n            <ul>\n                <li v-for=\"error in formErrors\">{{error}}<\/li>\n            <\/ul>\n        <\/div>\n\n        <p v-if=\"formSent\"><b>T\u00edni bo\u00f0 eru send.<\/b><\/p>\n\n        <div v-if=\"!formSent\">\n            <div class=\"form-input\">\n                <label>Navn<span class=\"required\">*<\/span><\/label>\n                <input type=\"text\" v-model=\"sendEmailForm.name\" \/>\n            <\/div>\n\n            <div class=\"form-input\">\n                <label>Fyrit\u00f8ka<span class=\"required\">*<\/span><\/label>\n                <input type=\"text\" v-model=\"sendEmailForm.company\" \/>\n            <\/div>\n\n            <div class=\"form-input\">\n                <label>T-post<span class=\"required\">*<\/span><\/label>\n                <input type=\"email\" v-model=\"sendEmailForm.email\" \/>\n            <\/div>\n\n            <div class=\"form-input\">\n                <label>Telefon<span class=\"required\">*<\/span><\/label>\n                <input type=\"text\" v-model=\"sendEmailForm.phone\" \/>\n            <\/div>\n\n            <div class=\"form-input\">\n                <label>Bo\u00f0<span class=\"required\">*<\/span><\/label>\n                <textarea type=\"text\" v-model=\"sendEmailForm.message\"><\/textarea>\n            <\/div>\n\n            <input type=\"hidden\" v-model=\"sendEmailForm.formLumpari\" \/>\n\n            <button @click=\"sendMessage()\" :class=\"{ disabled: formPosting || (formSubmitted &#038;&#038; !formIsValid) }\">Send<\/button>\n        <\/div>\n    <\/div>\n<\/div>    \n            <div class=\"employee-cards\" v-if=\"people\">\n                    <\/div>\n    <\/div>\n\n\n<div style=\"height:60px\" aria-hidden=\"true\" class=\"wp-block-spacer\"><\/div>\n\n\n<div id=\"breadcrumbs-block_3d52a02974919cbd46636f5bca71d2a6\" class=\"lunnar-breadcrumbs\">\n    \n    <p id=\"breadcrumbs\"><span><span><a href=\"https:\/\/www.vonin.com\/fo\/\">V\u00f3nin<\/a><\/span><\/span><\/p>    \n<\/div>\n","protected":false},"excerpt":{"rendered":"<p>Crosby\u00ae er v\u00e6lkent fyri s\u00edtt \u00farv\u00e6l av st\u00e1lringum, og TXA344 st\u00e1lringurin er ein partur av hesum.<\/p>\n","protected":false},"featured_media":5571,"parent":0,"template":"","tags":[],"product_categories":[9],"class_list":["post-12090","product","type-product","status-publish","has-post-thumbnail","hentry","product_categories-aling"],"acf":[],"yoast_head":"<!-- This site is optimized with the Yoast SEO plugin v27.4 - https:\/\/yoast.com\/product\/yoast-seo-wordpress\/ -->\n<title>St\u00e1lringar - Alivinna - V\u00f3nin<\/title>\n<meta name=\"description\" content=\"St\u00e1lringar eru galvanisera\u00f0ir fyri at standa \u00edm\u00f3ti rusti. Teir vera br\u00faktir \u00ed alivinnuni, har haldf\u00f8ri og trygd eru \u00ed h\u00e1s\u00e6ti.\" \/>\n<meta name=\"robots\" content=\"index, follow, max-snippet:-1, max-image-preview:large, max-video-preview:-1\" \/>\n<link rel=\"canonical\" href=\"https:\/\/www.vonin.com\/fo\/product\/master-links\/\" \/>\n<meta property=\"og:locale\" content=\"fo_FO\" \/>\n<meta property=\"og:type\" content=\"article\" \/>\n<meta property=\"og:title\" content=\"St\u00e1lringar - Alivinna - V\u00f3nin\" \/>\n<meta property=\"og:description\" content=\"St\u00e1lringar eru galvanisera\u00f0ir fyri at standa \u00edm\u00f3ti rusti. Teir vera br\u00faktir \u00ed alivinnuni, har haldf\u00f8ri og trygd eru \u00ed h\u00e1s\u00e6ti.\" \/>\n<meta property=\"og:url\" content=\"https:\/\/www.vonin.com\/fo\/product\/master-links\/\" \/>\n<meta property=\"og:site_name\" content=\"V\u00f3nin\" \/>\n<meta property=\"article:modified_time\" content=\"2025-08-18T08:25:25+00:00\" \/>\n<meta property=\"og:image\" content=\"https:\/\/www.vonin.com\/wp-content\/uploads\/2021\/04\/vonin_masterlink.jpg\" \/>\n\t<meta property=\"og:image:width\" content=\"2450\" \/>\n\t<meta property=\"og:image:height\" content=\"1225\" \/>\n\t<meta property=\"og:image:type\" content=\"image\/jpeg\" \/>\n<meta name=\"twitter:card\" content=\"summary_large_image\" \/>\n<meta name=\"twitter:label1\" content=\"Est. reading time\" \/>\n\t<meta name=\"twitter:data1\" content=\"2 minutes\" \/>\n<script type=\"application\/ld+json\" class=\"yoast-schema-graph\">{\"@context\":\"https:\\\/\\\/schema.org\",\"@graph\":[{\"@type\":\"WebPage\",\"@id\":\"https:\\\/\\\/www.vonin.com\\\/fo\\\/product\\\/master-links\\\/\",\"url\":\"https:\\\/\\\/www.vonin.com\\\/fo\\\/product\\\/master-links\\\/\",\"name\":\"St\u00e1lringar - Alivinna - V\u00f3nin\",\"isPartOf\":{\"@id\":\"https:\\\/\\\/www.vonin.com\\\/#website\"},\"primaryImageOfPage\":{\"@id\":\"https:\\\/\\\/www.vonin.com\\\/fo\\\/product\\\/master-links\\\/#primaryimage\"},\"image\":{\"@id\":\"https:\\\/\\\/www.vonin.com\\\/fo\\\/product\\\/master-links\\\/#primaryimage\"},\"thumbnailUrl\":\"https:\\\/\\\/www.vonin.com\\\/wp-content\\\/uploads\\\/2021\\\/04\\\/vonin_masterlink.jpg\",\"datePublished\":\"2022-09-28T12:01:28+00:00\",\"dateModified\":\"2025-08-18T08:25:25+00:00\",\"description\":\"St\u00e1lringar eru galvanisera\u00f0ir fyri at standa \u00edm\u00f3ti rusti. Teir vera br\u00faktir \u00ed alivinnuni, har haldf\u00f8ri og trygd eru \u00ed h\u00e1s\u00e6ti.\",\"breadcrumb\":{\"@id\":\"https:\\\/\\\/www.vonin.com\\\/fo\\\/product\\\/master-links\\\/#breadcrumb\"},\"inLanguage\":\"fo-FO\",\"potentialAction\":[{\"@type\":\"ReadAction\",\"target\":[\"https:\\\/\\\/www.vonin.com\\\/fo\\\/product\\\/master-links\\\/\"]}]},{\"@type\":\"ImageObject\",\"inLanguage\":\"fo-FO\",\"@id\":\"https:\\\/\\\/www.vonin.com\\\/fo\\\/product\\\/master-links\\\/#primaryimage\",\"url\":\"https:\\\/\\\/www.vonin.com\\\/wp-content\\\/uploads\\\/2021\\\/04\\\/vonin_masterlink.jpg\",\"contentUrl\":\"https:\\\/\\\/www.vonin.com\\\/wp-content\\\/uploads\\\/2021\\\/04\\\/vonin_masterlink.jpg\",\"width\":2450,\"height\":1225},{\"@type\":\"BreadcrumbList\",\"@id\":\"https:\\\/\\\/www.vonin.com\\\/fo\\\/product\\\/master-links\\\/#breadcrumb\",\"itemListElement\":[{\"@type\":\"ListItem\",\"position\":1,\"name\":\"V\u00f3nin\",\"item\":\"https:\\\/\\\/www.vonin.com\\\/fo\\\/\"},{\"@type\":\"ListItem\",\"position\":2,\"name\":\"V\u00f8rur\",\"item\":\"https:\\\/\\\/www.vonin.com\\\/product\\\/\"},{\"@type\":\"ListItem\",\"position\":3,\"name\":\"Aling\",\"item\":\"https:\\\/\\\/www.vonin.com\\\/fo\\\/product-categories\\\/aling\\\/\"},{\"@type\":\"ListItem\",\"position\":4,\"name\":\"St\u00e1lringar\"}]},{\"@type\":\"WebSite\",\"@id\":\"https:\\\/\\\/www.vonin.com\\\/#website\",\"url\":\"https:\\\/\\\/www.vonin.com\\\/\",\"name\":\"V\u00f3nin\",\"description\":\"V\u00f3nin is a major developer and manufacturer of high quality fishing gear and aquaculture equipment as well as supplying equipment to the offshore industry and land based industry.\",\"potentialAction\":[{\"@type\":\"SearchAction\",\"target\":{\"@type\":\"EntryPoint\",\"urlTemplate\":\"https:\\\/\\\/www.vonin.com\\\/?s={search_term_string}\"},\"query-input\":{\"@type\":\"PropertyValueSpecification\",\"valueRequired\":true,\"valueName\":\"search_term_string\"}}],\"inLanguage\":\"fo-FO\"}]}<\/script>\n<!-- \/ Yoast SEO plugin. -->","yoast_head_json":{"title":"St\u00e1lringar - Alivinna - V\u00f3nin","description":"St\u00e1lringar eru galvanisera\u00f0ir fyri at standa \u00edm\u00f3ti rusti. Teir vera br\u00faktir \u00ed alivinnuni, har haldf\u00f8ri og trygd eru \u00ed h\u00e1s\u00e6ti.","robots":{"index":"index","follow":"follow","max-snippet":"max-snippet:-1","max-image-preview":"max-image-preview:large","max-video-preview":"max-video-preview:-1"},"canonical":"https:\/\/www.vonin.com\/fo\/product\/master-links\/","og_locale":"fo_FO","og_type":"article","og_title":"St\u00e1lringar - Alivinna - V\u00f3nin","og_description":"St\u00e1lringar eru galvanisera\u00f0ir fyri at standa \u00edm\u00f3ti rusti. Teir vera br\u00faktir \u00ed alivinnuni, har haldf\u00f8ri og trygd eru \u00ed h\u00e1s\u00e6ti.","og_url":"https:\/\/www.vonin.com\/fo\/product\/master-links\/","og_site_name":"V\u00f3nin","article_modified_time":"2025-08-18T08:25:25+00:00","og_image":[{"width":2450,"height":1225,"url":"https:\/\/www.vonin.com\/wp-content\/uploads\/2021\/04\/vonin_masterlink.jpg","type":"image\/jpeg"}],"twitter_card":"summary_large_image","twitter_misc":{"Est. reading time":"2 minutes"},"schema":{"@context":"https:\/\/schema.org","@graph":[{"@type":"WebPage","@id":"https:\/\/www.vonin.com\/fo\/product\/master-links\/","url":"https:\/\/www.vonin.com\/fo\/product\/master-links\/","name":"St\u00e1lringar - Alivinna - V\u00f3nin","isPartOf":{"@id":"https:\/\/www.vonin.com\/#website"},"primaryImageOfPage":{"@id":"https:\/\/www.vonin.com\/fo\/product\/master-links\/#primaryimage"},"image":{"@id":"https:\/\/www.vonin.com\/fo\/product\/master-links\/#primaryimage"},"thumbnailUrl":"https:\/\/www.vonin.com\/wp-content\/uploads\/2021\/04\/vonin_masterlink.jpg","datePublished":"2022-09-28T12:01:28+00:00","dateModified":"2025-08-18T08:25:25+00:00","description":"St\u00e1lringar eru galvanisera\u00f0ir fyri at standa \u00edm\u00f3ti rusti. Teir vera br\u00faktir \u00ed alivinnuni, har haldf\u00f8ri og trygd eru \u00ed h\u00e1s\u00e6ti.","breadcrumb":{"@id":"https:\/\/www.vonin.com\/fo\/product\/master-links\/#breadcrumb"},"inLanguage":"fo-FO","potentialAction":[{"@type":"ReadAction","target":["https:\/\/www.vonin.com\/fo\/product\/master-links\/"]}]},{"@type":"ImageObject","inLanguage":"fo-FO","@id":"https:\/\/www.vonin.com\/fo\/product\/master-links\/#primaryimage","url":"https:\/\/www.vonin.com\/wp-content\/uploads\/2021\/04\/vonin_masterlink.jpg","contentUrl":"https:\/\/www.vonin.com\/wp-content\/uploads\/2021\/04\/vonin_masterlink.jpg","width":2450,"height":1225},{"@type":"BreadcrumbList","@id":"https:\/\/www.vonin.com\/fo\/product\/master-links\/#breadcrumb","itemListElement":[{"@type":"ListItem","position":1,"name":"V\u00f3nin","item":"https:\/\/www.vonin.com\/fo\/"},{"@type":"ListItem","position":2,"name":"V\u00f8rur","item":"https:\/\/www.vonin.com\/product\/"},{"@type":"ListItem","position":3,"name":"Aling","item":"https:\/\/www.vonin.com\/fo\/product-categories\/aling\/"},{"@type":"ListItem","position":4,"name":"St\u00e1lringar"}]},{"@type":"WebSite","@id":"https:\/\/www.vonin.com\/#website","url":"https:\/\/www.vonin.com\/","name":"V\u00f3nin","description":"V\u00f3nin is a major developer and manufacturer of high quality fishing gear and aquaculture equipment as well as supplying equipment to the offshore industry and land based industry.","potentialAction":[{"@type":"SearchAction","target":{"@type":"EntryPoint","urlTemplate":"https:\/\/www.vonin.com\/?s={search_term_string}"},"query-input":{"@type":"PropertyValueSpecification","valueRequired":true,"valueName":"search_term_string"}}],"inLanguage":"fo-FO"}]}},"_links":{"self":[{"href":"https:\/\/www.vonin.com\/fo\/wp-json\/wp\/v2\/product\/12090","targetHints":{"allow":["GET"]}}],"collection":[{"href":"https:\/\/www.vonin.com\/fo\/wp-json\/wp\/v2\/product"}],"about":[{"href":"https:\/\/www.vonin.com\/fo\/wp-json\/wp\/v2\/types\/product"}],"wp:featuredmedia":[{"embeddable":true,"href":"https:\/\/www.vonin.com\/fo\/wp-json\/wp\/v2\/media\/5571"}],"wp:attachment":[{"href":"https:\/\/www.vonin.com\/fo\/wp-json\/wp\/v2\/media?parent=12090"}],"wp:term":[{"taxonomy":"post_tag","embeddable":true,"href":"https:\/\/www.vonin.com\/fo\/wp-json\/wp\/v2\/tags?post=12090"},{"taxonomy":"product_categories","embeddable":true,"href":"https:\/\/www.vonin.com\/fo\/wp-json\/wp\/v2\/product_categories?post=12090"}],"curies":[{"name":"wp","href":"https:\/\/api.w.org\/{rel}","templated":true}]}}