{"id":109114,"date":"2025-04-15T13:02:39","date_gmt":"2025-04-15T13:02:39","guid":{"rendered":"https:\/\/www.vonin.com\/?post_type=product&#038;p=109114"},"modified":"2025-04-15T13:05:33","modified_gmt":"2025-04-15T13:05:33","slug":"vonin-fulmar","status":"publish","type":"product","link":"https:\/\/www.vonin.com\/fo\/product\/vonin-fulmar\/","title":{"rendered":"V\u00f3nin Fulmar"},"content":{"rendered":"\n<div class=\"wp-block-cover alignfull\" style=\"min-height:719px;aspect-ratio:unset;\"><span aria-hidden=\"true\" class=\"wp-block-cover__background has-background-dim-0 has-background-dim\" style=\"background-color:#070e0e\"><\/span><img loading=\"lazy\" decoding=\"async\" width=\"2560\" height=\"1587\" class=\"wp-block-cover__image-background wp-image-30365\" alt=\"\" src=\"https:\/\/www.vonin.com\/wp-content\/uploads\/2024\/01\/fulmar.jpg\" data-object-fit=\"cover\" srcset=\"https:\/\/www.vonin.com\/wp-content\/uploads\/2024\/01\/fulmar.jpg 2560w, https:\/\/www.vonin.com\/wp-content\/uploads\/2024\/01\/fulmar-800x496.jpg 800w, https:\/\/www.vonin.com\/wp-content\/uploads\/2024\/01\/fulmar-1600x992.jpg 1600w, https:\/\/www.vonin.com\/wp-content\/uploads\/2024\/01\/fulmar-768x476.jpg 768w, https:\/\/www.vonin.com\/wp-content\/uploads\/2024\/01\/fulmar-200x124.jpg 200w, https:\/\/www.vonin.com\/wp-content\/uploads\/2024\/01\/fulmar-1536x952.jpg 1536w, https:\/\/www.vonin.com\/wp-content\/uploads\/2024\/01\/fulmar-2048x1270.jpg 2048w\" sizes=\"auto, (max-width: 2560px) 100vw, 2560px\" \/><div class=\"wp-block-cover__inner-container is-layout-constrained wp-block-cover-is-layout-constrained\">\n<h1 class=\"wp-block-heading has-text-align-center has-large-font-size\">V\u00f3nin Fulmar<\/h1>\n\n\n\n<h4 class=\"wp-block-heading has-text-align-center has-white-color has-text-color has-link-color wp-elements-961b126054cd2f0b8780fbb6817c24b2\"> Makrel- og sildatrol<\/h4>\n<\/div><\/div>\n\n\n<div id=\"breadcrumbs-block_ca604c1c25ae74b90d968b5dae0a1446\" class=\"lunnar-breadcrumbs\">\n    \n    <p id=\"breadcrumbs\"><span><span><a href=\"https:\/\/www.vonin.com\/fo\/\">V\u00f3nin<\/a><\/span><\/span><\/p>    \n<\/div>\n\n\n\n<div style=\"height:60px\" aria-hidden=\"true\" class=\"wp-block-spacer\"><\/div>\n\n\n\n<h2 class=\"wp-block-heading\">Ein fj\u00f8lbroytt fl\u00f3titrolsloysn <\/h2>\n\n\n\n<p>Fulmar er eitt fj\u00f8llbroytt trol, sum kann n\u00fdtast b\u00e6\u00f0i til makrel og sild, og er t\u00ed ein fr\u00e1l\u00edk loysn, t\u00e1 kvoturnar eru avmarka\u00f0ar. Hetta fj\u00f8lbroytni merkir, at t\u00fa f\u00e6rt mest burtur\u00far hv\u00f8rjari fiskifer\u00f0.<\/p>\n\n\n\n<div style=\"height:60px\" aria-hidden=\"true\" class=\"wp-block-spacer\"><\/div>\n\n\n\n<h2 class=\"wp-block-heading\">Troling \u00e1 mi\u00f0jum d\u00fdpi og uppi vi\u00f0 vatnskorpuna<\/h2>\n\n\n\n<p>Sni\u00f0i\u00f0 \u00e1 hesum trolinum ger ta\u00f0 m\u00f8guligt at t\u00f3va b\u00e6\u00f0i uppi vi\u00f0 vatnskorpuna og \u00e1 mi\u00f0jum d\u00fdpi, sum gevur t\u00e6r fr\u00e6lsi at laga teg eftir broyttum umst\u00f8\u00f0um og fiskasl\u00f8gum. Vi\u00f0 einum mi\u00f0alst\u00f3rum belli kann Fulmar togast n\u00f3g skj\u00f3tt til makrel og megnar samstundis at handfara lutfalsliga st\u00f3rar sildatorvur. Hetta fj\u00f8lbroytni er avgerandi, t\u00e1 t\u00fa skalt laga teg til ymiskar fiskiumst\u00f8\u00f0ur.<\/p>\n\n\n\n<div style=\"height:60px\" aria-hidden=\"true\" class=\"wp-block-spacer\"><\/div>\n\n\n\n<div class=\"wp-block-media-text is-stacked-on-mobile\"><figure class=\"wp-block-media-text__media\"><img loading=\"lazy\" decoding=\"async\" width=\"1600\" height=\"809\" src=\"https:\/\/www.vonin.com\/wp-content\/uploads\/2024\/01\/Kvannoy-Capto-1600x809.jpg\" alt=\"\" class=\"wp-image-30375 size-full\" srcset=\"https:\/\/www.vonin.com\/wp-content\/uploads\/2024\/01\/Kvannoy-Capto-1600x809.jpg 1600w, https:\/\/www.vonin.com\/wp-content\/uploads\/2024\/01\/Kvannoy-Capto-800x405.jpg 800w, https:\/\/www.vonin.com\/wp-content\/uploads\/2024\/01\/Kvannoy-Capto-768x389.jpg 768w, https:\/\/www.vonin.com\/wp-content\/uploads\/2024\/01\/Kvannoy-Capto-200x101.jpg 200w, https:\/\/www.vonin.com\/wp-content\/uploads\/2024\/01\/Kvannoy-Capto-1536x777.jpg 1536w, https:\/\/www.vonin.com\/wp-content\/uploads\/2024\/01\/Kvannoy-Capto-2048x1036.jpg 2048w\" sizes=\"auto, (max-width: 1600px) 100vw, 1600px\" \/><\/figure><div class=\"wp-block-media-text__content\">\n<blockquote class=\"wp-block-quote is-layout-flow wp-block-quote-is-layout-flow\">\n<p>Fj\u00f8llbroytt trol<br>Mi\u00f0alst\u00f3ran bell<br>L\u00e6tt at t\u00f3va<br>Fiskar lutfalsliga st\u00f3rar torvur<\/p>\n<\/blockquote>\n<\/div><\/div>\n\n\n\n<div style=\"height:60px\" aria-hidden=\"true\" class=\"wp-block-spacer\"><\/div>\n\n\n\n<h2 class=\"wp-block-heading\">Gj\u00f8rt til at halda<\/h2>\n\n\n\n<p>Me\u00f0an forneti\u00f0 hevur sekskanta\u00f0ar meskar fyri at minka um m\u00f3tst\u00f8\u00f0una, er samla\u00f0a konstrukti\u00f3nin hj\u00e1 Fulmar l\u00edka haldf\u00f8r og \u00e1l\u00edtandi sum \u00e1 \u00f8llum trolum fr\u00e1 V\u00f3nini. T\u00fa kanst vera v\u00edsur \u00ed, at ta\u00f0 heldur \u2013 og fiskar v\u00e6l, sj\u00e1lvt undir teimum har\u00f0astu umst\u00f8\u00f0unum.<\/p>\n\n\n\n<div style=\"height:30px\" aria-hidden=\"true\" class=\"wp-block-spacer\"><\/div>\n\n\n\n<div style=\"height:30px\" aria-hidden=\"true\" class=\"wp-block-spacer\"><\/div>\n\n\n\n<hr class=\"wp-block-separator has-css-opacity is-style-wide\"\/>\n\n\n\n<h2 class=\"wp-block-heading\">A\u00f0rar v\u00f8rur<\/h2>\n\n\n\n<div style=\"height:30px\" aria-hidden=\"true\" class=\"wp-block-spacer\"><\/div>\n\n\n\n<div id=\"products-block_a1e39339504c2a65bfdf7f299e94e362\" class=\"beak-products product-list\">\n\t    \n                    \n            \n<a href=\"https:\/\/www.vonin.com\/fo\/product\/vonin-seagull\/\" class=\"product-card post-id-9305\">\n        <div class=\"product-card--content-image\">\n                                        <img loading=\"lazy\" decoding=\"async\" src=\"https:\/\/www.vonin.com\/wp-content\/uploads\/2021\/03\/vonin-pelagic-T1-1-800x450.jpg\" width=\"800\" height=\"450\" alt=\"\" style=\"object-position: \">\n                        <\/div>\n\n        <div class=\"product-card--content-text\">\n                <div class=\"product-card--title\">V\u00f3nin Seagull<\/div>\n\n                <div class=\"product-card--description line-clamp\">Fl\u00f3titrol vi\u00f0 sera v\u00ed\u00f0um og longum belli, f\u00f8rt fyri at fanga st\u00f3rar stimar til fiskiskap \u00ed st\u00f3rum n\u00f8gdum.<\/div>\n        <\/div>\n<\/a>        \n                            \n            \n<a href=\"https:\/\/www.vonin.com\/fo\/product\/vonin-falcon\/\" class=\"product-card post-id-9306\">\n        <div class=\"product-card--content-image\">\n                                        <img loading=\"lazy\" decoding=\"async\" src=\"https:\/\/www.vonin.com\/wp-content\/uploads\/2021\/03\/eydkennismynd-T2-800x403.jpg\" width=\"800\" height=\"403\" alt=\"\" style=\"object-position: \">\n                        <\/div>\n\n        <div class=\"product-card--content-text\">\n                <div class=\"product-card--title\">V\u00f3nin Falcon<\/div>\n\n                <div class=\"product-card--description line-clamp\">Fl\u00f3titrol vi\u00f0 kompaktum belli, l\u00e6tt at mannirera til at fara eftir skj\u00f3tt svimjandi torvum.<\/div>\n        <\/div>\n<\/a>        \n                            \n            \n<a href=\"https:\/\/www.vonin.com\/fo\/product\/vonin-twister\/\" class=\"product-card post-id-9728\">\n        <div class=\"product-card--content-image\">\n                                        <img loading=\"lazy\" decoding=\"async\" src=\"https:\/\/www.vonin.com\/wp-content\/uploads\/2021\/10\/twister-2-800x542.jpg\" width=\"800\" height=\"542\" alt=\"\" style=\"object-position: \">\n                        <\/div>\n\n        <div class=\"product-card--content-text\">\n                <div class=\"product-card--title\">V\u00f3nin Twister<\/div>\n\n                <div class=\"product-card--description line-clamp\">\u013a menningini av teimum n\u00fdggju Twister uppsj\u00f3varlemmunum t\u00f3k V\u00f3nin fr\u00e1 byrjan st\u00f8\u00f0i \u00ed somu meginreglum, sum h\u00f8vdu lagt lunnar undir ta\u00f0 sera v\u00e6l eydna\u00f0a Tornado designi\u00f0.<\/div>\n        <\/div>\n<\/a>        \n            <\/div>\n\n\n<div style=\"height:60px\" aria-hidden=\"true\" class=\"wp-block-spacer\"><\/div>\n\n\n\n<hr class=\"wp-block-separator has-css-opacity is-style-wide\"\/>\n\n\n\n<h2 class=\"wp-block-heading\">S\u00f8lutoymi\u00f0<\/h2>\n\n\n\n<div style=\"height:30px\" aria-hidden=\"true\" class=\"wp-block-spacer\"><\/div>\n\n\n\n<script>\n    employeeBlockData['employees-block_708c3aafab0f35788a512427a0df43bd'] = '[]';\n<\/script>\n\n\n<div id=\"employees-block_708c3aafab0f35788a512427a0df43bd\" class=\"beak-employees\">\n    \n            <div class=\"employee-message-modal--tint\" v-if=\"selectedEmployee\" :class=\"{ 'is-visible': selectedEmployee }\"><\/div>\n<div class=\"employee-message-modal\" v-if=\"selectedEmployee\" :class=\"{ 'is-visible': selectedEmployee }\">\n    <div class=\"employee-message--content\">\n        <a href=\"#\" @click.prevent=\"toggleModal(null)\" class=\"emp-modal-close\"><img decoding=\"async\" src=\"https:\/\/www.vonin.com\/wp-content\/themes\/beak-vonin\/images\/icon-plus.svg\" class=\"injectable\" \/><\/a>\n        <h3 v-if=\"selectedEmployee\">Send teldupost til:<br \/> <b>{{selectedEmployee.title}}<\/b><\/h3>\n\n        <div class=\"form-errors\" v-if=\"formErrors &#038;&#038; formErrors.length &#62; 0\">\n            <ul>\n                <li v-for=\"error in formErrors\">{{error}}<\/li>\n            <\/ul>\n        <\/div>\n\n        <p v-if=\"formSent\"><b>T\u00edni bo\u00f0 eru send.<\/b><\/p>\n\n        <div v-if=\"!formSent\">\n            <div class=\"form-input\">\n                <label>Navn<span class=\"required\">*<\/span><\/label>\n                <input type=\"text\" v-model=\"sendEmailForm.name\" \/>\n            <\/div>\n\n            <div class=\"form-input\">\n                <label>Fyrit\u00f8ka<span class=\"required\">*<\/span><\/label>\n                <input type=\"text\" v-model=\"sendEmailForm.company\" \/>\n            <\/div>\n\n            <div class=\"form-input\">\n                <label>T-post<span class=\"required\">*<\/span><\/label>\n                <input type=\"email\" v-model=\"sendEmailForm.email\" \/>\n            <\/div>\n\n            <div class=\"form-input\">\n                <label>Telefon<span class=\"required\">*<\/span><\/label>\n                <input type=\"text\" v-model=\"sendEmailForm.phone\" \/>\n            <\/div>\n\n            <div class=\"form-input\">\n                <label>Bo\u00f0<span class=\"required\">*<\/span><\/label>\n                <textarea type=\"text\" v-model=\"sendEmailForm.message\"><\/textarea>\n            <\/div>\n\n            <input type=\"hidden\" v-model=\"sendEmailForm.formLumpari\" \/>\n\n            <button @click=\"sendMessage()\" :class=\"{ disabled: formPosting || (formSubmitted &#038;&#038; !formIsValid) }\">Send<\/button>\n        <\/div>\n    <\/div>\n<\/div>    \n            <div class=\"employee-cards\" v-if=\"people\">\n                    <\/div>\n    <\/div>\n\n\n<div style=\"height:60px\" aria-hidden=\"true\" class=\"wp-block-spacer\"><\/div>\n\n\n<div id=\"breadcrumbs-block_ca604c1c25ae74b90d968b5dae0a1446\" class=\"lunnar-breadcrumbs\">\n    \n    <p id=\"breadcrumbs\"><span><span><a href=\"https:\/\/www.vonin.com\/fo\/\">V\u00f3nin<\/a><\/span><\/span><\/p>    \n<\/div>\n","protected":false},"excerpt":{"rendered":"<p>Fulmar er eitt fj\u00f8llbroytt trol, sum kann n\u00fdtast b\u00e6\u00f0i til makrel og sild, og er t\u00ed ein fr\u00e1l\u00edk loysn, t\u00e1 kvoturnar eru avmarka\u00f0ar.<\/p>\n","protected":false},"featured_media":109101,"parent":0,"template":"","tags":[],"product_categories":[27,29],"class_list":["post-109114","product","type-product","status-publish","has-post-thumbnail","hentry","product_categories-fiskivinna","product_categories-flotitrol"],"acf":[],"yoast_head":"<!-- This site is optimized with the Yoast SEO plugin v27.5 - https:\/\/yoast.com\/product\/yoast-seo-wordpress\/ -->\n<title>V\u00f3nin Fulmar - V\u00f3nin<\/title>\n<meta name=\"description\" content=\"Fulmar er eitt fj\u00f8llbroytt trol, sum kann n\u00fdtast b\u00e6\u00f0i til makrel og sild, og er t\u00ed ein fr\u00e1l\u00edk loysn, t\u00e1 kvoturnar eru avmarka\u00f0ar.\" \/>\n<meta name=\"robots\" content=\"index, follow, max-snippet:-1, max-image-preview:large, max-video-preview:-1\" \/>\n<link rel=\"canonical\" href=\"https:\/\/www.vonin.com\/fo\/product\/vonin-fulmar\/\" \/>\n<meta property=\"og:locale\" content=\"fo_FO\" \/>\n<meta property=\"og:type\" content=\"article\" \/>\n<meta property=\"og:title\" content=\"V\u00f3nin Fulmar - V\u00f3nin\" \/>\n<meta property=\"og:description\" content=\"Fulmar er eitt fj\u00f8llbroytt trol, sum kann n\u00fdtast b\u00e6\u00f0i til makrel og sild, og er t\u00ed ein fr\u00e1l\u00edk loysn, t\u00e1 kvoturnar eru avmarka\u00f0ar.\" \/>\n<meta property=\"og:url\" content=\"https:\/\/www.vonin.com\/fo\/product\/vonin-fulmar\/\" \/>\n<meta property=\"og:site_name\" content=\"V\u00f3nin\" \/>\n<meta property=\"article:modified_time\" content=\"2025-04-15T13:05:33+00:00\" \/>\n<meta property=\"og:image\" content=\"https:\/\/www.vonin.com\/wp-content\/uploads\/2024\/01\/fulmar-closeup.jpg\" \/>\n\t<meta property=\"og:image:width\" content=\"1784\" \/>\n\t<meta property=\"og:image:height\" content=\"1106\" \/>\n\t<meta property=\"og:image:type\" content=\"image\/jpeg\" \/>\n<meta name=\"twitter:card\" content=\"summary_large_image\" \/>\n<meta name=\"twitter:label1\" content=\"Est. reading time\" \/>\n\t<meta name=\"twitter:data1\" content=\"2 minutes\" \/>\n<script type=\"application\/ld+json\" class=\"yoast-schema-graph\">{\"@context\":\"https:\\\/\\\/schema.org\",\"@graph\":[{\"@type\":\"WebPage\",\"@id\":\"https:\\\/\\\/www.vonin.com\\\/fo\\\/product\\\/vonin-fulmar\\\/\",\"url\":\"https:\\\/\\\/www.vonin.com\\\/fo\\\/product\\\/vonin-fulmar\\\/\",\"name\":\"V\u00f3nin Fulmar - V\u00f3nin\",\"isPartOf\":{\"@id\":\"https:\\\/\\\/www.vonin.com\\\/#website\"},\"primaryImageOfPage\":{\"@id\":\"https:\\\/\\\/www.vonin.com\\\/fo\\\/product\\\/vonin-fulmar\\\/#primaryimage\"},\"image\":{\"@id\":\"https:\\\/\\\/www.vonin.com\\\/fo\\\/product\\\/vonin-fulmar\\\/#primaryimage\"},\"thumbnailUrl\":\"https:\\\/\\\/www.vonin.com\\\/wp-content\\\/uploads\\\/2024\\\/01\\\/fulmar-closeup.jpg\",\"datePublished\":\"2025-04-15T13:02:39+00:00\",\"dateModified\":\"2025-04-15T13:05:33+00:00\",\"description\":\"Fulmar er eitt fj\u00f8llbroytt trol, sum kann n\u00fdtast b\u00e6\u00f0i til makrel og sild, og er t\u00ed ein fr\u00e1l\u00edk loysn, t\u00e1 kvoturnar eru avmarka\u00f0ar.\",\"breadcrumb\":{\"@id\":\"https:\\\/\\\/www.vonin.com\\\/fo\\\/product\\\/vonin-fulmar\\\/#breadcrumb\"},\"inLanguage\":\"fo-FO\",\"potentialAction\":[{\"@type\":\"ReadAction\",\"target\":[\"https:\\\/\\\/www.vonin.com\\\/fo\\\/product\\\/vonin-fulmar\\\/\"]}]},{\"@type\":\"ImageObject\",\"inLanguage\":\"fo-FO\",\"@id\":\"https:\\\/\\\/www.vonin.com\\\/fo\\\/product\\\/vonin-fulmar\\\/#primaryimage\",\"url\":\"https:\\\/\\\/www.vonin.com\\\/wp-content\\\/uploads\\\/2024\\\/01\\\/fulmar-closeup.jpg\",\"contentUrl\":\"https:\\\/\\\/www.vonin.com\\\/wp-content\\\/uploads\\\/2024\\\/01\\\/fulmar-closeup.jpg\",\"width\":1784,\"height\":1106,\"caption\":\"fulmar-closeup\"},{\"@type\":\"BreadcrumbList\",\"@id\":\"https:\\\/\\\/www.vonin.com\\\/fo\\\/product\\\/vonin-fulmar\\\/#breadcrumb\",\"itemListElement\":[{\"@type\":\"ListItem\",\"position\":1,\"name\":\"V\u00f3nin\",\"item\":\"https:\\\/\\\/www.vonin.com\\\/fo\\\/\"},{\"@type\":\"ListItem\",\"position\":2,\"name\":\"V\u00f8rur\",\"item\":\"https:\\\/\\\/www.vonin.com\\\/product\\\/\"},{\"@type\":\"ListItem\",\"position\":3,\"name\":\"Fiskivinna\",\"item\":\"https:\\\/\\\/www.vonin.com\\\/fo\\\/product-categories\\\/fiskivinna\\\/\"},{\"@type\":\"ListItem\",\"position\":4,\"name\":\"V\u00f3nin Fulmar\"}]},{\"@type\":\"WebSite\",\"@id\":\"https:\\\/\\\/www.vonin.com\\\/#website\",\"url\":\"https:\\\/\\\/www.vonin.com\\\/\",\"name\":\"V\u00f3nin\",\"description\":\"V\u00f3nin is a major developer and manufacturer of high quality fishing gear and aquaculture equipment as well as supplying equipment to the offshore industry and land based industry.\",\"potentialAction\":[{\"@type\":\"SearchAction\",\"target\":{\"@type\":\"EntryPoint\",\"urlTemplate\":\"https:\\\/\\\/www.vonin.com\\\/?s={search_term_string}\"},\"query-input\":{\"@type\":\"PropertyValueSpecification\",\"valueRequired\":true,\"valueName\":\"search_term_string\"}}],\"inLanguage\":\"fo-FO\"}]}<\/script>\n<!-- \/ Yoast SEO plugin. -->","yoast_head_json":{"title":"V\u00f3nin Fulmar - V\u00f3nin","description":"Fulmar er eitt fj\u00f8llbroytt trol, sum kann n\u00fdtast b\u00e6\u00f0i til makrel og sild, og er t\u00ed ein fr\u00e1l\u00edk loysn, t\u00e1 kvoturnar eru avmarka\u00f0ar.","robots":{"index":"index","follow":"follow","max-snippet":"max-snippet:-1","max-image-preview":"max-image-preview:large","max-video-preview":"max-video-preview:-1"},"canonical":"https:\/\/www.vonin.com\/fo\/product\/vonin-fulmar\/","og_locale":"fo_FO","og_type":"article","og_title":"V\u00f3nin Fulmar - V\u00f3nin","og_description":"Fulmar er eitt fj\u00f8llbroytt trol, sum kann n\u00fdtast b\u00e6\u00f0i til makrel og sild, og er t\u00ed ein fr\u00e1l\u00edk loysn, t\u00e1 kvoturnar eru avmarka\u00f0ar.","og_url":"https:\/\/www.vonin.com\/fo\/product\/vonin-fulmar\/","og_site_name":"V\u00f3nin","article_modified_time":"2025-04-15T13:05:33+00:00","og_image":[{"width":1784,"height":1106,"url":"https:\/\/www.vonin.com\/wp-content\/uploads\/2024\/01\/fulmar-closeup.jpg","type":"image\/jpeg"}],"twitter_card":"summary_large_image","twitter_misc":{"Est. reading time":"2 minutes"},"schema":{"@context":"https:\/\/schema.org","@graph":[{"@type":"WebPage","@id":"https:\/\/www.vonin.com\/fo\/product\/vonin-fulmar\/","url":"https:\/\/www.vonin.com\/fo\/product\/vonin-fulmar\/","name":"V\u00f3nin Fulmar - V\u00f3nin","isPartOf":{"@id":"https:\/\/www.vonin.com\/#website"},"primaryImageOfPage":{"@id":"https:\/\/www.vonin.com\/fo\/product\/vonin-fulmar\/#primaryimage"},"image":{"@id":"https:\/\/www.vonin.com\/fo\/product\/vonin-fulmar\/#primaryimage"},"thumbnailUrl":"https:\/\/www.vonin.com\/wp-content\/uploads\/2024\/01\/fulmar-closeup.jpg","datePublished":"2025-04-15T13:02:39+00:00","dateModified":"2025-04-15T13:05:33+00:00","description":"Fulmar er eitt fj\u00f8llbroytt trol, sum kann n\u00fdtast b\u00e6\u00f0i til makrel og sild, og er t\u00ed ein fr\u00e1l\u00edk loysn, t\u00e1 kvoturnar eru avmarka\u00f0ar.","breadcrumb":{"@id":"https:\/\/www.vonin.com\/fo\/product\/vonin-fulmar\/#breadcrumb"},"inLanguage":"fo-FO","potentialAction":[{"@type":"ReadAction","target":["https:\/\/www.vonin.com\/fo\/product\/vonin-fulmar\/"]}]},{"@type":"ImageObject","inLanguage":"fo-FO","@id":"https:\/\/www.vonin.com\/fo\/product\/vonin-fulmar\/#primaryimage","url":"https:\/\/www.vonin.com\/wp-content\/uploads\/2024\/01\/fulmar-closeup.jpg","contentUrl":"https:\/\/www.vonin.com\/wp-content\/uploads\/2024\/01\/fulmar-closeup.jpg","width":1784,"height":1106,"caption":"fulmar-closeup"},{"@type":"BreadcrumbList","@id":"https:\/\/www.vonin.com\/fo\/product\/vonin-fulmar\/#breadcrumb","itemListElement":[{"@type":"ListItem","position":1,"name":"V\u00f3nin","item":"https:\/\/www.vonin.com\/fo\/"},{"@type":"ListItem","position":2,"name":"V\u00f8rur","item":"https:\/\/www.vonin.com\/product\/"},{"@type":"ListItem","position":3,"name":"Fiskivinna","item":"https:\/\/www.vonin.com\/fo\/product-categories\/fiskivinna\/"},{"@type":"ListItem","position":4,"name":"V\u00f3nin Fulmar"}]},{"@type":"WebSite","@id":"https:\/\/www.vonin.com\/#website","url":"https:\/\/www.vonin.com\/","name":"V\u00f3nin","description":"V\u00f3nin is a major developer and manufacturer of high quality fishing gear and aquaculture equipment as well as supplying equipment to the offshore industry and land based industry.","potentialAction":[{"@type":"SearchAction","target":{"@type":"EntryPoint","urlTemplate":"https:\/\/www.vonin.com\/?s={search_term_string}"},"query-input":{"@type":"PropertyValueSpecification","valueRequired":true,"valueName":"search_term_string"}}],"inLanguage":"fo-FO"}]}},"_links":{"self":[{"href":"https:\/\/www.vonin.com\/fo\/wp-json\/wp\/v2\/product\/109114","targetHints":{"allow":["GET"]}}],"collection":[{"href":"https:\/\/www.vonin.com\/fo\/wp-json\/wp\/v2\/product"}],"about":[{"href":"https:\/\/www.vonin.com\/fo\/wp-json\/wp\/v2\/types\/product"}],"wp:featuredmedia":[{"embeddable":true,"href":"https:\/\/www.vonin.com\/fo\/wp-json\/wp\/v2\/media\/109101"}],"wp:attachment":[{"href":"https:\/\/www.vonin.com\/fo\/wp-json\/wp\/v2\/media?parent=109114"}],"wp:term":[{"taxonomy":"post_tag","embeddable":true,"href":"https:\/\/www.vonin.com\/fo\/wp-json\/wp\/v2\/tags?post=109114"},{"taxonomy":"product_categories","embeddable":true,"href":"https:\/\/www.vonin.com\/fo\/wp-json\/wp\/v2\/product_categories?post=109114"}],"curies":[{"name":"wp","href":"https:\/\/api.w.org\/{rel}","templated":true}]}}