{"id":9853,"date":"2022-05-09T13:10:43","date_gmt":"2022-05-09T13:10:43","guid":{"rendered":"https:\/\/www.vonin.com\/?page_id=9853"},"modified":"2025-10-08T14:43:54","modified_gmt":"2025-10-08T14:43:54","slug":"skiljiristir","status":"publish","type":"page","link":"https:\/\/www.vonin.com\/fo\/fiskivinna\/skiljiristir\/","title":{"rendered":"Skiljiristir"},"content":{"rendered":"\n\n    <div id=\"video-cover-block_cf25a5d2e22c833b49a43316abdceebd\" class=\"beak-video-cover alignfull content-top\" style=\" min-height: 100vh;\">\n        \n        <div class=\"video-placeholder\" data-video-src=\"https:\/\/player.vimeo.com\/external\/533937584.hd.mp4?s=5178e1fadd9f2c040bd2ff3e3ccfe812c497955d&#038;profile_id=175\">\n            <!-- You can add a thumbnail or any placeholder content here -->\n        <\/div>\n\n        <div class=\"cover--content container\">\n            \n\n<h2 class=\"wp-block-heading has-text-align-center\"><strong>Skiljiristir<\/strong><\/h2>\n\n\n\n<h4 class=\"wp-block-heading has-text-align-center\">fyri st\u00f8rri bur\u00f0ardygd<\/h4>\n\n\n\n<p><\/p>\n\n\n        <\/div>\n    <\/div>\n\n\n\n<div id=\"breadcrumbs-block_b63e30e5d79bab37da668ca4ddb4e794\" class=\"lunnar-breadcrumbs\">\n    \n    <p id=\"breadcrumbs\"><span><span><a href=\"https:\/\/www.vonin.com\/fo\/\">V\u00f3nin<\/a><\/span><\/span><\/p>    \n<\/div>\n\n\n\n<p class=\"has-text-align-center\"><\/p>\n\n\n\n<div style=\"height:30px\" aria-hidden=\"true\" class=\"wp-block-spacer\"><\/div>\n\n\n\n<hr class=\"wp-block-separator has-css-opacity\"\/>\n\n\n\n<div style=\"height:30px\" aria-hidden=\"true\" class=\"wp-block-spacer\"><\/div>\n\n\n\n<blockquote class=\"wp-block-quote has-text-align-center is-style-large is-layout-flow wp-block-quote-is-layout-flow\">\n<p>\u00c1 n\u00f3gvum \u00f8kjum er ta\u00f0 eitt l\u00f3garkrav at br\u00faka rist til at skilja fr\u00e1 \u00f3ynskta hj\u00e1vei\u00f0u og at gera fiskar\u00edi\u00f0 meira bur\u00f0ardygt. V\u00f3nin kann v\u00edsa \u00e1 avrik yvir mong \u00e1r innan framlei\u00f0slu av skiljiristum.<\/p>\n<\/blockquote>\n\n\n\n<div style=\"height:30px\" aria-hidden=\"true\" class=\"wp-block-spacer\"><\/div>\n\n\n\n<hr class=\"wp-block-separator has-css-opacity is-style-wide\"\/>\n\n\n\n<div style=\"height:30px\" aria-hidden=\"true\" class=\"wp-block-spacer\"><\/div>\n\n\n\n<div id=\"products-block_4ed72c5fcbd2aca524871721c6fdcc36\" class=\"beak-products alignleft product-list\">\n\t    \n                    \n            \n<a href=\"https:\/\/www.vonin.com\/fo\/product\/vonin-flexi-rist\/\" class=\"product-card post-id-9852\">\n        <div class=\"product-card--content-image\">\n                                        <img loading=\"lazy\" decoding=\"async\" src=\"https:\/\/www.vonin.com\/wp-content\/uploads\/2021\/02\/Vonin-flexigrid-800x600.jpg\" width=\"800\" height=\"600\" alt=\"\" style=\"object-position: \">\n                        <\/div>\n\n        <div class=\"product-card--content-text\">\n                <div class=\"product-card--title\">V\u00f3nin Flexi rist<\/div>\n\n                <div class=\"product-card--description line-clamp\">Flexi ristin er ein skiljirist til pelagiska fiskivei\u00f0u til at skilja rundfisk fr\u00e1 vei\u00f0u av uppsj\u00f3var fiskasl\u00f8gum. Ristin hevur v\u00edst fr\u00e1l\u00edkar skiljieginleikar og er l\u00f3garkravd \u00e1 summum \u00f8kjum.<\/div>\n        <\/div>\n<\/a>        \n                            \n            \n<a href=\"https:\/\/www.vonin.com\/fo\/product\/raekjurist\/\" class=\"product-card post-id-10004\">\n        <div class=\"product-card--content-image\">\n                                        <img loading=\"lazy\" decoding=\"async\" src=\"https:\/\/www.vonin.com\/wp-content\/uploads\/2021\/02\/vonin-shrimp-grid-3-800x636.jpg\" width=\"800\" height=\"636\" alt=\"\" style=\"object-position: \">\n                        <\/div>\n\n        <div class=\"product-card--content-text\">\n                <div class=\"product-card--title\">R\u00e6kjurist<\/div>\n\n                <div class=\"product-card--description line-clamp\"> l\u00f3garkravd til at br\u00faka skiljirist, eitt n\u00fa t\u00e1 tey fiska r\u00e6kjur \u00ed Kanada, Gr\u00f8nlandi og Noreg.<\/div>\n        <\/div>\n<\/a>        \n            <\/div>\n\n\n<div style=\"height:30px\" aria-hidden=\"true\" class=\"wp-block-spacer\"><\/div>\n\n\n\n<hr class=\"wp-block-separator has-css-opacity is-style-wide\"\/>\n\n\n\n<h2 class=\"wp-block-heading\">S\u00f8lutoymi\u00f0<\/h2>\n\n\n\n<div style=\"height:30px\" aria-hidden=\"true\" class=\"wp-block-spacer\"><\/div>\n\n\n\n<script>\n    employeeBlockData['employees-block_253dc9fd5b3af55c3beab2659ea3369b'] = '[{\"title\":\"\\u00d3li Horn\",\"job_title\":\"S\\u00f8lulei\\u00f0ari - Botn- og r\\u00e6kjutrol\",\"phone\":\"+298 230 225\",\"email\":\"oh@vonin.com\",\"permalink\":\"https:\\\/\\\/www.vonin.com\\\/fo\\\/contacts\\\/oli-horn\\\/\",\"post_id\":9330,\"thumbnail_id\":9118,\"image\":\"https:\\\/\\\/www.vonin.com\\\/wp-content\\\/uploads\\\/2021\\\/03\\\/oli-3-800x534.jpg\",\"image_width\":800,\"image_height\":534,\"focal_points\":\"53.8603% 5.3750%\"},{\"title\":\"\\u00d3li \\u00e1 Gravarb\\u00f8\",\"job_title\":\"S\\u00f8lu- og rakstrarlei\\u00f0ari - Fl\\u00f3titrol\",\"phone\":\"+298 230 223\",\"email\":\"og@vonin.com\",\"permalink\":\"https:\\\/\\\/www.vonin.com\\\/fo\\\/contacts\\\/oli-a-gravarbo\\\/\",\"post_id\":9333,\"thumbnail_id\":9263,\"image\":\"https:\\\/\\\/www.vonin.com\\\/wp-content\\\/uploads\\\/2021\\\/10\\\/Oli-G-800x534.jpg\",\"image_width\":800,\"image_height\":534,\"focal_points\":\"48.0240% 2.2750%\"},{\"title\":\"J\\u00f3gvan S. Jacobsen\",\"job_title\":\"S\\u00f8lulei\\u00f0ari - Fl\\u00f3titrol\",\"phone\":\"+298 217 846\",\"email\":\"jsj@vonin.com\",\"permalink\":\"https:\\\/\\\/www.vonin.com\\\/fo\\\/contacts\\\/jogvan-s-jacobsen\\\/\",\"post_id\":27830,\"thumbnail_id\":29582,\"image\":\"https:\\\/\\\/www.vonin.com\\\/wp-content\\\/uploads\\\/2023\\\/12\\\/Jogvan-J-800x533.jpg\",\"image_width\":800,\"image_height\":533,\"focal_points\":\"52.7823% 2.4650%\"},{\"title\":\"Oddmar \\u00d8rvarodd\",\"job_title\":\"Teknikari - Trol\",\"phone\":\"+298 230 227\",\"email\":\"oo@vonin.com\",\"permalink\":\"https:\\\/\\\/www.vonin.com\\\/fo\\\/contacts\\\/oddmar-orvarodd\\\/\",\"post_id\":9332,\"thumbnail_id\":8995,\"image\":\"https:\\\/\\\/www.vonin.com\\\/wp-content\\\/uploads\\\/2021\\\/03\\\/oddmar-800x534.jpg\",\"image_width\":800,\"image_height\":534,\"focal_points\":\"51.1923% 2.8750%\"},{\"title\":\"Jan Klein\",\"job_title\":\"S\\u00f8lulei\\u00f0ari - Botntrol\",\"phone\":\"+298 230 125\",\"email\":\"\",\"permalink\":\"https:\\\/\\\/www.vonin.com\\\/fo\\\/contacts\\\/jan-klein\\\/\",\"post_id\":9331,\"thumbnail_id\":8965,\"image\":\"https:\\\/\\\/www.vonin.com\\\/wp-content\\\/uploads\\\/2021\\\/03\\\/jan-2-800x534.jpg\",\"image_width\":800,\"image_height\":534,\"focal_points\":\"42.5213% 1.8750%\"},{\"title\":\"Kristen Friis\",\"job_title\":\"S\\u00f8lulei\\u00f0ari - Botntrol\",\"phone\":\"+298 230 224\",\"email\":\"kf@vonin.com\",\"permalink\":\"https:\\\/\\\/www.vonin.com\\\/fo\\\/contacts\\\/kristen-friis\\\/\",\"post_id\":10667,\"thumbnail_id\":11855,\"image\":\"https:\\\/\\\/www.vonin.com\\\/wp-content\\\/uploads\\\/2022\\\/08\\\/kristin-800x533.jpg\",\"image_width\":800,\"image_height\":533,\"focal_points\":\"47.7875% 2.8250%\"}]';\n<\/script>\n\n\n<div id=\"employees-block_253dc9fd5b3af55c3beab2659ea3369b\" class=\"beak-employees\">\n    \n            <div class=\"employee-message-modal--tint\" v-if=\"selectedEmployee\" :class=\"{ 'is-visible': selectedEmployee }\"><\/div>\n<div class=\"employee-message-modal\" v-if=\"selectedEmployee\" :class=\"{ 'is-visible': selectedEmployee }\">\n    <div class=\"employee-message--content\">\n        <a href=\"#\" @click.prevent=\"toggleModal(null)\" class=\"emp-modal-close\"><img decoding=\"async\" src=\"https:\/\/www.vonin.com\/wp-content\/themes\/beak-vonin\/images\/icon-plus.svg\" class=\"injectable\" \/><\/a>\n        <h3 v-if=\"selectedEmployee\">Send teldupost til:<br \/> <b>{{selectedEmployee.title}}<\/b><\/h3>\n\n        <div class=\"form-errors\" v-if=\"formErrors &#038;&#038; formErrors.length &#62; 0\">\n            <ul>\n                <li v-for=\"error in formErrors\">{{error}}<\/li>\n            <\/ul>\n        <\/div>\n\n        <p v-if=\"formSent\"><b>T\u00edni bo\u00f0 eru send.<\/b><\/p>\n\n        <div v-if=\"!formSent\">\n            <div class=\"form-input\">\n                <label>Navn<span class=\"required\">*<\/span><\/label>\n                <input type=\"text\" v-model=\"sendEmailForm.name\" \/>\n            <\/div>\n\n            <div class=\"form-input\">\n                <label>Fyrit\u00f8ka<span class=\"required\">*<\/span><\/label>\n                <input type=\"text\" v-model=\"sendEmailForm.company\" \/>\n            <\/div>\n\n            <div class=\"form-input\">\n                <label>T-post<span class=\"required\">*<\/span><\/label>\n                <input type=\"email\" v-model=\"sendEmailForm.email\" \/>\n            <\/div>\n\n            <div class=\"form-input\">\n                <label>Telefon<span class=\"required\">*<\/span><\/label>\n                <input type=\"text\" v-model=\"sendEmailForm.phone\" \/>\n            <\/div>\n\n            <div class=\"form-input\">\n                <label>Bo\u00f0<span class=\"required\">*<\/span><\/label>\n                <textarea type=\"text\" v-model=\"sendEmailForm.message\"><\/textarea>\n            <\/div>\n\n            <input type=\"hidden\" v-model=\"sendEmailForm.formLumpari\" \/>\n\n            <button @click=\"sendMessage()\" :class=\"{ disabled: formPosting || (formSubmitted &#038;&#038; !formIsValid) }\">Send<\/button>\n        <\/div>\n    <\/div>\n<\/div>    \n            <div class=\"employee-cards\" v-if=\"people\">\n            <div v-for=\"(employee, index) in people\" class=\"employee-card swiper-slide\">\n    <div v-if=\"employee.image\" class=\"employee-card--content-image\">\n        <img v-if=\"employee.image\" :src=\"employee.image\" alt=\"\" :width=\"employee.image_width\" :height=\"employee.image_height\" :style=\"`object-position: ${employee.focal_points}`\" \/>\n    <\/div>\n\n    <div class=\"employee-card--content-text\">\n        <div v-if=\"employee.title\" class=\"employee-name\">{{ employee.title }}<\/div>\n\n        <div v-if=\"employee.people_locations?.length\" class=\"employee-location\">{{ getLocations(employee) }}<\/div>\n\n        <div v-if=\"employee.job_title\" class=\"employee-title\">{{ employee.job_title }}<\/div>\n\n        <div class=\"employee-contact\">\n            <div v-if=\"employee.phone\" class=\"employee-contact--item employee-contact--phone\">\n                <span>Telefon:<\/span>\n\n                <a :href=\"'tel:'+employee.phone\">{{ employee.phone }}<\/a>\n            <\/div>\n\n            <a href=\"#\" @click.prevent=\"toggleModal(employee)\" class=\"employee-send-email\">Send teldupost<\/a>\n        <\/div>\n    <\/div>\n<\/div>        <\/div>\n    <\/div>\n\n\n<div style=\"height:60px\" aria-hidden=\"true\" class=\"wp-block-spacer\"><\/div>\n\n\n<div id=\"breadcrumbs-block_b63e30e5d79bab37da668ca4ddb4e794\" class=\"lunnar-breadcrumbs\">\n    \n    <p id=\"breadcrumbs\"><span><span><a href=\"https:\/\/www.vonin.com\/fo\/\">V\u00f3nin<\/a><\/span><\/span><\/p>    \n<\/div>\n","protected":false},"excerpt":{"rendered":"<p>\u00c1 n\u00f3gvum \u00f8kjum er ta\u00f0 eitt l\u00f3garkrav at br\u00faka rist til at skilja fr\u00e1 \u00f3ynskta hj\u00e1vei\u00f0u og at gera fiskar\u00edi\u00f0 meira bur\u00f0ardygt. V\u00f3nin kann v\u00edsa \u00e1 avrik yvir mong \u00e1r innan framlei\u00f0slu av skiljiristum. S\u00f8lutoymi\u00f0<\/p>\n","protected":false},"author":3,"featured_media":0,"parent":9297,"menu_order":0,"comment_status":"closed","ping_status":"closed","template":"","meta":{"_acf_changed":false,"content-type":"","footnotes":""},"class_list":["post-9853","page","type-page","status-publish","hentry"],"acf":[],"yoast_head":"<!-- This site is optimized with the Yoast SEO plugin v27.6 - https:\/\/yoast.com\/product\/yoast-seo-wordpress\/ -->\n<title>Skiljiristir - Fyri st\u00f8rri bur\u00f0ardygd - V\u00f3nin<\/title>\n<meta name=\"description\" content=\"Skiljiristir - V\u00f3nin framlei\u00f0ir skiljiristir til b\u00e6\u00f0i r\u00e6kjufiskiskap og uppsj\u00f3varfiskiskap, vi\u00f0 dygd og bur\u00f0ardygd \u00ed huga.\" \/>\n<meta name=\"robots\" content=\"index, follow, max-snippet:-1, max-image-preview:large, max-video-preview:-1\" \/>\n<link rel=\"canonical\" href=\"https:\/\/www.vonin.com\/fo\/fiskivinna\/skiljiristir\/\" \/>\n<meta property=\"og:locale\" content=\"fo_FO\" \/>\n<meta property=\"og:type\" content=\"article\" \/>\n<meta property=\"og:title\" content=\"Skiljiristir - Fyri st\u00f8rri bur\u00f0ardygd - V\u00f3nin\" \/>\n<meta property=\"og:description\" content=\"Skiljiristir - V\u00f3nin framlei\u00f0ir skiljiristir til b\u00e6\u00f0i r\u00e6kjufiskiskap og uppsj\u00f3varfiskiskap, vi\u00f0 dygd og bur\u00f0ardygd \u00ed huga.\" \/>\n<meta property=\"og:url\" content=\"https:\/\/www.vonin.com\/fo\/fiskivinna\/skiljiristir\/\" \/>\n<meta property=\"og:site_name\" content=\"V\u00f3nin\" \/>\n<meta property=\"article:modified_time\" content=\"2025-10-08T14:43:54+00:00\" \/>\n<meta name=\"twitter:card\" content=\"summary_large_image\" \/>\n<meta name=\"twitter:label1\" content=\"Est. reading time\" \/>\n\t<meta name=\"twitter:data1\" content=\"1 minute\" \/>\n<script type=\"application\/ld+json\" class=\"yoast-schema-graph\">{\"@context\":\"https:\\\/\\\/schema.org\",\"@graph\":[{\"@type\":\"WebPage\",\"@id\":\"https:\\\/\\\/www.vonin.com\\\/fo\\\/fiskivinna\\\/skiljiristir\\\/\",\"url\":\"https:\\\/\\\/www.vonin.com\\\/fo\\\/fiskivinna\\\/skiljiristir\\\/\",\"name\":\"Skiljiristir - Fyri st\u00f8rri bur\u00f0ardygd - V\u00f3nin\",\"isPartOf\":{\"@id\":\"https:\\\/\\\/www.vonin.com\\\/#website\"},\"datePublished\":\"2022-05-09T13:10:43+00:00\",\"dateModified\":\"2025-10-08T14:43:54+00:00\",\"description\":\"Skiljiristir - V\u00f3nin framlei\u00f0ir skiljiristir til b\u00e6\u00f0i r\u00e6kjufiskiskap og uppsj\u00f3varfiskiskap, vi\u00f0 dygd og bur\u00f0ardygd \u00ed huga.\",\"breadcrumb\":{\"@id\":\"https:\\\/\\\/www.vonin.com\\\/fo\\\/fiskivinna\\\/skiljiristir\\\/#breadcrumb\"},\"inLanguage\":\"fo-FO\",\"potentialAction\":[{\"@type\":\"ReadAction\",\"target\":[\"https:\\\/\\\/www.vonin.com\\\/fo\\\/fiskivinna\\\/skiljiristir\\\/\"]}]},{\"@type\":\"BreadcrumbList\",\"@id\":\"https:\\\/\\\/www.vonin.com\\\/fo\\\/fiskivinna\\\/skiljiristir\\\/#breadcrumb\",\"itemListElement\":[{\"@type\":\"ListItem\",\"position\":1,\"name\":\"V\u00f3nin\",\"item\":\"https:\\\/\\\/www.vonin.com\\\/fo\\\/\"},{\"@type\":\"ListItem\",\"position\":2,\"name\":\"Fiskivinna\",\"item\":\"https:\\\/\\\/www.vonin.com\\\/fo\\\/fiskivinna\\\/\"},{\"@type\":\"ListItem\",\"position\":3,\"name\":\"Skiljiristir\"}]},{\"@type\":\"WebSite\",\"@id\":\"https:\\\/\\\/www.vonin.com\\\/#website\",\"url\":\"https:\\\/\\\/www.vonin.com\\\/\",\"name\":\"V\u00f3nin\",\"description\":\"V\u00f3nin is a major developer and manufacturer of high quality fishing gear and aquaculture equipment as well as supplying equipment to the offshore industry and land based industry.\",\"potentialAction\":[{\"@type\":\"SearchAction\",\"target\":{\"@type\":\"EntryPoint\",\"urlTemplate\":\"https:\\\/\\\/www.vonin.com\\\/?s={search_term_string}\"},\"query-input\":{\"@type\":\"PropertyValueSpecification\",\"valueRequired\":true,\"valueName\":\"search_term_string\"}}],\"inLanguage\":\"fo-FO\"}]}<\/script>\n<!-- \/ Yoast SEO plugin. -->","yoast_head_json":{"title":"Skiljiristir - Fyri st\u00f8rri bur\u00f0ardygd - V\u00f3nin","description":"Skiljiristir - V\u00f3nin framlei\u00f0ir skiljiristir til b\u00e6\u00f0i r\u00e6kjufiskiskap og uppsj\u00f3varfiskiskap, vi\u00f0 dygd og bur\u00f0ardygd \u00ed huga.","robots":{"index":"index","follow":"follow","max-snippet":"max-snippet:-1","max-image-preview":"max-image-preview:large","max-video-preview":"max-video-preview:-1"},"canonical":"https:\/\/www.vonin.com\/fo\/fiskivinna\/skiljiristir\/","og_locale":"fo_FO","og_type":"article","og_title":"Skiljiristir - Fyri st\u00f8rri bur\u00f0ardygd - V\u00f3nin","og_description":"Skiljiristir - V\u00f3nin framlei\u00f0ir skiljiristir til b\u00e6\u00f0i r\u00e6kjufiskiskap og uppsj\u00f3varfiskiskap, vi\u00f0 dygd og bur\u00f0ardygd \u00ed huga.","og_url":"https:\/\/www.vonin.com\/fo\/fiskivinna\/skiljiristir\/","og_site_name":"V\u00f3nin","article_modified_time":"2025-10-08T14:43:54+00:00","twitter_card":"summary_large_image","twitter_misc":{"Est. reading time":"1 minute"},"schema":{"@context":"https:\/\/schema.org","@graph":[{"@type":"WebPage","@id":"https:\/\/www.vonin.com\/fo\/fiskivinna\/skiljiristir\/","url":"https:\/\/www.vonin.com\/fo\/fiskivinna\/skiljiristir\/","name":"Skiljiristir - Fyri st\u00f8rri bur\u00f0ardygd - V\u00f3nin","isPartOf":{"@id":"https:\/\/www.vonin.com\/#website"},"datePublished":"2022-05-09T13:10:43+00:00","dateModified":"2025-10-08T14:43:54+00:00","description":"Skiljiristir - V\u00f3nin framlei\u00f0ir skiljiristir til b\u00e6\u00f0i r\u00e6kjufiskiskap og uppsj\u00f3varfiskiskap, vi\u00f0 dygd og bur\u00f0ardygd \u00ed huga.","breadcrumb":{"@id":"https:\/\/www.vonin.com\/fo\/fiskivinna\/skiljiristir\/#breadcrumb"},"inLanguage":"fo-FO","potentialAction":[{"@type":"ReadAction","target":["https:\/\/www.vonin.com\/fo\/fiskivinna\/skiljiristir\/"]}]},{"@type":"BreadcrumbList","@id":"https:\/\/www.vonin.com\/fo\/fiskivinna\/skiljiristir\/#breadcrumb","itemListElement":[{"@type":"ListItem","position":1,"name":"V\u00f3nin","item":"https:\/\/www.vonin.com\/fo\/"},{"@type":"ListItem","position":2,"name":"Fiskivinna","item":"https:\/\/www.vonin.com\/fo\/fiskivinna\/"},{"@type":"ListItem","position":3,"name":"Skiljiristir"}]},{"@type":"WebSite","@id":"https:\/\/www.vonin.com\/#website","url":"https:\/\/www.vonin.com\/","name":"V\u00f3nin","description":"V\u00f3nin is a major developer and manufacturer of high quality fishing gear and aquaculture equipment as well as supplying equipment to the offshore industry and land based industry.","potentialAction":[{"@type":"SearchAction","target":{"@type":"EntryPoint","urlTemplate":"https:\/\/www.vonin.com\/?s={search_term_string}"},"query-input":{"@type":"PropertyValueSpecification","valueRequired":true,"valueName":"search_term_string"}}],"inLanguage":"fo-FO"}]}},"_links":{"self":[{"href":"https:\/\/www.vonin.com\/fo\/wp-json\/wp\/v2\/pages\/9853","targetHints":{"allow":["GET"]}}],"collection":[{"href":"https:\/\/www.vonin.com\/fo\/wp-json\/wp\/v2\/pages"}],"about":[{"href":"https:\/\/www.vonin.com\/fo\/wp-json\/wp\/v2\/types\/page"}],"author":[{"embeddable":true,"href":"https:\/\/www.vonin.com\/fo\/wp-json\/wp\/v2\/users\/3"}],"replies":[{"embeddable":true,"href":"https:\/\/www.vonin.com\/fo\/wp-json\/wp\/v2\/comments?post=9853"}],"version-history":[{"count":4,"href":"https:\/\/www.vonin.com\/fo\/wp-json\/wp\/v2\/pages\/9853\/revisions"}],"predecessor-version":[{"id":17284,"href":"https:\/\/www.vonin.com\/fo\/wp-json\/wp\/v2\/pages\/9853\/revisions\/17284"}],"up":[{"embeddable":true,"href":"https:\/\/www.vonin.com\/fo\/wp-json\/wp\/v2\/pages\/9297"}],"wp:attachment":[{"href":"https:\/\/www.vonin.com\/fo\/wp-json\/wp\/v2\/media?parent=9853"}],"curies":[{"name":"wp","href":"https:\/\/api.w.org\/{rel}","templated":true}]}}