{"id":9622,"date":"2022-05-09T13:12:14","date_gmt":"2022-05-09T13:12:14","guid":{"rendered":"https:\/\/www.vonin.com\/?page_id=9622"},"modified":"2025-10-08T14:37:35","modified_gmt":"2025-10-08T14:37:35","slug":"lemmar","status":"publish","type":"page","link":"https:\/\/www.vonin.com\/fo\/fiskivinna\/lemmar\/","title":{"rendered":"Lemmar"},"content":{"rendered":"\n<div class=\"wp-block-cover alignfull\" style=\"min-height:617px;aspect-ratio:unset;\"><span aria-hidden=\"true\" class=\"wp-block-cover__background has-black-background-color has-background-dim-30 has-background-dim\"><\/span><img loading=\"lazy\" decoding=\"async\" width=\"2560\" height=\"1350\" class=\"wp-block-cover__image-background wp-image-39332\" alt=\"\" src=\"https:\/\/www.vonin.com\/wp-content\/uploads\/2024\/06\/Twister.jpg\" data-object-fit=\"cover\" srcset=\"https:\/\/www.vonin.com\/wp-content\/uploads\/2024\/06\/Twister.jpg 2560w, https:\/\/www.vonin.com\/wp-content\/uploads\/2024\/06\/Twister-800x422.jpg 800w, https:\/\/www.vonin.com\/wp-content\/uploads\/2024\/06\/Twister-1600x844.jpg 1600w, https:\/\/www.vonin.com\/wp-content\/uploads\/2024\/06\/Twister-768x405.jpg 768w, https:\/\/www.vonin.com\/wp-content\/uploads\/2024\/06\/Twister-200x105.jpg 200w, https:\/\/www.vonin.com\/wp-content\/uploads\/2024\/06\/Twister-1536x810.jpg 1536w, https:\/\/www.vonin.com\/wp-content\/uploads\/2024\/06\/Twister-2048x1080.jpg 2048w\" sizes=\"auto, (max-width: 2560px) 100vw, 2560px\" \/><div class=\"wp-block-cover__inner-container is-layout-flow wp-block-cover-is-layout-flow\">\n<h1 class=\"wp-block-heading has-text-align-center has-large-font-size\">Lemmar<\/h1>\n<\/div><\/div>\n\n\n<div id=\"breadcrumbs-block_57ed60b51262cf560cb14249287ccacb\" class=\"lunnar-breadcrumbs\">\n    \n    <p id=\"breadcrumbs\"><span><span><a href=\"https:\/\/www.vonin.com\/fo\/\">V\u00f3nin<\/a><\/span><\/span><\/p>    \n<\/div>\n\n\n\n<div style=\"height:60px\" aria-hidden=\"true\" class=\"wp-block-spacer\"><\/div>\n\n\n\n<h2 class=\"wp-block-heading\" id=\"nyskapandi-trolhurdar\">N\u00fdskapandi trolhur\u00f0ar<\/h2>\n\n\n\n<p>T\u00e1 vit avgj\u00f8rdu at fara undir at framlei\u00f0a okkara egnu trolhur\u00f0ar, vildu vit ikki bert gera okkurt sum \u00f8ll hini gj\u00f8rdu \u2014 vit vildu vera n\u00fdskapandi og heilt einfalt gera lemmar, sum eru betri upp \u00e1 allar m\u00e1tar.<\/p>\n\n\n\n<div style=\"height:30px\" aria-hidden=\"true\" class=\"wp-block-spacer\"><\/div>\n\n\n\n<hr class=\"wp-block-separator has-css-opacity is-style-wide\"\/>\n\n\n\n<div style=\"height:30px\" aria-hidden=\"true\" class=\"wp-block-spacer\"><\/div>\n\n\n\n<div id=\"products-block_a9cd06becd1779bd3426a2158d52bc46\" class=\"beak-products product-list\">\n\t    \n                    \n            \n<a href=\"https:\/\/www.vonin.com\/fo\/product\/vonin-storm\/\" class=\"product-card post-id-9725\">\n        <div class=\"product-card--content-image\">\n                                        <img loading=\"lazy\" decoding=\"async\" src=\"https:\/\/www.vonin.com\/wp-content\/uploads\/2021\/02\/vonin-storm-trawl-doors-800x584.jpg\" width=\"800\" height=\"584\" alt=\"\" style=\"object-position: \">\n                        <\/div>\n\n        <div class=\"product-card--content-text\">\n                <div class=\"product-card--title\">V\u00f3nin Storm<\/div>\n\n                <div class=\"product-card--description line-clamp\">T\u00e1 V\u00f3nin f\u00f3r undir at kanna markna\u00f0in fyri trolhur\u00f0ar, byrja\u00f0u sni\u00f0gevararnir hj\u00e1 felagnum vi\u00f0 einum lista yvir \u00f8ll kr\u00f8v til eitt n\u00fdtt trolhur\u00f0adesign. Lemmarnir skuldi uppfylla t\u00f8rvin hj\u00e1 botntrolarum, i\u00f0 royna \u00e1 torf\u00f8rum fiskilei\u00f0um vi\u00f0 gr\u00fdtunum botnlendi og \u00ed \u00f8kjum, har hav\u00edsur kann vera ein gerandis avbj\u00f3\u00f0ing.<\/div>\n        <\/div>\n<\/a>        \n                            \n            \n<a href=\"https:\/\/www.vonin.com\/fo\/product\/vonin-tornado\/\" class=\"product-card post-id-9727\">\n        <div class=\"product-card--content-image\">\n                                        <img loading=\"lazy\" decoding=\"async\" src=\"https:\/\/www.vonin.com\/wp-content\/uploads\/2021\/02\/Tornado-trawl-doors-Christina-S-Resolute-800x533.jpg\" width=\"800\" height=\"533\" alt=\"\" style=\"object-position: \">\n                        <\/div>\n\n        <div class=\"product-card--content-text\">\n                <div class=\"product-card--title\">V\u00f3nin Tornado<\/div>\n\n                <div class=\"product-card--description line-clamp\">Tornado lemmarnir eru \u00f8\u00f0rv\u00edsi og n\u00fdskapandi. Hetta pelagiska trolhur\u00f0a sni\u00f0i\u00f0 hevur eina samanseting av fimm kanalum og t\u00ed kollveltandi, patentera\u00f0u Flow Booster t\u00f8knini.<\/div>\n        <\/div>\n<\/a>        \n                            \n            \n<a href=\"https:\/\/www.vonin.com\/fo\/product\/vonin-twister\/\" class=\"product-card post-id-9728\">\n        <div class=\"product-card--content-image\">\n                                        <img loading=\"lazy\" decoding=\"async\" src=\"https:\/\/www.vonin.com\/wp-content\/uploads\/2021\/10\/twister-2-800x542.jpg\" width=\"800\" height=\"542\" alt=\"\" style=\"object-position: \">\n                        <\/div>\n\n        <div class=\"product-card--content-text\">\n                <div class=\"product-card--title\">V\u00f3nin Twister<\/div>\n\n                <div class=\"product-card--description line-clamp\">\u013a menningini av teimum n\u00fdggju Twister uppsj\u00f3varlemmunum t\u00f3k V\u00f3nin fr\u00e1 byrjan st\u00f8\u00f0i \u00ed somu meginreglum, sum h\u00f8vdu lagt lunnar undir ta\u00f0 sera v\u00e6l eydna\u00f0a Tornado designi\u00f0.<\/div>\n        <\/div>\n<\/a>        \n            <\/div>\n\n\n<div style=\"height:30px\" aria-hidden=\"true\" class=\"wp-block-spacer\"><\/div>\n\n\n\n<hr class=\"wp-block-separator has-css-opacity is-style-wide\"\/>\n\n\n\n<div style=\"height:30px\" aria-hidden=\"true\" class=\"wp-block-spacer\"><\/div>\n\n\n\n<h2 class=\"wp-block-heading\" id=\"nyskapan\">N\u00fdskapan<\/h2>\n\n\n\n<p><em>At menna lemmar er hv\u00f8rki skj\u00f3tt ella einfalt \u2014 har er almiki\u00f0 av modellering \u00ed teldum fyri at maximera virkna\u00f0arstig og stabilitet, pluss umfatandi greining av hydrodynamiskum \u00fatrokningum. N\u00e6sta stig er at royna eitt ni\u00f0urskalera\u00f0 modell \u00ed royndartanga, og s\u00ed\u00f0ani at testa \u00ed fullari st\u00f8dd \u00ed eini longri royndart\u00ed\u00f0 fyri at sta\u00f0festa b\u00e6\u00f0i effektivitet og langt\u00ed\u00f0ar haldf\u00f8ri.<\/em><\/p>\n\n\n\n<div class=\"wp-block-group\"><div class=\"wp-block-group__inner-container is-layout-flow wp-block-group-is-layout-flow\">\n<div class=\"wp-block-columns is-layout-flex wp-container-core-columns-is-layout-9d6595d7 wp-block-columns-is-layout-flex\">\n<div class=\"wp-block-column is-layout-flow wp-block-column-is-layout-flow\"><div class=\"wp-block-image\">\n<figure class=\"aligncenter size-large is-resized\"><img loading=\"lazy\" decoding=\"async\" width=\"1600\" height=\"901\" src=\"https:\/\/www.vonin.com\/wp-content\/uploads\/2021\/04\/StormAoA30_presCont_highRes1-edited-1600x901.jpg\" alt=\"\" class=\"wp-image-5429\" style=\"width:842px;height:474px\" srcset=\"https:\/\/www.vonin.com\/wp-content\/uploads\/2021\/04\/StormAoA30_presCont_highRes1-edited-1600x901.jpg 1600w, https:\/\/www.vonin.com\/wp-content\/uploads\/2021\/04\/StormAoA30_presCont_highRes1-edited-800x450.jpg 800w, https:\/\/www.vonin.com\/wp-content\/uploads\/2021\/04\/StormAoA30_presCont_highRes1-edited-768x432.jpg 768w, https:\/\/www.vonin.com\/wp-content\/uploads\/2021\/04\/StormAoA30_presCont_highRes1-edited-200x113.jpg 200w, https:\/\/www.vonin.com\/wp-content\/uploads\/2021\/04\/StormAoA30_presCont_highRes1-edited-1536x865.jpg 1536w, https:\/\/www.vonin.com\/wp-content\/uploads\/2021\/04\/StormAoA30_presCont_highRes1-edited.jpg 1920w\" sizes=\"auto, (max-width: 1600px) 100vw, 1600px\" \/><\/figure>\n<\/div><\/div>\n\n\n\n<div class=\"wp-block-column is-layout-flow wp-block-column-is-layout-flow\">\n<figure class=\"wp-block-image size-large\"><img loading=\"lazy\" decoding=\"async\" width=\"2555\" height=\"1437\" src=\"https:\/\/www.vonin.com\/wp-content\/uploads\/2021\/04\/storm-edited-1.jpg\" alt=\"\" class=\"wp-image-5436\" srcset=\"https:\/\/www.vonin.com\/wp-content\/uploads\/2021\/04\/storm-edited-1.jpg 2555w, https:\/\/www.vonin.com\/wp-content\/uploads\/2021\/04\/storm-edited-1-800x450.jpg 800w, https:\/\/www.vonin.com\/wp-content\/uploads\/2021\/04\/storm-edited-1-1600x900.jpg 1600w, https:\/\/www.vonin.com\/wp-content\/uploads\/2021\/04\/storm-edited-1-768x432.jpg 768w, https:\/\/www.vonin.com\/wp-content\/uploads\/2021\/04\/storm-edited-1-200x112.jpg 200w, https:\/\/www.vonin.com\/wp-content\/uploads\/2021\/04\/storm-edited-1-1536x864.jpg 1536w, https:\/\/www.vonin.com\/wp-content\/uploads\/2021\/04\/storm-edited-1-2048x1152.jpg 2048w\" sizes=\"auto, (max-width: 2555px) 100vw, 2555px\" \/><\/figure>\n<\/div>\n<\/div>\n<\/div><\/div>\n\n\n\n<div style=\"height:70px\" aria-hidden=\"true\" class=\"wp-block-spacer\"><\/div>\n\n\n\n<hr class=\"wp-block-separator has-css-opacity is-style-wide\"\/>\n\n\n\n<h2 class=\"wp-block-heading\" id=\"solutoymid\">S\u00f8lutoymi\u00f0<\/h2>\n\n\n\n<div style=\"height:30px\" aria-hidden=\"true\" class=\"wp-block-spacer\"><\/div>\n\n\n\n<script>\n    employeeBlockData['employees-block_65b402d17ecf4d0fbf68f19741772310'] = '[{\"title\":\"\\u00d3li Horn\",\"job_title\":\"S\\u00f8lulei\\u00f0ari - Botn- og r\\u00e6kjutrol\",\"phone\":\"+298 230 225\",\"email\":\"oh@vonin.com\",\"permalink\":\"https:\\\/\\\/www.vonin.com\\\/fo\\\/contacts\\\/oli-horn\\\/\",\"post_id\":9330,\"thumbnail_id\":9118,\"image\":\"https:\\\/\\\/www.vonin.com\\\/wp-content\\\/uploads\\\/2021\\\/03\\\/oli-3-800x534.jpg\",\"image_width\":800,\"image_height\":534,\"focal_points\":\"53.8603% 5.3750%\"},{\"title\":\"\\u00d3li \\u00e1 Gravarb\\u00f8\",\"job_title\":\"S\\u00f8lu- og rakstrarlei\\u00f0ari - Fl\\u00f3titrol\",\"phone\":\"+298 230 223\",\"email\":\"og@vonin.com\",\"permalink\":\"https:\\\/\\\/www.vonin.com\\\/fo\\\/contacts\\\/oli-a-gravarbo\\\/\",\"post_id\":9333,\"thumbnail_id\":9263,\"image\":\"https:\\\/\\\/www.vonin.com\\\/wp-content\\\/uploads\\\/2021\\\/10\\\/Oli-G-800x534.jpg\",\"image_width\":800,\"image_height\":534,\"focal_points\":\"48.0240% 2.2750%\"},{\"title\":\"J\\u00f3gvan S. Jacobsen\",\"job_title\":\"S\\u00f8lulei\\u00f0ari - Fl\\u00f3titrol\",\"phone\":\"+298 217 846\",\"email\":\"jsj@vonin.com\",\"permalink\":\"https:\\\/\\\/www.vonin.com\\\/fo\\\/contacts\\\/jogvan-s-jacobsen\\\/\",\"post_id\":27830,\"thumbnail_id\":29582,\"image\":\"https:\\\/\\\/www.vonin.com\\\/wp-content\\\/uploads\\\/2023\\\/12\\\/Jogvan-J-800x533.jpg\",\"image_width\":800,\"image_height\":533,\"focal_points\":\"52.7823% 2.4650%\"},{\"title\":\"Oddmar \\u00d8rvarodd\",\"job_title\":\"Teknikari - Trol\",\"phone\":\"+298 230 227\",\"email\":\"oo@vonin.com\",\"permalink\":\"https:\\\/\\\/www.vonin.com\\\/fo\\\/contacts\\\/oddmar-orvarodd\\\/\",\"post_id\":9332,\"thumbnail_id\":8995,\"image\":\"https:\\\/\\\/www.vonin.com\\\/wp-content\\\/uploads\\\/2021\\\/03\\\/oddmar-800x534.jpg\",\"image_width\":800,\"image_height\":534,\"focal_points\":\"51.1923% 2.8750%\"},{\"title\":\"Jan Klein\",\"job_title\":\"S\\u00f8lulei\\u00f0ari - Botntrol\",\"phone\":\"+298 230 125\",\"email\":\"\",\"permalink\":\"https:\\\/\\\/www.vonin.com\\\/fo\\\/contacts\\\/jan-klein\\\/\",\"post_id\":9331,\"thumbnail_id\":8965,\"image\":\"https:\\\/\\\/www.vonin.com\\\/wp-content\\\/uploads\\\/2021\\\/03\\\/jan-2-800x534.jpg\",\"image_width\":800,\"image_height\":534,\"focal_points\":\"42.5213% 1.8750%\"},{\"title\":\"Kristen Friis\",\"job_title\":\"S\\u00f8lulei\\u00f0ari - Botntrol\",\"phone\":\"+298 230 224\",\"email\":\"kf@vonin.com\",\"permalink\":\"https:\\\/\\\/www.vonin.com\\\/fo\\\/contacts\\\/kristen-friis\\\/\",\"post_id\":10667,\"thumbnail_id\":11855,\"image\":\"https:\\\/\\\/www.vonin.com\\\/wp-content\\\/uploads\\\/2022\\\/08\\\/kristin-800x533.jpg\",\"image_width\":800,\"image_height\":533,\"focal_points\":\"47.7875% 2.8250%\"}]';\n<\/script>\n\n\n<div id=\"employees-block_65b402d17ecf4d0fbf68f19741772310\" class=\"beak-employees\">\n    \n            <div class=\"employee-message-modal--tint\" v-if=\"selectedEmployee\" :class=\"{ 'is-visible': selectedEmployee }\"><\/div>\n<div class=\"employee-message-modal\" v-if=\"selectedEmployee\" :class=\"{ 'is-visible': selectedEmployee }\">\n    <div class=\"employee-message--content\">\n        <a href=\"#\" @click.prevent=\"toggleModal(null)\" class=\"emp-modal-close\"><img decoding=\"async\" src=\"https:\/\/www.vonin.com\/wp-content\/themes\/beak-vonin\/images\/icon-plus.svg\" class=\"injectable\" \/><\/a>\n        <h3 v-if=\"selectedEmployee\">Send teldupost til:<br \/> <b>{{selectedEmployee.title}}<\/b><\/h3>\n\n        <div class=\"form-errors\" v-if=\"formErrors &#038;&#038; formErrors.length &#62; 0\">\n            <ul>\n                <li v-for=\"error in formErrors\">{{error}}<\/li>\n            <\/ul>\n        <\/div>\n\n        <p v-if=\"formSent\"><b>T\u00edni bo\u00f0 eru send.<\/b><\/p>\n\n        <div v-if=\"!formSent\">\n            <div class=\"form-input\">\n                <label>Navn<span class=\"required\">*<\/span><\/label>\n                <input type=\"text\" v-model=\"sendEmailForm.name\" \/>\n            <\/div>\n\n            <div class=\"form-input\">\n                <label>Fyrit\u00f8ka<span class=\"required\">*<\/span><\/label>\n                <input type=\"text\" v-model=\"sendEmailForm.company\" \/>\n            <\/div>\n\n            <div class=\"form-input\">\n                <label>T-post<span class=\"required\">*<\/span><\/label>\n                <input type=\"email\" v-model=\"sendEmailForm.email\" \/>\n            <\/div>\n\n            <div class=\"form-input\">\n                <label>Telefon<span class=\"required\">*<\/span><\/label>\n                <input type=\"text\" v-model=\"sendEmailForm.phone\" \/>\n            <\/div>\n\n            <div class=\"form-input\">\n                <label>Bo\u00f0<span class=\"required\">*<\/span><\/label>\n                <textarea type=\"text\" v-model=\"sendEmailForm.message\"><\/textarea>\n            <\/div>\n\n            <input type=\"hidden\" v-model=\"sendEmailForm.formLumpari\" \/>\n\n            <button @click=\"sendMessage()\" :class=\"{ disabled: formPosting || (formSubmitted &#038;&#038; !formIsValid) }\">Send<\/button>\n        <\/div>\n    <\/div>\n<\/div>    \n            <div class=\"employee-cards\" v-if=\"people\">\n            <div v-for=\"(employee, index) in people\" class=\"employee-card swiper-slide\">\n    <div v-if=\"employee.image\" class=\"employee-card--content-image\">\n        <img v-if=\"employee.image\" :src=\"employee.image\" alt=\"\" :width=\"employee.image_width\" :height=\"employee.image_height\" :style=\"`object-position: ${employee.focal_points}`\" \/>\n    <\/div>\n\n    <div class=\"employee-card--content-text\">\n        <div v-if=\"employee.title\" class=\"employee-name\">{{ employee.title }}<\/div>\n\n        <div v-if=\"employee.people_locations?.length\" class=\"employee-location\">{{ getLocations(employee) }}<\/div>\n\n        <div v-if=\"employee.job_title\" class=\"employee-title\">{{ employee.job_title }}<\/div>\n\n        <div class=\"employee-contact\">\n            <div v-if=\"employee.phone\" class=\"employee-contact--item employee-contact--phone\">\n                <span>Telefon:<\/span>\n\n                <a :href=\"'tel:'+employee.phone\">{{ employee.phone }}<\/a>\n            <\/div>\n\n            <a href=\"#\" @click.prevent=\"toggleModal(employee)\" class=\"employee-send-email\">Send teldupost<\/a>\n        <\/div>\n    <\/div>\n<\/div>        <\/div>\n    <\/div>\n\n\n<div style=\"height:60px\" aria-hidden=\"true\" class=\"wp-block-spacer\"><\/div>\n\n\n<div id=\"breadcrumbs-block_57ed60b51262cf560cb14249287ccacb\" class=\"lunnar-breadcrumbs\">\n    \n    <p id=\"breadcrumbs\"><span><span><a href=\"https:\/\/www.vonin.com\/fo\/\">V\u00f3nin<\/a><\/span><\/span><\/p>    \n<\/div>\n","protected":false},"excerpt":{"rendered":"<p>N\u00fdskapandi trolhur\u00f0ar T\u00e1 vit avgj\u00f8rdu at fara undir at framlei\u00f0a okkara egnu trolhur\u00f0ar, vildu vit ikki bert gera okkurt sum \u00f8ll hini gj\u00f8rdu \u2014 vit vildu vera n\u00fdskapandi og heilt einfalt gera lemmar, sum eru betri upp \u00e1 allar m\u00e1tar. N\u00fdskapan At menna lemmar er hv\u00f8rki skj\u00f3tt ella einfalt \u2014 har er almiki\u00f0 av modellering [&hellip;]<\/p>\n","protected":false},"author":3,"featured_media":0,"parent":9297,"menu_order":0,"comment_status":"closed","ping_status":"closed","template":"","meta":{"_acf_changed":false,"content-type":"","footnotes":""},"class_list":["post-9622","page","type-page","status-publish","hentry"],"acf":[],"yoast_head":"<!-- This site is optimized with the Yoast SEO plugin v27.6 - https:\/\/yoast.com\/product\/yoast-seo-wordpress\/ -->\n<title>Lemmar - V\u00f3nin - St\u00fdrbarir snildlemmar<\/title>\n<meta name=\"description\" content=\"Lemmar - V\u00f3nin veitir framkomnar trollemmar sum Twister, i\u00f0 kunnu st\u00fdrast beinlei\u00f0is av br\u00fanni. L\u00e6ttir at n\u00fdta og sera orkusparandi\" \/>\n<meta name=\"robots\" content=\"index, follow, max-snippet:-1, max-image-preview:large, max-video-preview:-1\" \/>\n<link rel=\"canonical\" href=\"https:\/\/www.vonin.com\/fo\/fiskivinna\/lemmar\/\" \/>\n<meta property=\"og:locale\" content=\"fo_FO\" \/>\n<meta property=\"og:type\" content=\"article\" \/>\n<meta property=\"og:title\" content=\"Lemmar - V\u00f3nin - St\u00fdrbarir snildlemmar\" \/>\n<meta property=\"og:description\" content=\"Lemmar - V\u00f3nin veitir framkomnar trollemmar sum Twister, i\u00f0 kunnu st\u00fdrast beinlei\u00f0is av br\u00fanni. L\u00e6ttir at n\u00fdta og sera orkusparandi\" \/>\n<meta property=\"og:url\" content=\"https:\/\/www.vonin.com\/fo\/fiskivinna\/lemmar\/\" \/>\n<meta property=\"og:site_name\" content=\"V\u00f3nin\" \/>\n<meta property=\"article:modified_time\" content=\"2025-10-08T14:37:35+00:00\" \/>\n<meta property=\"og:image\" content=\"https:\/\/www.vonin.com\/wp-content\/uploads\/2024\/06\/Twister.jpg\" \/>\n\t<meta property=\"og:image:width\" content=\"2560\" \/>\n\t<meta property=\"og:image:height\" content=\"1350\" \/>\n\t<meta property=\"og:image:type\" content=\"image\/jpeg\" \/>\n<meta name=\"twitter:card\" content=\"summary_large_image\" \/>\n<meta name=\"twitter:label1\" content=\"Est. reading time\" \/>\n\t<meta name=\"twitter:data1\" content=\"2 minutes\" \/>\n<script type=\"application\/ld+json\" class=\"yoast-schema-graph\">{\"@context\":\"https:\\\/\\\/schema.org\",\"@graph\":[{\"@type\":\"WebPage\",\"@id\":\"https:\\\/\\\/www.vonin.com\\\/fo\\\/fiskivinna\\\/lemmar\\\/\",\"url\":\"https:\\\/\\\/www.vonin.com\\\/fo\\\/fiskivinna\\\/lemmar\\\/\",\"name\":\"Lemmar - V\u00f3nin - St\u00fdrbarir snildlemmar\",\"isPartOf\":{\"@id\":\"https:\\\/\\\/www.vonin.com\\\/#website\"},\"primaryImageOfPage\":{\"@id\":\"https:\\\/\\\/www.vonin.com\\\/fo\\\/fiskivinna\\\/lemmar\\\/#primaryimage\"},\"image\":{\"@id\":\"https:\\\/\\\/www.vonin.com\\\/fo\\\/fiskivinna\\\/lemmar\\\/#primaryimage\"},\"thumbnailUrl\":\"https:\\\/\\\/www.vonin.com\\\/wp-content\\\/uploads\\\/2024\\\/06\\\/Twister.jpg\",\"datePublished\":\"2022-05-09T13:12:14+00:00\",\"dateModified\":\"2025-10-08T14:37:35+00:00\",\"description\":\"Lemmar - V\u00f3nin veitir framkomnar trollemmar sum Twister, i\u00f0 kunnu st\u00fdrast beinlei\u00f0is av br\u00fanni. L\u00e6ttir at n\u00fdta og sera orkusparandi\",\"breadcrumb\":{\"@id\":\"https:\\\/\\\/www.vonin.com\\\/fo\\\/fiskivinna\\\/lemmar\\\/#breadcrumb\"},\"inLanguage\":\"fo-FO\",\"potentialAction\":[{\"@type\":\"ReadAction\",\"target\":[\"https:\\\/\\\/www.vonin.com\\\/fo\\\/fiskivinna\\\/lemmar\\\/\"]}]},{\"@type\":\"ImageObject\",\"inLanguage\":\"fo-FO\",\"@id\":\"https:\\\/\\\/www.vonin.com\\\/fo\\\/fiskivinna\\\/lemmar\\\/#primaryimage\",\"url\":\"https:\\\/\\\/www.vonin.com\\\/wp-content\\\/uploads\\\/2024\\\/06\\\/Twister.jpg\",\"contentUrl\":\"https:\\\/\\\/www.vonin.com\\\/wp-content\\\/uploads\\\/2024\\\/06\\\/Twister.jpg\"},{\"@type\":\"BreadcrumbList\",\"@id\":\"https:\\\/\\\/www.vonin.com\\\/fo\\\/fiskivinna\\\/lemmar\\\/#breadcrumb\",\"itemListElement\":[{\"@type\":\"ListItem\",\"position\":1,\"name\":\"V\u00f3nin\",\"item\":\"https:\\\/\\\/www.vonin.com\\\/fo\\\/\"},{\"@type\":\"ListItem\",\"position\":2,\"name\":\"Fiskivinna\",\"item\":\"https:\\\/\\\/www.vonin.com\\\/fo\\\/fiskivinna\\\/\"},{\"@type\":\"ListItem\",\"position\":3,\"name\":\"Lemmar\"}]},{\"@type\":\"WebSite\",\"@id\":\"https:\\\/\\\/www.vonin.com\\\/#website\",\"url\":\"https:\\\/\\\/www.vonin.com\\\/\",\"name\":\"V\u00f3nin\",\"description\":\"V\u00f3nin is a major developer and manufacturer of high quality fishing gear and aquaculture equipment as well as supplying equipment to the offshore industry and land based industry.\",\"potentialAction\":[{\"@type\":\"SearchAction\",\"target\":{\"@type\":\"EntryPoint\",\"urlTemplate\":\"https:\\\/\\\/www.vonin.com\\\/?s={search_term_string}\"},\"query-input\":{\"@type\":\"PropertyValueSpecification\",\"valueRequired\":true,\"valueName\":\"search_term_string\"}}],\"inLanguage\":\"fo-FO\"}]}<\/script>\n<!-- \/ Yoast SEO plugin. -->","yoast_head_json":{"title":"Lemmar - V\u00f3nin - St\u00fdrbarir snildlemmar","description":"Lemmar - V\u00f3nin veitir framkomnar trollemmar sum Twister, i\u00f0 kunnu st\u00fdrast beinlei\u00f0is av br\u00fanni. L\u00e6ttir at n\u00fdta og sera orkusparandi","robots":{"index":"index","follow":"follow","max-snippet":"max-snippet:-1","max-image-preview":"max-image-preview:large","max-video-preview":"max-video-preview:-1"},"canonical":"https:\/\/www.vonin.com\/fo\/fiskivinna\/lemmar\/","og_locale":"fo_FO","og_type":"article","og_title":"Lemmar - V\u00f3nin - St\u00fdrbarir snildlemmar","og_description":"Lemmar - V\u00f3nin veitir framkomnar trollemmar sum Twister, i\u00f0 kunnu st\u00fdrast beinlei\u00f0is av br\u00fanni. L\u00e6ttir at n\u00fdta og sera orkusparandi","og_url":"https:\/\/www.vonin.com\/fo\/fiskivinna\/lemmar\/","og_site_name":"V\u00f3nin","article_modified_time":"2025-10-08T14:37:35+00:00","og_image":[{"width":2560,"height":1350,"url":"https:\/\/www.vonin.com\/wp-content\/uploads\/2024\/06\/Twister.jpg","type":"image\/jpeg"}],"twitter_card":"summary_large_image","twitter_misc":{"Est. reading time":"2 minutes"},"schema":{"@context":"https:\/\/schema.org","@graph":[{"@type":"WebPage","@id":"https:\/\/www.vonin.com\/fo\/fiskivinna\/lemmar\/","url":"https:\/\/www.vonin.com\/fo\/fiskivinna\/lemmar\/","name":"Lemmar - V\u00f3nin - St\u00fdrbarir snildlemmar","isPartOf":{"@id":"https:\/\/www.vonin.com\/#website"},"primaryImageOfPage":{"@id":"https:\/\/www.vonin.com\/fo\/fiskivinna\/lemmar\/#primaryimage"},"image":{"@id":"https:\/\/www.vonin.com\/fo\/fiskivinna\/lemmar\/#primaryimage"},"thumbnailUrl":"https:\/\/www.vonin.com\/wp-content\/uploads\/2024\/06\/Twister.jpg","datePublished":"2022-05-09T13:12:14+00:00","dateModified":"2025-10-08T14:37:35+00:00","description":"Lemmar - V\u00f3nin veitir framkomnar trollemmar sum Twister, i\u00f0 kunnu st\u00fdrast beinlei\u00f0is av br\u00fanni. L\u00e6ttir at n\u00fdta og sera orkusparandi","breadcrumb":{"@id":"https:\/\/www.vonin.com\/fo\/fiskivinna\/lemmar\/#breadcrumb"},"inLanguage":"fo-FO","potentialAction":[{"@type":"ReadAction","target":["https:\/\/www.vonin.com\/fo\/fiskivinna\/lemmar\/"]}]},{"@type":"ImageObject","inLanguage":"fo-FO","@id":"https:\/\/www.vonin.com\/fo\/fiskivinna\/lemmar\/#primaryimage","url":"https:\/\/www.vonin.com\/wp-content\/uploads\/2024\/06\/Twister.jpg","contentUrl":"https:\/\/www.vonin.com\/wp-content\/uploads\/2024\/06\/Twister.jpg"},{"@type":"BreadcrumbList","@id":"https:\/\/www.vonin.com\/fo\/fiskivinna\/lemmar\/#breadcrumb","itemListElement":[{"@type":"ListItem","position":1,"name":"V\u00f3nin","item":"https:\/\/www.vonin.com\/fo\/"},{"@type":"ListItem","position":2,"name":"Fiskivinna","item":"https:\/\/www.vonin.com\/fo\/fiskivinna\/"},{"@type":"ListItem","position":3,"name":"Lemmar"}]},{"@type":"WebSite","@id":"https:\/\/www.vonin.com\/#website","url":"https:\/\/www.vonin.com\/","name":"V\u00f3nin","description":"V\u00f3nin is a major developer and manufacturer of high quality fishing gear and aquaculture equipment as well as supplying equipment to the offshore industry and land based industry.","potentialAction":[{"@type":"SearchAction","target":{"@type":"EntryPoint","urlTemplate":"https:\/\/www.vonin.com\/?s={search_term_string}"},"query-input":{"@type":"PropertyValueSpecification","valueRequired":true,"valueName":"search_term_string"}}],"inLanguage":"fo-FO"}]}},"_links":{"self":[{"href":"https:\/\/www.vonin.com\/fo\/wp-json\/wp\/v2\/pages\/9622","targetHints":{"allow":["GET"]}}],"collection":[{"href":"https:\/\/www.vonin.com\/fo\/wp-json\/wp\/v2\/pages"}],"about":[{"href":"https:\/\/www.vonin.com\/fo\/wp-json\/wp\/v2\/types\/page"}],"author":[{"embeddable":true,"href":"https:\/\/www.vonin.com\/fo\/wp-json\/wp\/v2\/users\/3"}],"replies":[{"embeddable":true,"href":"https:\/\/www.vonin.com\/fo\/wp-json\/wp\/v2\/comments?post=9622"}],"version-history":[{"count":9,"href":"https:\/\/www.vonin.com\/fo\/wp-json\/wp\/v2\/pages\/9622\/revisions"}],"predecessor-version":[{"id":43001,"href":"https:\/\/www.vonin.com\/fo\/wp-json\/wp\/v2\/pages\/9622\/revisions\/43001"}],"up":[{"embeddable":true,"href":"https:\/\/www.vonin.com\/fo\/wp-json\/wp\/v2\/pages\/9297"}],"wp:attachment":[{"href":"https:\/\/www.vonin.com\/fo\/wp-json\/wp\/v2\/media?parent=9622"}],"curies":[{"name":"wp","href":"https:\/\/api.w.org\/{rel}","templated":true}]}}