{"id":9529,"date":"2022-05-09T14:10:23","date_gmt":"2022-05-09T14:10:23","guid":{"rendered":"https:\/\/www.vonin.com\/?page_id=9529"},"modified":"2025-10-08T14:50:56","modified_gmt":"2025-10-08T14:50:56","slug":"raekju-og-botn-trol","status":"publish","type":"page","link":"https:\/\/www.vonin.com\/fo\/raekju-og-botn-trol\/","title":{"rendered":"R\u00e6kju og botn trol"},"content":{"rendered":"\n<div class=\"wp-block-cover alignfull\" style=\"min-height:617px;aspect-ratio:unset;\"><span aria-hidden=\"true\" class=\"wp-block-cover__background has-black-background-color has-background-dim-30 has-background-dim\"><\/span><img loading=\"lazy\" decoding=\"async\" width=\"2560\" height=\"1728\" class=\"wp-block-cover__image-background wp-image-7336\" alt=\"\" src=\"https:\/\/www.vonin.com\/wp-content\/uploads\/2021\/06\/trolbassi-blue.jpg\" style=\"object-position:53% 52%\" data-object-fit=\"cover\" data-object-position=\"53% 52%\"\/><div class=\"wp-block-cover__inner-container is-layout-flow wp-block-cover-is-layout-flow\">\n<p class=\"has-text-align-center has-large-font-size\">Fiskirei\u00f0skapur til heimsins bestu fiskimenn<\/p>\n<\/div><\/div>\n\n\n\n<div style=\"height:60px\" aria-hidden=\"true\" class=\"wp-block-spacer\"><\/div>\n\n\n\n<h2 class=\"wp-block-heading\">Hvat er ta\u00f0, sum ger V\u00f3nin troli\u00f0 so fram\u00farskarandi?<\/h2>\n\n\n\n<p>V\u00f3nin hevur dr\u00fagvar royndir \u00ed at framlei\u00f0a r\u00e6kju- og botntrol fyri \u00f8ll sl\u00f8g av fiskiskapi, og okkara trol ver\u00f0a seld kring allan heimin. V\u00f3nin trol ver\u00f0a br\u00fakt \u00e1 so ymiskum fiskilei\u00f0um sum Barentshavinum, uttan fyri eysturstrondina \u00ed Russland, eystan og vestan fyri Gr\u00f8nland, \u00e1 Flemish Cap, \u00fat fyri New Foundlandi og Labrador og a\u00f0rasta\u00f0ni \u00ed kanadiskum sj\u00f3gvi. V\u00f3nin hevur or\u00f0 \u00e1 s\u00e6r \u00ed at veita fiskirei\u00f0skap av h\u00e6gstu dygd. Vit gera hetta vi\u00f0 at fokusera \u00e1 design, tilfar og handverk.<\/p>\n\n\n\n<div style=\"height:60px\" aria-hidden=\"true\" class=\"wp-block-spacer\"><\/div>\n\n\n\n<div class=\"wp-block-media-text alignfull is-stacked-on-mobile is-image-fill has-light-light-grey-background-color has-background\"><figure class=\"wp-block-media-text__media\" style=\"background-image:url(https:\/\/www.vonin.com\/wp-content\/uploads\/2021\/05\/DSC00062-1-scaled.jpg);background-position:50% 50%\"><img loading=\"lazy\" decoding=\"async\" width=\"2560\" height=\"1710\" src=\"https:\/\/www.vonin.com\/wp-content\/uploads\/2021\/05\/DSC00062-1-scaled.jpg\" alt=\"\" class=\"wp-image-6629 size-full\" srcset=\"https:\/\/www.vonin.com\/wp-content\/uploads\/2021\/05\/DSC00062-1-scaled.jpg 2560w, https:\/\/www.vonin.com\/wp-content\/uploads\/2021\/05\/DSC00062-1-800x534.jpg 800w, https:\/\/www.vonin.com\/wp-content\/uploads\/2021\/05\/DSC00062-1-1600x1069.jpg 1600w, https:\/\/www.vonin.com\/wp-content\/uploads\/2021\/05\/DSC00062-1-768x513.jpg 768w, https:\/\/www.vonin.com\/wp-content\/uploads\/2021\/05\/DSC00062-1-200x134.jpg 200w, https:\/\/www.vonin.com\/wp-content\/uploads\/2021\/05\/DSC00062-1-1536x1026.jpg 1536w, https:\/\/www.vonin.com\/wp-content\/uploads\/2021\/05\/DSC00062-1-2048x1368.jpg 2048w\" sizes=\"auto, (max-width: 2560px) 100vw, 2560px\" \/><\/figure><div class=\"wp-block-media-text__content\">\n<div style=\"height:90px\" aria-hidden=\"true\" class=\"wp-block-spacer\"><\/div>\n\n\n\n<h2 class=\"wp-block-heading\">Design<\/h2>\n\n\n\n<p>R\u00e6kju- og botntrol fr\u00e1 V\u00f3nini eru sni\u00f0givin til at hava sera g\u00f3\u00f0a botnkontakt og einastandandi gj\u00f8gnumstreym, sum hj\u00e1lpir t\u00e6r at spara brennievni og fram um alt at \u00f8kja um fongin vi\u00f0 at f\u00e1a hann smidliga og trygt aftur \u00ed trolposan.<\/p>\n\n\n\n<p>Rei\u00f0arar og skiparar hava til eina og hv\u00f8rja t\u00ed\u00f0 m\u00f8guleikan at gera n\u00fdtslu av royndunum hj\u00e1 V\u00f3nini, vi\u00f0 trolum sni\u00f0givin og bygd j\u00fast til at passa til st\u00f8ddirnar \u00e1 skipinum og l\u00faka kr\u00f8vini hj\u00e1 hv\u00f8rjum einst\u00f8kum skipara.<\/p>\n\n\n\n<div style=\"height:60px\" aria-hidden=\"true\" class=\"wp-block-spacer\"><\/div>\n<\/div><\/div>\n\n\n\n<div class=\"wp-block-media-text alignfull has-media-on-the-right is-stacked-on-mobile is-image-fill has-light-light-grey-background-color has-background\"><figure class=\"wp-block-media-text__media\" style=\"background-image:url(https:\/\/www.vonin.com\/wp-content\/uploads\/2021\/05\/DSC09613-scaled.jpg);background-position:50% 50%\"><img loading=\"lazy\" decoding=\"async\" width=\"2560\" height=\"1710\" src=\"https:\/\/www.vonin.com\/wp-content\/uploads\/2021\/05\/DSC09613-scaled.jpg\" alt=\"\" class=\"wp-image-6627 size-full\" srcset=\"https:\/\/www.vonin.com\/wp-content\/uploads\/2021\/05\/DSC09613-scaled.jpg 2560w, https:\/\/www.vonin.com\/wp-content\/uploads\/2021\/05\/DSC09613-800x534.jpg 800w, https:\/\/www.vonin.com\/wp-content\/uploads\/2021\/05\/DSC09613-1600x1069.jpg 1600w, https:\/\/www.vonin.com\/wp-content\/uploads\/2021\/05\/DSC09613-768x513.jpg 768w, https:\/\/www.vonin.com\/wp-content\/uploads\/2021\/05\/DSC09613-200x134.jpg 200w, https:\/\/www.vonin.com\/wp-content\/uploads\/2021\/05\/DSC09613-1536x1026.jpg 1536w, https:\/\/www.vonin.com\/wp-content\/uploads\/2021\/05\/DSC09613-2048x1368.jpg 2048w\" sizes=\"auto, (max-width: 2560px) 100vw, 2560px\" \/><\/figure><div class=\"wp-block-media-text__content\">\n<div style=\"height:90px\" aria-hidden=\"true\" class=\"wp-block-spacer\"><\/div>\n\n\n\n<h2 class=\"wp-block-heading\">Handverk<\/h2>\n\n\n\n<p>Okkara trol eru kend fyri at vera sera slitsterk og krevja l\u00edti\u00f0 vi\u00f0v\u00edkahald. Hesir eginleikar sn\u00fagva seg \u00ed roynd og veru um ta\u00f0 dygdarg\u00f3\u00f0a handverki\u00f0, sum liggur aftan fyri trolini hj\u00e1 V\u00f3nini. Sj\u00e1lvt \u00ed 21. \u00f8ld kann einki javnmetast vi\u00f0 gamaldags handalag og hegni vi\u00f0 atliti til detaljur.<\/p>\n\n\n\n<p>Mong \u00e1r av royndum \u00ed t\u00f8ttum samstarvi vi\u00f0 fiskimenn \u00far ymiskum fiskar\u00edum hava v\u00edst, at ta\u00f0 er \u00f3makin og t\u00ed\u00f0ina vert at s\u00edggja til, at rei\u00f0skapurin er veruliga \u00ed lagi, \u00e1\u00f0renn hann fer av netaloftinum \u2014 ta\u00f0 l\u00f8nar seg seinni. Tess meira gj\u00f8rt ver\u00f0ur vi\u00f0 hetta fr\u00e1 byrjan, tess minni av t\u00ed\u00f0 noy\u00f0ist manningin at br\u00faka \u00e1 dekkinum til b\u00f8ting og umv\u00e6ling av rei\u00f0skapinum.<\/p>\n\n\n\n<div style=\"height:60px\" aria-hidden=\"true\" class=\"wp-block-spacer\"><\/div>\n<\/div><\/div>\n\n\n\n<div class=\"wp-block-media-text alignfull is-stacked-on-mobile is-image-fill has-light-light-grey-background-color has-background\"><figure class=\"wp-block-media-text__media\" style=\"background-image:url(https:\/\/www.vonin.com\/wp-content\/uploads\/2021\/06\/fortis1-1-1600x910.jpg);background-position:50% 50%\"><img loading=\"lazy\" decoding=\"async\" width=\"1600\" height=\"910\" src=\"https:\/\/www.vonin.com\/wp-content\/uploads\/2021\/06\/fortis1-1-1600x910.jpg\" alt=\"\" class=\"wp-image-7813 size-full\" srcset=\"https:\/\/www.vonin.com\/wp-content\/uploads\/2021\/06\/fortis1-1-1600x910.jpg 1600w, https:\/\/www.vonin.com\/wp-content\/uploads\/2021\/06\/fortis1-1-800x455.jpg 800w, https:\/\/www.vonin.com\/wp-content\/uploads\/2021\/06\/fortis1-1-768x437.jpg 768w, https:\/\/www.vonin.com\/wp-content\/uploads\/2021\/06\/fortis1-1-200x114.jpg 200w, https:\/\/www.vonin.com\/wp-content\/uploads\/2021\/06\/fortis1-1-1536x873.jpg 1536w, https:\/\/www.vonin.com\/wp-content\/uploads\/2021\/06\/fortis1-1.jpg 1847w\" sizes=\"auto, (max-width: 1600px) 100vw, 1600px\" \/><\/figure><div class=\"wp-block-media-text__content\">\n<div style=\"height:90px\" aria-hidden=\"true\" class=\"wp-block-spacer\"><\/div>\n\n\n\n<h2 class=\"wp-block-heading\">Tilfar<\/h2>\n\n\n\n<p>Vit eru fult vitandi um t\u00fddningin av dygdartilfari og leggja t\u00ed alst\u00f3ran dent \u00e1, at einans ta\u00f0 besta tilfari\u00f0 fr\u00e1 \u00fatvaldum veitarum ver\u00f0ur partur av einum V\u00f3nin troli.<\/p>\n\n\n\n<p>Umframt at n\u00fdta Premium og PET net, eru okkara tilm\u00e6li, at troli\u00f0 ver\u00f0ur gj\u00f8rt \u00far Fortis neti, sum er framleitt burturav fyri V\u00f3nina. Fortis neti gevur ein betri gj\u00f8gnumstreym av vatni gj\u00f8gnum troli\u00f0 og f\u00f8rir harvi\u00f0 til betri fiskiskap.<\/p>\n\n\n\n<div style=\"height:90px\" aria-hidden=\"true\" class=\"wp-block-spacer\"><\/div>\n<\/div><\/div>\n\n\n\n<div style=\"height:60px\" aria-hidden=\"true\" class=\"wp-block-spacer\"><\/div>\n\n\n\n<h2 class=\"wp-block-heading\">Skraddaraseyma\u00f0ar loysnir<\/h2>\n\n\n\n<p>Ta\u00f0 grundleggjandi sni\u00f0i\u00f0 kann skalerast upp ella ni\u00f0ur fyri at h\u00f3ska til ta megi, sum trolarin hevur at toga vi\u00f0, og eisini kann riggingin tillagast eftir hvussu dekki\u00f0 s\u00e6r \u00fat. Hv\u00f8rt trol er rigga\u00f0 til at passa \u00ed trolbanarnar umbor\u00f0 ella til st\u00f8dd og orku \u00e1 netatrumluni. Tilfari\u00f0, sum ver\u00f0ur br\u00fakt, er eftir kundans ynski, har valm\u00f8guleikar eru fyri ymiskum sl\u00f8gum av neti. Eisini eru ymiskir m\u00f8guleikar til l\u00ednurnar so sum Taifun ella Dyneema.<\/p>\n\n\n\n<div style=\"height:60px\" aria-hidden=\"true\" class=\"wp-block-spacer\"><\/div>\n\n\n\n<div class=\"wp-block-cover alignfull\" style=\"min-height:617px;aspect-ratio:unset;\"><span aria-hidden=\"true\" class=\"wp-block-cover__background has-background-dim\"><\/span><img loading=\"lazy\" decoding=\"async\" width=\"2560\" height=\"1707\" class=\"wp-block-cover__image-background wp-image-3341\" alt=\"\" src=\"https:\/\/www.vonin.com\/wp-content\/uploads\/2021\/03\/DSC_3100.jpg\" data-object-fit=\"cover\" srcset=\"https:\/\/www.vonin.com\/wp-content\/uploads\/2021\/03\/DSC_3100.jpg 2560w, https:\/\/www.vonin.com\/wp-content\/uploads\/2021\/03\/DSC_3100-800x533.jpg 800w, https:\/\/www.vonin.com\/wp-content\/uploads\/2021\/03\/DSC_3100-1600x1067.jpg 1600w, https:\/\/www.vonin.com\/wp-content\/uploads\/2021\/03\/DSC_3100-768x512.jpg 768w, https:\/\/www.vonin.com\/wp-content\/uploads\/2021\/03\/DSC_3100-200x133.jpg 200w, https:\/\/www.vonin.com\/wp-content\/uploads\/2021\/03\/DSC_3100-1536x1024.jpg 1536w\" sizes=\"auto, (max-width: 2560px) 100vw, 2560px\" \/><div class=\"wp-block-cover__inner-container is-layout-flow wp-block-cover-is-layout-flow\">\n<p class=\"has-text-align-center has-large-font-size\">Fyrstafloks t\u00e6nasta<\/p>\n\n\n\n<p class=\"has-text-align-center\">Samsvarandi vi\u00f0 t\u00f8rvin hj\u00e1 kundanum.<\/p>\n\n\n\n<div class=\"wp-block-buttons alignfull is-horizontal is-content-justification-center is-layout-flex wp-container-core-buttons-is-layout-499968f5 wp-block-buttons-is-layout-flex\">\n<div class=\"wp-block-button is-style-outline is-style-outline--1\"><a class=\"wp-block-button__link has-white-color has-white-background-color has-text-color has-background\" href=\"https:\/\/www.vonin.com\/fo\/fiskivinna\/taenasta\/\">LES MEIRA<\/a><\/div>\n<\/div>\n<\/div><\/div>\n\n\n\n<div style=\"height:60px\" aria-hidden=\"true\" class=\"wp-block-spacer\"><\/div>\n\n\n\n<p><\/p>\n","protected":false},"excerpt":{"rendered":"<p>Hvat er ta\u00f0, sum ger V\u00f3nin troli\u00f0 so fram\u00farskarandi? V\u00f3nin hevur dr\u00fagvar royndir \u00ed at framlei\u00f0a r\u00e6kju- og botntrol fyri \u00f8ll sl\u00f8g av fiskiskapi, og okkara trol ver\u00f0a seld kring allan heimin. V\u00f3nin trol ver\u00f0a br\u00fakt \u00e1 so ymiskum fiskilei\u00f0um sum Barentshavinum, uttan fyri eysturstrondina \u00ed Russland, eystan og vestan fyri Gr\u00f8nland, \u00e1 Flemish Cap, [&hellip;]<\/p>\n","protected":false},"author":3,"featured_media":0,"parent":0,"menu_order":0,"comment_status":"closed","ping_status":"closed","template":"","meta":{"_acf_changed":false,"content-type":"","footnotes":""},"class_list":["post-9529","page","type-page","status-publish","hentry"],"acf":[],"yoast_head":"<!-- This site is optimized with the Yoast SEO plugin v27.4 - https:\/\/yoast.com\/product\/yoast-seo-wordpress\/ -->\n<title>R\u00e6kju og botn trol - Dygd og kunnleiki - V\u00f3nin<\/title>\n<meta name=\"description\" content=\"R\u00e6kju og botn trol - Dygd og kunnleiki. Trolini eru tillaga\u00f0 til kr\u00f8vini hj\u00e1 fiskimonnum kring heimin.\" \/>\n<meta name=\"robots\" content=\"index, follow, max-snippet:-1, max-image-preview:large, max-video-preview:-1\" \/>\n<link rel=\"canonical\" href=\"https:\/\/www.vonin.com\/fo\/raekju-og-botn-trol\/\" \/>\n<meta property=\"og:locale\" content=\"fo_FO\" \/>\n<meta property=\"og:type\" content=\"article\" \/>\n<meta property=\"og:title\" content=\"R\u00e6kju og botn trol - Dygd og kunnleiki - V\u00f3nin\" \/>\n<meta property=\"og:description\" content=\"R\u00e6kju og botn trol - Dygd og kunnleiki. Trolini eru tillaga\u00f0 til kr\u00f8vini hj\u00e1 fiskimonnum kring heimin.\" \/>\n<meta property=\"og:url\" content=\"https:\/\/www.vonin.com\/fo\/raekju-og-botn-trol\/\" \/>\n<meta property=\"og:site_name\" content=\"V\u00f3nin\" \/>\n<meta property=\"article:modified_time\" content=\"2025-10-08T14:50:56+00:00\" \/>\n<meta property=\"og:image\" content=\"https:\/\/www.vonin.com\/wp-content\/uploads\/2021\/06\/trolbassi-blue.jpg\" \/>\n\t<meta property=\"og:image:width\" content=\"2560\" \/>\n\t<meta property=\"og:image:height\" content=\"1728\" \/>\n\t<meta property=\"og:image:type\" content=\"image\/jpeg\" \/>\n<meta name=\"twitter:card\" content=\"summary_large_image\" \/>\n<meta name=\"twitter:label1\" content=\"Est. reading time\" \/>\n\t<meta name=\"twitter:data1\" content=\"3 minutes\" \/>\n<script type=\"application\/ld+json\" class=\"yoast-schema-graph\">{\"@context\":\"https:\\\/\\\/schema.org\",\"@graph\":[{\"@type\":\"WebPage\",\"@id\":\"https:\\\/\\\/www.vonin.com\\\/fo\\\/raekju-og-botn-trol\\\/\",\"url\":\"https:\\\/\\\/www.vonin.com\\\/fo\\\/raekju-og-botn-trol\\\/\",\"name\":\"R\u00e6kju og botn trol - Dygd og kunnleiki - V\u00f3nin\",\"isPartOf\":{\"@id\":\"https:\\\/\\\/www.vonin.com\\\/#website\"},\"primaryImageOfPage\":{\"@id\":\"https:\\\/\\\/www.vonin.com\\\/fo\\\/raekju-og-botn-trol\\\/#primaryimage\"},\"image\":{\"@id\":\"https:\\\/\\\/www.vonin.com\\\/fo\\\/raekju-og-botn-trol\\\/#primaryimage\"},\"thumbnailUrl\":\"https:\\\/\\\/www.vonin.com\\\/wp-content\\\/uploads\\\/2021\\\/06\\\/trolbassi-blue.jpg\",\"datePublished\":\"2022-05-09T14:10:23+00:00\",\"dateModified\":\"2025-10-08T14:50:56+00:00\",\"description\":\"R\u00e6kju og botn trol - Dygd og kunnleiki. Trolini eru tillaga\u00f0 til kr\u00f8vini hj\u00e1 fiskimonnum kring heimin.\",\"breadcrumb\":{\"@id\":\"https:\\\/\\\/www.vonin.com\\\/fo\\\/raekju-og-botn-trol\\\/#breadcrumb\"},\"inLanguage\":\"fo-FO\",\"potentialAction\":[{\"@type\":\"ReadAction\",\"target\":[\"https:\\\/\\\/www.vonin.com\\\/fo\\\/raekju-og-botn-trol\\\/\"]}]},{\"@type\":\"ImageObject\",\"inLanguage\":\"fo-FO\",\"@id\":\"https:\\\/\\\/www.vonin.com\\\/fo\\\/raekju-og-botn-trol\\\/#primaryimage\",\"url\":\"https:\\\/\\\/www.vonin.com\\\/wp-content\\\/uploads\\\/2021\\\/06\\\/trolbassi-blue.jpg\",\"contentUrl\":\"https:\\\/\\\/www.vonin.com\\\/wp-content\\\/uploads\\\/2021\\\/06\\\/trolbassi-blue.jpg\"},{\"@type\":\"BreadcrumbList\",\"@id\":\"https:\\\/\\\/www.vonin.com\\\/fo\\\/raekju-og-botn-trol\\\/#breadcrumb\",\"itemListElement\":[{\"@type\":\"ListItem\",\"position\":1,\"name\":\"V\u00f3nin\",\"item\":\"https:\\\/\\\/www.vonin.com\\\/fo\\\/\"},{\"@type\":\"ListItem\",\"position\":2,\"name\":\"R\u00e6kju og botn trol\"}]},{\"@type\":\"WebSite\",\"@id\":\"https:\\\/\\\/www.vonin.com\\\/#website\",\"url\":\"https:\\\/\\\/www.vonin.com\\\/\",\"name\":\"V\u00f3nin\",\"description\":\"V\u00f3nin is a major developer and manufacturer of high quality fishing gear and aquaculture equipment as well as supplying equipment to the offshore industry and land based industry.\",\"potentialAction\":[{\"@type\":\"SearchAction\",\"target\":{\"@type\":\"EntryPoint\",\"urlTemplate\":\"https:\\\/\\\/www.vonin.com\\\/?s={search_term_string}\"},\"query-input\":{\"@type\":\"PropertyValueSpecification\",\"valueRequired\":true,\"valueName\":\"search_term_string\"}}],\"inLanguage\":\"fo-FO\"}]}<\/script>\n<!-- \/ Yoast SEO plugin. -->","yoast_head_json":{"title":"R\u00e6kju og botn trol - Dygd og kunnleiki - V\u00f3nin","description":"R\u00e6kju og botn trol - Dygd og kunnleiki. Trolini eru tillaga\u00f0 til kr\u00f8vini hj\u00e1 fiskimonnum kring heimin.","robots":{"index":"index","follow":"follow","max-snippet":"max-snippet:-1","max-image-preview":"max-image-preview:large","max-video-preview":"max-video-preview:-1"},"canonical":"https:\/\/www.vonin.com\/fo\/raekju-og-botn-trol\/","og_locale":"fo_FO","og_type":"article","og_title":"R\u00e6kju og botn trol - Dygd og kunnleiki - V\u00f3nin","og_description":"R\u00e6kju og botn trol - Dygd og kunnleiki. Trolini eru tillaga\u00f0 til kr\u00f8vini hj\u00e1 fiskimonnum kring heimin.","og_url":"https:\/\/www.vonin.com\/fo\/raekju-og-botn-trol\/","og_site_name":"V\u00f3nin","article_modified_time":"2025-10-08T14:50:56+00:00","og_image":[{"width":2560,"height":1728,"url":"https:\/\/www.vonin.com\/wp-content\/uploads\/2021\/06\/trolbassi-blue.jpg","type":"image\/jpeg"}],"twitter_card":"summary_large_image","twitter_misc":{"Est. reading time":"3 minutes"},"schema":{"@context":"https:\/\/schema.org","@graph":[{"@type":"WebPage","@id":"https:\/\/www.vonin.com\/fo\/raekju-og-botn-trol\/","url":"https:\/\/www.vonin.com\/fo\/raekju-og-botn-trol\/","name":"R\u00e6kju og botn trol - Dygd og kunnleiki - V\u00f3nin","isPartOf":{"@id":"https:\/\/www.vonin.com\/#website"},"primaryImageOfPage":{"@id":"https:\/\/www.vonin.com\/fo\/raekju-og-botn-trol\/#primaryimage"},"image":{"@id":"https:\/\/www.vonin.com\/fo\/raekju-og-botn-trol\/#primaryimage"},"thumbnailUrl":"https:\/\/www.vonin.com\/wp-content\/uploads\/2021\/06\/trolbassi-blue.jpg","datePublished":"2022-05-09T14:10:23+00:00","dateModified":"2025-10-08T14:50:56+00:00","description":"R\u00e6kju og botn trol - Dygd og kunnleiki. Trolini eru tillaga\u00f0 til kr\u00f8vini hj\u00e1 fiskimonnum kring heimin.","breadcrumb":{"@id":"https:\/\/www.vonin.com\/fo\/raekju-og-botn-trol\/#breadcrumb"},"inLanguage":"fo-FO","potentialAction":[{"@type":"ReadAction","target":["https:\/\/www.vonin.com\/fo\/raekju-og-botn-trol\/"]}]},{"@type":"ImageObject","inLanguage":"fo-FO","@id":"https:\/\/www.vonin.com\/fo\/raekju-og-botn-trol\/#primaryimage","url":"https:\/\/www.vonin.com\/wp-content\/uploads\/2021\/06\/trolbassi-blue.jpg","contentUrl":"https:\/\/www.vonin.com\/wp-content\/uploads\/2021\/06\/trolbassi-blue.jpg"},{"@type":"BreadcrumbList","@id":"https:\/\/www.vonin.com\/fo\/raekju-og-botn-trol\/#breadcrumb","itemListElement":[{"@type":"ListItem","position":1,"name":"V\u00f3nin","item":"https:\/\/www.vonin.com\/fo\/"},{"@type":"ListItem","position":2,"name":"R\u00e6kju og botn trol"}]},{"@type":"WebSite","@id":"https:\/\/www.vonin.com\/#website","url":"https:\/\/www.vonin.com\/","name":"V\u00f3nin","description":"V\u00f3nin is a major developer and manufacturer of high quality fishing gear and aquaculture equipment as well as supplying equipment to the offshore industry and land based industry.","potentialAction":[{"@type":"SearchAction","target":{"@type":"EntryPoint","urlTemplate":"https:\/\/www.vonin.com\/?s={search_term_string}"},"query-input":{"@type":"PropertyValueSpecification","valueRequired":true,"valueName":"search_term_string"}}],"inLanguage":"fo-FO"}]}},"_links":{"self":[{"href":"https:\/\/www.vonin.com\/fo\/wp-json\/wp\/v2\/pages\/9529","targetHints":{"allow":["GET"]}}],"collection":[{"href":"https:\/\/www.vonin.com\/fo\/wp-json\/wp\/v2\/pages"}],"about":[{"href":"https:\/\/www.vonin.com\/fo\/wp-json\/wp\/v2\/types\/page"}],"author":[{"embeddable":true,"href":"https:\/\/www.vonin.com\/fo\/wp-json\/wp\/v2\/users\/3"}],"replies":[{"embeddable":true,"href":"https:\/\/www.vonin.com\/fo\/wp-json\/wp\/v2\/comments?post=9529"}],"version-history":[{"count":8,"href":"https:\/\/www.vonin.com\/fo\/wp-json\/wp\/v2\/pages\/9529\/revisions"}],"predecessor-version":[{"id":238935,"href":"https:\/\/www.vonin.com\/fo\/wp-json\/wp\/v2\/pages\/9529\/revisions\/238935"}],"wp:attachment":[{"href":"https:\/\/www.vonin.com\/fo\/wp-json\/wp\/v2\/media?parent=9529"}],"curies":[{"name":"wp","href":"https:\/\/api.w.org\/{rel}","templated":true}]}}