{"id":38471,"date":"2024-05-22T08:33:33","date_gmt":"2024-05-22T08:33:33","guid":{"rendered":"https:\/\/www.vonin.com\/?page_id=38471"},"modified":"2024-05-23T10:57:58","modified_gmt":"2024-05-23T10:57:58","slug":"atlanticfair2024","status":"publish","type":"page","link":"https:\/\/www.vonin.com\/fo\/atlanticfair2024\/","title":{"rendered":"AtlanticFair2024"},"content":{"rendered":"\n<figure class=\"wp-block-image alignfull size-large\"><img loading=\"lazy\" decoding=\"async\" width=\"1600\" height=\"900\" src=\"https:\/\/www.vonin.com\/wp-content\/uploads\/2023\/10\/vdJgSvqJA599QwyTLLjcA9-1600x900.jpg\" alt=\"\" class=\"wp-image-23391\" srcset=\"https:\/\/www.vonin.com\/wp-content\/uploads\/2023\/10\/vdJgSvqJA599QwyTLLjcA9-1600x900.jpg 1600w, https:\/\/www.vonin.com\/wp-content\/uploads\/2023\/10\/vdJgSvqJA599QwyTLLjcA9-800x450.jpg 800w, https:\/\/www.vonin.com\/wp-content\/uploads\/2023\/10\/vdJgSvqJA599QwyTLLjcA9-768x432.jpg 768w, https:\/\/www.vonin.com\/wp-content\/uploads\/2023\/10\/vdJgSvqJA599QwyTLLjcA9-200x113.jpg 200w, https:\/\/www.vonin.com\/wp-content\/uploads\/2023\/10\/vdJgSvqJA599QwyTLLjcA9-1536x864.jpg 1536w, https:\/\/www.vonin.com\/wp-content\/uploads\/2023\/10\/vdJgSvqJA599QwyTLLjcA9.jpg 1920w\" sizes=\"auto, (max-width: 1600px) 100vw, 1600px\" \/><\/figure>\n\n\n\n<h2 class=\"wp-block-heading has-text-align-center\">Vinn eitt <br>Garmin Quatix 7 Pro ur!<\/h2>\n\n\n\n<div style=\"height:60px\" aria-hidden=\"true\" class=\"wp-block-spacer\"><\/div>\n\n\n\n<h3 class=\"wp-block-heading\">Hvussu langur er tr\u00e1\u00f0urin?<\/h3>\n\n\n\n<div style=\"height:30px\" aria-hidden=\"true\" class=\"wp-block-spacer\"><\/div>\n\n\n\n<div class=\"wp-block-leadin-hubspot-form-block\">\n\t\t\t\t\t\t<script>\n\t\t\t\t\t\t\twindow.hsFormsOnReady = window.hsFormsOnReady || [];\n\t\t\t\t\t\t\twindow.hsFormsOnReady.push(()=>{\n\t\t\t\t\t\t\t\thbspt.forms.create({\n\t\t\t\t\t\t\t\t\tportalId: 26950452,\n\t\t\t\t\t\t\t\t\tformId: \"71cd4638-c897-4ba0-9525-c22b166077b7\",\n\t\t\t\t\t\t\t\t\ttarget: \"#hbspt-form-1776155927000-4762828879\",\n\t\t\t\t\t\t\t\t\tregion: \"eu1\",\n\t\t\t\t\t\t\t\t\t\n\t\t\t\t\t\t\t})});\n\t\t\t\t\t\t<\/script>\n\t\t\t\t\t\t<div class=\"hbspt-form\" id=\"hbspt-form-1776155927000-4762828879\"><\/div><\/div>\n\n\n\n<div style=\"height:100px\" aria-hidden=\"true\" class=\"wp-block-spacer\"><\/div>\n\n\n\n<h6 class=\"wp-block-heading\">G\u00f3\u00f0a eydnu!<\/h6>\n\n\n\n<div style=\"height:60px\" aria-hidden=\"true\" class=\"wp-block-spacer\"><\/div>\n","protected":false},"excerpt":{"rendered":"<p>Vinn eitt Garmin Quatix 7 Pro ur! Hvussu langur er tr\u00e1\u00f0urin? G\u00f3\u00f0a eydnu!<\/p>\n","protected":false},"author":3,"featured_media":0,"parent":0,"menu_order":0,"comment_status":"closed","ping_status":"closed","template":"","meta":{"_acf_changed":false,"content-type":"","footnotes":""},"class_list":["post-38471","page","type-page","status-publish","hentry"],"acf":[],"yoast_head":"<!-- This site is optimized with the Yoast SEO plugin v27.3 - https:\/\/yoast.com\/product\/yoast-seo-wordpress\/ -->\n<title>AtlanticFair2024 - V\u00f3nin<\/title>\n<meta name=\"robots\" content=\"index, follow, max-snippet:-1, max-image-preview:large, max-video-preview:-1\" \/>\n<link rel=\"canonical\" href=\"https:\/\/www.vonin.com\/fo\/atlanticfair2024\/\" \/>\n<meta property=\"og:locale\" content=\"fo_FO\" \/>\n<meta property=\"og:type\" content=\"article\" \/>\n<meta property=\"og:title\" content=\"AtlanticFair2024 - V\u00f3nin\" \/>\n<meta property=\"og:description\" content=\"Vinn eitt Garmin Quatix 7 Pro ur! Hvussu langur er tr\u00e1\u00f0urin? G\u00f3\u00f0a eydnu!\" \/>\n<meta property=\"og:url\" content=\"https:\/\/www.vonin.com\/fo\/atlanticfair2024\/\" \/>\n<meta property=\"og:site_name\" content=\"V\u00f3nin\" \/>\n<meta property=\"article:modified_time\" content=\"2024-05-23T10:57:58+00:00\" \/>\n<meta property=\"og:image\" content=\"https:\/\/www.vonin.com\/wp-content\/uploads\/2023\/10\/vdJgSvqJA599QwyTLLjcA9-1600x900.jpg\" \/>\n<meta name=\"twitter:card\" content=\"summary_large_image\" \/>\n<meta name=\"twitter:label1\" content=\"Est. reading time\" \/>\n\t<meta name=\"twitter:data1\" content=\"1 minute\" \/>\n<script type=\"application\/ld+json\" class=\"yoast-schema-graph\">{\"@context\":\"https:\\\/\\\/schema.org\",\"@graph\":[{\"@type\":\"WebPage\",\"@id\":\"https:\\\/\\\/www.vonin.com\\\/fo\\\/atlanticfair2024\\\/\",\"url\":\"https:\\\/\\\/www.vonin.com\\\/fo\\\/atlanticfair2024\\\/\",\"name\":\"AtlanticFair2024 - V\u00f3nin\",\"isPartOf\":{\"@id\":\"https:\\\/\\\/www.vonin.com\\\/#website\"},\"primaryImageOfPage\":{\"@id\":\"https:\\\/\\\/www.vonin.com\\\/fo\\\/atlanticfair2024\\\/#primaryimage\"},\"image\":{\"@id\":\"https:\\\/\\\/www.vonin.com\\\/fo\\\/atlanticfair2024\\\/#primaryimage\"},\"thumbnailUrl\":\"https:\\\/\\\/www.vonin.com\\\/wp-content\\\/uploads\\\/2023\\\/10\\\/vdJgSvqJA599QwyTLLjcA9-1600x900.jpg\",\"datePublished\":\"2024-05-22T08:33:33+00:00\",\"dateModified\":\"2024-05-23T10:57:58+00:00\",\"breadcrumb\":{\"@id\":\"https:\\\/\\\/www.vonin.com\\\/fo\\\/atlanticfair2024\\\/#breadcrumb\"},\"inLanguage\":\"fo-FO\",\"potentialAction\":[{\"@type\":\"ReadAction\",\"target\":[\"https:\\\/\\\/www.vonin.com\\\/fo\\\/atlanticfair2024\\\/\"]}]},{\"@type\":\"ImageObject\",\"inLanguage\":\"fo-FO\",\"@id\":\"https:\\\/\\\/www.vonin.com\\\/fo\\\/atlanticfair2024\\\/#primaryimage\",\"url\":\"https:\\\/\\\/www.vonin.com\\\/wp-content\\\/uploads\\\/2023\\\/10\\\/vdJgSvqJA599QwyTLLjcA9-1600x900.jpg\",\"contentUrl\":\"https:\\\/\\\/www.vonin.com\\\/wp-content\\\/uploads\\\/2023\\\/10\\\/vdJgSvqJA599QwyTLLjcA9-1600x900.jpg\"},{\"@type\":\"BreadcrumbList\",\"@id\":\"https:\\\/\\\/www.vonin.com\\\/fo\\\/atlanticfair2024\\\/#breadcrumb\",\"itemListElement\":[{\"@type\":\"ListItem\",\"position\":1,\"name\":\"V\u00f3nin\",\"item\":\"https:\\\/\\\/www.vonin.com\\\/fo\\\/\"},{\"@type\":\"ListItem\",\"position\":2,\"name\":\"AtlanticFair2024\"}]},{\"@type\":\"WebSite\",\"@id\":\"https:\\\/\\\/www.vonin.com\\\/#website\",\"url\":\"https:\\\/\\\/www.vonin.com\\\/\",\"name\":\"V\u00f3nin\",\"description\":\"V\u00f3nin is a major developer and manufacturer of high quality fishing gear and aquaculture equipment as well as supplying equipment to the offshore industry and land based industry.\",\"potentialAction\":[{\"@type\":\"SearchAction\",\"target\":{\"@type\":\"EntryPoint\",\"urlTemplate\":\"https:\\\/\\\/www.vonin.com\\\/?s={search_term_string}\"},\"query-input\":{\"@type\":\"PropertyValueSpecification\",\"valueRequired\":true,\"valueName\":\"search_term_string\"}}],\"inLanguage\":\"fo-FO\"}]}<\/script>\n<!-- \/ Yoast SEO plugin. -->","yoast_head_json":{"title":"AtlanticFair2024 - V\u00f3nin","robots":{"index":"index","follow":"follow","max-snippet":"max-snippet:-1","max-image-preview":"max-image-preview:large","max-video-preview":"max-video-preview:-1"},"canonical":"https:\/\/www.vonin.com\/fo\/atlanticfair2024\/","og_locale":"fo_FO","og_type":"article","og_title":"AtlanticFair2024 - V\u00f3nin","og_description":"Vinn eitt Garmin Quatix 7 Pro ur! Hvussu langur er tr\u00e1\u00f0urin? G\u00f3\u00f0a eydnu!","og_url":"https:\/\/www.vonin.com\/fo\/atlanticfair2024\/","og_site_name":"V\u00f3nin","article_modified_time":"2024-05-23T10:57:58+00:00","og_image":[{"url":"https:\/\/www.vonin.com\/wp-content\/uploads\/2023\/10\/vdJgSvqJA599QwyTLLjcA9-1600x900.jpg","type":"","width":"","height":""}],"twitter_card":"summary_large_image","twitter_misc":{"Est. reading time":"1 minute"},"schema":{"@context":"https:\/\/schema.org","@graph":[{"@type":"WebPage","@id":"https:\/\/www.vonin.com\/fo\/atlanticfair2024\/","url":"https:\/\/www.vonin.com\/fo\/atlanticfair2024\/","name":"AtlanticFair2024 - V\u00f3nin","isPartOf":{"@id":"https:\/\/www.vonin.com\/#website"},"primaryImageOfPage":{"@id":"https:\/\/www.vonin.com\/fo\/atlanticfair2024\/#primaryimage"},"image":{"@id":"https:\/\/www.vonin.com\/fo\/atlanticfair2024\/#primaryimage"},"thumbnailUrl":"https:\/\/www.vonin.com\/wp-content\/uploads\/2023\/10\/vdJgSvqJA599QwyTLLjcA9-1600x900.jpg","datePublished":"2024-05-22T08:33:33+00:00","dateModified":"2024-05-23T10:57:58+00:00","breadcrumb":{"@id":"https:\/\/www.vonin.com\/fo\/atlanticfair2024\/#breadcrumb"},"inLanguage":"fo-FO","potentialAction":[{"@type":"ReadAction","target":["https:\/\/www.vonin.com\/fo\/atlanticfair2024\/"]}]},{"@type":"ImageObject","inLanguage":"fo-FO","@id":"https:\/\/www.vonin.com\/fo\/atlanticfair2024\/#primaryimage","url":"https:\/\/www.vonin.com\/wp-content\/uploads\/2023\/10\/vdJgSvqJA599QwyTLLjcA9-1600x900.jpg","contentUrl":"https:\/\/www.vonin.com\/wp-content\/uploads\/2023\/10\/vdJgSvqJA599QwyTLLjcA9-1600x900.jpg"},{"@type":"BreadcrumbList","@id":"https:\/\/www.vonin.com\/fo\/atlanticfair2024\/#breadcrumb","itemListElement":[{"@type":"ListItem","position":1,"name":"V\u00f3nin","item":"https:\/\/www.vonin.com\/fo\/"},{"@type":"ListItem","position":2,"name":"AtlanticFair2024"}]},{"@type":"WebSite","@id":"https:\/\/www.vonin.com\/#website","url":"https:\/\/www.vonin.com\/","name":"V\u00f3nin","description":"V\u00f3nin is a major developer and manufacturer of high quality fishing gear and aquaculture equipment as well as supplying equipment to the offshore industry and land based industry.","potentialAction":[{"@type":"SearchAction","target":{"@type":"EntryPoint","urlTemplate":"https:\/\/www.vonin.com\/?s={search_term_string}"},"query-input":{"@type":"PropertyValueSpecification","valueRequired":true,"valueName":"search_term_string"}}],"inLanguage":"fo-FO"}]}},"_links":{"self":[{"href":"https:\/\/www.vonin.com\/fo\/wp-json\/wp\/v2\/pages\/38471","targetHints":{"allow":["GET"]}}],"collection":[{"href":"https:\/\/www.vonin.com\/fo\/wp-json\/wp\/v2\/pages"}],"about":[{"href":"https:\/\/www.vonin.com\/fo\/wp-json\/wp\/v2\/types\/page"}],"author":[{"embeddable":true,"href":"https:\/\/www.vonin.com\/fo\/wp-json\/wp\/v2\/users\/3"}],"replies":[{"embeddable":true,"href":"https:\/\/www.vonin.com\/fo\/wp-json\/wp\/v2\/comments?post=38471"}],"version-history":[{"count":3,"href":"https:\/\/www.vonin.com\/fo\/wp-json\/wp\/v2\/pages\/38471\/revisions"}],"predecessor-version":[{"id":38538,"href":"https:\/\/www.vonin.com\/fo\/wp-json\/wp\/v2\/pages\/38471\/revisions\/38538"}],"wp:attachment":[{"href":"https:\/\/www.vonin.com\/fo\/wp-json\/wp\/v2\/media?parent=38471"}],"curies":[{"name":"wp","href":"https:\/\/api.w.org\/{rel}","templated":true}]}}