{"id":328081,"date":"2026-01-09T14:36:08","date_gmt":"2026-01-09T14:36:08","guid":{"rendered":"https:\/\/www.vonin.com\/?page_id=328081"},"modified":"2026-01-12T15:56:02","modified_gmt":"2026-01-12T15:56:02","slug":"tiltak-i-oslo","status":"publish","type":"page","link":"https:\/\/www.vonin.com\/fo\/tiltak-i-oslo\/","title":{"rendered":"Tiltak \u00ed Oslo"},"content":{"rendered":"\n<div class=\"wp-block-cover alignfull has-custom-content-position is-position-center-left\" style=\"min-height:617px;aspect-ratio:unset;\"><img loading=\"lazy\" decoding=\"async\" width=\"1600\" height=\"900\" class=\"wp-block-cover__image-background wp-image-328114 size-large\" alt=\"\" src=\"https:\/\/www.vonin.com\/wp-content\/uploads\/2026\/01\/oslo-A-1600x900.jpg\" data-object-fit=\"cover\" srcset=\"https:\/\/www.vonin.com\/wp-content\/uploads\/2026\/01\/oslo-A-1600x900.jpg 1600w, https:\/\/www.vonin.com\/wp-content\/uploads\/2026\/01\/oslo-A-800x450.jpg 800w, https:\/\/www.vonin.com\/wp-content\/uploads\/2026\/01\/oslo-A-768x432.jpg 768w, https:\/\/www.vonin.com\/wp-content\/uploads\/2026\/01\/oslo-A-200x113.jpg 200w, https:\/\/www.vonin.com\/wp-content\/uploads\/2026\/01\/oslo-A-1536x864.jpg 1536w, https:\/\/www.vonin.com\/wp-content\/uploads\/2026\/01\/oslo-A.jpg 1920w\" sizes=\"auto, (max-width: 1600px) 100vw, 1600px\" \/><span aria-hidden=\"true\" class=\"wp-block-cover__background has-black-background-color has-background-dim-40 has-background-dim\"><\/span><div class=\"wp-block-cover__inner-container is-layout-flow wp-block-cover-is-layout-flow\">\n<h2 class=\"wp-block-heading has-text-align-center has-large-font-size\">TILTAK og NETVERKAN<\/h2>\n\n\n\n<h2 class=\"wp-block-heading has-text-align-center\">\u00e1 Radisson Blu Scandinavia Hotel \u00ed Oslo<\/h2>\n<\/div><\/div>\n\n\n\n<div style=\"height:60px\" aria-hidden=\"true\" class=\"wp-block-spacer\"><\/div>\n\n\n\n<h3 class=\"wp-block-heading has-text-align-center\" id=\"vaelkomin-til\"><strong>V\u00d3NIN, ATLANTIC SHIPPING OG FISHFACTS<br>BJ\u00d3\u00d0A TYKKUM<\/strong><\/h3>\n\n\n\n<div style=\"height:15px\" aria-hidden=\"true\" class=\"wp-block-spacer\"><\/div>\n\n\n\n<div class=\"wp-block-columns is-layout-flex wp-container-core-columns-is-layout-9d6595d7 wp-block-columns-is-layout-flex\">\n<div class=\"wp-block-column is-layout-flow wp-block-column-is-layout-flow\">\n<h6 class=\"wp-block-heading has-text-align-center has-black-color has-text-color has-link-color wp-elements-76c1d9f5431ddbb4888f8044d5f9f4fb\">V\u00e6lkomin til eitt spontant tiltak mitt \u00ed hondb\u00f3ltsfeprinum \u00ed Oslo<br>leygardagin 17. Januar fr\u00e1 kl. 14.00-17.00<\/h6>\n<\/div>\n<\/div>\n\n\n\n<hr class=\"wp-block-separator has-alpha-channel-opacity\"\/>\n\n\n\n<h6 class=\"wp-block-heading has-text-align-center has-black-color has-text-color has-link-color wp-elements-cb36b463349de158f6fdc4041a429d41\">\u00c1 skr\u00e1nni ver\u00f0a stuttar framl\u00f8gur, munnbitar, \u00f8l, sjampanja, netverkan og gott lag.<br>Eru tit \u00ed grannalagnum, so kom ein t\u00far framvi\u00f0! Ta\u00f0 ver\u00f0ur heilt sikkurt hugnaligt.<\/h6>\n\n\n\n<hr class=\"wp-block-separator has-alpha-channel-opacity\"\/>\n\n\n\n<p class=\"has-text-align-center has-black-color has-text-color\">Men vit vilja gjarna vita, hvussu n\u00f3gv vit skulu b\u00edleggja til. So sig okkum fr\u00e1, um tit f\u00e1a veri\u00f0 vi\u00f0.<br>Bo\u00f0a fr\u00e1 hj\u00e1 \u00d3la \u00e1 Gravarb\u00f8 +298 230223 ella Hanus Samr\u00f3 +298 525200<\/p>\n\n\n\n<div style=\"height:30px\" aria-hidden=\"true\" class=\"wp-block-spacer\"><\/div>\n\n\n\n<h6 class=\"wp-block-heading has-text-align-center\"><strong>N\u00e6r:<\/strong> Leygardagin 17. januar<br><strong>T\u00ed\u00f0:<\/strong> 14.00-17.00<br><strong>Hvar:<\/strong>&nbsp;Radisson Blu Scandinavia Hotel, Holbergsgate 30, Oslo<\/h6>\n\n\n\n<div style=\"height:60px\" aria-hidden=\"true\" class=\"wp-block-spacer\"><\/div>\n\n\n\n<p><\/p>\n\n\n\n<div class=\"wp-block-columns is-layout-flex wp-container-core-columns-is-layout-9d6595d7 wp-block-columns-is-layout-flex\">\n<div class=\"wp-block-column is-layout-flow wp-block-column-is-layout-flow\">\n<figure class=\"wp-block-image size-full\"><img loading=\"lazy\" decoding=\"async\" width=\"600\" height=\"300\" src=\"https:\/\/www.vonin.com\/wp-content\/uploads\/2026\/01\/atlantic-shipping.jpg\" alt=\"\" class=\"wp-image-328126\" srcset=\"https:\/\/www.vonin.com\/wp-content\/uploads\/2026\/01\/atlantic-shipping.jpg 600w, https:\/\/www.vonin.com\/wp-content\/uploads\/2026\/01\/atlantic-shipping-200x100.jpg 200w\" sizes=\"auto, (max-width: 600px) 100vw, 600px\" \/><\/figure>\n<\/div>\n\n\n\n<div class=\"wp-block-column is-layout-flow wp-block-column-is-layout-flow\">\n<figure class=\"wp-block-image size-full\"><img loading=\"lazy\" decoding=\"async\" width=\"600\" height=\"300\" src=\"https:\/\/www.vonin.com\/wp-content\/uploads\/2026\/01\/vonin.jpg\" alt=\"\" class=\"wp-image-328130\" srcset=\"https:\/\/www.vonin.com\/wp-content\/uploads\/2026\/01\/vonin.jpg 600w, https:\/\/www.vonin.com\/wp-content\/uploads\/2026\/01\/vonin-200x100.jpg 200w\" sizes=\"auto, (max-width: 600px) 100vw, 600px\" \/><\/figure>\n<\/div>\n\n\n\n<div class=\"wp-block-column is-layout-flow wp-block-column-is-layout-flow\">\n<figure class=\"wp-block-image size-full\"><img loading=\"lazy\" decoding=\"async\" width=\"600\" height=\"300\" src=\"https:\/\/www.vonin.com\/wp-content\/uploads\/2026\/01\/fishfacts.jpg\" alt=\"\" class=\"wp-image-328135\" srcset=\"https:\/\/www.vonin.com\/wp-content\/uploads\/2026\/01\/fishfacts.jpg 600w, https:\/\/www.vonin.com\/wp-content\/uploads\/2026\/01\/fishfacts-200x100.jpg 200w\" sizes=\"auto, (max-width: 600px) 100vw, 600px\" \/><\/figure>\n<\/div>\n<\/div>\n\n\n\n<div style=\"height:60px\" aria-hidden=\"true\" class=\"wp-block-spacer\"><\/div>\n\n\n\n<p><\/p>\n","protected":false},"excerpt":{"rendered":"<p>V\u00d3NIN, ATLANTIC SHIPPING OG FISHFACTSBJ\u00d3\u00d0A TYKKUM V\u00e6lkomin til eitt spontant tiltak mitt \u00ed hondb\u00f3ltsfeprinum \u00ed Osloleygardagin 17. Januar fr\u00e1 kl. 14.00-17.00 \u00c1 skr\u00e1nni ver\u00f0a stuttar framl\u00f8gur, munnbitar, \u00f8l, sjampanja, netverkan og gott lag.Eru tit \u00ed grannalagnum, so kom ein t\u00far framvi\u00f0! Ta\u00f0 ver\u00f0ur heilt sikkurt hugnaligt. Men vit vilja gjarna vita, hvussu n\u00f3gv vit skulu [&hellip;]<\/p>\n","protected":false},"author":3,"featured_media":0,"parent":0,"menu_order":0,"comment_status":"closed","ping_status":"closed","template":"","meta":{"_acf_changed":false,"content-type":"","footnotes":""},"class_list":["post-328081","page","type-page","status-publish","hentry"],"acf":[],"yoast_head":"<!-- This site is optimized with the Yoast SEO plugin v27.5 - https:\/\/yoast.com\/product\/yoast-seo-wordpress\/ -->\n<title>Tiltak \u00ed Oslo - V\u00f3nin<\/title>\n<meta name=\"robots\" content=\"index, follow, max-snippet:-1, max-image-preview:large, max-video-preview:-1\" \/>\n<link rel=\"canonical\" href=\"https:\/\/www.vonin.com\/fo\/tiltak-i-oslo\/\" \/>\n<meta property=\"og:locale\" content=\"fo_FO\" \/>\n<meta property=\"og:type\" content=\"article\" \/>\n<meta property=\"og:title\" content=\"Tiltak \u00ed Oslo - V\u00f3nin\" \/>\n<meta property=\"og:description\" content=\"V\u00d3NIN, ATLANTIC SHIPPING OG FISHFACTSBJ\u00d3\u00d0A TYKKUM V\u00e6lkomin til eitt spontant tiltak mitt \u00ed hondb\u00f3ltsfeprinum \u00ed Osloleygardagin 17. Januar fr\u00e1 kl. 14.00-17.00 \u00c1 skr\u00e1nni ver\u00f0a stuttar framl\u00f8gur, munnbitar, \u00f8l, sjampanja, netverkan og gott lag.Eru tit \u00ed grannalagnum, so kom ein t\u00far framvi\u00f0! Ta\u00f0 ver\u00f0ur heilt sikkurt hugnaligt. Men vit vilja gjarna vita, hvussu n\u00f3gv vit skulu [&hellip;]\" \/>\n<meta property=\"og:url\" content=\"https:\/\/www.vonin.com\/fo\/tiltak-i-oslo\/\" \/>\n<meta property=\"og:site_name\" content=\"V\u00f3nin\" \/>\n<meta property=\"article:modified_time\" content=\"2026-01-12T15:56:02+00:00\" \/>\n<meta property=\"og:image\" content=\"https:\/\/www.vonin.com\/wp-content\/uploads\/2026\/01\/oslo-A.jpg\" \/>\n\t<meta property=\"og:image:width\" content=\"1920\" \/>\n\t<meta property=\"og:image:height\" content=\"1080\" \/>\n\t<meta property=\"og:image:type\" content=\"image\/jpeg\" \/>\n<meta name=\"twitter:card\" content=\"summary_large_image\" \/>\n<meta name=\"twitter:label1\" content=\"Est. reading time\" \/>\n\t<meta name=\"twitter:data1\" content=\"2 minutes\" \/>\n<script type=\"application\/ld+json\" class=\"yoast-schema-graph\">{\"@context\":\"https:\\\/\\\/schema.org\",\"@graph\":[{\"@type\":\"WebPage\",\"@id\":\"https:\\\/\\\/www.vonin.com\\\/fo\\\/tiltak-i-oslo\\\/\",\"url\":\"https:\\\/\\\/www.vonin.com\\\/fo\\\/tiltak-i-oslo\\\/\",\"name\":\"Tiltak \u00ed Oslo - V\u00f3nin\",\"isPartOf\":{\"@id\":\"https:\\\/\\\/www.vonin.com\\\/#website\"},\"primaryImageOfPage\":{\"@id\":\"https:\\\/\\\/www.vonin.com\\\/fo\\\/tiltak-i-oslo\\\/#primaryimage\"},\"image\":{\"@id\":\"https:\\\/\\\/www.vonin.com\\\/fo\\\/tiltak-i-oslo\\\/#primaryimage\"},\"thumbnailUrl\":\"https:\\\/\\\/www.vonin.com\\\/wp-content\\\/uploads\\\/2026\\\/01\\\/oslo-A-1600x900.jpg\",\"datePublished\":\"2026-01-09T14:36:08+00:00\",\"dateModified\":\"2026-01-12T15:56:02+00:00\",\"breadcrumb\":{\"@id\":\"https:\\\/\\\/www.vonin.com\\\/fo\\\/tiltak-i-oslo\\\/#breadcrumb\"},\"inLanguage\":\"fo-FO\",\"potentialAction\":[{\"@type\":\"ReadAction\",\"target\":[\"https:\\\/\\\/www.vonin.com\\\/fo\\\/tiltak-i-oslo\\\/\"]}]},{\"@type\":\"ImageObject\",\"inLanguage\":\"fo-FO\",\"@id\":\"https:\\\/\\\/www.vonin.com\\\/fo\\\/tiltak-i-oslo\\\/#primaryimage\",\"url\":\"https:\\\/\\\/www.vonin.com\\\/wp-content\\\/uploads\\\/2026\\\/01\\\/oslo-A-1600x900.jpg\",\"contentUrl\":\"https:\\\/\\\/www.vonin.com\\\/wp-content\\\/uploads\\\/2026\\\/01\\\/oslo-A-1600x900.jpg\"},{\"@type\":\"BreadcrumbList\",\"@id\":\"https:\\\/\\\/www.vonin.com\\\/fo\\\/tiltak-i-oslo\\\/#breadcrumb\",\"itemListElement\":[{\"@type\":\"ListItem\",\"position\":1,\"name\":\"V\u00f3nin\",\"item\":\"https:\\\/\\\/www.vonin.com\\\/fo\\\/\"},{\"@type\":\"ListItem\",\"position\":2,\"name\":\"Tiltak \u00ed Oslo\"}]},{\"@type\":\"WebSite\",\"@id\":\"https:\\\/\\\/www.vonin.com\\\/#website\",\"url\":\"https:\\\/\\\/www.vonin.com\\\/\",\"name\":\"V\u00f3nin\",\"description\":\"V\u00f3nin is a major developer and manufacturer of high quality fishing gear and aquaculture equipment as well as supplying equipment to the offshore industry and land based industry.\",\"potentialAction\":[{\"@type\":\"SearchAction\",\"target\":{\"@type\":\"EntryPoint\",\"urlTemplate\":\"https:\\\/\\\/www.vonin.com\\\/?s={search_term_string}\"},\"query-input\":{\"@type\":\"PropertyValueSpecification\",\"valueRequired\":true,\"valueName\":\"search_term_string\"}}],\"inLanguage\":\"fo-FO\"}]}<\/script>\n<!-- \/ Yoast SEO plugin. -->","yoast_head_json":{"title":"Tiltak \u00ed Oslo - V\u00f3nin","robots":{"index":"index","follow":"follow","max-snippet":"max-snippet:-1","max-image-preview":"max-image-preview:large","max-video-preview":"max-video-preview:-1"},"canonical":"https:\/\/www.vonin.com\/fo\/tiltak-i-oslo\/","og_locale":"fo_FO","og_type":"article","og_title":"Tiltak \u00ed Oslo - V\u00f3nin","og_description":"V\u00d3NIN, ATLANTIC SHIPPING OG FISHFACTSBJ\u00d3\u00d0A TYKKUM V\u00e6lkomin til eitt spontant tiltak mitt \u00ed hondb\u00f3ltsfeprinum \u00ed Osloleygardagin 17. Januar fr\u00e1 kl. 14.00-17.00 \u00c1 skr\u00e1nni ver\u00f0a stuttar framl\u00f8gur, munnbitar, \u00f8l, sjampanja, netverkan og gott lag.Eru tit \u00ed grannalagnum, so kom ein t\u00far framvi\u00f0! Ta\u00f0 ver\u00f0ur heilt sikkurt hugnaligt. Men vit vilja gjarna vita, hvussu n\u00f3gv vit skulu [&hellip;]","og_url":"https:\/\/www.vonin.com\/fo\/tiltak-i-oslo\/","og_site_name":"V\u00f3nin","article_modified_time":"2026-01-12T15:56:02+00:00","og_image":[{"width":1920,"height":1080,"url":"https:\/\/www.vonin.com\/wp-content\/uploads\/2026\/01\/oslo-A.jpg","type":"image\/jpeg"}],"twitter_card":"summary_large_image","twitter_misc":{"Est. reading time":"2 minutes"},"schema":{"@context":"https:\/\/schema.org","@graph":[{"@type":"WebPage","@id":"https:\/\/www.vonin.com\/fo\/tiltak-i-oslo\/","url":"https:\/\/www.vonin.com\/fo\/tiltak-i-oslo\/","name":"Tiltak \u00ed Oslo - V\u00f3nin","isPartOf":{"@id":"https:\/\/www.vonin.com\/#website"},"primaryImageOfPage":{"@id":"https:\/\/www.vonin.com\/fo\/tiltak-i-oslo\/#primaryimage"},"image":{"@id":"https:\/\/www.vonin.com\/fo\/tiltak-i-oslo\/#primaryimage"},"thumbnailUrl":"https:\/\/www.vonin.com\/wp-content\/uploads\/2026\/01\/oslo-A-1600x900.jpg","datePublished":"2026-01-09T14:36:08+00:00","dateModified":"2026-01-12T15:56:02+00:00","breadcrumb":{"@id":"https:\/\/www.vonin.com\/fo\/tiltak-i-oslo\/#breadcrumb"},"inLanguage":"fo-FO","potentialAction":[{"@type":"ReadAction","target":["https:\/\/www.vonin.com\/fo\/tiltak-i-oslo\/"]}]},{"@type":"ImageObject","inLanguage":"fo-FO","@id":"https:\/\/www.vonin.com\/fo\/tiltak-i-oslo\/#primaryimage","url":"https:\/\/www.vonin.com\/wp-content\/uploads\/2026\/01\/oslo-A-1600x900.jpg","contentUrl":"https:\/\/www.vonin.com\/wp-content\/uploads\/2026\/01\/oslo-A-1600x900.jpg"},{"@type":"BreadcrumbList","@id":"https:\/\/www.vonin.com\/fo\/tiltak-i-oslo\/#breadcrumb","itemListElement":[{"@type":"ListItem","position":1,"name":"V\u00f3nin","item":"https:\/\/www.vonin.com\/fo\/"},{"@type":"ListItem","position":2,"name":"Tiltak \u00ed Oslo"}]},{"@type":"WebSite","@id":"https:\/\/www.vonin.com\/#website","url":"https:\/\/www.vonin.com\/","name":"V\u00f3nin","description":"V\u00f3nin is a major developer and manufacturer of high quality fishing gear and aquaculture equipment as well as supplying equipment to the offshore industry and land based industry.","potentialAction":[{"@type":"SearchAction","target":{"@type":"EntryPoint","urlTemplate":"https:\/\/www.vonin.com\/?s={search_term_string}"},"query-input":{"@type":"PropertyValueSpecification","valueRequired":true,"valueName":"search_term_string"}}],"inLanguage":"fo-FO"}]}},"_links":{"self":[{"href":"https:\/\/www.vonin.com\/fo\/wp-json\/wp\/v2\/pages\/328081","targetHints":{"allow":["GET"]}}],"collection":[{"href":"https:\/\/www.vonin.com\/fo\/wp-json\/wp\/v2\/pages"}],"about":[{"href":"https:\/\/www.vonin.com\/fo\/wp-json\/wp\/v2\/types\/page"}],"author":[{"embeddable":true,"href":"https:\/\/www.vonin.com\/fo\/wp-json\/wp\/v2\/users\/3"}],"replies":[{"embeddable":true,"href":"https:\/\/www.vonin.com\/fo\/wp-json\/wp\/v2\/comments?post=328081"}],"version-history":[{"count":26,"href":"https:\/\/www.vonin.com\/fo\/wp-json\/wp\/v2\/pages\/328081\/revisions"}],"predecessor-version":[{"id":329120,"href":"https:\/\/www.vonin.com\/fo\/wp-json\/wp\/v2\/pages\/328081\/revisions\/329120"}],"wp:attachment":[{"href":"https:\/\/www.vonin.com\/fo\/wp-json\/wp\/v2\/media?parent=328081"}],"curies":[{"name":"wp","href":"https:\/\/api.w.org\/{rel}","templated":true}]}}