{"id":256691,"date":"2025-08-28T20:12:46","date_gmt":"2025-08-28T20:12:46","guid":{"rendered":"https:\/\/www.vonin.com\/?page_id=256691"},"modified":"2025-08-28T21:15:13","modified_gmt":"2025-08-28T21:15:13","slug":"datuverndarkunning","status":"publish","type":"page","link":"https:\/\/www.vonin.com\/fo\/datuverndarkunning\/","title":{"rendered":"D\u00e1tuverndarkunning"},"content":{"rendered":"\n<h1 class=\"wp-block-heading\">D\u00e1tuverndarkunning<\/h1>\n\n\n\n<h2 class=\"wp-block-heading\">Um P\/F V\u00f3nin<\/h2>\n\n\n\n<p>Hendan d\u00e1tuverndarkunning gevur innlit \u00ed, hvussu P\/F V\u00f3nin (\u201cvit\u201d, \u201cokkum\u201d, \u201cokkara\u201d), vi\u00f0ger\u00f0 pers\u00f3nuppl\u00fdsingar. Kunningin er m\u00e1lr\u00e6tta\u00f0 \u00f8llum p\u00f8rtum, i\u00f0 vit savna inn ella m\u00f3ttaka pers\u00f3nuppl\u00fdsingar fr\u00e1 so sum gestir, kundar, starvsf\u00f3lk hj\u00e1 okkum ella okkara veitarum og samstarvsp\u00f8rtum ella fr\u00e1 \u00f8\u00f0rum tri\u00f0japartum.<\/p>\n\n\n\n<h2 class=\"wp-block-heading\">Okkara vi\u00f0ger\u00f0 av pers\u00f3nuppl\u00fdsingum<\/h2>\n\n\n\n<p>P\/F V\u00f3nin er d\u00e1tu\u00e1byrgdari fyri vi\u00f0ger\u00f0ini av teimum pers\u00f3nuppl\u00fdsingum, i\u00f0 ver\u00f0a skr\u00e1settir um teg. Sum d\u00e1tu\u00e1byrgdari er ta\u00f0 skylda okkara at tryggja, at vi\u00f0ger\u00f0in l\u00fakar tey kr\u00f8v, i\u00f0 til eina og hv\u00f8rja t\u00ed\u00f0 eru galdandi samb\u00e6rt reglunum \u00ed d\u00e1tuverndarl\u00f3gini.<\/p>\n\n\n\n<p>P\/F V\u00f3nin kunnar teg vi\u00f0 hesum um eina r\u00f8\u00f0 av vi\u00f0urskiftum og r\u00e6ttindum, sum t\u00fa hevur samb\u00e6rt d\u00e1tuverndarl\u00f3gini. \u00cd kunningini er n\u00e6rri l\u00fdst, hvussu P\/F V\u00f3nin vi\u00f0ger\u00f0 og verjir pers\u00f3nuppl\u00fdsingar, sum vit hava \u00e1byrgd av.<\/p>\n\n\n\n<p>P\/F V\u00f3nin hevur \u00e1byrgd av pers\u00f3nuppl\u00fdsingum hj\u00e1 starvsf\u00f3lkum \u00e1 P\/F V\u00f3nin, vi\u00f0skiftaf\u00f3lki, samstarvsp\u00f8rtum og veitarum \u00ed sambandi vi\u00f0 virksemi og t\u00e6nastur okkara.<\/p>\n\n\n\n<p>Vi\u00f0ger\u00f0 av pers\u00f3nuppl\u00fdsingum ver\u00f0ur framd vi\u00f0 grundarlag \u00ed hesi kunning. P\/F V\u00f3nin kann \u00ed \u00e1v\u00edsum f\u00f8rum senda ella \u00fatfl\u00fdggja serliga kunning um vi\u00f0ger\u00f0 av pers\u00f3nuppl\u00fdsingum, um vi\u00f0ger\u00f0in ikki er n\u00f8ktandi l\u00fdst \u00ed hesum skrivi.<\/p>\n\n\n\n<p>P\/F V\u00f3nin flytur sum meginregla ikki pers\u00f3nuppl\u00fdsingar til anna\u00f0 tri\u00f0jaland. Vit kunnu t\u00f3 n\u00fdta \u00fatvaldar KT-veitarar, i\u00f0 hava h\u00f8vu\u00f0sskrivstovu ella vi\u00f0ger\u00f0a uppl\u00fdsingar \u00ed tri\u00f0jalandi, undir hesum USA. \u00cd t\u00edl\u00edkum f\u00f8rum tryggja vit, at avtalur samsvarandi standard\u00e1setingunum ver\u00f0a gj\u00f8rdar vi\u00f0 veitaran.<\/p>\n\n\n\n<h2 class=\"wp-block-heading\">Okkara vi\u00f0ger\u00f0ir sum d\u00e1tu\u00e1byrgdari<\/h2>\n\n\n\n<h4 class=\"wp-block-heading\">Vitjandi \u00e1 heimas\u00ed\u00f0uni<\/h4>\n\n\n\n<p><strong>Endam\u00e1l<\/strong>: Vit vi\u00f0gera pers\u00f3nuppl\u00fdsingar fyri at kunna veita \u00e1v\u00edsa t\u00e6nastu, m.a. n\u00fdtir s\u00ed\u00f0an \u00e1v\u00eds farspor, i\u00f0 skr\u00e1seta uppl\u00fdsingar um t\u00f3leindina (teldu\/teldil\/snildfon) hj\u00e1 t\u00ed vitjandi fyri at kunna betra um okkara s\u00ed\u00f0u og veita t\u00ed vitjandi eina betri uppliving. Les meira um okkara n\u00fdtslu av farsporum ella broyt t\u00ednar stillingar \u00e1 okkara kunning um farspor.<\/p>\n\n\n\n<p><strong>Heimild fyri vi\u00f0ger\u00f0ini<\/strong>: Vit vi\u00f0gera uppl\u00fdsingarnar grunda\u00f0 \u00e1 samtykki fr\u00e1 t\u00ed skr\u00e1setta sbrt. \u00a7 8, stk. 1, nr. 1 \u00ed d\u00e1tuverndarl\u00f3gini. Harumframt er vi\u00f0ger\u00f0in grunda\u00f0 \u00e1 okkara heimila\u00f0a \u00e1hugam\u00e1l, t\u00e1 vit \u00fatinna innanh\u00fdsis greiningar av fer\u00f0sluni \u00e1 netinum fyri at kunna betra um virkna\u00f0in av s\u00ed\u00f0uni og upplivingina, hj\u00e1 t\u00ed vitjandi sbrt. \u00a7 8, stk. 1, nr. 6 \u00ed d\u00e1tuverndarl\u00f3gini.<\/p>\n\n\n\n<p>\u200d<strong>Sl\u00f8g av pers\u00f3nuppl\u00fdsingum<\/strong>: Vit vi\u00f0gera vanligar pers\u00f3nuppl\u00fdsingar, sum tann vitjandi sendir okkum umvegis heimas\u00ed\u00f0una, undir hesum navn, b\u00fasta\u00f0, teldupost og telefon umframt uppl\u00fdsingar um stu\u00f0ulsums\u00f3kn og endam\u00e1l. Harumframt vi\u00f0gera vit pers\u00f3nuppl\u00fdsingar um t\u00f3leindina, IP-adressu, og farsporstillingar hj\u00e1 t\u00ed vitjandi.<\/p>\n\n\n\n<p><strong>\u200dKelda<\/strong>: Uppl\u00fdsingar koma fr\u00e1 t\u00ed vitjandi.<\/p>\n\n\n\n<h4 class=\"wp-block-heading\">S\u00f8la |\u00a0Customer Relationship Management<\/h4>\n\n\n\n<p><strong>Endam\u00e1l<\/strong>: Endam\u00e1li\u00f0 vi\u00f0 okkara vi\u00f0ger\u00f0 er at kunna betra um okkara s\u00f8lu.<\/p>\n\n\n\n<p><strong>Heimild fyri vi\u00f0ger\u00f0ini<\/strong>: Vi\u00f0ger\u00f0in er grunda\u00f0 \u00e1 okkara heimila\u00f0a \u00e1hugam\u00e1l, i\u00f0 er at kunna veita kundanum eina g\u00f3\u00f0a t\u00e6nastu.<\/p>\n\n\n\n<p>\u200d<strong>Sl\u00f8g av pers\u00f3nuppl\u00fdsingum<\/strong>: Vit skr\u00e1seta vanliga pers\u00f3nuppl\u00fdsingar um sum navn, b\u00fasta\u00f0, telefon nummar og teldupost b\u00fasta\u00f0. Kundin hevur eisini m\u00f8guleika at skr\u00e1seta a\u00f0ra adressu, sum v\u00f8ran skal sendast til. Ta\u00f0 kann vera at vit eisini skr\u00e1seta uppl\u00fdsingar um starvsf\u00f3lk hj\u00e1 okkara kundum.<\/p>\n\n\n\n<p><strong>\u200dKelda<\/strong>: Uppl\u00fdsingarnar koma fr\u00e1 kundanum t\u00e1 vit samstarva vi\u00f0 tey.<\/p>\n\n\n\n<p><strong>M\u00f3ttakarar av d\u00e1tum<\/strong>: Sum meginregla lata vit ikki t\u00ednar pers\u00f3nuppl\u00fdsingar v\u00ed\u00f0ari til annan d\u00e1tu\u00e1byrgdara, men n\u00fdta vit \u00ed \u00e1v\u00edsum f\u00f8rum \u00fatvaldar KT-veitarar \u00ed sambandi vi\u00f0 flutning og var\u00f0veitslu av uppl\u00fdsingum. Vit tryggja, at ney\u00f0ugar avtalur eru gj\u00f8rdar vi\u00f0 KT-veitaran, sum tryggja eina n\u00f8ktandi d\u00e1tuvernd.<\/p>\n\n\n\n<h4 class=\"wp-block-heading\">Starvsums\u00f3knir<\/h4>\n\n\n\n<p><strong>Endam\u00e1l<\/strong>: Endam\u00e1li\u00f0 vi\u00f0 vi\u00f0ger\u00f0ini er at kunna vi\u00f0gera starvsums\u00f3knir umframt at meta um f\u00f8rleikarnar hj\u00e1 ums\u00f8kjara til eitt opi\u00f0 ella framt\u00ed\u00f0arstarv hj\u00e1 okkum.<\/p>\n\n\n\n<p><strong>Heimild fyri vi\u00f0ger\u00f0ini<\/strong>: Vi\u00f0ger\u00f0in er grunda\u00f0 \u00e1 okkara heimila\u00f0a \u00e1hugam\u00e1l \u00ed sambandi vi\u00f0 okkara vi\u00f0ger\u00f0 og meting av ums\u00f3knunum sbrt. \u00a7 8, stk. 1, nr. 6 \u00ed d\u00e1tuverndarl\u00f3gini. \u00cd \u00e1v\u00edsum f\u00f8rum kann ums\u00f8kjari geva okkum samtykki til at var\u00f0veita ums\u00f3knina eitt avmarka\u00f0 t\u00ed\u00f0arskei\u00f0, um eitt starv \u00ed sta\u00f0in skuldi veri\u00f0 t\u00f8kt seinni sbrt. \u00a7 8, stk. 1, nr. 1 \u00ed d\u00e1tuverndarl\u00f3gini.<\/p>\n\n\n\n<p>\u200d<strong>Sl\u00f8g av pers\u00f3nuppl\u00fdsingum<\/strong>: Vit vi\u00f0ger\u00f0a vanligar pers\u00f3nuppl\u00fdsingar, sum ums\u00f8kjarin sendir okkum, undir hesum navn, b\u00fasta\u00f0, telefonnummar og teldupost umframt a\u00f0rar uppl\u00fdsingar, i\u00f0 vi\u00f0komandi sendir okkum, so sum CV, pr\u00f3vt\u00f8l, myndir og anna\u00f0 tilfar.<\/p>\n\n\n\n<p><strong>\u200dKelda<\/strong>: Uppl\u00fdsingarnar koma fr\u00e1 ums\u00f8kjaranum. Vit kunnu \u00ed einari setanartilgongd eisini leita eftir alment atkomuligum uppl\u00fdsingum um skr\u00e1setta \u00e1 netinum umframt \u00e1 sosialu mi\u00f0lunum.<\/p>\n\n\n\n<p><strong>M\u00f3ttakarar av d\u00e1tum<\/strong>: Pers\u00f3nuppl\u00fdsingarnir ver\u00f0a ikki latnar \u00f8\u00f0rum d\u00e1tu\u00e1byrgdara. Vit n\u00fdta t\u00f3 \u00fatvaldar KT-veitarar \u00ed sambandi vi\u00f0 flutning og var\u00f0veitslu av uppl\u00fdsingunum, m.a. veitara av teldupostskipan. Vit tryggja, at ney\u00f0ugar avtalur eru gj\u00f8rdar vi\u00f0 KT-veitaran, sum tryggja eina n\u00f8ktandi d\u00e1tuvernd.<\/p>\n\n\n\n<p><strong>Var\u00f0veitslut\u00ed\u00f0arskei\u00f0<\/strong>: Starvsums\u00f3knir ver\u00f0a var\u00f0veittar inntil setanartilgongdin er li\u00f0ug. \u00d3umbidnar ums\u00f3knir ver\u00f0a strika\u00f0ar 24 m\u00e1na\u00f0ir eftir, at t\u00e6r eru m\u00f3ttiknar.<\/p>\n\n\n\n<h2 class=\"wp-block-heading\">T\u00edni r\u00e6ttindi og ynskir t\u00fa at gera br\u00fak av hesum r\u00e6ttindum?<\/h2>\n\n\n\n<p>Samb\u00e6rt d\u00e1tuverndarl\u00f3gini hevur t\u00fa eina r\u00f8\u00f0 av r\u00e6ttindum, n\u00e6rri l\u00fdst \u00ed kapitli 4 \u00ed d\u00e1tuverndarl\u00f3gini. R\u00e6ttindini eru hesi:<\/p>\n\n\n\n<ul class=\"wp-block-list\">\n<li>R\u00e6tturin til kunning \u00ed \u00a7\u00a7 23-25<\/li>\n\n\n\n<li>R\u00e6tturin til innlit \u00ed \u00a7 26<\/li>\n\n\n\n<li>R\u00e6tturin til r\u00e6tting \u00ed \u00a7 27<\/li>\n\n\n\n<li>R\u00e6tturin til strikan \u00ed \u00a7 28<\/li>\n\n\n\n<li>R\u00e6tturin til vi\u00f0ger\u00f0aravmarking \u00ed \u00a7 29<\/li>\n\n\n\n<li>R\u00e6tturin til d\u00e1tuflutning \u00ed \u00a7 31<\/li>\n\n\n\n<li>R\u00e6tturin til m\u00f3tm\u00e6li \u00ed \u00a7 32-34<\/li>\n\n\n\n<li>R\u00e6tturin til ikki at vera fyri avger\u00f0um, sum eru grunda\u00f0ar \u00e1 automatiska vi\u00f0ger\u00f0<\/li>\n<\/ul>\n\n\n\n<p>T\u00fa hevur td. r\u00e6tt til at f\u00e1a innlit \u00ed t\u00ednar pers\u00f3nuppl\u00fdsingar, f\u00e1a strika\u00f0 uppl\u00fdsingar, sum P\/F V\u00f3nin ikki longur hevur eitt endam\u00e1l til at goyma og heimila\u00f0 grundarlag til at vi\u00f0ger\u00f0a og at f\u00e1a r\u00e6tta t\u00ednar pers\u00f3nuppl\u00fdsingar, um hesar eru skeivar.<\/p>\n\n\n\n<p>Um t\u00fa hevur spurningar til t\u00edni r\u00e6ttindi og ynski um innlit vm., so hevur t\u00fa m\u00f8guleika at senda teldupost til&nbsp;info@vonin.com&nbsp;ella ringja \u00e1 telefon +298 47 42 00.<\/p>\n\n\n\n<p>Skrivstovan er opin allar gerandisdagar millum kl. 8 og 16. Vit m\u00e6la til, at t\u00fa ikki sendir okkum vi\u00f0kv\u00e6mar ella tr\u00fana\u00f0ar uppl\u00fdsingar \u00ed hesum sambandi.<\/p>\n\n\n\n<h2 class=\"wp-block-heading\">Samband<\/h2>\n\n\n\n<p>Hevur t\u00fa spurningar til okkara vi\u00f0ger\u00f0 av t\u00ednum pers\u00f3nuppl\u00fdsingum ella ynskir t\u00fa at n\u00fdta t\u00edni r\u00e6ttindi sum l\u00fdst omanfyri, ert t\u00fa alt\u00ed\u00f0 v\u00e6lkomin at seta teg \u00ed samband vi\u00f0 okkum.<\/p>\n\n\n\n<p>P\/F V\u00f3nin<\/p>\n\n\n\n<p>Bakkavegur 66<\/p>\n\n\n\n<p>FO-530 Fuglafj\u00f8r\u00f0ur<\/p>\n\n\n\n<p>+298 47 42 00<\/p>\n\n\n\n<p>info@vonin.com<\/p>\n\n\n\n<p>www.vonin.com&nbsp;<\/p>\n\n\n\n<h2 class=\"wp-block-heading\">M\u00f8guleikin at klaga til D\u00e1tueftirliti\u00f0<\/h2>\n\n\n\n<p>Ynskir t\u00fa at k\u00e6ra yvir okkara vi\u00f0ger\u00f0 av t\u00ednum pers\u00f3nuppl\u00fdsingum, ver\u00f0ur t\u00fa vinaliga bi\u00f0in um at senda okkum ein teldupost til info@vonin.com og l\u00fdsa m\u00e1li\u00f0. Vit vi\u00f0gera k\u00e6runa og venda aftur.<\/p>\n\n\n\n<p>Um mett ver\u00f0ur at, vit ikki vi\u00f0ger\u00f0a t\u00ednar pers\u00f3nuppl\u00fdsingar \u00ed samsvar vi\u00f0 reglurnar \u00ed d\u00e1tuverndarl\u00f3gini, er m\u00f8guligt at klaga til D\u00e1tueftirliti\u00f0.&nbsp; Fyri n\u00e6rri kunning um, hvussu t\u00fa kanst senda D\u00e1tueftirlitinum eina k\u00e6ru, ver\u00f0ur v\u00edst til heimas\u00ed\u00f0u D\u00e1tueftirlitsins www.dat.fo.<\/p>\n\n\n\n<h2 class=\"wp-block-heading\">Dagf\u00f8ringar<\/h2>\n\n\n\n<p>Okkara d\u00e1tuverndarkunning ver\u00f0ur leypandi dagf\u00f8rd, t\u00e1 i\u00f0 vi\u00f0komandi broytingar eru. D\u00e1tuverndarkunningin er seinast dagf\u00f8rd tann 26.05.2025.<\/p>\n\n\n\n<div style=\"height:100px\" aria-hidden=\"true\" class=\"wp-block-spacer\"><\/div>\n","protected":false},"excerpt":{"rendered":"<p>D\u00e1tuverndarkunning Um P\/F V\u00f3nin Hendan d\u00e1tuverndarkunning gevur innlit \u00ed, hvussu P\/F V\u00f3nin (\u201cvit\u201d, \u201cokkum\u201d, \u201cokkara\u201d), vi\u00f0ger\u00f0 pers\u00f3nuppl\u00fdsingar. Kunningin er m\u00e1lr\u00e6tta\u00f0 \u00f8llum p\u00f8rtum, i\u00f0 vit savna inn ella m\u00f3ttaka pers\u00f3nuppl\u00fdsingar fr\u00e1 so sum gestir, kundar, starvsf\u00f3lk hj\u00e1 okkum ella okkara veitarum og samstarvsp\u00f8rtum ella fr\u00e1 \u00f8\u00f0rum tri\u00f0japartum. Okkara vi\u00f0ger\u00f0 av pers\u00f3nuppl\u00fdsingum P\/F V\u00f3nin er d\u00e1tu\u00e1byrgdari fyri [&hellip;]<\/p>\n","protected":false},"author":1,"featured_media":0,"parent":0,"menu_order":0,"comment_status":"closed","ping_status":"closed","template":"","meta":{"_acf_changed":false,"content-type":"","footnotes":""},"class_list":["post-256691","page","type-page","status-publish","hentry"],"acf":[],"yoast_head":"<!-- This site is optimized with the Yoast SEO plugin v27.4 - https:\/\/yoast.com\/product\/yoast-seo-wordpress\/ -->\n<title>D\u00e1tuverndarkunning - V\u00f3nin<\/title>\n<meta name=\"robots\" content=\"index, follow, max-snippet:-1, max-image-preview:large, max-video-preview:-1\" \/>\n<link rel=\"canonical\" href=\"https:\/\/www.vonin.com\/fo\/datuverndarkunning\/\" \/>\n<meta property=\"og:locale\" content=\"fo_FO\" \/>\n<meta property=\"og:type\" content=\"article\" \/>\n<meta property=\"og:title\" content=\"D\u00e1tuverndarkunning - V\u00f3nin\" \/>\n<meta property=\"og:description\" content=\"D\u00e1tuverndarkunning Um P\/F V\u00f3nin Hendan d\u00e1tuverndarkunning gevur innlit \u00ed, hvussu P\/F V\u00f3nin (\u201cvit\u201d, \u201cokkum\u201d, \u201cokkara\u201d), vi\u00f0ger\u00f0 pers\u00f3nuppl\u00fdsingar. Kunningin er m\u00e1lr\u00e6tta\u00f0 \u00f8llum p\u00f8rtum, i\u00f0 vit savna inn ella m\u00f3ttaka pers\u00f3nuppl\u00fdsingar fr\u00e1 so sum gestir, kundar, starvsf\u00f3lk hj\u00e1 okkum ella okkara veitarum og samstarvsp\u00f8rtum ella fr\u00e1 \u00f8\u00f0rum tri\u00f0japartum. Okkara vi\u00f0ger\u00f0 av pers\u00f3nuppl\u00fdsingum P\/F V\u00f3nin er d\u00e1tu\u00e1byrgdari fyri [&hellip;]\" \/>\n<meta property=\"og:url\" content=\"https:\/\/www.vonin.com\/fo\/datuverndarkunning\/\" \/>\n<meta property=\"og:site_name\" content=\"V\u00f3nin\" \/>\n<meta property=\"article:modified_time\" content=\"2025-08-28T21:15:13+00:00\" \/>\n<meta name=\"twitter:card\" content=\"summary_large_image\" \/>\n<meta name=\"twitter:label1\" content=\"Est. reading time\" \/>\n\t<meta name=\"twitter:data1\" content=\"5 minutes\" \/>\n<script type=\"application\/ld+json\" class=\"yoast-schema-graph\">{\"@context\":\"https:\\\/\\\/schema.org\",\"@graph\":[{\"@type\":\"WebPage\",\"@id\":\"https:\\\/\\\/www.vonin.com\\\/fo\\\/datuverndarkunning\\\/\",\"url\":\"https:\\\/\\\/www.vonin.com\\\/fo\\\/datuverndarkunning\\\/\",\"name\":\"D\u00e1tuverndarkunning - V\u00f3nin\",\"isPartOf\":{\"@id\":\"https:\\\/\\\/www.vonin.com\\\/#website\"},\"datePublished\":\"2025-08-28T20:12:46+00:00\",\"dateModified\":\"2025-08-28T21:15:13+00:00\",\"breadcrumb\":{\"@id\":\"https:\\\/\\\/www.vonin.com\\\/fo\\\/datuverndarkunning\\\/#breadcrumb\"},\"inLanguage\":\"fo-FO\",\"potentialAction\":[{\"@type\":\"ReadAction\",\"target\":[\"https:\\\/\\\/www.vonin.com\\\/fo\\\/datuverndarkunning\\\/\"]}]},{\"@type\":\"BreadcrumbList\",\"@id\":\"https:\\\/\\\/www.vonin.com\\\/fo\\\/datuverndarkunning\\\/#breadcrumb\",\"itemListElement\":[{\"@type\":\"ListItem\",\"position\":1,\"name\":\"V\u00f3nin\",\"item\":\"https:\\\/\\\/www.vonin.com\\\/fo\\\/\"},{\"@type\":\"ListItem\",\"position\":2,\"name\":\"D\u00e1tuverndarkunning\"}]},{\"@type\":\"WebSite\",\"@id\":\"https:\\\/\\\/www.vonin.com\\\/#website\",\"url\":\"https:\\\/\\\/www.vonin.com\\\/\",\"name\":\"V\u00f3nin\",\"description\":\"V\u00f3nin is a major developer and manufacturer of high quality fishing gear and aquaculture equipment as well as supplying equipment to the offshore industry and land based industry.\",\"potentialAction\":[{\"@type\":\"SearchAction\",\"target\":{\"@type\":\"EntryPoint\",\"urlTemplate\":\"https:\\\/\\\/www.vonin.com\\\/?s={search_term_string}\"},\"query-input\":{\"@type\":\"PropertyValueSpecification\",\"valueRequired\":true,\"valueName\":\"search_term_string\"}}],\"inLanguage\":\"fo-FO\"}]}<\/script>\n<!-- \/ Yoast SEO plugin. -->","yoast_head_json":{"title":"D\u00e1tuverndarkunning - V\u00f3nin","robots":{"index":"index","follow":"follow","max-snippet":"max-snippet:-1","max-image-preview":"max-image-preview:large","max-video-preview":"max-video-preview:-1"},"canonical":"https:\/\/www.vonin.com\/fo\/datuverndarkunning\/","og_locale":"fo_FO","og_type":"article","og_title":"D\u00e1tuverndarkunning - V\u00f3nin","og_description":"D\u00e1tuverndarkunning Um P\/F V\u00f3nin Hendan d\u00e1tuverndarkunning gevur innlit \u00ed, hvussu P\/F V\u00f3nin (\u201cvit\u201d, \u201cokkum\u201d, \u201cokkara\u201d), vi\u00f0ger\u00f0 pers\u00f3nuppl\u00fdsingar. Kunningin er m\u00e1lr\u00e6tta\u00f0 \u00f8llum p\u00f8rtum, i\u00f0 vit savna inn ella m\u00f3ttaka pers\u00f3nuppl\u00fdsingar fr\u00e1 so sum gestir, kundar, starvsf\u00f3lk hj\u00e1 okkum ella okkara veitarum og samstarvsp\u00f8rtum ella fr\u00e1 \u00f8\u00f0rum tri\u00f0japartum. Okkara vi\u00f0ger\u00f0 av pers\u00f3nuppl\u00fdsingum P\/F V\u00f3nin er d\u00e1tu\u00e1byrgdari fyri [&hellip;]","og_url":"https:\/\/www.vonin.com\/fo\/datuverndarkunning\/","og_site_name":"V\u00f3nin","article_modified_time":"2025-08-28T21:15:13+00:00","twitter_card":"summary_large_image","twitter_misc":{"Est. reading time":"5 minutes"},"schema":{"@context":"https:\/\/schema.org","@graph":[{"@type":"WebPage","@id":"https:\/\/www.vonin.com\/fo\/datuverndarkunning\/","url":"https:\/\/www.vonin.com\/fo\/datuverndarkunning\/","name":"D\u00e1tuverndarkunning - V\u00f3nin","isPartOf":{"@id":"https:\/\/www.vonin.com\/#website"},"datePublished":"2025-08-28T20:12:46+00:00","dateModified":"2025-08-28T21:15:13+00:00","breadcrumb":{"@id":"https:\/\/www.vonin.com\/fo\/datuverndarkunning\/#breadcrumb"},"inLanguage":"fo-FO","potentialAction":[{"@type":"ReadAction","target":["https:\/\/www.vonin.com\/fo\/datuverndarkunning\/"]}]},{"@type":"BreadcrumbList","@id":"https:\/\/www.vonin.com\/fo\/datuverndarkunning\/#breadcrumb","itemListElement":[{"@type":"ListItem","position":1,"name":"V\u00f3nin","item":"https:\/\/www.vonin.com\/fo\/"},{"@type":"ListItem","position":2,"name":"D\u00e1tuverndarkunning"}]},{"@type":"WebSite","@id":"https:\/\/www.vonin.com\/#website","url":"https:\/\/www.vonin.com\/","name":"V\u00f3nin","description":"V\u00f3nin is a major developer and manufacturer of high quality fishing gear and aquaculture equipment as well as supplying equipment to the offshore industry and land based industry.","potentialAction":[{"@type":"SearchAction","target":{"@type":"EntryPoint","urlTemplate":"https:\/\/www.vonin.com\/?s={search_term_string}"},"query-input":{"@type":"PropertyValueSpecification","valueRequired":true,"valueName":"search_term_string"}}],"inLanguage":"fo-FO"}]}},"_links":{"self":[{"href":"https:\/\/www.vonin.com\/fo\/wp-json\/wp\/v2\/pages\/256691","targetHints":{"allow":["GET"]}}],"collection":[{"href":"https:\/\/www.vonin.com\/fo\/wp-json\/wp\/v2\/pages"}],"about":[{"href":"https:\/\/www.vonin.com\/fo\/wp-json\/wp\/v2\/types\/page"}],"author":[{"embeddable":true,"href":"https:\/\/www.vonin.com\/fo\/wp-json\/wp\/v2\/users\/1"}],"replies":[{"embeddable":true,"href":"https:\/\/www.vonin.com\/fo\/wp-json\/wp\/v2\/comments?post=256691"}],"version-history":[{"count":4,"href":"https:\/\/www.vonin.com\/fo\/wp-json\/wp\/v2\/pages\/256691\/revisions"}],"predecessor-version":[{"id":256745,"href":"https:\/\/www.vonin.com\/fo\/wp-json\/wp\/v2\/pages\/256691\/revisions\/256745"}],"wp:attachment":[{"href":"https:\/\/www.vonin.com\/fo\/wp-json\/wp\/v2\/media?parent=256691"}],"curies":[{"name":"wp","href":"https:\/\/api.w.org\/{rel}","templated":true}]}}