{"id":10137,"date":"2022-05-11T12:03:14","date_gmt":"2022-05-11T12:03:14","guid":{"rendered":"https:\/\/www.vonin.com\/?page_id=10137"},"modified":"2025-10-13T09:27:38","modified_gmt":"2025-10-13T09:27:38","slug":"service","status":"publish","type":"page","link":"https:\/\/www.vonin.com\/fo\/vinna-a-landi\/service\/","title":{"rendered":"T\u00e6nasta"},"content":{"rendered":"\n<div class=\"wp-block-cover alignfull is-light\" style=\"min-height:617px;aspect-ratio:unset;\"><img loading=\"lazy\" decoding=\"async\" width=\"2560\" height=\"1440\" class=\"wp-block-cover__image-background wp-image-5214\" alt=\"\" src=\"https:\/\/www.vonin.com\/wp-content\/uploads\/2021\/04\/industry6-scaled.jpg\" style=\"object-position:57% 88%\" data-object-fit=\"cover\" data-object-position=\"57% 88%\" srcset=\"https:\/\/www.vonin.com\/wp-content\/uploads\/2021\/04\/industry6-scaled.jpg 2560w, https:\/\/www.vonin.com\/wp-content\/uploads\/2021\/04\/industry6-800x450.jpg 800w, https:\/\/www.vonin.com\/wp-content\/uploads\/2021\/04\/industry6-1600x900.jpg 1600w, https:\/\/www.vonin.com\/wp-content\/uploads\/2021\/04\/industry6-768x432.jpg 768w, https:\/\/www.vonin.com\/wp-content\/uploads\/2021\/04\/industry6-200x113.jpg 200w, https:\/\/www.vonin.com\/wp-content\/uploads\/2021\/04\/industry6-1536x864.jpg 1536w, https:\/\/www.vonin.com\/wp-content\/uploads\/2021\/04\/industry6-2048x1152.jpg 2048w\" sizes=\"auto, (max-width: 2560px) 100vw, 2560px\" \/><span aria-hidden=\"true\" class=\"wp-block-cover__background has-background-dim\"><\/span><div class=\"wp-block-cover__inner-container is-layout-flow wp-block-cover-is-layout-flow\">\n<p class=\"has-text-align-center has-large-font-size\"><mark style=\"background-color:rgba(0, 0, 0, 0)\" class=\"has-inline-color has-white-color\">T\u00e6nasta<\/mark><\/p>\n<\/div><\/div>\n\n\n<div id=\"breadcrumbs-block_22e425f507419e4a6f536d94f13d0a2c\" class=\"lunnar-breadcrumbs\">\n    \n    <p id=\"breadcrumbs\"><span><span><a href=\"https:\/\/www.vonin.com\/fo\/\">V\u00f3nin<\/a><\/span><\/span><\/p>    \n<\/div>\n\n\n\n<div style=\"height:30px\" aria-hidden=\"true\" class=\"wp-block-spacer\"><\/div>\n\n\n\n<hr class=\"wp-block-separator has-css-opacity is-style-wide\"\/>\n\n\n\n<div style=\"height:30px\" aria-hidden=\"true\" class=\"wp-block-spacer\"><\/div>\n\n\n\n<blockquote class=\"wp-block-quote has-text-align-center is-style-large is-layout-flow wp-block-quote-is-layout-flow\">\n<p><mark style=\"background-color:rgba(0, 0, 0, 0)\" class=\"has-inline-color has-dark-blue-color\"><em>Vit eru kl\u00e1r til t\u00e6nastu 24 t\u00edmar um samd\u00f8gri\u00f0 7 dagar um vikuna.<\/em><\/mark><\/p>\n\n\n\n<p><mark style=\"background-color:rgba(0, 0, 0, 0)\" class=\"has-inline-color has-dark-blue-color\"><em>T\u00fa kanst alt\u00ed\u00f0 f\u00e1a fatur \u00e1 okkum \u00e1 telefon 474 200.<\/em><\/mark><\/p>\n<\/blockquote>\n\n\n\n<div style=\"height:30px\" aria-hidden=\"true\" class=\"wp-block-spacer\"><\/div>\n\n\n\n<hr class=\"wp-block-separator has-css-opacity is-style-wide\"\/>\n\n\n\n<div style=\"height:60px\" aria-hidden=\"true\" class=\"wp-block-spacer\"><\/div>\n\n\n\n<div class=\"wp-block-media-text alignfull is-stacked-on-mobile is-image-fill-element has-light-light-grey-background-color has-background\"><figure class=\"wp-block-media-text__media\"><img loading=\"lazy\" decoding=\"async\" width=\"2560\" height=\"1440\" src=\"https:\/\/www.vonin.com\/wp-content\/uploads\/2021\/04\/industry5-scaled.jpg\" alt=\"\" class=\"wp-image-5313 size-full\" style=\"object-position:47% 74%\" srcset=\"https:\/\/www.vonin.com\/wp-content\/uploads\/2021\/04\/industry5-scaled.jpg 2560w, https:\/\/www.vonin.com\/wp-content\/uploads\/2021\/04\/industry5-800x450.jpg 800w, https:\/\/www.vonin.com\/wp-content\/uploads\/2021\/04\/industry5-1600x900.jpg 1600w, https:\/\/www.vonin.com\/wp-content\/uploads\/2021\/04\/industry5-768x432.jpg 768w, https:\/\/www.vonin.com\/wp-content\/uploads\/2021\/04\/industry5-200x113.jpg 200w, https:\/\/www.vonin.com\/wp-content\/uploads\/2021\/04\/industry5-1536x864.jpg 1536w, https:\/\/www.vonin.com\/wp-content\/uploads\/2021\/04\/industry5-2048x1152.jpg 2048w\" sizes=\"auto, (max-width: 2560px) 100vw, 2560px\" \/><\/figure><div class=\"wp-block-media-text__content\">\n<div style=\"height:90px\" aria-hidden=\"true\" class=\"wp-block-spacer\"><\/div>\n\n\n\n<p class=\"has-large-font-size\">Eftirlit og kanningar<\/p>\n\n\n\n<p>Fyri at hava eftirlit og \u00fatf\u00f8ra kanningar, hava okkara starvsf\u00f3lk fingi\u00f0 kravda uppl\u00e6ring. Vit tryggja okkum eisini, at okkara veitarar \u00fatfl\u00fdggja v\u00f8rur vi\u00f0 kravdum v\u00e1ttanum og skj\u00f8lum. Vit eru \u00fatgj\u00f8rd vi\u00f0 einum 100 tons testbonki.<\/p>\n\n\n\n<div style=\"height:90px\" aria-hidden=\"true\" class=\"wp-block-spacer\"><\/div>\n\n\n\n<p><\/p>\n<\/div><\/div>\n\n\n\n<div class=\"wp-block-media-text alignfull has-media-on-the-right is-stacked-on-mobile is-image-fill-element has-white-background-color has-background\"><div class=\"wp-block-media-text__content\">\n<div class=\"wp-block-group\"><div class=\"wp-block-group__inner-container is-layout-flow wp-block-group-is-layout-flow\"><\/div><\/div>\n\n\n\n<div style=\"height:120px\" aria-hidden=\"true\" class=\"wp-block-spacer\"><\/div>\n\n\n\n<p class=\"has-text-align-left has-large-font-size\">\u00c1 lagur og skj\u00f3tt \u00fatkoyring<\/p>\n\n\n\n<p class=\"has-text-align-left\">Okkara goymsluh\u00fas hava eina r\u00fagvu av v\u00f8rum, sum alt\u00ed\u00f0 eru \u00e1 goymslu. Og vit kunnu koyra \u00fat vi\u00f0 stuttari fr\u00e1bo\u00f0an.<\/p>\n\n\n\n<div style=\"height:120px\" aria-hidden=\"true\" class=\"wp-block-spacer\"><\/div>\n<\/div><figure class=\"wp-block-media-text__media\"><img loading=\"lazy\" decoding=\"async\" width=\"2560\" height=\"1707\" src=\"https:\/\/www.vonin.com\/wp-content\/uploads\/2021\/03\/Vonin-hook-1-scaled.jpg\" alt=\"\" class=\"wp-image-3388 size-full\" style=\"object-position:50% 50%\" srcset=\"https:\/\/www.vonin.com\/wp-content\/uploads\/2021\/03\/Vonin-hook-1-scaled.jpg 2560w, https:\/\/www.vonin.com\/wp-content\/uploads\/2021\/03\/Vonin-hook-1-800x533.jpg 800w, https:\/\/www.vonin.com\/wp-content\/uploads\/2021\/03\/Vonin-hook-1-1600x1067.jpg 1600w, https:\/\/www.vonin.com\/wp-content\/uploads\/2021\/03\/Vonin-hook-1-768x512.jpg 768w, https:\/\/www.vonin.com\/wp-content\/uploads\/2021\/03\/Vonin-hook-1-200x133.jpg 200w, https:\/\/www.vonin.com\/wp-content\/uploads\/2021\/03\/Vonin-hook-1-1536x1024.jpg 1536w, https:\/\/www.vonin.com\/wp-content\/uploads\/2021\/03\/Vonin-hook-1-2048x1365.jpg 2048w\" sizes=\"auto, (max-width: 2560px) 100vw, 2560px\" \/><\/figure><\/div>\n\n\n\n<div class=\"wp-block-media-text alignfull is-stacked-on-mobile is-image-fill-element has-light-light-grey-background-color has-background\"><figure class=\"wp-block-media-text__media\"><img loading=\"lazy\" decoding=\"async\" width=\"2560\" height=\"1707\" src=\"https:\/\/www.vonin.com\/wp-content\/uploads\/2021\/03\/vonin-wire-splicing-1-scaled.jpg\" alt=\"\" class=\"wp-image-3384 size-full\" style=\"object-position:44% 57%\" srcset=\"https:\/\/www.vonin.com\/wp-content\/uploads\/2021\/03\/vonin-wire-splicing-1-scaled.jpg 2560w, https:\/\/www.vonin.com\/wp-content\/uploads\/2021\/03\/vonin-wire-splicing-1-800x533.jpg 800w, https:\/\/www.vonin.com\/wp-content\/uploads\/2021\/03\/vonin-wire-splicing-1-1600x1067.jpg 1600w, https:\/\/www.vonin.com\/wp-content\/uploads\/2021\/03\/vonin-wire-splicing-1-768x512.jpg 768w, https:\/\/www.vonin.com\/wp-content\/uploads\/2021\/03\/vonin-wire-splicing-1-200x133.jpg 200w, https:\/\/www.vonin.com\/wp-content\/uploads\/2021\/03\/vonin-wire-splicing-1-1536x1024.jpg 1536w, https:\/\/www.vonin.com\/wp-content\/uploads\/2021\/03\/vonin-wire-splicing-1-2048x1365.jpg 2048w\" sizes=\"auto, (max-width: 2560px) 100vw, 2560px\" \/><\/figure><div class=\"wp-block-media-text__content\">\n<div style=\"height:120px\" aria-hidden=\"true\" class=\"wp-block-spacer\"><\/div>\n\n\n\n<p class=\"has-text-align-left has-large-font-size\">Taluritpressur og spleysing av veirum<\/p>\n\n\n\n<p class=\"has-text-align-left\">Fyri at gera eygu \u00e1 st\u00e1lveirar hevur V\u00f3nin taluritpressur og mobilar pleysustikkur fyri at handspleysa veirarnar.<\/p>\n\n\n\n<div style=\"height:120px\" aria-hidden=\"true\" class=\"wp-block-spacer\"><\/div>\n<\/div><\/div>\n\n\n\n<div class=\"wp-block-media-text alignfull has-media-on-the-right is-stacked-on-mobile is-image-fill-element has-white-background-color has-background\"><div class=\"wp-block-media-text__content\">\n<div style=\"height:120px\" aria-hidden=\"true\" class=\"wp-block-spacer\"><\/div>\n\n\n\n<p class=\"has-large-font-size\">Lastbilar<\/p>\n\n\n\n<p>Vit veita skj\u00f3tan og munadyggan flutning vi\u00f0 okkara lastbilum.<\/p>\n\n\n\n<div style=\"height:120px\" aria-hidden=\"true\" class=\"wp-block-spacer\"><\/div>\n<\/div><figure class=\"wp-block-media-text__media\"><img loading=\"lazy\" decoding=\"async\" width=\"2560\" height=\"1920\" src=\"https:\/\/www.vonin.com\/wp-content\/uploads\/2021\/03\/vonin-trawl-transportation-scaled.jpg\" alt=\"\" class=\"wp-image-3386 size-full\" style=\"object-position:36% 73%\" srcset=\"https:\/\/www.vonin.com\/wp-content\/uploads\/2021\/03\/vonin-trawl-transportation-scaled.jpg 2560w, https:\/\/www.vonin.com\/wp-content\/uploads\/2021\/03\/vonin-trawl-transportation-800x600.jpg 800w, https:\/\/www.vonin.com\/wp-content\/uploads\/2021\/03\/vonin-trawl-transportation-1600x1200.jpg 1600w, https:\/\/www.vonin.com\/wp-content\/uploads\/2021\/03\/vonin-trawl-transportation-768x576.jpg 768w, https:\/\/www.vonin.com\/wp-content\/uploads\/2021\/03\/vonin-trawl-transportation-200x150.jpg 200w, https:\/\/www.vonin.com\/wp-content\/uploads\/2021\/03\/vonin-trawl-transportation-1536x1152.jpg 1536w, https:\/\/www.vonin.com\/wp-content\/uploads\/2021\/03\/vonin-trawl-transportation-2048x1536.jpg 2048w\" sizes=\"auto, (max-width: 2560px) 100vw, 2560px\" \/><\/figure><\/div>\n\n\n\n<div style=\"height:60px\" aria-hidden=\"true\" class=\"wp-block-spacer\"><\/div>\n\n\n\n<hr class=\"wp-block-separator has-css-opacity is-style-wide\"\/>\n\n\n\n<h2 class=\"wp-block-heading\">S\u00f8lutoymi\u00f0<\/h2>\n\n\n\n<div style=\"height:30px\" aria-hidden=\"true\" class=\"wp-block-spacer\"><\/div>\n\n\n\n<script>\n    employeeBlockData['employees-block_8e1a5c445840a12b9a0ba427ca32662d'] = '[{\"title\":\"Lis Jacobsen\",\"job_title\":\"Goymslan\",\"phone\":\" +298 230 123\",\"email\":\"lj@vonin.com\",\"permalink\":\"https:\\\/\\\/www.vonin.com\\\/fo\\\/contacts\\\/lis-jacobsen\\\/\",\"post_id\":9344,\"thumbnail_id\":8991,\"image\":\"https:\\\/\\\/www.vonin.com\\\/wp-content\\\/uploads\\\/2021\\\/03\\\/lis-2-800x534.jpg\",\"image_width\":800,\"image_height\":534,\"focal_points\":\"54.8608% 3.6250%\"},{\"title\":\"Jonhard Joensen\",\"job_title\":\"Goymslan\",\"phone\":\"+298 230 112\",\"email\":\"jj@vonin.com\",\"permalink\":\"https:\\\/\\\/www.vonin.com\\\/fo\\\/contacts\\\/jonhard-joensen\\\/\",\"post_id\":9358,\"thumbnail_id\":8969,\"image\":\"https:\\\/\\\/www.vonin.com\\\/wp-content\\\/uploads\\\/2021\\\/03\\\/jonhard-1-800x533.jpg\",\"image_width\":800,\"image_height\":533,\"focal_points\":\"49.2861% 2.1250%\"},{\"title\":\"Margeir Toftegaard\",\"job_title\":\"Goymslulei\\u00f0ari og samskipari\",\"phone\":\"+298 230 155\",\"email\":\"mt@vonin.com\",\"permalink\":\"https:\\\/\\\/www.vonin.com\\\/fo\\\/contacts\\\/margeir-toftegaard\\\/\",\"post_id\":50451,\"thumbnail_id\":53209,\"image\":\"https:\\\/\\\/www.vonin.com\\\/wp-content\\\/uploads\\\/2024\\\/10\\\/Margeir-800x533.jpg\",\"image_width\":800,\"image_height\":533,\"focal_points\":\"47.2876% 1.4650%\"}]';\n<\/script>\n\n\n<div id=\"employees-block_8e1a5c445840a12b9a0ba427ca32662d\" class=\"beak-employees\">\n    \n            <div class=\"employee-message-modal--tint\" v-if=\"selectedEmployee\" :class=\"{ 'is-visible': selectedEmployee }\"><\/div>\n<div class=\"employee-message-modal\" v-if=\"selectedEmployee\" :class=\"{ 'is-visible': selectedEmployee }\">\n    <div class=\"employee-message--content\">\n        <a href=\"#\" @click.prevent=\"toggleModal(null)\" class=\"emp-modal-close\"><img decoding=\"async\" src=\"https:\/\/www.vonin.com\/wp-content\/themes\/beak-vonin\/images\/icon-plus.svg\" class=\"injectable\" \/><\/a>\n        <h3 v-if=\"selectedEmployee\">Send teldupost til:<br \/> <b>{{selectedEmployee.title}}<\/b><\/h3>\n\n        <div class=\"form-errors\" v-if=\"formErrors &#038;&#038; formErrors.length &#62; 0\">\n            <ul>\n                <li v-for=\"error in formErrors\">{{error}}<\/li>\n            <\/ul>\n        <\/div>\n\n        <p v-if=\"formSent\"><b>T\u00edni bo\u00f0 eru send.<\/b><\/p>\n\n        <div v-if=\"!formSent\">\n            <div class=\"form-input\">\n                <label>Navn<span class=\"required\">*<\/span><\/label>\n                <input type=\"text\" v-model=\"sendEmailForm.name\" \/>\n            <\/div>\n\n            <div class=\"form-input\">\n                <label>Fyrit\u00f8ka<span class=\"required\">*<\/span><\/label>\n                <input type=\"text\" v-model=\"sendEmailForm.company\" \/>\n            <\/div>\n\n            <div class=\"form-input\">\n                <label>T-post<span class=\"required\">*<\/span><\/label>\n                <input type=\"email\" v-model=\"sendEmailForm.email\" \/>\n            <\/div>\n\n            <div class=\"form-input\">\n                <label>Telefon<span class=\"required\">*<\/span><\/label>\n                <input type=\"text\" v-model=\"sendEmailForm.phone\" \/>\n            <\/div>\n\n            <div class=\"form-input\">\n                <label>Bo\u00f0<span class=\"required\">*<\/span><\/label>\n                <textarea type=\"text\" v-model=\"sendEmailForm.message\"><\/textarea>\n            <\/div>\n\n            <input type=\"hidden\" v-model=\"sendEmailForm.formLumpari\" \/>\n\n            <button @click=\"sendMessage()\" :class=\"{ disabled: formPosting || (formSubmitted &#038;&#038; !formIsValid) }\">Send<\/button>\n        <\/div>\n    <\/div>\n<\/div>    \n            <div class=\"employee-cards\" v-if=\"people\">\n            <div v-for=\"(employee, index) in people\" class=\"employee-card swiper-slide\">\n    <div v-if=\"employee.image\" class=\"employee-card--content-image\">\n        <img v-if=\"employee.image\" :src=\"employee.image\" alt=\"\" :width=\"employee.image_width\" :height=\"employee.image_height\" :style=\"`object-position: ${employee.focal_points}`\" \/>\n    <\/div>\n\n    <div class=\"employee-card--content-text\">\n        <div v-if=\"employee.title\" class=\"employee-name\">{{ employee.title }}<\/div>\n\n        <div v-if=\"employee.people_locations?.length\" class=\"employee-location\">{{ getLocations(employee) }}<\/div>\n\n        <div v-if=\"employee.job_title\" class=\"employee-title\">{{ employee.job_title }}<\/div>\n\n        <div class=\"employee-contact\">\n            <div v-if=\"employee.phone\" class=\"employee-contact--item employee-contact--phone\">\n                <span>Telefon:<\/span>\n\n                <a :href=\"'tel:'+employee.phone\">{{ employee.phone }}<\/a>\n            <\/div>\n\n            <a href=\"#\" @click.prevent=\"toggleModal(employee)\" class=\"employee-send-email\">Send teldupost<\/a>\n        <\/div>\n    <\/div>\n<\/div>        <\/div>\n    <\/div>\n\n\n<div style=\"height:60px\" aria-hidden=\"true\" class=\"wp-block-spacer\"><\/div>\n\n\n<div id=\"breadcrumbs-block_22e425f507419e4a6f536d94f13d0a2c\" class=\"lunnar-breadcrumbs\">\n    \n    <p id=\"breadcrumbs\"><span><span><a href=\"https:\/\/www.vonin.com\/fo\/\">V\u00f3nin<\/a><\/span><\/span><\/p>    \n<\/div>\n","protected":false},"excerpt":{"rendered":"<p>Vit eru kl\u00e1r til t\u00e6nastu 24 t\u00edmar um samd\u00f8gri\u00f0 7 dagar um vikuna. T\u00fa kanst alt\u00ed\u00f0 f\u00e1a fatur \u00e1 okkum \u00e1 telefon 474 200. S\u00f8lutoymi\u00f0<\/p>\n","protected":false},"author":3,"featured_media":0,"parent":9338,"menu_order":0,"comment_status":"closed","ping_status":"closed","template":"","meta":{"_acf_changed":false,"content-type":"","footnotes":""},"class_list":["post-10137","page","type-page","status-publish","hentry"],"acf":[],"yoast_head":"<!-- This site is optimized with the Yoast SEO plugin v27.4 - https:\/\/yoast.com\/product\/yoast-seo-wordpress\/ -->\n<title>T\u00e6nastur til fiskivinnuna \u2013 Altj\u00f3\u00f0a hj\u00e1lp og vi\u00f0l\u00edkahald - V\u00f3nin<\/title>\n<meta name=\"description\" content=\"T\u00e6nasta - V\u00f3nin veitir t\u00e6nastur til fiskivinnuna kring heimin \u2013 alt fr\u00e1 vi\u00f0l\u00edkahaldi og goymslu til r\u00e1\u00f0geving og \u00fatger\u00f0.\" \/>\n<meta name=\"robots\" content=\"index, follow, max-snippet:-1, max-image-preview:large, max-video-preview:-1\" \/>\n<link rel=\"canonical\" href=\"https:\/\/www.vonin.com\/fo\/vinna-a-landi\/service\/\" \/>\n<meta property=\"og:locale\" content=\"fo_FO\" \/>\n<meta property=\"og:type\" content=\"article\" \/>\n<meta property=\"og:title\" content=\"T\u00e6nastur til fiskivinnuna \u2013 Altj\u00f3\u00f0a hj\u00e1lp og vi\u00f0l\u00edkahald - V\u00f3nin\" \/>\n<meta property=\"og:description\" content=\"T\u00e6nasta - V\u00f3nin veitir t\u00e6nastur til fiskivinnuna kring heimin \u2013 alt fr\u00e1 vi\u00f0l\u00edkahaldi og goymslu til r\u00e1\u00f0geving og \u00fatger\u00f0.\" \/>\n<meta property=\"og:url\" content=\"https:\/\/www.vonin.com\/fo\/vinna-a-landi\/service\/\" \/>\n<meta property=\"og:site_name\" content=\"V\u00f3nin\" \/>\n<meta property=\"article:modified_time\" content=\"2025-10-13T09:27:38+00:00\" \/>\n<meta property=\"og:image\" content=\"https:\/\/www.vonin.com\/wp-content\/uploads\/2021\/04\/industry6-scaled.jpg\" \/>\n\t<meta property=\"og:image:width\" content=\"2560\" \/>\n\t<meta property=\"og:image:height\" content=\"1440\" \/>\n\t<meta property=\"og:image:type\" content=\"image\/jpeg\" \/>\n<meta name=\"twitter:card\" content=\"summary_large_image\" \/>\n<meta name=\"twitter:label1\" content=\"Est. reading time\" \/>\n\t<meta name=\"twitter:data1\" content=\"2 minutes\" \/>\n<script type=\"application\/ld+json\" class=\"yoast-schema-graph\">{\"@context\":\"https:\\\/\\\/schema.org\",\"@graph\":[{\"@type\":\"WebPage\",\"@id\":\"https:\\\/\\\/www.vonin.com\\\/fo\\\/vinna-a-landi\\\/service\\\/\",\"url\":\"https:\\\/\\\/www.vonin.com\\\/fo\\\/vinna-a-landi\\\/service\\\/\",\"name\":\"T\u00e6nastur til fiskivinnuna \u2013 Altj\u00f3\u00f0a hj\u00e1lp og vi\u00f0l\u00edkahald - V\u00f3nin\",\"isPartOf\":{\"@id\":\"https:\\\/\\\/www.vonin.com\\\/#website\"},\"primaryImageOfPage\":{\"@id\":\"https:\\\/\\\/www.vonin.com\\\/fo\\\/vinna-a-landi\\\/service\\\/#primaryimage\"},\"image\":{\"@id\":\"https:\\\/\\\/www.vonin.com\\\/fo\\\/vinna-a-landi\\\/service\\\/#primaryimage\"},\"thumbnailUrl\":\"https:\\\/\\\/www.vonin.com\\\/wp-content\\\/uploads\\\/2021\\\/04\\\/industry6-scaled.jpg\",\"datePublished\":\"2022-05-11T12:03:14+00:00\",\"dateModified\":\"2025-10-13T09:27:38+00:00\",\"description\":\"T\u00e6nasta - V\u00f3nin veitir t\u00e6nastur til fiskivinnuna kring heimin \u2013 alt fr\u00e1 vi\u00f0l\u00edkahaldi og goymslu til r\u00e1\u00f0geving og \u00fatger\u00f0.\",\"breadcrumb\":{\"@id\":\"https:\\\/\\\/www.vonin.com\\\/fo\\\/vinna-a-landi\\\/service\\\/#breadcrumb\"},\"inLanguage\":\"fo-FO\",\"potentialAction\":[{\"@type\":\"ReadAction\",\"target\":[\"https:\\\/\\\/www.vonin.com\\\/fo\\\/vinna-a-landi\\\/service\\\/\"]}]},{\"@type\":\"ImageObject\",\"inLanguage\":\"fo-FO\",\"@id\":\"https:\\\/\\\/www.vonin.com\\\/fo\\\/vinna-a-landi\\\/service\\\/#primaryimage\",\"url\":\"https:\\\/\\\/www.vonin.com\\\/wp-content\\\/uploads\\\/2021\\\/04\\\/industry6-scaled.jpg\",\"contentUrl\":\"https:\\\/\\\/www.vonin.com\\\/wp-content\\\/uploads\\\/2021\\\/04\\\/industry6-scaled.jpg\"},{\"@type\":\"BreadcrumbList\",\"@id\":\"https:\\\/\\\/www.vonin.com\\\/fo\\\/vinna-a-landi\\\/service\\\/#breadcrumb\",\"itemListElement\":[{\"@type\":\"ListItem\",\"position\":1,\"name\":\"V\u00f3nin\",\"item\":\"https:\\\/\\\/www.vonin.com\\\/fo\\\/\"},{\"@type\":\"ListItem\",\"position\":2,\"name\":\"Vinna \u00e1 landi\",\"item\":\"https:\\\/\\\/www.vonin.com\\\/fo\\\/vinna-a-landi\\\/\"},{\"@type\":\"ListItem\",\"position\":3,\"name\":\"T\u00e6nasta\"}]},{\"@type\":\"WebSite\",\"@id\":\"https:\\\/\\\/www.vonin.com\\\/#website\",\"url\":\"https:\\\/\\\/www.vonin.com\\\/\",\"name\":\"V\u00f3nin\",\"description\":\"V\u00f3nin is a major developer and manufacturer of high quality fishing gear and aquaculture equipment as well as supplying equipment to the offshore industry and land based industry.\",\"potentialAction\":[{\"@type\":\"SearchAction\",\"target\":{\"@type\":\"EntryPoint\",\"urlTemplate\":\"https:\\\/\\\/www.vonin.com\\\/?s={search_term_string}\"},\"query-input\":{\"@type\":\"PropertyValueSpecification\",\"valueRequired\":true,\"valueName\":\"search_term_string\"}}],\"inLanguage\":\"fo-FO\"}]}<\/script>\n<!-- \/ Yoast SEO plugin. -->","yoast_head_json":{"title":"T\u00e6nastur til fiskivinnuna \u2013 Altj\u00f3\u00f0a hj\u00e1lp og vi\u00f0l\u00edkahald - V\u00f3nin","description":"T\u00e6nasta - V\u00f3nin veitir t\u00e6nastur til fiskivinnuna kring heimin \u2013 alt fr\u00e1 vi\u00f0l\u00edkahaldi og goymslu til r\u00e1\u00f0geving og \u00fatger\u00f0.","robots":{"index":"index","follow":"follow","max-snippet":"max-snippet:-1","max-image-preview":"max-image-preview:large","max-video-preview":"max-video-preview:-1"},"canonical":"https:\/\/www.vonin.com\/fo\/vinna-a-landi\/service\/","og_locale":"fo_FO","og_type":"article","og_title":"T\u00e6nastur til fiskivinnuna \u2013 Altj\u00f3\u00f0a hj\u00e1lp og vi\u00f0l\u00edkahald - V\u00f3nin","og_description":"T\u00e6nasta - V\u00f3nin veitir t\u00e6nastur til fiskivinnuna kring heimin \u2013 alt fr\u00e1 vi\u00f0l\u00edkahaldi og goymslu til r\u00e1\u00f0geving og \u00fatger\u00f0.","og_url":"https:\/\/www.vonin.com\/fo\/vinna-a-landi\/service\/","og_site_name":"V\u00f3nin","article_modified_time":"2025-10-13T09:27:38+00:00","og_image":[{"width":2560,"height":1440,"url":"https:\/\/www.vonin.com\/wp-content\/uploads\/2021\/04\/industry6-scaled.jpg","type":"image\/jpeg"}],"twitter_card":"summary_large_image","twitter_misc":{"Est. reading time":"2 minutes"},"schema":{"@context":"https:\/\/schema.org","@graph":[{"@type":"WebPage","@id":"https:\/\/www.vonin.com\/fo\/vinna-a-landi\/service\/","url":"https:\/\/www.vonin.com\/fo\/vinna-a-landi\/service\/","name":"T\u00e6nastur til fiskivinnuna \u2013 Altj\u00f3\u00f0a hj\u00e1lp og vi\u00f0l\u00edkahald - V\u00f3nin","isPartOf":{"@id":"https:\/\/www.vonin.com\/#website"},"primaryImageOfPage":{"@id":"https:\/\/www.vonin.com\/fo\/vinna-a-landi\/service\/#primaryimage"},"image":{"@id":"https:\/\/www.vonin.com\/fo\/vinna-a-landi\/service\/#primaryimage"},"thumbnailUrl":"https:\/\/www.vonin.com\/wp-content\/uploads\/2021\/04\/industry6-scaled.jpg","datePublished":"2022-05-11T12:03:14+00:00","dateModified":"2025-10-13T09:27:38+00:00","description":"T\u00e6nasta - V\u00f3nin veitir t\u00e6nastur til fiskivinnuna kring heimin \u2013 alt fr\u00e1 vi\u00f0l\u00edkahaldi og goymslu til r\u00e1\u00f0geving og \u00fatger\u00f0.","breadcrumb":{"@id":"https:\/\/www.vonin.com\/fo\/vinna-a-landi\/service\/#breadcrumb"},"inLanguage":"fo-FO","potentialAction":[{"@type":"ReadAction","target":["https:\/\/www.vonin.com\/fo\/vinna-a-landi\/service\/"]}]},{"@type":"ImageObject","inLanguage":"fo-FO","@id":"https:\/\/www.vonin.com\/fo\/vinna-a-landi\/service\/#primaryimage","url":"https:\/\/www.vonin.com\/wp-content\/uploads\/2021\/04\/industry6-scaled.jpg","contentUrl":"https:\/\/www.vonin.com\/wp-content\/uploads\/2021\/04\/industry6-scaled.jpg"},{"@type":"BreadcrumbList","@id":"https:\/\/www.vonin.com\/fo\/vinna-a-landi\/service\/#breadcrumb","itemListElement":[{"@type":"ListItem","position":1,"name":"V\u00f3nin","item":"https:\/\/www.vonin.com\/fo\/"},{"@type":"ListItem","position":2,"name":"Vinna \u00e1 landi","item":"https:\/\/www.vonin.com\/fo\/vinna-a-landi\/"},{"@type":"ListItem","position":3,"name":"T\u00e6nasta"}]},{"@type":"WebSite","@id":"https:\/\/www.vonin.com\/#website","url":"https:\/\/www.vonin.com\/","name":"V\u00f3nin","description":"V\u00f3nin is a major developer and manufacturer of high quality fishing gear and aquaculture equipment as well as supplying equipment to the offshore industry and land based industry.","potentialAction":[{"@type":"SearchAction","target":{"@type":"EntryPoint","urlTemplate":"https:\/\/www.vonin.com\/?s={search_term_string}"},"query-input":{"@type":"PropertyValueSpecification","valueRequired":true,"valueName":"search_term_string"}}],"inLanguage":"fo-FO"}]}},"_links":{"self":[{"href":"https:\/\/www.vonin.com\/fo\/wp-json\/wp\/v2\/pages\/10137","targetHints":{"allow":["GET"]}}],"collection":[{"href":"https:\/\/www.vonin.com\/fo\/wp-json\/wp\/v2\/pages"}],"about":[{"href":"https:\/\/www.vonin.com\/fo\/wp-json\/wp\/v2\/types\/page"}],"author":[{"embeddable":true,"href":"https:\/\/www.vonin.com\/fo\/wp-json\/wp\/v2\/users\/3"}],"replies":[{"embeddable":true,"href":"https:\/\/www.vonin.com\/fo\/wp-json\/wp\/v2\/comments?post=10137"}],"version-history":[{"count":8,"href":"https:\/\/www.vonin.com\/fo\/wp-json\/wp\/v2\/pages\/10137\/revisions"}],"predecessor-version":[{"id":290488,"href":"https:\/\/www.vonin.com\/fo\/wp-json\/wp\/v2\/pages\/10137\/revisions\/290488"}],"up":[{"embeddable":true,"href":"https:\/\/www.vonin.com\/fo\/wp-json\/wp\/v2\/pages\/9338"}],"wp:attachment":[{"href":"https:\/\/www.vonin.com\/fo\/wp-json\/wp\/v2\/media?parent=10137"}],"curies":[{"name":"wp","href":"https:\/\/api.w.org\/{rel}","templated":true}]}}