{"id":10021,"date":"2022-05-09T12:36:08","date_gmt":"2022-05-09T12:36:08","guid":{"rendered":"https:\/\/www.vonin.com\/?page_id=10021"},"modified":"2025-12-19T10:21:28","modified_gmt":"2025-12-19T10:21:28","slug":"katalog","status":"publish","type":"page","link":"https:\/\/www.vonin.com\/fo\/katalog\/","title":{"rendered":"Katalog"},"content":{"rendered":"\n<div style=\"height:60px\" aria-hidden=\"true\" class=\"wp-block-spacer\"><\/div>\n\n\n\n<h3 class=\"wp-block-heading has-black-color has-text-color\" id=\"cataloguea\">Alivinnan<\/h3>\n\n\n\n<hr class=\"wp-block-separator has-css-opacity is-style-wide\"\/>\n\n\n\n<div class=\"wp-block-columns is-layout-flex wp-container-core-columns-is-layout-9d6595d7 wp-block-columns-is-layout-flex\">\n<div class=\"wp-block-column is-layout-flow wp-block-column-is-layout-flow\">\n<p><a href=\"http:\/\/catalogue.www.vonin.com\/vonin\/aquaculture\/catalogue\/\" target=\"_blank\" rel=\"noreferrer noopener\">Aquaculture Catalogue<\/a><\/p>\n\n\n\n<a href=\"http:\/\/catalogue.vonin.com\/vonin\/aquaculture\/catalogue\/\" id=\"link-block_1385d69bdeaf19754ddf65f0cf8f517d\" class=\"beak-link\" target=\"_blank\">\n    \n\n<figure class=\"wp-block-image size-large\"><img loading=\"lazy\" decoding=\"async\" width=\"933\" height=\"1245\" src=\"https:\/\/www.vonin.com\/wp-content\/uploads\/2021\/06\/aquaculture-catalogue-edited.jpg\" alt=\"\" class=\"wp-image-7893\" srcset=\"https:\/\/www.vonin.com\/wp-content\/uploads\/2021\/06\/aquaculture-catalogue-edited.jpg 933w, https:\/\/www.vonin.com\/wp-content\/uploads\/2021\/06\/aquaculture-catalogue-edited-600x800.jpg 600w, https:\/\/www.vonin.com\/wp-content\/uploads\/2021\/06\/aquaculture-catalogue-edited-768x1025.jpg 768w, https:\/\/www.vonin.com\/wp-content\/uploads\/2021\/06\/aquaculture-catalogue-edited-150x200.jpg 150w\" sizes=\"auto, (max-width: 933px) 100vw, 933px\" \/><\/figure>\n\n\n<\/a>\n<\/div>\n\n\n\n<div class=\"wp-block-column is-layout-flow wp-block-column-is-layout-flow\">\n<p><a href=\"http:\/\/catalogue.www.vonin.com\/Vonin\/Aquaculture\/Crosby_Trawlex\/?page=1\" target=\"_blank\" rel=\"noreferrer noopener\">Crosby Trawlex Product Range<\/a><\/p>\n\n\n\n<a href=\"http:\/\/catalogue.vonin.com\/Vonin\/Aquaculture\/Crosby_Trawlex\/?page=1\" id=\"link-block_c5889a4223ef0087cca56ee97bbf2b94\" class=\"beak-link\" target=\"_blank\">\n    \n\n<figure class=\"wp-block-image size-large\"><img loading=\"lazy\" decoding=\"async\" width=\"880\" height=\"1175\" src=\"https:\/\/www.vonin.com\/wp-content\/uploads\/2021\/06\/crosby-trawles-edited.jpg\" alt=\"\" class=\"wp-image-7895\" srcset=\"https:\/\/www.vonin.com\/wp-content\/uploads\/2021\/06\/crosby-trawles-edited.jpg 880w, https:\/\/www.vonin.com\/wp-content\/uploads\/2021\/06\/crosby-trawles-edited-599x800.jpg 599w, https:\/\/www.vonin.com\/wp-content\/uploads\/2021\/06\/crosby-trawles-edited-768x1025.jpg 768w, https:\/\/www.vonin.com\/wp-content\/uploads\/2021\/06\/crosby-trawles-edited-150x200.jpg 150w\" sizes=\"auto, (max-width: 880px) 100vw, 880px\" \/><\/figure>\n\n\n<\/a>\n<\/div>\n\n\n\n<div class=\"wp-block-column is-layout-flow wp-block-column-is-layout-flow\">\n<p><a href=\"http:\/\/catalogue.www.vonin.com\/Vonin\/Aquaculture\/nordic-diamond\/\" target=\"_blank\" rel=\"noreferrer noopener\">Nordic Diamond<\/a><\/p>\n\n\n\n<a href=\"http:\/\/catalogue.vonin.com\/Vonin\/Aquaculture\/nordic-diamond\/\" id=\"link-block_d0e66ff9648d6939bc4a886a95150720\" class=\"beak-link\" target=\"_blank\">\n    \n\n<figure class=\"wp-block-image size-large\"><img loading=\"lazy\" decoding=\"async\" width=\"934\" height=\"1245\" src=\"https:\/\/www.vonin.com\/wp-content\/uploads\/2021\/06\/nordic-diamond-edited.jpg\" alt=\"\" class=\"wp-image-7902\" srcset=\"https:\/\/www.vonin.com\/wp-content\/uploads\/2021\/06\/nordic-diamond-edited.jpg 934w, https:\/\/www.vonin.com\/wp-content\/uploads\/2021\/06\/nordic-diamond-edited-600x800.jpg 600w, https:\/\/www.vonin.com\/wp-content\/uploads\/2021\/06\/nordic-diamond-edited-768x1024.jpg 768w, https:\/\/www.vonin.com\/wp-content\/uploads\/2021\/06\/nordic-diamond-edited-150x200.jpg 150w\" sizes=\"auto, (max-width: 934px) 100vw, 934px\" \/><\/figure>\n\n\n<\/a>\n<\/div>\n<\/div>\n\n\n\n<div class=\"wp-block-columns is-layout-flex wp-container-core-columns-is-layout-9d6595d7 wp-block-columns-is-layout-flex\">\n<div class=\"wp-block-column is-layout-flow wp-block-column-is-layout-flow\">\n<p><a href=\"http:\/\/catalogue.vonin.com\/Vonin\/Aquaculture\/aquaculture-equipment\/?page=1\" target=\"_blank\" rel=\"noreferrer noopener\">Aquaculture Equipment<\/a><\/p>\n\n\n\n<a href=\"http:\/\/catalogue.vonin.com\/vonin\/aquaculture\/catalogue\/\" id=\"link-block_1385d69bdeaf19754ddf65f0cf8f517d\" class=\"beak-link\" target=\"_blank\">\n    \n<\/a>\n\n\n\n<figure class=\"wp-block-image size-full\"><a href=\"http:\/\/catalogue.vonin.com\/Vonin\/Aquaculture\/aquaculture-equipment\/?page=1\"><img loading=\"lazy\" decoding=\"async\" width=\"935\" height=\"1248\" src=\"https:\/\/www.vonin.com\/wp-content\/uploads\/2022\/09\/aqualture-equipment-edited.jpg\" alt=\"\" class=\"wp-image-11872\" srcset=\"https:\/\/www.vonin.com\/wp-content\/uploads\/2022\/09\/aqualture-equipment-edited.jpg 935w, https:\/\/www.vonin.com\/wp-content\/uploads\/2022\/09\/aqualture-equipment-edited-599x800.jpg 599w, https:\/\/www.vonin.com\/wp-content\/uploads\/2022\/09\/aqualture-equipment-edited-768x1025.jpg 768w, https:\/\/www.vonin.com\/wp-content\/uploads\/2022\/09\/aqualture-equipment-edited-150x200.jpg 150w\" sizes=\"auto, (max-width: 935px) 100vw, 935px\" \/><\/a><\/figure>\n<\/div>\n\n\n\n<div class=\"wp-block-column is-layout-flow wp-block-column-is-layout-flow\">\n<p><\/p>\n\n\n\n<a href=\"http:\/\/catalogue.vonin.com\/Vonin\/Aquaculture\/Crosby_Trawlex\/?page=1\" id=\"link-block_c5889a4223ef0087cca56ee97bbf2b94\" class=\"beak-link\" target=\"_blank\">\n    \n<\/a>\n<\/div>\n\n\n\n<div class=\"wp-block-column is-layout-flow wp-block-column-is-layout-flow\">\n<p><\/p>\n\n\n\n<a href=\"http:\/\/catalogue.vonin.com\/Vonin\/Aquaculture\/nordic-diamond\/\" id=\"link-block_d0e66ff9648d6939bc4a886a95150720\" class=\"beak-link\" target=\"_blank\">\n    \n<\/a>\n<\/div>\n<\/div>\n\n\n\n<div style=\"height:60px\" aria-hidden=\"true\" class=\"wp-block-spacer\"><\/div>\n\n\n\n<h3 class=\"wp-block-heading has-black-color has-text-color\" id=\"cataloguef\">Fiskivinnan<\/h3>\n\n\n\n<hr class=\"wp-block-separator has-css-opacity is-style-wide\"\/>\n\n\n\n<div style=\"height:30px\" aria-hidden=\"true\" class=\"wp-block-spacer\"><\/div>\n\n\n\n<div class=\"wp-block-group\"><div class=\"wp-block-group__inner-container is-layout-constrained wp-block-group-is-layout-constrained\">\n<div class=\"wp-block-columns is-layout-flex wp-container-core-columns-is-layout-9d6595d7 wp-block-columns-is-layout-flex\">\n<div class=\"wp-block-column is-layout-flow wp-block-column-is-layout-flow\">\n<p><a href=\"http:\/\/catalogue.vonin.com\/Vonin\/Fishing\/pelagic-trawls\/?page=1\">Pelagic Trawls<\/a><\/p>\n\n\n\n<figure class=\"wp-block-image size-full\"><a href=\"http:\/\/catalogue.vonin.com\/Vonin\/Fishing\/pelagic-trawls\/?page=1\"><img loading=\"lazy\" decoding=\"async\" width=\"890\" height=\"1167\" src=\"https:\/\/www.vonin.com\/wp-content\/uploads\/2023\/11\/2.jpg\" alt=\"\" class=\"wp-image-26758\" srcset=\"https:\/\/www.vonin.com\/wp-content\/uploads\/2023\/11\/2.jpg 890w, https:\/\/www.vonin.com\/wp-content\/uploads\/2023\/11\/2-610x800.jpg 610w, https:\/\/www.vonin.com\/wp-content\/uploads\/2023\/11\/2-768x1007.jpg 768w, https:\/\/www.vonin.com\/wp-content\/uploads\/2023\/11\/2-153x200.jpg 153w\" sizes=\"auto, (max-width: 890px) 100vw, 890px\" \/><\/a><\/figure>\n<\/div>\n\n\n\n<div class=\"wp-block-column is-layout-flow wp-block-column-is-layout-flow\">\n<p><a href=\"http:\/\/catalogue.vonin.com\/Vonin\/Fishing\/twister-controllable-smart-doors\/?page=1\">V\u00f3nin Twister trawl doors<\/a><\/p>\n\n\n\n<figure class=\"wp-block-image size-full\"><a href=\"http:\/\/catalogue.vonin.com\/Vonin\/Fishing\/twister-controllable-smart-doors\/?page=1\"><img loading=\"lazy\" decoding=\"async\" width=\"904\" height=\"1182\" src=\"https:\/\/www.vonin.com\/wp-content\/uploads\/2023\/11\/1-1.jpg\" alt=\"\" class=\"wp-image-26749\" srcset=\"https:\/\/www.vonin.com\/wp-content\/uploads\/2023\/11\/1-1.jpg 904w, https:\/\/www.vonin.com\/wp-content\/uploads\/2023\/11\/1-1-612x800.jpg 612w, https:\/\/www.vonin.com\/wp-content\/uploads\/2023\/11\/1-1-768x1004.jpg 768w, https:\/\/www.vonin.com\/wp-content\/uploads\/2023\/11\/1-1-153x200.jpg 153w\" sizes=\"auto, (max-width: 904px) 100vw, 904px\" \/><\/a><\/figure>\n<\/div>\n\n\n\n<div class=\"wp-block-column is-layout-flow wp-block-column-is-layout-flow\">\n<p><a href=\"http:\/\/catalogue.vonin.com\/Vonin\/Fishing\/vonin-storm-2\/?page=1\">V\u00f3nin Storm 2<\/a><\/p>\n\n\n\n<figure class=\"wp-block-image size-full\"><a href=\"http:\/\/catalogue.vonin.com\/Vonin\/Fishing\/vonin-storm-2\/?page=1\"><img loading=\"lazy\" decoding=\"async\" width=\"889\" height=\"1167\" src=\"https:\/\/www.vonin.com\/wp-content\/uploads\/2023\/11\/3.jpg\" alt=\"\" class=\"wp-image-26767\" srcset=\"https:\/\/www.vonin.com\/wp-content\/uploads\/2023\/11\/3.jpg 889w, https:\/\/www.vonin.com\/wp-content\/uploads\/2023\/11\/3-609x800.jpg 609w, https:\/\/www.vonin.com\/wp-content\/uploads\/2023\/11\/3-768x1008.jpg 768w, https:\/\/www.vonin.com\/wp-content\/uploads\/2023\/11\/3-152x200.jpg 152w\" sizes=\"auto, (max-width: 889px) 100vw, 889px\" \/><\/a><\/figure>\n<\/div>\n<\/div>\n<\/div><\/div>\n\n\n\n<div class=\"wp-block-columns is-layout-flex wp-container-core-columns-is-layout-9d6595d7 wp-block-columns-is-layout-flex\">\n<div class=\"wp-block-column is-layout-flow wp-block-column-is-layout-flow\">\n<p><a href=\"http:\/\/catalogue.vonin.com\/Vonin\/Fishing\/vonin-fishing-catalogue-2025\/\" target=\"_blank\" rel=\"noreferrer noopener\">Fishing Catalogue<\/a><\/p>\n\n\n\n<figure class=\"wp-block-image size-full\"><a href=\"http:\/\/catalogue.vonin.com\/Vonin\/Fishing\/vonin-fishing-catalogue-2025\/\"><img loading=\"lazy\" decoding=\"async\" width=\"481\" height=\"639\" src=\"https:\/\/www.vonin.com\/wp-content\/uploads\/2025\/12\/Perma.png\" alt=\"\" class=\"wp-image-319922\" srcset=\"https:\/\/www.vonin.com\/wp-content\/uploads\/2025\/12\/Perma.png 481w, https:\/\/www.vonin.com\/wp-content\/uploads\/2025\/12\/Perma-151x200.png 151w\" sizes=\"auto, (max-width: 481px) 100vw, 481px\" \/><\/a><\/figure>\n<\/div>\n\n\n\n<div class=\"wp-block-column is-layout-flow wp-block-column-is-layout-flow\">\n<p><a href=\"http:\/\/catalogue.www.vonin.com\/Vonin\/Fishing\/zenith\/?page=1\" target=\"_blank\" rel=\"noreferrer noopener\">V\u00f3nin Zenith<\/a><\/p>\n\n\n\n<a href=\"http:\/\/catalogue.vonin.com\/Vonin\/Fishing\/zenith\/?page=1\" id=\"link-block_b513714daabdc5a934bcd4dd5057946a\" class=\"beak-link\" target=\"_blank\">\n    \n\n<figure class=\"wp-block-image size-large\"><img loading=\"lazy\" decoding=\"async\" width=\"934\" height=\"1245\" src=\"https:\/\/www.vonin.com\/wp-content\/uploads\/2021\/06\/vonin-zenith-edited.jpg\" alt=\"\" class=\"wp-image-7910\" srcset=\"https:\/\/www.vonin.com\/wp-content\/uploads\/2021\/06\/vonin-zenith-edited.jpg 934w, https:\/\/www.vonin.com\/wp-content\/uploads\/2021\/06\/vonin-zenith-edited-600x800.jpg 600w, https:\/\/www.vonin.com\/wp-content\/uploads\/2021\/06\/vonin-zenith-edited-768x1024.jpg 768w, https:\/\/www.vonin.com\/wp-content\/uploads\/2021\/06\/vonin-zenith-edited-150x200.jpg 150w\" sizes=\"auto, (max-width: 934px) 100vw, 934px\" \/><\/figure>\n\n\n<\/a>\n<\/div>\n\n\n\n<div class=\"wp-block-column is-layout-flow wp-block-column-is-layout-flow\">\n<p><a href=\"http:\/\/catalogue.www.vonin.com\/Vonin\/Fishing\/storm-trawldoor\/\" target=\"_blank\" rel=\"noreferrer noopener\">Storm Trawl Doors<\/a><\/p>\n\n\n\n<a href=\"http:\/\/catalogue.vonin.com\/Vonin\/Fishing\/storm-trawldoor\/\" id=\"link-block_aa31ec78901660ff71e8e745b4f7af91\" class=\"beak-link\" target=\"_blank\">\n    \n\n<figure class=\"wp-block-image size-large\"><img loading=\"lazy\" decoding=\"async\" width=\"934\" height=\"1245\" src=\"https:\/\/www.vonin.com\/wp-content\/uploads\/2021\/06\/vonin-storm-edited.jpg\" alt=\"\" class=\"wp-image-7917\" srcset=\"https:\/\/www.vonin.com\/wp-content\/uploads\/2021\/06\/vonin-storm-edited.jpg 934w, https:\/\/www.vonin.com\/wp-content\/uploads\/2021\/06\/vonin-storm-edited-600x800.jpg 600w, https:\/\/www.vonin.com\/wp-content\/uploads\/2021\/06\/vonin-storm-edited-768x1024.jpg 768w, https:\/\/www.vonin.com\/wp-content\/uploads\/2021\/06\/vonin-storm-edited-150x200.jpg 150w\" sizes=\"auto, (max-width: 934px) 100vw, 934px\" \/><\/figure>\n\n\n<\/a>\n<\/div>\n<\/div>\n\n\n\n<div class=\"wp-block-columns is-layout-flex wp-container-core-columns-is-layout-9d6595d7 wp-block-columns-is-layout-flex\">\n<div class=\"wp-block-column is-layout-flow wp-block-column-is-layout-flow\">\n<p><a href=\"http:\/\/catalogue.www.vonin.com\/Vonin\/Fishing\/tornado-trawl-door\/\" target=\"_blank\" rel=\"noreferrer noopener\">Tornado Trawl Doors<\/a><\/p>\n\n\n\n<a href=\"http:\/\/catalogue.vonin.com\/Vonin\/Fishing\/tornado-trawl-door\/\" id=\"link-block_d2a5c611372dc0902d16ac0f9fb0038e\" class=\"beak-link\" target=\"_blank\">\n    \n\n<figure class=\"wp-block-image size-large\"><img loading=\"lazy\" decoding=\"async\" width=\"934\" height=\"1245\" src=\"https:\/\/www.vonin.com\/wp-content\/uploads\/2021\/06\/vonin-tornado-edited.jpg\" alt=\"\" class=\"wp-image-7925\" srcset=\"https:\/\/www.vonin.com\/wp-content\/uploads\/2021\/06\/vonin-tornado-edited.jpg 934w, https:\/\/www.vonin.com\/wp-content\/uploads\/2021\/06\/vonin-tornado-edited-600x800.jpg 600w, https:\/\/www.vonin.com\/wp-content\/uploads\/2021\/06\/vonin-tornado-edited-768x1024.jpg 768w, https:\/\/www.vonin.com\/wp-content\/uploads\/2021\/06\/vonin-tornado-edited-150x200.jpg 150w\" sizes=\"auto, (max-width: 934px) 100vw, 934px\" \/><\/figure>\n\n\n<\/a>\n<\/div>\n\n\n\n<div class=\"wp-block-column is-layout-flow wp-block-column-is-layout-flow\">\n<p><a href=\"http:\/\/catalogue.www.vonin.com\/Vonin\/Fishing\/tornado-trawl-doors-ru\/?page=1\" target=\"_blank\" rel=\"noreferrer noopener\">Storm Trawl Doors ( RU )<\/a><\/p>\n\n\n\n<a href=\"http:\/\/catalogue.vonin.com\/Vonin\/Fishing\/storm-trawl-doors-ru\/\" id=\"link-block_dfde556e396dafc4d9ce44ec21ff417a\" class=\"beak-link\" target=\"_blank\">\n    \n\n<figure class=\"wp-block-image size-large\"><img loading=\"lazy\" decoding=\"async\" width=\"934\" height=\"1245\" src=\"https:\/\/www.vonin.com\/wp-content\/uploads\/2021\/06\/vonin-storm-ru-edited.jpg\" alt=\"\" class=\"wp-image-7927\" srcset=\"https:\/\/www.vonin.com\/wp-content\/uploads\/2021\/06\/vonin-storm-ru-edited.jpg 934w, https:\/\/www.vonin.com\/wp-content\/uploads\/2021\/06\/vonin-storm-ru-edited-600x800.jpg 600w, https:\/\/www.vonin.com\/wp-content\/uploads\/2021\/06\/vonin-storm-ru-edited-768x1024.jpg 768w, https:\/\/www.vonin.com\/wp-content\/uploads\/2021\/06\/vonin-storm-ru-edited-150x200.jpg 150w\" sizes=\"auto, (max-width: 934px) 100vw, 934px\" \/><\/figure>\n\n\n<\/a>\n<\/div>\n\n\n\n<div class=\"wp-block-column is-layout-flow wp-block-column-is-layout-flow\">\n<p><a href=\"http:\/\/catalogue.www.vonin.com\/Vonin\/Fishing\/tornado-trawl-doors-ru\/?page=1\" target=\"_blank\" rel=\"noreferrer noopener\">Tornado Trawl Doors ( RU )<\/a><\/p>\n\n\n\n<a href=\"http:\/\/catalogue.vonin.com\/Vonin\/Fishing\/tornado-trawl-doors-ru\/?page=1\" id=\"link-block_e533f2cc40cc84b332cbbe71f614413b\" class=\"beak-link\" target=\"_blank\">\n    \n\n<figure class=\"wp-block-image size-large\"><img loading=\"lazy\" decoding=\"async\" width=\"934\" height=\"1245\" src=\"https:\/\/www.vonin.com\/wp-content\/uploads\/2021\/06\/vonin-tornado-ru-edited.jpg\" alt=\"\" class=\"wp-image-7931\" srcset=\"https:\/\/www.vonin.com\/wp-content\/uploads\/2021\/06\/vonin-tornado-ru-edited.jpg 934w, https:\/\/www.vonin.com\/wp-content\/uploads\/2021\/06\/vonin-tornado-ru-edited-600x800.jpg 600w, https:\/\/www.vonin.com\/wp-content\/uploads\/2021\/06\/vonin-tornado-ru-edited-768x1024.jpg 768w, https:\/\/www.vonin.com\/wp-content\/uploads\/2021\/06\/vonin-tornado-ru-edited-150x200.jpg 150w\" sizes=\"auto, (max-width: 934px) 100vw, 934px\" \/><\/figure>\n\n\n<\/a>\n<\/div>\n<\/div>\n\n\n\n<div style=\"height:120px\" aria-hidden=\"true\" class=\"wp-block-spacer\"><\/div>\n\n\n\n<p><\/p>\n","protected":false},"excerpt":{"rendered":"<p>Alivinnan Aquaculture Catalogue Crosby Trawlex Product Range Nordic Diamond Aquaculture Equipment Fiskivinnan Pelagic Trawls V\u00f3nin Twister trawl doors V\u00f3nin Storm 2 Fishing Catalogue V\u00f3nin Zenith Storm Trawl Doors Tornado Trawl Doors Storm Trawl Doors ( RU ) Tornado Trawl Doors ( RU )<\/p>\n","protected":false},"author":3,"featured_media":0,"parent":0,"menu_order":0,"comment_status":"closed","ping_status":"closed","template":"","meta":{"_acf_changed":false,"content-type":"","footnotes":""},"class_list":["post-10021","page","type-page","status-publish","hentry"],"acf":[],"yoast_head":"<!-- This site is optimized with the Yoast SEO plugin v27.4 - https:\/\/yoast.com\/product\/yoast-seo-wordpress\/ -->\n<title>V\u00f3nin Katalog | \u00d8ll \u00fatger\u00f0 til fiskivinnuna | Les meira her<\/title>\n<meta name=\"description\" content=\"Finn dygdar\u00fatger\u00f0 til fiskivinnuna \u00ed V\u00f3nin-kataloginum. Vit veita n\u00fdskapandi loysnir, i\u00f0 kunnu tryggja t\u00e6r betri fiskiskap.\" \/>\n<meta name=\"robots\" content=\"index, follow, max-snippet:-1, max-image-preview:large, max-video-preview:-1\" \/>\n<link rel=\"canonical\" href=\"https:\/\/www.vonin.com\/fo\/katalog\/\" \/>\n<meta property=\"og:locale\" content=\"fo_FO\" \/>\n<meta property=\"og:type\" content=\"article\" \/>\n<meta property=\"og:title\" content=\"V\u00f3nin Katalog | \u00d8ll \u00fatger\u00f0 til fiskivinnuna | Les meira her\" \/>\n<meta property=\"og:description\" content=\"Finn dygdar\u00fatger\u00f0 til fiskivinnuna \u00ed V\u00f3nin-kataloginum. Vit veita n\u00fdskapandi loysnir, i\u00f0 kunnu tryggja t\u00e6r betri fiskiskap.\" \/>\n<meta property=\"og:url\" content=\"https:\/\/www.vonin.com\/fo\/katalog\/\" \/>\n<meta property=\"og:site_name\" content=\"V\u00f3nin\" \/>\n<meta property=\"article:modified_time\" content=\"2025-12-19T10:21:28+00:00\" \/>\n<meta property=\"og:image\" content=\"https:\/\/www.vonin.com\/wp-content\/uploads\/2021\/06\/aquaculture-catalogue-edited.jpg\" \/>\n\t<meta property=\"og:image:width\" content=\"933\" \/>\n\t<meta property=\"og:image:height\" content=\"1245\" \/>\n\t<meta property=\"og:image:type\" content=\"image\/jpeg\" \/>\n<meta name=\"twitter:card\" content=\"summary_large_image\" \/>\n<meta name=\"twitter:label1\" content=\"Est. reading time\" \/>\n\t<meta name=\"twitter:data1\" content=\"3 minutes\" \/>\n<script type=\"application\/ld+json\" class=\"yoast-schema-graph\">{\"@context\":\"https:\\\/\\\/schema.org\",\"@graph\":[{\"@type\":\"WebPage\",\"@id\":\"https:\\\/\\\/www.vonin.com\\\/fo\\\/katalog\\\/\",\"url\":\"https:\\\/\\\/www.vonin.com\\\/fo\\\/katalog\\\/\",\"name\":\"V\u00f3nin Katalog | \u00d8ll \u00fatger\u00f0 til fiskivinnuna | Les meira her\",\"isPartOf\":{\"@id\":\"https:\\\/\\\/www.vonin.com\\\/#website\"},\"primaryImageOfPage\":{\"@id\":\"https:\\\/\\\/www.vonin.com\\\/fo\\\/katalog\\\/#primaryimage\"},\"image\":{\"@id\":\"https:\\\/\\\/www.vonin.com\\\/fo\\\/katalog\\\/#primaryimage\"},\"thumbnailUrl\":\"https:\\\/\\\/www.vonin.com\\\/wp-content\\\/uploads\\\/2021\\\/06\\\/aquaculture-catalogue-edited.jpg\",\"datePublished\":\"2022-05-09T12:36:08+00:00\",\"dateModified\":\"2025-12-19T10:21:28+00:00\",\"description\":\"Finn dygdar\u00fatger\u00f0 til fiskivinnuna \u00ed V\u00f3nin-kataloginum. Vit veita n\u00fdskapandi loysnir, i\u00f0 kunnu tryggja t\u00e6r betri fiskiskap.\",\"breadcrumb\":{\"@id\":\"https:\\\/\\\/www.vonin.com\\\/fo\\\/katalog\\\/#breadcrumb\"},\"inLanguage\":\"fo-FO\",\"potentialAction\":[{\"@type\":\"ReadAction\",\"target\":[\"https:\\\/\\\/www.vonin.com\\\/fo\\\/katalog\\\/\"]}]},{\"@type\":\"ImageObject\",\"inLanguage\":\"fo-FO\",\"@id\":\"https:\\\/\\\/www.vonin.com\\\/fo\\\/katalog\\\/#primaryimage\",\"url\":\"https:\\\/\\\/www.vonin.com\\\/wp-content\\\/uploads\\\/2021\\\/06\\\/aquaculture-catalogue-edited.jpg\",\"contentUrl\":\"https:\\\/\\\/www.vonin.com\\\/wp-content\\\/uploads\\\/2021\\\/06\\\/aquaculture-catalogue-edited.jpg\"},{\"@type\":\"BreadcrumbList\",\"@id\":\"https:\\\/\\\/www.vonin.com\\\/fo\\\/katalog\\\/#breadcrumb\",\"itemListElement\":[{\"@type\":\"ListItem\",\"position\":1,\"name\":\"V\u00f3nin\",\"item\":\"https:\\\/\\\/www.vonin.com\\\/fo\\\/\"},{\"@type\":\"ListItem\",\"position\":2,\"name\":\"Katalog\"}]},{\"@type\":\"WebSite\",\"@id\":\"https:\\\/\\\/www.vonin.com\\\/#website\",\"url\":\"https:\\\/\\\/www.vonin.com\\\/\",\"name\":\"V\u00f3nin\",\"description\":\"V\u00f3nin is a major developer and manufacturer of high quality fishing gear and aquaculture equipment as well as supplying equipment to the offshore industry and land based industry.\",\"potentialAction\":[{\"@type\":\"SearchAction\",\"target\":{\"@type\":\"EntryPoint\",\"urlTemplate\":\"https:\\\/\\\/www.vonin.com\\\/?s={search_term_string}\"},\"query-input\":{\"@type\":\"PropertyValueSpecification\",\"valueRequired\":true,\"valueName\":\"search_term_string\"}}],\"inLanguage\":\"fo-FO\"}]}<\/script>\n<!-- \/ Yoast SEO plugin. -->","yoast_head_json":{"title":"V\u00f3nin Katalog | \u00d8ll \u00fatger\u00f0 til fiskivinnuna | Les meira her","description":"Finn dygdar\u00fatger\u00f0 til fiskivinnuna \u00ed V\u00f3nin-kataloginum. Vit veita n\u00fdskapandi loysnir, i\u00f0 kunnu tryggja t\u00e6r betri fiskiskap.","robots":{"index":"index","follow":"follow","max-snippet":"max-snippet:-1","max-image-preview":"max-image-preview:large","max-video-preview":"max-video-preview:-1"},"canonical":"https:\/\/www.vonin.com\/fo\/katalog\/","og_locale":"fo_FO","og_type":"article","og_title":"V\u00f3nin Katalog | \u00d8ll \u00fatger\u00f0 til fiskivinnuna | Les meira her","og_description":"Finn dygdar\u00fatger\u00f0 til fiskivinnuna \u00ed V\u00f3nin-kataloginum. Vit veita n\u00fdskapandi loysnir, i\u00f0 kunnu tryggja t\u00e6r betri fiskiskap.","og_url":"https:\/\/www.vonin.com\/fo\/katalog\/","og_site_name":"V\u00f3nin","article_modified_time":"2025-12-19T10:21:28+00:00","og_image":[{"width":933,"height":1245,"url":"https:\/\/www.vonin.com\/wp-content\/uploads\/2021\/06\/aquaculture-catalogue-edited.jpg","type":"image\/jpeg"}],"twitter_card":"summary_large_image","twitter_misc":{"Est. reading time":"3 minutes"},"schema":{"@context":"https:\/\/schema.org","@graph":[{"@type":"WebPage","@id":"https:\/\/www.vonin.com\/fo\/katalog\/","url":"https:\/\/www.vonin.com\/fo\/katalog\/","name":"V\u00f3nin Katalog | \u00d8ll \u00fatger\u00f0 til fiskivinnuna | Les meira her","isPartOf":{"@id":"https:\/\/www.vonin.com\/#website"},"primaryImageOfPage":{"@id":"https:\/\/www.vonin.com\/fo\/katalog\/#primaryimage"},"image":{"@id":"https:\/\/www.vonin.com\/fo\/katalog\/#primaryimage"},"thumbnailUrl":"https:\/\/www.vonin.com\/wp-content\/uploads\/2021\/06\/aquaculture-catalogue-edited.jpg","datePublished":"2022-05-09T12:36:08+00:00","dateModified":"2025-12-19T10:21:28+00:00","description":"Finn dygdar\u00fatger\u00f0 til fiskivinnuna \u00ed V\u00f3nin-kataloginum. Vit veita n\u00fdskapandi loysnir, i\u00f0 kunnu tryggja t\u00e6r betri fiskiskap.","breadcrumb":{"@id":"https:\/\/www.vonin.com\/fo\/katalog\/#breadcrumb"},"inLanguage":"fo-FO","potentialAction":[{"@type":"ReadAction","target":["https:\/\/www.vonin.com\/fo\/katalog\/"]}]},{"@type":"ImageObject","inLanguage":"fo-FO","@id":"https:\/\/www.vonin.com\/fo\/katalog\/#primaryimage","url":"https:\/\/www.vonin.com\/wp-content\/uploads\/2021\/06\/aquaculture-catalogue-edited.jpg","contentUrl":"https:\/\/www.vonin.com\/wp-content\/uploads\/2021\/06\/aquaculture-catalogue-edited.jpg"},{"@type":"BreadcrumbList","@id":"https:\/\/www.vonin.com\/fo\/katalog\/#breadcrumb","itemListElement":[{"@type":"ListItem","position":1,"name":"V\u00f3nin","item":"https:\/\/www.vonin.com\/fo\/"},{"@type":"ListItem","position":2,"name":"Katalog"}]},{"@type":"WebSite","@id":"https:\/\/www.vonin.com\/#website","url":"https:\/\/www.vonin.com\/","name":"V\u00f3nin","description":"V\u00f3nin is a major developer and manufacturer of high quality fishing gear and aquaculture equipment as well as supplying equipment to the offshore industry and land based industry.","potentialAction":[{"@type":"SearchAction","target":{"@type":"EntryPoint","urlTemplate":"https:\/\/www.vonin.com\/?s={search_term_string}"},"query-input":{"@type":"PropertyValueSpecification","valueRequired":true,"valueName":"search_term_string"}}],"inLanguage":"fo-FO"}]}},"_links":{"self":[{"href":"https:\/\/www.vonin.com\/fo\/wp-json\/wp\/v2\/pages\/10021","targetHints":{"allow":["GET"]}}],"collection":[{"href":"https:\/\/www.vonin.com\/fo\/wp-json\/wp\/v2\/pages"}],"about":[{"href":"https:\/\/www.vonin.com\/fo\/wp-json\/wp\/v2\/types\/page"}],"author":[{"embeddable":true,"href":"https:\/\/www.vonin.com\/fo\/wp-json\/wp\/v2\/users\/3"}],"replies":[{"embeddable":true,"href":"https:\/\/www.vonin.com\/fo\/wp-json\/wp\/v2\/comments?post=10021"}],"version-history":[{"count":7,"href":"https:\/\/www.vonin.com\/fo\/wp-json\/wp\/v2\/pages\/10021\/revisions"}],"predecessor-version":[{"id":322919,"href":"https:\/\/www.vonin.com\/fo\/wp-json\/wp\/v2\/pages\/10021\/revisions\/322919"}],"wp:attachment":[{"href":"https:\/\/www.vonin.com\/fo\/wp-json\/wp\/v2\/media?parent=10021"}],"curies":[{"name":"wp","href":"https:\/\/api.w.org\/{rel}","templated":true}]}}