{"id":10019,"date":"2022-05-09T14:08:24","date_gmt":"2022-05-09T14:08:24","guid":{"rendered":"https:\/\/www.vonin.com\/?page_id=10019"},"modified":"2022-05-09T14:08:25","modified_gmt":"2022-05-09T14:08:25","slug":"bumerkid","status":"publish","type":"page","link":"https:\/\/www.vonin.com\/fo\/um-okkum\/bumerkid\/","title":{"rendered":"B\u00famerki\u00f0"},"content":{"rendered":"\n<div style=\"height:60px\" aria-hidden=\"true\" class=\"wp-block-spacer\"><\/div>\n\n\n\n<h2 class=\"has-text-align-center wp-block-heading\">B\u00famerki\u00f0<\/h2>\n\n\n\n<hr class=\"wp-block-separator\"\/>\n\n\n\n<p class=\"has-text-align-center\">Her kann b\u00famerki\u00f0 takast ni\u00f0ur<\/p>\n\n\n\n<div style=\"height:60px\" aria-hidden=\"true\" class=\"wp-block-spacer\"><\/div>\n\n\n\n<div class=\"wp-block-columns is-layout-flex wp-container-core-columns-is-layout-9d6595d7 wp-block-columns-is-layout-flex\">\n<div class=\"wp-block-column is-layout-flow wp-block-column-is-layout-flow\">\n<figure class=\"wp-block-image size-full\"><img loading=\"lazy\" decoding=\"async\" width=\"772\" height=\"321\" src=\"https:\/\/www.vonin.com\/wp-content\/uploads\/2021\/05\/vonin_logo.jpg\" alt=\"\" class=\"wp-image-6468\" srcset=\"https:\/\/www.vonin.com\/wp-content\/uploads\/2021\/05\/vonin_logo.jpg 772w, https:\/\/www.vonin.com\/wp-content\/uploads\/2021\/05\/vonin_logo-768x319.jpg 768w, https:\/\/www.vonin.com\/wp-content\/uploads\/2021\/05\/vonin_logo-200x83.jpg 200w\" sizes=\"auto, (max-width: 772px) 100vw, 772px\" \/><figcaption>VI\u00f0 hv\u00edtari bakgrund<\/figcaption><\/figure>\n\n\n\n<div style=\"height:60px\" aria-hidden=\"true\" class=\"wp-block-spacer\"><\/div>\n\n\n\n<p class=\"has-text-align-left\"><a download=\"\" href=\"\/wp-content\/uploads\/brand\/vonin_logo_high_jpg.jpg\" target=\"_blank\" rel=\"noreferrer noopener\">HIGH-RES JPEG<\/a><\/p>\n\n\n\n<p class=\"has-text-align-left\"><a download=\"\" href=\"\/wp-content\/uploads\/brand\/vonin_logo_low_jpg.jpg\" target=\"_blank\" rel=\"noreferrer noopener\">LOW-RES JPEG<\/a><\/p>\n<\/div>\n\n\n\n<div class=\"wp-block-column is-layout-flow wp-block-column-is-layout-flow\">\n<figure class=\"wp-block-image size-large\"><img loading=\"lazy\" decoding=\"async\" width=\"1600\" height=\"666\" src=\"https:\/\/www.vonin.com\/wp-content\/uploads\/2021\/05\/logo_uttan_bakgrund-1600x666.jpg\" alt=\"\" class=\"wp-image-6481\" srcset=\"https:\/\/www.vonin.com\/wp-content\/uploads\/2021\/05\/logo_uttan_bakgrund-1600x666.jpg 1600w, https:\/\/www.vonin.com\/wp-content\/uploads\/2021\/05\/logo_uttan_bakgrund-800x333.jpg 800w, https:\/\/www.vonin.com\/wp-content\/uploads\/2021\/05\/logo_uttan_bakgrund-768x319.jpg 768w, https:\/\/www.vonin.com\/wp-content\/uploads\/2021\/05\/logo_uttan_bakgrund-200x83.jpg 200w, https:\/\/www.vonin.com\/wp-content\/uploads\/2021\/05\/logo_uttan_bakgrund-1536x639.jpg 1536w, https:\/\/www.vonin.com\/wp-content\/uploads\/2021\/05\/logo_uttan_bakgrund.jpg 1606w\" sizes=\"auto, (max-width: 1600px) 100vw, 1600px\" \/><figcaption>Uttan bakgrund<\/figcaption><\/figure>\n\n\n\n<div style=\"height:60px\" aria-hidden=\"true\" class=\"wp-block-spacer\"><\/div>\n\n\n\n<p><a download=\"\" href=\"\/wp-content\/uploads\/brand\/vonin_logo_png.png\" target=\"_blank\" rel=\"noreferrer noopener\">LOW-RES PNG<\/a> <\/p>\n\n\n\n<p><a download=\"\" href=\"\/wp-content\/uploads\/brand\/vonin_logo_pdf.pdf\" target=\"_blank\" rel=\"noreferrer noopener\">PDF<\/a><\/p>\n\n\n\n<p><a download=\"\" href=\"\/wp-content\/uploads\/brand\/vonin_logo_vector_eps.eps\" target=\"_blank\" rel=\"noreferrer noopener\">EPS<\/a><\/p>\n<\/div>\n\n\n\n<div class=\"wp-block-column is-layout-flow wp-block-column-is-layout-flow\">\n<figure class=\"wp-block-image size-large\"><img loading=\"lazy\" decoding=\"async\" width=\"1600\" height=\"665\" src=\"https:\/\/www.vonin.com\/wp-content\/uploads\/2021\/05\/hvit_logo_uttan_bakgrund-1600x665.jpg\" alt=\"\" class=\"wp-image-6483\" srcset=\"https:\/\/www.vonin.com\/wp-content\/uploads\/2021\/05\/hvit_logo_uttan_bakgrund-1600x665.jpg 1600w, https:\/\/www.vonin.com\/wp-content\/uploads\/2021\/05\/hvit_logo_uttan_bakgrund-800x332.jpg 800w, https:\/\/www.vonin.com\/wp-content\/uploads\/2021\/05\/hvit_logo_uttan_bakgrund-768x319.jpg 768w, https:\/\/www.vonin.com\/wp-content\/uploads\/2021\/05\/hvit_logo_uttan_bakgrund-200x83.jpg 200w, https:\/\/www.vonin.com\/wp-content\/uploads\/2021\/05\/hvit_logo_uttan_bakgrund-1536x638.jpg 1536w, https:\/\/www.vonin.com\/wp-content\/uploads\/2021\/05\/hvit_logo_uttan_bakgrund.jpg 1605w\" sizes=\"auto, (max-width: 1600px) 100vw, 1600px\" \/><figcaption>Hv\u00edtt uttan bakgrund<\/figcaption><\/figure>\n\n\n\n<div style=\"height:60px\" aria-hidden=\"true\" class=\"wp-block-spacer\"><\/div>\n\n\n\n<p><a download=\"\" href=\"\/wp-content\/uploads\/brand\/vonin_logo_neg_png.png\" target=\"_blank\" rel=\"noreferrer noopener\">LOW-RES PNG<\/a><\/p>\n\n\n\n<p><a download=\"\" href=\"\/wp-content\/uploads\/brand\/vonin_logo_neg_pdf.pdf\" target=\"_blank\" rel=\"noreferrer noopener\">PDF<\/a><\/p>\n\n\n\n<p><a download=\"\" href=\"\/wp-content\/uploads\/brand\/vonin_logo_neg_vector_eps.eps\" target=\"_blank\" rel=\"noreferrer noopener\">EPS<\/a><\/p>\n<\/div>\n<\/div>\n\n\n\n<div style=\"height:30px\" aria-hidden=\"true\" class=\"wp-block-spacer\"><\/div>\n\n\n\n<p><\/p>\n","protected":false},"excerpt":{"rendered":"<p>B\u00famerki\u00f0 Her kann b\u00famerki\u00f0 takast ni\u00f0ur HIGH-RES JPEG LOW-RES JPEG LOW-RES PNG PDF EPS LOW-RES PNG PDF EPS<\/p>\n","protected":false},"author":3,"featured_media":0,"parent":10101,"menu_order":0,"comment_status":"closed","ping_status":"closed","template":"","meta":{"_acf_changed":false,"content-type":"","footnotes":""},"class_list":["post-10019","page","type-page","status-publish","hentry"],"acf":[],"yoast_head":"<!-- This site is optimized with the Yoast SEO plugin v27.5 - https:\/\/yoast.com\/product\/yoast-seo-wordpress\/ -->\n<title>B\u00famerki\u00f0 - V\u00f3nin<\/title>\n<meta name=\"robots\" content=\"index, follow, max-snippet:-1, max-image-preview:large, max-video-preview:-1\" \/>\n<link rel=\"canonical\" href=\"https:\/\/www.vonin.com\/fo\/um-okkum\/bumerkid\/\" \/>\n<meta property=\"og:locale\" content=\"fo_FO\" \/>\n<meta property=\"og:type\" content=\"article\" \/>\n<meta property=\"og:title\" content=\"B\u00famerki\u00f0 - V\u00f3nin\" \/>\n<meta property=\"og:description\" content=\"B\u00famerki\u00f0 Her kann b\u00famerki\u00f0 takast ni\u00f0ur HIGH-RES JPEG LOW-RES JPEG LOW-RES PNG PDF EPS LOW-RES PNG PDF EPS\" \/>\n<meta property=\"og:url\" content=\"https:\/\/www.vonin.com\/fo\/um-okkum\/bumerkid\/\" \/>\n<meta property=\"og:site_name\" content=\"V\u00f3nin\" \/>\n<meta property=\"article:modified_time\" content=\"2022-05-09T14:08:25+00:00\" \/>\n<meta property=\"og:image\" content=\"https:\/\/www.vonin.com\/wp-content\/uploads\/2021\/05\/vonin_logo.jpg\" \/>\n<meta name=\"twitter:card\" content=\"summary_large_image\" \/>\n<meta name=\"twitter:label1\" content=\"Est. reading time\" \/>\n\t<meta name=\"twitter:data1\" content=\"1 minute\" \/>\n<script type=\"application\/ld+json\" class=\"yoast-schema-graph\">{\"@context\":\"https:\\\/\\\/schema.org\",\"@graph\":[{\"@type\":\"WebPage\",\"@id\":\"https:\\\/\\\/www.vonin.com\\\/fo\\\/um-okkum\\\/bumerkid\\\/\",\"url\":\"https:\\\/\\\/www.vonin.com\\\/fo\\\/um-okkum\\\/bumerkid\\\/\",\"name\":\"B\u00famerki\u00f0 - V\u00f3nin\",\"isPartOf\":{\"@id\":\"https:\\\/\\\/www.vonin.com\\\/#website\"},\"primaryImageOfPage\":{\"@id\":\"https:\\\/\\\/www.vonin.com\\\/fo\\\/um-okkum\\\/bumerkid\\\/#primaryimage\"},\"image\":{\"@id\":\"https:\\\/\\\/www.vonin.com\\\/fo\\\/um-okkum\\\/bumerkid\\\/#primaryimage\"},\"thumbnailUrl\":\"https:\\\/\\\/www.vonin.com\\\/wp-content\\\/uploads\\\/2021\\\/05\\\/vonin_logo.jpg\",\"datePublished\":\"2022-05-09T14:08:24+00:00\",\"dateModified\":\"2022-05-09T14:08:25+00:00\",\"breadcrumb\":{\"@id\":\"https:\\\/\\\/www.vonin.com\\\/fo\\\/um-okkum\\\/bumerkid\\\/#breadcrumb\"},\"inLanguage\":\"fo-FO\",\"potentialAction\":[{\"@type\":\"ReadAction\",\"target\":[\"https:\\\/\\\/www.vonin.com\\\/fo\\\/um-okkum\\\/bumerkid\\\/\"]}]},{\"@type\":\"ImageObject\",\"inLanguage\":\"fo-FO\",\"@id\":\"https:\\\/\\\/www.vonin.com\\\/fo\\\/um-okkum\\\/bumerkid\\\/#primaryimage\",\"url\":\"https:\\\/\\\/www.vonin.com\\\/wp-content\\\/uploads\\\/2021\\\/05\\\/vonin_logo.jpg\",\"contentUrl\":\"https:\\\/\\\/www.vonin.com\\\/wp-content\\\/uploads\\\/2021\\\/05\\\/vonin_logo.jpg\"},{\"@type\":\"BreadcrumbList\",\"@id\":\"https:\\\/\\\/www.vonin.com\\\/fo\\\/um-okkum\\\/bumerkid\\\/#breadcrumb\",\"itemListElement\":[{\"@type\":\"ListItem\",\"position\":1,\"name\":\"V\u00f3nin\",\"item\":\"https:\\\/\\\/www.vonin.com\\\/fo\\\/\"},{\"@type\":\"ListItem\",\"position\":2,\"name\":\"Um okkum\",\"item\":\"https:\\\/\\\/www.vonin.com\\\/fo\\\/?page_id=10101\"},{\"@type\":\"ListItem\",\"position\":3,\"name\":\"B\u00famerki\u00f0\"}]},{\"@type\":\"WebSite\",\"@id\":\"https:\\\/\\\/www.vonin.com\\\/#website\",\"url\":\"https:\\\/\\\/www.vonin.com\\\/\",\"name\":\"V\u00f3nin\",\"description\":\"V\u00f3nin is a major developer and manufacturer of high quality fishing gear and aquaculture equipment as well as supplying equipment to the offshore industry and land based industry.\",\"potentialAction\":[{\"@type\":\"SearchAction\",\"target\":{\"@type\":\"EntryPoint\",\"urlTemplate\":\"https:\\\/\\\/www.vonin.com\\\/?s={search_term_string}\"},\"query-input\":{\"@type\":\"PropertyValueSpecification\",\"valueRequired\":true,\"valueName\":\"search_term_string\"}}],\"inLanguage\":\"fo-FO\"}]}<\/script>\n<!-- \/ Yoast SEO plugin. -->","yoast_head_json":{"title":"B\u00famerki\u00f0 - V\u00f3nin","robots":{"index":"index","follow":"follow","max-snippet":"max-snippet:-1","max-image-preview":"max-image-preview:large","max-video-preview":"max-video-preview:-1"},"canonical":"https:\/\/www.vonin.com\/fo\/um-okkum\/bumerkid\/","og_locale":"fo_FO","og_type":"article","og_title":"B\u00famerki\u00f0 - V\u00f3nin","og_description":"B\u00famerki\u00f0 Her kann b\u00famerki\u00f0 takast ni\u00f0ur HIGH-RES JPEG LOW-RES JPEG LOW-RES PNG PDF EPS LOW-RES PNG PDF EPS","og_url":"https:\/\/www.vonin.com\/fo\/um-okkum\/bumerkid\/","og_site_name":"V\u00f3nin","article_modified_time":"2022-05-09T14:08:25+00:00","og_image":[{"url":"https:\/\/www.vonin.com\/wp-content\/uploads\/2021\/05\/vonin_logo.jpg","type":"","width":"","height":""}],"twitter_card":"summary_large_image","twitter_misc":{"Est. reading time":"1 minute"},"schema":{"@context":"https:\/\/schema.org","@graph":[{"@type":"WebPage","@id":"https:\/\/www.vonin.com\/fo\/um-okkum\/bumerkid\/","url":"https:\/\/www.vonin.com\/fo\/um-okkum\/bumerkid\/","name":"B\u00famerki\u00f0 - V\u00f3nin","isPartOf":{"@id":"https:\/\/www.vonin.com\/#website"},"primaryImageOfPage":{"@id":"https:\/\/www.vonin.com\/fo\/um-okkum\/bumerkid\/#primaryimage"},"image":{"@id":"https:\/\/www.vonin.com\/fo\/um-okkum\/bumerkid\/#primaryimage"},"thumbnailUrl":"https:\/\/www.vonin.com\/wp-content\/uploads\/2021\/05\/vonin_logo.jpg","datePublished":"2022-05-09T14:08:24+00:00","dateModified":"2022-05-09T14:08:25+00:00","breadcrumb":{"@id":"https:\/\/www.vonin.com\/fo\/um-okkum\/bumerkid\/#breadcrumb"},"inLanguage":"fo-FO","potentialAction":[{"@type":"ReadAction","target":["https:\/\/www.vonin.com\/fo\/um-okkum\/bumerkid\/"]}]},{"@type":"ImageObject","inLanguage":"fo-FO","@id":"https:\/\/www.vonin.com\/fo\/um-okkum\/bumerkid\/#primaryimage","url":"https:\/\/www.vonin.com\/wp-content\/uploads\/2021\/05\/vonin_logo.jpg","contentUrl":"https:\/\/www.vonin.com\/wp-content\/uploads\/2021\/05\/vonin_logo.jpg"},{"@type":"BreadcrumbList","@id":"https:\/\/www.vonin.com\/fo\/um-okkum\/bumerkid\/#breadcrumb","itemListElement":[{"@type":"ListItem","position":1,"name":"V\u00f3nin","item":"https:\/\/www.vonin.com\/fo\/"},{"@type":"ListItem","position":2,"name":"Um okkum","item":"https:\/\/www.vonin.com\/fo\/?page_id=10101"},{"@type":"ListItem","position":3,"name":"B\u00famerki\u00f0"}]},{"@type":"WebSite","@id":"https:\/\/www.vonin.com\/#website","url":"https:\/\/www.vonin.com\/","name":"V\u00f3nin","description":"V\u00f3nin is a major developer and manufacturer of high quality fishing gear and aquaculture equipment as well as supplying equipment to the offshore industry and land based industry.","potentialAction":[{"@type":"SearchAction","target":{"@type":"EntryPoint","urlTemplate":"https:\/\/www.vonin.com\/?s={search_term_string}"},"query-input":{"@type":"PropertyValueSpecification","valueRequired":true,"valueName":"search_term_string"}}],"inLanguage":"fo-FO"}]}},"_links":{"self":[{"href":"https:\/\/www.vonin.com\/fo\/wp-json\/wp\/v2\/pages\/10019","targetHints":{"allow":["GET"]}}],"collection":[{"href":"https:\/\/www.vonin.com\/fo\/wp-json\/wp\/v2\/pages"}],"about":[{"href":"https:\/\/www.vonin.com\/fo\/wp-json\/wp\/v2\/types\/page"}],"author":[{"embeddable":true,"href":"https:\/\/www.vonin.com\/fo\/wp-json\/wp\/v2\/users\/3"}],"replies":[{"embeddable":true,"href":"https:\/\/www.vonin.com\/fo\/wp-json\/wp\/v2\/comments?post=10019"}],"version-history":[{"count":2,"href":"https:\/\/www.vonin.com\/fo\/wp-json\/wp\/v2\/pages\/10019\/revisions"}],"predecessor-version":[{"id":10103,"href":"https:\/\/www.vonin.com\/fo\/wp-json\/wp\/v2\/pages\/10019\/revisions\/10103"}],"up":[{"embeddable":true,"href":"https:\/\/www.vonin.com\/fo\/wp-json\/wp\/v2\/pages\/10101"}],"wp:attachment":[{"href":"https:\/\/www.vonin.com\/fo\/wp-json\/wp\/v2\/media?parent=10019"}],"curies":[{"name":"wp","href":"https:\/\/api.w.org\/{rel}","templated":true}]}}